{"id":53267,"date":"2019-11-28T10:55:39","date_gmt":"2019-11-28T08:55:39","guid":{"rendered":"https:\/\/rodoaed.ee\/toode\/erikoisprojekti-konservatorio-rondon-8m-50m2-taydellinen-sarja-lasituksineen\/"},"modified":"2026-04-13T11:03:05","modified_gmt":"2026-04-13T08:03:05","slug":"erikoisprojekti-konservatorio-rondon-8m-50m2-taydellinen-sarja-lasituksineen","status":"publish","type":"product","link":"https:\/\/rodoaed.ee\/fi\/tuote\/erikoisprojekti-konservatorio-rondon-8m-50m2-taydellinen-sarja-lasituksineen\/","title":{"rendered":"Erikoisprojekti Konservatorio Rondon 8m (50m2)- T\u00e4ydellinen sarja lasituksineen."},"content":{"rendered":"<h2>Eritt\u00e4in hieno ja tilava konservatorio.<\/h2>\n<p>Talvihuone valmistetaan erikoisprojektina belgialaisessa tehtaassa vahvoista alumiiniprofiileista. Koska kyseess\u00e4 on isoaukkoinen malli, kaikki profiilit ja liitokset ovat vastaavasti vahvempia ja vahvistettuja. <\/p>\n<p>Liitteen\u00e4 on kuvia, kun talvihuoneen katto koottiin tehtaalla tarkastusta ja testausta varten ennen pakkaamista. Kuvissa n\u00e4kyv\u00e4t rakenneprofiilit ja yksityiskohdat. On tietenkin huomattava, ett\u00e4 n\u00e4iss\u00e4 kuvissa n\u00e4kyy vain katto-osa ilman seini\u00e4, ja luonnossa se n\u00e4ytt\u00e4\u00e4 mittasuhteiltaan hieman erilaiselta.  <\/p>\n<p>Koska kyseess\u00e4 on mittatilausty\u00f6n\u00e4 valmistettu malli, emme ole viel\u00e4 voineet n\u00e4ytt\u00e4\u00e4 kuvia siit\u00e4 koottuna luonnossa, mutta pystymme tarjoamaan niit\u00e4 l\u00e4hitulevaisuudessa. Ajan my\u00f6t\u00e4 lis\u00e4\u00e4mme t\u00e4h\u00e4n luokkaan my\u00f6s muita mittatilausty\u00f6n\u00e4 valmistettuja talvihuoneita ja j\u00e4nnitt\u00e4vi\u00e4 erikoisratkaisuja. Joskus et edes tied\u00e4 haluavasi sellaista, ellet ole n\u00e4hnyt vastaavaa aiemmin.  <\/p>\n<p>Koska t\u00e4llaista erikoistilausmallia on tehty kerran, voimme nyt tarjota sit\u00e4 kaikille halukkaille.<\/p>\n<p><strong>Jos paketti on tilattu, se on valmis 2-3 kuukauden kuluessa.<\/strong><\/p>\n<h2>Talvipuutarhan mitat<\/h2>\n<p>Rondon 8 m:n konservatorio on kaunis 12-valoinen malli. Halkaisija on 800 cm. Talvihuoneen pinta-ala on 50 m2.  <\/p>\n<p>Talvihuone on korkea ja tilava. Sivusein\u00e4n korkeus perusrungosta r\u00e4yst\u00e4\u00e4seen on 215 cm. Katon harjan korkeus on 387 cm.  <\/p>\n<p>Koko talvihuoneen r\u00e4yst\u00e4s on varustettu kunnon leve\u00e4ll\u00e4 sadekourulla ja 6 sadekourulla (halkaisijaltaan 50 mm:n alumiiniputki).<\/p>\n<h2>Ovet ja ikkunat<\/h2>\n<p>Rondon 8 m:n talvihuoneessa on lukittava liukuovi (70 x 195 cm) ja 6 suurta tuuletusikkunaa seiniss\u00e4 (70 x 82 cm). Suuret sein\u00e4ikkunat takaavat hyv\u00e4n ilmankierron. <\/p>\n<h2>Polykarbonaatti ja lasi<\/h2>\n<p>Talvihuoneen voi hankkia valmiina alumiinirakenteena. Sis\u00e4lt\u00e4\u00e4 kaikki kokoonpanoon tarvittavat osat ja jopa silikonikumitiivisteet runkoon. T\u00e4ll\u00f6in saat mittataulukon ja voit tilata kattotiilet ja sein\u00e4lasitukset itse.  <\/p>\n<p>Jos haluat kuitenkin k\u00e4tev\u00e4mm\u00e4n vaihtoehdon, voit ostaa jo valmiin sarjan, jossa on joukko tarkkaan leikattuja 8 mm:n kirkkaita polykarbonaattilaattoja kattoa varten ja 4 mm:n karkaistua lasia seini\u00e4 varten. Molemmat vaihtoehdot ovat mahdollisia. <\/p>\n<h2>Alusraam<\/h2>\n<p>Vahva alumiinirunko antaa talvihuoneelle suuremman vakauden ja helpottaa kokoamista huomattavasti. Pohjakehys on valmistettu tukevasta karppiprofiilista. Runko voidaan kiinnitt\u00e4\u00e4 suoraan betoni- tai kiviparkettiin tai asentaa pylv\u00e4sperustuksena. Peruskehys toimitetaan t\u00e4ydellisen\u00e4.   <\/p>\n<h2>RAL maalattu runko<\/h2>\n<p>Kasvihuoneen runko on tavallisesti matta-alumiinia, mutta se voidaan my\u00f6s tilata pulverimaalattuna RAL-v\u00e4reiss\u00e4 (9010, 6005, 6009, 7016, 1013, 3004, 3011, 9005, 6013 ja 1019).<\/p>\n<p>Pyyd\u00e4 tarjous maalauksesta!<\/p>\n<h3><span style=\"color: #008000;\">Hanki oma eksklusiivinen konservatorio. Jotain, mit\u00e4 naapurillasi ei ole. <\/span><\/h3>\n<p><strong>HUOM Tarvittaessa voimme antaa tarkat ohjeet perustuksen tai kiviparkettialustan rakentamisesta, jotta koko setti on my\u00f6hemmin helppo asentaa sen p\u00e4\u00e4lle.<\/strong><\/p>\n<p><a href=\"https:\/\/rodoaed.ee\/fi\/\">kotisivu<\/a> <a href=\"https:\/\/rodoaed.ee\/tootekategooria\/kasvuhooned-ja-talveaiad\/\">k\u00e4ynnist\u00e4<\/a> <a href=\"https:\/\/rodoaed.ee\/fi\/tootekategooria\/euro-serren-kasvihuoneet\/\">Euro-Serre<\/a><\/p>\n<p>&nbsp;<\/p>\n","protected":false},"excerpt":{"rendered":"<p>Eritt\u00e4in hieno ja tilava konservatorio. Talvihuone valmistetaan erikoisprojektina belgialaisessa tehtaassa vahvoista alumiiniprofiileista. Koska kyseess\u00e4 on isoaukkoinen malli, kaikki profiilit ja liitokset ovat vastaavasti vahvempia ja vahvistettuja. Liitteen\u00e4 on kuvia, kun talvihuoneen katto koottiin tehtaalla tarkastusta ja testausta varten ennen pakkaamista. Kuvissa n\u00e4kyv\u00e4t rakenneprofiilit ja yksityiskohdat. On tietenkin huomattava, ett\u00e4 n\u00e4iss\u00e4 kuvissa n\u00e4kyy vain katto-osa ilman seini\u00e4, ja luonnossa se n\u00e4ytt\u00e4\u00e4 mittasuhteiltaan hieman erilaiselta. Koska kyseess\u00e4&#8230;<\/p>\n","protected":false},"featured_media":29316,"template":"","meta":{"_acf_changed":false},"product_brand":[],"product_cat":[1907,2213],"product_tag":[],"class_list":{"0":"post-53267","1":"product","2":"type-product","3":"status-publish","4":"has-post-thumbnail","6":"product_cat-euro-serren-kasvihuoneet","7":"product_cat-kasvihuone-rondon","8":"pa_variatsioon-paviljonki-rondon-400cm-125m2","9":"pa_variatsioon-paviljonki-rondon-400cm-125m2-maalattu-runko-alumiinirunko","10":"pa_variatsioon-paviljonki-rondon-400cm-125m2-maalattu-runko-ral-varilla-maalattu-runko","12":"first","13":"instock","14":"taxable","15":"shipping-taxable","16":"purchasable","17":"product-type-simple"},"acf":[],"yoast_head":"<!-- This site is optimized with the Yoast SEO Premium plugin v27.3 (Yoast SEO v27.3) - https:\/\/yoast.com\/product\/yoast-seo-premium-wordpress\/ -->\n<title>Erikoisprojekti Konservatorio Rondon 8m (50m2)- T\u00e4ydellinen sarja lasituksineen. - Rodoaed<\/title>\n<meta name=\"robots\" content=\"index, follow, max-snippet:-1, max-image-preview:large, max-video-preview:-1\" \/>\n<link rel=\"canonical\" href=\"https:\/\/rodoaed.ee\/fi\/toode\/erikoisprojekti-konservatorio-rondon-8m-50m2-taydellinen-sarja-lasituksineen\/\" \/>\n<meta property=\"og:locale\" content=\"fi_FI\" \/>\n<meta property=\"og:type\" content=\"article\" \/>\n<meta property=\"og:title\" content=\"Erikoisprojekti Konservatorio Rondon 8m (50m2)- T\u00e4ydellinen sarja lasituksineen.\" \/>\n<meta property=\"og:description\" content=\"Eritt\u00e4in hieno ja tilava konservatorio. Talvihuone valmistetaan erikoisprojektina belgialaisessa tehtaassa vahvoista alumiiniprofiileista. Koska kyseess\u00e4\" \/>\n<meta property=\"og:url\" content=\"https:\/\/rodoaed.ee\/fi\/toode\/erikoisprojekti-konservatorio-rondon-8m-50m2-taydellinen-sarja-lasituksineen\/\" \/>\n<meta property=\"og:site_name\" content=\"Rodoaed\" \/>\n<meta property=\"article:publisher\" content=\"https:\/\/www.facebook.com\/kasvuhooned\/\" \/>\n<meta property=\"article:modified_time\" content=\"2026-04-13T08:03:05+00:00\" \/>\n<meta property=\"og:image\" content=\"https:\/\/rodoaed.ee\/wp-content\/uploads\/2019\/11\/Talveaed-Rondon-8m_01.jpg\" \/>\n\t<meta property=\"og:image:width\" content=\"1844\" \/>\n\t<meta property=\"og:image:height\" content=\"928\" \/>\n\t<meta property=\"og:image:type\" content=\"image\/jpeg\" \/>\n<meta name=\"twitter:card\" content=\"summary_large_image\" \/>\n<meta name=\"twitter:label1\" content=\"Arvioitu lukuaika\" \/>\n\t<meta name=\"twitter:data1\" content=\"2 minuuttia\" \/>\n<script type=\"application\/ld+json\" class=\"yoast-schema-graph\">{\"@context\":\"https:\\\/\\\/schema.org\",\"@graph\":[{\"@type\":\"WebPage\",\"@id\":\"https:\\\/\\\/rodoaed.ee\\\/fi\\\/toode\\\/erikoisprojekti-konservatorio-rondon-8m-50m2-taydellinen-sarja-lasituksineen\\\/\",\"url\":\"https:\\\/\\\/rodoaed.ee\\\/fi\\\/toode\\\/erikoisprojekti-konservatorio-rondon-8m-50m2-taydellinen-sarja-lasituksineen\\\/\",\"name\":\"Erikoisprojekti Konservatorio Rondon 8m (50m2)- T\u00e4ydellinen sarja lasituksineen. - Rodoaed\",\"isPartOf\":{\"@id\":\"https:\\\/\\\/rodoaed.ee\\\/#website\"},\"primaryImageOfPage\":{\"@id\":\"https:\\\/\\\/rodoaed.ee\\\/fi\\\/toode\\\/erikoisprojekti-konservatorio-rondon-8m-50m2-taydellinen-sarja-lasituksineen\\\/#primaryimage\"},\"image\":{\"@id\":\"https:\\\/\\\/rodoaed.ee\\\/fi\\\/toode\\\/erikoisprojekti-konservatorio-rondon-8m-50m2-taydellinen-sarja-lasituksineen\\\/#primaryimage\"},\"thumbnailUrl\":\"https:\\\/\\\/rodoaed.ee\\\/wp-content\\\/uploads\\\/2019\\\/11\\\/Talveaed-Rondon-8m_01.jpg\",\"datePublished\":\"2019-11-28T08:55:39+00:00\",\"dateModified\":\"2026-04-13T08:03:05+00:00\",\"breadcrumb\":{\"@id\":\"https:\\\/\\\/rodoaed.ee\\\/fi\\\/toode\\\/erikoisprojekti-konservatorio-rondon-8m-50m2-taydellinen-sarja-lasituksineen\\\/#breadcrumb\"},\"inLanguage\":\"fi\",\"potentialAction\":[{\"@type\":\"ReadAction\",\"target\":[\"https:\\\/\\\/rodoaed.ee\\\/fi\\\/toode\\\/erikoisprojekti-konservatorio-rondon-8m-50m2-taydellinen-sarja-lasituksineen\\\/\"]}]},{\"@type\":\"ImageObject\",\"inLanguage\":\"fi\",\"@id\":\"https:\\\/\\\/rodoaed.ee\\\/fi\\\/toode\\\/erikoisprojekti-konservatorio-rondon-8m-50m2-taydellinen-sarja-lasituksineen\\\/#primaryimage\",\"url\":\"https:\\\/\\\/rodoaed.ee\\\/wp-content\\\/uploads\\\/2019\\\/11\\\/Talveaed-Rondon-8m_01.jpg\",\"contentUrl\":\"https:\\\/\\\/rodoaed.ee\\\/wp-content\\\/uploads\\\/2019\\\/11\\\/Talveaed-Rondon-8m_01.jpg\",\"width\":1844,\"height\":928},{\"@type\":\"BreadcrumbList\",\"@id\":\"https:\\\/\\\/rodoaed.ee\\\/fi\\\/toode\\\/erikoisprojekti-konservatorio-rondon-8m-50m2-taydellinen-sarja-lasituksineen\\\/#breadcrumb\",\"itemListElement\":[{\"@type\":\"ListItem\",\"position\":1,\"name\":\"Home\",\"item\":\"https:\\\/\\\/rodoaed.ee\\\/fi\\\/\"},{\"@type\":\"ListItem\",\"position\":2,\"name\":\"Osta osoitteessa\",\"item\":\"https:\\\/\\\/rodoaed.ee\\\/osta-osoitteessa\\\/\"},{\"@type\":\"ListItem\",\"position\":3,\"name\":\"Erikoisprojekti Konservatorio Rondon 8m (50m2)- T\u00e4ydellinen sarja lasituksineen.\"}]},{\"@type\":\"WebSite\",\"@id\":\"https:\\\/\\\/rodoaed.ee\\\/#website\",\"url\":\"https:\\\/\\\/rodoaed.ee\\\/\",\"name\":\"Rodoaed\",\"description\":\"\",\"publisher\":{\"@id\":\"https:\\\/\\\/rodoaed.ee\\\/#organization\"},\"potentialAction\":[{\"@type\":\"SearchAction\",\"target\":{\"@type\":\"EntryPoint\",\"urlTemplate\":\"https:\\\/\\\/rodoaed.ee\\\/?s={search_term_string}\"},\"query-input\":{\"@type\":\"PropertyValueSpecification\",\"valueRequired\":true,\"valueName\":\"search_term_string\"}}],\"inLanguage\":\"fi\"},{\"@type\":\"Organization\",\"@id\":\"https:\\\/\\\/rodoaed.ee\\\/#organization\",\"name\":\"Rodoaed\",\"url\":\"https:\\\/\\\/rodoaed.ee\\\/\",\"logo\":{\"@type\":\"ImageObject\",\"inLanguage\":\"fi\",\"@id\":\"https:\\\/\\\/rodoaed.ee\\\/#\\\/schema\\\/logo\\\/image\\\/\",\"url\":\"https:\\\/\\\/rodoaed.ee\\\/wp-content\\\/uploads\\\/2019\\\/11\\\/rodoaed-logo-ilma-taustata.jpg\",\"contentUrl\":\"https:\\\/\\\/rodoaed.ee\\\/wp-content\\\/uploads\\\/2019\\\/11\\\/rodoaed-logo-ilma-taustata.jpg\",\"width\":769,\"height\":268,\"caption\":\"Rodoaed\"},\"image\":{\"@id\":\"https:\\\/\\\/rodoaed.ee\\\/#\\\/schema\\\/logo\\\/image\\\/\"},\"sameAs\":[\"https:\\\/\\\/www.facebook.com\\\/kasvuhooned\\\/\",\"https:\\\/\\\/rodoaed.ee\"]}]}<\/script>\n<!-- \/ Yoast SEO Premium plugin. -->","yoast_head_json":{"title":"Erikoisprojekti Konservatorio Rondon 8m (50m2)- T\u00e4ydellinen sarja lasituksineen. - Rodoaed","robots":{"index":"index","follow":"follow","max-snippet":"max-snippet:-1","max-image-preview":"max-image-preview:large","max-video-preview":"max-video-preview:-1"},"canonical":"https:\/\/rodoaed.ee\/fi\/toode\/erikoisprojekti-konservatorio-rondon-8m-50m2-taydellinen-sarja-lasituksineen\/","og_locale":"fi_FI","og_type":"article","og_title":"Erikoisprojekti Konservatorio Rondon 8m (50m2)- T\u00e4ydellinen sarja lasituksineen.","og_description":"Eritt\u00e4in hieno ja tilava konservatorio. Talvihuone valmistetaan erikoisprojektina belgialaisessa tehtaassa vahvoista alumiiniprofiileista. Koska kyseess\u00e4","og_url":"https:\/\/rodoaed.ee\/fi\/toode\/erikoisprojekti-konservatorio-rondon-8m-50m2-taydellinen-sarja-lasituksineen\/","og_site_name":"Rodoaed","article_publisher":"https:\/\/www.facebook.com\/kasvuhooned\/","article_modified_time":"2026-04-13T08:03:05+00:00","og_image":[{"width":1844,"height":928,"url":"https:\/\/rodoaed.ee\/wp-content\/uploads\/2019\/11\/Talveaed-Rondon-8m_01.jpg","type":"image\/jpeg"}],"twitter_card":"summary_large_image","twitter_misc":{"Arvioitu lukuaika":"2 minuuttia"},"schema":{"@context":"https:\/\/schema.org","@graph":[{"@type":"WebPage","@id":"https:\/\/rodoaed.ee\/fi\/toode\/erikoisprojekti-konservatorio-rondon-8m-50m2-taydellinen-sarja-lasituksineen\/","url":"https:\/\/rodoaed.ee\/fi\/toode\/erikoisprojekti-konservatorio-rondon-8m-50m2-taydellinen-sarja-lasituksineen\/","name":"Erikoisprojekti Konservatorio Rondon 8m (50m2)- T\u00e4ydellinen sarja lasituksineen. - Rodoaed","isPartOf":{"@id":"https:\/\/rodoaed.ee\/#website"},"primaryImageOfPage":{"@id":"https:\/\/rodoaed.ee\/fi\/toode\/erikoisprojekti-konservatorio-rondon-8m-50m2-taydellinen-sarja-lasituksineen\/#primaryimage"},"image":{"@id":"https:\/\/rodoaed.ee\/fi\/toode\/erikoisprojekti-konservatorio-rondon-8m-50m2-taydellinen-sarja-lasituksineen\/#primaryimage"},"thumbnailUrl":"https:\/\/rodoaed.ee\/wp-content\/uploads\/2019\/11\/Talveaed-Rondon-8m_01.jpg","datePublished":"2019-11-28T08:55:39+00:00","dateModified":"2026-04-13T08:03:05+00:00","breadcrumb":{"@id":"https:\/\/rodoaed.ee\/fi\/toode\/erikoisprojekti-konservatorio-rondon-8m-50m2-taydellinen-sarja-lasituksineen\/#breadcrumb"},"inLanguage":"fi","potentialAction":[{"@type":"ReadAction","target":["https:\/\/rodoaed.ee\/fi\/toode\/erikoisprojekti-konservatorio-rondon-8m-50m2-taydellinen-sarja-lasituksineen\/"]}]},{"@type":"ImageObject","inLanguage":"fi","@id":"https:\/\/rodoaed.ee\/fi\/toode\/erikoisprojekti-konservatorio-rondon-8m-50m2-taydellinen-sarja-lasituksineen\/#primaryimage","url":"https:\/\/rodoaed.ee\/wp-content\/uploads\/2019\/11\/Talveaed-Rondon-8m_01.jpg","contentUrl":"https:\/\/rodoaed.ee\/wp-content\/uploads\/2019\/11\/Talveaed-Rondon-8m_01.jpg","width":1844,"height":928},{"@type":"BreadcrumbList","@id":"https:\/\/rodoaed.ee\/fi\/toode\/erikoisprojekti-konservatorio-rondon-8m-50m2-taydellinen-sarja-lasituksineen\/#breadcrumb","itemListElement":[{"@type":"ListItem","position":1,"name":"Home","item":"https:\/\/rodoaed.ee\/fi\/"},{"@type":"ListItem","position":2,"name":"Osta osoitteessa","item":"https:\/\/rodoaed.ee\/osta-osoitteessa\/"},{"@type":"ListItem","position":3,"name":"Erikoisprojekti Konservatorio Rondon 8m (50m2)- T\u00e4ydellinen sarja lasituksineen."}]},{"@type":"WebSite","@id":"https:\/\/rodoaed.ee\/#website","url":"https:\/\/rodoaed.ee\/","name":"Rodoaed","description":"","publisher":{"@id":"https:\/\/rodoaed.ee\/#organization"},"potentialAction":[{"@type":"SearchAction","target":{"@type":"EntryPoint","urlTemplate":"https:\/\/rodoaed.ee\/?s={search_term_string}"},"query-input":{"@type":"PropertyValueSpecification","valueRequired":true,"valueName":"search_term_string"}}],"inLanguage":"fi"},{"@type":"Organization","@id":"https:\/\/rodoaed.ee\/#organization","name":"Rodoaed","url":"https:\/\/rodoaed.ee\/","logo":{"@type":"ImageObject","inLanguage":"fi","@id":"https:\/\/rodoaed.ee\/#\/schema\/logo\/image\/","url":"https:\/\/rodoaed.ee\/wp-content\/uploads\/2019\/11\/rodoaed-logo-ilma-taustata.jpg","contentUrl":"https:\/\/rodoaed.ee\/wp-content\/uploads\/2019\/11\/rodoaed-logo-ilma-taustata.jpg","width":769,"height":268,"caption":"Rodoaed"},"image":{"@id":"https:\/\/rodoaed.ee\/#\/schema\/logo\/image\/"},"sameAs":["https:\/\/www.facebook.com\/kasvuhooned\/","https:\/\/rodoaed.ee"]}]}},"_links":{"self":[{"href":"https:\/\/rodoaed.ee\/fi\/wp-json\/wp\/v2\/product\/53267","targetHints":{"allow":["GET"]}}],"collection":[{"href":"https:\/\/rodoaed.ee\/fi\/wp-json\/wp\/v2\/product"}],"about":[{"href":"https:\/\/rodoaed.ee\/fi\/wp-json\/wp\/v2\/types\/product"}],"wp:featuredmedia":[{"embeddable":true,"href":"https:\/\/rodoaed.ee\/fi\/wp-json\/wp\/v2\/media\/29316"}],"wp:attachment":[{"href":"https:\/\/rodoaed.ee\/fi\/wp-json\/wp\/v2\/media?parent=53267"}],"wp:term":[{"taxonomy":"product_brand","embeddable":true,"href":"https:\/\/rodoaed.ee\/fi\/wp-json\/wp\/v2\/product_brand?post=53267"},{"taxonomy":"product_cat","embeddable":true,"href":"https:\/\/rodoaed.ee\/fi\/wp-json\/wp\/v2\/product_cat?post=53267"},{"taxonomy":"product_tag","embeddable":true,"href":"https:\/\/rodoaed.ee\/fi\/wp-json\/wp\/v2\/product_tag?post=53267"}],"curies":[{"name":"wp","href":"https:\/\/api.w.org\/{rel}","templated":true}]}}