{"id":53268,"date":"2020-02-04T18:03:55","date_gmt":"2020-02-04T16:03:55","guid":{"rendered":"https:\/\/rodoaed.ee\/toode\/perunankuorintaveitsi-pyokkikahva\/"},"modified":"2026-04-13T11:03:06","modified_gmt":"2026-04-13T08:03:06","slug":"perunankuorintaveitsi-pyokkikahva","status":"publish","type":"product","link":"https:\/\/rodoaed.ee\/fi\/tuote\/perunankuorintaveitsi-pyokkikahva\/","title":{"rendered":"Perunankuorintaveitsi &#8211; py\u00f6kkikahva"},"content":{"rendered":"<h2>Eritt\u00e4in k\u00e4tev\u00e4 ja ter\u00e4v\u00e4 perunankuorintaveitsi. Py\u00f6kkipuinen kahva <\/h2>\n<h3>Loistava veitsi perunoiden, parsan, porkkanoiden ja muiden vihannesten kuorimiseen.<\/h3>\n<p>Noahin ter\u00e4 on kaksiter\u00e4inen, joten se sopii sek\u00e4 vasen- ett\u00e4 oikeak\u00e4tisille k\u00e4ytt\u00e4jille. T\u00e4ss\u00e4 k\u00e4tev\u00e4ss\u00e4 kuorimakoneessa on kiinte\u00e4 ter\u00e4, ja se on ollut tuotannossa viimeiset 30 vuotta. Ter\u00e4 on valmistettu ruostumattomasta ter\u00e4ksest\u00e4, ja siin\u00e4 on kupera pinta, joten kuorintaj\u00e4tteet on helppo irrottaa veitsest\u00e4 eiv\u00e4tk\u00e4 ne tartu ter\u00e4\u00e4n. Ter\u00e4ss\u00e4 on eritt\u00e4in hieno mikroteroitus, joka takaa pitk\u00e4aikaisen ter\u00e4vyyden, sill\u00e4 ter\u00e4\u00e4 ei voi teroittaa. Veitsess\u00e4 on huolellisesti viimeistelty py\u00f6kkipuinen kahva, jossa on py\u00f6ristetyt p\u00e4\u00e4t. Veitsi istuu hyvin k\u00e4teen eik\u00e4 luista m\u00e4rk\u00e4n\u00e4.     <\/p>\n<h2>Parhaat sovellukset:<\/h2>\n<div>\n<ul>\n<li>K\u00e4ytt\u00f6 ilman leikkuulautaa<\/li>\n<li>Hedelm\u00e4t ja vihannekset<\/li>\n<\/ul>\n<\/div>\n<h2>T\u00e4rkeimm\u00e4t ominaisuudet:<\/h2>\n<ul>\n<li>Ter\u00e4s: ruostumaton ter\u00e4s &#8211; kromi-vanadiini- ja molybdeeniseoskuituja.<\/li>\n<li>Kovuus 60 HRC (normaalit veitset ovat noin HRC 55-57).<\/li>\n<li>Hiontaluokka: hienolasitettu (Robert Herder valmistaa kahta laatua &#8211; hienolasitettu yksinkertaisempiin veitsiin ja sinilasitettu kalliimpiin veitsiin).<\/li>\n<li>Symmetrinen &#8211; sopii sek\u00e4 vasen- ett\u00e4 oikeak\u00e4tisille.<\/li>\n<li>Kahva: py\u00f6kki<\/li>\n<\/ul>\n<h2>Tekniset tiedot:<\/h2>\n<ul>\n<li>Ter\u00e4n pituus 59 mm<\/li>\n<li>Ter\u00e4n korkeus 14 mm<\/li>\n<li>Paksuus 0,8 mm<\/li>\n<li>Teroituskulma &#8211; ei teroitusta.<\/li>\n<li>Noahin kokonaispituus kahvan kanssa 160 mm<\/li>\n<li>Paino: 20 grammaa<\/li>\n<\/ul>\n<div data-fullscreen=\"disabled\" data-mode=\"normal\" data-oembed=\"1\" data-provider=\"youtube\" data-reset-after-played id=\"arve-youtube-uexjq3ydohe\" class=\"arve\">\n<div class=\"arve-inner\">\n<div style=\"aspect-ratio:4\/3\" class=\"arve-embed arve-embed--has-aspect-ratio\">\n<div class=\"arve-ar\" style=\"padding-top:75.000000%\"><\/div>\n<p>\t\t\t<iframe allow=\"accelerometer &apos;none&apos;;autoplay &apos;none&apos;;bluetooth &apos;none&apos;;browsing-topics &apos;none&apos;;camera &apos;none&apos;;clipboard-read &apos;none&apos;;clipboard-write;display-capture &apos;none&apos;;encrypted-media &apos;none&apos;;gamepad &apos;none&apos;;geolocation &apos;none&apos;;gyroscope &apos;none&apos;;hid &apos;none&apos;;identity-credentials-get &apos;none&apos;;idle-detection &apos;none&apos;;keyboard-map &apos;none&apos;;local-fonts;magnetometer &apos;none&apos;;microphone &apos;none&apos;;midi &apos;none&apos;;otp-credentials &apos;none&apos;;payment &apos;none&apos;;picture-in-picture;publickey-credentials-create &apos;none&apos;;publickey-credentials-get &apos;none&apos;;screen-wake-lock &apos;none&apos;;serial &apos;none&apos;;summarizer &apos;none&apos;;sync-xhr;usb &apos;none&apos;;web-share;window-management &apos;none&apos;;xr-spatial-tracking &apos;none&apos;;\" allowfullscreen=\"\" class=\"arve-iframe fitvidsignore\" credentialless data-arve=\"arve-youtube-uexjq3ydohe\" data-lenis-prevent=\"\" data-src-no-ap=\"https:\/\/www.youtube-nocookie.com\/embed\/uEXjQ3yDoHE?feature=oembed&amp;iv_load_policy=3&amp;modestbranding=1&amp;rel=0&amp;autohide=1&amp;playsinline=0&amp;autoplay=0&amp;enablejsapi=1\" frameborder=\"0\" height=\"0\" loading=\"lazy\" name=\"\" referrerpolicy=\"strict-origin-when-cross-origin\" sandbox=\"allow-scripts allow-same-origin allow-presentation allow-popups allow-popups-to-escape-sandbox\" scrolling=\"no\" src=\"https:\/\/www.youtube-nocookie.com\/embed\/uEXjQ3yDoHE?feature=oembed&#038;iv_load_policy=3&#038;modestbranding=1&#038;rel=0&#038;autohide=1&#038;playsinline=0&#038;autoplay=0&#038;enablejsapi=1\" title=\"Windm\u00fchle Produktion Messer\" width=\"0\"><\/iframe><\/p><\/div>\n<\/p><\/div>\n<p>\t<script type=\"application\/ld+json\">{\"@context\":\"http:\\\/\\\/schema.org\\\/\",\"@id\":\"https:\\\/\\\/rodoaed.ee\\\/fi\\\/tuote\\\/perunankuorintaveitsi-pyokkikahva\\\/#arve-youtube-uexjq3ydohe\",\"type\":\"VideoObject\",\"embedURL\":\"https:\\\/\\\/www.youtube-nocookie.com\\\/embed\\\/uEXjQ3yDoHE?feature=oembed&iv_load_policy=3&modestbranding=1&rel=0&autohide=1&playsinline=0&autoplay=0&enablejsapi=1\",\"name\":\"Windm\\u00fchle Produktion Messer\",\"thumbnailUrl\":\"https:\\\/\\\/i.ytimg.com\\\/vi\\\/uEXjQ3yDoHE\\\/hqdefault.jpg\",\"uploadDate\":\"2026-04-20T17:40:39+03:00\",\"author\":\"Welt der Messer\",\"description\":\"Eritt\\u00e4in k\\u00e4tev\\u00e4 ja ter\\u00e4v\\u00e4 perunankuorintaveitsi. Py\\u00f6kkipuinen kahva Loistava veitsi perunoiden, parsan, porkkanoiden ja muiden vihannesten kuorimiseen. Noahin ter\\u00e4 on kaksiter\\u00e4inen, joten se sopii sek\\u00e4 vasen- ett\\u00e4 oikeak\\u00e4tisille k\\u00e4ytt\\u00e4jille. T\\u00e4ss\\u00e4 k\\u00e4tev\\u00e4ss\\u00e4 kuorimakoneessa on kiinte\\u00e4 ter\\u00e4, ja se on\"}<\/script><\/p>\n<\/div>\n<p><a href=\"https:\/\/rodoaed.ee\/fi\/\">kotisivu<\/a> <a href=\"https:\/\/rodoaed.ee\/fi\/tootekategooria\/keittiolaitteet\/\">k\u00e4ynnist\u00e4<\/a> <a href=\"https:\/\/rodoaed.ee\/fi\/tootekategooria\/keittiolaitteet\/keittion-pesuallas\/\">Keitti\u00f6n portaat<\/a> <a href=\"https:\/\/rodoaed.ee\/fi\/toode\/poyta-jossa-on-vanhan-saksalaisen-luumupuun-kahva\/\">p\u00f6yd\u00e4ll\u00e4<\/a> <a href=\"https:\/\/rodoaed.ee\/fi\/toode\/kokanuga-k5-luumupuukahva-182mm\/\">ruoanlaitto veitsi<\/a> <a href=\"https:\/\/rodoaed.ee\/fi\/toode\/leivanuga-k-b2-luumupuukahva-230mm\/\">leip\u00e4 veitsi<\/a><\/p>\n","protected":false},"excerpt":{"rendered":"<p>Eritt\u00e4in k\u00e4tev\u00e4 ja ter\u00e4v\u00e4 perunankuorintaveitsi. Py\u00f6kkipuinen kahva Loistava veitsi perunoiden, parsan, porkkanoiden ja muiden vihannesten kuorimiseen. Noahin ter\u00e4 on kaksiter\u00e4inen, joten se sopii sek\u00e4 vasen- ett\u00e4 oikeak\u00e4tisille k\u00e4ytt\u00e4jille. T\u00e4ss\u00e4 k\u00e4tev\u00e4ss\u00e4 kuorimakoneessa on kiinte\u00e4 ter\u00e4, ja se on ollut tuotannossa viimeiset 30 vuotta. Ter\u00e4 on valmistettu ruostumattomasta ter\u00e4ksest\u00e4, ja siin\u00e4 on kupera pinta, joten kuorintaj\u00e4tteet on helppo irrottaa veitsest\u00e4 eiv\u00e4tk\u00e4 ne tartu ter\u00e4\u00e4n. Ter\u00e4ss\u00e4 on eritt\u00e4in&#8230;<\/p>\n","protected":false},"featured_media":29826,"template":"","meta":{"_acf_changed":false},"product_brand":[],"product_cat":[1832,1751,1830,1833],"product_tag":[],"class_list":{"0":"post-53268","1":"product","2":"type-product","3":"status-publish","4":"has-post-thumbnail","6":"product_cat-juuripavut-ja-kuoripavut","7":"product_cat-keittiolaitteet","8":"product_cat-keittion-pesuallas","9":"product_cat-lahjat-naisille","10":"product_shipping_class-toimitus-1-3-tyopaivan-kuluessa","11":"pa_variatsioon-keittioveitsi-k0-hiiliteras-kiillotettu-varsi-luumupuuta","13":"first","14":"instock","15":"taxable","16":"shipping-taxable","17":"purchasable","18":"product-type-simple"},"acf":[],"yoast_head":"<!-- This site is optimized with the Yoast SEO Premium plugin v27.3 (Yoast SEO v27.3) - https:\/\/yoast.com\/product\/yoast-seo-premium-wordpress\/ -->\n<title>Perunankuorintaveitsi - py\u00f6kkikahva - Rodoaed<\/title>\n<meta name=\"description\" content=\"Rober Herder -keitti\u00f6veitsi on maailman tunnetuin ja k\u00e4yt\u00e4nn\u00f6llisin monitoimiveitsi ja vihannesten kuorimaveitsi. Keitti\u00f6veitsi kirsikkapuukahvalla\" \/>\n<meta name=\"robots\" content=\"index, follow, max-snippet:-1, max-image-preview:large, max-video-preview:-1\" \/>\n<link rel=\"canonical\" href=\"https:\/\/rodoaed.ee\/fi\/toode\/perunankuorintaveitsi-pyokkikahva\/\" \/>\n<meta property=\"og:locale\" content=\"fi_FI\" \/>\n<meta property=\"og:type\" content=\"article\" \/>\n<meta property=\"og:title\" content=\"Perunankuorintaveitsi - py\u00f6kkikahva\" \/>\n<meta property=\"og:description\" content=\"Eritt\u00e4in k\u00e4tev\u00e4 ja ter\u00e4v\u00e4 perunankuorintaveitsi. Py\u00f6kkipuinen kahva Loistava veitsi perunoiden, parsan, porkkanoiden ja muiden vihannesten kuorimiseen.\" \/>\n<meta property=\"og:url\" content=\"https:\/\/rodoaed.ee\/fi\/toode\/perunankuorintaveitsi-pyokkikahva\/\" \/>\n<meta property=\"og:site_name\" content=\"Rodoaed\" \/>\n<meta property=\"article:publisher\" content=\"https:\/\/www.facebook.com\/kasvuhooned\/\" \/>\n<meta property=\"article:modified_time\" content=\"2026-04-13T08:03:06+00:00\" \/>\n<meta property=\"og:image\" content=\"https:\/\/rodoaed.ee\/wp-content\/uploads\/2020\/02\/120122501_Sparsch\u00e4ler_Rotbuche.jpg\" \/>\n\t<meta property=\"og:image:width\" content=\"1898\" \/>\n\t<meta property=\"og:image:height\" content=\"271\" \/>\n\t<meta property=\"og:image:type\" content=\"image\/jpeg\" \/>\n<meta name=\"twitter:card\" content=\"summary_large_image\" \/>\n<meta name=\"twitter:label1\" content=\"Arvioitu lukuaika\" \/>\n\t<meta name=\"twitter:data1\" content=\"1 minuutti\" \/>\n<script type=\"application\/ld+json\" class=\"yoast-schema-graph\">{\"@context\":\"https:\\\/\\\/schema.org\",\"@graph\":[{\"@type\":\"WebPage\",\"@id\":\"https:\\\/\\\/rodoaed.ee\\\/fi\\\/toode\\\/perunankuorintaveitsi-pyokkikahva\\\/\",\"url\":\"https:\\\/\\\/rodoaed.ee\\\/fi\\\/toode\\\/perunankuorintaveitsi-pyokkikahva\\\/\",\"name\":\"Perunankuorintaveitsi - py\u00f6kkikahva - Rodoaed\",\"isPartOf\":{\"@id\":\"https:\\\/\\\/rodoaed.ee\\\/#website\"},\"primaryImageOfPage\":{\"@id\":\"https:\\\/\\\/rodoaed.ee\\\/fi\\\/toode\\\/perunankuorintaveitsi-pyokkikahva\\\/#primaryimage\"},\"image\":{\"@id\":\"https:\\\/\\\/rodoaed.ee\\\/fi\\\/toode\\\/perunankuorintaveitsi-pyokkikahva\\\/#primaryimage\"},\"thumbnailUrl\":\"https:\\\/\\\/rodoaed.ee\\\/wp-content\\\/uploads\\\/2020\\\/02\\\/120122501_Sparsch\u00e4ler_Rotbuche.jpg\",\"datePublished\":\"2020-02-04T16:03:55+00:00\",\"dateModified\":\"2026-04-13T08:03:06+00:00\",\"description\":\"Rober Herder -keitti\u00f6veitsi on maailman tunnetuin ja k\u00e4yt\u00e4nn\u00f6llisin monitoimiveitsi ja vihannesten kuorimaveitsi. Keitti\u00f6veitsi kirsikkapuukahvalla\",\"breadcrumb\":{\"@id\":\"https:\\\/\\\/rodoaed.ee\\\/fi\\\/toode\\\/perunankuorintaveitsi-pyokkikahva\\\/#breadcrumb\"},\"inLanguage\":\"fi\",\"potentialAction\":[{\"@type\":\"ReadAction\",\"target\":[\"https:\\\/\\\/rodoaed.ee\\\/fi\\\/toode\\\/perunankuorintaveitsi-pyokkikahva\\\/\"]}]},{\"@type\":\"ImageObject\",\"inLanguage\":\"fi\",\"@id\":\"https:\\\/\\\/rodoaed.ee\\\/fi\\\/toode\\\/perunankuorintaveitsi-pyokkikahva\\\/#primaryimage\",\"url\":\"https:\\\/\\\/rodoaed.ee\\\/wp-content\\\/uploads\\\/2020\\\/02\\\/120122501_Sparsch\u00e4ler_Rotbuche.jpg\",\"contentUrl\":\"https:\\\/\\\/rodoaed.ee\\\/wp-content\\\/uploads\\\/2020\\\/02\\\/120122501_Sparsch\u00e4ler_Rotbuche.jpg\",\"width\":1898,\"height\":271},{\"@type\":\"BreadcrumbList\",\"@id\":\"https:\\\/\\\/rodoaed.ee\\\/fi\\\/toode\\\/perunankuorintaveitsi-pyokkikahva\\\/#breadcrumb\",\"itemListElement\":[{\"@type\":\"ListItem\",\"position\":1,\"name\":\"Home\",\"item\":\"https:\\\/\\\/rodoaed.ee\\\/fi\\\/\"},{\"@type\":\"ListItem\",\"position\":2,\"name\":\"Osta osoitteessa\",\"item\":\"https:\\\/\\\/rodoaed.ee\\\/osta-osoitteessa\\\/\"},{\"@type\":\"ListItem\",\"position\":3,\"name\":\"Perunankuorintaveitsi &#8211; py\u00f6kkikahva\"}]},{\"@type\":\"WebSite\",\"@id\":\"https:\\\/\\\/rodoaed.ee\\\/#website\",\"url\":\"https:\\\/\\\/rodoaed.ee\\\/\",\"name\":\"Rodoaed\",\"description\":\"\",\"publisher\":{\"@id\":\"https:\\\/\\\/rodoaed.ee\\\/#organization\"},\"potentialAction\":[{\"@type\":\"SearchAction\",\"target\":{\"@type\":\"EntryPoint\",\"urlTemplate\":\"https:\\\/\\\/rodoaed.ee\\\/?s={search_term_string}\"},\"query-input\":{\"@type\":\"PropertyValueSpecification\",\"valueRequired\":true,\"valueName\":\"search_term_string\"}}],\"inLanguage\":\"fi\"},{\"@type\":\"Organization\",\"@id\":\"https:\\\/\\\/rodoaed.ee\\\/#organization\",\"name\":\"Rodoaed\",\"url\":\"https:\\\/\\\/rodoaed.ee\\\/\",\"logo\":{\"@type\":\"ImageObject\",\"inLanguage\":\"fi\",\"@id\":\"https:\\\/\\\/rodoaed.ee\\\/#\\\/schema\\\/logo\\\/image\\\/\",\"url\":\"https:\\\/\\\/rodoaed.ee\\\/wp-content\\\/uploads\\\/2019\\\/11\\\/rodoaed-logo-ilma-taustata.jpg\",\"contentUrl\":\"https:\\\/\\\/rodoaed.ee\\\/wp-content\\\/uploads\\\/2019\\\/11\\\/rodoaed-logo-ilma-taustata.jpg\",\"width\":769,\"height\":268,\"caption\":\"Rodoaed\"},\"image\":{\"@id\":\"https:\\\/\\\/rodoaed.ee\\\/#\\\/schema\\\/logo\\\/image\\\/\"},\"sameAs\":[\"https:\\\/\\\/www.facebook.com\\\/kasvuhooned\\\/\",\"https:\\\/\\\/rodoaed.ee\"]}]}<\/script>\n<!-- \/ Yoast SEO Premium plugin. -->","yoast_head_json":{"title":"Perunankuorintaveitsi - py\u00f6kkikahva - Rodoaed","description":"Rober Herder -keitti\u00f6veitsi on maailman tunnetuin ja k\u00e4yt\u00e4nn\u00f6llisin monitoimiveitsi ja vihannesten kuorimaveitsi. Keitti\u00f6veitsi kirsikkapuukahvalla","robots":{"index":"index","follow":"follow","max-snippet":"max-snippet:-1","max-image-preview":"max-image-preview:large","max-video-preview":"max-video-preview:-1"},"canonical":"https:\/\/rodoaed.ee\/fi\/toode\/perunankuorintaveitsi-pyokkikahva\/","og_locale":"fi_FI","og_type":"article","og_title":"Perunankuorintaveitsi - py\u00f6kkikahva","og_description":"Eritt\u00e4in k\u00e4tev\u00e4 ja ter\u00e4v\u00e4 perunankuorintaveitsi. Py\u00f6kkipuinen kahva Loistava veitsi perunoiden, parsan, porkkanoiden ja muiden vihannesten kuorimiseen.","og_url":"https:\/\/rodoaed.ee\/fi\/toode\/perunankuorintaveitsi-pyokkikahva\/","og_site_name":"Rodoaed","article_publisher":"https:\/\/www.facebook.com\/kasvuhooned\/","article_modified_time":"2026-04-13T08:03:06+00:00","og_image":[{"width":1898,"height":271,"url":"https:\/\/rodoaed.ee\/wp-content\/uploads\/2020\/02\/120122501_Sparsch\u00e4ler_Rotbuche.jpg","type":"image\/jpeg"}],"twitter_card":"summary_large_image","twitter_misc":{"Arvioitu lukuaika":"1 minuutti"},"schema":{"@context":"https:\/\/schema.org","@graph":[{"@type":"WebPage","@id":"https:\/\/rodoaed.ee\/fi\/toode\/perunankuorintaveitsi-pyokkikahva\/","url":"https:\/\/rodoaed.ee\/fi\/toode\/perunankuorintaveitsi-pyokkikahva\/","name":"Perunankuorintaveitsi - py\u00f6kkikahva - Rodoaed","isPartOf":{"@id":"https:\/\/rodoaed.ee\/#website"},"primaryImageOfPage":{"@id":"https:\/\/rodoaed.ee\/fi\/toode\/perunankuorintaveitsi-pyokkikahva\/#primaryimage"},"image":{"@id":"https:\/\/rodoaed.ee\/fi\/toode\/perunankuorintaveitsi-pyokkikahva\/#primaryimage"},"thumbnailUrl":"https:\/\/rodoaed.ee\/wp-content\/uploads\/2020\/02\/120122501_Sparsch\u00e4ler_Rotbuche.jpg","datePublished":"2020-02-04T16:03:55+00:00","dateModified":"2026-04-13T08:03:06+00:00","description":"Rober Herder -keitti\u00f6veitsi on maailman tunnetuin ja k\u00e4yt\u00e4nn\u00f6llisin monitoimiveitsi ja vihannesten kuorimaveitsi. Keitti\u00f6veitsi kirsikkapuukahvalla","breadcrumb":{"@id":"https:\/\/rodoaed.ee\/fi\/toode\/perunankuorintaveitsi-pyokkikahva\/#breadcrumb"},"inLanguage":"fi","potentialAction":[{"@type":"ReadAction","target":["https:\/\/rodoaed.ee\/fi\/toode\/perunankuorintaveitsi-pyokkikahva\/"]}]},{"@type":"ImageObject","inLanguage":"fi","@id":"https:\/\/rodoaed.ee\/fi\/toode\/perunankuorintaveitsi-pyokkikahva\/#primaryimage","url":"https:\/\/rodoaed.ee\/wp-content\/uploads\/2020\/02\/120122501_Sparsch\u00e4ler_Rotbuche.jpg","contentUrl":"https:\/\/rodoaed.ee\/wp-content\/uploads\/2020\/02\/120122501_Sparsch\u00e4ler_Rotbuche.jpg","width":1898,"height":271},{"@type":"BreadcrumbList","@id":"https:\/\/rodoaed.ee\/fi\/toode\/perunankuorintaveitsi-pyokkikahva\/#breadcrumb","itemListElement":[{"@type":"ListItem","position":1,"name":"Home","item":"https:\/\/rodoaed.ee\/fi\/"},{"@type":"ListItem","position":2,"name":"Osta osoitteessa","item":"https:\/\/rodoaed.ee\/osta-osoitteessa\/"},{"@type":"ListItem","position":3,"name":"Perunankuorintaveitsi &#8211; py\u00f6kkikahva"}]},{"@type":"WebSite","@id":"https:\/\/rodoaed.ee\/#website","url":"https:\/\/rodoaed.ee\/","name":"Rodoaed","description":"","publisher":{"@id":"https:\/\/rodoaed.ee\/#organization"},"potentialAction":[{"@type":"SearchAction","target":{"@type":"EntryPoint","urlTemplate":"https:\/\/rodoaed.ee\/?s={search_term_string}"},"query-input":{"@type":"PropertyValueSpecification","valueRequired":true,"valueName":"search_term_string"}}],"inLanguage":"fi"},{"@type":"Organization","@id":"https:\/\/rodoaed.ee\/#organization","name":"Rodoaed","url":"https:\/\/rodoaed.ee\/","logo":{"@type":"ImageObject","inLanguage":"fi","@id":"https:\/\/rodoaed.ee\/#\/schema\/logo\/image\/","url":"https:\/\/rodoaed.ee\/wp-content\/uploads\/2019\/11\/rodoaed-logo-ilma-taustata.jpg","contentUrl":"https:\/\/rodoaed.ee\/wp-content\/uploads\/2019\/11\/rodoaed-logo-ilma-taustata.jpg","width":769,"height":268,"caption":"Rodoaed"},"image":{"@id":"https:\/\/rodoaed.ee\/#\/schema\/logo\/image\/"},"sameAs":["https:\/\/www.facebook.com\/kasvuhooned\/","https:\/\/rodoaed.ee"]}]}},"_links":{"self":[{"href":"https:\/\/rodoaed.ee\/fi\/wp-json\/wp\/v2\/product\/53268","targetHints":{"allow":["GET"]}}],"collection":[{"href":"https:\/\/rodoaed.ee\/fi\/wp-json\/wp\/v2\/product"}],"about":[{"href":"https:\/\/rodoaed.ee\/fi\/wp-json\/wp\/v2\/types\/product"}],"wp:featuredmedia":[{"embeddable":true,"href":"https:\/\/rodoaed.ee\/fi\/wp-json\/wp\/v2\/media\/29826"}],"wp:attachment":[{"href":"https:\/\/rodoaed.ee\/fi\/wp-json\/wp\/v2\/media?parent=53268"}],"wp:term":[{"taxonomy":"product_brand","embeddable":true,"href":"https:\/\/rodoaed.ee\/fi\/wp-json\/wp\/v2\/product_brand?post=53268"},{"taxonomy":"product_cat","embeddable":true,"href":"https:\/\/rodoaed.ee\/fi\/wp-json\/wp\/v2\/product_cat?post=53268"},{"taxonomy":"product_tag","embeddable":true,"href":"https:\/\/rodoaed.ee\/fi\/wp-json\/wp\/v2\/product_tag?post=53268"}],"curies":[{"name":"wp","href":"https:\/\/api.w.org\/{rel}","templated":true}]}}