{"id":53275,"date":"2020-01-09T11:47:48","date_gmt":"2020-01-09T09:47:48","guid":{"rendered":"https:\/\/rodoaed.ee\/toode\/taittuva-puutarhurin-ja-varttamisveitsi\/"},"modified":"2026-04-13T11:03:09","modified_gmt":"2026-04-13T08:03:09","slug":"taittuva-puutarhurin-ja-varttamisveitsi","status":"publish","type":"product","link":"https:\/\/rodoaed.ee\/fi\/tuote\/taittuva-puutarhurin-ja-varttamisveitsi\/","title":{"rendered":"taittuva puutarhurin ja varttamisveitsi"},"content":{"rendered":"<h2>Puutarhurin veitsi, jossa on mukava kahva karkaistua ter\u00e4st\u00e4.<\/h2>\n<h2>Soveltuu nuppuistutukseen, varttamiseen ja erilaisiin puutarhanhoitot\u00f6ihin.<\/h2>\n<p>3820 ja 3750 ovat karkaistuja ja karkaistu vastaamaan ammattik\u00e4ytt\u00e4jien korkeimpia vaatimuksia. Ter\u00e4t on taottu korkealaatuisesta erikoister\u00e4ksest\u00e4 ja karkaistu. T\u00e4m\u00e4 tekee veitsen ter\u00e4st\u00e4 eritt\u00e4in kest\u00e4v\u00e4n ja pit\u00e4\u00e4 sen ter\u00e4v\u00e4n\u00e4 pitk\u00e4\u00e4n. Ter\u00e4 on k\u00e4sin teroitettu ja kiillotettu parhaan leikkaustehon saavuttamiseksi. Ergonomiset kahvat ja messinkiset kiinnikkeet takaavat hyv\u00e4n otteen ja helppok\u00e4ytt\u00f6isyyden. Kaikki veitset toimitetaan kauniissa l\u00e4pin\u00e4kyv\u00e4ss\u00e4 pakkauksessa.     <\/p>\n<p>&nbsp;<\/p>\n<p><em>Saksalainen Berger-tuotemerkki on tunnettu Euroopassa ja maailmalla vuodesta 1919 l\u00e4htien erityisen mukavien ja korkealaatuisten puutarhav\u00e4lineiden valmistajana. Puutarhaty\u00f6kalut valmistetaan edelleen Euroopassa, Saksan Wuppertalissa sijaitsevassa tehtaassa. Valmistuksessa k\u00e4ytet\u00e4\u00e4n vain kest\u00e4vimpi\u00e4 materiaaleja, kuten ruostumatonta ter\u00e4st\u00e4, valettua alumiinia ja puuta.  <\/em><\/p>\n<p><em>Jokainen puutarhuri tiet\u00e4\u00e4, kuinka t\u00e4rke\u00e4\u00e4 on, ett\u00e4 h\u00e4nell\u00e4 on hyv\u00e4 ty\u00f6kalu. Ty\u00f6kaluja voi olla monenlaisia ja erikokoisia, mutta on aina muutama suosikki &#8211; oksasakset, oksasakset tai sahat &#8211; joita k\u00e4yt\u00e4mme mielell\u00e4mme. Ne ovat k\u00e4tevi\u00e4 ja niit\u00e4 on mukava k\u00e4ytt\u00e4\u00e4. Me vain suosimme niit\u00e4.   <\/em><\/p>\n<p><em>Itse asiassa kaikkien ty\u00f6kalujen pit\u00e4isi olla sellaisia, joita on aina hyv\u00e4 k\u00e4ytt\u00e4\u00e4 ja jotka eiv\u00e4t vaivaa k\u00e4si\u00e4. My\u00f6s ammattik\u00e4ytt\u00e4j\u00e4t tiet\u00e4v\u00e4t hyvin eron yksinkertaisen ty\u00f6kalun ja hyv\u00e4n ty\u00f6kalun v\u00e4lill\u00e4. Hyv\u00e4 ty\u00f6kalu ei v\u00e4syt\u00e4 yht\u00e4 paljon kuin yksinkertainen ty\u00f6kalu, edes pitk\u00e4n ty\u00f6p\u00e4iv\u00e4n aikana.  <\/em><\/p>\n<p><strong>Hemmottele itse\u00e4si parhaalla!<\/strong><\/p>\n<h2>Tekniset tiedot:<\/h2>\n<ul>\n<li>Ter\u00e4s on karkaistua ter\u00e4st\u00e4<\/li>\n<li>Kuparikiinnikkeet<\/li>\n<li>Ruostumattomasta ter\u00e4ksest\u00e4 valmistetun ter\u00e4n pituus : 60 mm<\/li>\n<li>Paino: 70 g<\/li>\n<li>Kokonaispituus irtotavarana: 16 cm<\/li>\n<\/ul>\n<p>&nbsp;<\/p>\n","protected":false},"excerpt":{"rendered":"<p>Puutarhurin veitsi, jossa on mukava kahva karkaistua ter\u00e4st\u00e4. Soveltuu nuppuistutukseen, varttamiseen ja erilaisiin puutarhanhoitot\u00f6ihin. 3820 ja 3750 ovat karkaistuja ja karkaistu vastaamaan ammattik\u00e4ytt\u00e4jien korkeimpia vaatimuksia. Ter\u00e4t on taottu korkealaatuisesta erikoister\u00e4ksest\u00e4 ja karkaistu. T\u00e4m\u00e4 tekee veitsen ter\u00e4st\u00e4 eritt\u00e4in kest\u00e4v\u00e4n ja pit\u00e4\u00e4 sen ter\u00e4v\u00e4n\u00e4 pitk\u00e4\u00e4n. Ter\u00e4 on k\u00e4sin teroitettu ja kiillotettu parhaan leikkaustehon saavuttamiseksi. Ergonomiset kahvat ja messinkiset kiinnikkeet takaavat hyv\u00e4n otteen ja helppok\u00e4ytt\u00f6isyyden. Kaikki veitset toimitetaan&#8230;<\/p>\n","protected":false},"featured_media":29745,"template":"","meta":{"_acf_changed":false},"product_brand":[],"product_cat":[2180,1889],"product_tag":[],"class_list":{"0":"post-53275","1":"product","2":"type-product","3":"status-publish","4":"has-post-thumbnail","6":"product_cat-pianoneulat-kukkakauppiaiden-veitset","7":"product_cat-puutarhatyokalut","8":"product_shipping_class-toimitus-1-3-tyopaivan-kuluessa","9":"pa_variatsioon-universal-aianuga","11":"first","12":"instock","13":"sale","14":"taxable","15":"shipping-taxable","16":"purchasable","17":"product-type-simple"},"acf":[],"yoast_head":"<!-- This site is optimized with the Yoast SEO Premium plugin v27.3 (Yoast SEO v27.3) - https:\/\/yoast.com\/product\/yoast-seo-premium-wordpress\/ -->\n<title>taittuva puutarhurin ja varttamisveitsi - Rodoaed<\/title>\n<meta name=\"robots\" content=\"index, follow, max-snippet:-1, max-image-preview:large, max-video-preview:-1\" \/>\n<link rel=\"canonical\" href=\"https:\/\/rodoaed.ee\/fi\/toode\/taittuva-puutarhurin-ja-varttamisveitsi\/\" \/>\n<meta property=\"og:locale\" content=\"fi_FI\" \/>\n<meta property=\"og:type\" content=\"article\" \/>\n<meta property=\"og:title\" content=\"taittuva puutarhurin ja varttamisveitsi\" \/>\n<meta property=\"og:description\" content=\"Puutarhurin veitsi, jossa on mukava kahva karkaistua ter\u00e4st\u00e4. Soveltuu nuppuistutukseen, varttamiseen ja erilaisiin puutarhanhoitot\u00f6ihin. 3820 ja 3750\" \/>\n<meta property=\"og:url\" content=\"https:\/\/rodoaed.ee\/fi\/toode\/taittuva-puutarhurin-ja-varttamisveitsi\/\" \/>\n<meta property=\"og:site_name\" content=\"Rodoaed\" \/>\n<meta property=\"article:publisher\" content=\"https:\/\/www.facebook.com\/kasvuhooned\/\" \/>\n<meta property=\"article:modified_time\" content=\"2026-04-13T08:03:09+00:00\" \/>\n<meta property=\"og:image\" content=\"https:\/\/rodoaed.ee\/wp-content\/uploads\/2020\/01\/Berger-pookimisnuga-3820_1.jpg\" \/>\n\t<meta property=\"og:image:width\" content=\"1000\" \/>\n\t<meta property=\"og:image:height\" content=\"250\" \/>\n\t<meta property=\"og:image:type\" content=\"image\/jpeg\" \/>\n<meta name=\"twitter:card\" content=\"summary_large_image\" \/>\n<meta name=\"twitter:label1\" content=\"Arvioitu lukuaika\" \/>\n\t<meta name=\"twitter:data1\" content=\"1 minuutti\" \/>\n<script type=\"application\/ld+json\" class=\"yoast-schema-graph\">{\"@context\":\"https:\\\/\\\/schema.org\",\"@graph\":[{\"@type\":\"WebPage\",\"@id\":\"https:\\\/\\\/rodoaed.ee\\\/fi\\\/toode\\\/taittuva-puutarhurin-ja-varttamisveitsi\\\/\",\"url\":\"https:\\\/\\\/rodoaed.ee\\\/fi\\\/toode\\\/taittuva-puutarhurin-ja-varttamisveitsi\\\/\",\"name\":\"taittuva puutarhurin ja varttamisveitsi - Rodoaed\",\"isPartOf\":{\"@id\":\"https:\\\/\\\/rodoaed.ee\\\/#website\"},\"primaryImageOfPage\":{\"@id\":\"https:\\\/\\\/rodoaed.ee\\\/fi\\\/toode\\\/taittuva-puutarhurin-ja-varttamisveitsi\\\/#primaryimage\"},\"image\":{\"@id\":\"https:\\\/\\\/rodoaed.ee\\\/fi\\\/toode\\\/taittuva-puutarhurin-ja-varttamisveitsi\\\/#primaryimage\"},\"thumbnailUrl\":\"https:\\\/\\\/rodoaed.ee\\\/wp-content\\\/uploads\\\/2020\\\/01\\\/Berger-pookimisnuga-3820_1.jpg\",\"datePublished\":\"2020-01-09T09:47:48+00:00\",\"dateModified\":\"2026-04-13T08:03:09+00:00\",\"breadcrumb\":{\"@id\":\"https:\\\/\\\/rodoaed.ee\\\/fi\\\/toode\\\/taittuva-puutarhurin-ja-varttamisveitsi\\\/#breadcrumb\"},\"inLanguage\":\"fi\",\"potentialAction\":[{\"@type\":\"ReadAction\",\"target\":[\"https:\\\/\\\/rodoaed.ee\\\/fi\\\/toode\\\/taittuva-puutarhurin-ja-varttamisveitsi\\\/\"]}]},{\"@type\":\"ImageObject\",\"inLanguage\":\"fi\",\"@id\":\"https:\\\/\\\/rodoaed.ee\\\/fi\\\/toode\\\/taittuva-puutarhurin-ja-varttamisveitsi\\\/#primaryimage\",\"url\":\"https:\\\/\\\/rodoaed.ee\\\/wp-content\\\/uploads\\\/2020\\\/01\\\/Berger-pookimisnuga-3820_1.jpg\",\"contentUrl\":\"https:\\\/\\\/rodoaed.ee\\\/wp-content\\\/uploads\\\/2020\\\/01\\\/Berger-pookimisnuga-3820_1.jpg\",\"width\":1000,\"height\":250},{\"@type\":\"BreadcrumbList\",\"@id\":\"https:\\\/\\\/rodoaed.ee\\\/fi\\\/toode\\\/taittuva-puutarhurin-ja-varttamisveitsi\\\/#breadcrumb\",\"itemListElement\":[{\"@type\":\"ListItem\",\"position\":1,\"name\":\"Home\",\"item\":\"https:\\\/\\\/rodoaed.ee\\\/fi\\\/\"},{\"@type\":\"ListItem\",\"position\":2,\"name\":\"Osta osoitteessa\",\"item\":\"https:\\\/\\\/rodoaed.ee\\\/osta-osoitteessa\\\/\"},{\"@type\":\"ListItem\",\"position\":3,\"name\":\"taittuva puutarhurin ja varttamisveitsi\"}]},{\"@type\":\"WebSite\",\"@id\":\"https:\\\/\\\/rodoaed.ee\\\/#website\",\"url\":\"https:\\\/\\\/rodoaed.ee\\\/\",\"name\":\"Rodoaed\",\"description\":\"\",\"publisher\":{\"@id\":\"https:\\\/\\\/rodoaed.ee\\\/#organization\"},\"potentialAction\":[{\"@type\":\"SearchAction\",\"target\":{\"@type\":\"EntryPoint\",\"urlTemplate\":\"https:\\\/\\\/rodoaed.ee\\\/?s={search_term_string}\"},\"query-input\":{\"@type\":\"PropertyValueSpecification\",\"valueRequired\":true,\"valueName\":\"search_term_string\"}}],\"inLanguage\":\"fi\"},{\"@type\":\"Organization\",\"@id\":\"https:\\\/\\\/rodoaed.ee\\\/#organization\",\"name\":\"Rodoaed\",\"url\":\"https:\\\/\\\/rodoaed.ee\\\/\",\"logo\":{\"@type\":\"ImageObject\",\"inLanguage\":\"fi\",\"@id\":\"https:\\\/\\\/rodoaed.ee\\\/#\\\/schema\\\/logo\\\/image\\\/\",\"url\":\"https:\\\/\\\/rodoaed.ee\\\/wp-content\\\/uploads\\\/2019\\\/11\\\/rodoaed-logo-ilma-taustata.jpg\",\"contentUrl\":\"https:\\\/\\\/rodoaed.ee\\\/wp-content\\\/uploads\\\/2019\\\/11\\\/rodoaed-logo-ilma-taustata.jpg\",\"width\":769,\"height\":268,\"caption\":\"Rodoaed\"},\"image\":{\"@id\":\"https:\\\/\\\/rodoaed.ee\\\/#\\\/schema\\\/logo\\\/image\\\/\"},\"sameAs\":[\"https:\\\/\\\/www.facebook.com\\\/kasvuhooned\\\/\",\"https:\\\/\\\/rodoaed.ee\"]}]}<\/script>\n<!-- \/ Yoast SEO Premium plugin. -->","yoast_head_json":{"title":"taittuva puutarhurin ja varttamisveitsi - Rodoaed","robots":{"index":"index","follow":"follow","max-snippet":"max-snippet:-1","max-image-preview":"max-image-preview:large","max-video-preview":"max-video-preview:-1"},"canonical":"https:\/\/rodoaed.ee\/fi\/toode\/taittuva-puutarhurin-ja-varttamisveitsi\/","og_locale":"fi_FI","og_type":"article","og_title":"taittuva puutarhurin ja varttamisveitsi","og_description":"Puutarhurin veitsi, jossa on mukava kahva karkaistua ter\u00e4st\u00e4. Soveltuu nuppuistutukseen, varttamiseen ja erilaisiin puutarhanhoitot\u00f6ihin. 3820 ja 3750","og_url":"https:\/\/rodoaed.ee\/fi\/toode\/taittuva-puutarhurin-ja-varttamisveitsi\/","og_site_name":"Rodoaed","article_publisher":"https:\/\/www.facebook.com\/kasvuhooned\/","article_modified_time":"2026-04-13T08:03:09+00:00","og_image":[{"width":1000,"height":250,"url":"https:\/\/rodoaed.ee\/wp-content\/uploads\/2020\/01\/Berger-pookimisnuga-3820_1.jpg","type":"image\/jpeg"}],"twitter_card":"summary_large_image","twitter_misc":{"Arvioitu lukuaika":"1 minuutti"},"schema":{"@context":"https:\/\/schema.org","@graph":[{"@type":"WebPage","@id":"https:\/\/rodoaed.ee\/fi\/toode\/taittuva-puutarhurin-ja-varttamisveitsi\/","url":"https:\/\/rodoaed.ee\/fi\/toode\/taittuva-puutarhurin-ja-varttamisveitsi\/","name":"taittuva puutarhurin ja varttamisveitsi - Rodoaed","isPartOf":{"@id":"https:\/\/rodoaed.ee\/#website"},"primaryImageOfPage":{"@id":"https:\/\/rodoaed.ee\/fi\/toode\/taittuva-puutarhurin-ja-varttamisveitsi\/#primaryimage"},"image":{"@id":"https:\/\/rodoaed.ee\/fi\/toode\/taittuva-puutarhurin-ja-varttamisveitsi\/#primaryimage"},"thumbnailUrl":"https:\/\/rodoaed.ee\/wp-content\/uploads\/2020\/01\/Berger-pookimisnuga-3820_1.jpg","datePublished":"2020-01-09T09:47:48+00:00","dateModified":"2026-04-13T08:03:09+00:00","breadcrumb":{"@id":"https:\/\/rodoaed.ee\/fi\/toode\/taittuva-puutarhurin-ja-varttamisveitsi\/#breadcrumb"},"inLanguage":"fi","potentialAction":[{"@type":"ReadAction","target":["https:\/\/rodoaed.ee\/fi\/toode\/taittuva-puutarhurin-ja-varttamisveitsi\/"]}]},{"@type":"ImageObject","inLanguage":"fi","@id":"https:\/\/rodoaed.ee\/fi\/toode\/taittuva-puutarhurin-ja-varttamisveitsi\/#primaryimage","url":"https:\/\/rodoaed.ee\/wp-content\/uploads\/2020\/01\/Berger-pookimisnuga-3820_1.jpg","contentUrl":"https:\/\/rodoaed.ee\/wp-content\/uploads\/2020\/01\/Berger-pookimisnuga-3820_1.jpg","width":1000,"height":250},{"@type":"BreadcrumbList","@id":"https:\/\/rodoaed.ee\/fi\/toode\/taittuva-puutarhurin-ja-varttamisveitsi\/#breadcrumb","itemListElement":[{"@type":"ListItem","position":1,"name":"Home","item":"https:\/\/rodoaed.ee\/fi\/"},{"@type":"ListItem","position":2,"name":"Osta osoitteessa","item":"https:\/\/rodoaed.ee\/osta-osoitteessa\/"},{"@type":"ListItem","position":3,"name":"taittuva puutarhurin ja varttamisveitsi"}]},{"@type":"WebSite","@id":"https:\/\/rodoaed.ee\/#website","url":"https:\/\/rodoaed.ee\/","name":"Rodoaed","description":"","publisher":{"@id":"https:\/\/rodoaed.ee\/#organization"},"potentialAction":[{"@type":"SearchAction","target":{"@type":"EntryPoint","urlTemplate":"https:\/\/rodoaed.ee\/?s={search_term_string}"},"query-input":{"@type":"PropertyValueSpecification","valueRequired":true,"valueName":"search_term_string"}}],"inLanguage":"fi"},{"@type":"Organization","@id":"https:\/\/rodoaed.ee\/#organization","name":"Rodoaed","url":"https:\/\/rodoaed.ee\/","logo":{"@type":"ImageObject","inLanguage":"fi","@id":"https:\/\/rodoaed.ee\/#\/schema\/logo\/image\/","url":"https:\/\/rodoaed.ee\/wp-content\/uploads\/2019\/11\/rodoaed-logo-ilma-taustata.jpg","contentUrl":"https:\/\/rodoaed.ee\/wp-content\/uploads\/2019\/11\/rodoaed-logo-ilma-taustata.jpg","width":769,"height":268,"caption":"Rodoaed"},"image":{"@id":"https:\/\/rodoaed.ee\/#\/schema\/logo\/image\/"},"sameAs":["https:\/\/www.facebook.com\/kasvuhooned\/","https:\/\/rodoaed.ee"]}]}},"_links":{"self":[{"href":"https:\/\/rodoaed.ee\/fi\/wp-json\/wp\/v2\/product\/53275","targetHints":{"allow":["GET"]}}],"collection":[{"href":"https:\/\/rodoaed.ee\/fi\/wp-json\/wp\/v2\/product"}],"about":[{"href":"https:\/\/rodoaed.ee\/fi\/wp-json\/wp\/v2\/types\/product"}],"wp:featuredmedia":[{"embeddable":true,"href":"https:\/\/rodoaed.ee\/fi\/wp-json\/wp\/v2\/media\/29745"}],"wp:attachment":[{"href":"https:\/\/rodoaed.ee\/fi\/wp-json\/wp\/v2\/media?parent=53275"}],"wp:term":[{"taxonomy":"product_brand","embeddable":true,"href":"https:\/\/rodoaed.ee\/fi\/wp-json\/wp\/v2\/product_brand?post=53275"},{"taxonomy":"product_cat","embeddable":true,"href":"https:\/\/rodoaed.ee\/fi\/wp-json\/wp\/v2\/product_cat?post=53275"},{"taxonomy":"product_tag","embeddable":true,"href":"https:\/\/rodoaed.ee\/fi\/wp-json\/wp\/v2\/product_tag?post=53275"}],"curies":[{"name":"wp","href":"https:\/\/api.w.org\/{rel}","templated":true}]}}