{"id":53277,"date":"2020-02-22T12:03:05","date_gmt":"2020-02-22T10:03:05","guid":{"rendered":"https:\/\/rodoaed.ee\/toode\/kylvokone-suuri-ruostumaton-30cm\/"},"modified":"2026-04-13T11:03:13","modified_gmt":"2026-04-13T08:03:13","slug":"kylvokone-suuri-ruostumaton-30cm","status":"publish","type":"product","link":"https:\/\/rodoaed.ee\/fi\/tuote\/kylvokone-suuri-ruostumaton-30cm\/","title":{"rendered":"Kylv\u00f6kone suuri ruostumaton 30cm"},"content":{"rendered":"<h2>V\u00e4ltt\u00e4m\u00e4t\u00f6n ty\u00f6kalu kylv\u00f6\u00e4 ja istutusta, sipuleiden sijoittamista jne. varten.<\/h2>\n<p>T\u00e4ll\u00e4 kylv\u00f6tikulla voit tehd\u00e4 tasaisia reiki\u00e4 siementen kylv\u00e4miseen s\u00e4nkyyn tai istutusreiki\u00e4 nuorille kasveille tai tulppaanisipuleille. T-muotoisen puukahvan ansiosta sit\u00e4 on eritt\u00e4in mukava pit\u00e4\u00e4 k\u00e4dess\u00e4 ja k\u00e4sitell\u00e4. Sit\u00e4 on helppo painaa tasaisesti niin, ett\u00e4 jokainen reik\u00e4 on t\u00e4sm\u00e4lleen samankokoinen. Multaan upotettava ruostumattomasta ter\u00e4ksest\u00e4 valmistettu k\u00e4rki on aina kulutusta kest\u00e4v\u00e4 ja helppo puhdistaa. Nahkahihna ripustamista varten. Kauniissa lahjapakkauksessa.     <\/p>\n<p>Se on loistava lahja kenelle tahansa hein\u00e4sirkka- ja puutarhaharrastajalle. Siemenlaatikko toimitetaan kauniissa lahjapakkauksessa. <\/p>\n<h2>T\u00e4rkeimm\u00e4t ominaisuudet :<\/h2>\n<ul>\n<li>Mitat L 3,6 x L 10 x K 29,5 cm.<\/li>\n<li>Paino: 180 g<\/li>\n<li>Materiaali: ruostumattomasta ter\u00e4ksest\u00e4 valmistettu ty\u00f6p\u00e4\u00e4, puinen kahva ja nahkahihna.<\/li>\n<\/ul>\n<p>&nbsp;<\/p>\n<div id=\"article-specifications\" class=\"tab-links__content is-active col-md-6 mb-4\"><\/div>\n","protected":false},"excerpt":{"rendered":"<p>V\u00e4ltt\u00e4m\u00e4t\u00f6n ty\u00f6kalu kylv\u00f6\u00e4 ja istutusta, sipuleiden sijoittamista jne. varten. T\u00e4ll\u00e4 kylv\u00f6tikulla voit tehd\u00e4 tasaisia reiki\u00e4 siementen kylv\u00e4miseen s\u00e4nkyyn tai istutusreiki\u00e4 nuorille kasveille tai tulppaanisipuleille. T-muotoisen puukahvan ansiosta sit\u00e4 on eritt\u00e4in mukava pit\u00e4\u00e4 k\u00e4dess\u00e4 ja k\u00e4sitell\u00e4. Sit\u00e4 on helppo painaa tasaisesti niin, ett\u00e4 jokainen reik\u00e4 on t\u00e4sm\u00e4lleen samankokoinen. Multaan upotettava ruostumattomasta ter\u00e4ksest\u00e4 valmistettu k\u00e4rki on aina kulutusta kest\u00e4v\u00e4 ja helppo puhdistaa. Nahkahihna ripustamista varten. Kauniissa lahjapakkauksessa&#8230;.<\/p>\n","protected":false},"featured_media":30194,"template":"","meta":{"_acf_changed":false},"product_brand":[],"product_cat":[1771,1776,1859,1790,1772,1743],"product_tag":[],"class_list":{"0":"post-53277","1":"product","2":"type-product","3":"status-publish","4":"has-post-thumbnail","6":"product_cat-fiksuja-auttajia","7":"product_cat-hyodylliset-lisavarusteet","8":"product_cat-istutuskauhat","9":"product_cat-kasvuun-tarvittavat-tyokalut","10":"product_cat-lahjat-puutarhurille","11":"product_cat-lisalahjat-lahjat","12":"product_shipping_class-toimitus-1-3-tyopaivan-kuluessa","13":"pa_variatsioon-superseeder-kylvokone-21","15":"first","16":"instock","17":"sale","18":"taxable","19":"shipping-taxable","20":"purchasable","21":"product-type-simple"},"acf":[],"yoast_head":"<!-- This site is optimized with the Yoast SEO Premium plugin v27.3 (Yoast SEO v27.3) - https:\/\/yoast.com\/product\/yoast-seo-premium-wordpress\/ -->\n<title>Kylv\u00f6kone suuri ruostumaton 30cm - Rodoaed<\/title>\n<meta name=\"robots\" content=\"index, follow, max-snippet:-1, max-image-preview:large, max-video-preview:-1\" \/>\n<link rel=\"canonical\" href=\"https:\/\/rodoaed.ee\/fi\/toode\/kylvokone-suuri-ruostumaton-30cm\/\" \/>\n<meta property=\"og:locale\" content=\"fi_FI\" \/>\n<meta property=\"og:type\" content=\"article\" \/>\n<meta property=\"og:title\" content=\"Kylv\u00f6kone suuri ruostumaton 30cm\" \/>\n<meta property=\"og:description\" content=\"V\u00e4ltt\u00e4m\u00e4t\u00f6n ty\u00f6kalu kylv\u00f6\u00e4 ja istutusta, sipuleiden sijoittamista jne. varten. T\u00e4ll\u00e4 kylv\u00f6tikulla voit tehd\u00e4 tasaisia reiki\u00e4 siementen kylv\u00e4miseen s\u00e4nkyyn\" \/>\n<meta property=\"og:url\" content=\"https:\/\/rodoaed.ee\/fi\/toode\/kylvokone-suuri-ruostumaton-30cm\/\" \/>\n<meta property=\"og:site_name\" content=\"Rodoaed\" \/>\n<meta property=\"article:publisher\" content=\"https:\/\/www.facebook.com\/kasvuhooned\/\" \/>\n<meta property=\"article:modified_time\" content=\"2026-04-13T08:03:13+00:00\" \/>\n<meta property=\"og:image\" content=\"https:\/\/rodoaed.ee\/wp-content\/uploads\/2020\/02\/k\u00fclvipulk-suur_GT17_01.png\" \/>\n\t<meta property=\"og:image:width\" content=\"1240\" \/>\n\t<meta property=\"og:image:height\" content=\"1240\" \/>\n\t<meta property=\"og:image:type\" content=\"image\/png\" \/>\n<meta name=\"twitter:card\" content=\"summary_large_image\" \/>\n<meta name=\"twitter:label1\" content=\"Arvioitu lukuaika\" \/>\n\t<meta name=\"twitter:data1\" content=\"1 minuutti\" \/>\n<script type=\"application\/ld+json\" class=\"yoast-schema-graph\">{\"@context\":\"https:\\\/\\\/schema.org\",\"@graph\":[{\"@type\":\"WebPage\",\"@id\":\"https:\\\/\\\/rodoaed.ee\\\/fi\\\/toode\\\/kylvokone-suuri-ruostumaton-30cm\\\/\",\"url\":\"https:\\\/\\\/rodoaed.ee\\\/fi\\\/toode\\\/kylvokone-suuri-ruostumaton-30cm\\\/\",\"name\":\"Kylv\u00f6kone suuri ruostumaton 30cm - Rodoaed\",\"isPartOf\":{\"@id\":\"https:\\\/\\\/rodoaed.ee\\\/#website\"},\"primaryImageOfPage\":{\"@id\":\"https:\\\/\\\/rodoaed.ee\\\/fi\\\/toode\\\/kylvokone-suuri-ruostumaton-30cm\\\/#primaryimage\"},\"image\":{\"@id\":\"https:\\\/\\\/rodoaed.ee\\\/fi\\\/toode\\\/kylvokone-suuri-ruostumaton-30cm\\\/#primaryimage\"},\"thumbnailUrl\":\"https:\\\/\\\/rodoaed.ee\\\/wp-content\\\/uploads\\\/2020\\\/02\\\/k\u00fclvipulk-suur_GT17_01.png\",\"datePublished\":\"2020-02-22T10:03:05+00:00\",\"dateModified\":\"2026-04-13T08:03:13+00:00\",\"breadcrumb\":{\"@id\":\"https:\\\/\\\/rodoaed.ee\\\/fi\\\/toode\\\/kylvokone-suuri-ruostumaton-30cm\\\/#breadcrumb\"},\"inLanguage\":\"fi\",\"potentialAction\":[{\"@type\":\"ReadAction\",\"target\":[\"https:\\\/\\\/rodoaed.ee\\\/fi\\\/toode\\\/kylvokone-suuri-ruostumaton-30cm\\\/\"]}]},{\"@type\":\"ImageObject\",\"inLanguage\":\"fi\",\"@id\":\"https:\\\/\\\/rodoaed.ee\\\/fi\\\/toode\\\/kylvokone-suuri-ruostumaton-30cm\\\/#primaryimage\",\"url\":\"https:\\\/\\\/rodoaed.ee\\\/wp-content\\\/uploads\\\/2020\\\/02\\\/k\u00fclvipulk-suur_GT17_01.png\",\"contentUrl\":\"https:\\\/\\\/rodoaed.ee\\\/wp-content\\\/uploads\\\/2020\\\/02\\\/k\u00fclvipulk-suur_GT17_01.png\",\"width\":1240,\"height\":1240},{\"@type\":\"BreadcrumbList\",\"@id\":\"https:\\\/\\\/rodoaed.ee\\\/fi\\\/toode\\\/kylvokone-suuri-ruostumaton-30cm\\\/#breadcrumb\",\"itemListElement\":[{\"@type\":\"ListItem\",\"position\":1,\"name\":\"Home\",\"item\":\"https:\\\/\\\/rodoaed.ee\\\/fi\\\/\"},{\"@type\":\"ListItem\",\"position\":2,\"name\":\"Osta osoitteessa\",\"item\":\"https:\\\/\\\/rodoaed.ee\\\/osta-osoitteessa\\\/\"},{\"@type\":\"ListItem\",\"position\":3,\"name\":\"Kylv\u00f6kone suuri ruostumaton 30cm\"}]},{\"@type\":\"WebSite\",\"@id\":\"https:\\\/\\\/rodoaed.ee\\\/#website\",\"url\":\"https:\\\/\\\/rodoaed.ee\\\/\",\"name\":\"Rodoaed\",\"description\":\"\",\"publisher\":{\"@id\":\"https:\\\/\\\/rodoaed.ee\\\/#organization\"},\"potentialAction\":[{\"@type\":\"SearchAction\",\"target\":{\"@type\":\"EntryPoint\",\"urlTemplate\":\"https:\\\/\\\/rodoaed.ee\\\/?s={search_term_string}\"},\"query-input\":{\"@type\":\"PropertyValueSpecification\",\"valueRequired\":true,\"valueName\":\"search_term_string\"}}],\"inLanguage\":\"fi\"},{\"@type\":\"Organization\",\"@id\":\"https:\\\/\\\/rodoaed.ee\\\/#organization\",\"name\":\"Rodoaed\",\"url\":\"https:\\\/\\\/rodoaed.ee\\\/\",\"logo\":{\"@type\":\"ImageObject\",\"inLanguage\":\"fi\",\"@id\":\"https:\\\/\\\/rodoaed.ee\\\/#\\\/schema\\\/logo\\\/image\\\/\",\"url\":\"https:\\\/\\\/rodoaed.ee\\\/wp-content\\\/uploads\\\/2019\\\/11\\\/rodoaed-logo-ilma-taustata.jpg\",\"contentUrl\":\"https:\\\/\\\/rodoaed.ee\\\/wp-content\\\/uploads\\\/2019\\\/11\\\/rodoaed-logo-ilma-taustata.jpg\",\"width\":769,\"height\":268,\"caption\":\"Rodoaed\"},\"image\":{\"@id\":\"https:\\\/\\\/rodoaed.ee\\\/#\\\/schema\\\/logo\\\/image\\\/\"},\"sameAs\":[\"https:\\\/\\\/www.facebook.com\\\/kasvuhooned\\\/\",\"https:\\\/\\\/rodoaed.ee\"]}]}<\/script>\n<!-- \/ Yoast SEO Premium plugin. -->","yoast_head_json":{"title":"Kylv\u00f6kone suuri ruostumaton 30cm - Rodoaed","robots":{"index":"index","follow":"follow","max-snippet":"max-snippet:-1","max-image-preview":"max-image-preview:large","max-video-preview":"max-video-preview:-1"},"canonical":"https:\/\/rodoaed.ee\/fi\/toode\/kylvokone-suuri-ruostumaton-30cm\/","og_locale":"fi_FI","og_type":"article","og_title":"Kylv\u00f6kone suuri ruostumaton 30cm","og_description":"V\u00e4ltt\u00e4m\u00e4t\u00f6n ty\u00f6kalu kylv\u00f6\u00e4 ja istutusta, sipuleiden sijoittamista jne. varten. T\u00e4ll\u00e4 kylv\u00f6tikulla voit tehd\u00e4 tasaisia reiki\u00e4 siementen kylv\u00e4miseen s\u00e4nkyyn","og_url":"https:\/\/rodoaed.ee\/fi\/toode\/kylvokone-suuri-ruostumaton-30cm\/","og_site_name":"Rodoaed","article_publisher":"https:\/\/www.facebook.com\/kasvuhooned\/","article_modified_time":"2026-04-13T08:03:13+00:00","og_image":[{"width":1240,"height":1240,"url":"https:\/\/rodoaed.ee\/wp-content\/uploads\/2020\/02\/k\u00fclvipulk-suur_GT17_01.png","type":"image\/png"}],"twitter_card":"summary_large_image","twitter_misc":{"Arvioitu lukuaika":"1 minuutti"},"schema":{"@context":"https:\/\/schema.org","@graph":[{"@type":"WebPage","@id":"https:\/\/rodoaed.ee\/fi\/toode\/kylvokone-suuri-ruostumaton-30cm\/","url":"https:\/\/rodoaed.ee\/fi\/toode\/kylvokone-suuri-ruostumaton-30cm\/","name":"Kylv\u00f6kone suuri ruostumaton 30cm - Rodoaed","isPartOf":{"@id":"https:\/\/rodoaed.ee\/#website"},"primaryImageOfPage":{"@id":"https:\/\/rodoaed.ee\/fi\/toode\/kylvokone-suuri-ruostumaton-30cm\/#primaryimage"},"image":{"@id":"https:\/\/rodoaed.ee\/fi\/toode\/kylvokone-suuri-ruostumaton-30cm\/#primaryimage"},"thumbnailUrl":"https:\/\/rodoaed.ee\/wp-content\/uploads\/2020\/02\/k\u00fclvipulk-suur_GT17_01.png","datePublished":"2020-02-22T10:03:05+00:00","dateModified":"2026-04-13T08:03:13+00:00","breadcrumb":{"@id":"https:\/\/rodoaed.ee\/fi\/toode\/kylvokone-suuri-ruostumaton-30cm\/#breadcrumb"},"inLanguage":"fi","potentialAction":[{"@type":"ReadAction","target":["https:\/\/rodoaed.ee\/fi\/toode\/kylvokone-suuri-ruostumaton-30cm\/"]}]},{"@type":"ImageObject","inLanguage":"fi","@id":"https:\/\/rodoaed.ee\/fi\/toode\/kylvokone-suuri-ruostumaton-30cm\/#primaryimage","url":"https:\/\/rodoaed.ee\/wp-content\/uploads\/2020\/02\/k\u00fclvipulk-suur_GT17_01.png","contentUrl":"https:\/\/rodoaed.ee\/wp-content\/uploads\/2020\/02\/k\u00fclvipulk-suur_GT17_01.png","width":1240,"height":1240},{"@type":"BreadcrumbList","@id":"https:\/\/rodoaed.ee\/fi\/toode\/kylvokone-suuri-ruostumaton-30cm\/#breadcrumb","itemListElement":[{"@type":"ListItem","position":1,"name":"Home","item":"https:\/\/rodoaed.ee\/fi\/"},{"@type":"ListItem","position":2,"name":"Osta osoitteessa","item":"https:\/\/rodoaed.ee\/osta-osoitteessa\/"},{"@type":"ListItem","position":3,"name":"Kylv\u00f6kone suuri ruostumaton 30cm"}]},{"@type":"WebSite","@id":"https:\/\/rodoaed.ee\/#website","url":"https:\/\/rodoaed.ee\/","name":"Rodoaed","description":"","publisher":{"@id":"https:\/\/rodoaed.ee\/#organization"},"potentialAction":[{"@type":"SearchAction","target":{"@type":"EntryPoint","urlTemplate":"https:\/\/rodoaed.ee\/?s={search_term_string}"},"query-input":{"@type":"PropertyValueSpecification","valueRequired":true,"valueName":"search_term_string"}}],"inLanguage":"fi"},{"@type":"Organization","@id":"https:\/\/rodoaed.ee\/#organization","name":"Rodoaed","url":"https:\/\/rodoaed.ee\/","logo":{"@type":"ImageObject","inLanguage":"fi","@id":"https:\/\/rodoaed.ee\/#\/schema\/logo\/image\/","url":"https:\/\/rodoaed.ee\/wp-content\/uploads\/2019\/11\/rodoaed-logo-ilma-taustata.jpg","contentUrl":"https:\/\/rodoaed.ee\/wp-content\/uploads\/2019\/11\/rodoaed-logo-ilma-taustata.jpg","width":769,"height":268,"caption":"Rodoaed"},"image":{"@id":"https:\/\/rodoaed.ee\/#\/schema\/logo\/image\/"},"sameAs":["https:\/\/www.facebook.com\/kasvuhooned\/","https:\/\/rodoaed.ee"]}]}},"_links":{"self":[{"href":"https:\/\/rodoaed.ee\/fi\/wp-json\/wp\/v2\/product\/53277","targetHints":{"allow":["GET"]}}],"collection":[{"href":"https:\/\/rodoaed.ee\/fi\/wp-json\/wp\/v2\/product"}],"about":[{"href":"https:\/\/rodoaed.ee\/fi\/wp-json\/wp\/v2\/types\/product"}],"wp:featuredmedia":[{"embeddable":true,"href":"https:\/\/rodoaed.ee\/fi\/wp-json\/wp\/v2\/media\/30194"}],"wp:attachment":[{"href":"https:\/\/rodoaed.ee\/fi\/wp-json\/wp\/v2\/media?parent=53277"}],"wp:term":[{"taxonomy":"product_brand","embeddable":true,"href":"https:\/\/rodoaed.ee\/fi\/wp-json\/wp\/v2\/product_brand?post=53277"},{"taxonomy":"product_cat","embeddable":true,"href":"https:\/\/rodoaed.ee\/fi\/wp-json\/wp\/v2\/product_cat?post=53277"},{"taxonomy":"product_tag","embeddable":true,"href":"https:\/\/rodoaed.ee\/fi\/wp-json\/wp\/v2\/product_tag?post=53277"}],"curies":[{"name":"wp","href":"https:\/\/api.w.org\/{rel}","templated":true}]}}