{"id":53279,"date":"2020-02-10T13:41:39","date_gmt":"2020-02-10T11:41:39","guid":{"rendered":"https:\/\/rodoaed.ee\/toode\/kokoontaitettava-oksasaha-jossa-on-240-mmn-tera\/"},"modified":"2026-04-13T11:03:14","modified_gmt":"2026-04-13T08:03:14","slug":"kokoontaitettava-oksasaha-jossa-on-240-mmn-tera","status":"publish","type":"product","link":"https:\/\/rodoaed.ee\/fi\/tuote\/kokoontaitettava-oksasaha-jossa-on-240-mmn-tera\/","title":{"rendered":"Kokoontaitettava oksasaha, jossa on 240 mm:n ter\u00e4"},"content":{"rendered":"<h2>Japanilaistyylinen kaareva oksasaha, ter\u00e4n pituus 240mm<\/h2>\n<p>Puutarhurin kokoontaitettava oksasaha on t\u00e4rke\u00e4 ty\u00f6kalu kev\u00e4isess\u00e4 hedelm\u00e4- ja koristepuutarhassa. Koska ter\u00e4 taittuu hetkess\u00e4 kokoon, oksasakset on helppo ripustaa vy\u00f6h\u00f6n tai sujauttaa taskuun. Koko metalliosa on p\u00e4\u00e4llystetty ruostumattomalla pinnoitteella. Leikkuuhampaat on karkaistu ja p\u00e4\u00e4llystetty kromikerroksella pitk\u00e4aikaisen kest\u00e4vyyden ja ter\u00e4vyyden varmistamiseksi. Japanilaistyylist\u00e4 kaarevaa ter\u00e4\u00e4 on mukava k\u00e4ytt\u00e4\u00e4 hankalassakin asennossa, sill\u00e4 ter\u00e4 ei luista oksasta. Kahvassa on liukumaton pinnoite. Voit k\u00e4ytt\u00e4\u00e4 sit\u00e4 turvallisesti my\u00f6s m\u00e4rill\u00e4 k\u00e4sill\u00e4 tai lumihanskoilla.      <\/p>\n<p><em>Saksalainen Berger-tuotemerkki on tunnettu Euroopassa ja maailmalla vuodesta 1919 l\u00e4htien erityisen mukavien ja korkealaatuisten puutarhav\u00e4lineiden valmistajana. Puutarhaty\u00f6kalut valmistetaan edelleen Euroopassa, Saksan Wuppertalissa sijaitsevassa tehtaassa. Valmistuksessa k\u00e4ytet\u00e4\u00e4n vain kest\u00e4vimpi\u00e4 materiaaleja, kuten ruostumatonta ter\u00e4st\u00e4, valettua alumiinia ja puuta.  <\/em><\/p>\n<p><em>Jokainen puutarhuri tiet\u00e4\u00e4, kuinka t\u00e4rke\u00e4\u00e4 on, ett\u00e4 h\u00e4nell\u00e4 on hyv\u00e4 ty\u00f6kalu. Ty\u00f6kaluja voi olla monenlaisia ja erikokoisia, mutta on aina muutama suosikki &#8211; oksasakset, oksasakset tai sahat &#8211; joita k\u00e4yt\u00e4mme mielell\u00e4mme. Ne ovat k\u00e4tevi\u00e4 ja niit\u00e4 on mukava k\u00e4ytt\u00e4\u00e4. Me vain suosimme niit\u00e4.   <\/em><\/p>\n<p><em>Itse asiassa kaikkien ty\u00f6kalujen pit\u00e4isi olla sellaisia, joita on aina hyv\u00e4 k\u00e4ytt\u00e4\u00e4 ja jotka eiv\u00e4t vaivaa k\u00e4si\u00e4. Ammattik\u00e4ytt\u00e4j\u00e4t ovat my\u00f6s hyvin tietoisia yksinkertaisen ty\u00f6kalun ja hyv\u00e4n ty\u00f6kalun v\u00e4lisest\u00e4 erosta. Hyv\u00e4 ty\u00f6kalu ei v\u00e4syt\u00e4 yht\u00e4 paljon kuin yksinkertainen ty\u00f6kalu, edes pitk\u00e4n ty\u00f6p\u00e4iv\u00e4n aikana.  <\/em><\/p>\n<p>Hemmottele itse\u00e4si parhaalla!<\/p>\n<p>Pensassakset, pensasleikkurit ja suuremmat puutarhasakset kategoriassa: <a href=\"\/?product_cat=oksakaarid-aiakaarid-suured-oksakaarid\">puutarhasakset<\/a>.<\/p>\n<h2>T\u00e4rkeimm\u00e4t ominaisuudet:<\/h2>\n<ul>\n<li>Taittoter\u00e4<\/li>\n<li>Suuret hampaat nopeaan leikkaamiseen (7,5 hammasta per 30mm).<\/li>\n<li>Vaihdettava ter\u00e4<\/li>\n<li>Kromatut karkaistut leikkuuhampaat pysyv\u00e4t ter\u00e4vin\u00e4 pitk\u00e4\u00e4n<\/li>\n<li>Ergonominen ja mukava liukumaton kahva<\/li>\n<li>Ruosteen kest\u00e4v\u00e4 ter\u00e4k\u00e4sittely<\/li>\n<\/ul>\n<h2>Tekniset tiedot:<\/h2>\n<ul>\n<li>Leikkuuter\u00e4n pituus: 240 mm<\/li>\n<li>Kokonaispituus taitettuna: 285 mm<\/li>\n<li>Leikkuuhampaiden tiheys: 7,5 hammasta 30 mm:\u00e4 kohti.<\/li>\n<li>Paino: 270 g<\/li>\n<\/ul>\n<p>&nbsp;<\/p>\n","protected":false},"excerpt":{"rendered":"<p>Japanilaistyylinen kaareva oksasaha, ter\u00e4n pituus 240mm Puutarhurin kokoontaitettava oksasaha on t\u00e4rke\u00e4 ty\u00f6kalu kev\u00e4isess\u00e4 hedelm\u00e4- ja koristepuutarhassa. Koska ter\u00e4 taittuu hetkess\u00e4 kokoon, oksasakset on helppo ripustaa vy\u00f6h\u00f6n tai sujauttaa taskuun. Koko metalliosa on p\u00e4\u00e4llystetty ruostumattomalla pinnoitteella. Leikkuuhampaat on karkaistu ja p\u00e4\u00e4llystetty kromikerroksella pitk\u00e4aikaisen kest\u00e4vyyden ja ter\u00e4vyyden varmistamiseksi. Japanilaistyylist\u00e4 kaarevaa ter\u00e4\u00e4 on mukava k\u00e4ytt\u00e4\u00e4 hankalassakin asennossa, sill\u00e4 ter\u00e4 ei luista oksasta. Kahvassa on liukumaton pinnoite. Voit k\u00e4ytt\u00e4\u00e4&#8230;<\/p>\n","protected":false},"featured_media":29962,"template":"","meta":{"_acf_changed":false},"product_brand":[],"product_cat":[1772,1743,1959,1889],"product_tag":[],"class_list":{"0":"post-53279","1":"product","2":"type-product","3":"status-publish","4":"has-post-thumbnail","6":"product_cat-lahjat-puutarhurille","7":"product_cat-lisalahjat-lahjat","8":"product_cat-oksasaed","9":"product_cat-puutarhatyokalut","10":"product_shipping_class-toimitus-1-3-tyopaivan-kuluessa","11":"pa_variatsioon-sakset-1110-suora-tera","13":"first","14":"outofstock","15":"sale","16":"taxable","17":"shipping-taxable","18":"purchasable","19":"product-type-simple"},"acf":[],"yoast_head":"<!-- This site is optimized with the Yoast SEO Premium plugin v27.3 (Yoast SEO v27.3) - https:\/\/yoast.com\/product\/yoast-seo-premium-wordpress\/ -->\n<title>Kokoontaitettava oksasaha, jossa on 240 mm:n ter\u00e4 -% Puutarhan oksasakset sauvalla<\/title>\n<meta name=\"description\" content=\"Bergerin taittoter\u00e4iset oksasakset. Sopii harrastepuutarhureille ja ammattilaisille. Leikkuuhampaat karkaistua ter\u00e4st\u00e4.\" \/>\n<meta name=\"robots\" content=\"index, follow, max-snippet:-1, max-image-preview:large, max-video-preview:-1\" \/>\n<link rel=\"canonical\" href=\"https:\/\/rodoaed.ee\/fi\/toode\/kokoontaitettava-oksasaha-jossa-on-240-mmn-tera\/\" \/>\n<meta property=\"og:locale\" content=\"fi_FI\" \/>\n<meta property=\"og:type\" content=\"article\" \/>\n<meta property=\"og:title\" content=\"Kokoontaitettava oksasaha, jossa on 240 mm:n ter\u00e4\" \/>\n<meta property=\"og:description\" content=\"Japanilaistyylinen kaareva oksasaha, ter\u00e4n pituus 240mm Puutarhurin kokoontaitettava oksasaha on t\u00e4rke\u00e4 ty\u00f6kalu kev\u00e4isess\u00e4 hedelm\u00e4- ja koristepuutarhassa.\" \/>\n<meta property=\"og:url\" content=\"https:\/\/rodoaed.ee\/fi\/toode\/kokoontaitettava-oksasaha-jossa-on-240-mmn-tera\/\" \/>\n<meta property=\"og:site_name\" content=\"Rodoaed\" \/>\n<meta property=\"article:publisher\" content=\"https:\/\/www.facebook.com\/kasvuhooned\/\" \/>\n<meta property=\"article:modified_time\" content=\"2026-04-13T08:03:14+00:00\" \/>\n<meta property=\"og:image\" content=\"https:\/\/rodoaed.ee\/wp-content\/uploads\/2020\/02\/berger-oksasaag_64670_11.jpg\" \/>\n\t<meta property=\"og:image:width\" content=\"933\" \/>\n\t<meta property=\"og:image:height\" content=\"228\" \/>\n\t<meta property=\"og:image:type\" content=\"image\/jpeg\" \/>\n<meta name=\"twitter:card\" content=\"summary_large_image\" \/>\n<meta name=\"twitter:label1\" content=\"Arvioitu lukuaika\" \/>\n\t<meta name=\"twitter:data1\" content=\"2 minuuttia\" \/>\n<script type=\"application\/ld+json\" class=\"yoast-schema-graph\">{\"@context\":\"https:\\\/\\\/schema.org\",\"@graph\":[{\"@type\":\"WebPage\",\"@id\":\"https:\\\/\\\/rodoaed.ee\\\/fi\\\/toode\\\/kokoontaitettava-oksasaha-jossa-on-240-mmn-tera\\\/\",\"url\":\"https:\\\/\\\/rodoaed.ee\\\/fi\\\/toode\\\/kokoontaitettava-oksasaha-jossa-on-240-mmn-tera\\\/\",\"name\":\"Kokoontaitettava oksasaha, jossa on 240 mm:n ter\u00e4 -% Puutarhan oksasakset sauvalla\",\"isPartOf\":{\"@id\":\"https:\\\/\\\/rodoaed.ee\\\/#website\"},\"primaryImageOfPage\":{\"@id\":\"https:\\\/\\\/rodoaed.ee\\\/fi\\\/toode\\\/kokoontaitettava-oksasaha-jossa-on-240-mmn-tera\\\/#primaryimage\"},\"image\":{\"@id\":\"https:\\\/\\\/rodoaed.ee\\\/fi\\\/toode\\\/kokoontaitettava-oksasaha-jossa-on-240-mmn-tera\\\/#primaryimage\"},\"thumbnailUrl\":\"https:\\\/\\\/rodoaed.ee\\\/wp-content\\\/uploads\\\/2020\\\/02\\\/berger-oksasaag_64670_11.jpg\",\"datePublished\":\"2020-02-10T11:41:39+00:00\",\"dateModified\":\"2026-04-13T08:03:14+00:00\",\"description\":\"Bergerin taittoter\u00e4iset oksasakset. Sopii harrastepuutarhureille ja ammattilaisille. Leikkuuhampaat karkaistua ter\u00e4st\u00e4.\",\"breadcrumb\":{\"@id\":\"https:\\\/\\\/rodoaed.ee\\\/fi\\\/toode\\\/kokoontaitettava-oksasaha-jossa-on-240-mmn-tera\\\/#breadcrumb\"},\"inLanguage\":\"fi\",\"potentialAction\":[{\"@type\":\"ReadAction\",\"target\":[\"https:\\\/\\\/rodoaed.ee\\\/fi\\\/toode\\\/kokoontaitettava-oksasaha-jossa-on-240-mmn-tera\\\/\"]}]},{\"@type\":\"ImageObject\",\"inLanguage\":\"fi\",\"@id\":\"https:\\\/\\\/rodoaed.ee\\\/fi\\\/toode\\\/kokoontaitettava-oksasaha-jossa-on-240-mmn-tera\\\/#primaryimage\",\"url\":\"https:\\\/\\\/rodoaed.ee\\\/wp-content\\\/uploads\\\/2020\\\/02\\\/berger-oksasaag_64670_11.jpg\",\"contentUrl\":\"https:\\\/\\\/rodoaed.ee\\\/wp-content\\\/uploads\\\/2020\\\/02\\\/berger-oksasaag_64670_11.jpg\",\"width\":933,\"height\":228},{\"@type\":\"BreadcrumbList\",\"@id\":\"https:\\\/\\\/rodoaed.ee\\\/fi\\\/toode\\\/kokoontaitettava-oksasaha-jossa-on-240-mmn-tera\\\/#breadcrumb\",\"itemListElement\":[{\"@type\":\"ListItem\",\"position\":1,\"name\":\"Home\",\"item\":\"https:\\\/\\\/rodoaed.ee\\\/fi\\\/\"},{\"@type\":\"ListItem\",\"position\":2,\"name\":\"Osta osoitteessa\",\"item\":\"https:\\\/\\\/rodoaed.ee\\\/osta-osoitteessa\\\/\"},{\"@type\":\"ListItem\",\"position\":3,\"name\":\"Kokoontaitettava oksasaha, jossa on 240 mm:n ter\u00e4\"}]},{\"@type\":\"WebSite\",\"@id\":\"https:\\\/\\\/rodoaed.ee\\\/#website\",\"url\":\"https:\\\/\\\/rodoaed.ee\\\/\",\"name\":\"Rodoaed\",\"description\":\"\",\"publisher\":{\"@id\":\"https:\\\/\\\/rodoaed.ee\\\/#organization\"},\"potentialAction\":[{\"@type\":\"SearchAction\",\"target\":{\"@type\":\"EntryPoint\",\"urlTemplate\":\"https:\\\/\\\/rodoaed.ee\\\/?s={search_term_string}\"},\"query-input\":{\"@type\":\"PropertyValueSpecification\",\"valueRequired\":true,\"valueName\":\"search_term_string\"}}],\"inLanguage\":\"fi\"},{\"@type\":\"Organization\",\"@id\":\"https:\\\/\\\/rodoaed.ee\\\/#organization\",\"name\":\"Rodoaed\",\"url\":\"https:\\\/\\\/rodoaed.ee\\\/\",\"logo\":{\"@type\":\"ImageObject\",\"inLanguage\":\"fi\",\"@id\":\"https:\\\/\\\/rodoaed.ee\\\/#\\\/schema\\\/logo\\\/image\\\/\",\"url\":\"https:\\\/\\\/rodoaed.ee\\\/wp-content\\\/uploads\\\/2019\\\/11\\\/rodoaed-logo-ilma-taustata.jpg\",\"contentUrl\":\"https:\\\/\\\/rodoaed.ee\\\/wp-content\\\/uploads\\\/2019\\\/11\\\/rodoaed-logo-ilma-taustata.jpg\",\"width\":769,\"height\":268,\"caption\":\"Rodoaed\"},\"image\":{\"@id\":\"https:\\\/\\\/rodoaed.ee\\\/#\\\/schema\\\/logo\\\/image\\\/\"},\"sameAs\":[\"https:\\\/\\\/www.facebook.com\\\/kasvuhooned\\\/\",\"https:\\\/\\\/rodoaed.ee\"]}]}<\/script>\n<!-- \/ Yoast SEO Premium plugin. -->","yoast_head_json":{"title":"Kokoontaitettava oksasaha, jossa on 240 mm:n ter\u00e4 -% Puutarhan oksasakset sauvalla","description":"Bergerin taittoter\u00e4iset oksasakset. Sopii harrastepuutarhureille ja ammattilaisille. Leikkuuhampaat karkaistua ter\u00e4st\u00e4.","robots":{"index":"index","follow":"follow","max-snippet":"max-snippet:-1","max-image-preview":"max-image-preview:large","max-video-preview":"max-video-preview:-1"},"canonical":"https:\/\/rodoaed.ee\/fi\/toode\/kokoontaitettava-oksasaha-jossa-on-240-mmn-tera\/","og_locale":"fi_FI","og_type":"article","og_title":"Kokoontaitettava oksasaha, jossa on 240 mm:n ter\u00e4","og_description":"Japanilaistyylinen kaareva oksasaha, ter\u00e4n pituus 240mm Puutarhurin kokoontaitettava oksasaha on t\u00e4rke\u00e4 ty\u00f6kalu kev\u00e4isess\u00e4 hedelm\u00e4- ja koristepuutarhassa.","og_url":"https:\/\/rodoaed.ee\/fi\/toode\/kokoontaitettava-oksasaha-jossa-on-240-mmn-tera\/","og_site_name":"Rodoaed","article_publisher":"https:\/\/www.facebook.com\/kasvuhooned\/","article_modified_time":"2026-04-13T08:03:14+00:00","og_image":[{"width":933,"height":228,"url":"https:\/\/rodoaed.ee\/wp-content\/uploads\/2020\/02\/berger-oksasaag_64670_11.jpg","type":"image\/jpeg"}],"twitter_card":"summary_large_image","twitter_misc":{"Arvioitu lukuaika":"2 minuuttia"},"schema":{"@context":"https:\/\/schema.org","@graph":[{"@type":"WebPage","@id":"https:\/\/rodoaed.ee\/fi\/toode\/kokoontaitettava-oksasaha-jossa-on-240-mmn-tera\/","url":"https:\/\/rodoaed.ee\/fi\/toode\/kokoontaitettava-oksasaha-jossa-on-240-mmn-tera\/","name":"Kokoontaitettava oksasaha, jossa on 240 mm:n ter\u00e4 -% Puutarhan oksasakset sauvalla","isPartOf":{"@id":"https:\/\/rodoaed.ee\/#website"},"primaryImageOfPage":{"@id":"https:\/\/rodoaed.ee\/fi\/toode\/kokoontaitettava-oksasaha-jossa-on-240-mmn-tera\/#primaryimage"},"image":{"@id":"https:\/\/rodoaed.ee\/fi\/toode\/kokoontaitettava-oksasaha-jossa-on-240-mmn-tera\/#primaryimage"},"thumbnailUrl":"https:\/\/rodoaed.ee\/wp-content\/uploads\/2020\/02\/berger-oksasaag_64670_11.jpg","datePublished":"2020-02-10T11:41:39+00:00","dateModified":"2026-04-13T08:03:14+00:00","description":"Bergerin taittoter\u00e4iset oksasakset. Sopii harrastepuutarhureille ja ammattilaisille. Leikkuuhampaat karkaistua ter\u00e4st\u00e4.","breadcrumb":{"@id":"https:\/\/rodoaed.ee\/fi\/toode\/kokoontaitettava-oksasaha-jossa-on-240-mmn-tera\/#breadcrumb"},"inLanguage":"fi","potentialAction":[{"@type":"ReadAction","target":["https:\/\/rodoaed.ee\/fi\/toode\/kokoontaitettava-oksasaha-jossa-on-240-mmn-tera\/"]}]},{"@type":"ImageObject","inLanguage":"fi","@id":"https:\/\/rodoaed.ee\/fi\/toode\/kokoontaitettava-oksasaha-jossa-on-240-mmn-tera\/#primaryimage","url":"https:\/\/rodoaed.ee\/wp-content\/uploads\/2020\/02\/berger-oksasaag_64670_11.jpg","contentUrl":"https:\/\/rodoaed.ee\/wp-content\/uploads\/2020\/02\/berger-oksasaag_64670_11.jpg","width":933,"height":228},{"@type":"BreadcrumbList","@id":"https:\/\/rodoaed.ee\/fi\/toode\/kokoontaitettava-oksasaha-jossa-on-240-mmn-tera\/#breadcrumb","itemListElement":[{"@type":"ListItem","position":1,"name":"Home","item":"https:\/\/rodoaed.ee\/fi\/"},{"@type":"ListItem","position":2,"name":"Osta osoitteessa","item":"https:\/\/rodoaed.ee\/osta-osoitteessa\/"},{"@type":"ListItem","position":3,"name":"Kokoontaitettava oksasaha, jossa on 240 mm:n ter\u00e4"}]},{"@type":"WebSite","@id":"https:\/\/rodoaed.ee\/#website","url":"https:\/\/rodoaed.ee\/","name":"Rodoaed","description":"","publisher":{"@id":"https:\/\/rodoaed.ee\/#organization"},"potentialAction":[{"@type":"SearchAction","target":{"@type":"EntryPoint","urlTemplate":"https:\/\/rodoaed.ee\/?s={search_term_string}"},"query-input":{"@type":"PropertyValueSpecification","valueRequired":true,"valueName":"search_term_string"}}],"inLanguage":"fi"},{"@type":"Organization","@id":"https:\/\/rodoaed.ee\/#organization","name":"Rodoaed","url":"https:\/\/rodoaed.ee\/","logo":{"@type":"ImageObject","inLanguage":"fi","@id":"https:\/\/rodoaed.ee\/#\/schema\/logo\/image\/","url":"https:\/\/rodoaed.ee\/wp-content\/uploads\/2019\/11\/rodoaed-logo-ilma-taustata.jpg","contentUrl":"https:\/\/rodoaed.ee\/wp-content\/uploads\/2019\/11\/rodoaed-logo-ilma-taustata.jpg","width":769,"height":268,"caption":"Rodoaed"},"image":{"@id":"https:\/\/rodoaed.ee\/#\/schema\/logo\/image\/"},"sameAs":["https:\/\/www.facebook.com\/kasvuhooned\/","https:\/\/rodoaed.ee"]}]}},"_links":{"self":[{"href":"https:\/\/rodoaed.ee\/fi\/wp-json\/wp\/v2\/product\/53279","targetHints":{"allow":["GET"]}}],"collection":[{"href":"https:\/\/rodoaed.ee\/fi\/wp-json\/wp\/v2\/product"}],"about":[{"href":"https:\/\/rodoaed.ee\/fi\/wp-json\/wp\/v2\/types\/product"}],"wp:featuredmedia":[{"embeddable":true,"href":"https:\/\/rodoaed.ee\/fi\/wp-json\/wp\/v2\/media\/29962"}],"wp:attachment":[{"href":"https:\/\/rodoaed.ee\/fi\/wp-json\/wp\/v2\/media?parent=53279"}],"wp:term":[{"taxonomy":"product_brand","embeddable":true,"href":"https:\/\/rodoaed.ee\/fi\/wp-json\/wp\/v2\/product_brand?post=53279"},{"taxonomy":"product_cat","embeddable":true,"href":"https:\/\/rodoaed.ee\/fi\/wp-json\/wp\/v2\/product_cat?post=53279"},{"taxonomy":"product_tag","embeddable":true,"href":"https:\/\/rodoaed.ee\/fi\/wp-json\/wp\/v2\/product_tag?post=53279"}],"curies":[{"name":"wp","href":"https:\/\/api.w.org\/{rel}","templated":true}]}}