{"id":53281,"date":"2020-02-22T12:30:14","date_gmt":"2020-02-22T10:30:14","guid":{"rendered":"https:\/\/rodoaed.ee\/toode\/istutuslapio-huonekasveille-ruostumatonta-terasta\/"},"modified":"2026-04-13T11:03:15","modified_gmt":"2026-04-13T08:03:15","slug":"istutuslapio-huonekasveille-ruostumatonta-terasta","status":"publish","type":"product","link":"https:\/\/rodoaed.ee\/fi\/tuote\/istutuslapio-huonekasveille-ruostumatonta-terasta\/","title":{"rendered":"Istutuslapio huonekasveille, ruostumatonta ter\u00e4st\u00e4"},"content":{"rendered":"<h2>Ruostumattomasta ter\u00e4ksest\u00e4 valmistettu istutuslapio huonekasveille<\/h2>\n<p>K\u00e4tev\u00e4 pieni istutuslapio huonekasvien istuttamiseen, esikasettien t\u00e4ytt\u00e4miseen ja muihin sis\u00e4puutarhat\u00f6ihin. Lapion toinen reuna on sile\u00e4 ja toisessa on pieni hammastus. K\u00e4tev\u00e4n kokoinen, jotta yletyt kaikkialle &#8211; esimerkiksi lis\u00e4\u00e4m\u00e4\u00e4n huuhtoutunutta multaa huonekasvien ruukkuihin.  <\/p>\n<p>Ruostumattomasta ter\u00e4ksest\u00e4 valmistetussa lapiossa on hyv\u00e4 sile\u00e4 pinta, joten kaikki multa ja lika irtoaa helposti. Helppo puhdistaa. <\/p>\n<p>Se on loistava lahja kenelle tahansa hein\u00e4sirkan ja puutarhan harrastajalle.<\/p>\n<h2>T\u00e4rkeimm\u00e4t ominaisuudet :<\/h2>\n<ul>\n<li>Mitat: L 2,2 x L 4,3 x K 22,2 cm.<\/li>\n<li>Paino: 52 g<\/li>\n<li>Materiaali: ruostumaton ter\u00e4s<\/li>\n<\/ul>\n<p>&nbsp;<\/p>\n<div id=\"article-specifications\" class=\"tab-links__content is-active col-md-6 mb-4\"><\/div>\n","protected":false},"excerpt":{"rendered":"<p>Ruostumattomasta ter\u00e4ksest\u00e4 valmistettu istutuslapio huonekasveille K\u00e4tev\u00e4 pieni istutuslapio huonekasvien istuttamiseen, esikasettien t\u00e4ytt\u00e4miseen ja muihin sis\u00e4puutarhat\u00f6ihin. Lapion toinen reuna on sile\u00e4 ja toisessa on pieni hammastus. K\u00e4tev\u00e4n kokoinen, jotta yletyt kaikkialle &#8211; esimerkiksi lis\u00e4\u00e4m\u00e4\u00e4n huuhtoutunutta multaa huonekasvien ruukkuihin. Ruostumattomasta ter\u00e4ksest\u00e4 valmistetussa lapiossa on hyv\u00e4 sile\u00e4 pinta, joten kaikki multa ja lika irtoaa helposti. Helppo puhdistaa. Se on loistava lahja kenelle tahansa hein\u00e4sirkan ja puutarhan harrastajalle. T\u00e4rkeimm\u00e4t&#8230;<\/p>\n","protected":false},"featured_media":30214,"template":"","meta":{"_acf_changed":false},"product_brand":[],"product_cat":[1859,1790,1833,1743,1745],"product_tag":[],"class_list":{"0":"post-53281","1":"product","2":"type-product","3":"status-publish","4":"has-post-thumbnail","6":"product_cat-istutuskauhat","7":"product_cat-kasvuun-tarvittavat-tyokalut","8":"product_cat-lahjat-naisille","9":"product_cat-lisalahjat-lahjat","10":"product_cat-suuri-varaston-tyhjennysmyynti","11":"product_shipping_class-toimitus-1-3-tyopaivan-kuluessa","12":"pa_variatsioon-superseeder-kylvokone-21","14":"first","15":"instock","16":"sale","17":"taxable","18":"shipping-taxable","19":"purchasable","20":"product-type-simple"},"acf":[],"yoast_head":"<!-- This site is optimized with the Yoast SEO Premium plugin v27.3 (Yoast SEO v27.3) - https:\/\/yoast.com\/product\/yoast-seo-premium-wordpress\/ -->\n<title>Istutuslapio huonekasveille, ruostumatonta ter\u00e4st\u00e4 - Rodoaed<\/title>\n<meta name=\"robots\" content=\"index, follow, max-snippet:-1, max-image-preview:large, max-video-preview:-1\" \/>\n<link rel=\"canonical\" href=\"https:\/\/rodoaed.ee\/fi\/toode\/istutuslapio-huonekasveille-ruostumatonta-terasta\/\" \/>\n<meta property=\"og:locale\" content=\"fi_FI\" \/>\n<meta property=\"og:type\" content=\"article\" \/>\n<meta property=\"og:title\" content=\"Istutuslapio huonekasveille, ruostumatonta ter\u00e4st\u00e4\" \/>\n<meta property=\"og:description\" content=\"Ruostumattomasta ter\u00e4ksest\u00e4 valmistettu istutuslapio huonekasveille K\u00e4tev\u00e4 pieni istutuslapio huonekasvien istuttamiseen, esikasettien t\u00e4ytt\u00e4miseen ja\" \/>\n<meta property=\"og:url\" content=\"https:\/\/rodoaed.ee\/fi\/toode\/istutuslapio-huonekasveille-ruostumatonta-terasta\/\" \/>\n<meta property=\"og:site_name\" content=\"Rodoaed\" \/>\n<meta property=\"article:publisher\" content=\"https:\/\/www.facebook.com\/kasvuhooned\/\" \/>\n<meta property=\"article:modified_time\" content=\"2026-04-13T08:03:15+00:00\" \/>\n<meta property=\"og:image\" content=\"https:\/\/rodoaed.ee\/wp-content\/uploads\/2020\/02\/k\u00fchvel_GT175_01.png\" \/>\n\t<meta property=\"og:image:width\" content=\"1240\" \/>\n\t<meta property=\"og:image:height\" content=\"1240\" \/>\n\t<meta property=\"og:image:type\" content=\"image\/png\" \/>\n<meta name=\"twitter:card\" content=\"summary_large_image\" \/>\n<script type=\"application\/ld+json\" class=\"yoast-schema-graph\">{\"@context\":\"https:\\\/\\\/schema.org\",\"@graph\":[{\"@type\":\"WebPage\",\"@id\":\"https:\\\/\\\/rodoaed.ee\\\/fi\\\/toode\\\/istutuslapio-huonekasveille-ruostumatonta-terasta\\\/\",\"url\":\"https:\\\/\\\/rodoaed.ee\\\/fi\\\/toode\\\/istutuslapio-huonekasveille-ruostumatonta-terasta\\\/\",\"name\":\"Istutuslapio huonekasveille, ruostumatonta ter\u00e4st\u00e4 - Rodoaed\",\"isPartOf\":{\"@id\":\"https:\\\/\\\/rodoaed.ee\\\/#website\"},\"primaryImageOfPage\":{\"@id\":\"https:\\\/\\\/rodoaed.ee\\\/fi\\\/toode\\\/istutuslapio-huonekasveille-ruostumatonta-terasta\\\/#primaryimage\"},\"image\":{\"@id\":\"https:\\\/\\\/rodoaed.ee\\\/fi\\\/toode\\\/istutuslapio-huonekasveille-ruostumatonta-terasta\\\/#primaryimage\"},\"thumbnailUrl\":\"https:\\\/\\\/rodoaed.ee\\\/wp-content\\\/uploads\\\/2020\\\/02\\\/k\u00fchvel_GT175_01.png\",\"datePublished\":\"2020-02-22T10:30:14+00:00\",\"dateModified\":\"2026-04-13T08:03:15+00:00\",\"breadcrumb\":{\"@id\":\"https:\\\/\\\/rodoaed.ee\\\/fi\\\/toode\\\/istutuslapio-huonekasveille-ruostumatonta-terasta\\\/#breadcrumb\"},\"inLanguage\":\"fi\",\"potentialAction\":[{\"@type\":\"ReadAction\",\"target\":[\"https:\\\/\\\/rodoaed.ee\\\/fi\\\/toode\\\/istutuslapio-huonekasveille-ruostumatonta-terasta\\\/\"]}]},{\"@type\":\"ImageObject\",\"inLanguage\":\"fi\",\"@id\":\"https:\\\/\\\/rodoaed.ee\\\/fi\\\/toode\\\/istutuslapio-huonekasveille-ruostumatonta-terasta\\\/#primaryimage\",\"url\":\"https:\\\/\\\/rodoaed.ee\\\/wp-content\\\/uploads\\\/2020\\\/02\\\/k\u00fchvel_GT175_01.png\",\"contentUrl\":\"https:\\\/\\\/rodoaed.ee\\\/wp-content\\\/uploads\\\/2020\\\/02\\\/k\u00fchvel_GT175_01.png\",\"width\":1240,\"height\":1240},{\"@type\":\"BreadcrumbList\",\"@id\":\"https:\\\/\\\/rodoaed.ee\\\/fi\\\/toode\\\/istutuslapio-huonekasveille-ruostumatonta-terasta\\\/#breadcrumb\",\"itemListElement\":[{\"@type\":\"ListItem\",\"position\":1,\"name\":\"Home\",\"item\":\"https:\\\/\\\/rodoaed.ee\\\/fi\\\/\"},{\"@type\":\"ListItem\",\"position\":2,\"name\":\"Osta osoitteessa\",\"item\":\"https:\\\/\\\/rodoaed.ee\\\/osta-osoitteessa\\\/\"},{\"@type\":\"ListItem\",\"position\":3,\"name\":\"Istutuslapio huonekasveille, ruostumatonta ter\u00e4st\u00e4\"}]},{\"@type\":\"WebSite\",\"@id\":\"https:\\\/\\\/rodoaed.ee\\\/#website\",\"url\":\"https:\\\/\\\/rodoaed.ee\\\/\",\"name\":\"Rodoaed\",\"description\":\"\",\"publisher\":{\"@id\":\"https:\\\/\\\/rodoaed.ee\\\/#organization\"},\"potentialAction\":[{\"@type\":\"SearchAction\",\"target\":{\"@type\":\"EntryPoint\",\"urlTemplate\":\"https:\\\/\\\/rodoaed.ee\\\/?s={search_term_string}\"},\"query-input\":{\"@type\":\"PropertyValueSpecification\",\"valueRequired\":true,\"valueName\":\"search_term_string\"}}],\"inLanguage\":\"fi\"},{\"@type\":\"Organization\",\"@id\":\"https:\\\/\\\/rodoaed.ee\\\/#organization\",\"name\":\"Rodoaed\",\"url\":\"https:\\\/\\\/rodoaed.ee\\\/\",\"logo\":{\"@type\":\"ImageObject\",\"inLanguage\":\"fi\",\"@id\":\"https:\\\/\\\/rodoaed.ee\\\/#\\\/schema\\\/logo\\\/image\\\/\",\"url\":\"https:\\\/\\\/rodoaed.ee\\\/wp-content\\\/uploads\\\/2019\\\/11\\\/rodoaed-logo-ilma-taustata.jpg\",\"contentUrl\":\"https:\\\/\\\/rodoaed.ee\\\/wp-content\\\/uploads\\\/2019\\\/11\\\/rodoaed-logo-ilma-taustata.jpg\",\"width\":769,\"height\":268,\"caption\":\"Rodoaed\"},\"image\":{\"@id\":\"https:\\\/\\\/rodoaed.ee\\\/#\\\/schema\\\/logo\\\/image\\\/\"},\"sameAs\":[\"https:\\\/\\\/www.facebook.com\\\/kasvuhooned\\\/\",\"https:\\\/\\\/rodoaed.ee\"]}]}<\/script>\n<!-- \/ Yoast SEO Premium plugin. -->","yoast_head_json":{"title":"Istutuslapio huonekasveille, ruostumatonta ter\u00e4st\u00e4 - Rodoaed","robots":{"index":"index","follow":"follow","max-snippet":"max-snippet:-1","max-image-preview":"max-image-preview:large","max-video-preview":"max-video-preview:-1"},"canonical":"https:\/\/rodoaed.ee\/fi\/toode\/istutuslapio-huonekasveille-ruostumatonta-terasta\/","og_locale":"fi_FI","og_type":"article","og_title":"Istutuslapio huonekasveille, ruostumatonta ter\u00e4st\u00e4","og_description":"Ruostumattomasta ter\u00e4ksest\u00e4 valmistettu istutuslapio huonekasveille K\u00e4tev\u00e4 pieni istutuslapio huonekasvien istuttamiseen, esikasettien t\u00e4ytt\u00e4miseen ja","og_url":"https:\/\/rodoaed.ee\/fi\/toode\/istutuslapio-huonekasveille-ruostumatonta-terasta\/","og_site_name":"Rodoaed","article_publisher":"https:\/\/www.facebook.com\/kasvuhooned\/","article_modified_time":"2026-04-13T08:03:15+00:00","og_image":[{"width":1240,"height":1240,"url":"https:\/\/rodoaed.ee\/wp-content\/uploads\/2020\/02\/k\u00fchvel_GT175_01.png","type":"image\/png"}],"twitter_card":"summary_large_image","schema":{"@context":"https:\/\/schema.org","@graph":[{"@type":"WebPage","@id":"https:\/\/rodoaed.ee\/fi\/toode\/istutuslapio-huonekasveille-ruostumatonta-terasta\/","url":"https:\/\/rodoaed.ee\/fi\/toode\/istutuslapio-huonekasveille-ruostumatonta-terasta\/","name":"Istutuslapio huonekasveille, ruostumatonta ter\u00e4st\u00e4 - Rodoaed","isPartOf":{"@id":"https:\/\/rodoaed.ee\/#website"},"primaryImageOfPage":{"@id":"https:\/\/rodoaed.ee\/fi\/toode\/istutuslapio-huonekasveille-ruostumatonta-terasta\/#primaryimage"},"image":{"@id":"https:\/\/rodoaed.ee\/fi\/toode\/istutuslapio-huonekasveille-ruostumatonta-terasta\/#primaryimage"},"thumbnailUrl":"https:\/\/rodoaed.ee\/wp-content\/uploads\/2020\/02\/k\u00fchvel_GT175_01.png","datePublished":"2020-02-22T10:30:14+00:00","dateModified":"2026-04-13T08:03:15+00:00","breadcrumb":{"@id":"https:\/\/rodoaed.ee\/fi\/toode\/istutuslapio-huonekasveille-ruostumatonta-terasta\/#breadcrumb"},"inLanguage":"fi","potentialAction":[{"@type":"ReadAction","target":["https:\/\/rodoaed.ee\/fi\/toode\/istutuslapio-huonekasveille-ruostumatonta-terasta\/"]}]},{"@type":"ImageObject","inLanguage":"fi","@id":"https:\/\/rodoaed.ee\/fi\/toode\/istutuslapio-huonekasveille-ruostumatonta-terasta\/#primaryimage","url":"https:\/\/rodoaed.ee\/wp-content\/uploads\/2020\/02\/k\u00fchvel_GT175_01.png","contentUrl":"https:\/\/rodoaed.ee\/wp-content\/uploads\/2020\/02\/k\u00fchvel_GT175_01.png","width":1240,"height":1240},{"@type":"BreadcrumbList","@id":"https:\/\/rodoaed.ee\/fi\/toode\/istutuslapio-huonekasveille-ruostumatonta-terasta\/#breadcrumb","itemListElement":[{"@type":"ListItem","position":1,"name":"Home","item":"https:\/\/rodoaed.ee\/fi\/"},{"@type":"ListItem","position":2,"name":"Osta osoitteessa","item":"https:\/\/rodoaed.ee\/osta-osoitteessa\/"},{"@type":"ListItem","position":3,"name":"Istutuslapio huonekasveille, ruostumatonta ter\u00e4st\u00e4"}]},{"@type":"WebSite","@id":"https:\/\/rodoaed.ee\/#website","url":"https:\/\/rodoaed.ee\/","name":"Rodoaed","description":"","publisher":{"@id":"https:\/\/rodoaed.ee\/#organization"},"potentialAction":[{"@type":"SearchAction","target":{"@type":"EntryPoint","urlTemplate":"https:\/\/rodoaed.ee\/?s={search_term_string}"},"query-input":{"@type":"PropertyValueSpecification","valueRequired":true,"valueName":"search_term_string"}}],"inLanguage":"fi"},{"@type":"Organization","@id":"https:\/\/rodoaed.ee\/#organization","name":"Rodoaed","url":"https:\/\/rodoaed.ee\/","logo":{"@type":"ImageObject","inLanguage":"fi","@id":"https:\/\/rodoaed.ee\/#\/schema\/logo\/image\/","url":"https:\/\/rodoaed.ee\/wp-content\/uploads\/2019\/11\/rodoaed-logo-ilma-taustata.jpg","contentUrl":"https:\/\/rodoaed.ee\/wp-content\/uploads\/2019\/11\/rodoaed-logo-ilma-taustata.jpg","width":769,"height":268,"caption":"Rodoaed"},"image":{"@id":"https:\/\/rodoaed.ee\/#\/schema\/logo\/image\/"},"sameAs":["https:\/\/www.facebook.com\/kasvuhooned\/","https:\/\/rodoaed.ee"]}]}},"_links":{"self":[{"href":"https:\/\/rodoaed.ee\/fi\/wp-json\/wp\/v2\/product\/53281","targetHints":{"allow":["GET"]}}],"collection":[{"href":"https:\/\/rodoaed.ee\/fi\/wp-json\/wp\/v2\/product"}],"about":[{"href":"https:\/\/rodoaed.ee\/fi\/wp-json\/wp\/v2\/types\/product"}],"wp:featuredmedia":[{"embeddable":true,"href":"https:\/\/rodoaed.ee\/fi\/wp-json\/wp\/v2\/media\/30214"}],"wp:attachment":[{"href":"https:\/\/rodoaed.ee\/fi\/wp-json\/wp\/v2\/media?parent=53281"}],"wp:term":[{"taxonomy":"product_brand","embeddable":true,"href":"https:\/\/rodoaed.ee\/fi\/wp-json\/wp\/v2\/product_brand?post=53281"},{"taxonomy":"product_cat","embeddable":true,"href":"https:\/\/rodoaed.ee\/fi\/wp-json\/wp\/v2\/product_cat?post=53281"},{"taxonomy":"product_tag","embeddable":true,"href":"https:\/\/rodoaed.ee\/fi\/wp-json\/wp\/v2\/product_tag?post=53281"}],"curies":[{"name":"wp","href":"https:\/\/api.w.org\/{rel}","templated":true}]}}