{"id":53282,"date":"2020-02-22T11:37:20","date_gmt":"2020-02-22T09:37:20","guid":{"rendered":"https:\/\/rodoaed.ee\/toode\/perunanviljelysampari-o30-x-27-cm\/"},"modified":"2026-04-13T11:03:15","modified_gmt":"2026-04-13T08:03:15","slug":"perunanviljelysampari-o30-x-27-cm","status":"publish","type":"product","link":"https:\/\/rodoaed.ee\/fi\/tuote\/perunanviljelysampari-o30-x-27-cm\/","title":{"rendered":"Perunanviljelys\u00e4mp\u00e4ri \u00f830 x 27 cm"},"content":{"rendered":"<h2>Perunakauha \u00f830 x 27 cm<\/h2>\n<p>T\u00e4m\u00e4n perunankylv\u00f6koneen avulla voit kasvattaa perunoita kuistillasi, terassillasi tai jopa kasvihuoneessasi eritt\u00e4in k\u00e4tev\u00e4sti ja siististi. Valmiit perunamukulat on helppo ottaa talteen nostamalla ruukun ulkopuoli yl\u00f6s. Ota vain niin monta perunaa kuin tarvitset sill\u00e4 hetkell\u00e4. Loput jatkavat kasvuaan.   <\/p>\n<p>Kasvata varhaisperunoita parvekkeella kuin huonekasveja tai t\u00e4yt\u00e4 koko terassi perunaruukuilla. Sitten riitt\u00e4\u00e4 koko perheelle. <\/p>\n<p>&nbsp;<\/p>\n<h2>T\u00e4rkeimm\u00e4t ominaisuudet :<\/h2>\n<ul>\n<li>Mitat: \u00f8 30,2 x K 26,7 cm.<\/li>\n<li>Paino tyhj\u00e4n\u00e4 435 g<\/li>\n<li>K\u00e4tev\u00e4 k\u00e4ytt\u00e4\u00e4 miss\u00e4 tahansa<\/li>\n<\/ul>\n<p>&nbsp;<\/p>\n<div id=\"article-specifications\" class=\"tab-links__content is-active col-md-6 mb-4\"><\/div>\n","protected":false},"excerpt":{"rendered":"<p>Perunakauha \u00f830 x 27 cm T\u00e4m\u00e4n perunankylv\u00f6koneen avulla voit kasvattaa perunoita kuistillasi, terassillasi tai jopa kasvihuoneessasi eritt\u00e4in k\u00e4tev\u00e4sti ja siististi. Valmiit perunamukulat on helppo ottaa talteen nostamalla ruukun ulkopuoli yl\u00f6s. Ota vain niin monta perunaa kuin tarvitset sill\u00e4 hetkell\u00e4. Loput jatkavat kasvuaan. Kasvata varhaisperunoita parvekkeella kuin huonekasveja tai t\u00e4yt\u00e4 koko terassi perunaruukuilla. Sitten riitt\u00e4\u00e4 koko perheelle. &nbsp; T\u00e4rkeimm\u00e4t ominaisuudet : Mitat: \u00f8 30,2 x K&#8230;<\/p>\n","protected":false},"featured_media":30183,"template":"","meta":{"_acf_changed":false},"product_brand":[],"product_cat":[1771,1876,1788,1858,1978],"product_tag":[],"class_list":{"0":"post-53282","1":"product","2":"type-product","3":"status-publish","4":"has-post-thumbnail","6":"product_cat-fiksuja-auttajia","7":"product_cat-kasviastiat-vihanneksia-varten","8":"product_cat-kukkaruukut-ja-kasviastiat","9":"product_cat-miniatyyritilat-ja-esikasvatus","10":"product_cat-pehmeat-kasviastiat","11":"product_shipping_class-toimitus-1-3-tyopaivan-kuluessa","12":"pa_variatsioon-superseeder-kylvokone-21","14":"first","15":"instock","16":"sale","17":"taxable","18":"shipping-taxable","19":"purchasable","20":"product-type-simple"},"acf":[],"yoast_head":"<!-- This site is optimized with the Yoast SEO Premium plugin v27.3 (Yoast SEO v27.3) - https:\/\/yoast.com\/product\/yoast-seo-premium-wordpress\/ -->\n<title>Perunanviljelys\u00e4mp\u00e4ri \u00f830 x 27 cm - Rodoaed<\/title>\n<meta name=\"robots\" content=\"index, follow, max-snippet:-1, max-image-preview:large, max-video-preview:-1\" \/>\n<link rel=\"canonical\" href=\"https:\/\/rodoaed.ee\/fi\/toode\/perunanviljelysampari-o30-x-27-cm\/\" \/>\n<meta property=\"og:locale\" content=\"fi_FI\" \/>\n<meta property=\"og:type\" content=\"article\" \/>\n<meta property=\"og:title\" content=\"Perunanviljelys\u00e4mp\u00e4ri \u00f830 x 27 cm\" \/>\n<meta property=\"og:description\" content=\"Perunakauha \u00f830 x 27 cm T\u00e4m\u00e4n perunankylv\u00f6koneen avulla voit kasvattaa perunoita kuistillasi, terassillasi tai jopa kasvihuoneessasi eritt\u00e4in k\u00e4tev\u00e4sti ja\" \/>\n<meta property=\"og:url\" content=\"https:\/\/rodoaed.ee\/fi\/toode\/perunanviljelysampari-o30-x-27-cm\/\" \/>\n<meta property=\"og:site_name\" content=\"Rodoaed\" \/>\n<meta property=\"article:publisher\" content=\"https:\/\/www.facebook.com\/kasvuhooned\/\" \/>\n<meta property=\"article:modified_time\" content=\"2026-04-13T08:03:15+00:00\" \/>\n<meta property=\"og:image\" content=\"https:\/\/rodoaed.ee\/wp-content\/uploads\/2020\/02\/kartuli-\u00e4mber_B1014_01.png\" \/>\n\t<meta property=\"og:image:width\" content=\"1240\" \/>\n\t<meta property=\"og:image:height\" content=\"1240\" \/>\n\t<meta property=\"og:image:type\" content=\"image\/png\" \/>\n<meta name=\"twitter:card\" content=\"summary_large_image\" \/>\n<script type=\"application\/ld+json\" class=\"yoast-schema-graph\">{\"@context\":\"https:\\\/\\\/schema.org\",\"@graph\":[{\"@type\":\"WebPage\",\"@id\":\"https:\\\/\\\/rodoaed.ee\\\/fi\\\/toode\\\/perunanviljelysampari-o30-x-27-cm\\\/\",\"url\":\"https:\\\/\\\/rodoaed.ee\\\/fi\\\/toode\\\/perunanviljelysampari-o30-x-27-cm\\\/\",\"name\":\"Perunanviljelys\u00e4mp\u00e4ri \u00f830 x 27 cm - Rodoaed\",\"isPartOf\":{\"@id\":\"https:\\\/\\\/rodoaed.ee\\\/#website\"},\"primaryImageOfPage\":{\"@id\":\"https:\\\/\\\/rodoaed.ee\\\/fi\\\/toode\\\/perunanviljelysampari-o30-x-27-cm\\\/#primaryimage\"},\"image\":{\"@id\":\"https:\\\/\\\/rodoaed.ee\\\/fi\\\/toode\\\/perunanviljelysampari-o30-x-27-cm\\\/#primaryimage\"},\"thumbnailUrl\":\"https:\\\/\\\/rodoaed.ee\\\/wp-content\\\/uploads\\\/2020\\\/02\\\/kartuli-\u00e4mber_B1014_01.png\",\"datePublished\":\"2020-02-22T09:37:20+00:00\",\"dateModified\":\"2026-04-13T08:03:15+00:00\",\"breadcrumb\":{\"@id\":\"https:\\\/\\\/rodoaed.ee\\\/fi\\\/toode\\\/perunanviljelysampari-o30-x-27-cm\\\/#breadcrumb\"},\"inLanguage\":\"fi\",\"potentialAction\":[{\"@type\":\"ReadAction\",\"target\":[\"https:\\\/\\\/rodoaed.ee\\\/fi\\\/toode\\\/perunanviljelysampari-o30-x-27-cm\\\/\"]}]},{\"@type\":\"ImageObject\",\"inLanguage\":\"fi\",\"@id\":\"https:\\\/\\\/rodoaed.ee\\\/fi\\\/toode\\\/perunanviljelysampari-o30-x-27-cm\\\/#primaryimage\",\"url\":\"https:\\\/\\\/rodoaed.ee\\\/wp-content\\\/uploads\\\/2020\\\/02\\\/kartuli-\u00e4mber_B1014_01.png\",\"contentUrl\":\"https:\\\/\\\/rodoaed.ee\\\/wp-content\\\/uploads\\\/2020\\\/02\\\/kartuli-\u00e4mber_B1014_01.png\",\"width\":1240,\"height\":1240},{\"@type\":\"BreadcrumbList\",\"@id\":\"https:\\\/\\\/rodoaed.ee\\\/fi\\\/toode\\\/perunanviljelysampari-o30-x-27-cm\\\/#breadcrumb\",\"itemListElement\":[{\"@type\":\"ListItem\",\"position\":1,\"name\":\"Home\",\"item\":\"https:\\\/\\\/rodoaed.ee\\\/fi\\\/\"},{\"@type\":\"ListItem\",\"position\":2,\"name\":\"Osta osoitteessa\",\"item\":\"https:\\\/\\\/rodoaed.ee\\\/osta-osoitteessa\\\/\"},{\"@type\":\"ListItem\",\"position\":3,\"name\":\"Perunanviljelys\u00e4mp\u00e4ri \u00f830 x 27 cm\"}]},{\"@type\":\"WebSite\",\"@id\":\"https:\\\/\\\/rodoaed.ee\\\/#website\",\"url\":\"https:\\\/\\\/rodoaed.ee\\\/\",\"name\":\"Rodoaed\",\"description\":\"\",\"publisher\":{\"@id\":\"https:\\\/\\\/rodoaed.ee\\\/#organization\"},\"potentialAction\":[{\"@type\":\"SearchAction\",\"target\":{\"@type\":\"EntryPoint\",\"urlTemplate\":\"https:\\\/\\\/rodoaed.ee\\\/?s={search_term_string}\"},\"query-input\":{\"@type\":\"PropertyValueSpecification\",\"valueRequired\":true,\"valueName\":\"search_term_string\"}}],\"inLanguage\":\"fi\"},{\"@type\":\"Organization\",\"@id\":\"https:\\\/\\\/rodoaed.ee\\\/#organization\",\"name\":\"Rodoaed\",\"url\":\"https:\\\/\\\/rodoaed.ee\\\/\",\"logo\":{\"@type\":\"ImageObject\",\"inLanguage\":\"fi\",\"@id\":\"https:\\\/\\\/rodoaed.ee\\\/#\\\/schema\\\/logo\\\/image\\\/\",\"url\":\"https:\\\/\\\/rodoaed.ee\\\/wp-content\\\/uploads\\\/2019\\\/11\\\/rodoaed-logo-ilma-taustata.jpg\",\"contentUrl\":\"https:\\\/\\\/rodoaed.ee\\\/wp-content\\\/uploads\\\/2019\\\/11\\\/rodoaed-logo-ilma-taustata.jpg\",\"width\":769,\"height\":268,\"caption\":\"Rodoaed\"},\"image\":{\"@id\":\"https:\\\/\\\/rodoaed.ee\\\/#\\\/schema\\\/logo\\\/image\\\/\"},\"sameAs\":[\"https:\\\/\\\/www.facebook.com\\\/kasvuhooned\\\/\",\"https:\\\/\\\/rodoaed.ee\"]}]}<\/script>\n<!-- \/ Yoast SEO Premium plugin. -->","yoast_head_json":{"title":"Perunanviljelys\u00e4mp\u00e4ri \u00f830 x 27 cm - Rodoaed","robots":{"index":"index","follow":"follow","max-snippet":"max-snippet:-1","max-image-preview":"max-image-preview:large","max-video-preview":"max-video-preview:-1"},"canonical":"https:\/\/rodoaed.ee\/fi\/toode\/perunanviljelysampari-o30-x-27-cm\/","og_locale":"fi_FI","og_type":"article","og_title":"Perunanviljelys\u00e4mp\u00e4ri \u00f830 x 27 cm","og_description":"Perunakauha \u00f830 x 27 cm T\u00e4m\u00e4n perunankylv\u00f6koneen avulla voit kasvattaa perunoita kuistillasi, terassillasi tai jopa kasvihuoneessasi eritt\u00e4in k\u00e4tev\u00e4sti ja","og_url":"https:\/\/rodoaed.ee\/fi\/toode\/perunanviljelysampari-o30-x-27-cm\/","og_site_name":"Rodoaed","article_publisher":"https:\/\/www.facebook.com\/kasvuhooned\/","article_modified_time":"2026-04-13T08:03:15+00:00","og_image":[{"width":1240,"height":1240,"url":"https:\/\/rodoaed.ee\/wp-content\/uploads\/2020\/02\/kartuli-\u00e4mber_B1014_01.png","type":"image\/png"}],"twitter_card":"summary_large_image","schema":{"@context":"https:\/\/schema.org","@graph":[{"@type":"WebPage","@id":"https:\/\/rodoaed.ee\/fi\/toode\/perunanviljelysampari-o30-x-27-cm\/","url":"https:\/\/rodoaed.ee\/fi\/toode\/perunanviljelysampari-o30-x-27-cm\/","name":"Perunanviljelys\u00e4mp\u00e4ri \u00f830 x 27 cm - Rodoaed","isPartOf":{"@id":"https:\/\/rodoaed.ee\/#website"},"primaryImageOfPage":{"@id":"https:\/\/rodoaed.ee\/fi\/toode\/perunanviljelysampari-o30-x-27-cm\/#primaryimage"},"image":{"@id":"https:\/\/rodoaed.ee\/fi\/toode\/perunanviljelysampari-o30-x-27-cm\/#primaryimage"},"thumbnailUrl":"https:\/\/rodoaed.ee\/wp-content\/uploads\/2020\/02\/kartuli-\u00e4mber_B1014_01.png","datePublished":"2020-02-22T09:37:20+00:00","dateModified":"2026-04-13T08:03:15+00:00","breadcrumb":{"@id":"https:\/\/rodoaed.ee\/fi\/toode\/perunanviljelysampari-o30-x-27-cm\/#breadcrumb"},"inLanguage":"fi","potentialAction":[{"@type":"ReadAction","target":["https:\/\/rodoaed.ee\/fi\/toode\/perunanviljelysampari-o30-x-27-cm\/"]}]},{"@type":"ImageObject","inLanguage":"fi","@id":"https:\/\/rodoaed.ee\/fi\/toode\/perunanviljelysampari-o30-x-27-cm\/#primaryimage","url":"https:\/\/rodoaed.ee\/wp-content\/uploads\/2020\/02\/kartuli-\u00e4mber_B1014_01.png","contentUrl":"https:\/\/rodoaed.ee\/wp-content\/uploads\/2020\/02\/kartuli-\u00e4mber_B1014_01.png","width":1240,"height":1240},{"@type":"BreadcrumbList","@id":"https:\/\/rodoaed.ee\/fi\/toode\/perunanviljelysampari-o30-x-27-cm\/#breadcrumb","itemListElement":[{"@type":"ListItem","position":1,"name":"Home","item":"https:\/\/rodoaed.ee\/fi\/"},{"@type":"ListItem","position":2,"name":"Osta osoitteessa","item":"https:\/\/rodoaed.ee\/osta-osoitteessa\/"},{"@type":"ListItem","position":3,"name":"Perunanviljelys\u00e4mp\u00e4ri \u00f830 x 27 cm"}]},{"@type":"WebSite","@id":"https:\/\/rodoaed.ee\/#website","url":"https:\/\/rodoaed.ee\/","name":"Rodoaed","description":"","publisher":{"@id":"https:\/\/rodoaed.ee\/#organization"},"potentialAction":[{"@type":"SearchAction","target":{"@type":"EntryPoint","urlTemplate":"https:\/\/rodoaed.ee\/?s={search_term_string}"},"query-input":{"@type":"PropertyValueSpecification","valueRequired":true,"valueName":"search_term_string"}}],"inLanguage":"fi"},{"@type":"Organization","@id":"https:\/\/rodoaed.ee\/#organization","name":"Rodoaed","url":"https:\/\/rodoaed.ee\/","logo":{"@type":"ImageObject","inLanguage":"fi","@id":"https:\/\/rodoaed.ee\/#\/schema\/logo\/image\/","url":"https:\/\/rodoaed.ee\/wp-content\/uploads\/2019\/11\/rodoaed-logo-ilma-taustata.jpg","contentUrl":"https:\/\/rodoaed.ee\/wp-content\/uploads\/2019\/11\/rodoaed-logo-ilma-taustata.jpg","width":769,"height":268,"caption":"Rodoaed"},"image":{"@id":"https:\/\/rodoaed.ee\/#\/schema\/logo\/image\/"},"sameAs":["https:\/\/www.facebook.com\/kasvuhooned\/","https:\/\/rodoaed.ee"]}]}},"_links":{"self":[{"href":"https:\/\/rodoaed.ee\/fi\/wp-json\/wp\/v2\/product\/53282","targetHints":{"allow":["GET"]}}],"collection":[{"href":"https:\/\/rodoaed.ee\/fi\/wp-json\/wp\/v2\/product"}],"about":[{"href":"https:\/\/rodoaed.ee\/fi\/wp-json\/wp\/v2\/types\/product"}],"wp:featuredmedia":[{"embeddable":true,"href":"https:\/\/rodoaed.ee\/fi\/wp-json\/wp\/v2\/media\/30183"}],"wp:attachment":[{"href":"https:\/\/rodoaed.ee\/fi\/wp-json\/wp\/v2\/media?parent=53282"}],"wp:term":[{"taxonomy":"product_brand","embeddable":true,"href":"https:\/\/rodoaed.ee\/fi\/wp-json\/wp\/v2\/product_brand?post=53282"},{"taxonomy":"product_cat","embeddable":true,"href":"https:\/\/rodoaed.ee\/fi\/wp-json\/wp\/v2\/product_cat?post=53282"},{"taxonomy":"product_tag","embeddable":true,"href":"https:\/\/rodoaed.ee\/fi\/wp-json\/wp\/v2\/product_tag?post=53282"}],"curies":[{"name":"wp","href":"https:\/\/api.w.org\/{rel}","templated":true}]}}