{"id":53283,"date":"2020-02-22T14:14:55","date_gmt":"2020-02-22T12:14:55","guid":{"rendered":"https:\/\/rodoaed.ee\/toode\/syomakasvien-oksasakset-ruostumatonta-terasta\/"},"modified":"2026-04-13T11:03:16","modified_gmt":"2026-04-13T08:03:16","slug":"syomakasvien-oksasakset-ruostumatonta-terasta","status":"publish","type":"product","link":"https:\/\/rodoaed.ee\/fi\/tuote\/syomakasvien-oksasakset-ruostumatonta-terasta\/","title":{"rendered":"Sy\u00f6m\u00e4kasvien oksasakset, ruostumatonta ter\u00e4st\u00e4"},"content":{"rendered":"<h2>Ruostumattomasta ter\u00e4ksest\u00e4 valmistetut oksasakset huonekasveille<\/h2>\n<p>K\u00e4tev\u00e4t pienet oksasakset huonekasveille ja sis\u00e4puutarhureille. Suuret oksasakset tekev\u00e4t huonekasvien pienten varsien, kuivuneiden lehtien ja kukannuppujen leikkaamisesta melko vaikeaa ja hankalaa. Suuret oksasakset eiv\u00e4t p\u00e4\u00e4se k\u00e4siksi ja voivat menn\u00e4 ohi, kun leikataan hyvin ohuita varsia. N\u00e4m\u00e4 pienet sakset on tehty sit\u00e4 varten. Ne ovat my\u00f6s eritt\u00e4in kauniit.    <\/p>\n<p>Se on loistava lahja kenelle tahansa hein\u00e4sirkka- ja puutarhaharrastajalle.<\/p>\n<h2>T\u00e4rkeimm\u00e4t ominaisuudet :<\/h2>\n<ul>\n<li>Mitat: L 2,2 x L 5 x K 19,4 cm.<\/li>\n<li>Paino: 94 g<\/li>\n<li>Materiaali: ruostumaton ter\u00e4s, kumikiinnitin<\/li>\n<\/ul>\n<p>&nbsp;<\/p>\n<div id=\"article-specifications\" class=\"tab-links__content is-active col-md-6 mb-4\"><\/div>\n","protected":false},"excerpt":{"rendered":"<p>Ruostumattomasta ter\u00e4ksest\u00e4 valmistetut oksasakset huonekasveille K\u00e4tev\u00e4t pienet oksasakset huonekasveille ja sis\u00e4puutarhureille. Suuret oksasakset tekev\u00e4t huonekasvien pienten varsien, kuivuneiden lehtien ja kukannuppujen leikkaamisesta melko vaikeaa ja hankalaa. Suuret oksasakset eiv\u00e4t p\u00e4\u00e4se k\u00e4siksi ja voivat menn\u00e4 ohi, kun leikataan hyvin ohuita varsia. N\u00e4m\u00e4 pienet sakset on tehty sit\u00e4 varten. Ne ovat my\u00f6s eritt\u00e4in kauniit. Se on loistava lahja kenelle tahansa hein\u00e4sirkka- ja puutarhaharrastajalle. T\u00e4rkeimm\u00e4t ominaisuudet : Mitat:&#8230;<\/p>\n","protected":false},"featured_media":30221,"template":"","meta":{"_acf_changed":false},"product_brand":[],"product_cat":[1790,1833,1867,1743],"product_tag":[],"class_list":{"0":"post-53283","1":"product","2":"type-product","3":"status-publish","4":"has-post-thumbnail","6":"product_cat-kasvuun-tarvittavat-tyokalut","7":"product_cat-lahjat-naisille","8":"product_cat-leikkuulaitteet","9":"product_cat-lisalahjat-lahjat","10":"product_shipping_class-toimitus-1-3-tyopaivan-kuluessa","11":"pa_variatsioon-superseeder-kylvokone-21","13":"first","14":"instock","15":"sale","16":"taxable","17":"shipping-taxable","18":"purchasable","19":"product-type-simple"},"acf":[],"yoast_head":"<!-- This site is optimized with the Yoast SEO Premium plugin v27.3 (Yoast SEO v27.3) - https:\/\/yoast.com\/product\/yoast-seo-premium-wordpress\/ -->\n<title>Sy\u00f6m\u00e4kasvien oksasakset, ruostumatonta ter\u00e4st\u00e4 - Rodoaed<\/title>\n<meta name=\"robots\" content=\"index, follow, max-snippet:-1, max-image-preview:large, max-video-preview:-1\" \/>\n<link rel=\"canonical\" href=\"https:\/\/rodoaed.ee\/fi\/toode\/syomakasvien-oksasakset-ruostumatonta-terasta\/\" \/>\n<meta property=\"og:locale\" content=\"fi_FI\" \/>\n<meta property=\"og:type\" content=\"article\" \/>\n<meta property=\"og:title\" content=\"Sy\u00f6m\u00e4kasvien oksasakset, ruostumatonta ter\u00e4st\u00e4\" \/>\n<meta property=\"og:description\" content=\"Ruostumattomasta ter\u00e4ksest\u00e4 valmistetut oksasakset huonekasveille K\u00e4tev\u00e4t pienet oksasakset huonekasveille ja sis\u00e4puutarhureille. Suuret oksasakset\" \/>\n<meta property=\"og:url\" content=\"https:\/\/rodoaed.ee\/fi\/toode\/syomakasvien-oksasakset-ruostumatonta-terasta\/\" \/>\n<meta property=\"og:site_name\" content=\"Rodoaed\" \/>\n<meta property=\"article:publisher\" content=\"https:\/\/www.facebook.com\/kasvuhooned\/\" \/>\n<meta property=\"article:modified_time\" content=\"2026-04-13T08:03:16+00:00\" \/>\n<meta property=\"og:image\" content=\"https:\/\/rodoaed.ee\/wp-content\/uploads\/2020\/02\/oksak\u00e4\u00e4rid-toataimedele_GT176_01.png\" \/>\n\t<meta property=\"og:image:width\" content=\"1240\" \/>\n\t<meta property=\"og:image:height\" content=\"1240\" \/>\n\t<meta property=\"og:image:type\" content=\"image\/png\" \/>\n<meta name=\"twitter:card\" content=\"summary_large_image\" \/>\n<script type=\"application\/ld+json\" class=\"yoast-schema-graph\">{\"@context\":\"https:\\\/\\\/schema.org\",\"@graph\":[{\"@type\":\"WebPage\",\"@id\":\"https:\\\/\\\/rodoaed.ee\\\/fi\\\/toode\\\/syomakasvien-oksasakset-ruostumatonta-terasta\\\/\",\"url\":\"https:\\\/\\\/rodoaed.ee\\\/fi\\\/toode\\\/syomakasvien-oksasakset-ruostumatonta-terasta\\\/\",\"name\":\"Sy\u00f6m\u00e4kasvien oksasakset, ruostumatonta ter\u00e4st\u00e4 - Rodoaed\",\"isPartOf\":{\"@id\":\"https:\\\/\\\/rodoaed.ee\\\/#website\"},\"primaryImageOfPage\":{\"@id\":\"https:\\\/\\\/rodoaed.ee\\\/fi\\\/toode\\\/syomakasvien-oksasakset-ruostumatonta-terasta\\\/#primaryimage\"},\"image\":{\"@id\":\"https:\\\/\\\/rodoaed.ee\\\/fi\\\/toode\\\/syomakasvien-oksasakset-ruostumatonta-terasta\\\/#primaryimage\"},\"thumbnailUrl\":\"https:\\\/\\\/rodoaed.ee\\\/wp-content\\\/uploads\\\/2020\\\/02\\\/oksak\u00e4\u00e4rid-toataimedele_GT176_01.png\",\"datePublished\":\"2020-02-22T12:14:55+00:00\",\"dateModified\":\"2026-04-13T08:03:16+00:00\",\"breadcrumb\":{\"@id\":\"https:\\\/\\\/rodoaed.ee\\\/fi\\\/toode\\\/syomakasvien-oksasakset-ruostumatonta-terasta\\\/#breadcrumb\"},\"inLanguage\":\"fi\",\"potentialAction\":[{\"@type\":\"ReadAction\",\"target\":[\"https:\\\/\\\/rodoaed.ee\\\/fi\\\/toode\\\/syomakasvien-oksasakset-ruostumatonta-terasta\\\/\"]}]},{\"@type\":\"ImageObject\",\"inLanguage\":\"fi\",\"@id\":\"https:\\\/\\\/rodoaed.ee\\\/fi\\\/toode\\\/syomakasvien-oksasakset-ruostumatonta-terasta\\\/#primaryimage\",\"url\":\"https:\\\/\\\/rodoaed.ee\\\/wp-content\\\/uploads\\\/2020\\\/02\\\/oksak\u00e4\u00e4rid-toataimedele_GT176_01.png\",\"contentUrl\":\"https:\\\/\\\/rodoaed.ee\\\/wp-content\\\/uploads\\\/2020\\\/02\\\/oksak\u00e4\u00e4rid-toataimedele_GT176_01.png\",\"width\":1240,\"height\":1240},{\"@type\":\"BreadcrumbList\",\"@id\":\"https:\\\/\\\/rodoaed.ee\\\/fi\\\/toode\\\/syomakasvien-oksasakset-ruostumatonta-terasta\\\/#breadcrumb\",\"itemListElement\":[{\"@type\":\"ListItem\",\"position\":1,\"name\":\"Home\",\"item\":\"https:\\\/\\\/rodoaed.ee\\\/fi\\\/\"},{\"@type\":\"ListItem\",\"position\":2,\"name\":\"Osta osoitteessa\",\"item\":\"https:\\\/\\\/rodoaed.ee\\\/osta-osoitteessa\\\/\"},{\"@type\":\"ListItem\",\"position\":3,\"name\":\"Sy\u00f6m\u00e4kasvien oksasakset, ruostumatonta ter\u00e4st\u00e4\"}]},{\"@type\":\"WebSite\",\"@id\":\"https:\\\/\\\/rodoaed.ee\\\/#website\",\"url\":\"https:\\\/\\\/rodoaed.ee\\\/\",\"name\":\"Rodoaed\",\"description\":\"\",\"publisher\":{\"@id\":\"https:\\\/\\\/rodoaed.ee\\\/#organization\"},\"potentialAction\":[{\"@type\":\"SearchAction\",\"target\":{\"@type\":\"EntryPoint\",\"urlTemplate\":\"https:\\\/\\\/rodoaed.ee\\\/?s={search_term_string}\"},\"query-input\":{\"@type\":\"PropertyValueSpecification\",\"valueRequired\":true,\"valueName\":\"search_term_string\"}}],\"inLanguage\":\"fi\"},{\"@type\":\"Organization\",\"@id\":\"https:\\\/\\\/rodoaed.ee\\\/#organization\",\"name\":\"Rodoaed\",\"url\":\"https:\\\/\\\/rodoaed.ee\\\/\",\"logo\":{\"@type\":\"ImageObject\",\"inLanguage\":\"fi\",\"@id\":\"https:\\\/\\\/rodoaed.ee\\\/#\\\/schema\\\/logo\\\/image\\\/\",\"url\":\"https:\\\/\\\/rodoaed.ee\\\/wp-content\\\/uploads\\\/2019\\\/11\\\/rodoaed-logo-ilma-taustata.jpg\",\"contentUrl\":\"https:\\\/\\\/rodoaed.ee\\\/wp-content\\\/uploads\\\/2019\\\/11\\\/rodoaed-logo-ilma-taustata.jpg\",\"width\":769,\"height\":268,\"caption\":\"Rodoaed\"},\"image\":{\"@id\":\"https:\\\/\\\/rodoaed.ee\\\/#\\\/schema\\\/logo\\\/image\\\/\"},\"sameAs\":[\"https:\\\/\\\/www.facebook.com\\\/kasvuhooned\\\/\",\"https:\\\/\\\/rodoaed.ee\"]}]}<\/script>\n<!-- \/ Yoast SEO Premium plugin. -->","yoast_head_json":{"title":"Sy\u00f6m\u00e4kasvien oksasakset, ruostumatonta ter\u00e4st\u00e4 - Rodoaed","robots":{"index":"index","follow":"follow","max-snippet":"max-snippet:-1","max-image-preview":"max-image-preview:large","max-video-preview":"max-video-preview:-1"},"canonical":"https:\/\/rodoaed.ee\/fi\/toode\/syomakasvien-oksasakset-ruostumatonta-terasta\/","og_locale":"fi_FI","og_type":"article","og_title":"Sy\u00f6m\u00e4kasvien oksasakset, ruostumatonta ter\u00e4st\u00e4","og_description":"Ruostumattomasta ter\u00e4ksest\u00e4 valmistetut oksasakset huonekasveille K\u00e4tev\u00e4t pienet oksasakset huonekasveille ja sis\u00e4puutarhureille. Suuret oksasakset","og_url":"https:\/\/rodoaed.ee\/fi\/toode\/syomakasvien-oksasakset-ruostumatonta-terasta\/","og_site_name":"Rodoaed","article_publisher":"https:\/\/www.facebook.com\/kasvuhooned\/","article_modified_time":"2026-04-13T08:03:16+00:00","og_image":[{"width":1240,"height":1240,"url":"https:\/\/rodoaed.ee\/wp-content\/uploads\/2020\/02\/oksak\u00e4\u00e4rid-toataimedele_GT176_01.png","type":"image\/png"}],"twitter_card":"summary_large_image","schema":{"@context":"https:\/\/schema.org","@graph":[{"@type":"WebPage","@id":"https:\/\/rodoaed.ee\/fi\/toode\/syomakasvien-oksasakset-ruostumatonta-terasta\/","url":"https:\/\/rodoaed.ee\/fi\/toode\/syomakasvien-oksasakset-ruostumatonta-terasta\/","name":"Sy\u00f6m\u00e4kasvien oksasakset, ruostumatonta ter\u00e4st\u00e4 - Rodoaed","isPartOf":{"@id":"https:\/\/rodoaed.ee\/#website"},"primaryImageOfPage":{"@id":"https:\/\/rodoaed.ee\/fi\/toode\/syomakasvien-oksasakset-ruostumatonta-terasta\/#primaryimage"},"image":{"@id":"https:\/\/rodoaed.ee\/fi\/toode\/syomakasvien-oksasakset-ruostumatonta-terasta\/#primaryimage"},"thumbnailUrl":"https:\/\/rodoaed.ee\/wp-content\/uploads\/2020\/02\/oksak\u00e4\u00e4rid-toataimedele_GT176_01.png","datePublished":"2020-02-22T12:14:55+00:00","dateModified":"2026-04-13T08:03:16+00:00","breadcrumb":{"@id":"https:\/\/rodoaed.ee\/fi\/toode\/syomakasvien-oksasakset-ruostumatonta-terasta\/#breadcrumb"},"inLanguage":"fi","potentialAction":[{"@type":"ReadAction","target":["https:\/\/rodoaed.ee\/fi\/toode\/syomakasvien-oksasakset-ruostumatonta-terasta\/"]}]},{"@type":"ImageObject","inLanguage":"fi","@id":"https:\/\/rodoaed.ee\/fi\/toode\/syomakasvien-oksasakset-ruostumatonta-terasta\/#primaryimage","url":"https:\/\/rodoaed.ee\/wp-content\/uploads\/2020\/02\/oksak\u00e4\u00e4rid-toataimedele_GT176_01.png","contentUrl":"https:\/\/rodoaed.ee\/wp-content\/uploads\/2020\/02\/oksak\u00e4\u00e4rid-toataimedele_GT176_01.png","width":1240,"height":1240},{"@type":"BreadcrumbList","@id":"https:\/\/rodoaed.ee\/fi\/toode\/syomakasvien-oksasakset-ruostumatonta-terasta\/#breadcrumb","itemListElement":[{"@type":"ListItem","position":1,"name":"Home","item":"https:\/\/rodoaed.ee\/fi\/"},{"@type":"ListItem","position":2,"name":"Osta osoitteessa","item":"https:\/\/rodoaed.ee\/osta-osoitteessa\/"},{"@type":"ListItem","position":3,"name":"Sy\u00f6m\u00e4kasvien oksasakset, ruostumatonta ter\u00e4st\u00e4"}]},{"@type":"WebSite","@id":"https:\/\/rodoaed.ee\/#website","url":"https:\/\/rodoaed.ee\/","name":"Rodoaed","description":"","publisher":{"@id":"https:\/\/rodoaed.ee\/#organization"},"potentialAction":[{"@type":"SearchAction","target":{"@type":"EntryPoint","urlTemplate":"https:\/\/rodoaed.ee\/?s={search_term_string}"},"query-input":{"@type":"PropertyValueSpecification","valueRequired":true,"valueName":"search_term_string"}}],"inLanguage":"fi"},{"@type":"Organization","@id":"https:\/\/rodoaed.ee\/#organization","name":"Rodoaed","url":"https:\/\/rodoaed.ee\/","logo":{"@type":"ImageObject","inLanguage":"fi","@id":"https:\/\/rodoaed.ee\/#\/schema\/logo\/image\/","url":"https:\/\/rodoaed.ee\/wp-content\/uploads\/2019\/11\/rodoaed-logo-ilma-taustata.jpg","contentUrl":"https:\/\/rodoaed.ee\/wp-content\/uploads\/2019\/11\/rodoaed-logo-ilma-taustata.jpg","width":769,"height":268,"caption":"Rodoaed"},"image":{"@id":"https:\/\/rodoaed.ee\/#\/schema\/logo\/image\/"},"sameAs":["https:\/\/www.facebook.com\/kasvuhooned\/","https:\/\/rodoaed.ee"]}]}},"_links":{"self":[{"href":"https:\/\/rodoaed.ee\/fi\/wp-json\/wp\/v2\/product\/53283","targetHints":{"allow":["GET"]}}],"collection":[{"href":"https:\/\/rodoaed.ee\/fi\/wp-json\/wp\/v2\/product"}],"about":[{"href":"https:\/\/rodoaed.ee\/fi\/wp-json\/wp\/v2\/types\/product"}],"wp:featuredmedia":[{"embeddable":true,"href":"https:\/\/rodoaed.ee\/fi\/wp-json\/wp\/v2\/media\/30221"}],"wp:attachment":[{"href":"https:\/\/rodoaed.ee\/fi\/wp-json\/wp\/v2\/media?parent=53283"}],"wp:term":[{"taxonomy":"product_brand","embeddable":true,"href":"https:\/\/rodoaed.ee\/fi\/wp-json\/wp\/v2\/product_brand?post=53283"},{"taxonomy":"product_cat","embeddable":true,"href":"https:\/\/rodoaed.ee\/fi\/wp-json\/wp\/v2\/product_cat?post=53283"},{"taxonomy":"product_tag","embeddable":true,"href":"https:\/\/rodoaed.ee\/fi\/wp-json\/wp\/v2\/product_tag?post=53283"}],"curies":[{"name":"wp","href":"https:\/\/api.w.org\/{rel}","templated":true}]}}