{"id":53284,"date":"2020-02-22T11:54:05","date_gmt":"2020-02-22T09:54:05","guid":{"rendered":"https:\/\/rodoaed.ee\/toode\/siemenpuikko-pieni-17cm-pyokki\/"},"modified":"2026-04-13T11:03:16","modified_gmt":"2026-04-13T08:03:16","slug":"siemenpuikko-pieni-17cm-pyokki","status":"publish","type":"product","link":"https:\/\/rodoaed.ee\/fi\/tuote\/siemenpuikko-pieni-17cm-pyokki\/","title":{"rendered":"Siemenpuikko pieni 17cm py\u00f6kki"},"content":{"rendered":"<h2>K\u00e4tev\u00e4 ty\u00f6kalu kylv\u00f6\u00e4 ja istutusta varten<\/h2>\n<p>Voit k\u00e4ytt\u00e4\u00e4 kylv\u00f6keppi\u00e4 tasaisten reikien tekemiseen siementen kylv\u00f6\u00e4 varten kasetti- tai vihannespuutarhaan. Se on valmistettu kevyest\u00e4 mutta vahvasta py\u00f6kkipuusta. <\/p>\n<p>&nbsp;<\/p>\n<h2>T\u00e4rkeimm\u00e4t ominaisuudet :<\/h2>\n<ul>\n<li>Mitat: \u00f8 1,8 cm x 17 cm.<\/li>\n<li>Paino: 20 g<\/li>\n<li>Materiaali: py\u00f6kki<\/li>\n<\/ul>\n<p>&nbsp;<\/p>\n<div id=\"article-specifications\" class=\"tab-links__content is-active col-md-6 mb-4\"><\/div>\n","protected":false},"excerpt":{"rendered":"<p>K\u00e4tev\u00e4 ty\u00f6kalu kylv\u00f6\u00e4 ja istutusta varten Voit k\u00e4ytt\u00e4\u00e4 kylv\u00f6keppi\u00e4 tasaisten reikien tekemiseen siementen kylv\u00f6\u00e4 varten kasetti- tai vihannespuutarhaan. Se on valmistettu kevyest\u00e4 mutta vahvasta py\u00f6kkipuusta. &nbsp; T\u00e4rkeimm\u00e4t ominaisuudet : Mitat: \u00f8 1,8 cm x 17 cm. Paino: 20 g Materiaali: py\u00f6kki &nbsp;<\/p>\n","protected":false},"featured_media":30187,"template":"","meta":{"_acf_changed":false},"product_brand":[],"product_cat":[1771,1776,1790,1814,1743,1858],"product_tag":[],"class_list":{"0":"post-53284","1":"product","2":"type-product","3":"status-publish","4":"has-post-thumbnail","6":"product_cat-fiksuja-auttajia","7":"product_cat-hyodylliset-lisavarusteet","8":"product_cat-kasvuun-tarvittavat-tyokalut","9":"product_cat-kylvo-ja-siemenlaatikot","10":"product_cat-lisalahjat-lahjat","11":"product_cat-miniatyyritilat-ja-esikasvatus","12":"product_shipping_class-toimitus-1-3-tyopaivan-kuluessa","13":"pa_variatsioon-superseeder-kylvokone-21","15":"first","16":"instock","17":"sale","18":"taxable","19":"shipping-taxable","20":"purchasable","21":"product-type-simple"},"acf":[],"yoast_head":"<!-- This site is optimized with the Yoast SEO Premium plugin v27.3 (Yoast SEO v27.3) - https:\/\/yoast.com\/product\/yoast-seo-premium-wordpress\/ -->\n<title>Siemenpuikko pieni 17cm py\u00f6kki - Rodoaed<\/title>\n<meta name=\"robots\" content=\"index, follow, max-snippet:-1, max-image-preview:large, max-video-preview:-1\" \/>\n<link rel=\"canonical\" href=\"https:\/\/rodoaed.ee\/fi\/toode\/siemenpuikko-pieni-17cm-pyokki\/\" \/>\n<meta property=\"og:locale\" content=\"fi_FI\" \/>\n<meta property=\"og:type\" content=\"article\" \/>\n<meta property=\"og:title\" content=\"Siemenpuikko pieni 17cm py\u00f6kki\" \/>\n<meta property=\"og:description\" content=\"K\u00e4tev\u00e4 ty\u00f6kalu kylv\u00f6\u00e4 ja istutusta varten Voit k\u00e4ytt\u00e4\u00e4 kylv\u00f6keppi\u00e4 tasaisten reikien tekemiseen siementen kylv\u00f6\u00e4 varten kasetti- tai vihannespuutarhaan.\" \/>\n<meta property=\"og:url\" content=\"https:\/\/rodoaed.ee\/fi\/toode\/siemenpuikko-pieni-17cm-pyokki\/\" \/>\n<meta property=\"og:site_name\" content=\"Rodoaed\" \/>\n<meta property=\"article:publisher\" content=\"https:\/\/www.facebook.com\/kasvuhooned\/\" \/>\n<meta property=\"article:modified_time\" content=\"2026-04-13T08:03:16+00:00\" \/>\n<meta property=\"og:image\" content=\"https:\/\/rodoaed.ee\/wp-content\/uploads\/2020\/02\/k\u00fclvipulk_W4007_01.png\" \/>\n\t<meta property=\"og:image:width\" content=\"1240\" \/>\n\t<meta property=\"og:image:height\" content=\"1240\" \/>\n\t<meta property=\"og:image:type\" content=\"image\/png\" \/>\n<meta name=\"twitter:card\" content=\"summary_large_image\" \/>\n<script type=\"application\/ld+json\" class=\"yoast-schema-graph\">{\"@context\":\"https:\\\/\\\/schema.org\",\"@graph\":[{\"@type\":\"WebPage\",\"@id\":\"https:\\\/\\\/rodoaed.ee\\\/fi\\\/toode\\\/siemenpuikko-pieni-17cm-pyokki\\\/\",\"url\":\"https:\\\/\\\/rodoaed.ee\\\/fi\\\/toode\\\/siemenpuikko-pieni-17cm-pyokki\\\/\",\"name\":\"Siemenpuikko pieni 17cm py\u00f6kki - Rodoaed\",\"isPartOf\":{\"@id\":\"https:\\\/\\\/rodoaed.ee\\\/#website\"},\"primaryImageOfPage\":{\"@id\":\"https:\\\/\\\/rodoaed.ee\\\/fi\\\/toode\\\/siemenpuikko-pieni-17cm-pyokki\\\/#primaryimage\"},\"image\":{\"@id\":\"https:\\\/\\\/rodoaed.ee\\\/fi\\\/toode\\\/siemenpuikko-pieni-17cm-pyokki\\\/#primaryimage\"},\"thumbnailUrl\":\"https:\\\/\\\/rodoaed.ee\\\/wp-content\\\/uploads\\\/2020\\\/02\\\/k\u00fclvipulk_W4007_01.png\",\"datePublished\":\"2020-02-22T09:54:05+00:00\",\"dateModified\":\"2026-04-13T08:03:16+00:00\",\"breadcrumb\":{\"@id\":\"https:\\\/\\\/rodoaed.ee\\\/fi\\\/toode\\\/siemenpuikko-pieni-17cm-pyokki\\\/#breadcrumb\"},\"inLanguage\":\"fi\",\"potentialAction\":[{\"@type\":\"ReadAction\",\"target\":[\"https:\\\/\\\/rodoaed.ee\\\/fi\\\/toode\\\/siemenpuikko-pieni-17cm-pyokki\\\/\"]}]},{\"@type\":\"ImageObject\",\"inLanguage\":\"fi\",\"@id\":\"https:\\\/\\\/rodoaed.ee\\\/fi\\\/toode\\\/siemenpuikko-pieni-17cm-pyokki\\\/#primaryimage\",\"url\":\"https:\\\/\\\/rodoaed.ee\\\/wp-content\\\/uploads\\\/2020\\\/02\\\/k\u00fclvipulk_W4007_01.png\",\"contentUrl\":\"https:\\\/\\\/rodoaed.ee\\\/wp-content\\\/uploads\\\/2020\\\/02\\\/k\u00fclvipulk_W4007_01.png\",\"width\":1240,\"height\":1240},{\"@type\":\"BreadcrumbList\",\"@id\":\"https:\\\/\\\/rodoaed.ee\\\/fi\\\/toode\\\/siemenpuikko-pieni-17cm-pyokki\\\/#breadcrumb\",\"itemListElement\":[{\"@type\":\"ListItem\",\"position\":1,\"name\":\"Home\",\"item\":\"https:\\\/\\\/rodoaed.ee\\\/fi\\\/\"},{\"@type\":\"ListItem\",\"position\":2,\"name\":\"Osta osoitteessa\",\"item\":\"https:\\\/\\\/rodoaed.ee\\\/osta-osoitteessa\\\/\"},{\"@type\":\"ListItem\",\"position\":3,\"name\":\"Siemenpuikko pieni 17cm py\u00f6kki\"}]},{\"@type\":\"WebSite\",\"@id\":\"https:\\\/\\\/rodoaed.ee\\\/#website\",\"url\":\"https:\\\/\\\/rodoaed.ee\\\/\",\"name\":\"Rodoaed\",\"description\":\"\",\"publisher\":{\"@id\":\"https:\\\/\\\/rodoaed.ee\\\/#organization\"},\"potentialAction\":[{\"@type\":\"SearchAction\",\"target\":{\"@type\":\"EntryPoint\",\"urlTemplate\":\"https:\\\/\\\/rodoaed.ee\\\/?s={search_term_string}\"},\"query-input\":{\"@type\":\"PropertyValueSpecification\",\"valueRequired\":true,\"valueName\":\"search_term_string\"}}],\"inLanguage\":\"fi\"},{\"@type\":\"Organization\",\"@id\":\"https:\\\/\\\/rodoaed.ee\\\/#organization\",\"name\":\"Rodoaed\",\"url\":\"https:\\\/\\\/rodoaed.ee\\\/\",\"logo\":{\"@type\":\"ImageObject\",\"inLanguage\":\"fi\",\"@id\":\"https:\\\/\\\/rodoaed.ee\\\/#\\\/schema\\\/logo\\\/image\\\/\",\"url\":\"https:\\\/\\\/rodoaed.ee\\\/wp-content\\\/uploads\\\/2019\\\/11\\\/rodoaed-logo-ilma-taustata.jpg\",\"contentUrl\":\"https:\\\/\\\/rodoaed.ee\\\/wp-content\\\/uploads\\\/2019\\\/11\\\/rodoaed-logo-ilma-taustata.jpg\",\"width\":769,\"height\":268,\"caption\":\"Rodoaed\"},\"image\":{\"@id\":\"https:\\\/\\\/rodoaed.ee\\\/#\\\/schema\\\/logo\\\/image\\\/\"},\"sameAs\":[\"https:\\\/\\\/www.facebook.com\\\/kasvuhooned\\\/\",\"https:\\\/\\\/rodoaed.ee\"]}]}<\/script>\n<!-- \/ Yoast SEO Premium plugin. -->","yoast_head_json":{"title":"Siemenpuikko pieni 17cm py\u00f6kki - Rodoaed","robots":{"index":"index","follow":"follow","max-snippet":"max-snippet:-1","max-image-preview":"max-image-preview:large","max-video-preview":"max-video-preview:-1"},"canonical":"https:\/\/rodoaed.ee\/fi\/toode\/siemenpuikko-pieni-17cm-pyokki\/","og_locale":"fi_FI","og_type":"article","og_title":"Siemenpuikko pieni 17cm py\u00f6kki","og_description":"K\u00e4tev\u00e4 ty\u00f6kalu kylv\u00f6\u00e4 ja istutusta varten Voit k\u00e4ytt\u00e4\u00e4 kylv\u00f6keppi\u00e4 tasaisten reikien tekemiseen siementen kylv\u00f6\u00e4 varten kasetti- tai vihannespuutarhaan.","og_url":"https:\/\/rodoaed.ee\/fi\/toode\/siemenpuikko-pieni-17cm-pyokki\/","og_site_name":"Rodoaed","article_publisher":"https:\/\/www.facebook.com\/kasvuhooned\/","article_modified_time":"2026-04-13T08:03:16+00:00","og_image":[{"width":1240,"height":1240,"url":"https:\/\/rodoaed.ee\/wp-content\/uploads\/2020\/02\/k\u00fclvipulk_W4007_01.png","type":"image\/png"}],"twitter_card":"summary_large_image","schema":{"@context":"https:\/\/schema.org","@graph":[{"@type":"WebPage","@id":"https:\/\/rodoaed.ee\/fi\/toode\/siemenpuikko-pieni-17cm-pyokki\/","url":"https:\/\/rodoaed.ee\/fi\/toode\/siemenpuikko-pieni-17cm-pyokki\/","name":"Siemenpuikko pieni 17cm py\u00f6kki - Rodoaed","isPartOf":{"@id":"https:\/\/rodoaed.ee\/#website"},"primaryImageOfPage":{"@id":"https:\/\/rodoaed.ee\/fi\/toode\/siemenpuikko-pieni-17cm-pyokki\/#primaryimage"},"image":{"@id":"https:\/\/rodoaed.ee\/fi\/toode\/siemenpuikko-pieni-17cm-pyokki\/#primaryimage"},"thumbnailUrl":"https:\/\/rodoaed.ee\/wp-content\/uploads\/2020\/02\/k\u00fclvipulk_W4007_01.png","datePublished":"2020-02-22T09:54:05+00:00","dateModified":"2026-04-13T08:03:16+00:00","breadcrumb":{"@id":"https:\/\/rodoaed.ee\/fi\/toode\/siemenpuikko-pieni-17cm-pyokki\/#breadcrumb"},"inLanguage":"fi","potentialAction":[{"@type":"ReadAction","target":["https:\/\/rodoaed.ee\/fi\/toode\/siemenpuikko-pieni-17cm-pyokki\/"]}]},{"@type":"ImageObject","inLanguage":"fi","@id":"https:\/\/rodoaed.ee\/fi\/toode\/siemenpuikko-pieni-17cm-pyokki\/#primaryimage","url":"https:\/\/rodoaed.ee\/wp-content\/uploads\/2020\/02\/k\u00fclvipulk_W4007_01.png","contentUrl":"https:\/\/rodoaed.ee\/wp-content\/uploads\/2020\/02\/k\u00fclvipulk_W4007_01.png","width":1240,"height":1240},{"@type":"BreadcrumbList","@id":"https:\/\/rodoaed.ee\/fi\/toode\/siemenpuikko-pieni-17cm-pyokki\/#breadcrumb","itemListElement":[{"@type":"ListItem","position":1,"name":"Home","item":"https:\/\/rodoaed.ee\/fi\/"},{"@type":"ListItem","position":2,"name":"Osta osoitteessa","item":"https:\/\/rodoaed.ee\/osta-osoitteessa\/"},{"@type":"ListItem","position":3,"name":"Siemenpuikko pieni 17cm py\u00f6kki"}]},{"@type":"WebSite","@id":"https:\/\/rodoaed.ee\/#website","url":"https:\/\/rodoaed.ee\/","name":"Rodoaed","description":"","publisher":{"@id":"https:\/\/rodoaed.ee\/#organization"},"potentialAction":[{"@type":"SearchAction","target":{"@type":"EntryPoint","urlTemplate":"https:\/\/rodoaed.ee\/?s={search_term_string}"},"query-input":{"@type":"PropertyValueSpecification","valueRequired":true,"valueName":"search_term_string"}}],"inLanguage":"fi"},{"@type":"Organization","@id":"https:\/\/rodoaed.ee\/#organization","name":"Rodoaed","url":"https:\/\/rodoaed.ee\/","logo":{"@type":"ImageObject","inLanguage":"fi","@id":"https:\/\/rodoaed.ee\/#\/schema\/logo\/image\/","url":"https:\/\/rodoaed.ee\/wp-content\/uploads\/2019\/11\/rodoaed-logo-ilma-taustata.jpg","contentUrl":"https:\/\/rodoaed.ee\/wp-content\/uploads\/2019\/11\/rodoaed-logo-ilma-taustata.jpg","width":769,"height":268,"caption":"Rodoaed"},"image":{"@id":"https:\/\/rodoaed.ee\/#\/schema\/logo\/image\/"},"sameAs":["https:\/\/www.facebook.com\/kasvuhooned\/","https:\/\/rodoaed.ee"]}]}},"_links":{"self":[{"href":"https:\/\/rodoaed.ee\/fi\/wp-json\/wp\/v2\/product\/53284","targetHints":{"allow":["GET"]}}],"collection":[{"href":"https:\/\/rodoaed.ee\/fi\/wp-json\/wp\/v2\/product"}],"about":[{"href":"https:\/\/rodoaed.ee\/fi\/wp-json\/wp\/v2\/types\/product"}],"wp:featuredmedia":[{"embeddable":true,"href":"https:\/\/rodoaed.ee\/fi\/wp-json\/wp\/v2\/media\/30187"}],"wp:attachment":[{"href":"https:\/\/rodoaed.ee\/fi\/wp-json\/wp\/v2\/media?parent=53284"}],"wp:term":[{"taxonomy":"product_brand","embeddable":true,"href":"https:\/\/rodoaed.ee\/fi\/wp-json\/wp\/v2\/product_brand?post=53284"},{"taxonomy":"product_cat","embeddable":true,"href":"https:\/\/rodoaed.ee\/fi\/wp-json\/wp\/v2\/product_cat?post=53284"},{"taxonomy":"product_tag","embeddable":true,"href":"https:\/\/rodoaed.ee\/fi\/wp-json\/wp\/v2\/product_tag?post=53284"}],"curies":[{"name":"wp","href":"https:\/\/api.w.org\/{rel}","templated":true}]}}