{"id":53286,"date":"2020-02-23T12:39:55","date_gmt":"2020-02-23T10:39:55","guid":{"rendered":"https:\/\/rodoaed.ee\/toode\/kasvinaru-katevassa-sailytyspurkissa\/"},"modified":"2026-04-13T11:03:24","modified_gmt":"2026-04-13T08:03:24","slug":"kasvinaru-katevassa-sailytyspurkissa","status":"publish","type":"product","link":"https:\/\/rodoaed.ee\/fi\/tuote\/kasvinaru-katevassa-sailytyspurkissa\/","title":{"rendered":"Kasvinaru k\u00e4tev\u00e4ss\u00e4 s\u00e4ilytyspurkissa"},"content":{"rendered":"<h2>Kasvinsidontanaru k\u00e4tev\u00e4ss\u00e4 s\u00e4ilytyspurkissa &#8211; n\u00e4in naru ei solmuunnu ja sotkeudu.<\/h2>\n<p>Purkkeja ei k\u00e4ytet\u00e4 vain keitti\u00f6ss\u00e4 hilloa varten. Purkkeja k\u00e4ytet\u00e4\u00e4n my\u00f6s puutarhaty\u00f6kalujen ja pienempien ty\u00f6kalujen s\u00e4ilytykseen. T\u00e4ss\u00e4 k\u00e4tev\u00e4n kokoisessa lasipurkissa n\u00e4et, mit\u00e4 purkissa on, mutta purkissa on my\u00f6s vintage-tyylinen tarra.  <\/p>\n<p>T\u00e4m\u00e4 vihre\u00e4, luonnollinen j\u00e4k\u00e4l\u00e4m\u00e4inen puutarhak\u00f6ysi sopii erinomaisesti k\u00f6ynn\u00f6sten, kuten tomaattien ja kurkkujen, sitomiseen, pensaiden tukemiseen ja moniin muihin puutarhanhoitot\u00f6ihin. Se on 100 % luonnonkuitua, s\u00e4\u00e4nkest\u00e4v\u00e4 ja 55 m pitk\u00e4. Lasipurkki pit\u00e4\u00e4 narun puhtaana, ja kannessa olevan rei\u00e4n ansiosta on helppo ottaa tarvittava m\u00e4\u00e4r\u00e4 narua kannen rei\u00e4n l\u00e4pi ilman, ett\u00e4 loput narusta menee solmuun.  <\/p>\n<h2>T\u00e4rkeimm\u00e4t ominaisuudet :<\/h2>\n<ul>\n<li>Mitat: \u00f8 8 x K 13,4 cm<\/li>\n<li>Paino: 500 g<\/li>\n<li>Tilavuus: 0,4 L<\/li>\n<li>Materiaali: lasipurkki, jossa metallikansi, sis\u00e4ll\u00e4 johto.<\/li>\n<\/ul>\n<p>&nbsp;<\/p>\n<div id=\"article-specifications\" class=\"tab-links__content is-active col-md-6 mb-4\"><\/div>\n","protected":false},"excerpt":{"rendered":"<p>Kasvinsidontanaru k\u00e4tev\u00e4ss\u00e4 s\u00e4ilytyspurkissa &#8211; n\u00e4in naru ei solmuunnu ja sotkeudu. Purkkeja ei k\u00e4ytet\u00e4 vain keitti\u00f6ss\u00e4 hilloa varten. Purkkeja k\u00e4ytet\u00e4\u00e4n my\u00f6s puutarhaty\u00f6kalujen ja pienempien ty\u00f6kalujen s\u00e4ilytykseen. T\u00e4ss\u00e4 k\u00e4tev\u00e4n kokoisessa lasipurkissa n\u00e4et, mit\u00e4 purkissa on, mutta purkissa on my\u00f6s vintage-tyylinen tarra. T\u00e4m\u00e4 vihre\u00e4, luonnollinen j\u00e4k\u00e4l\u00e4m\u00e4inen puutarhak\u00f6ysi sopii erinomaisesti k\u00f6ynn\u00f6sten, kuten tomaattien ja kurkkujen, sitomiseen, pensaiden tukemiseen ja moniin muihin puutarhanhoitot\u00f6ihin. Se on 100 % luonnonkuitua, s\u00e4\u00e4nkest\u00e4v\u00e4 ja&#8230;<\/p>\n","protected":false},"featured_media":30233,"template":"","meta":{"_acf_changed":false},"product_brand":[],"product_cat":[1771,1776,1811,1790,1772,1743],"product_tag":[],"class_list":{"0":"post-53286","1":"product","2":"type-product","3":"status-publish","4":"has-post-thumbnail","6":"product_cat-fiksuja-auttajia","7":"product_cat-hyodylliset-lisavarusteet","8":"product_cat-kasvien-kasvattaminen","9":"product_cat-kasvuun-tarvittavat-tyokalut","10":"product_cat-lahjat-puutarhurille","11":"product_cat-lisalahjat-lahjat","12":"product_shipping_class-toimitus-1-3-tyopaivan-kuluessa","13":"pa_variatsioon-superseeder-kylvokone-21","15":"first","16":"outofstock","17":"taxable","18":"shipping-taxable","19":"purchasable","20":"product-type-simple"},"acf":[],"yoast_head":"<!-- This site is optimized with the Yoast SEO Premium plugin v27.3 (Yoast SEO v27.3) - https:\/\/yoast.com\/product\/yoast-seo-premium-wordpress\/ -->\n<title>Kasvinaru k\u00e4tev\u00e4ss\u00e4 s\u00e4ilytyspurkissa - Rodoaed<\/title>\n<meta name=\"robots\" content=\"index, follow, max-snippet:-1, max-image-preview:large, max-video-preview:-1\" \/>\n<link rel=\"canonical\" href=\"https:\/\/rodoaed.ee\/fi\/toode\/kasvinaru-katevassa-sailytyspurkissa\/\" \/>\n<meta property=\"og:locale\" content=\"fi_FI\" \/>\n<meta property=\"og:type\" content=\"article\" \/>\n<meta property=\"og:title\" content=\"Kasvinaru k\u00e4tev\u00e4ss\u00e4 s\u00e4ilytyspurkissa\" \/>\n<meta property=\"og:description\" content=\"Kasvinsidontanaru k\u00e4tev\u00e4ss\u00e4 s\u00e4ilytyspurkissa - n\u00e4in naru ei solmuunnu ja sotkeudu. Purkkeja ei k\u00e4ytet\u00e4 vain keitti\u00f6ss\u00e4 hilloa varten. Purkkeja k\u00e4ytet\u00e4\u00e4n\" \/>\n<meta property=\"og:url\" content=\"https:\/\/rodoaed.ee\/fi\/toode\/kasvinaru-katevassa-sailytyspurkissa\/\" \/>\n<meta property=\"og:site_name\" content=\"Rodoaed\" \/>\n<meta property=\"article:publisher\" content=\"https:\/\/www.facebook.com\/kasvuhooned\/\" \/>\n<meta property=\"article:modified_time\" content=\"2026-04-13T08:03:24+00:00\" \/>\n<meta property=\"og:image\" content=\"https:\/\/rodoaed.ee\/wp-content\/uploads\/2020\/02\/GT92_01.png\" \/>\n\t<meta property=\"og:image:width\" content=\"1240\" \/>\n\t<meta property=\"og:image:height\" content=\"1240\" \/>\n\t<meta property=\"og:image:type\" content=\"image\/png\" \/>\n<meta name=\"twitter:card\" content=\"summary_large_image\" \/>\n<meta name=\"twitter:label1\" content=\"Arvioitu lukuaika\" \/>\n\t<meta name=\"twitter:data1\" content=\"1 minuutti\" \/>\n<script type=\"application\/ld+json\" class=\"yoast-schema-graph\">{\"@context\":\"https:\\\/\\\/schema.org\",\"@graph\":[{\"@type\":\"WebPage\",\"@id\":\"https:\\\/\\\/rodoaed.ee\\\/fi\\\/toode\\\/kasvinaru-katevassa-sailytyspurkissa\\\/\",\"url\":\"https:\\\/\\\/rodoaed.ee\\\/fi\\\/toode\\\/kasvinaru-katevassa-sailytyspurkissa\\\/\",\"name\":\"Kasvinaru k\u00e4tev\u00e4ss\u00e4 s\u00e4ilytyspurkissa - Rodoaed\",\"isPartOf\":{\"@id\":\"https:\\\/\\\/rodoaed.ee\\\/#website\"},\"primaryImageOfPage\":{\"@id\":\"https:\\\/\\\/rodoaed.ee\\\/fi\\\/toode\\\/kasvinaru-katevassa-sailytyspurkissa\\\/#primaryimage\"},\"image\":{\"@id\":\"https:\\\/\\\/rodoaed.ee\\\/fi\\\/toode\\\/kasvinaru-katevassa-sailytyspurkissa\\\/#primaryimage\"},\"thumbnailUrl\":\"https:\\\/\\\/rodoaed.ee\\\/wp-content\\\/uploads\\\/2020\\\/02\\\/GT92_01.png\",\"datePublished\":\"2020-02-23T10:39:55+00:00\",\"dateModified\":\"2026-04-13T08:03:24+00:00\",\"breadcrumb\":{\"@id\":\"https:\\\/\\\/rodoaed.ee\\\/fi\\\/toode\\\/kasvinaru-katevassa-sailytyspurkissa\\\/#breadcrumb\"},\"inLanguage\":\"fi\",\"potentialAction\":[{\"@type\":\"ReadAction\",\"target\":[\"https:\\\/\\\/rodoaed.ee\\\/fi\\\/toode\\\/kasvinaru-katevassa-sailytyspurkissa\\\/\"]}]},{\"@type\":\"ImageObject\",\"inLanguage\":\"fi\",\"@id\":\"https:\\\/\\\/rodoaed.ee\\\/fi\\\/toode\\\/kasvinaru-katevassa-sailytyspurkissa\\\/#primaryimage\",\"url\":\"https:\\\/\\\/rodoaed.ee\\\/wp-content\\\/uploads\\\/2020\\\/02\\\/GT92_01.png\",\"contentUrl\":\"https:\\\/\\\/rodoaed.ee\\\/wp-content\\\/uploads\\\/2020\\\/02\\\/GT92_01.png\",\"width\":1240,\"height\":1240},{\"@type\":\"BreadcrumbList\",\"@id\":\"https:\\\/\\\/rodoaed.ee\\\/fi\\\/toode\\\/kasvinaru-katevassa-sailytyspurkissa\\\/#breadcrumb\",\"itemListElement\":[{\"@type\":\"ListItem\",\"position\":1,\"name\":\"Home\",\"item\":\"https:\\\/\\\/rodoaed.ee\\\/fi\\\/\"},{\"@type\":\"ListItem\",\"position\":2,\"name\":\"Osta osoitteessa\",\"item\":\"https:\\\/\\\/rodoaed.ee\\\/osta-osoitteessa\\\/\"},{\"@type\":\"ListItem\",\"position\":3,\"name\":\"Kasvinaru k\u00e4tev\u00e4ss\u00e4 s\u00e4ilytyspurkissa\"}]},{\"@type\":\"WebSite\",\"@id\":\"https:\\\/\\\/rodoaed.ee\\\/#website\",\"url\":\"https:\\\/\\\/rodoaed.ee\\\/\",\"name\":\"Rodoaed\",\"description\":\"\",\"publisher\":{\"@id\":\"https:\\\/\\\/rodoaed.ee\\\/#organization\"},\"potentialAction\":[{\"@type\":\"SearchAction\",\"target\":{\"@type\":\"EntryPoint\",\"urlTemplate\":\"https:\\\/\\\/rodoaed.ee\\\/?s={search_term_string}\"},\"query-input\":{\"@type\":\"PropertyValueSpecification\",\"valueRequired\":true,\"valueName\":\"search_term_string\"}}],\"inLanguage\":\"fi\"},{\"@type\":\"Organization\",\"@id\":\"https:\\\/\\\/rodoaed.ee\\\/#organization\",\"name\":\"Rodoaed\",\"url\":\"https:\\\/\\\/rodoaed.ee\\\/\",\"logo\":{\"@type\":\"ImageObject\",\"inLanguage\":\"fi\",\"@id\":\"https:\\\/\\\/rodoaed.ee\\\/#\\\/schema\\\/logo\\\/image\\\/\",\"url\":\"https:\\\/\\\/rodoaed.ee\\\/wp-content\\\/uploads\\\/2019\\\/11\\\/rodoaed-logo-ilma-taustata.jpg\",\"contentUrl\":\"https:\\\/\\\/rodoaed.ee\\\/wp-content\\\/uploads\\\/2019\\\/11\\\/rodoaed-logo-ilma-taustata.jpg\",\"width\":769,\"height\":268,\"caption\":\"Rodoaed\"},\"image\":{\"@id\":\"https:\\\/\\\/rodoaed.ee\\\/#\\\/schema\\\/logo\\\/image\\\/\"},\"sameAs\":[\"https:\\\/\\\/www.facebook.com\\\/kasvuhooned\\\/\",\"https:\\\/\\\/rodoaed.ee\"]}]}<\/script>\n<!-- \/ Yoast SEO Premium plugin. -->","yoast_head_json":{"title":"Kasvinaru k\u00e4tev\u00e4ss\u00e4 s\u00e4ilytyspurkissa - Rodoaed","robots":{"index":"index","follow":"follow","max-snippet":"max-snippet:-1","max-image-preview":"max-image-preview:large","max-video-preview":"max-video-preview:-1"},"canonical":"https:\/\/rodoaed.ee\/fi\/toode\/kasvinaru-katevassa-sailytyspurkissa\/","og_locale":"fi_FI","og_type":"article","og_title":"Kasvinaru k\u00e4tev\u00e4ss\u00e4 s\u00e4ilytyspurkissa","og_description":"Kasvinsidontanaru k\u00e4tev\u00e4ss\u00e4 s\u00e4ilytyspurkissa - n\u00e4in naru ei solmuunnu ja sotkeudu. Purkkeja ei k\u00e4ytet\u00e4 vain keitti\u00f6ss\u00e4 hilloa varten. Purkkeja k\u00e4ytet\u00e4\u00e4n","og_url":"https:\/\/rodoaed.ee\/fi\/toode\/kasvinaru-katevassa-sailytyspurkissa\/","og_site_name":"Rodoaed","article_publisher":"https:\/\/www.facebook.com\/kasvuhooned\/","article_modified_time":"2026-04-13T08:03:24+00:00","og_image":[{"width":1240,"height":1240,"url":"https:\/\/rodoaed.ee\/wp-content\/uploads\/2020\/02\/GT92_01.png","type":"image\/png"}],"twitter_card":"summary_large_image","twitter_misc":{"Arvioitu lukuaika":"1 minuutti"},"schema":{"@context":"https:\/\/schema.org","@graph":[{"@type":"WebPage","@id":"https:\/\/rodoaed.ee\/fi\/toode\/kasvinaru-katevassa-sailytyspurkissa\/","url":"https:\/\/rodoaed.ee\/fi\/toode\/kasvinaru-katevassa-sailytyspurkissa\/","name":"Kasvinaru k\u00e4tev\u00e4ss\u00e4 s\u00e4ilytyspurkissa - Rodoaed","isPartOf":{"@id":"https:\/\/rodoaed.ee\/#website"},"primaryImageOfPage":{"@id":"https:\/\/rodoaed.ee\/fi\/toode\/kasvinaru-katevassa-sailytyspurkissa\/#primaryimage"},"image":{"@id":"https:\/\/rodoaed.ee\/fi\/toode\/kasvinaru-katevassa-sailytyspurkissa\/#primaryimage"},"thumbnailUrl":"https:\/\/rodoaed.ee\/wp-content\/uploads\/2020\/02\/GT92_01.png","datePublished":"2020-02-23T10:39:55+00:00","dateModified":"2026-04-13T08:03:24+00:00","breadcrumb":{"@id":"https:\/\/rodoaed.ee\/fi\/toode\/kasvinaru-katevassa-sailytyspurkissa\/#breadcrumb"},"inLanguage":"fi","potentialAction":[{"@type":"ReadAction","target":["https:\/\/rodoaed.ee\/fi\/toode\/kasvinaru-katevassa-sailytyspurkissa\/"]}]},{"@type":"ImageObject","inLanguage":"fi","@id":"https:\/\/rodoaed.ee\/fi\/toode\/kasvinaru-katevassa-sailytyspurkissa\/#primaryimage","url":"https:\/\/rodoaed.ee\/wp-content\/uploads\/2020\/02\/GT92_01.png","contentUrl":"https:\/\/rodoaed.ee\/wp-content\/uploads\/2020\/02\/GT92_01.png","width":1240,"height":1240},{"@type":"BreadcrumbList","@id":"https:\/\/rodoaed.ee\/fi\/toode\/kasvinaru-katevassa-sailytyspurkissa\/#breadcrumb","itemListElement":[{"@type":"ListItem","position":1,"name":"Home","item":"https:\/\/rodoaed.ee\/fi\/"},{"@type":"ListItem","position":2,"name":"Osta osoitteessa","item":"https:\/\/rodoaed.ee\/osta-osoitteessa\/"},{"@type":"ListItem","position":3,"name":"Kasvinaru k\u00e4tev\u00e4ss\u00e4 s\u00e4ilytyspurkissa"}]},{"@type":"WebSite","@id":"https:\/\/rodoaed.ee\/#website","url":"https:\/\/rodoaed.ee\/","name":"Rodoaed","description":"","publisher":{"@id":"https:\/\/rodoaed.ee\/#organization"},"potentialAction":[{"@type":"SearchAction","target":{"@type":"EntryPoint","urlTemplate":"https:\/\/rodoaed.ee\/?s={search_term_string}"},"query-input":{"@type":"PropertyValueSpecification","valueRequired":true,"valueName":"search_term_string"}}],"inLanguage":"fi"},{"@type":"Organization","@id":"https:\/\/rodoaed.ee\/#organization","name":"Rodoaed","url":"https:\/\/rodoaed.ee\/","logo":{"@type":"ImageObject","inLanguage":"fi","@id":"https:\/\/rodoaed.ee\/#\/schema\/logo\/image\/","url":"https:\/\/rodoaed.ee\/wp-content\/uploads\/2019\/11\/rodoaed-logo-ilma-taustata.jpg","contentUrl":"https:\/\/rodoaed.ee\/wp-content\/uploads\/2019\/11\/rodoaed-logo-ilma-taustata.jpg","width":769,"height":268,"caption":"Rodoaed"},"image":{"@id":"https:\/\/rodoaed.ee\/#\/schema\/logo\/image\/"},"sameAs":["https:\/\/www.facebook.com\/kasvuhooned\/","https:\/\/rodoaed.ee"]}]}},"_links":{"self":[{"href":"https:\/\/rodoaed.ee\/fi\/wp-json\/wp\/v2\/product\/53286","targetHints":{"allow":["GET"]}}],"collection":[{"href":"https:\/\/rodoaed.ee\/fi\/wp-json\/wp\/v2\/product"}],"about":[{"href":"https:\/\/rodoaed.ee\/fi\/wp-json\/wp\/v2\/types\/product"}],"wp:featuredmedia":[{"embeddable":true,"href":"https:\/\/rodoaed.ee\/fi\/wp-json\/wp\/v2\/media\/30233"}],"wp:attachment":[{"href":"https:\/\/rodoaed.ee\/fi\/wp-json\/wp\/v2\/media?parent=53286"}],"wp:term":[{"taxonomy":"product_brand","embeddable":true,"href":"https:\/\/rodoaed.ee\/fi\/wp-json\/wp\/v2\/product_brand?post=53286"},{"taxonomy":"product_cat","embeddable":true,"href":"https:\/\/rodoaed.ee\/fi\/wp-json\/wp\/v2\/product_cat?post=53286"},{"taxonomy":"product_tag","embeddable":true,"href":"https:\/\/rodoaed.ee\/fi\/wp-json\/wp\/v2\/product_tag?post=53286"}],"curies":[{"name":"wp","href":"https:\/\/api.w.org\/{rel}","templated":true}]}}