{"id":53287,"date":"2020-03-03T12:55:26","date_gmt":"2020-03-03T10:55:26","guid":{"rendered":"https:\/\/rodoaed.ee\/toode\/taimelamp-florabooster-led-60cm\/"},"modified":"2026-04-13T11:03:24","modified_gmt":"2026-04-13T08:03:24","slug":"taimelamp-florabooster-led-60cm","status":"publish","type":"product","link":"https:\/\/rodoaed.ee\/fi\/tuote\/taimelamp-florabooster-led-60cm\/","title":{"rendered":"Taimelamp Florabooster LED 60cm"},"content":{"rendered":"<h3>Uusi tekniikka oikean spektrin Taimelampulla. Kompakti, mukava ja tehokas! <\/h3>\n<p>Erikoinen Florabooster LED-kasvilamppu on ihanteellinen ratkaisu ikkunalaudalla tai kukkapenkiss\u00e4 oleville kasveille, jotka eiv\u00e4t saa riitt\u00e4v\u00e4sti valoa. LED-valaisimen valospektri on s\u00e4\u00e4detty tarkasti kasveille sopivaksi, jotta se stimuloi kasvua ja kukintaa. Kun olet asentanut t\u00e4m\u00e4n kasvivalaisimen, voit pian n\u00e4hd\u00e4 uuden tuoreen kasvun ja vahvemmat lehdet.  <\/p>\n<p>Florabooster LED-kasvilamppu on saatavana kolmessa pituudessa: 60, 90 ja 120 cm. Valaisin voidaan ripustaa vaakasuoraan jalustaan (sis\u00e4ltyy toimitukseen) tai pystysuoraan sein\u00e4lle. Valaisimen p\u00e4iss\u00e4 on k\u00e4tev\u00e4t jatkoliittimet, joten voit helposti liitt\u00e4\u00e4 3 muuta lamppua toisiinsa. N\u00e4in voit valita tarkalleen, miten lamput syttyv\u00e4t.   <\/p>\n<p>Sarjaan kuuluu my\u00f6s ripustuskaapeli ja johto useiden valaisimien yhdist\u00e4mist\u00e4 varten.<\/p>\n<h4>T\u00e4rkeimm\u00e4t ominaisuudet<\/h4>\n<ul>\n<li>Korkean intensiteetin valo<\/li>\n<li>Valovoima 600 lumenia<\/li>\n<li>Edist\u00e4\u00e4 klorofyllin synteesi\u00e4 kasvien lehdiss\u00e4 ja kasvua.<\/li>\n<li>Soveltuu k\u00e4ytett\u00e4v\u00e4ksi ikkunalaudoilla, istutusastioissa sek\u00e4 mini- ja kasvihuoneissa.<\/li>\n<li>Ymp\u00e4rivuotinen valaistus kasveille<\/li>\n<li>IP 44 kosteudenkest\u00e4vyys, sopii kosteisiin tiloihin ja kasvihuoneisiin.<\/li>\n<\/ul>\n<p>&nbsp;<\/p>\n<div><a href=\"https:\/\/rodoaed.ee\/fi\/\">kotisivu<\/a> <a href=\"https:\/\/rodoaed.ee\/tootekategooria\/kasvuhooned-ja-talveaiad\/\">k\u00e4ynnist\u00e4<\/a> <a href=\"https:\/\/rodoaed.ee\/fi\/tootekategooria\/kasvihuoneen-tarvikkeet\/\">tarvikkeet<\/a> <a href=\"https:\/\/rodoaed.ee\/fi\/tootekategooria\/kasvihuoneen-tarvikkeet\/kasvihuoneen-valaistus\/\">valaistus<\/a><\/div>\n<div>\n<div><\/div>\n<\/div>\n","protected":false},"excerpt":{"rendered":"<p>Uusi tekniikka oikean spektrin Taimelampulla. Kompakti, mukava ja tehokas! Erikoinen Florabooster LED-kasvilamppu on ihanteellinen ratkaisu ikkunalaudalla tai kukkapenkiss\u00e4 oleville kasveille, jotka eiv\u00e4t saa riitt\u00e4v\u00e4sti valoa. LED-valaisimen valospektri on s\u00e4\u00e4detty tarkasti kasveille sopivaksi, jotta se stimuloi kasvua ja kukintaa. Kun olet asentanut t\u00e4m\u00e4n kasvivalaisimen, voit pian n\u00e4hd\u00e4 uuden tuoreen kasvun ja vahvemmat lehdet. Florabooster LED-kasvilamppu on saatavana kolmessa pituudessa: 60, 90 ja 120 cm. Valaisin voidaan&#8230;<\/p>\n","protected":false},"featured_media":30769,"template":"","meta":{"_acf_changed":false},"product_brand":[],"product_cat":[1811,1869,1870,1871],"product_tag":[],"class_list":{"0":"post-53287","1":"product","2":"type-product","3":"status-publish","4":"has-post-thumbnail","6":"product_cat-kasvien-kasvattaminen","7":"product_cat-kasvihuoneen-tarvikkeet","8":"product_cat-kasvihuoneen-valaistus","9":"product_cat-kasvisipulit","10":"product_shipping_class-toimitus-1-3-tyopaivan-kuluessa","11":"pa_variatsioon-energiaa-saastava-kasvilamppu-l15","13":"first","14":"instock","15":"sale","16":"taxable","17":"shipping-taxable","18":"purchasable","19":"product-type-simple"},"acf":[],"yoast_head":"<!-- This site is optimized with the Yoast SEO Premium plugin v27.3 (Yoast SEO v27.3) - https:\/\/yoast.com\/product\/yoast-seo-premium-wordpress\/ -->\n<title>Taimelamp Florabooster LED 60cm - Rodoaed<\/title>\n<meta name=\"description\" content=\"Anna kasveillesi parhaat mahdolliset kasvuolosuhteet ymp\u00e4ri vuoden antamalla niille t\u00e4yden spektrin valoa my\u00f6s vuoden pimeimpin\u00e4 kuukausina.\" \/>\n<meta name=\"robots\" content=\"index, follow, max-snippet:-1, max-image-preview:large, max-video-preview:-1\" \/>\n<link rel=\"canonical\" href=\"https:\/\/rodoaed.ee\/fi\/toode\/taimelamp-florabooster-led-60cm\/\" \/>\n<meta property=\"og:locale\" content=\"fi_FI\" \/>\n<meta property=\"og:type\" content=\"article\" \/>\n<meta property=\"og:title\" content=\"Taimelamp Florabooster LED 60cm\" \/>\n<meta property=\"og:description\" content=\"Uusi tekniikka oikean spektrin Taimelampulla. Kompakti, mukava ja tehokas! Erikoinen Florabooster LED-kasvilamppu on ihanteellinen ratkaisu ikkunalaudalla\" \/>\n<meta property=\"og:url\" content=\"https:\/\/rodoaed.ee\/fi\/toode\/taimelamp-florabooster-led-60cm\/\" \/>\n<meta property=\"og:site_name\" content=\"Rodoaed\" \/>\n<meta property=\"article:publisher\" content=\"https:\/\/www.facebook.com\/kasvuhooned\/\" \/>\n<meta property=\"article:modified_time\" content=\"2026-04-13T08:03:24+00:00\" \/>\n<meta property=\"og:image\" content=\"https:\/\/rodoaed.ee\/wp-content\/uploads\/2020\/03\/taimelamp-florabooster_01.jpg\" \/>\n\t<meta property=\"og:image:width\" content=\"1700\" \/>\n\t<meta property=\"og:image:height\" content=\"1133\" \/>\n\t<meta property=\"og:image:type\" content=\"image\/jpeg\" \/>\n<meta name=\"twitter:card\" content=\"summary_large_image\" \/>\n<meta name=\"twitter:label1\" content=\"Arvioitu lukuaika\" \/>\n\t<meta name=\"twitter:data1\" content=\"1 minuutti\" \/>\n<script type=\"application\/ld+json\" class=\"yoast-schema-graph\">{\"@context\":\"https:\\\/\\\/schema.org\",\"@graph\":[{\"@type\":\"WebPage\",\"@id\":\"https:\\\/\\\/rodoaed.ee\\\/fi\\\/toode\\\/taimelamp-florabooster-led-60cm\\\/\",\"url\":\"https:\\\/\\\/rodoaed.ee\\\/fi\\\/toode\\\/taimelamp-florabooster-led-60cm\\\/\",\"name\":\"Taimelamp Florabooster LED 60cm - Rodoaed\",\"isPartOf\":{\"@id\":\"https:\\\/\\\/rodoaed.ee\\\/#website\"},\"primaryImageOfPage\":{\"@id\":\"https:\\\/\\\/rodoaed.ee\\\/fi\\\/toode\\\/taimelamp-florabooster-led-60cm\\\/#primaryimage\"},\"image\":{\"@id\":\"https:\\\/\\\/rodoaed.ee\\\/fi\\\/toode\\\/taimelamp-florabooster-led-60cm\\\/#primaryimage\"},\"thumbnailUrl\":\"https:\\\/\\\/rodoaed.ee\\\/wp-content\\\/uploads\\\/2020\\\/03\\\/taimelamp-florabooster_01.jpg\",\"datePublished\":\"2020-03-03T10:55:26+00:00\",\"dateModified\":\"2026-04-13T08:03:24+00:00\",\"description\":\"Anna kasveillesi parhaat mahdolliset kasvuolosuhteet ymp\u00e4ri vuoden antamalla niille t\u00e4yden spektrin valoa my\u00f6s vuoden pimeimpin\u00e4 kuukausina.\",\"breadcrumb\":{\"@id\":\"https:\\\/\\\/rodoaed.ee\\\/fi\\\/toode\\\/taimelamp-florabooster-led-60cm\\\/#breadcrumb\"},\"inLanguage\":\"fi\",\"potentialAction\":[{\"@type\":\"ReadAction\",\"target\":[\"https:\\\/\\\/rodoaed.ee\\\/fi\\\/toode\\\/taimelamp-florabooster-led-60cm\\\/\"]}]},{\"@type\":\"ImageObject\",\"inLanguage\":\"fi\",\"@id\":\"https:\\\/\\\/rodoaed.ee\\\/fi\\\/toode\\\/taimelamp-florabooster-led-60cm\\\/#primaryimage\",\"url\":\"https:\\\/\\\/rodoaed.ee\\\/wp-content\\\/uploads\\\/2020\\\/03\\\/taimelamp-florabooster_01.jpg\",\"contentUrl\":\"https:\\\/\\\/rodoaed.ee\\\/wp-content\\\/uploads\\\/2020\\\/03\\\/taimelamp-florabooster_01.jpg\",\"width\":1700,\"height\":1133,\"caption\":\"kasvilamppu\"},{\"@type\":\"BreadcrumbList\",\"@id\":\"https:\\\/\\\/rodoaed.ee\\\/fi\\\/toode\\\/taimelamp-florabooster-led-60cm\\\/#breadcrumb\",\"itemListElement\":[{\"@type\":\"ListItem\",\"position\":1,\"name\":\"Home\",\"item\":\"https:\\\/\\\/rodoaed.ee\\\/fi\\\/\"},{\"@type\":\"ListItem\",\"position\":2,\"name\":\"Osta osoitteessa\",\"item\":\"https:\\\/\\\/rodoaed.ee\\\/osta-osoitteessa\\\/\"},{\"@type\":\"ListItem\",\"position\":3,\"name\":\"Taimelamp Florabooster LED 60cm\"}]},{\"@type\":\"WebSite\",\"@id\":\"https:\\\/\\\/rodoaed.ee\\\/#website\",\"url\":\"https:\\\/\\\/rodoaed.ee\\\/\",\"name\":\"Rodoaed\",\"description\":\"\",\"publisher\":{\"@id\":\"https:\\\/\\\/rodoaed.ee\\\/#organization\"},\"potentialAction\":[{\"@type\":\"SearchAction\",\"target\":{\"@type\":\"EntryPoint\",\"urlTemplate\":\"https:\\\/\\\/rodoaed.ee\\\/?s={search_term_string}\"},\"query-input\":{\"@type\":\"PropertyValueSpecification\",\"valueRequired\":true,\"valueName\":\"search_term_string\"}}],\"inLanguage\":\"fi\"},{\"@type\":\"Organization\",\"@id\":\"https:\\\/\\\/rodoaed.ee\\\/#organization\",\"name\":\"Rodoaed\",\"url\":\"https:\\\/\\\/rodoaed.ee\\\/\",\"logo\":{\"@type\":\"ImageObject\",\"inLanguage\":\"fi\",\"@id\":\"https:\\\/\\\/rodoaed.ee\\\/#\\\/schema\\\/logo\\\/image\\\/\",\"url\":\"https:\\\/\\\/rodoaed.ee\\\/wp-content\\\/uploads\\\/2019\\\/11\\\/rodoaed-logo-ilma-taustata.jpg\",\"contentUrl\":\"https:\\\/\\\/rodoaed.ee\\\/wp-content\\\/uploads\\\/2019\\\/11\\\/rodoaed-logo-ilma-taustata.jpg\",\"width\":769,\"height\":268,\"caption\":\"Rodoaed\"},\"image\":{\"@id\":\"https:\\\/\\\/rodoaed.ee\\\/#\\\/schema\\\/logo\\\/image\\\/\"},\"sameAs\":[\"https:\\\/\\\/www.facebook.com\\\/kasvuhooned\\\/\",\"https:\\\/\\\/rodoaed.ee\"]}]}<\/script>\n<!-- \/ Yoast SEO Premium plugin. -->","yoast_head_json":{"title":"Taimelamp Florabooster LED 60cm - Rodoaed","description":"Anna kasveillesi parhaat mahdolliset kasvuolosuhteet ymp\u00e4ri vuoden antamalla niille t\u00e4yden spektrin valoa my\u00f6s vuoden pimeimpin\u00e4 kuukausina.","robots":{"index":"index","follow":"follow","max-snippet":"max-snippet:-1","max-image-preview":"max-image-preview:large","max-video-preview":"max-video-preview:-1"},"canonical":"https:\/\/rodoaed.ee\/fi\/toode\/taimelamp-florabooster-led-60cm\/","og_locale":"fi_FI","og_type":"article","og_title":"Taimelamp Florabooster LED 60cm","og_description":"Uusi tekniikka oikean spektrin Taimelampulla. Kompakti, mukava ja tehokas! Erikoinen Florabooster LED-kasvilamppu on ihanteellinen ratkaisu ikkunalaudalla","og_url":"https:\/\/rodoaed.ee\/fi\/toode\/taimelamp-florabooster-led-60cm\/","og_site_name":"Rodoaed","article_publisher":"https:\/\/www.facebook.com\/kasvuhooned\/","article_modified_time":"2026-04-13T08:03:24+00:00","og_image":[{"width":1700,"height":1133,"url":"https:\/\/rodoaed.ee\/wp-content\/uploads\/2020\/03\/taimelamp-florabooster_01.jpg","type":"image\/jpeg"}],"twitter_card":"summary_large_image","twitter_misc":{"Arvioitu lukuaika":"1 minuutti"},"schema":{"@context":"https:\/\/schema.org","@graph":[{"@type":"WebPage","@id":"https:\/\/rodoaed.ee\/fi\/toode\/taimelamp-florabooster-led-60cm\/","url":"https:\/\/rodoaed.ee\/fi\/toode\/taimelamp-florabooster-led-60cm\/","name":"Taimelamp Florabooster LED 60cm - Rodoaed","isPartOf":{"@id":"https:\/\/rodoaed.ee\/#website"},"primaryImageOfPage":{"@id":"https:\/\/rodoaed.ee\/fi\/toode\/taimelamp-florabooster-led-60cm\/#primaryimage"},"image":{"@id":"https:\/\/rodoaed.ee\/fi\/toode\/taimelamp-florabooster-led-60cm\/#primaryimage"},"thumbnailUrl":"https:\/\/rodoaed.ee\/wp-content\/uploads\/2020\/03\/taimelamp-florabooster_01.jpg","datePublished":"2020-03-03T10:55:26+00:00","dateModified":"2026-04-13T08:03:24+00:00","description":"Anna kasveillesi parhaat mahdolliset kasvuolosuhteet ymp\u00e4ri vuoden antamalla niille t\u00e4yden spektrin valoa my\u00f6s vuoden pimeimpin\u00e4 kuukausina.","breadcrumb":{"@id":"https:\/\/rodoaed.ee\/fi\/toode\/taimelamp-florabooster-led-60cm\/#breadcrumb"},"inLanguage":"fi","potentialAction":[{"@type":"ReadAction","target":["https:\/\/rodoaed.ee\/fi\/toode\/taimelamp-florabooster-led-60cm\/"]}]},{"@type":"ImageObject","inLanguage":"fi","@id":"https:\/\/rodoaed.ee\/fi\/toode\/taimelamp-florabooster-led-60cm\/#primaryimage","url":"https:\/\/rodoaed.ee\/wp-content\/uploads\/2020\/03\/taimelamp-florabooster_01.jpg","contentUrl":"https:\/\/rodoaed.ee\/wp-content\/uploads\/2020\/03\/taimelamp-florabooster_01.jpg","width":1700,"height":1133,"caption":"kasvilamppu"},{"@type":"BreadcrumbList","@id":"https:\/\/rodoaed.ee\/fi\/toode\/taimelamp-florabooster-led-60cm\/#breadcrumb","itemListElement":[{"@type":"ListItem","position":1,"name":"Home","item":"https:\/\/rodoaed.ee\/fi\/"},{"@type":"ListItem","position":2,"name":"Osta osoitteessa","item":"https:\/\/rodoaed.ee\/osta-osoitteessa\/"},{"@type":"ListItem","position":3,"name":"Taimelamp Florabooster LED 60cm"}]},{"@type":"WebSite","@id":"https:\/\/rodoaed.ee\/#website","url":"https:\/\/rodoaed.ee\/","name":"Rodoaed","description":"","publisher":{"@id":"https:\/\/rodoaed.ee\/#organization"},"potentialAction":[{"@type":"SearchAction","target":{"@type":"EntryPoint","urlTemplate":"https:\/\/rodoaed.ee\/?s={search_term_string}"},"query-input":{"@type":"PropertyValueSpecification","valueRequired":true,"valueName":"search_term_string"}}],"inLanguage":"fi"},{"@type":"Organization","@id":"https:\/\/rodoaed.ee\/#organization","name":"Rodoaed","url":"https:\/\/rodoaed.ee\/","logo":{"@type":"ImageObject","inLanguage":"fi","@id":"https:\/\/rodoaed.ee\/#\/schema\/logo\/image\/","url":"https:\/\/rodoaed.ee\/wp-content\/uploads\/2019\/11\/rodoaed-logo-ilma-taustata.jpg","contentUrl":"https:\/\/rodoaed.ee\/wp-content\/uploads\/2019\/11\/rodoaed-logo-ilma-taustata.jpg","width":769,"height":268,"caption":"Rodoaed"},"image":{"@id":"https:\/\/rodoaed.ee\/#\/schema\/logo\/image\/"},"sameAs":["https:\/\/www.facebook.com\/kasvuhooned\/","https:\/\/rodoaed.ee"]}]}},"_links":{"self":[{"href":"https:\/\/rodoaed.ee\/fi\/wp-json\/wp\/v2\/product\/53287","targetHints":{"allow":["GET"]}}],"collection":[{"href":"https:\/\/rodoaed.ee\/fi\/wp-json\/wp\/v2\/product"}],"about":[{"href":"https:\/\/rodoaed.ee\/fi\/wp-json\/wp\/v2\/types\/product"}],"wp:featuredmedia":[{"embeddable":true,"href":"https:\/\/rodoaed.ee\/fi\/wp-json\/wp\/v2\/media\/30769"}],"wp:attachment":[{"href":"https:\/\/rodoaed.ee\/fi\/wp-json\/wp\/v2\/media?parent=53287"}],"wp:term":[{"taxonomy":"product_brand","embeddable":true,"href":"https:\/\/rodoaed.ee\/fi\/wp-json\/wp\/v2\/product_brand?post=53287"},{"taxonomy":"product_cat","embeddable":true,"href":"https:\/\/rodoaed.ee\/fi\/wp-json\/wp\/v2\/product_cat?post=53287"},{"taxonomy":"product_tag","embeddable":true,"href":"https:\/\/rodoaed.ee\/fi\/wp-json\/wp\/v2\/product_tag?post=53287"}],"curies":[{"name":"wp","href":"https:\/\/api.w.org\/{rel}","templated":true}]}}