{"id":53288,"date":"2020-03-03T13:30:09","date_gmt":"2020-03-03T11:30:09","guid":{"rendered":"https:\/\/rodoaed.ee\/toode\/jalka-kyyhkyselle-florabooster\/"},"modified":"2026-04-13T11:03:25","modified_gmt":"2026-04-13T08:03:25","slug":"jalka-kyyhkyselle-florabooster","status":"publish","type":"product","link":"https:\/\/rodoaed.ee\/fi\/tuote\/jalka-kyyhkyselle-florabooster\/","title":{"rendered":"Jalka kyyhkyselle Florabooster"},"content":{"rendered":"<h3>K\u00e4yt\u00e4nn\u00f6llinen jalka kasvilamppua varten. Voit sijoittaa lampun k\u00e4tev\u00e4sti nuorten kasvien yl\u00e4puolelle. Sopii kaikkiin Florabooster-lampuihin.  <\/h3>\n<p>Sopii kasvilampun jalan kiinnitt\u00e4miseen ikkunalaudalle, kasvip\u00f6yd\u00e4lle tai kasvihuoneeseen. Ihanteellinen ratkaisu kev\u00e4tistutuksiin. Sopiva valon voimakkuus vahvoille ja terveille kasveille. Sopii kaikkiin Florabooster-valaisimiin (60 cm, 90 cm ja 120 cm mallit). Sopii enint\u00e4\u00e4n 50 cm korkeille kasveille.    <\/p>\n<p>&nbsp;<\/p>\n<div><a href=\"https:\/\/rodoaed.ee\/fi\/\">kotisivu<\/a> <a href=\"https:\/\/rodoaed.ee\/tootekategooria\/kasvuhooned-ja-talveaiad\/\">k\u00e4ynnist\u00e4<\/a> <a href=\"https:\/\/rodoaed.ee\/fi\/tootekategooria\/kasvihuoneen-tarvikkeet\/\">tarvikkeet<\/a> <a href=\"https:\/\/rodoaed.ee\/fi\/tootekategooria\/kasvihuoneen-tarvikkeet\/kasvihuoneen-valaistus\/\">valaistus<\/a><\/div>\n<div>\n<div><\/div>\n<\/div>\n","protected":false},"excerpt":{"rendered":"<p>K\u00e4yt\u00e4nn\u00f6llinen jalka kasvilamppua varten. Voit sijoittaa lampun k\u00e4tev\u00e4sti nuorten kasvien yl\u00e4puolelle. Sopii kaikkiin Florabooster-lampuihin. Sopii kasvilampun jalan kiinnitt\u00e4miseen ikkunalaudalle, kasvip\u00f6yd\u00e4lle tai kasvihuoneeseen. Ihanteellinen ratkaisu kev\u00e4tistutuksiin. Sopiva valon voimakkuus vahvoille ja terveille kasveille. Sopii kaikkiin Florabooster-valaisimiin (60 cm, 90 cm ja 120 cm mallit). Sopii enint\u00e4\u00e4n 50 cm korkeille kasveille. &nbsp; kotisivu k\u00e4ynnist\u00e4 tarvikkeet valaistus<\/p>\n","protected":false},"featured_media":30775,"template":"","meta":{"_acf_changed":false},"product_brand":[],"product_cat":[1811,1869,1870,1871],"product_tag":[],"class_list":{"0":"post-53288","1":"product","2":"type-product","3":"status-publish","4":"has-post-thumbnail","6":"product_cat-kasvien-kasvattaminen","7":"product_cat-kasvihuoneen-tarvikkeet","8":"product_cat-kasvihuoneen-valaistus","9":"product_cat-kasvisipulit","10":"product_shipping_class-toimitus-1-3-tyopaivan-kuluessa","11":"pa_variatsioon-energiaa-saastava-kasvilamppu-l15","13":"first","14":"outofstock","15":"sale","16":"taxable","17":"shipping-taxable","18":"purchasable","19":"product-type-simple"},"acf":[],"yoast_head":"<!-- This site is optimized with the Yoast SEO Premium plugin v27.3 (Yoast SEO v27.3) - https:\/\/yoast.com\/product\/yoast-seo-premium-wordpress\/ -->\n<title>Jalka kyyhkyselle Florabooster - Rodoaed<\/title>\n<meta name=\"description\" content=\"Anna kasveillesi parhaat mahdolliset kasvuolosuhteet ymp\u00e4ri vuoden antamalla niille t\u00e4yden spektrin valoa my\u00f6s vuoden pimeimpin\u00e4 kuukausina.\" \/>\n<meta name=\"robots\" content=\"index, follow, max-snippet:-1, max-image-preview:large, max-video-preview:-1\" \/>\n<link rel=\"canonical\" href=\"https:\/\/rodoaed.ee\/fi\/toode\/jalka-kyyhkyselle-florabooster\/\" \/>\n<meta property=\"og:locale\" content=\"fi_FI\" \/>\n<meta property=\"og:type\" content=\"article\" \/>\n<meta property=\"og:title\" content=\"Jalka kyyhkyselle Florabooster\" \/>\n<meta property=\"og:description\" content=\"K\u00e4yt\u00e4nn\u00f6llinen jalka kasvilamppua varten. Voit sijoittaa lampun k\u00e4tev\u00e4sti nuorten kasvien yl\u00e4puolelle. Sopii kaikkiin Florabooster-lampuihin. Sopii\" \/>\n<meta property=\"og:url\" content=\"https:\/\/rodoaed.ee\/fi\/toode\/jalka-kyyhkyselle-florabooster\/\" \/>\n<meta property=\"og:site_name\" content=\"Rodoaed\" \/>\n<meta property=\"article:publisher\" content=\"https:\/\/www.facebook.com\/kasvuhooned\/\" \/>\n<meta property=\"article:modified_time\" content=\"2026-04-13T08:03:25+00:00\" \/>\n<meta property=\"og:image\" content=\"https:\/\/rodoaed.ee\/wp-content\/uploads\/2020\/03\/taimelamp-florabooster_jalg_01.jpg\" \/>\n\t<meta property=\"og:image:width\" content=\"1195\" \/>\n\t<meta property=\"og:image:height\" content=\"1200\" \/>\n\t<meta property=\"og:image:type\" content=\"image\/jpeg\" \/>\n<meta name=\"twitter:card\" content=\"summary_large_image\" \/>\n<script type=\"application\/ld+json\" class=\"yoast-schema-graph\">{\"@context\":\"https:\\\/\\\/schema.org\",\"@graph\":[{\"@type\":\"WebPage\",\"@id\":\"https:\\\/\\\/rodoaed.ee\\\/fi\\\/toode\\\/jalka-kyyhkyselle-florabooster\\\/\",\"url\":\"https:\\\/\\\/rodoaed.ee\\\/fi\\\/toode\\\/jalka-kyyhkyselle-florabooster\\\/\",\"name\":\"Jalka kyyhkyselle Florabooster - Rodoaed\",\"isPartOf\":{\"@id\":\"https:\\\/\\\/rodoaed.ee\\\/#website\"},\"primaryImageOfPage\":{\"@id\":\"https:\\\/\\\/rodoaed.ee\\\/fi\\\/toode\\\/jalka-kyyhkyselle-florabooster\\\/#primaryimage\"},\"image\":{\"@id\":\"https:\\\/\\\/rodoaed.ee\\\/fi\\\/toode\\\/jalka-kyyhkyselle-florabooster\\\/#primaryimage\"},\"thumbnailUrl\":\"https:\\\/\\\/rodoaed.ee\\\/wp-content\\\/uploads\\\/2020\\\/03\\\/taimelamp-florabooster_jalg_01.jpg\",\"datePublished\":\"2020-03-03T11:30:09+00:00\",\"dateModified\":\"2026-04-13T08:03:25+00:00\",\"description\":\"Anna kasveillesi parhaat mahdolliset kasvuolosuhteet ymp\u00e4ri vuoden antamalla niille t\u00e4yden spektrin valoa my\u00f6s vuoden pimeimpin\u00e4 kuukausina.\",\"breadcrumb\":{\"@id\":\"https:\\\/\\\/rodoaed.ee\\\/fi\\\/toode\\\/jalka-kyyhkyselle-florabooster\\\/#breadcrumb\"},\"inLanguage\":\"fi\",\"potentialAction\":[{\"@type\":\"ReadAction\",\"target\":[\"https:\\\/\\\/rodoaed.ee\\\/fi\\\/toode\\\/jalka-kyyhkyselle-florabooster\\\/\"]}]},{\"@type\":\"ImageObject\",\"inLanguage\":\"fi\",\"@id\":\"https:\\\/\\\/rodoaed.ee\\\/fi\\\/toode\\\/jalka-kyyhkyselle-florabooster\\\/#primaryimage\",\"url\":\"https:\\\/\\\/rodoaed.ee\\\/wp-content\\\/uploads\\\/2020\\\/03\\\/taimelamp-florabooster_jalg_01.jpg\",\"contentUrl\":\"https:\\\/\\\/rodoaed.ee\\\/wp-content\\\/uploads\\\/2020\\\/03\\\/taimelamp-florabooster_jalg_01.jpg\",\"width\":1195,\"height\":1200,\"caption\":\"lampun jalka\"},{\"@type\":\"BreadcrumbList\",\"@id\":\"https:\\\/\\\/rodoaed.ee\\\/fi\\\/toode\\\/jalka-kyyhkyselle-florabooster\\\/#breadcrumb\",\"itemListElement\":[{\"@type\":\"ListItem\",\"position\":1,\"name\":\"Home\",\"item\":\"https:\\\/\\\/rodoaed.ee\\\/fi\\\/\"},{\"@type\":\"ListItem\",\"position\":2,\"name\":\"Osta osoitteessa\",\"item\":\"https:\\\/\\\/rodoaed.ee\\\/osta-osoitteessa\\\/\"},{\"@type\":\"ListItem\",\"position\":3,\"name\":\"Jalka kyyhkyselle Florabooster\"}]},{\"@type\":\"WebSite\",\"@id\":\"https:\\\/\\\/rodoaed.ee\\\/#website\",\"url\":\"https:\\\/\\\/rodoaed.ee\\\/\",\"name\":\"Rodoaed\",\"description\":\"\",\"publisher\":{\"@id\":\"https:\\\/\\\/rodoaed.ee\\\/#organization\"},\"potentialAction\":[{\"@type\":\"SearchAction\",\"target\":{\"@type\":\"EntryPoint\",\"urlTemplate\":\"https:\\\/\\\/rodoaed.ee\\\/?s={search_term_string}\"},\"query-input\":{\"@type\":\"PropertyValueSpecification\",\"valueRequired\":true,\"valueName\":\"search_term_string\"}}],\"inLanguage\":\"fi\"},{\"@type\":\"Organization\",\"@id\":\"https:\\\/\\\/rodoaed.ee\\\/#organization\",\"name\":\"Rodoaed\",\"url\":\"https:\\\/\\\/rodoaed.ee\\\/\",\"logo\":{\"@type\":\"ImageObject\",\"inLanguage\":\"fi\",\"@id\":\"https:\\\/\\\/rodoaed.ee\\\/#\\\/schema\\\/logo\\\/image\\\/\",\"url\":\"https:\\\/\\\/rodoaed.ee\\\/wp-content\\\/uploads\\\/2019\\\/11\\\/rodoaed-logo-ilma-taustata.jpg\",\"contentUrl\":\"https:\\\/\\\/rodoaed.ee\\\/wp-content\\\/uploads\\\/2019\\\/11\\\/rodoaed-logo-ilma-taustata.jpg\",\"width\":769,\"height\":268,\"caption\":\"Rodoaed\"},\"image\":{\"@id\":\"https:\\\/\\\/rodoaed.ee\\\/#\\\/schema\\\/logo\\\/image\\\/\"},\"sameAs\":[\"https:\\\/\\\/www.facebook.com\\\/kasvuhooned\\\/\",\"https:\\\/\\\/rodoaed.ee\"]}]}<\/script>\n<!-- \/ Yoast SEO Premium plugin. -->","yoast_head_json":{"title":"Jalka kyyhkyselle Florabooster - Rodoaed","description":"Anna kasveillesi parhaat mahdolliset kasvuolosuhteet ymp\u00e4ri vuoden antamalla niille t\u00e4yden spektrin valoa my\u00f6s vuoden pimeimpin\u00e4 kuukausina.","robots":{"index":"index","follow":"follow","max-snippet":"max-snippet:-1","max-image-preview":"max-image-preview:large","max-video-preview":"max-video-preview:-1"},"canonical":"https:\/\/rodoaed.ee\/fi\/toode\/jalka-kyyhkyselle-florabooster\/","og_locale":"fi_FI","og_type":"article","og_title":"Jalka kyyhkyselle Florabooster","og_description":"K\u00e4yt\u00e4nn\u00f6llinen jalka kasvilamppua varten. Voit sijoittaa lampun k\u00e4tev\u00e4sti nuorten kasvien yl\u00e4puolelle. Sopii kaikkiin Florabooster-lampuihin. Sopii","og_url":"https:\/\/rodoaed.ee\/fi\/toode\/jalka-kyyhkyselle-florabooster\/","og_site_name":"Rodoaed","article_publisher":"https:\/\/www.facebook.com\/kasvuhooned\/","article_modified_time":"2026-04-13T08:03:25+00:00","og_image":[{"width":1195,"height":1200,"url":"https:\/\/rodoaed.ee\/wp-content\/uploads\/2020\/03\/taimelamp-florabooster_jalg_01.jpg","type":"image\/jpeg"}],"twitter_card":"summary_large_image","schema":{"@context":"https:\/\/schema.org","@graph":[{"@type":"WebPage","@id":"https:\/\/rodoaed.ee\/fi\/toode\/jalka-kyyhkyselle-florabooster\/","url":"https:\/\/rodoaed.ee\/fi\/toode\/jalka-kyyhkyselle-florabooster\/","name":"Jalka kyyhkyselle Florabooster - Rodoaed","isPartOf":{"@id":"https:\/\/rodoaed.ee\/#website"},"primaryImageOfPage":{"@id":"https:\/\/rodoaed.ee\/fi\/toode\/jalka-kyyhkyselle-florabooster\/#primaryimage"},"image":{"@id":"https:\/\/rodoaed.ee\/fi\/toode\/jalka-kyyhkyselle-florabooster\/#primaryimage"},"thumbnailUrl":"https:\/\/rodoaed.ee\/wp-content\/uploads\/2020\/03\/taimelamp-florabooster_jalg_01.jpg","datePublished":"2020-03-03T11:30:09+00:00","dateModified":"2026-04-13T08:03:25+00:00","description":"Anna kasveillesi parhaat mahdolliset kasvuolosuhteet ymp\u00e4ri vuoden antamalla niille t\u00e4yden spektrin valoa my\u00f6s vuoden pimeimpin\u00e4 kuukausina.","breadcrumb":{"@id":"https:\/\/rodoaed.ee\/fi\/toode\/jalka-kyyhkyselle-florabooster\/#breadcrumb"},"inLanguage":"fi","potentialAction":[{"@type":"ReadAction","target":["https:\/\/rodoaed.ee\/fi\/toode\/jalka-kyyhkyselle-florabooster\/"]}]},{"@type":"ImageObject","inLanguage":"fi","@id":"https:\/\/rodoaed.ee\/fi\/toode\/jalka-kyyhkyselle-florabooster\/#primaryimage","url":"https:\/\/rodoaed.ee\/wp-content\/uploads\/2020\/03\/taimelamp-florabooster_jalg_01.jpg","contentUrl":"https:\/\/rodoaed.ee\/wp-content\/uploads\/2020\/03\/taimelamp-florabooster_jalg_01.jpg","width":1195,"height":1200,"caption":"lampun jalka"},{"@type":"BreadcrumbList","@id":"https:\/\/rodoaed.ee\/fi\/toode\/jalka-kyyhkyselle-florabooster\/#breadcrumb","itemListElement":[{"@type":"ListItem","position":1,"name":"Home","item":"https:\/\/rodoaed.ee\/fi\/"},{"@type":"ListItem","position":2,"name":"Osta osoitteessa","item":"https:\/\/rodoaed.ee\/osta-osoitteessa\/"},{"@type":"ListItem","position":3,"name":"Jalka kyyhkyselle Florabooster"}]},{"@type":"WebSite","@id":"https:\/\/rodoaed.ee\/#website","url":"https:\/\/rodoaed.ee\/","name":"Rodoaed","description":"","publisher":{"@id":"https:\/\/rodoaed.ee\/#organization"},"potentialAction":[{"@type":"SearchAction","target":{"@type":"EntryPoint","urlTemplate":"https:\/\/rodoaed.ee\/?s={search_term_string}"},"query-input":{"@type":"PropertyValueSpecification","valueRequired":true,"valueName":"search_term_string"}}],"inLanguage":"fi"},{"@type":"Organization","@id":"https:\/\/rodoaed.ee\/#organization","name":"Rodoaed","url":"https:\/\/rodoaed.ee\/","logo":{"@type":"ImageObject","inLanguage":"fi","@id":"https:\/\/rodoaed.ee\/#\/schema\/logo\/image\/","url":"https:\/\/rodoaed.ee\/wp-content\/uploads\/2019\/11\/rodoaed-logo-ilma-taustata.jpg","contentUrl":"https:\/\/rodoaed.ee\/wp-content\/uploads\/2019\/11\/rodoaed-logo-ilma-taustata.jpg","width":769,"height":268,"caption":"Rodoaed"},"image":{"@id":"https:\/\/rodoaed.ee\/#\/schema\/logo\/image\/"},"sameAs":["https:\/\/www.facebook.com\/kasvuhooned\/","https:\/\/rodoaed.ee"]}]}},"_links":{"self":[{"href":"https:\/\/rodoaed.ee\/fi\/wp-json\/wp\/v2\/product\/53288","targetHints":{"allow":["GET"]}}],"collection":[{"href":"https:\/\/rodoaed.ee\/fi\/wp-json\/wp\/v2\/product"}],"about":[{"href":"https:\/\/rodoaed.ee\/fi\/wp-json\/wp\/v2\/types\/product"}],"wp:featuredmedia":[{"embeddable":true,"href":"https:\/\/rodoaed.ee\/fi\/wp-json\/wp\/v2\/media\/30775"}],"wp:attachment":[{"href":"https:\/\/rodoaed.ee\/fi\/wp-json\/wp\/v2\/media?parent=53288"}],"wp:term":[{"taxonomy":"product_brand","embeddable":true,"href":"https:\/\/rodoaed.ee\/fi\/wp-json\/wp\/v2\/product_brand?post=53288"},{"taxonomy":"product_cat","embeddable":true,"href":"https:\/\/rodoaed.ee\/fi\/wp-json\/wp\/v2\/product_cat?post=53288"},{"taxonomy":"product_tag","embeddable":true,"href":"https:\/\/rodoaed.ee\/fi\/wp-json\/wp\/v2\/product_tag?post=53288"}],"curies":[{"name":"wp","href":"https:\/\/api.w.org\/{rel}","templated":true}]}}