{"id":53289,"date":"2020-02-23T12:56:29","date_gmt":"2020-02-23T10:56:29","guid":{"rendered":"https:\/\/rodoaed.ee\/toode\/hienojen-merkintanarujen-sarja-sinkittya-terasta\/"},"modified":"2026-04-13T11:03:25","modified_gmt":"2026-04-13T08:03:25","slug":"hienojen-merkintanarujen-sarja-sinkittya-terasta","status":"publish","type":"product","link":"https:\/\/rodoaed.ee\/fi\/tuote\/hienojen-merkintanarujen-sarja-sinkittya-terasta\/","title":{"rendered":"Hienojen merkint\u00e4narujen sarja, sinkitty\u00e4 ter\u00e4st\u00e4"},"content":{"rendered":"<h2>Merkinpidinsarja, kuparoitua hiiliter\u00e4st\u00e4<\/h2>\n<p>Perinteisess\u00e4 puutarhaty\u00f6kalujen pidikkeess\u00e4 on tukeva hiiliter\u00e4srunko, ja sen yl\u00e4osa on kuparoitu. Loistava lahja kaikille ruohonleikkureille. <\/p>\n<p>T\u00e4m\u00e4 tukeva ja kest\u00e4v\u00e4 merkint\u00e4teline on eritt\u00e4in k\u00e4tev\u00e4 esimerkiksi suorien rivien merkitsemiseen kylv\u00f6\u00e4 ja istutusta varten. Se on hy\u00f6dyllinen my\u00f6s kukkapenkkien, vihannespenkkien ja kasvimaiden suunnittelussa ja merkitsemisess\u00e4. Narunpidin on suunniteltu siten, ett\u00e4 naru ei irtoa, kun merkint\u00e4tolpalla varustettu merkint\u00e4piste vedet\u00e4\u00e4n ulos. K\u00e4tev\u00e4 rullata nopeasti kokoon ja k\u00e4ytt\u00e4\u00e4 uudelleen. Kest\u00e4v\u00e4 ja helppo puhdistaa. Narun pituus 25m.     <\/p>\n<h2>T\u00e4rkeimm\u00e4t ominaisuudet :<\/h2>\n<ul>\n<li>Mitat: L 5,7 x L 11,9 x K 26,7 cm.<\/li>\n<li>Paino: 361 g<\/li>\n<li>Johdon pituus: 25 m<\/li>\n<li>Materiaali: hiiliter\u00e4srunko, saarni puukahva.<\/li>\n<\/ul>\n<p>&nbsp;<\/p>\n<div id=\"article-specifications\" class=\"tab-links__content is-active col-md-6 mb-4\"><\/div>\n","protected":false},"excerpt":{"rendered":"<p>Merkinpidinsarja, kuparoitua hiiliter\u00e4st\u00e4 Perinteisess\u00e4 puutarhaty\u00f6kalujen pidikkeess\u00e4 on tukeva hiiliter\u00e4srunko, ja sen yl\u00e4osa on kuparoitu. Loistava lahja kaikille ruohonleikkureille. T\u00e4m\u00e4 tukeva ja kest\u00e4v\u00e4 merkint\u00e4teline on eritt\u00e4in k\u00e4tev\u00e4 esimerkiksi suorien rivien merkitsemiseen kylv\u00f6\u00e4 ja istutusta varten. Se on hy\u00f6dyllinen my\u00f6s kukkapenkkien, vihannespenkkien ja kasvimaiden suunnittelussa ja merkitsemisess\u00e4. Narunpidin on suunniteltu siten, ett\u00e4 naru ei irtoa, kun merkint\u00e4tolpalla varustettu merkint\u00e4piste vedet\u00e4\u00e4n ulos. K\u00e4tev\u00e4 rullata nopeasti kokoon ja k\u00e4ytt\u00e4\u00e4&#8230;<\/p>\n","protected":false},"featured_media":30249,"template":"","meta":{"_acf_changed":false},"product_brand":[],"product_cat":[1771,1776,1790,1772,1743],"product_tag":[],"class_list":{"0":"post-53289","1":"product","2":"type-product","3":"status-publish","4":"has-post-thumbnail","6":"product_cat-fiksuja-auttajia","7":"product_cat-hyodylliset-lisavarusteet","8":"product_cat-kasvuun-tarvittavat-tyokalut","9":"product_cat-lahjat-puutarhurille","10":"product_cat-lisalahjat-lahjat","11":"product_shipping_class-toimitus-1-3-tyopaivan-kuluessa","12":"pa_variatsioon-superseeder-kylvokone-21","14":"first","15":"instock","16":"taxable","17":"shipping-taxable","18":"purchasable","19":"product-type-simple"},"acf":[],"yoast_head":"<!-- This site is optimized with the Yoast SEO Premium plugin v27.3 (Yoast SEO v27.3) - https:\/\/yoast.com\/product\/yoast-seo-premium-wordpress\/ -->\n<title>Hienojen merkint\u00e4narujen sarja, sinkitty\u00e4 ter\u00e4st\u00e4 - Rodoaed<\/title>\n<meta name=\"robots\" content=\"index, follow, max-snippet:-1, max-image-preview:large, max-video-preview:-1\" \/>\n<link rel=\"canonical\" href=\"https:\/\/rodoaed.ee\/fi\/toode\/hienojen-merkintanarujen-sarja-sinkittya-terasta\/\" \/>\n<meta property=\"og:locale\" content=\"fi_FI\" \/>\n<meta property=\"og:type\" content=\"article\" \/>\n<meta property=\"og:title\" content=\"Hienojen merkint\u00e4narujen sarja, sinkitty\u00e4 ter\u00e4st\u00e4\" \/>\n<meta property=\"og:description\" content=\"Merkinpidinsarja, kuparoitua hiiliter\u00e4st\u00e4 Perinteisess\u00e4 puutarhaty\u00f6kalujen pidikkeess\u00e4 on tukeva hiiliter\u00e4srunko, ja sen yl\u00e4osa on kuparoitu. Loistava\" \/>\n<meta property=\"og:url\" content=\"https:\/\/rodoaed.ee\/fi\/toode\/hienojen-merkintanarujen-sarja-sinkittya-terasta\/\" \/>\n<meta property=\"og:site_name\" content=\"Rodoaed\" \/>\n<meta property=\"article:publisher\" content=\"https:\/\/www.facebook.com\/kasvuhooned\/\" \/>\n<meta property=\"article:modified_time\" content=\"2026-04-13T08:03:25+00:00\" \/>\n<meta property=\"og:image\" content=\"https:\/\/rodoaed.ee\/wp-content\/uploads\/2020\/02\/GT122_01.png\" \/>\n\t<meta property=\"og:image:width\" content=\"1240\" \/>\n\t<meta property=\"og:image:height\" content=\"1240\" \/>\n\t<meta property=\"og:image:type\" content=\"image\/png\" \/>\n<meta name=\"twitter:card\" content=\"summary_large_image\" \/>\n<meta name=\"twitter:label1\" content=\"Arvioitu lukuaika\" \/>\n\t<meta name=\"twitter:data1\" content=\"1 minuutti\" \/>\n<script type=\"application\/ld+json\" class=\"yoast-schema-graph\">{\"@context\":\"https:\\\/\\\/schema.org\",\"@graph\":[{\"@type\":\"WebPage\",\"@id\":\"https:\\\/\\\/rodoaed.ee\\\/fi\\\/toode\\\/hienojen-merkintanarujen-sarja-sinkittya-terasta\\\/\",\"url\":\"https:\\\/\\\/rodoaed.ee\\\/fi\\\/toode\\\/hienojen-merkintanarujen-sarja-sinkittya-terasta\\\/\",\"name\":\"Hienojen merkint\u00e4narujen sarja, sinkitty\u00e4 ter\u00e4st\u00e4 - Rodoaed\",\"isPartOf\":{\"@id\":\"https:\\\/\\\/rodoaed.ee\\\/#website\"},\"primaryImageOfPage\":{\"@id\":\"https:\\\/\\\/rodoaed.ee\\\/fi\\\/toode\\\/hienojen-merkintanarujen-sarja-sinkittya-terasta\\\/#primaryimage\"},\"image\":{\"@id\":\"https:\\\/\\\/rodoaed.ee\\\/fi\\\/toode\\\/hienojen-merkintanarujen-sarja-sinkittya-terasta\\\/#primaryimage\"},\"thumbnailUrl\":\"https:\\\/\\\/rodoaed.ee\\\/wp-content\\\/uploads\\\/2020\\\/02\\\/GT122_01.png\",\"datePublished\":\"2020-02-23T10:56:29+00:00\",\"dateModified\":\"2026-04-13T08:03:25+00:00\",\"breadcrumb\":{\"@id\":\"https:\\\/\\\/rodoaed.ee\\\/fi\\\/toode\\\/hienojen-merkintanarujen-sarja-sinkittya-terasta\\\/#breadcrumb\"},\"inLanguage\":\"fi\",\"potentialAction\":[{\"@type\":\"ReadAction\",\"target\":[\"https:\\\/\\\/rodoaed.ee\\\/fi\\\/toode\\\/hienojen-merkintanarujen-sarja-sinkittya-terasta\\\/\"]}]},{\"@type\":\"ImageObject\",\"inLanguage\":\"fi\",\"@id\":\"https:\\\/\\\/rodoaed.ee\\\/fi\\\/toode\\\/hienojen-merkintanarujen-sarja-sinkittya-terasta\\\/#primaryimage\",\"url\":\"https:\\\/\\\/rodoaed.ee\\\/wp-content\\\/uploads\\\/2020\\\/02\\\/GT122_01.png\",\"contentUrl\":\"https:\\\/\\\/rodoaed.ee\\\/wp-content\\\/uploads\\\/2020\\\/02\\\/GT122_01.png\",\"width\":1240,\"height\":1240},{\"@type\":\"BreadcrumbList\",\"@id\":\"https:\\\/\\\/rodoaed.ee\\\/fi\\\/toode\\\/hienojen-merkintanarujen-sarja-sinkittya-terasta\\\/#breadcrumb\",\"itemListElement\":[{\"@type\":\"ListItem\",\"position\":1,\"name\":\"Home\",\"item\":\"https:\\\/\\\/rodoaed.ee\\\/fi\\\/\"},{\"@type\":\"ListItem\",\"position\":2,\"name\":\"Osta osoitteessa\",\"item\":\"https:\\\/\\\/rodoaed.ee\\\/osta-osoitteessa\\\/\"},{\"@type\":\"ListItem\",\"position\":3,\"name\":\"Hienojen merkint\u00e4narujen sarja, sinkitty\u00e4 ter\u00e4st\u00e4\"}]},{\"@type\":\"WebSite\",\"@id\":\"https:\\\/\\\/rodoaed.ee\\\/#website\",\"url\":\"https:\\\/\\\/rodoaed.ee\\\/\",\"name\":\"Rodoaed\",\"description\":\"\",\"publisher\":{\"@id\":\"https:\\\/\\\/rodoaed.ee\\\/#organization\"},\"potentialAction\":[{\"@type\":\"SearchAction\",\"target\":{\"@type\":\"EntryPoint\",\"urlTemplate\":\"https:\\\/\\\/rodoaed.ee\\\/?s={search_term_string}\"},\"query-input\":{\"@type\":\"PropertyValueSpecification\",\"valueRequired\":true,\"valueName\":\"search_term_string\"}}],\"inLanguage\":\"fi\"},{\"@type\":\"Organization\",\"@id\":\"https:\\\/\\\/rodoaed.ee\\\/#organization\",\"name\":\"Rodoaed\",\"url\":\"https:\\\/\\\/rodoaed.ee\\\/\",\"logo\":{\"@type\":\"ImageObject\",\"inLanguage\":\"fi\",\"@id\":\"https:\\\/\\\/rodoaed.ee\\\/#\\\/schema\\\/logo\\\/image\\\/\",\"url\":\"https:\\\/\\\/rodoaed.ee\\\/wp-content\\\/uploads\\\/2019\\\/11\\\/rodoaed-logo-ilma-taustata.jpg\",\"contentUrl\":\"https:\\\/\\\/rodoaed.ee\\\/wp-content\\\/uploads\\\/2019\\\/11\\\/rodoaed-logo-ilma-taustata.jpg\",\"width\":769,\"height\":268,\"caption\":\"Rodoaed\"},\"image\":{\"@id\":\"https:\\\/\\\/rodoaed.ee\\\/#\\\/schema\\\/logo\\\/image\\\/\"},\"sameAs\":[\"https:\\\/\\\/www.facebook.com\\\/kasvuhooned\\\/\",\"https:\\\/\\\/rodoaed.ee\"]}]}<\/script>\n<!-- \/ Yoast SEO Premium plugin. -->","yoast_head_json":{"title":"Hienojen merkint\u00e4narujen sarja, sinkitty\u00e4 ter\u00e4st\u00e4 - Rodoaed","robots":{"index":"index","follow":"follow","max-snippet":"max-snippet:-1","max-image-preview":"max-image-preview:large","max-video-preview":"max-video-preview:-1"},"canonical":"https:\/\/rodoaed.ee\/fi\/toode\/hienojen-merkintanarujen-sarja-sinkittya-terasta\/","og_locale":"fi_FI","og_type":"article","og_title":"Hienojen merkint\u00e4narujen sarja, sinkitty\u00e4 ter\u00e4st\u00e4","og_description":"Merkinpidinsarja, kuparoitua hiiliter\u00e4st\u00e4 Perinteisess\u00e4 puutarhaty\u00f6kalujen pidikkeess\u00e4 on tukeva hiiliter\u00e4srunko, ja sen yl\u00e4osa on kuparoitu. Loistava","og_url":"https:\/\/rodoaed.ee\/fi\/toode\/hienojen-merkintanarujen-sarja-sinkittya-terasta\/","og_site_name":"Rodoaed","article_publisher":"https:\/\/www.facebook.com\/kasvuhooned\/","article_modified_time":"2026-04-13T08:03:25+00:00","og_image":[{"width":1240,"height":1240,"url":"https:\/\/rodoaed.ee\/wp-content\/uploads\/2020\/02\/GT122_01.png","type":"image\/png"}],"twitter_card":"summary_large_image","twitter_misc":{"Arvioitu lukuaika":"1 minuutti"},"schema":{"@context":"https:\/\/schema.org","@graph":[{"@type":"WebPage","@id":"https:\/\/rodoaed.ee\/fi\/toode\/hienojen-merkintanarujen-sarja-sinkittya-terasta\/","url":"https:\/\/rodoaed.ee\/fi\/toode\/hienojen-merkintanarujen-sarja-sinkittya-terasta\/","name":"Hienojen merkint\u00e4narujen sarja, sinkitty\u00e4 ter\u00e4st\u00e4 - Rodoaed","isPartOf":{"@id":"https:\/\/rodoaed.ee\/#website"},"primaryImageOfPage":{"@id":"https:\/\/rodoaed.ee\/fi\/toode\/hienojen-merkintanarujen-sarja-sinkittya-terasta\/#primaryimage"},"image":{"@id":"https:\/\/rodoaed.ee\/fi\/toode\/hienojen-merkintanarujen-sarja-sinkittya-terasta\/#primaryimage"},"thumbnailUrl":"https:\/\/rodoaed.ee\/wp-content\/uploads\/2020\/02\/GT122_01.png","datePublished":"2020-02-23T10:56:29+00:00","dateModified":"2026-04-13T08:03:25+00:00","breadcrumb":{"@id":"https:\/\/rodoaed.ee\/fi\/toode\/hienojen-merkintanarujen-sarja-sinkittya-terasta\/#breadcrumb"},"inLanguage":"fi","potentialAction":[{"@type":"ReadAction","target":["https:\/\/rodoaed.ee\/fi\/toode\/hienojen-merkintanarujen-sarja-sinkittya-terasta\/"]}]},{"@type":"ImageObject","inLanguage":"fi","@id":"https:\/\/rodoaed.ee\/fi\/toode\/hienojen-merkintanarujen-sarja-sinkittya-terasta\/#primaryimage","url":"https:\/\/rodoaed.ee\/wp-content\/uploads\/2020\/02\/GT122_01.png","contentUrl":"https:\/\/rodoaed.ee\/wp-content\/uploads\/2020\/02\/GT122_01.png","width":1240,"height":1240},{"@type":"BreadcrumbList","@id":"https:\/\/rodoaed.ee\/fi\/toode\/hienojen-merkintanarujen-sarja-sinkittya-terasta\/#breadcrumb","itemListElement":[{"@type":"ListItem","position":1,"name":"Home","item":"https:\/\/rodoaed.ee\/fi\/"},{"@type":"ListItem","position":2,"name":"Osta osoitteessa","item":"https:\/\/rodoaed.ee\/osta-osoitteessa\/"},{"@type":"ListItem","position":3,"name":"Hienojen merkint\u00e4narujen sarja, sinkitty\u00e4 ter\u00e4st\u00e4"}]},{"@type":"WebSite","@id":"https:\/\/rodoaed.ee\/#website","url":"https:\/\/rodoaed.ee\/","name":"Rodoaed","description":"","publisher":{"@id":"https:\/\/rodoaed.ee\/#organization"},"potentialAction":[{"@type":"SearchAction","target":{"@type":"EntryPoint","urlTemplate":"https:\/\/rodoaed.ee\/?s={search_term_string}"},"query-input":{"@type":"PropertyValueSpecification","valueRequired":true,"valueName":"search_term_string"}}],"inLanguage":"fi"},{"@type":"Organization","@id":"https:\/\/rodoaed.ee\/#organization","name":"Rodoaed","url":"https:\/\/rodoaed.ee\/","logo":{"@type":"ImageObject","inLanguage":"fi","@id":"https:\/\/rodoaed.ee\/#\/schema\/logo\/image\/","url":"https:\/\/rodoaed.ee\/wp-content\/uploads\/2019\/11\/rodoaed-logo-ilma-taustata.jpg","contentUrl":"https:\/\/rodoaed.ee\/wp-content\/uploads\/2019\/11\/rodoaed-logo-ilma-taustata.jpg","width":769,"height":268,"caption":"Rodoaed"},"image":{"@id":"https:\/\/rodoaed.ee\/#\/schema\/logo\/image\/"},"sameAs":["https:\/\/www.facebook.com\/kasvuhooned\/","https:\/\/rodoaed.ee"]}]}},"_links":{"self":[{"href":"https:\/\/rodoaed.ee\/fi\/wp-json\/wp\/v2\/product\/53289","targetHints":{"allow":["GET"]}}],"collection":[{"href":"https:\/\/rodoaed.ee\/fi\/wp-json\/wp\/v2\/product"}],"about":[{"href":"https:\/\/rodoaed.ee\/fi\/wp-json\/wp\/v2\/types\/product"}],"wp:featuredmedia":[{"embeddable":true,"href":"https:\/\/rodoaed.ee\/fi\/wp-json\/wp\/v2\/media\/30249"}],"wp:attachment":[{"href":"https:\/\/rodoaed.ee\/fi\/wp-json\/wp\/v2\/media?parent=53289"}],"wp:term":[{"taxonomy":"product_brand","embeddable":true,"href":"https:\/\/rodoaed.ee\/fi\/wp-json\/wp\/v2\/product_brand?post=53289"},{"taxonomy":"product_cat","embeddable":true,"href":"https:\/\/rodoaed.ee\/fi\/wp-json\/wp\/v2\/product_cat?post=53289"},{"taxonomy":"product_tag","embeddable":true,"href":"https:\/\/rodoaed.ee\/fi\/wp-json\/wp\/v2\/product_tag?post=53289"}],"curies":[{"name":"wp","href":"https:\/\/api.w.org\/{rel}","templated":true}]}}