{"id":53290,"date":"2020-03-04T14:41:39","date_gmt":"2020-03-04T12:41:39","guid":{"rendered":"https:\/\/rodoaed.ee\/toode\/magneettinen-kirsikkapuun-pidike-seinalle-49x7cm\/"},"modified":"2026-04-13T11:03:25","modified_gmt":"2026-04-13T08:03:25","slug":"magneettinen-kirsikkapuun-pidike-seinalle-49x7cm","status":"publish","type":"product","link":"https:\/\/rodoaed.ee\/fi\/tuote\/magneettinen-kirsikkapuun-pidike-seinalle-49x7cm\/","title":{"rendered":"Magneettinen kirsikkapuun pidike sein\u00e4lle 49x7cm"},"content":{"rendered":"<h2>K\u00e4yt\u00e4nn\u00f6llinen ja tyylik\u00e4s veitsiteline. Magneetti pit\u00e4\u00e4 veitset paikallaan. <\/h2>\n<div class=\"text\">\n<p>Pidikkeen puulevy on valmistettu h\u00f6yrytetyst\u00e4 ja \u00f6ljytyst\u00e4 kirsikkapuusta, joka on yksi koristeellisimmista puulajeista t\u00e4h\u00e4n tarkoitukseen. Vahvat magneetit on piilotettu huomaamattomasti puun sis\u00e4\u00e4n. Takapuolella on kaksi ruuvikiinnityst\u00e4 sein\u00e4\u00e4n. Kiinnikkeet ovat pieniss\u00e4 puupalikoissa, joten sein\u00e4n ja paneelin v\u00e4liin j\u00e4\u00e4 hyv\u00e4 rako.   <\/p>\n<\/div>\n<h2>T\u00e4rkeimm\u00e4t ominaisuudet:<\/h2>\n<ul>\n<li>Materiaali: h\u00f6yrytetty ja \u00f6ljytty kirsikkapuu.<\/li>\n<li>Mitat: leveys 49 cm x korkeus 7 cm x paksuus 2 cm \/ taustalevyn kanssa 4 cm.<\/li>\n<li>Paino: 1,1 kg<\/li>\n<li>Veitsien m\u00e4\u00e4r\u00e4: 8-15 (veitsen koosta riippuen).<\/li>\n<\/ul>\n<p>&nbsp;<\/p>\n<p><a href=\"https:\/\/rodoaed.ee\/fi\/\">kotisivu<\/a> <a href=\"https:\/\/rodoaed.ee\/fi\/tootekategooria\/keittiolaitteet\/\">k\u00e4ynnist\u00e4<\/a> <a href=\"https:\/\/rodoaed.ee\/fi\/tootekategooria\/keittiolaitteet\/keittion-pesuallas\/\">Keitti\u00f6n portaat<\/a> <a href=\"https:\/\/rodoaed.ee\/fi\/toode\/poyta-jossa-on-vanhan-saksalaisen-luumupuun-kahva\/\">p\u00f6yd\u00e4ll\u00e4<\/a> <a href=\"https:\/\/rodoaed.ee\/fi\/toode\/kokanuga-k5-luumupuukahva-182mm\/\">ruoanlaitto veitsi<\/a> <a href=\"https:\/\/rodoaed.ee\/fi\/toode\/leivanuga-k-b2-luumupuukahva-230mm\/\">leip\u00e4 veitsi<\/a><\/p>\n","protected":false},"excerpt":{"rendered":"<p>K\u00e4yt\u00e4nn\u00f6llinen ja tyylik\u00e4s veitsiteline. Magneetti pit\u00e4\u00e4 veitset paikallaan. Pidikkeen puulevy on valmistettu h\u00f6yrytetyst\u00e4 ja \u00f6ljytyst\u00e4 kirsikkapuusta, joka on yksi koristeellisimmista puulajeista t\u00e4h\u00e4n tarkoitukseen. Vahvat magneetit on piilotettu huomaamattomasti puun sis\u00e4\u00e4n. Takapuolella on kaksi ruuvikiinnityst\u00e4 sein\u00e4\u00e4n. Kiinnikkeet ovat pieniss\u00e4 puupalikoissa, joten sein\u00e4n ja paneelin v\u00e4liin j\u00e4\u00e4 hyv\u00e4 rako. T\u00e4rkeimm\u00e4t ominaisuudet: Materiaali: h\u00f6yrytetty ja \u00f6ljytty kirsikkapuu. Mitat: leveys 49 cm x korkeus 7 cm x paksuus 2&#8230;<\/p>\n","protected":false},"featured_media":30802,"template":"","meta":{"_acf_changed":false},"product_brand":[],"product_cat":[1751,1830,1834,1833,1743,1902],"product_tag":[],"class_list":{"0":"post-53290","1":"product","2":"type-product","3":"status-publish","4":"has-post-thumbnail","6":"product_cat-keittiolaitteet","7":"product_cat-keittion-pesuallas","8":"product_cat-lahjat-metsastajalle","9":"product_cat-lahjat-naisille","10":"product_cat-lisalahjat-lahjat","11":"product_cat-noah-holders","12":"product_shipping_class-toimitus-1-3-tyopaivan-kuluessa","13":"pa_variatsioon-keittioveitsi-k0-hiiliteras-kiillotettu-varsi-luumupuuta","15":"first","16":"outofstock","17":"sale","18":"taxable","19":"shipping-taxable","20":"purchasable","21":"product-type-simple"},"acf":[],"yoast_head":"<!-- This site is optimized with the Yoast SEO Premium plugin v27.3 (Yoast SEO v27.3) - https:\/\/yoast.com\/product\/yoast-seo-premium-wordpress\/ -->\n<title>Magneettinen kirsikkapuun pidike sein\u00e4lle 49x7cm - Rodoaed<\/title>\n<meta name=\"description\" content=\"Rober Herder -keitti\u00f6veitsi on maailman tunnetuin ja k\u00e4yt\u00e4nn\u00f6llisin monitoimiveitsi ja vihannesten kuorimaveitsi. Keitti\u00f6veitsi kirsikkapuukahvalla\" \/>\n<meta name=\"robots\" content=\"index, follow, max-snippet:-1, max-image-preview:large, max-video-preview:-1\" \/>\n<link rel=\"canonical\" href=\"https:\/\/rodoaed.ee\/fi\/toode\/magneettinen-kirsikkapuun-pidike-seinalle-49x7cm\/\" \/>\n<meta property=\"og:locale\" content=\"fi_FI\" \/>\n<meta property=\"og:type\" content=\"article\" \/>\n<meta property=\"og:title\" content=\"Magneettinen kirsikkapuun pidike sein\u00e4lle 49x7cm\" \/>\n<meta property=\"og:description\" content=\"K\u00e4yt\u00e4nn\u00f6llinen ja tyylik\u00e4s veitsiteline. Magneetti pit\u00e4\u00e4 veitset paikallaan. Pidikkeen puulevy on valmistettu h\u00f6yrytetyst\u00e4 ja \u00f6ljytyst\u00e4 kirsikkapuusta,\" \/>\n<meta property=\"og:url\" content=\"https:\/\/rodoaed.ee\/fi\/toode\/magneettinen-kirsikkapuun-pidike-seinalle-49x7cm\/\" \/>\n<meta property=\"og:site_name\" content=\"Rodoaed\" \/>\n<meta property=\"article:publisher\" content=\"https:\/\/www.facebook.com\/kasvuhooned\/\" \/>\n<meta property=\"article:modified_time\" content=\"2026-04-13T08:03:25+00:00\" \/>\n<meta property=\"og:image\" content=\"https:\/\/rodoaed.ee\/wp-content\/uploads\/2020\/03\/923949002_Magnetleiste-mit-Messern_Kirsche.jpg\" \/>\n\t<meta property=\"og:image:width\" content=\"2560\" \/>\n\t<meta property=\"og:image:height\" content=\"1681\" \/>\n\t<meta property=\"og:image:type\" content=\"image\/jpeg\" \/>\n<meta name=\"twitter:card\" content=\"summary_large_image\" \/>\n<meta name=\"twitter:label1\" content=\"Arvioitu lukuaika\" \/>\n\t<meta name=\"twitter:data1\" content=\"1 minuutti\" \/>\n<script type=\"application\/ld+json\" class=\"yoast-schema-graph\">{\"@context\":\"https:\\\/\\\/schema.org\",\"@graph\":[{\"@type\":\"WebPage\",\"@id\":\"https:\\\/\\\/rodoaed.ee\\\/fi\\\/toode\\\/magneettinen-kirsikkapuun-pidike-seinalle-49x7cm\\\/\",\"url\":\"https:\\\/\\\/rodoaed.ee\\\/fi\\\/toode\\\/magneettinen-kirsikkapuun-pidike-seinalle-49x7cm\\\/\",\"name\":\"Magneettinen kirsikkapuun pidike sein\u00e4lle 49x7cm - Rodoaed\",\"isPartOf\":{\"@id\":\"https:\\\/\\\/rodoaed.ee\\\/#website\"},\"primaryImageOfPage\":{\"@id\":\"https:\\\/\\\/rodoaed.ee\\\/fi\\\/toode\\\/magneettinen-kirsikkapuun-pidike-seinalle-49x7cm\\\/#primaryimage\"},\"image\":{\"@id\":\"https:\\\/\\\/rodoaed.ee\\\/fi\\\/toode\\\/magneettinen-kirsikkapuun-pidike-seinalle-49x7cm\\\/#primaryimage\"},\"thumbnailUrl\":\"https:\\\/\\\/rodoaed.ee\\\/wp-content\\\/uploads\\\/2020\\\/03\\\/923949002_Magnetleiste-mit-Messern_Kirsche.jpg\",\"datePublished\":\"2020-03-04T12:41:39+00:00\",\"dateModified\":\"2026-04-13T08:03:25+00:00\",\"description\":\"Rober Herder -keitti\u00f6veitsi on maailman tunnetuin ja k\u00e4yt\u00e4nn\u00f6llisin monitoimiveitsi ja vihannesten kuorimaveitsi. Keitti\u00f6veitsi kirsikkapuukahvalla\",\"breadcrumb\":{\"@id\":\"https:\\\/\\\/rodoaed.ee\\\/fi\\\/toode\\\/magneettinen-kirsikkapuun-pidike-seinalle-49x7cm\\\/#breadcrumb\"},\"inLanguage\":\"fi\",\"potentialAction\":[{\"@type\":\"ReadAction\",\"target\":[\"https:\\\/\\\/rodoaed.ee\\\/fi\\\/toode\\\/magneettinen-kirsikkapuun-pidike-seinalle-49x7cm\\\/\"]}]},{\"@type\":\"ImageObject\",\"inLanguage\":\"fi\",\"@id\":\"https:\\\/\\\/rodoaed.ee\\\/fi\\\/toode\\\/magneettinen-kirsikkapuun-pidike-seinalle-49x7cm\\\/#primaryimage\",\"url\":\"https:\\\/\\\/rodoaed.ee\\\/wp-content\\\/uploads\\\/2020\\\/03\\\/923949002_Magnetleiste-mit-Messern_Kirsche.jpg\",\"contentUrl\":\"https:\\\/\\\/rodoaed.ee\\\/wp-content\\\/uploads\\\/2020\\\/03\\\/923949002_Magnetleiste-mit-Messern_Kirsche.jpg\",\"width\":2560,\"height\":1681,\"caption\":\"Noahoidja\"},{\"@type\":\"BreadcrumbList\",\"@id\":\"https:\\\/\\\/rodoaed.ee\\\/fi\\\/toode\\\/magneettinen-kirsikkapuun-pidike-seinalle-49x7cm\\\/#breadcrumb\",\"itemListElement\":[{\"@type\":\"ListItem\",\"position\":1,\"name\":\"Home\",\"item\":\"https:\\\/\\\/rodoaed.ee\\\/fi\\\/\"},{\"@type\":\"ListItem\",\"position\":2,\"name\":\"Osta osoitteessa\",\"item\":\"https:\\\/\\\/rodoaed.ee\\\/osta-osoitteessa\\\/\"},{\"@type\":\"ListItem\",\"position\":3,\"name\":\"Magneettinen kirsikkapuun pidike sein\u00e4lle 49x7cm\"}]},{\"@type\":\"WebSite\",\"@id\":\"https:\\\/\\\/rodoaed.ee\\\/#website\",\"url\":\"https:\\\/\\\/rodoaed.ee\\\/\",\"name\":\"Rodoaed\",\"description\":\"\",\"publisher\":{\"@id\":\"https:\\\/\\\/rodoaed.ee\\\/#organization\"},\"potentialAction\":[{\"@type\":\"SearchAction\",\"target\":{\"@type\":\"EntryPoint\",\"urlTemplate\":\"https:\\\/\\\/rodoaed.ee\\\/?s={search_term_string}\"},\"query-input\":{\"@type\":\"PropertyValueSpecification\",\"valueRequired\":true,\"valueName\":\"search_term_string\"}}],\"inLanguage\":\"fi\"},{\"@type\":\"Organization\",\"@id\":\"https:\\\/\\\/rodoaed.ee\\\/#organization\",\"name\":\"Rodoaed\",\"url\":\"https:\\\/\\\/rodoaed.ee\\\/\",\"logo\":{\"@type\":\"ImageObject\",\"inLanguage\":\"fi\",\"@id\":\"https:\\\/\\\/rodoaed.ee\\\/#\\\/schema\\\/logo\\\/image\\\/\",\"url\":\"https:\\\/\\\/rodoaed.ee\\\/wp-content\\\/uploads\\\/2019\\\/11\\\/rodoaed-logo-ilma-taustata.jpg\",\"contentUrl\":\"https:\\\/\\\/rodoaed.ee\\\/wp-content\\\/uploads\\\/2019\\\/11\\\/rodoaed-logo-ilma-taustata.jpg\",\"width\":769,\"height\":268,\"caption\":\"Rodoaed\"},\"image\":{\"@id\":\"https:\\\/\\\/rodoaed.ee\\\/#\\\/schema\\\/logo\\\/image\\\/\"},\"sameAs\":[\"https:\\\/\\\/www.facebook.com\\\/kasvuhooned\\\/\",\"https:\\\/\\\/rodoaed.ee\"]}]}<\/script>\n<!-- \/ Yoast SEO Premium plugin. -->","yoast_head_json":{"title":"Magneettinen kirsikkapuun pidike sein\u00e4lle 49x7cm - Rodoaed","description":"Rober Herder -keitti\u00f6veitsi on maailman tunnetuin ja k\u00e4yt\u00e4nn\u00f6llisin monitoimiveitsi ja vihannesten kuorimaveitsi. Keitti\u00f6veitsi kirsikkapuukahvalla","robots":{"index":"index","follow":"follow","max-snippet":"max-snippet:-1","max-image-preview":"max-image-preview:large","max-video-preview":"max-video-preview:-1"},"canonical":"https:\/\/rodoaed.ee\/fi\/toode\/magneettinen-kirsikkapuun-pidike-seinalle-49x7cm\/","og_locale":"fi_FI","og_type":"article","og_title":"Magneettinen kirsikkapuun pidike sein\u00e4lle 49x7cm","og_description":"K\u00e4yt\u00e4nn\u00f6llinen ja tyylik\u00e4s veitsiteline. Magneetti pit\u00e4\u00e4 veitset paikallaan. Pidikkeen puulevy on valmistettu h\u00f6yrytetyst\u00e4 ja \u00f6ljytyst\u00e4 kirsikkapuusta,","og_url":"https:\/\/rodoaed.ee\/fi\/toode\/magneettinen-kirsikkapuun-pidike-seinalle-49x7cm\/","og_site_name":"Rodoaed","article_publisher":"https:\/\/www.facebook.com\/kasvuhooned\/","article_modified_time":"2026-04-13T08:03:25+00:00","og_image":[{"width":2560,"height":1681,"url":"https:\/\/rodoaed.ee\/wp-content\/uploads\/2020\/03\/923949002_Magnetleiste-mit-Messern_Kirsche.jpg","type":"image\/jpeg"}],"twitter_card":"summary_large_image","twitter_misc":{"Arvioitu lukuaika":"1 minuutti"},"schema":{"@context":"https:\/\/schema.org","@graph":[{"@type":"WebPage","@id":"https:\/\/rodoaed.ee\/fi\/toode\/magneettinen-kirsikkapuun-pidike-seinalle-49x7cm\/","url":"https:\/\/rodoaed.ee\/fi\/toode\/magneettinen-kirsikkapuun-pidike-seinalle-49x7cm\/","name":"Magneettinen kirsikkapuun pidike sein\u00e4lle 49x7cm - Rodoaed","isPartOf":{"@id":"https:\/\/rodoaed.ee\/#website"},"primaryImageOfPage":{"@id":"https:\/\/rodoaed.ee\/fi\/toode\/magneettinen-kirsikkapuun-pidike-seinalle-49x7cm\/#primaryimage"},"image":{"@id":"https:\/\/rodoaed.ee\/fi\/toode\/magneettinen-kirsikkapuun-pidike-seinalle-49x7cm\/#primaryimage"},"thumbnailUrl":"https:\/\/rodoaed.ee\/wp-content\/uploads\/2020\/03\/923949002_Magnetleiste-mit-Messern_Kirsche.jpg","datePublished":"2020-03-04T12:41:39+00:00","dateModified":"2026-04-13T08:03:25+00:00","description":"Rober Herder -keitti\u00f6veitsi on maailman tunnetuin ja k\u00e4yt\u00e4nn\u00f6llisin monitoimiveitsi ja vihannesten kuorimaveitsi. Keitti\u00f6veitsi kirsikkapuukahvalla","breadcrumb":{"@id":"https:\/\/rodoaed.ee\/fi\/toode\/magneettinen-kirsikkapuun-pidike-seinalle-49x7cm\/#breadcrumb"},"inLanguage":"fi","potentialAction":[{"@type":"ReadAction","target":["https:\/\/rodoaed.ee\/fi\/toode\/magneettinen-kirsikkapuun-pidike-seinalle-49x7cm\/"]}]},{"@type":"ImageObject","inLanguage":"fi","@id":"https:\/\/rodoaed.ee\/fi\/toode\/magneettinen-kirsikkapuun-pidike-seinalle-49x7cm\/#primaryimage","url":"https:\/\/rodoaed.ee\/wp-content\/uploads\/2020\/03\/923949002_Magnetleiste-mit-Messern_Kirsche.jpg","contentUrl":"https:\/\/rodoaed.ee\/wp-content\/uploads\/2020\/03\/923949002_Magnetleiste-mit-Messern_Kirsche.jpg","width":2560,"height":1681,"caption":"Noahoidja"},{"@type":"BreadcrumbList","@id":"https:\/\/rodoaed.ee\/fi\/toode\/magneettinen-kirsikkapuun-pidike-seinalle-49x7cm\/#breadcrumb","itemListElement":[{"@type":"ListItem","position":1,"name":"Home","item":"https:\/\/rodoaed.ee\/fi\/"},{"@type":"ListItem","position":2,"name":"Osta osoitteessa","item":"https:\/\/rodoaed.ee\/osta-osoitteessa\/"},{"@type":"ListItem","position":3,"name":"Magneettinen kirsikkapuun pidike sein\u00e4lle 49x7cm"}]},{"@type":"WebSite","@id":"https:\/\/rodoaed.ee\/#website","url":"https:\/\/rodoaed.ee\/","name":"Rodoaed","description":"","publisher":{"@id":"https:\/\/rodoaed.ee\/#organization"},"potentialAction":[{"@type":"SearchAction","target":{"@type":"EntryPoint","urlTemplate":"https:\/\/rodoaed.ee\/?s={search_term_string}"},"query-input":{"@type":"PropertyValueSpecification","valueRequired":true,"valueName":"search_term_string"}}],"inLanguage":"fi"},{"@type":"Organization","@id":"https:\/\/rodoaed.ee\/#organization","name":"Rodoaed","url":"https:\/\/rodoaed.ee\/","logo":{"@type":"ImageObject","inLanguage":"fi","@id":"https:\/\/rodoaed.ee\/#\/schema\/logo\/image\/","url":"https:\/\/rodoaed.ee\/wp-content\/uploads\/2019\/11\/rodoaed-logo-ilma-taustata.jpg","contentUrl":"https:\/\/rodoaed.ee\/wp-content\/uploads\/2019\/11\/rodoaed-logo-ilma-taustata.jpg","width":769,"height":268,"caption":"Rodoaed"},"image":{"@id":"https:\/\/rodoaed.ee\/#\/schema\/logo\/image\/"},"sameAs":["https:\/\/www.facebook.com\/kasvuhooned\/","https:\/\/rodoaed.ee"]}]}},"_links":{"self":[{"href":"https:\/\/rodoaed.ee\/fi\/wp-json\/wp\/v2\/product\/53290","targetHints":{"allow":["GET"]}}],"collection":[{"href":"https:\/\/rodoaed.ee\/fi\/wp-json\/wp\/v2\/product"}],"about":[{"href":"https:\/\/rodoaed.ee\/fi\/wp-json\/wp\/v2\/types\/product"}],"wp:featuredmedia":[{"embeddable":true,"href":"https:\/\/rodoaed.ee\/fi\/wp-json\/wp\/v2\/media\/30802"}],"wp:attachment":[{"href":"https:\/\/rodoaed.ee\/fi\/wp-json\/wp\/v2\/media?parent=53290"}],"wp:term":[{"taxonomy":"product_brand","embeddable":true,"href":"https:\/\/rodoaed.ee\/fi\/wp-json\/wp\/v2\/product_brand?post=53290"},{"taxonomy":"product_cat","embeddable":true,"href":"https:\/\/rodoaed.ee\/fi\/wp-json\/wp\/v2\/product_cat?post=53290"},{"taxonomy":"product_tag","embeddable":true,"href":"https:\/\/rodoaed.ee\/fi\/wp-json\/wp\/v2\/product_tag?post=53290"}],"curies":[{"name":"wp","href":"https:\/\/api.w.org\/{rel}","templated":true}]}}