{"id":53293,"date":"2020-02-23T13:33:50","date_gmt":"2020-02-23T11:33:50","guid":{"rendered":"https:\/\/rodoaed.ee\/toode\/japanilainen-puutarha-pensas-denim-pitka\/"},"modified":"2026-04-13T11:03:26","modified_gmt":"2026-04-13T08:03:26","slug":"japanilainen-puutarha-pensas-denim-pitka","status":"publish","type":"product","link":"https:\/\/rodoaed.ee\/fi\/tuote\/japanilainen-puutarha-pensas-denim-pitka\/","title":{"rendered":"Japanilainen puutarha pensas Denim pitk\u00e4"},"content":{"rendered":"<h2>Mukava ja tukeva farkkukankainen japanilaistyylinen puutarhaesiliina, pitk\u00e4. Sopii sek\u00e4 miehille ett\u00e4 naisille. <\/h2>\n<p>Denimin japanilaistyylinen, leikattu puutarhanhoitoesiliina, jossa on mukavat taskut, suojaa ty\u00f6skentelyss\u00e4 mustana. Taskuihin mahtuvat tarvitsemasi ty\u00f6kalut, kuten oksasakset, varttamisvaha, kasvien sidontanaru tai siemenpakkaukset ja kasvileikkurit. <\/p>\n<p>Japanilaistyylinen puutarhaesiliina on selk\u00e4puolelta tiukempi kuin tavallinen puutarhaesiliina.<\/p>\n<p>&nbsp;<\/p>\n<h2>T\u00e4rkeimm\u00e4t ominaisuudet :<\/h2>\n<ul>\n<li>Mitat L 58 x K 91 cm<\/li>\n<li>Paino: 457 g<\/li>\n<li>Kangas: denim (80 % puuvillaa, 20 % polyesteri\u00e4), sianahka.<\/li>\n<\/ul>\n<p>&nbsp;<\/p>\n<div id=\"article-specifications\" class=\"tab-links__content is-active col-md-6 mb-4\"><\/div>\n","protected":false},"excerpt":{"rendered":"<p>Mukava ja tukeva farkkukankainen japanilaistyylinen puutarhaesiliina, pitk\u00e4. Sopii sek\u00e4 miehille ett\u00e4 naisille. Denimin japanilaistyylinen, leikattu puutarhanhoitoesiliina, jossa on mukavat taskut, suojaa ty\u00f6skentelyss\u00e4 mustana. Taskuihin mahtuvat tarvitsemasi ty\u00f6kalut, kuten oksasakset, varttamisvaha, kasvien sidontanaru tai siemenpakkaukset ja kasvileikkurit. Japanilaistyylinen puutarhaesiliina on selk\u00e4puolelta tiukempi kuin tavallinen puutarhaesiliina. &nbsp; T\u00e4rkeimm\u00e4t ominaisuudet : Mitat L 58 x K 91 cm Paino: 457 g Kangas: denim (80 % puuvillaa, 20 %&#8230;<\/p>\n","protected":false},"featured_media":30347,"template":"","meta":{"_acf_changed":false},"product_brand":[],"product_cat":[1945],"product_tag":[],"class_list":{"0":"post-53293","1":"product","2":"type-product","3":"status-publish","4":"has-post-thumbnail","6":"product_cat-tarvikkeet","7":"product_shipping_class-toimitus-1-3-tyopaivan-kuluessa","8":"pa_variatsioon-superseeder-kylvokone-21","10":"first","11":"instock","12":"taxable","13":"shipping-taxable","14":"purchasable","15":"product-type-simple"},"acf":[],"yoast_head":"<!-- This site is optimized with the Yoast SEO Premium plugin v27.3 (Yoast SEO v27.3) - https:\/\/yoast.com\/product\/yoast-seo-premium-wordpress\/ -->\n<title>Japanilainen puutarha pensas Denim pitk\u00e4 - Rodoaed<\/title>\n<meta name=\"robots\" content=\"index, follow, max-snippet:-1, max-image-preview:large, max-video-preview:-1\" \/>\n<link rel=\"canonical\" href=\"https:\/\/rodoaed.ee\/fi\/toode\/japanilainen-puutarha-pensas-denim-pitka\/\" \/>\n<meta property=\"og:locale\" content=\"fi_FI\" \/>\n<meta property=\"og:type\" content=\"article\" \/>\n<meta property=\"og:title\" content=\"Japanilainen puutarha pensas Denim pitk\u00e4\" \/>\n<meta property=\"og:description\" content=\"Mukava ja tukeva farkkukankainen japanilaistyylinen puutarhaesiliina, pitk\u00e4. Sopii sek\u00e4 miehille ett\u00e4 naisille. Denimin japanilaistyylinen, leikattu\" \/>\n<meta property=\"og:url\" content=\"https:\/\/rodoaed.ee\/fi\/toode\/japanilainen-puutarha-pensas-denim-pitka\/\" \/>\n<meta property=\"og:site_name\" content=\"Rodoaed\" \/>\n<meta property=\"article:publisher\" content=\"https:\/\/www.facebook.com\/kasvuhooned\/\" \/>\n<meta property=\"article:modified_time\" content=\"2026-04-13T08:03:26+00:00\" \/>\n<meta property=\"og:image\" content=\"https:\/\/rodoaed.ee\/wp-content\/uploads\/2020\/02\/jaapani-p\u00f5ll_GT157_01.png\" \/>\n\t<meta property=\"og:image:width\" content=\"1240\" \/>\n\t<meta property=\"og:image:height\" content=\"1240\" \/>\n\t<meta property=\"og:image:type\" content=\"image\/png\" \/>\n<meta name=\"twitter:card\" content=\"summary_large_image\" \/>\n<script type=\"application\/ld+json\" class=\"yoast-schema-graph\">{\"@context\":\"https:\\\/\\\/schema.org\",\"@graph\":[{\"@type\":\"WebPage\",\"@id\":\"https:\\\/\\\/rodoaed.ee\\\/fi\\\/toode\\\/japanilainen-puutarha-pensas-denim-pitka\\\/\",\"url\":\"https:\\\/\\\/rodoaed.ee\\\/fi\\\/toode\\\/japanilainen-puutarha-pensas-denim-pitka\\\/\",\"name\":\"Japanilainen puutarha pensas Denim pitk\u00e4 - Rodoaed\",\"isPartOf\":{\"@id\":\"https:\\\/\\\/rodoaed.ee\\\/#website\"},\"primaryImageOfPage\":{\"@id\":\"https:\\\/\\\/rodoaed.ee\\\/fi\\\/toode\\\/japanilainen-puutarha-pensas-denim-pitka\\\/#primaryimage\"},\"image\":{\"@id\":\"https:\\\/\\\/rodoaed.ee\\\/fi\\\/toode\\\/japanilainen-puutarha-pensas-denim-pitka\\\/#primaryimage\"},\"thumbnailUrl\":\"https:\\\/\\\/rodoaed.ee\\\/wp-content\\\/uploads\\\/2020\\\/02\\\/jaapani-p\u00f5ll_GT157_01.png\",\"datePublished\":\"2020-02-23T11:33:50+00:00\",\"dateModified\":\"2026-04-13T08:03:26+00:00\",\"breadcrumb\":{\"@id\":\"https:\\\/\\\/rodoaed.ee\\\/fi\\\/toode\\\/japanilainen-puutarha-pensas-denim-pitka\\\/#breadcrumb\"},\"inLanguage\":\"fi\",\"potentialAction\":[{\"@type\":\"ReadAction\",\"target\":[\"https:\\\/\\\/rodoaed.ee\\\/fi\\\/toode\\\/japanilainen-puutarha-pensas-denim-pitka\\\/\"]}]},{\"@type\":\"ImageObject\",\"inLanguage\":\"fi\",\"@id\":\"https:\\\/\\\/rodoaed.ee\\\/fi\\\/toode\\\/japanilainen-puutarha-pensas-denim-pitka\\\/#primaryimage\",\"url\":\"https:\\\/\\\/rodoaed.ee\\\/wp-content\\\/uploads\\\/2020\\\/02\\\/jaapani-p\u00f5ll_GT157_01.png\",\"contentUrl\":\"https:\\\/\\\/rodoaed.ee\\\/wp-content\\\/uploads\\\/2020\\\/02\\\/jaapani-p\u00f5ll_GT157_01.png\",\"width\":1240,\"height\":1240},{\"@type\":\"BreadcrumbList\",\"@id\":\"https:\\\/\\\/rodoaed.ee\\\/fi\\\/toode\\\/japanilainen-puutarha-pensas-denim-pitka\\\/#breadcrumb\",\"itemListElement\":[{\"@type\":\"ListItem\",\"position\":1,\"name\":\"Home\",\"item\":\"https:\\\/\\\/rodoaed.ee\\\/fi\\\/\"},{\"@type\":\"ListItem\",\"position\":2,\"name\":\"Osta osoitteessa\",\"item\":\"https:\\\/\\\/rodoaed.ee\\\/osta-osoitteessa\\\/\"},{\"@type\":\"ListItem\",\"position\":3,\"name\":\"Japanilainen puutarha pensas Denim pitk\u00e4\"}]},{\"@type\":\"WebSite\",\"@id\":\"https:\\\/\\\/rodoaed.ee\\\/#website\",\"url\":\"https:\\\/\\\/rodoaed.ee\\\/\",\"name\":\"Rodoaed\",\"description\":\"\",\"publisher\":{\"@id\":\"https:\\\/\\\/rodoaed.ee\\\/#organization\"},\"potentialAction\":[{\"@type\":\"SearchAction\",\"target\":{\"@type\":\"EntryPoint\",\"urlTemplate\":\"https:\\\/\\\/rodoaed.ee\\\/?s={search_term_string}\"},\"query-input\":{\"@type\":\"PropertyValueSpecification\",\"valueRequired\":true,\"valueName\":\"search_term_string\"}}],\"inLanguage\":\"fi\"},{\"@type\":\"Organization\",\"@id\":\"https:\\\/\\\/rodoaed.ee\\\/#organization\",\"name\":\"Rodoaed\",\"url\":\"https:\\\/\\\/rodoaed.ee\\\/\",\"logo\":{\"@type\":\"ImageObject\",\"inLanguage\":\"fi\",\"@id\":\"https:\\\/\\\/rodoaed.ee\\\/#\\\/schema\\\/logo\\\/image\\\/\",\"url\":\"https:\\\/\\\/rodoaed.ee\\\/wp-content\\\/uploads\\\/2019\\\/11\\\/rodoaed-logo-ilma-taustata.jpg\",\"contentUrl\":\"https:\\\/\\\/rodoaed.ee\\\/wp-content\\\/uploads\\\/2019\\\/11\\\/rodoaed-logo-ilma-taustata.jpg\",\"width\":769,\"height\":268,\"caption\":\"Rodoaed\"},\"image\":{\"@id\":\"https:\\\/\\\/rodoaed.ee\\\/#\\\/schema\\\/logo\\\/image\\\/\"},\"sameAs\":[\"https:\\\/\\\/www.facebook.com\\\/kasvuhooned\\\/\",\"https:\\\/\\\/rodoaed.ee\"]}]}<\/script>\n<!-- \/ Yoast SEO Premium plugin. -->","yoast_head_json":{"title":"Japanilainen puutarha pensas Denim pitk\u00e4 - Rodoaed","robots":{"index":"index","follow":"follow","max-snippet":"max-snippet:-1","max-image-preview":"max-image-preview:large","max-video-preview":"max-video-preview:-1"},"canonical":"https:\/\/rodoaed.ee\/fi\/toode\/japanilainen-puutarha-pensas-denim-pitka\/","og_locale":"fi_FI","og_type":"article","og_title":"Japanilainen puutarha pensas Denim pitk\u00e4","og_description":"Mukava ja tukeva farkkukankainen japanilaistyylinen puutarhaesiliina, pitk\u00e4. Sopii sek\u00e4 miehille ett\u00e4 naisille. Denimin japanilaistyylinen, leikattu","og_url":"https:\/\/rodoaed.ee\/fi\/toode\/japanilainen-puutarha-pensas-denim-pitka\/","og_site_name":"Rodoaed","article_publisher":"https:\/\/www.facebook.com\/kasvuhooned\/","article_modified_time":"2026-04-13T08:03:26+00:00","og_image":[{"width":1240,"height":1240,"url":"https:\/\/rodoaed.ee\/wp-content\/uploads\/2020\/02\/jaapani-p\u00f5ll_GT157_01.png","type":"image\/png"}],"twitter_card":"summary_large_image","schema":{"@context":"https:\/\/schema.org","@graph":[{"@type":"WebPage","@id":"https:\/\/rodoaed.ee\/fi\/toode\/japanilainen-puutarha-pensas-denim-pitka\/","url":"https:\/\/rodoaed.ee\/fi\/toode\/japanilainen-puutarha-pensas-denim-pitka\/","name":"Japanilainen puutarha pensas Denim pitk\u00e4 - Rodoaed","isPartOf":{"@id":"https:\/\/rodoaed.ee\/#website"},"primaryImageOfPage":{"@id":"https:\/\/rodoaed.ee\/fi\/toode\/japanilainen-puutarha-pensas-denim-pitka\/#primaryimage"},"image":{"@id":"https:\/\/rodoaed.ee\/fi\/toode\/japanilainen-puutarha-pensas-denim-pitka\/#primaryimage"},"thumbnailUrl":"https:\/\/rodoaed.ee\/wp-content\/uploads\/2020\/02\/jaapani-p\u00f5ll_GT157_01.png","datePublished":"2020-02-23T11:33:50+00:00","dateModified":"2026-04-13T08:03:26+00:00","breadcrumb":{"@id":"https:\/\/rodoaed.ee\/fi\/toode\/japanilainen-puutarha-pensas-denim-pitka\/#breadcrumb"},"inLanguage":"fi","potentialAction":[{"@type":"ReadAction","target":["https:\/\/rodoaed.ee\/fi\/toode\/japanilainen-puutarha-pensas-denim-pitka\/"]}]},{"@type":"ImageObject","inLanguage":"fi","@id":"https:\/\/rodoaed.ee\/fi\/toode\/japanilainen-puutarha-pensas-denim-pitka\/#primaryimage","url":"https:\/\/rodoaed.ee\/wp-content\/uploads\/2020\/02\/jaapani-p\u00f5ll_GT157_01.png","contentUrl":"https:\/\/rodoaed.ee\/wp-content\/uploads\/2020\/02\/jaapani-p\u00f5ll_GT157_01.png","width":1240,"height":1240},{"@type":"BreadcrumbList","@id":"https:\/\/rodoaed.ee\/fi\/toode\/japanilainen-puutarha-pensas-denim-pitka\/#breadcrumb","itemListElement":[{"@type":"ListItem","position":1,"name":"Home","item":"https:\/\/rodoaed.ee\/fi\/"},{"@type":"ListItem","position":2,"name":"Osta osoitteessa","item":"https:\/\/rodoaed.ee\/osta-osoitteessa\/"},{"@type":"ListItem","position":3,"name":"Japanilainen puutarha pensas Denim pitk\u00e4"}]},{"@type":"WebSite","@id":"https:\/\/rodoaed.ee\/#website","url":"https:\/\/rodoaed.ee\/","name":"Rodoaed","description":"","publisher":{"@id":"https:\/\/rodoaed.ee\/#organization"},"potentialAction":[{"@type":"SearchAction","target":{"@type":"EntryPoint","urlTemplate":"https:\/\/rodoaed.ee\/?s={search_term_string}"},"query-input":{"@type":"PropertyValueSpecification","valueRequired":true,"valueName":"search_term_string"}}],"inLanguage":"fi"},{"@type":"Organization","@id":"https:\/\/rodoaed.ee\/#organization","name":"Rodoaed","url":"https:\/\/rodoaed.ee\/","logo":{"@type":"ImageObject","inLanguage":"fi","@id":"https:\/\/rodoaed.ee\/#\/schema\/logo\/image\/","url":"https:\/\/rodoaed.ee\/wp-content\/uploads\/2019\/11\/rodoaed-logo-ilma-taustata.jpg","contentUrl":"https:\/\/rodoaed.ee\/wp-content\/uploads\/2019\/11\/rodoaed-logo-ilma-taustata.jpg","width":769,"height":268,"caption":"Rodoaed"},"image":{"@id":"https:\/\/rodoaed.ee\/#\/schema\/logo\/image\/"},"sameAs":["https:\/\/www.facebook.com\/kasvuhooned\/","https:\/\/rodoaed.ee"]}]}},"_links":{"self":[{"href":"https:\/\/rodoaed.ee\/fi\/wp-json\/wp\/v2\/product\/53293","targetHints":{"allow":["GET"]}}],"collection":[{"href":"https:\/\/rodoaed.ee\/fi\/wp-json\/wp\/v2\/product"}],"about":[{"href":"https:\/\/rodoaed.ee\/fi\/wp-json\/wp\/v2\/types\/product"}],"wp:featuredmedia":[{"embeddable":true,"href":"https:\/\/rodoaed.ee\/fi\/wp-json\/wp\/v2\/media\/30347"}],"wp:attachment":[{"href":"https:\/\/rodoaed.ee\/fi\/wp-json\/wp\/v2\/media?parent=53293"}],"wp:term":[{"taxonomy":"product_brand","embeddable":true,"href":"https:\/\/rodoaed.ee\/fi\/wp-json\/wp\/v2\/product_brand?post=53293"},{"taxonomy":"product_cat","embeddable":true,"href":"https:\/\/rodoaed.ee\/fi\/wp-json\/wp\/v2\/product_cat?post=53293"},{"taxonomy":"product_tag","embeddable":true,"href":"https:\/\/rodoaed.ee\/fi\/wp-json\/wp\/v2\/product_tag?post=53293"}],"curies":[{"name":"wp","href":"https:\/\/api.w.org\/{rel}","templated":true}]}}