{"id":53299,"date":"2020-03-17T20:05:27","date_gmt":"2020-03-17T18:05:27","guid":{"rendered":"https:\/\/rodoaed.ee\/toode\/bingo-mallilentokone-690mm-aitoa-balsapuuta\/"},"modified":"2026-04-13T11:03:38","modified_gmt":"2026-04-13T08:03:38","slug":"bingo-mallilentokone-690mm-aitoa-balsapuuta","status":"publish","type":"product","link":"https:\/\/rodoaed.ee\/fi\/tuote\/bingo-mallilentokone-690mm-aitoa-balsapuuta\/","title":{"rendered":"Bingo-mallilentokone 690mm- aitoa balsapuuta"},"content":{"rendered":"<h2>690mm siipiv\u00e4li purjelentokone<\/h2>\n<p>Aidosta balsapuusta valmistetut oikeat mallilentokoneet. Ei halpaa kiinalaista penoplastia tai muovia. N\u00e4m\u00e4 lentokoneet ovat saksalaisten pienoismallimestareiden tekemi\u00e4, jotta nuoret voivat oppia ja harjoitella ja vain huvin ja nautinnon vuoksi.  <\/p>\n<p>N\u00e4m\u00e4 lentokoneet ovat loistavia, koska ne on helppo liimata yhteen ja ne lent\u00e4v\u00e4t todella hyvin. Aerodynaamisesti kaikki on kohdallaan. <\/p>\n<p>Noudata pakkauksessa olevia ohjeita kokoamiseen. Mukana on kaikki tarvittava, kuten tukikehykset ja kiinnittimet terien liimaamiseksi oikeaan kulmaan jne. Kokoaminen on erillinen ilo ja oppimisprosessi, jonka avulla oppii tuntemaan lentokoneen rungon paremmin.  <\/p>\n<p>Lent\u00e4\u00e4ksesi sinun on vain heitett\u00e4v\u00e4 kone p\u00e4\u00e4 edell\u00e4 ja katsottava, mit\u00e4 tapahtuu. Vain muutama heitto, ja saat tarvitsemasi kokemuksen. Ensimm\u00e4isell\u00e4 lennolla sinun on ehk\u00e4 teht\u00e4v\u00e4 pieni s\u00e4\u00e4t\u00f6 sujuvan lennon varmistamiseksi, mutta noudata j\u00e4lleen pakkauksen ohjeita.  <\/p>\n<p>Anna lapsillesi mahdollisuus tutustua lent\u00e4misen j\u00e4nnitt\u00e4v\u00e4\u00e4n maailmaan. Mallilentokoneen lent\u00e4minen on j\u00e4nnitt\u00e4v\u00e4\u00e4 toimintaa lapsille ja koko perheelle. Is\u00e4t ja pojat ja tytt\u00e4ret yhdess\u00e4 ilman \u00e4lylaitetta &#8211; kuulostaa hyv\u00e4lt\u00e4.  <\/p>\n<p>Hyv\u00e4\u00e4 lentoa!<\/p>\n<p><a href=\"https:\/\/rodoaed.ee\/fi\/tootekategooria\/harrastukset-ja-lelut\/mallilentokoneet\/\">Mallilentokoneet<\/a><\/p>\n<h2>T\u00e4rkeimm\u00e4t ominaisuudet:<\/h2>\n<ul>\n<li>Valmistettu Saksassa<\/li>\n<li>Tarkkuusleikatut yksityiskohdat (p\u00e4\u00e4asiassa balsaa)<\/li>\n<li>Helppo koota<\/li>\n<li>Pakkauksessa on kaikki tarvittava paitsi liima<\/li>\n<li>Eritt\u00e4in kehitt\u00e4v\u00e4 lelu sek\u00e4 pojille ett\u00e4 tyt\u00f6ille.<\/li>\n<li>Antaa lapsille toimintaa \u00e4lylaitteiden ulkopuolella<\/li>\n<\/ul>\n<h2>Tekniset tiedot:<\/h2>\n<ul>\n<li>Tiivistys: 690 mm<\/li>\n<li>Rungon pituus: 500 mm<\/li>\n<li>Asennusaika: noin 30-90 minuuttia<\/li>\n<li>Kest\u00e4\u00e4 5-7 tuntia, kunnes liima on t\u00e4ysin kuivunut ja kone on valmis lent\u00e4m\u00e4\u00e4n.<\/li>\n<\/ul>\n<p>&nbsp;<\/p>\n<p>&nbsp;<\/p>\n","protected":false},"excerpt":{"rendered":"<p>690mm siipiv\u00e4li purjelentokone Aidosta balsapuusta valmistetut oikeat mallilentokoneet. Ei halpaa kiinalaista penoplastia tai muovia. N\u00e4m\u00e4 lentokoneet ovat saksalaisten pienoismallimestareiden tekemi\u00e4, jotta nuoret voivat oppia ja harjoitella ja vain huvin ja nautinnon vuoksi. N\u00e4m\u00e4 lentokoneet ovat loistavia, koska ne on helppo liimata yhteen ja ne lent\u00e4v\u00e4t todella hyvin. Aerodynaamisesti kaikki on kohdallaan. Noudata pakkauksessa olevia ohjeita kokoamiseen. Mukana on kaikki tarvittava, kuten tukikehykset ja kiinnittimet terien&#8230;<\/p>\n","protected":false},"featured_media":30886,"template":"","meta":{"_acf_changed":false},"product_brand":[],"product_cat":[2218],"product_tag":[],"class_list":{"0":"post-53299","1":"product","2":"type-product","3":"status-publish","4":"has-post-thumbnail","6":"product_cat-malli-ilma-alus-midi","7":"product_shipping_class-toimitus-1-3-tyopaivan-kuluessa","8":"pa_variatsioon-sakset-1110-suora-tera","10":"first","11":"instock","12":"sale","13":"taxable","14":"shipping-taxable","15":"purchasable","16":"product-type-simple"},"acf":[],"yoast_head":"<!-- This site is optimized with the Yoast SEO Premium plugin v27.5 (Yoast SEO v27.5) - https:\/\/yoast.com\/product\/yoast-seo-premium-wordpress\/ -->\n<title>Bingo-mallilentokone 690mm- aitoa balsapuuta -% Puutarhan oksasakset sauvalla<\/title>\n<meta name=\"description\" content=\"Saksalaiset mallilentokoneet hauskanpitoon lasten kanssa. Siistit balsapuusta heitett\u00e4v\u00e4t mallilentokoneet kaikenik\u00e4isille.\" \/>\n<meta name=\"robots\" content=\"index, follow, max-snippet:-1, max-image-preview:large, max-video-preview:-1\" \/>\n<link rel=\"canonical\" href=\"https:\/\/rodoaed.ee\/fi\/toode\/bingo-mallilentokone-690mm-aitoa-balsapuuta\/\" \/>\n<meta property=\"og:locale\" content=\"fi_FI\" \/>\n<meta property=\"og:type\" content=\"article\" \/>\n<meta property=\"og:title\" content=\"Bingo-mallilentokone 690mm- aitoa balsapuuta\" \/>\n<meta property=\"og:description\" content=\"690mm siipiv\u00e4li purjelentokone Aidosta balsapuusta valmistetut oikeat mallilentokoneet. Ei halpaa kiinalaista penoplastia tai muovia. N\u00e4m\u00e4 lentokoneet\" \/>\n<meta property=\"og:url\" content=\"https:\/\/rodoaed.ee\/fi\/toode\/bingo-mallilentokone-690mm-aitoa-balsapuuta\/\" \/>\n<meta property=\"og:site_name\" content=\"Rodoaed\" \/>\n<meta property=\"article:publisher\" content=\"https:\/\/www.facebook.com\/kasvuhooned\/\" \/>\n<meta property=\"article:modified_time\" content=\"2026-04-13T08:03:38+00:00\" \/>\n<meta property=\"og:image\" content=\"https:\/\/rodoaed.ee\/wp-content\/uploads\/2020\/03\/mudellennuk_102100-Bingo-.jpg\" \/>\n\t<meta property=\"og:image:width\" content=\"1260\" \/>\n\t<meta property=\"og:image:height\" content=\"858\" \/>\n\t<meta property=\"og:image:type\" content=\"image\/jpeg\" \/>\n<meta name=\"twitter:card\" content=\"summary_large_image\" \/>\n<meta name=\"twitter:label1\" content=\"Arvioitu lukuaika\" \/>\n\t<meta name=\"twitter:data1\" content=\"1 minuutti\" \/>\n<script type=\"application\/ld+json\" class=\"yoast-schema-graph\">{\"@context\":\"https:\\\/\\\/schema.org\",\"@graph\":[{\"@type\":\"WebPage\",\"@id\":\"https:\\\/\\\/rodoaed.ee\\\/fi\\\/toode\\\/bingo-mallilentokone-690mm-aitoa-balsapuuta\\\/\",\"url\":\"https:\\\/\\\/rodoaed.ee\\\/fi\\\/toode\\\/bingo-mallilentokone-690mm-aitoa-balsapuuta\\\/\",\"name\":\"Bingo-mallilentokone 690mm- aitoa balsapuuta -% Puutarhan oksasakset sauvalla\",\"isPartOf\":{\"@id\":\"https:\\\/\\\/rodoaed.ee\\\/#website\"},\"primaryImageOfPage\":{\"@id\":\"https:\\\/\\\/rodoaed.ee\\\/fi\\\/toode\\\/bingo-mallilentokone-690mm-aitoa-balsapuuta\\\/#primaryimage\"},\"image\":{\"@id\":\"https:\\\/\\\/rodoaed.ee\\\/fi\\\/toode\\\/bingo-mallilentokone-690mm-aitoa-balsapuuta\\\/#primaryimage\"},\"thumbnailUrl\":\"https:\\\/\\\/rodoaed.ee\\\/wp-content\\\/uploads\\\/2020\\\/03\\\/mudellennuk_102100-Bingo-.jpg\",\"datePublished\":\"2020-03-17T18:05:27+00:00\",\"dateModified\":\"2026-04-13T08:03:38+00:00\",\"description\":\"Saksalaiset mallilentokoneet hauskanpitoon lasten kanssa. Siistit balsapuusta heitett\u00e4v\u00e4t mallilentokoneet kaikenik\u00e4isille.\",\"breadcrumb\":{\"@id\":\"https:\\\/\\\/rodoaed.ee\\\/fi\\\/toode\\\/bingo-mallilentokone-690mm-aitoa-balsapuuta\\\/#breadcrumb\"},\"inLanguage\":\"fi\",\"potentialAction\":[{\"@type\":\"ReadAction\",\"target\":[\"https:\\\/\\\/rodoaed.ee\\\/fi\\\/toode\\\/bingo-mallilentokone-690mm-aitoa-balsapuuta\\\/\"]}]},{\"@type\":\"ImageObject\",\"inLanguage\":\"fi\",\"@id\":\"https:\\\/\\\/rodoaed.ee\\\/fi\\\/toode\\\/bingo-mallilentokone-690mm-aitoa-balsapuuta\\\/#primaryimage\",\"url\":\"https:\\\/\\\/rodoaed.ee\\\/wp-content\\\/uploads\\\/2020\\\/03\\\/mudellennuk_102100-Bingo-.jpg\",\"contentUrl\":\"https:\\\/\\\/rodoaed.ee\\\/wp-content\\\/uploads\\\/2020\\\/03\\\/mudellennuk_102100-Bingo-.jpg\",\"width\":1260,\"height\":858,\"caption\":\"mudellennuk\"},{\"@type\":\"BreadcrumbList\",\"@id\":\"https:\\\/\\\/rodoaed.ee\\\/fi\\\/toode\\\/bingo-mallilentokone-690mm-aitoa-balsapuuta\\\/#breadcrumb\",\"itemListElement\":[{\"@type\":\"ListItem\",\"position\":1,\"name\":\"Home\",\"item\":\"https:\\\/\\\/rodoaed.ee\\\/fi\\\/\"},{\"@type\":\"ListItem\",\"position\":2,\"name\":\"Osta osoitteessa\",\"item\":\"https:\\\/\\\/rodoaed.ee\\\/osta-osoitteessa\\\/\"},{\"@type\":\"ListItem\",\"position\":3,\"name\":\"Bingo-mallilentokone 690mm- aitoa balsapuuta\"}]},{\"@type\":\"WebSite\",\"@id\":\"https:\\\/\\\/rodoaed.ee\\\/#website\",\"url\":\"https:\\\/\\\/rodoaed.ee\\\/\",\"name\":\"Rodoaed\",\"description\":\"\",\"publisher\":{\"@id\":\"https:\\\/\\\/rodoaed.ee\\\/#organization\"},\"potentialAction\":[{\"@type\":\"SearchAction\",\"target\":{\"@type\":\"EntryPoint\",\"urlTemplate\":\"https:\\\/\\\/rodoaed.ee\\\/?s={search_term_string}\"},\"query-input\":{\"@type\":\"PropertyValueSpecification\",\"valueRequired\":true,\"valueName\":\"search_term_string\"}}],\"inLanguage\":\"fi\"},{\"@type\":\"Organization\",\"@id\":\"https:\\\/\\\/rodoaed.ee\\\/#organization\",\"name\":\"Rodoaed\",\"url\":\"https:\\\/\\\/rodoaed.ee\\\/\",\"logo\":{\"@type\":\"ImageObject\",\"inLanguage\":\"fi\",\"@id\":\"https:\\\/\\\/rodoaed.ee\\\/#\\\/schema\\\/logo\\\/image\\\/\",\"url\":\"https:\\\/\\\/rodoaed.ee\\\/wp-content\\\/uploads\\\/2019\\\/11\\\/rodoaed-logo-ilma-taustata.jpg\",\"contentUrl\":\"https:\\\/\\\/rodoaed.ee\\\/wp-content\\\/uploads\\\/2019\\\/11\\\/rodoaed-logo-ilma-taustata.jpg\",\"width\":769,\"height\":268,\"caption\":\"Rodoaed\"},\"image\":{\"@id\":\"https:\\\/\\\/rodoaed.ee\\\/#\\\/schema\\\/logo\\\/image\\\/\"},\"sameAs\":[\"https:\\\/\\\/www.facebook.com\\\/kasvuhooned\\\/\",\"https:\\\/\\\/rodoaed.ee\"]}]}<\/script>\n<!-- \/ Yoast SEO Premium plugin. -->","yoast_head_json":{"title":"Bingo-mallilentokone 690mm- aitoa balsapuuta -% Puutarhan oksasakset sauvalla","description":"Saksalaiset mallilentokoneet hauskanpitoon lasten kanssa. Siistit balsapuusta heitett\u00e4v\u00e4t mallilentokoneet kaikenik\u00e4isille.","robots":{"index":"index","follow":"follow","max-snippet":"max-snippet:-1","max-image-preview":"max-image-preview:large","max-video-preview":"max-video-preview:-1"},"canonical":"https:\/\/rodoaed.ee\/fi\/toode\/bingo-mallilentokone-690mm-aitoa-balsapuuta\/","og_locale":"fi_FI","og_type":"article","og_title":"Bingo-mallilentokone 690mm- aitoa balsapuuta","og_description":"690mm siipiv\u00e4li purjelentokone Aidosta balsapuusta valmistetut oikeat mallilentokoneet. Ei halpaa kiinalaista penoplastia tai muovia. N\u00e4m\u00e4 lentokoneet","og_url":"https:\/\/rodoaed.ee\/fi\/toode\/bingo-mallilentokone-690mm-aitoa-balsapuuta\/","og_site_name":"Rodoaed","article_publisher":"https:\/\/www.facebook.com\/kasvuhooned\/","article_modified_time":"2026-04-13T08:03:38+00:00","og_image":[{"width":1260,"height":858,"url":"https:\/\/rodoaed.ee\/wp-content\/uploads\/2020\/03\/mudellennuk_102100-Bingo-.jpg","type":"image\/jpeg"}],"twitter_card":"summary_large_image","twitter_misc":{"Arvioitu lukuaika":"1 minuutti"},"schema":{"@context":"https:\/\/schema.org","@graph":[{"@type":"WebPage","@id":"https:\/\/rodoaed.ee\/fi\/toode\/bingo-mallilentokone-690mm-aitoa-balsapuuta\/","url":"https:\/\/rodoaed.ee\/fi\/toode\/bingo-mallilentokone-690mm-aitoa-balsapuuta\/","name":"Bingo-mallilentokone 690mm- aitoa balsapuuta -% Puutarhan oksasakset sauvalla","isPartOf":{"@id":"https:\/\/rodoaed.ee\/#website"},"primaryImageOfPage":{"@id":"https:\/\/rodoaed.ee\/fi\/toode\/bingo-mallilentokone-690mm-aitoa-balsapuuta\/#primaryimage"},"image":{"@id":"https:\/\/rodoaed.ee\/fi\/toode\/bingo-mallilentokone-690mm-aitoa-balsapuuta\/#primaryimage"},"thumbnailUrl":"https:\/\/rodoaed.ee\/wp-content\/uploads\/2020\/03\/mudellennuk_102100-Bingo-.jpg","datePublished":"2020-03-17T18:05:27+00:00","dateModified":"2026-04-13T08:03:38+00:00","description":"Saksalaiset mallilentokoneet hauskanpitoon lasten kanssa. Siistit balsapuusta heitett\u00e4v\u00e4t mallilentokoneet kaikenik\u00e4isille.","breadcrumb":{"@id":"https:\/\/rodoaed.ee\/fi\/toode\/bingo-mallilentokone-690mm-aitoa-balsapuuta\/#breadcrumb"},"inLanguage":"fi","potentialAction":[{"@type":"ReadAction","target":["https:\/\/rodoaed.ee\/fi\/toode\/bingo-mallilentokone-690mm-aitoa-balsapuuta\/"]}]},{"@type":"ImageObject","inLanguage":"fi","@id":"https:\/\/rodoaed.ee\/fi\/toode\/bingo-mallilentokone-690mm-aitoa-balsapuuta\/#primaryimage","url":"https:\/\/rodoaed.ee\/wp-content\/uploads\/2020\/03\/mudellennuk_102100-Bingo-.jpg","contentUrl":"https:\/\/rodoaed.ee\/wp-content\/uploads\/2020\/03\/mudellennuk_102100-Bingo-.jpg","width":1260,"height":858,"caption":"mudellennuk"},{"@type":"BreadcrumbList","@id":"https:\/\/rodoaed.ee\/fi\/toode\/bingo-mallilentokone-690mm-aitoa-balsapuuta\/#breadcrumb","itemListElement":[{"@type":"ListItem","position":1,"name":"Home","item":"https:\/\/rodoaed.ee\/fi\/"},{"@type":"ListItem","position":2,"name":"Osta osoitteessa","item":"https:\/\/rodoaed.ee\/osta-osoitteessa\/"},{"@type":"ListItem","position":3,"name":"Bingo-mallilentokone 690mm- aitoa balsapuuta"}]},{"@type":"WebSite","@id":"https:\/\/rodoaed.ee\/#website","url":"https:\/\/rodoaed.ee\/","name":"Rodoaed","description":"","publisher":{"@id":"https:\/\/rodoaed.ee\/#organization"},"potentialAction":[{"@type":"SearchAction","target":{"@type":"EntryPoint","urlTemplate":"https:\/\/rodoaed.ee\/?s={search_term_string}"},"query-input":{"@type":"PropertyValueSpecification","valueRequired":true,"valueName":"search_term_string"}}],"inLanguage":"fi"},{"@type":"Organization","@id":"https:\/\/rodoaed.ee\/#organization","name":"Rodoaed","url":"https:\/\/rodoaed.ee\/","logo":{"@type":"ImageObject","inLanguage":"fi","@id":"https:\/\/rodoaed.ee\/#\/schema\/logo\/image\/","url":"https:\/\/rodoaed.ee\/wp-content\/uploads\/2019\/11\/rodoaed-logo-ilma-taustata.jpg","contentUrl":"https:\/\/rodoaed.ee\/wp-content\/uploads\/2019\/11\/rodoaed-logo-ilma-taustata.jpg","width":769,"height":268,"caption":"Rodoaed"},"image":{"@id":"https:\/\/rodoaed.ee\/#\/schema\/logo\/image\/"},"sameAs":["https:\/\/www.facebook.com\/kasvuhooned\/","https:\/\/rodoaed.ee"]}]}},"_links":{"self":[{"href":"https:\/\/rodoaed.ee\/fi\/wp-json\/wp\/v2\/product\/53299","targetHints":{"allow":["GET"]}}],"collection":[{"href":"https:\/\/rodoaed.ee\/fi\/wp-json\/wp\/v2\/product"}],"about":[{"href":"https:\/\/rodoaed.ee\/fi\/wp-json\/wp\/v2\/types\/product"}],"wp:featuredmedia":[{"embeddable":true,"href":"https:\/\/rodoaed.ee\/fi\/wp-json\/wp\/v2\/media\/30886"}],"wp:attachment":[{"href":"https:\/\/rodoaed.ee\/fi\/wp-json\/wp\/v2\/media?parent=53299"}],"wp:term":[{"taxonomy":"product_brand","embeddable":true,"href":"https:\/\/rodoaed.ee\/fi\/wp-json\/wp\/v2\/product_brand?post=53299"},{"taxonomy":"product_cat","embeddable":true,"href":"https:\/\/rodoaed.ee\/fi\/wp-json\/wp\/v2\/product_cat?post=53299"},{"taxonomy":"product_tag","embeddable":true,"href":"https:\/\/rodoaed.ee\/fi\/wp-json\/wp\/v2\/product_tag?post=53299"}],"curies":[{"name":"wp","href":"https:\/\/api.w.org\/{rel}","templated":true}]}}