{"id":53301,"date":"2020-03-17T21:02:05","date_gmt":"2020-03-17T19:02:05","guid":{"rendered":"https:\/\/rodoaed.ee\/toode\/boogie-950mm-aito-balsapuusta-valmistettu-lentokone-jossa-on-kumimoottori\/"},"modified":"2026-04-13T11:03:38","modified_gmt":"2026-04-13T08:03:38","slug":"boogie-950mm-aito-balsapuusta-valmistettu-lentokone-jossa-on-kumimoottori","status":"publish","type":"product","link":"https:\/\/rodoaed.ee\/fi\/tuote\/boogie-950mm-aito-balsapuusta-valmistettu-lentokone-jossa-on-kumimoottori\/","title":{"rendered":"Boogie 950mm &#8211; aito balsapuusta valmistettu lentokone, jossa on kumimoottori"},"content":{"rendered":"<h2>Kumik\u00e4ytt\u00f6inen ja potkurik\u00e4ytt\u00f6inen 950 mm:n siipiv\u00e4lirakenteinen lentokonemalli.<\/h2>\n<p>Aidosta balsapuusta valmistetut oikeat mallilentokoneet. Ei halpaa kiinalaista penoplastia tai muovia. N\u00e4m\u00e4 lentokoneet ovat saksalaisten pienoismallimestareiden tekemi\u00e4, jotta nuoret voivat oppia ja harjoitella ja vain huvin ja nautinnon vuoksi.  <\/p>\n<p>N\u00e4m\u00e4 lentokoneet ovat loistavia, koska ne on helppo liimata yhteen ja ne lent\u00e4v\u00e4t todella hyvin. Aerodynaamisesti kaikki on kohdallaan. <\/p>\n<p>Noudata pakkauksessa olevia ohjeita kokoamiseen. Mukana on kaikki tarvittava, kuten tukikehykset ja kiinnittimet terien liimaamiseksi oikeaan kulmaan jne. Kokoaminen on erillinen ilo ja oppimisprosessi, jonka avulla oppii tuntemaan lentokoneen rungon paremmin.  <\/p>\n<p>Lent\u00e4\u00e4ksesi sinun on vain heitett\u00e4v\u00e4 kone p\u00e4\u00e4 edell\u00e4 ja katsottava, mit\u00e4 tapahtuu. Vain muutama heitto, ja saat tarvitsemasi kokemuksen. Ensimm\u00e4isell\u00e4 lennolla sinun on ehk\u00e4 teht\u00e4v\u00e4 pieni s\u00e4\u00e4t\u00f6 sujuvan lennon varmistamiseksi, mutta noudata j\u00e4lleen pakkauksen ohjeita.  <\/p>\n<p>Anna lapsillesi mahdollisuus tutustua lent\u00e4misen j\u00e4nnitt\u00e4v\u00e4\u00e4n maailmaan. Pienoismallin lent\u00e4minen on j\u00e4nnitt\u00e4v\u00e4\u00e4 puuhaa lapsille ja koko perheelle.  Is\u00e4t, pojat ja tytt\u00e4ret yhdess\u00e4 ilman \u00e4lylaitteita &#8211; kuulostaa hyv\u00e4lt\u00e4.<\/p>\n<p>Hyv\u00e4\u00e4 lentoa!<\/p>\n<p><a href=\"https:\/\/rodoaed.ee\/fi\/tootekategooria\/harrastukset-ja-lelut\/mallilentokoneet\/\">Mallilentokoneet<\/a><\/p>\n<h2>T\u00e4rkeimm\u00e4t ominaisuudet:<\/h2>\n<ul>\n<li>Valmistettu Saksassa<\/li>\n<li>Tarkkuusleikatut yksityiskohdat (p\u00e4\u00e4asiassa balsaa)<\/li>\n<li>Helppo koota<\/li>\n<li>Kaikki mit\u00e4 tarvitset sarjassa <strong>PLUS<\/strong> erityinen puuliima Ponal Express 20g.<\/li>\n<li>Eritt\u00e4in kehitt\u00e4v\u00e4 lelu sek\u00e4 pojille ett\u00e4 tyt\u00f6ille.<\/li>\n<li>Antaa lapsille toimintaa \u00e4lylaitteiden ulkopuolella<\/li>\n<\/ul>\n<h2>Tekniset tiedot:<\/h2>\n<ul>\n<li>Tiivistys: 950 mm<\/li>\n<li>Rungon pituus: 630 mm<\/li>\n<li>Asennusaika: noin 1-4 tuntia<\/li>\n<li>Aika, kunnes liima on t\u00e4ysin kuivunut ja kone on valmis lent\u00e4m\u00e4\u00e4n: 7-10 tuntia.<\/li>\n<li><strong>PLUS<\/strong> kumisarja ja potkuri<\/li>\n<\/ul>\n<p>&nbsp;<\/p>\n","protected":false},"excerpt":{"rendered":"<p>Kumik\u00e4ytt\u00f6inen ja potkurik\u00e4ytt\u00f6inen 950 mm:n siipiv\u00e4lirakenteinen lentokonemalli. Aidosta balsapuusta valmistetut oikeat mallilentokoneet. Ei halpaa kiinalaista penoplastia tai muovia. N\u00e4m\u00e4 lentokoneet ovat saksalaisten pienoismallimestareiden tekemi\u00e4, jotta nuoret voivat oppia ja harjoitella ja vain huvin ja nautinnon vuoksi. N\u00e4m\u00e4 lentokoneet ovat loistavia, koska ne on helppo liimata yhteen ja ne lent\u00e4v\u00e4t todella hyvin. Aerodynaamisesti kaikki on kohdallaan. Noudata pakkauksessa olevia ohjeita kokoamiseen. Mukana on kaikki tarvittava, kuten&#8230;<\/p>\n","protected":false},"featured_media":30895,"template":"","meta":{"_acf_changed":false},"product_brand":[],"product_cat":[2219,2215,2216],"product_tag":[],"class_list":{"0":"post-53301","1":"product","2":"type-product","3":"status-publish","4":"has-post-thumbnail","6":"product_cat-kumimoottorikayttoiset-pienoislentokoneet","7":"product_cat-mallilentokoneet","8":"product_cat-mallilentokoneet-maxi","9":"product_shipping_class-toimitus-1-3-tyopaivan-kuluessa","10":"pa_variatsioon-sakset-1110-suora-tera","12":"first","13":"instock","14":"sale","15":"taxable","16":"shipping-taxable","17":"purchasable","18":"product-type-simple"},"acf":[],"yoast_head":"<!-- This site is optimized with the Yoast SEO Premium plugin v27.5 (Yoast SEO v27.5) - https:\/\/yoast.com\/product\/yoast-seo-premium-wordpress\/ -->\n<title>Boogie 950mm - aito balsapuusta valmistettu lentokone, jossa on kumimoottori -% Puutarhan oksasakset sauvalla<\/title>\n<meta name=\"description\" content=\"Saksalaiset mallilentokoneet hauskanpitoon lasten kanssa. Siistit balsapuusta heitett\u00e4v\u00e4t mallilentokoneet kaikenik\u00e4isille.\" \/>\n<meta name=\"robots\" content=\"index, follow, max-snippet:-1, max-image-preview:large, max-video-preview:-1\" \/>\n<link rel=\"canonical\" href=\"https:\/\/rodoaed.ee\/fi\/toode\/boogie-950mm-aito-balsapuusta-valmistettu-lentokone-jossa-on-kumimoottori\/\" \/>\n<meta property=\"og:locale\" content=\"fi_FI\" \/>\n<meta property=\"og:type\" content=\"article\" \/>\n<meta property=\"og:title\" content=\"Boogie 950mm - aito balsapuusta valmistettu lentokone, jossa on kumimoottori\" \/>\n<meta property=\"og:description\" content=\"Kumik\u00e4ytt\u00f6inen ja potkurik\u00e4ytt\u00f6inen 950 mm:n siipiv\u00e4lirakenteinen lentokonemalli. Aidosta balsapuusta valmistetut oikeat mallilentokoneet. Ei halpaa\" \/>\n<meta property=\"og:url\" content=\"https:\/\/rodoaed.ee\/fi\/toode\/boogie-950mm-aito-balsapuusta-valmistettu-lentokone-jossa-on-kumimoottori\/\" \/>\n<meta property=\"og:site_name\" content=\"Rodoaed\" \/>\n<meta property=\"article:publisher\" content=\"https:\/\/www.facebook.com\/kasvuhooned\/\" \/>\n<meta property=\"article:modified_time\" content=\"2026-04-13T08:03:38+00:00\" \/>\n<meta property=\"og:image\" content=\"https:\/\/rodoaed.ee\/wp-content\/uploads\/2020\/03\/mudellennuk_123300-Boogie-.jpg\" \/>\n\t<meta property=\"og:image:width\" content=\"1260\" \/>\n\t<meta property=\"og:image:height\" content=\"636\" \/>\n\t<meta property=\"og:image:type\" content=\"image\/jpeg\" \/>\n<meta name=\"twitter:card\" content=\"summary_large_image\" \/>\n<meta name=\"twitter:label1\" content=\"Arvioitu lukuaika\" \/>\n\t<meta name=\"twitter:data1\" content=\"1 minuutti\" \/>\n<script type=\"application\/ld+json\" class=\"yoast-schema-graph\">{\"@context\":\"https:\\\/\\\/schema.org\",\"@graph\":[{\"@type\":\"WebPage\",\"@id\":\"https:\\\/\\\/rodoaed.ee\\\/fi\\\/toode\\\/boogie-950mm-aito-balsapuusta-valmistettu-lentokone-jossa-on-kumimoottori\\\/\",\"url\":\"https:\\\/\\\/rodoaed.ee\\\/fi\\\/toode\\\/boogie-950mm-aito-balsapuusta-valmistettu-lentokone-jossa-on-kumimoottori\\\/\",\"name\":\"Boogie 950mm - aito balsapuusta valmistettu lentokone, jossa on kumimoottori -% Puutarhan oksasakset sauvalla\",\"isPartOf\":{\"@id\":\"https:\\\/\\\/rodoaed.ee\\\/#website\"},\"primaryImageOfPage\":{\"@id\":\"https:\\\/\\\/rodoaed.ee\\\/fi\\\/toode\\\/boogie-950mm-aito-balsapuusta-valmistettu-lentokone-jossa-on-kumimoottori\\\/#primaryimage\"},\"image\":{\"@id\":\"https:\\\/\\\/rodoaed.ee\\\/fi\\\/toode\\\/boogie-950mm-aito-balsapuusta-valmistettu-lentokone-jossa-on-kumimoottori\\\/#primaryimage\"},\"thumbnailUrl\":\"https:\\\/\\\/rodoaed.ee\\\/wp-content\\\/uploads\\\/2020\\\/03\\\/mudellennuk_123300-Boogie-.jpg\",\"datePublished\":\"2020-03-17T19:02:05+00:00\",\"dateModified\":\"2026-04-13T08:03:38+00:00\",\"description\":\"Saksalaiset mallilentokoneet hauskanpitoon lasten kanssa. Siistit balsapuusta heitett\u00e4v\u00e4t mallilentokoneet kaikenik\u00e4isille.\",\"breadcrumb\":{\"@id\":\"https:\\\/\\\/rodoaed.ee\\\/fi\\\/toode\\\/boogie-950mm-aito-balsapuusta-valmistettu-lentokone-jossa-on-kumimoottori\\\/#breadcrumb\"},\"inLanguage\":\"fi\",\"potentialAction\":[{\"@type\":\"ReadAction\",\"target\":[\"https:\\\/\\\/rodoaed.ee\\\/fi\\\/toode\\\/boogie-950mm-aito-balsapuusta-valmistettu-lentokone-jossa-on-kumimoottori\\\/\"]}]},{\"@type\":\"ImageObject\",\"inLanguage\":\"fi\",\"@id\":\"https:\\\/\\\/rodoaed.ee\\\/fi\\\/toode\\\/boogie-950mm-aito-balsapuusta-valmistettu-lentokone-jossa-on-kumimoottori\\\/#primaryimage\",\"url\":\"https:\\\/\\\/rodoaed.ee\\\/wp-content\\\/uploads\\\/2020\\\/03\\\/mudellennuk_123300-Boogie-.jpg\",\"contentUrl\":\"https:\\\/\\\/rodoaed.ee\\\/wp-content\\\/uploads\\\/2020\\\/03\\\/mudellennuk_123300-Boogie-.jpg\",\"width\":1260,\"height\":636,\"caption\":\"kumimoottorilla toimiva lentokonemalli\"},{\"@type\":\"BreadcrumbList\",\"@id\":\"https:\\\/\\\/rodoaed.ee\\\/fi\\\/toode\\\/boogie-950mm-aito-balsapuusta-valmistettu-lentokone-jossa-on-kumimoottori\\\/#breadcrumb\",\"itemListElement\":[{\"@type\":\"ListItem\",\"position\":1,\"name\":\"Home\",\"item\":\"https:\\\/\\\/rodoaed.ee\\\/fi\\\/\"},{\"@type\":\"ListItem\",\"position\":2,\"name\":\"Osta osoitteessa\",\"item\":\"https:\\\/\\\/rodoaed.ee\\\/osta-osoitteessa\\\/\"},{\"@type\":\"ListItem\",\"position\":3,\"name\":\"Boogie 950mm &#8211; aito balsapuusta valmistettu lentokone, jossa on kumimoottori\"}]},{\"@type\":\"WebSite\",\"@id\":\"https:\\\/\\\/rodoaed.ee\\\/#website\",\"url\":\"https:\\\/\\\/rodoaed.ee\\\/\",\"name\":\"Rodoaed\",\"description\":\"\",\"publisher\":{\"@id\":\"https:\\\/\\\/rodoaed.ee\\\/#organization\"},\"potentialAction\":[{\"@type\":\"SearchAction\",\"target\":{\"@type\":\"EntryPoint\",\"urlTemplate\":\"https:\\\/\\\/rodoaed.ee\\\/?s={search_term_string}\"},\"query-input\":{\"@type\":\"PropertyValueSpecification\",\"valueRequired\":true,\"valueName\":\"search_term_string\"}}],\"inLanguage\":\"fi\"},{\"@type\":\"Organization\",\"@id\":\"https:\\\/\\\/rodoaed.ee\\\/#organization\",\"name\":\"Rodoaed\",\"url\":\"https:\\\/\\\/rodoaed.ee\\\/\",\"logo\":{\"@type\":\"ImageObject\",\"inLanguage\":\"fi\",\"@id\":\"https:\\\/\\\/rodoaed.ee\\\/#\\\/schema\\\/logo\\\/image\\\/\",\"url\":\"https:\\\/\\\/rodoaed.ee\\\/wp-content\\\/uploads\\\/2019\\\/11\\\/rodoaed-logo-ilma-taustata.jpg\",\"contentUrl\":\"https:\\\/\\\/rodoaed.ee\\\/wp-content\\\/uploads\\\/2019\\\/11\\\/rodoaed-logo-ilma-taustata.jpg\",\"width\":769,\"height\":268,\"caption\":\"Rodoaed\"},\"image\":{\"@id\":\"https:\\\/\\\/rodoaed.ee\\\/#\\\/schema\\\/logo\\\/image\\\/\"},\"sameAs\":[\"https:\\\/\\\/www.facebook.com\\\/kasvuhooned\\\/\",\"https:\\\/\\\/rodoaed.ee\"]}]}<\/script>\n<!-- \/ Yoast SEO Premium plugin. -->","yoast_head_json":{"title":"Boogie 950mm - aito balsapuusta valmistettu lentokone, jossa on kumimoottori -% Puutarhan oksasakset sauvalla","description":"Saksalaiset mallilentokoneet hauskanpitoon lasten kanssa. Siistit balsapuusta heitett\u00e4v\u00e4t mallilentokoneet kaikenik\u00e4isille.","robots":{"index":"index","follow":"follow","max-snippet":"max-snippet:-1","max-image-preview":"max-image-preview:large","max-video-preview":"max-video-preview:-1"},"canonical":"https:\/\/rodoaed.ee\/fi\/toode\/boogie-950mm-aito-balsapuusta-valmistettu-lentokone-jossa-on-kumimoottori\/","og_locale":"fi_FI","og_type":"article","og_title":"Boogie 950mm - aito balsapuusta valmistettu lentokone, jossa on kumimoottori","og_description":"Kumik\u00e4ytt\u00f6inen ja potkurik\u00e4ytt\u00f6inen 950 mm:n siipiv\u00e4lirakenteinen lentokonemalli. Aidosta balsapuusta valmistetut oikeat mallilentokoneet. Ei halpaa","og_url":"https:\/\/rodoaed.ee\/fi\/toode\/boogie-950mm-aito-balsapuusta-valmistettu-lentokone-jossa-on-kumimoottori\/","og_site_name":"Rodoaed","article_publisher":"https:\/\/www.facebook.com\/kasvuhooned\/","article_modified_time":"2026-04-13T08:03:38+00:00","og_image":[{"width":1260,"height":636,"url":"https:\/\/rodoaed.ee\/wp-content\/uploads\/2020\/03\/mudellennuk_123300-Boogie-.jpg","type":"image\/jpeg"}],"twitter_card":"summary_large_image","twitter_misc":{"Arvioitu lukuaika":"1 minuutti"},"schema":{"@context":"https:\/\/schema.org","@graph":[{"@type":"WebPage","@id":"https:\/\/rodoaed.ee\/fi\/toode\/boogie-950mm-aito-balsapuusta-valmistettu-lentokone-jossa-on-kumimoottori\/","url":"https:\/\/rodoaed.ee\/fi\/toode\/boogie-950mm-aito-balsapuusta-valmistettu-lentokone-jossa-on-kumimoottori\/","name":"Boogie 950mm - aito balsapuusta valmistettu lentokone, jossa on kumimoottori -% Puutarhan oksasakset sauvalla","isPartOf":{"@id":"https:\/\/rodoaed.ee\/#website"},"primaryImageOfPage":{"@id":"https:\/\/rodoaed.ee\/fi\/toode\/boogie-950mm-aito-balsapuusta-valmistettu-lentokone-jossa-on-kumimoottori\/#primaryimage"},"image":{"@id":"https:\/\/rodoaed.ee\/fi\/toode\/boogie-950mm-aito-balsapuusta-valmistettu-lentokone-jossa-on-kumimoottori\/#primaryimage"},"thumbnailUrl":"https:\/\/rodoaed.ee\/wp-content\/uploads\/2020\/03\/mudellennuk_123300-Boogie-.jpg","datePublished":"2020-03-17T19:02:05+00:00","dateModified":"2026-04-13T08:03:38+00:00","description":"Saksalaiset mallilentokoneet hauskanpitoon lasten kanssa. Siistit balsapuusta heitett\u00e4v\u00e4t mallilentokoneet kaikenik\u00e4isille.","breadcrumb":{"@id":"https:\/\/rodoaed.ee\/fi\/toode\/boogie-950mm-aito-balsapuusta-valmistettu-lentokone-jossa-on-kumimoottori\/#breadcrumb"},"inLanguage":"fi","potentialAction":[{"@type":"ReadAction","target":["https:\/\/rodoaed.ee\/fi\/toode\/boogie-950mm-aito-balsapuusta-valmistettu-lentokone-jossa-on-kumimoottori\/"]}]},{"@type":"ImageObject","inLanguage":"fi","@id":"https:\/\/rodoaed.ee\/fi\/toode\/boogie-950mm-aito-balsapuusta-valmistettu-lentokone-jossa-on-kumimoottori\/#primaryimage","url":"https:\/\/rodoaed.ee\/wp-content\/uploads\/2020\/03\/mudellennuk_123300-Boogie-.jpg","contentUrl":"https:\/\/rodoaed.ee\/wp-content\/uploads\/2020\/03\/mudellennuk_123300-Boogie-.jpg","width":1260,"height":636,"caption":"kumimoottorilla toimiva lentokonemalli"},{"@type":"BreadcrumbList","@id":"https:\/\/rodoaed.ee\/fi\/toode\/boogie-950mm-aito-balsapuusta-valmistettu-lentokone-jossa-on-kumimoottori\/#breadcrumb","itemListElement":[{"@type":"ListItem","position":1,"name":"Home","item":"https:\/\/rodoaed.ee\/fi\/"},{"@type":"ListItem","position":2,"name":"Osta osoitteessa","item":"https:\/\/rodoaed.ee\/osta-osoitteessa\/"},{"@type":"ListItem","position":3,"name":"Boogie 950mm &#8211; aito balsapuusta valmistettu lentokone, jossa on kumimoottori"}]},{"@type":"WebSite","@id":"https:\/\/rodoaed.ee\/#website","url":"https:\/\/rodoaed.ee\/","name":"Rodoaed","description":"","publisher":{"@id":"https:\/\/rodoaed.ee\/#organization"},"potentialAction":[{"@type":"SearchAction","target":{"@type":"EntryPoint","urlTemplate":"https:\/\/rodoaed.ee\/?s={search_term_string}"},"query-input":{"@type":"PropertyValueSpecification","valueRequired":true,"valueName":"search_term_string"}}],"inLanguage":"fi"},{"@type":"Organization","@id":"https:\/\/rodoaed.ee\/#organization","name":"Rodoaed","url":"https:\/\/rodoaed.ee\/","logo":{"@type":"ImageObject","inLanguage":"fi","@id":"https:\/\/rodoaed.ee\/#\/schema\/logo\/image\/","url":"https:\/\/rodoaed.ee\/wp-content\/uploads\/2019\/11\/rodoaed-logo-ilma-taustata.jpg","contentUrl":"https:\/\/rodoaed.ee\/wp-content\/uploads\/2019\/11\/rodoaed-logo-ilma-taustata.jpg","width":769,"height":268,"caption":"Rodoaed"},"image":{"@id":"https:\/\/rodoaed.ee\/#\/schema\/logo\/image\/"},"sameAs":["https:\/\/www.facebook.com\/kasvuhooned\/","https:\/\/rodoaed.ee"]}]}},"_links":{"self":[{"href":"https:\/\/rodoaed.ee\/fi\/wp-json\/wp\/v2\/product\/53301","targetHints":{"allow":["GET"]}}],"collection":[{"href":"https:\/\/rodoaed.ee\/fi\/wp-json\/wp\/v2\/product"}],"about":[{"href":"https:\/\/rodoaed.ee\/fi\/wp-json\/wp\/v2\/types\/product"}],"wp:featuredmedia":[{"embeddable":true,"href":"https:\/\/rodoaed.ee\/fi\/wp-json\/wp\/v2\/media\/30895"}],"wp:attachment":[{"href":"https:\/\/rodoaed.ee\/fi\/wp-json\/wp\/v2\/media?parent=53301"}],"wp:term":[{"taxonomy":"product_brand","embeddable":true,"href":"https:\/\/rodoaed.ee\/fi\/wp-json\/wp\/v2\/product_brand?post=53301"},{"taxonomy":"product_cat","embeddable":true,"href":"https:\/\/rodoaed.ee\/fi\/wp-json\/wp\/v2\/product_cat?post=53301"},{"taxonomy":"product_tag","embeddable":true,"href":"https:\/\/rodoaed.ee\/fi\/wp-json\/wp\/v2\/product_tag?post=53301"}],"curies":[{"name":"wp","href":"https:\/\/api.w.org\/{rel}","templated":true}]}}