{"id":53305,"date":"2020-03-17T21:08:14","date_gmt":"2020-03-17T19:08:14","guid":{"rendered":"https:\/\/rodoaed.ee\/toode\/twist-690mm-kumimoottorinen-lentokone-aito-balsapuusta-valmistettu-pienoismallilentokone\/"},"modified":"2026-04-13T11:03:41","modified_gmt":"2026-04-13T08:03:41","slug":"twist-690mm-kumimoottorinen-lentokone-aito-balsapuusta-valmistettu-pienoismallilentokone","status":"publish","type":"product","link":"https:\/\/rodoaed.ee\/fi\/tuote\/twist-690mm-kumimoottorinen-lentokone-aito-balsapuusta-valmistettu-pienoismallilentokone\/","title":{"rendered":"Twist 690mm kumimoottorinen lentokone &#8211; aito balsapuusta valmistettu pienoismallilentokone"},"content":{"rendered":"<h2>Kumik\u00e4ytt\u00f6inen ja potkurik\u00e4ytt\u00f6inen 690 mm:n siipiv\u00e4lirakenteinen lentokonemalli.<\/h2>\n<p>Aidosta balsapuusta valmistetut oikeat mallilentokoneet. Ei halpaa kiinalaista penoplastia tai muovia. N\u00e4m\u00e4 lentokoneet ovat saksalaisten pienoismallimestareiden tekemi\u00e4, jotta nuoret voivat oppia ja harjoitella ja vain huvin ja nautinnon vuoksi.  <\/p>\n<p>N\u00e4m\u00e4 lentokoneet ovat loistavia, koska ne on helppo liimata yhteen ja ne lent\u00e4v\u00e4t todella hyvin. Aerodynaamisesti kaikki on kohdallaan. <\/p>\n<p>Noudata pakkauksessa olevia ohjeita kokoamiseen. Mukana on kaikki tarvittava, kuten tukikehykset ja kiinnittimet terien liimaamiseksi oikeaan kulmaan jne. Kokoaminen on erillinen ilo ja oppimisprosessi, jonka avulla oppii tuntemaan lentokoneen rungon paremmin.  <\/p>\n<p>Lent\u00e4\u00e4ksesi sinun on vain heitett\u00e4v\u00e4 kone p\u00e4\u00e4 edell\u00e4 ja katsottava, mit\u00e4 tapahtuu. Vain muutama heitto, ja saat tarvitsemasi kokemuksen. Ensimm\u00e4isell\u00e4 lennolla sinun on ehk\u00e4 teht\u00e4v\u00e4 pieni s\u00e4\u00e4t\u00f6 sujuvan lennon varmistamiseksi, mutta noudata j\u00e4lleen pakkauksen ohjeita.  <\/p>\n<p>Anna lapsillesi mahdollisuus tutustua lent\u00e4misen j\u00e4nnitt\u00e4v\u00e4\u00e4n maailmaan. Mallilentokoneen lent\u00e4minen on j\u00e4nnitt\u00e4v\u00e4\u00e4 toimintaa lapsille ja koko perheelle. Is\u00e4t ja pojat ja tytt\u00e4ret yhdess\u00e4 ilman \u00e4lylaitetta &#8211; kuulostaa hyv\u00e4lt\u00e4.  <\/p>\n<p>Hyv\u00e4\u00e4 lentoa!<\/p>\n<p><a href=\"https:\/\/rodoaed.ee\/fi\/tootekategooria\/harrastukset-ja-lelut\/mallilentokoneet\/\">Mallilentokoneet<\/a><\/p>\n<h2>T\u00e4rkeimm\u00e4t ominaisuudet:<\/h2>\n<ul>\n<li>Valmistettu Saksassa<\/li>\n<li>Tarkkuusleikatut yksityiskohdat (p\u00e4\u00e4asiassa balsaa)<\/li>\n<li>Helppo koota<\/li>\n<li>Pakkauksessa on kaikki tarvittava paitsi liima<\/li>\n<li>Eritt\u00e4in kehitt\u00e4v\u00e4 lelu sek\u00e4 pojille ett\u00e4 tyt\u00f6ille.<\/li>\n<li>Antaa lapsille toimintaa \u00e4lylaitteiden ulkopuolella<\/li>\n<\/ul>\n<h2>Tekniset tiedot:<\/h2>\n<ul>\n<li>Tiivistys: 690 mm<\/li>\n<li>Rungon pituus: 510 mm<\/li>\n<li>Asennusaika: noin 30-90 minuuttia<\/li>\n<li>Kest\u00e4\u00e4 5-7 tuntia, kunnes liima on t\u00e4ysin kuivunut ja kone on valmis lent\u00e4m\u00e4\u00e4n.<\/li>\n<li><strong>PLUS<\/strong> kumisarja ja potkuri<\/li>\n<\/ul>\n<p>&nbsp;<\/p>\n","protected":false},"excerpt":{"rendered":"<p>Kumik\u00e4ytt\u00f6inen ja potkurik\u00e4ytt\u00f6inen 690 mm:n siipiv\u00e4lirakenteinen lentokonemalli. Aidosta balsapuusta valmistetut oikeat mallilentokoneet. Ei halpaa kiinalaista penoplastia tai muovia. N\u00e4m\u00e4 lentokoneet ovat saksalaisten pienoismallimestareiden tekemi\u00e4, jotta nuoret voivat oppia ja harjoitella ja vain huvin ja nautinnon vuoksi. N\u00e4m\u00e4 lentokoneet ovat loistavia, koska ne on helppo liimata yhteen ja ne lent\u00e4v\u00e4t todella hyvin. Aerodynaamisesti kaikki on kohdallaan. Noudata pakkauksessa olevia ohjeita kokoamiseen. Mukana on kaikki tarvittava, kuten&#8230;<\/p>\n","protected":false},"featured_media":30900,"template":"","meta":{"_acf_changed":false},"product_brand":[],"product_cat":[2219,1785,1743,2218,2215],"product_tag":[],"class_list":{"0":"post-53305","1":"product","2":"type-product","3":"status-publish","4":"has-post-thumbnail","6":"product_cat-kumimoottorikayttoiset-pienoislentokoneet","7":"product_cat-lahjat-lapsille-6-12a","8":"product_cat-lisalahjat-lahjat","9":"product_cat-malli-ilma-alus-midi","10":"product_cat-mallilentokoneet","11":"product_shipping_class-toimitus-1-3-tyopaivan-kuluessa","12":"pa_variatsioon-sakset-1110-suora-tera","14":"first","15":"instock","16":"sale","17":"taxable","18":"shipping-taxable","19":"purchasable","20":"product-type-simple"},"acf":[],"yoast_head":"<!-- This site is optimized with the Yoast SEO Premium plugin v27.3 (Yoast SEO v27.3) - https:\/\/yoast.com\/product\/yoast-seo-premium-wordpress\/ -->\n<title>Twist 690mm kumimoottorinen lentokone - aito balsapuusta valmistettu pienoismallilentokone -% Puutarhan oksasakset sauvalla<\/title>\n<meta name=\"description\" content=\"Saksalaiset mallilentokoneet hauskanpitoon lasten kanssa. Siistit balsapuusta heitett\u00e4v\u00e4t mallilentokoneet kaikenik\u00e4isille.\" \/>\n<meta name=\"robots\" content=\"index, follow, max-snippet:-1, max-image-preview:large, max-video-preview:-1\" \/>\n<link rel=\"canonical\" href=\"https:\/\/rodoaed.ee\/fi\/toode\/twist-690mm-kumimoottorinen-lentokone-aito-balsapuusta-valmistettu-pienoismallilentokone\/\" \/>\n<meta property=\"og:locale\" content=\"fi_FI\" \/>\n<meta property=\"og:type\" content=\"article\" \/>\n<meta property=\"og:title\" content=\"Twist 690mm kumimoottorinen lentokone - aito balsapuusta valmistettu pienoismallilentokone\" \/>\n<meta property=\"og:description\" content=\"Kumik\u00e4ytt\u00f6inen ja potkurik\u00e4ytt\u00f6inen 690 mm:n siipiv\u00e4lirakenteinen lentokonemalli. Aidosta balsapuusta valmistetut oikeat mallilentokoneet. Ei halpaa\" \/>\n<meta property=\"og:url\" content=\"https:\/\/rodoaed.ee\/fi\/toode\/twist-690mm-kumimoottorinen-lentokone-aito-balsapuusta-valmistettu-pienoismallilentokone\/\" \/>\n<meta property=\"og:site_name\" content=\"Rodoaed\" \/>\n<meta property=\"article:publisher\" content=\"https:\/\/www.facebook.com\/kasvuhooned\/\" \/>\n<meta property=\"article:modified_time\" content=\"2026-04-13T08:03:41+00:00\" \/>\n<meta property=\"og:image\" content=\"https:\/\/rodoaed.ee\/wp-content\/uploads\/2020\/03\/mudellennuk_123200-Twist-.jpg\" \/>\n\t<meta property=\"og:image:width\" content=\"2489\" \/>\n\t<meta property=\"og:image:height\" content=\"1685\" \/>\n\t<meta property=\"og:image:type\" content=\"image\/jpeg\" \/>\n<meta name=\"twitter:card\" content=\"summary_large_image\" \/>\n<meta name=\"twitter:label1\" content=\"Arvioitu lukuaika\" \/>\n\t<meta name=\"twitter:data1\" content=\"1 minuutti\" \/>\n<script type=\"application\/ld+json\" class=\"yoast-schema-graph\">{\"@context\":\"https:\\\/\\\/schema.org\",\"@graph\":[{\"@type\":\"WebPage\",\"@id\":\"https:\\\/\\\/rodoaed.ee\\\/fi\\\/toode\\\/twist-690mm-kumimoottorinen-lentokone-aito-balsapuusta-valmistettu-pienoismallilentokone\\\/\",\"url\":\"https:\\\/\\\/rodoaed.ee\\\/fi\\\/toode\\\/twist-690mm-kumimoottorinen-lentokone-aito-balsapuusta-valmistettu-pienoismallilentokone\\\/\",\"name\":\"Twist 690mm kumimoottorinen lentokone - aito balsapuusta valmistettu pienoismallilentokone -% Puutarhan oksasakset sauvalla\",\"isPartOf\":{\"@id\":\"https:\\\/\\\/rodoaed.ee\\\/#website\"},\"primaryImageOfPage\":{\"@id\":\"https:\\\/\\\/rodoaed.ee\\\/fi\\\/toode\\\/twist-690mm-kumimoottorinen-lentokone-aito-balsapuusta-valmistettu-pienoismallilentokone\\\/#primaryimage\"},\"image\":{\"@id\":\"https:\\\/\\\/rodoaed.ee\\\/fi\\\/toode\\\/twist-690mm-kumimoottorinen-lentokone-aito-balsapuusta-valmistettu-pienoismallilentokone\\\/#primaryimage\"},\"thumbnailUrl\":\"https:\\\/\\\/rodoaed.ee\\\/wp-content\\\/uploads\\\/2020\\\/03\\\/mudellennuk_123200-Twist-.jpg\",\"datePublished\":\"2020-03-17T19:08:14+00:00\",\"dateModified\":\"2026-04-13T08:03:41+00:00\",\"description\":\"Saksalaiset mallilentokoneet hauskanpitoon lasten kanssa. Siistit balsapuusta heitett\u00e4v\u00e4t mallilentokoneet kaikenik\u00e4isille.\",\"breadcrumb\":{\"@id\":\"https:\\\/\\\/rodoaed.ee\\\/fi\\\/toode\\\/twist-690mm-kumimoottorinen-lentokone-aito-balsapuusta-valmistettu-pienoismallilentokone\\\/#breadcrumb\"},\"inLanguage\":\"fi\",\"potentialAction\":[{\"@type\":\"ReadAction\",\"target\":[\"https:\\\/\\\/rodoaed.ee\\\/fi\\\/toode\\\/twist-690mm-kumimoottorinen-lentokone-aito-balsapuusta-valmistettu-pienoismallilentokone\\\/\"]}]},{\"@type\":\"ImageObject\",\"inLanguage\":\"fi\",\"@id\":\"https:\\\/\\\/rodoaed.ee\\\/fi\\\/toode\\\/twist-690mm-kumimoottorinen-lentokone-aito-balsapuusta-valmistettu-pienoismallilentokone\\\/#primaryimage\",\"url\":\"https:\\\/\\\/rodoaed.ee\\\/wp-content\\\/uploads\\\/2020\\\/03\\\/mudellennuk_123200-Twist-.jpg\",\"contentUrl\":\"https:\\\/\\\/rodoaed.ee\\\/wp-content\\\/uploads\\\/2020\\\/03\\\/mudellennuk_123200-Twist-.jpg\",\"width\":2489,\"height\":1685,\"caption\":\"kumimoottorilla toimiva lentokonemalli\"},{\"@type\":\"BreadcrumbList\",\"@id\":\"https:\\\/\\\/rodoaed.ee\\\/fi\\\/toode\\\/twist-690mm-kumimoottorinen-lentokone-aito-balsapuusta-valmistettu-pienoismallilentokone\\\/#breadcrumb\",\"itemListElement\":[{\"@type\":\"ListItem\",\"position\":1,\"name\":\"Home\",\"item\":\"https:\\\/\\\/rodoaed.ee\\\/fi\\\/\"},{\"@type\":\"ListItem\",\"position\":2,\"name\":\"Osta osoitteessa\",\"item\":\"https:\\\/\\\/rodoaed.ee\\\/osta-osoitteessa\\\/\"},{\"@type\":\"ListItem\",\"position\":3,\"name\":\"Twist 690mm kumimoottorinen lentokone &#8211; aito balsapuusta valmistettu pienoismallilentokone\"}]},{\"@type\":\"WebSite\",\"@id\":\"https:\\\/\\\/rodoaed.ee\\\/#website\",\"url\":\"https:\\\/\\\/rodoaed.ee\\\/\",\"name\":\"Rodoaed\",\"description\":\"\",\"publisher\":{\"@id\":\"https:\\\/\\\/rodoaed.ee\\\/#organization\"},\"potentialAction\":[{\"@type\":\"SearchAction\",\"target\":{\"@type\":\"EntryPoint\",\"urlTemplate\":\"https:\\\/\\\/rodoaed.ee\\\/?s={search_term_string}\"},\"query-input\":{\"@type\":\"PropertyValueSpecification\",\"valueRequired\":true,\"valueName\":\"search_term_string\"}}],\"inLanguage\":\"fi\"},{\"@type\":\"Organization\",\"@id\":\"https:\\\/\\\/rodoaed.ee\\\/#organization\",\"name\":\"Rodoaed\",\"url\":\"https:\\\/\\\/rodoaed.ee\\\/\",\"logo\":{\"@type\":\"ImageObject\",\"inLanguage\":\"fi\",\"@id\":\"https:\\\/\\\/rodoaed.ee\\\/#\\\/schema\\\/logo\\\/image\\\/\",\"url\":\"https:\\\/\\\/rodoaed.ee\\\/wp-content\\\/uploads\\\/2019\\\/11\\\/rodoaed-logo-ilma-taustata.jpg\",\"contentUrl\":\"https:\\\/\\\/rodoaed.ee\\\/wp-content\\\/uploads\\\/2019\\\/11\\\/rodoaed-logo-ilma-taustata.jpg\",\"width\":769,\"height\":268,\"caption\":\"Rodoaed\"},\"image\":{\"@id\":\"https:\\\/\\\/rodoaed.ee\\\/#\\\/schema\\\/logo\\\/image\\\/\"},\"sameAs\":[\"https:\\\/\\\/www.facebook.com\\\/kasvuhooned\\\/\",\"https:\\\/\\\/rodoaed.ee\"]}]}<\/script>\n<!-- \/ Yoast SEO Premium plugin. -->","yoast_head_json":{"title":"Twist 690mm kumimoottorinen lentokone - aito balsapuusta valmistettu pienoismallilentokone -% Puutarhan oksasakset sauvalla","description":"Saksalaiset mallilentokoneet hauskanpitoon lasten kanssa. Siistit balsapuusta heitett\u00e4v\u00e4t mallilentokoneet kaikenik\u00e4isille.","robots":{"index":"index","follow":"follow","max-snippet":"max-snippet:-1","max-image-preview":"max-image-preview:large","max-video-preview":"max-video-preview:-1"},"canonical":"https:\/\/rodoaed.ee\/fi\/toode\/twist-690mm-kumimoottorinen-lentokone-aito-balsapuusta-valmistettu-pienoismallilentokone\/","og_locale":"fi_FI","og_type":"article","og_title":"Twist 690mm kumimoottorinen lentokone - aito balsapuusta valmistettu pienoismallilentokone","og_description":"Kumik\u00e4ytt\u00f6inen ja potkurik\u00e4ytt\u00f6inen 690 mm:n siipiv\u00e4lirakenteinen lentokonemalli. Aidosta balsapuusta valmistetut oikeat mallilentokoneet. Ei halpaa","og_url":"https:\/\/rodoaed.ee\/fi\/toode\/twist-690mm-kumimoottorinen-lentokone-aito-balsapuusta-valmistettu-pienoismallilentokone\/","og_site_name":"Rodoaed","article_publisher":"https:\/\/www.facebook.com\/kasvuhooned\/","article_modified_time":"2026-04-13T08:03:41+00:00","og_image":[{"width":2489,"height":1685,"url":"https:\/\/rodoaed.ee\/wp-content\/uploads\/2020\/03\/mudellennuk_123200-Twist-.jpg","type":"image\/jpeg"}],"twitter_card":"summary_large_image","twitter_misc":{"Arvioitu lukuaika":"1 minuutti"},"schema":{"@context":"https:\/\/schema.org","@graph":[{"@type":"WebPage","@id":"https:\/\/rodoaed.ee\/fi\/toode\/twist-690mm-kumimoottorinen-lentokone-aito-balsapuusta-valmistettu-pienoismallilentokone\/","url":"https:\/\/rodoaed.ee\/fi\/toode\/twist-690mm-kumimoottorinen-lentokone-aito-balsapuusta-valmistettu-pienoismallilentokone\/","name":"Twist 690mm kumimoottorinen lentokone - aito balsapuusta valmistettu pienoismallilentokone -% Puutarhan oksasakset sauvalla","isPartOf":{"@id":"https:\/\/rodoaed.ee\/#website"},"primaryImageOfPage":{"@id":"https:\/\/rodoaed.ee\/fi\/toode\/twist-690mm-kumimoottorinen-lentokone-aito-balsapuusta-valmistettu-pienoismallilentokone\/#primaryimage"},"image":{"@id":"https:\/\/rodoaed.ee\/fi\/toode\/twist-690mm-kumimoottorinen-lentokone-aito-balsapuusta-valmistettu-pienoismallilentokone\/#primaryimage"},"thumbnailUrl":"https:\/\/rodoaed.ee\/wp-content\/uploads\/2020\/03\/mudellennuk_123200-Twist-.jpg","datePublished":"2020-03-17T19:08:14+00:00","dateModified":"2026-04-13T08:03:41+00:00","description":"Saksalaiset mallilentokoneet hauskanpitoon lasten kanssa. Siistit balsapuusta heitett\u00e4v\u00e4t mallilentokoneet kaikenik\u00e4isille.","breadcrumb":{"@id":"https:\/\/rodoaed.ee\/fi\/toode\/twist-690mm-kumimoottorinen-lentokone-aito-balsapuusta-valmistettu-pienoismallilentokone\/#breadcrumb"},"inLanguage":"fi","potentialAction":[{"@type":"ReadAction","target":["https:\/\/rodoaed.ee\/fi\/toode\/twist-690mm-kumimoottorinen-lentokone-aito-balsapuusta-valmistettu-pienoismallilentokone\/"]}]},{"@type":"ImageObject","inLanguage":"fi","@id":"https:\/\/rodoaed.ee\/fi\/toode\/twist-690mm-kumimoottorinen-lentokone-aito-balsapuusta-valmistettu-pienoismallilentokone\/#primaryimage","url":"https:\/\/rodoaed.ee\/wp-content\/uploads\/2020\/03\/mudellennuk_123200-Twist-.jpg","contentUrl":"https:\/\/rodoaed.ee\/wp-content\/uploads\/2020\/03\/mudellennuk_123200-Twist-.jpg","width":2489,"height":1685,"caption":"kumimoottorilla toimiva lentokonemalli"},{"@type":"BreadcrumbList","@id":"https:\/\/rodoaed.ee\/fi\/toode\/twist-690mm-kumimoottorinen-lentokone-aito-balsapuusta-valmistettu-pienoismallilentokone\/#breadcrumb","itemListElement":[{"@type":"ListItem","position":1,"name":"Home","item":"https:\/\/rodoaed.ee\/fi\/"},{"@type":"ListItem","position":2,"name":"Osta osoitteessa","item":"https:\/\/rodoaed.ee\/osta-osoitteessa\/"},{"@type":"ListItem","position":3,"name":"Twist 690mm kumimoottorinen lentokone &#8211; aito balsapuusta valmistettu pienoismallilentokone"}]},{"@type":"WebSite","@id":"https:\/\/rodoaed.ee\/#website","url":"https:\/\/rodoaed.ee\/","name":"Rodoaed","description":"","publisher":{"@id":"https:\/\/rodoaed.ee\/#organization"},"potentialAction":[{"@type":"SearchAction","target":{"@type":"EntryPoint","urlTemplate":"https:\/\/rodoaed.ee\/?s={search_term_string}"},"query-input":{"@type":"PropertyValueSpecification","valueRequired":true,"valueName":"search_term_string"}}],"inLanguage":"fi"},{"@type":"Organization","@id":"https:\/\/rodoaed.ee\/#organization","name":"Rodoaed","url":"https:\/\/rodoaed.ee\/","logo":{"@type":"ImageObject","inLanguage":"fi","@id":"https:\/\/rodoaed.ee\/#\/schema\/logo\/image\/","url":"https:\/\/rodoaed.ee\/wp-content\/uploads\/2019\/11\/rodoaed-logo-ilma-taustata.jpg","contentUrl":"https:\/\/rodoaed.ee\/wp-content\/uploads\/2019\/11\/rodoaed-logo-ilma-taustata.jpg","width":769,"height":268,"caption":"Rodoaed"},"image":{"@id":"https:\/\/rodoaed.ee\/#\/schema\/logo\/image\/"},"sameAs":["https:\/\/www.facebook.com\/kasvuhooned\/","https:\/\/rodoaed.ee"]}]}},"_links":{"self":[{"href":"https:\/\/rodoaed.ee\/fi\/wp-json\/wp\/v2\/product\/53305","targetHints":{"allow":["GET"]}}],"collection":[{"href":"https:\/\/rodoaed.ee\/fi\/wp-json\/wp\/v2\/product"}],"about":[{"href":"https:\/\/rodoaed.ee\/fi\/wp-json\/wp\/v2\/types\/product"}],"wp:featuredmedia":[{"embeddable":true,"href":"https:\/\/rodoaed.ee\/fi\/wp-json\/wp\/v2\/media\/30900"}],"wp:attachment":[{"href":"https:\/\/rodoaed.ee\/fi\/wp-json\/wp\/v2\/media?parent=53305"}],"wp:term":[{"taxonomy":"product_brand","embeddable":true,"href":"https:\/\/rodoaed.ee\/fi\/wp-json\/wp\/v2\/product_brand?post=53305"},{"taxonomy":"product_cat","embeddable":true,"href":"https:\/\/rodoaed.ee\/fi\/wp-json\/wp\/v2\/product_cat?post=53305"},{"taxonomy":"product_tag","embeddable":true,"href":"https:\/\/rodoaed.ee\/fi\/wp-json\/wp\/v2\/product_tag?post=53305"}],"curies":[{"name":"wp","href":"https:\/\/api.w.org\/{rel}","templated":true}]}}