{"id":53308,"date":"2020-03-24T21:34:58","date_gmt":"2020-03-24T19:34:58","guid":{"rendered":"https:\/\/rodoaed.ee\/toode\/puunhoitooljy-macadamiapahkinaoljy-20ml\/"},"modified":"2026-04-13T11:03:47","modified_gmt":"2026-04-13T08:03:47","slug":"puunhoitooljy-macadamiapahkinaoljy-20ml","status":"publish","type":"product","link":"https:\/\/rodoaed.ee\/fi\/tuote\/puunhoitooljy-macadamiapahkinaoljy-20ml\/","title":{"rendered":"Puunhoito\u00f6ljy &#8211; Macadamiap\u00e4hkin\u00e4\u00f6ljy 20ml"},"content":{"rendered":"<h2>Erinomainen \u00f6ljy luonnonpuisten veitsenkahvojen hoitoon.<\/h2>\n<div class=\"text\">\n<p>T\u00e4m\u00e4 luonnollinen aromaattinen \u00f6ljy tunkeutuu helposti ja syv\u00e4lle puuhun. Se suojaa puuta kosteudelta, lialta ja kulumiselta, korostaa puun luonnollista kauneutta ja antaa sille miellytt\u00e4v\u00e4n tuoksun. <\/p>\n<\/div>\n<h2>T\u00e4rkeimm\u00e4t ominaisuudet:<\/h2>\n<ul>\n<li>Ainesosat: makadamiap\u00e4hkin\u00e4\u00f6ljy ja hieman sitruuna\u00f6ljy\u00e4.<\/li>\n<li>M\u00e4\u00e4r\u00e4: 20 ml lasipullo<\/li>\n<\/ul>\n<p>&nbsp;<\/p>\n<p><a href=\"https:\/\/rodoaed.ee\/fi\/\">kotisivu<\/a> <a href=\"https:\/\/rodoaed.ee\/fi\/tootekategooria\/keittiolaitteet\/\">k\u00e4ynnist\u00e4<\/a> <a href=\"https:\/\/rodoaed.ee\/fi\/tootekategooria\/keittiolaitteet\/keittion-pesuallas\/\">Keitti\u00f6n portaat<\/a> <a href=\"https:\/\/rodoaed.ee\/fi\/toode\/poyta-jossa-on-vanhan-saksalaisen-luumupuun-kahva\/\">p\u00f6yd\u00e4ll\u00e4<\/a> <a href=\"https:\/\/rodoaed.ee\/fi\/toode\/kokanuga-k5-luumupuukahva-182mm\/\">ruoanlaitto veitsi<\/a> <a href=\"https:\/\/rodoaed.ee\/fi\/toode\/leivanuga-k-b2-luumupuukahva-230mm\/\">leip\u00e4 veitsi<\/a><\/p>\n","protected":false},"excerpt":{"rendered":"<p>Erinomainen \u00f6ljy luonnonpuisten veitsenkahvojen hoitoon. T\u00e4m\u00e4 luonnollinen aromaattinen \u00f6ljy tunkeutuu helposti ja syv\u00e4lle puuhun. Se suojaa puuta kosteudelta, lialta ja kulumiselta, korostaa puun luonnollista kauneutta ja antaa sille miellytt\u00e4v\u00e4n tuoksun. T\u00e4rkeimm\u00e4t ominaisuudet: Ainesosat: makadamiap\u00e4hkin\u00e4\u00f6ljy ja hieman sitruuna\u00f6ljy\u00e4. M\u00e4\u00e4r\u00e4: 20 ml lasipullo &nbsp; kotisivu k\u00e4ynnist\u00e4 Keitti\u00f6n portaat p\u00f6yd\u00e4ll\u00e4 ruoanlaitto veitsi leip\u00e4 veitsi<\/p>\n","protected":false},"featured_media":33485,"template":"","meta":{"_acf_changed":false},"product_brand":[],"product_cat":[1751,1830,2220],"product_tag":[],"class_list":{"0":"post-53308","1":"product","2":"type-product","3":"status-publish","4":"has-post-thumbnail","6":"product_cat-keittiolaitteet","7":"product_cat-keittion-pesuallas","8":"product_cat-veitsien-teroitus-ja-huolto","9":"product_shipping_class-toimitus-1-3-tyopaivan-kuluessa","10":"pa_variatsioon-keittioveitsi-k0-hiiliteras-kiillotettu-varsi-luumupuuta","12":"first","13":"instock","14":"taxable","15":"shipping-taxable","16":"purchasable","17":"product-type-simple"},"acf":[],"yoast_head":"<!-- This site is optimized with the Yoast SEO Premium plugin v27.3 (Yoast SEO v27.3) - https:\/\/yoast.com\/product\/yoast-seo-premium-wordpress\/ -->\n<title>Puunhoito\u00f6ljy - Macadamiap\u00e4hkin\u00e4\u00f6ljy 20ml - Rodoaed<\/title>\n<meta name=\"description\" content=\"Luonnollinen makadamiap\u00e4hkin\u00e4\u00f6ljy puisten veitsenkahvojen hoitoon ja suojaamiseen. Tunkeutuu puuhun ja suojaa kosteudelta, kulumiselta ja v\u00e4rj\u00e4ytymiselt\u00e4.\" \/>\n<meta name=\"robots\" content=\"index, follow, max-snippet:-1, max-image-preview:large, max-video-preview:-1\" \/>\n<link rel=\"canonical\" href=\"https:\/\/rodoaed.ee\/fi\/toode\/puunhoitooljy-macadamiapahkinaoljy-20ml\/\" \/>\n<meta property=\"og:locale\" content=\"fi_FI\" \/>\n<meta property=\"og:type\" content=\"article\" \/>\n<meta property=\"og:title\" content=\"Puunhoito\u00f6ljy - Macadamiap\u00e4hkin\u00e4\u00f6ljy 20ml\" \/>\n<meta property=\"og:description\" content=\"Erinomainen \u00f6ljy luonnonpuisten veitsenkahvojen hoitoon. T\u00e4m\u00e4 luonnollinen aromaattinen \u00f6ljy tunkeutuu helposti ja syv\u00e4lle puuhun. Se suojaa puuta\" \/>\n<meta property=\"og:url\" content=\"https:\/\/rodoaed.ee\/fi\/toode\/puunhoitooljy-macadamiapahkinaoljy-20ml\/\" \/>\n<meta property=\"og:site_name\" content=\"Rodoaed\" \/>\n<meta property=\"article:publisher\" content=\"https:\/\/www.facebook.com\/kasvuhooned\/\" \/>\n<meta property=\"article:modified_time\" content=\"2026-04-13T08:03:47+00:00\" \/>\n<meta property=\"og:image\" content=\"https:\/\/rodoaed.ee\/wp-content\/uploads\/2020\/03\/olipudel_4678-20-ml.jpg\" \/>\n\t<meta property=\"og:image:width\" content=\"790\" \/>\n\t<meta property=\"og:image:height\" content=\"790\" \/>\n\t<meta property=\"og:image:type\" content=\"image\/jpeg\" \/>\n<meta name=\"twitter:card\" content=\"summary_large_image\" \/>\n<script type=\"application\/ld+json\" class=\"yoast-schema-graph\">{\"@context\":\"https:\\\/\\\/schema.org\",\"@graph\":[{\"@type\":\"WebPage\",\"@id\":\"https:\\\/\\\/rodoaed.ee\\\/fi\\\/toode\\\/puunhoitooljy-macadamiapahkinaoljy-20ml\\\/\",\"url\":\"https:\\\/\\\/rodoaed.ee\\\/fi\\\/toode\\\/puunhoitooljy-macadamiapahkinaoljy-20ml\\\/\",\"name\":\"Puunhoito\u00f6ljy - Macadamiap\u00e4hkin\u00e4\u00f6ljy 20ml - Rodoaed\",\"isPartOf\":{\"@id\":\"https:\\\/\\\/rodoaed.ee\\\/#website\"},\"primaryImageOfPage\":{\"@id\":\"https:\\\/\\\/rodoaed.ee\\\/fi\\\/toode\\\/puunhoitooljy-macadamiapahkinaoljy-20ml\\\/#primaryimage\"},\"image\":{\"@id\":\"https:\\\/\\\/rodoaed.ee\\\/fi\\\/toode\\\/puunhoitooljy-macadamiapahkinaoljy-20ml\\\/#primaryimage\"},\"thumbnailUrl\":\"https:\\\/\\\/rodoaed.ee\\\/wp-content\\\/uploads\\\/2020\\\/03\\\/olipudel_4678-20-ml.jpg\",\"datePublished\":\"2020-03-24T19:34:58+00:00\",\"dateModified\":\"2026-04-13T08:03:47+00:00\",\"description\":\"Luonnollinen makadamiap\u00e4hkin\u00e4\u00f6ljy puisten veitsenkahvojen hoitoon ja suojaamiseen. Tunkeutuu puuhun ja suojaa kosteudelta, kulumiselta ja v\u00e4rj\u00e4ytymiselt\u00e4.\",\"breadcrumb\":{\"@id\":\"https:\\\/\\\/rodoaed.ee\\\/fi\\\/toode\\\/puunhoitooljy-macadamiapahkinaoljy-20ml\\\/#breadcrumb\"},\"inLanguage\":\"fi\",\"potentialAction\":[{\"@type\":\"ReadAction\",\"target\":[\"https:\\\/\\\/rodoaed.ee\\\/fi\\\/toode\\\/puunhoitooljy-macadamiapahkinaoljy-20ml\\\/\"]}]},{\"@type\":\"ImageObject\",\"inLanguage\":\"fi\",\"@id\":\"https:\\\/\\\/rodoaed.ee\\\/fi\\\/toode\\\/puunhoitooljy-macadamiapahkinaoljy-20ml\\\/#primaryimage\",\"url\":\"https:\\\/\\\/rodoaed.ee\\\/wp-content\\\/uploads\\\/2020\\\/03\\\/olipudel_4678-20-ml.jpg\",\"contentUrl\":\"https:\\\/\\\/rodoaed.ee\\\/wp-content\\\/uploads\\\/2020\\\/03\\\/olipudel_4678-20-ml.jpg\",\"width\":790,\"height\":790},{\"@type\":\"BreadcrumbList\",\"@id\":\"https:\\\/\\\/rodoaed.ee\\\/fi\\\/toode\\\/puunhoitooljy-macadamiapahkinaoljy-20ml\\\/#breadcrumb\",\"itemListElement\":[{\"@type\":\"ListItem\",\"position\":1,\"name\":\"Home\",\"item\":\"https:\\\/\\\/rodoaed.ee\\\/fi\\\/\"},{\"@type\":\"ListItem\",\"position\":2,\"name\":\"Osta osoitteessa\",\"item\":\"https:\\\/\\\/rodoaed.ee\\\/osta-osoitteessa\\\/\"},{\"@type\":\"ListItem\",\"position\":3,\"name\":\"Puunhoito\u00f6ljy &#8211; Macadamiap\u00e4hkin\u00e4\u00f6ljy 20ml\"}]},{\"@type\":\"WebSite\",\"@id\":\"https:\\\/\\\/rodoaed.ee\\\/#website\",\"url\":\"https:\\\/\\\/rodoaed.ee\\\/\",\"name\":\"Rodoaed\",\"description\":\"\",\"publisher\":{\"@id\":\"https:\\\/\\\/rodoaed.ee\\\/#organization\"},\"potentialAction\":[{\"@type\":\"SearchAction\",\"target\":{\"@type\":\"EntryPoint\",\"urlTemplate\":\"https:\\\/\\\/rodoaed.ee\\\/?s={search_term_string}\"},\"query-input\":{\"@type\":\"PropertyValueSpecification\",\"valueRequired\":true,\"valueName\":\"search_term_string\"}}],\"inLanguage\":\"fi\"},{\"@type\":\"Organization\",\"@id\":\"https:\\\/\\\/rodoaed.ee\\\/#organization\",\"name\":\"Rodoaed\",\"url\":\"https:\\\/\\\/rodoaed.ee\\\/\",\"logo\":{\"@type\":\"ImageObject\",\"inLanguage\":\"fi\",\"@id\":\"https:\\\/\\\/rodoaed.ee\\\/#\\\/schema\\\/logo\\\/image\\\/\",\"url\":\"https:\\\/\\\/rodoaed.ee\\\/wp-content\\\/uploads\\\/2019\\\/11\\\/rodoaed-logo-ilma-taustata.jpg\",\"contentUrl\":\"https:\\\/\\\/rodoaed.ee\\\/wp-content\\\/uploads\\\/2019\\\/11\\\/rodoaed-logo-ilma-taustata.jpg\",\"width\":769,\"height\":268,\"caption\":\"Rodoaed\"},\"image\":{\"@id\":\"https:\\\/\\\/rodoaed.ee\\\/#\\\/schema\\\/logo\\\/image\\\/\"},\"sameAs\":[\"https:\\\/\\\/www.facebook.com\\\/kasvuhooned\\\/\",\"https:\\\/\\\/rodoaed.ee\"]}]}<\/script>\n<!-- \/ Yoast SEO Premium plugin. -->","yoast_head_json":{"title":"Puunhoito\u00f6ljy - Macadamiap\u00e4hkin\u00e4\u00f6ljy 20ml - Rodoaed","description":"Luonnollinen makadamiap\u00e4hkin\u00e4\u00f6ljy puisten veitsenkahvojen hoitoon ja suojaamiseen. Tunkeutuu puuhun ja suojaa kosteudelta, kulumiselta ja v\u00e4rj\u00e4ytymiselt\u00e4.","robots":{"index":"index","follow":"follow","max-snippet":"max-snippet:-1","max-image-preview":"max-image-preview:large","max-video-preview":"max-video-preview:-1"},"canonical":"https:\/\/rodoaed.ee\/fi\/toode\/puunhoitooljy-macadamiapahkinaoljy-20ml\/","og_locale":"fi_FI","og_type":"article","og_title":"Puunhoito\u00f6ljy - Macadamiap\u00e4hkin\u00e4\u00f6ljy 20ml","og_description":"Erinomainen \u00f6ljy luonnonpuisten veitsenkahvojen hoitoon. T\u00e4m\u00e4 luonnollinen aromaattinen \u00f6ljy tunkeutuu helposti ja syv\u00e4lle puuhun. Se suojaa puuta","og_url":"https:\/\/rodoaed.ee\/fi\/toode\/puunhoitooljy-macadamiapahkinaoljy-20ml\/","og_site_name":"Rodoaed","article_publisher":"https:\/\/www.facebook.com\/kasvuhooned\/","article_modified_time":"2026-04-13T08:03:47+00:00","og_image":[{"width":790,"height":790,"url":"https:\/\/rodoaed.ee\/wp-content\/uploads\/2020\/03\/olipudel_4678-20-ml.jpg","type":"image\/jpeg"}],"twitter_card":"summary_large_image","schema":{"@context":"https:\/\/schema.org","@graph":[{"@type":"WebPage","@id":"https:\/\/rodoaed.ee\/fi\/toode\/puunhoitooljy-macadamiapahkinaoljy-20ml\/","url":"https:\/\/rodoaed.ee\/fi\/toode\/puunhoitooljy-macadamiapahkinaoljy-20ml\/","name":"Puunhoito\u00f6ljy - Macadamiap\u00e4hkin\u00e4\u00f6ljy 20ml - Rodoaed","isPartOf":{"@id":"https:\/\/rodoaed.ee\/#website"},"primaryImageOfPage":{"@id":"https:\/\/rodoaed.ee\/fi\/toode\/puunhoitooljy-macadamiapahkinaoljy-20ml\/#primaryimage"},"image":{"@id":"https:\/\/rodoaed.ee\/fi\/toode\/puunhoitooljy-macadamiapahkinaoljy-20ml\/#primaryimage"},"thumbnailUrl":"https:\/\/rodoaed.ee\/wp-content\/uploads\/2020\/03\/olipudel_4678-20-ml.jpg","datePublished":"2020-03-24T19:34:58+00:00","dateModified":"2026-04-13T08:03:47+00:00","description":"Luonnollinen makadamiap\u00e4hkin\u00e4\u00f6ljy puisten veitsenkahvojen hoitoon ja suojaamiseen. Tunkeutuu puuhun ja suojaa kosteudelta, kulumiselta ja v\u00e4rj\u00e4ytymiselt\u00e4.","breadcrumb":{"@id":"https:\/\/rodoaed.ee\/fi\/toode\/puunhoitooljy-macadamiapahkinaoljy-20ml\/#breadcrumb"},"inLanguage":"fi","potentialAction":[{"@type":"ReadAction","target":["https:\/\/rodoaed.ee\/fi\/toode\/puunhoitooljy-macadamiapahkinaoljy-20ml\/"]}]},{"@type":"ImageObject","inLanguage":"fi","@id":"https:\/\/rodoaed.ee\/fi\/toode\/puunhoitooljy-macadamiapahkinaoljy-20ml\/#primaryimage","url":"https:\/\/rodoaed.ee\/wp-content\/uploads\/2020\/03\/olipudel_4678-20-ml.jpg","contentUrl":"https:\/\/rodoaed.ee\/wp-content\/uploads\/2020\/03\/olipudel_4678-20-ml.jpg","width":790,"height":790},{"@type":"BreadcrumbList","@id":"https:\/\/rodoaed.ee\/fi\/toode\/puunhoitooljy-macadamiapahkinaoljy-20ml\/#breadcrumb","itemListElement":[{"@type":"ListItem","position":1,"name":"Home","item":"https:\/\/rodoaed.ee\/fi\/"},{"@type":"ListItem","position":2,"name":"Osta osoitteessa","item":"https:\/\/rodoaed.ee\/osta-osoitteessa\/"},{"@type":"ListItem","position":3,"name":"Puunhoito\u00f6ljy &#8211; Macadamiap\u00e4hkin\u00e4\u00f6ljy 20ml"}]},{"@type":"WebSite","@id":"https:\/\/rodoaed.ee\/#website","url":"https:\/\/rodoaed.ee\/","name":"Rodoaed","description":"","publisher":{"@id":"https:\/\/rodoaed.ee\/#organization"},"potentialAction":[{"@type":"SearchAction","target":{"@type":"EntryPoint","urlTemplate":"https:\/\/rodoaed.ee\/?s={search_term_string}"},"query-input":{"@type":"PropertyValueSpecification","valueRequired":true,"valueName":"search_term_string"}}],"inLanguage":"fi"},{"@type":"Organization","@id":"https:\/\/rodoaed.ee\/#organization","name":"Rodoaed","url":"https:\/\/rodoaed.ee\/","logo":{"@type":"ImageObject","inLanguage":"fi","@id":"https:\/\/rodoaed.ee\/#\/schema\/logo\/image\/","url":"https:\/\/rodoaed.ee\/wp-content\/uploads\/2019\/11\/rodoaed-logo-ilma-taustata.jpg","contentUrl":"https:\/\/rodoaed.ee\/wp-content\/uploads\/2019\/11\/rodoaed-logo-ilma-taustata.jpg","width":769,"height":268,"caption":"Rodoaed"},"image":{"@id":"https:\/\/rodoaed.ee\/#\/schema\/logo\/image\/"},"sameAs":["https:\/\/www.facebook.com\/kasvuhooned\/","https:\/\/rodoaed.ee"]}]}},"_links":{"self":[{"href":"https:\/\/rodoaed.ee\/fi\/wp-json\/wp\/v2\/product\/53308","targetHints":{"allow":["GET"]}}],"collection":[{"href":"https:\/\/rodoaed.ee\/fi\/wp-json\/wp\/v2\/product"}],"about":[{"href":"https:\/\/rodoaed.ee\/fi\/wp-json\/wp\/v2\/types\/product"}],"wp:featuredmedia":[{"embeddable":true,"href":"https:\/\/rodoaed.ee\/fi\/wp-json\/wp\/v2\/media\/33485"}],"wp:attachment":[{"href":"https:\/\/rodoaed.ee\/fi\/wp-json\/wp\/v2\/media?parent=53308"}],"wp:term":[{"taxonomy":"product_brand","embeddable":true,"href":"https:\/\/rodoaed.ee\/fi\/wp-json\/wp\/v2\/product_brand?post=53308"},{"taxonomy":"product_cat","embeddable":true,"href":"https:\/\/rodoaed.ee\/fi\/wp-json\/wp\/v2\/product_cat?post=53308"},{"taxonomy":"product_tag","embeddable":true,"href":"https:\/\/rodoaed.ee\/fi\/wp-json\/wp\/v2\/product_tag?post=53308"}],"curies":[{"name":"wp","href":"https:\/\/api.w.org\/{rel}","templated":true}]}}