{"id":53309,"date":"2020-03-24T21:37:13","date_gmt":"2020-03-24T19:37:13","guid":{"rendered":"https:\/\/rodoaed.ee\/toode\/puukahvan-hoitokangas-luonnollinen-puuvilla\/"},"modified":"2026-04-13T11:03:48","modified_gmt":"2026-04-13T08:03:48","slug":"puukahvan-hoitokangas-luonnollinen-puuvilla","status":"publish","type":"product","link":"https:\/\/rodoaed.ee\/fi\/tuote\/puukahvan-hoitokangas-luonnollinen-puuvilla\/","title":{"rendered":"Puukahvan hoitokangas &#8211; luonnollinen puuvilla"},"content":{"rendered":"<h2>Puhdistusliina luonnonpuusta valmistetuille veitsenkahvoille<\/h2>\n<div class=\"text\">\n<p>Eritt\u00e4in k\u00e4tev\u00e4 ja kest\u00e4v\u00e4 ammattilaissarjan puhdistusliina veitsenkahvalle. Luonnonmukainen luomupuuvillainen puhdistusliina puukahvan \u00f6ljy\u00e4miseen. <\/p>\n<p>Luonnonpuusta valmistetut kahvat vaativat s\u00e4\u00e4nn\u00f6llist\u00e4 huoltoa ja \u00f6ljy\u00e4mist\u00e4. Paras \u00f6ljy t\u00e4h\u00e4n tarkoitukseen on Macadamiap\u00e4hkin\u00e4\u00f6ljy. <\/p>\n<\/div>\n<h2>T\u00e4rkeimm\u00e4t ominaisuudet:<\/h2>\n<ul>\n<li>Materiaali: luonnon puuvillaa, reunukset leikattu.<\/li>\n<li>Mitat: 300 x 300 mm<\/li>\n<\/ul>\n<p>&nbsp;<\/p>\n<p><a href=\"https:\/\/rodoaed.ee\/fi\/\">kotisivu<\/a> <a href=\"https:\/\/rodoaed.ee\/fi\/tootekategooria\/keittiolaitteet\/\">k\u00e4ynnist\u00e4<\/a> <a href=\"https:\/\/rodoaed.ee\/fi\/tootekategooria\/keittiolaitteet\/keittion-pesuallas\/\">Keitti\u00f6n portaat<\/a> <a href=\"https:\/\/rodoaed.ee\/fi\/toode\/poyta-jossa-on-vanhan-saksalaisen-luumupuun-kahva\/\">p\u00f6yd\u00e4ll\u00e4<\/a> <a href=\"https:\/\/rodoaed.ee\/fi\/toode\/kokanuga-k5-luumupuukahva-182mm\/\">ruoanlaitto veitsi<\/a> <a href=\"https:\/\/rodoaed.ee\/fi\/toode\/leivanuga-k-b2-luumupuukahva-230mm\/\">leip\u00e4 veitsi<\/a><\/p>\n","protected":false},"excerpt":{"rendered":"<p>Puhdistusliina luonnonpuusta valmistetuille veitsenkahvoille Eritt\u00e4in k\u00e4tev\u00e4 ja kest\u00e4v\u00e4 ammattilaissarjan puhdistusliina veitsenkahvalle. Luonnonmukainen luomupuuvillainen puhdistusliina puukahvan \u00f6ljy\u00e4miseen. Luonnonpuusta valmistetut kahvat vaativat s\u00e4\u00e4nn\u00f6llist\u00e4 huoltoa ja \u00f6ljy\u00e4mist\u00e4. Paras \u00f6ljy t\u00e4h\u00e4n tarkoitukseen on Macadamiap\u00e4hkin\u00e4\u00f6ljy. T\u00e4rkeimm\u00e4t ominaisuudet: Materiaali: luonnon puuvillaa, reunukset leikattu. Mitat: 300 x 300 mm &nbsp; kotisivu k\u00e4ynnist\u00e4 Keitti\u00f6n portaat p\u00f6yd\u00e4ll\u00e4 ruoanlaitto veitsi leip\u00e4 veitsi<\/p>\n","protected":false},"featured_media":33458,"template":"","meta":{"_acf_changed":false},"product_brand":[],"product_cat":[1751,1830,2220],"product_tag":[],"class_list":{"0":"post-53309","1":"product","2":"type-product","3":"status-publish","4":"has-post-thumbnail","6":"product_cat-keittiolaitteet","7":"product_cat-keittion-pesuallas","8":"product_cat-veitsien-teroitus-ja-huolto","9":"product_shipping_class-toimitus-1-3-tyopaivan-kuluessa","10":"pa_variatsioon-keittioveitsi-k0-hiiliteras-kiillotettu-varsi-luumupuuta","12":"first","13":"instock","14":"taxable","15":"shipping-taxable","16":"purchasable","17":"product-type-simple"},"acf":[],"yoast_head":"<!-- This site is optimized with the Yoast SEO Premium plugin v27.3 (Yoast SEO v27.3) - https:\/\/yoast.com\/product\/yoast-seo-premium-wordpress\/ -->\n<title>Puukahvan hoitokangas - luonnollinen puuvilla - Rodoaed<\/title>\n<meta name=\"description\" content=\"Rober Herder -keitti\u00f6veitsi on maailman tunnetuin ja k\u00e4yt\u00e4nn\u00f6llisin monitoimiveitsi ja vihannesten kuorimaveitsi. Keitti\u00f6veitsi kirsikkapuukahvalla\" \/>\n<meta name=\"robots\" content=\"index, follow, max-snippet:-1, max-image-preview:large, max-video-preview:-1\" \/>\n<link rel=\"canonical\" href=\"https:\/\/rodoaed.ee\/fi\/toode\/puukahvan-hoitokangas-luonnollinen-puuvilla\/\" \/>\n<meta property=\"og:locale\" content=\"fi_FI\" \/>\n<meta property=\"og:type\" content=\"article\" \/>\n<meta property=\"og:title\" content=\"Puukahvan hoitokangas - luonnollinen puuvilla\" \/>\n<meta property=\"og:description\" content=\"Puhdistusliina luonnonpuusta valmistetuille veitsenkahvoille Eritt\u00e4in k\u00e4tev\u00e4 ja kest\u00e4v\u00e4 ammattilaissarjan puhdistusliina veitsenkahvalle. Luonnonmukainen\" \/>\n<meta property=\"og:url\" content=\"https:\/\/rodoaed.ee\/fi\/toode\/puukahvan-hoitokangas-luonnollinen-puuvilla\/\" \/>\n<meta property=\"og:site_name\" content=\"Rodoaed\" \/>\n<meta property=\"article:publisher\" content=\"https:\/\/www.facebook.com\/kasvuhooned\/\" \/>\n<meta property=\"article:modified_time\" content=\"2026-04-13T08:03:48+00:00\" \/>\n<meta property=\"og:image\" content=\"https:\/\/rodoaed.ee\/wp-content\/uploads\/2020\/03\/puhastuslapp-kooginugadele_01.jpg\" \/>\n\t<meta property=\"og:image:width\" content=\"1200\" \/>\n\t<meta property=\"og:image:height\" content=\"800\" \/>\n\t<meta property=\"og:image:type\" content=\"image\/jpeg\" \/>\n<meta name=\"twitter:card\" content=\"summary_large_image\" \/>\n<script type=\"application\/ld+json\" class=\"yoast-schema-graph\">{\"@context\":\"https:\\\/\\\/schema.org\",\"@graph\":[{\"@type\":\"WebPage\",\"@id\":\"https:\\\/\\\/rodoaed.ee\\\/fi\\\/toode\\\/puukahvan-hoitokangas-luonnollinen-puuvilla\\\/\",\"url\":\"https:\\\/\\\/rodoaed.ee\\\/fi\\\/toode\\\/puukahvan-hoitokangas-luonnollinen-puuvilla\\\/\",\"name\":\"Puukahvan hoitokangas - luonnollinen puuvilla - Rodoaed\",\"isPartOf\":{\"@id\":\"https:\\\/\\\/rodoaed.ee\\\/#website\"},\"primaryImageOfPage\":{\"@id\":\"https:\\\/\\\/rodoaed.ee\\\/fi\\\/toode\\\/puukahvan-hoitokangas-luonnollinen-puuvilla\\\/#primaryimage\"},\"image\":{\"@id\":\"https:\\\/\\\/rodoaed.ee\\\/fi\\\/toode\\\/puukahvan-hoitokangas-luonnollinen-puuvilla\\\/#primaryimage\"},\"thumbnailUrl\":\"https:\\\/\\\/rodoaed.ee\\\/wp-content\\\/uploads\\\/2020\\\/03\\\/puhastuslapp-kooginugadele_01.jpg\",\"datePublished\":\"2020-03-24T19:37:13+00:00\",\"dateModified\":\"2026-04-13T08:03:48+00:00\",\"description\":\"Rober Herder -keitti\u00f6veitsi on maailman tunnetuin ja k\u00e4yt\u00e4nn\u00f6llisin monitoimiveitsi ja vihannesten kuorimaveitsi. Keitti\u00f6veitsi kirsikkapuukahvalla\",\"breadcrumb\":{\"@id\":\"https:\\\/\\\/rodoaed.ee\\\/fi\\\/toode\\\/puukahvan-hoitokangas-luonnollinen-puuvilla\\\/#breadcrumb\"},\"inLanguage\":\"fi\",\"potentialAction\":[{\"@type\":\"ReadAction\",\"target\":[\"https:\\\/\\\/rodoaed.ee\\\/fi\\\/toode\\\/puukahvan-hoitokangas-luonnollinen-puuvilla\\\/\"]}]},{\"@type\":\"ImageObject\",\"inLanguage\":\"fi\",\"@id\":\"https:\\\/\\\/rodoaed.ee\\\/fi\\\/toode\\\/puukahvan-hoitokangas-luonnollinen-puuvilla\\\/#primaryimage\",\"url\":\"https:\\\/\\\/rodoaed.ee\\\/wp-content\\\/uploads\\\/2020\\\/03\\\/puhastuslapp-kooginugadele_01.jpg\",\"contentUrl\":\"https:\\\/\\\/rodoaed.ee\\\/wp-content\\\/uploads\\\/2020\\\/03\\\/puhastuslapp-kooginugadele_01.jpg\",\"width\":1200,\"height\":800},{\"@type\":\"BreadcrumbList\",\"@id\":\"https:\\\/\\\/rodoaed.ee\\\/fi\\\/toode\\\/puukahvan-hoitokangas-luonnollinen-puuvilla\\\/#breadcrumb\",\"itemListElement\":[{\"@type\":\"ListItem\",\"position\":1,\"name\":\"Home\",\"item\":\"https:\\\/\\\/rodoaed.ee\\\/fi\\\/\"},{\"@type\":\"ListItem\",\"position\":2,\"name\":\"Osta osoitteessa\",\"item\":\"https:\\\/\\\/rodoaed.ee\\\/osta-osoitteessa\\\/\"},{\"@type\":\"ListItem\",\"position\":3,\"name\":\"Puukahvan hoitokangas &#8211; luonnollinen puuvilla\"}]},{\"@type\":\"WebSite\",\"@id\":\"https:\\\/\\\/rodoaed.ee\\\/#website\",\"url\":\"https:\\\/\\\/rodoaed.ee\\\/\",\"name\":\"Rodoaed\",\"description\":\"\",\"publisher\":{\"@id\":\"https:\\\/\\\/rodoaed.ee\\\/#organization\"},\"potentialAction\":[{\"@type\":\"SearchAction\",\"target\":{\"@type\":\"EntryPoint\",\"urlTemplate\":\"https:\\\/\\\/rodoaed.ee\\\/?s={search_term_string}\"},\"query-input\":{\"@type\":\"PropertyValueSpecification\",\"valueRequired\":true,\"valueName\":\"search_term_string\"}}],\"inLanguage\":\"fi\"},{\"@type\":\"Organization\",\"@id\":\"https:\\\/\\\/rodoaed.ee\\\/#organization\",\"name\":\"Rodoaed\",\"url\":\"https:\\\/\\\/rodoaed.ee\\\/\",\"logo\":{\"@type\":\"ImageObject\",\"inLanguage\":\"fi\",\"@id\":\"https:\\\/\\\/rodoaed.ee\\\/#\\\/schema\\\/logo\\\/image\\\/\",\"url\":\"https:\\\/\\\/rodoaed.ee\\\/wp-content\\\/uploads\\\/2019\\\/11\\\/rodoaed-logo-ilma-taustata.jpg\",\"contentUrl\":\"https:\\\/\\\/rodoaed.ee\\\/wp-content\\\/uploads\\\/2019\\\/11\\\/rodoaed-logo-ilma-taustata.jpg\",\"width\":769,\"height\":268,\"caption\":\"Rodoaed\"},\"image\":{\"@id\":\"https:\\\/\\\/rodoaed.ee\\\/#\\\/schema\\\/logo\\\/image\\\/\"},\"sameAs\":[\"https:\\\/\\\/www.facebook.com\\\/kasvuhooned\\\/\",\"https:\\\/\\\/rodoaed.ee\"]}]}<\/script>\n<!-- \/ Yoast SEO Premium plugin. -->","yoast_head_json":{"title":"Puukahvan hoitokangas - luonnollinen puuvilla - Rodoaed","description":"Rober Herder -keitti\u00f6veitsi on maailman tunnetuin ja k\u00e4yt\u00e4nn\u00f6llisin monitoimiveitsi ja vihannesten kuorimaveitsi. Keitti\u00f6veitsi kirsikkapuukahvalla","robots":{"index":"index","follow":"follow","max-snippet":"max-snippet:-1","max-image-preview":"max-image-preview:large","max-video-preview":"max-video-preview:-1"},"canonical":"https:\/\/rodoaed.ee\/fi\/toode\/puukahvan-hoitokangas-luonnollinen-puuvilla\/","og_locale":"fi_FI","og_type":"article","og_title":"Puukahvan hoitokangas - luonnollinen puuvilla","og_description":"Puhdistusliina luonnonpuusta valmistetuille veitsenkahvoille Eritt\u00e4in k\u00e4tev\u00e4 ja kest\u00e4v\u00e4 ammattilaissarjan puhdistusliina veitsenkahvalle. Luonnonmukainen","og_url":"https:\/\/rodoaed.ee\/fi\/toode\/puukahvan-hoitokangas-luonnollinen-puuvilla\/","og_site_name":"Rodoaed","article_publisher":"https:\/\/www.facebook.com\/kasvuhooned\/","article_modified_time":"2026-04-13T08:03:48+00:00","og_image":[{"width":1200,"height":800,"url":"https:\/\/rodoaed.ee\/wp-content\/uploads\/2020\/03\/puhastuslapp-kooginugadele_01.jpg","type":"image\/jpeg"}],"twitter_card":"summary_large_image","schema":{"@context":"https:\/\/schema.org","@graph":[{"@type":"WebPage","@id":"https:\/\/rodoaed.ee\/fi\/toode\/puukahvan-hoitokangas-luonnollinen-puuvilla\/","url":"https:\/\/rodoaed.ee\/fi\/toode\/puukahvan-hoitokangas-luonnollinen-puuvilla\/","name":"Puukahvan hoitokangas - luonnollinen puuvilla - Rodoaed","isPartOf":{"@id":"https:\/\/rodoaed.ee\/#website"},"primaryImageOfPage":{"@id":"https:\/\/rodoaed.ee\/fi\/toode\/puukahvan-hoitokangas-luonnollinen-puuvilla\/#primaryimage"},"image":{"@id":"https:\/\/rodoaed.ee\/fi\/toode\/puukahvan-hoitokangas-luonnollinen-puuvilla\/#primaryimage"},"thumbnailUrl":"https:\/\/rodoaed.ee\/wp-content\/uploads\/2020\/03\/puhastuslapp-kooginugadele_01.jpg","datePublished":"2020-03-24T19:37:13+00:00","dateModified":"2026-04-13T08:03:48+00:00","description":"Rober Herder -keitti\u00f6veitsi on maailman tunnetuin ja k\u00e4yt\u00e4nn\u00f6llisin monitoimiveitsi ja vihannesten kuorimaveitsi. Keitti\u00f6veitsi kirsikkapuukahvalla","breadcrumb":{"@id":"https:\/\/rodoaed.ee\/fi\/toode\/puukahvan-hoitokangas-luonnollinen-puuvilla\/#breadcrumb"},"inLanguage":"fi","potentialAction":[{"@type":"ReadAction","target":["https:\/\/rodoaed.ee\/fi\/toode\/puukahvan-hoitokangas-luonnollinen-puuvilla\/"]}]},{"@type":"ImageObject","inLanguage":"fi","@id":"https:\/\/rodoaed.ee\/fi\/toode\/puukahvan-hoitokangas-luonnollinen-puuvilla\/#primaryimage","url":"https:\/\/rodoaed.ee\/wp-content\/uploads\/2020\/03\/puhastuslapp-kooginugadele_01.jpg","contentUrl":"https:\/\/rodoaed.ee\/wp-content\/uploads\/2020\/03\/puhastuslapp-kooginugadele_01.jpg","width":1200,"height":800},{"@type":"BreadcrumbList","@id":"https:\/\/rodoaed.ee\/fi\/toode\/puukahvan-hoitokangas-luonnollinen-puuvilla\/#breadcrumb","itemListElement":[{"@type":"ListItem","position":1,"name":"Home","item":"https:\/\/rodoaed.ee\/fi\/"},{"@type":"ListItem","position":2,"name":"Osta osoitteessa","item":"https:\/\/rodoaed.ee\/osta-osoitteessa\/"},{"@type":"ListItem","position":3,"name":"Puukahvan hoitokangas &#8211; luonnollinen puuvilla"}]},{"@type":"WebSite","@id":"https:\/\/rodoaed.ee\/#website","url":"https:\/\/rodoaed.ee\/","name":"Rodoaed","description":"","publisher":{"@id":"https:\/\/rodoaed.ee\/#organization"},"potentialAction":[{"@type":"SearchAction","target":{"@type":"EntryPoint","urlTemplate":"https:\/\/rodoaed.ee\/?s={search_term_string}"},"query-input":{"@type":"PropertyValueSpecification","valueRequired":true,"valueName":"search_term_string"}}],"inLanguage":"fi"},{"@type":"Organization","@id":"https:\/\/rodoaed.ee\/#organization","name":"Rodoaed","url":"https:\/\/rodoaed.ee\/","logo":{"@type":"ImageObject","inLanguage":"fi","@id":"https:\/\/rodoaed.ee\/#\/schema\/logo\/image\/","url":"https:\/\/rodoaed.ee\/wp-content\/uploads\/2019\/11\/rodoaed-logo-ilma-taustata.jpg","contentUrl":"https:\/\/rodoaed.ee\/wp-content\/uploads\/2019\/11\/rodoaed-logo-ilma-taustata.jpg","width":769,"height":268,"caption":"Rodoaed"},"image":{"@id":"https:\/\/rodoaed.ee\/#\/schema\/logo\/image\/"},"sameAs":["https:\/\/www.facebook.com\/kasvuhooned\/","https:\/\/rodoaed.ee"]}]}},"_links":{"self":[{"href":"https:\/\/rodoaed.ee\/fi\/wp-json\/wp\/v2\/product\/53309","targetHints":{"allow":["GET"]}}],"collection":[{"href":"https:\/\/rodoaed.ee\/fi\/wp-json\/wp\/v2\/product"}],"about":[{"href":"https:\/\/rodoaed.ee\/fi\/wp-json\/wp\/v2\/types\/product"}],"wp:featuredmedia":[{"embeddable":true,"href":"https:\/\/rodoaed.ee\/fi\/wp-json\/wp\/v2\/media\/33458"}],"wp:attachment":[{"href":"https:\/\/rodoaed.ee\/fi\/wp-json\/wp\/v2\/media?parent=53309"}],"wp:term":[{"taxonomy":"product_brand","embeddable":true,"href":"https:\/\/rodoaed.ee\/fi\/wp-json\/wp\/v2\/product_brand?post=53309"},{"taxonomy":"product_cat","embeddable":true,"href":"https:\/\/rodoaed.ee\/fi\/wp-json\/wp\/v2\/product_cat?post=53309"},{"taxonomy":"product_tag","embeddable":true,"href":"https:\/\/rodoaed.ee\/fi\/wp-json\/wp\/v2\/product_tag?post=53309"}],"curies":[{"name":"wp","href":"https:\/\/api.w.org\/{rel}","templated":true}]}}