{"id":53311,"date":"2020-03-30T21:20:42","date_gmt":"2020-03-30T18:20:42","guid":{"rendered":"https:\/\/rodoaed.ee\/toode\/mallinnusliima-uhu-hart-special-7g\/"},"modified":"2026-04-13T11:03:49","modified_gmt":"2026-04-13T08:03:49","slug":"mallinnusliima-uhu-hart-special-7g","status":"publish","type":"product","link":"https:\/\/rodoaed.ee\/fi\/tuote\/mallinnusliima-uhu-hart-special-7g\/","title":{"rendered":"Mallinnusliima UHU Hart Special 7g"},"content":{"rendered":"<h2>Paras balsa- ja puumallilentokoneiden liima<\/h2>\n<p>&nbsp;<\/p>\n<h2>T\u00e4rkeimm\u00e4t ominaisuudet:<\/h2>\n<ul>\n<li>T\u00e4ysin kirkas ja l\u00e4pin\u00e4kyv\u00e4 liima<\/li>\n<li>Erinomainen pienten osien liimaamiseen lentokoneisiin, k\u00e4sit\u00f6ihin ja yleiseen kotik\u00e4ytt\u00f6\u00f6n.<\/li>\n<li>Erityisen hyv\u00e4 balsapuun ja puutavaran liimaukseen.<\/li>\n<li>Kuivuttuaan se muodostaa vahvan l\u00e4pin\u00e4kyv\u00e4n p\u00e4\u00e4llysteen, jonka ansiosta se soveltuu heikkojen kohtien vahvistamiseen.<\/li>\n<li>Puun lis\u00e4ksi se soveltuu my\u00f6s metallin ja monien muovimateriaalien liimaamiseen. Erinomainen malliliima. <\/li>\n<li>7 g liimaa per pakkaus, paljas putki ilman kartonkipakkausta<\/li>\n<\/ul>\n<p>&nbsp;<\/p>\n<p><a href=\"https:\/\/rodoaed.ee\/fi\/tootekategooria\/harrastukset-ja-lelut\/mallilentokoneet\/\">Mallilentokoneet<\/a><\/p>\n<p>&nbsp;<\/p>\n","protected":false},"excerpt":{"rendered":"<p>Paras balsa- ja puumallilentokoneiden liima &nbsp; T\u00e4rkeimm\u00e4t ominaisuudet: T\u00e4ysin kirkas ja l\u00e4pin\u00e4kyv\u00e4 liima Erinomainen pienten osien liimaamiseen lentokoneisiin, k\u00e4sit\u00f6ihin ja yleiseen kotik\u00e4ytt\u00f6\u00f6n. Erityisen hyv\u00e4 balsapuun ja puutavaran liimaukseen. Kuivuttuaan se muodostaa vahvan l\u00e4pin\u00e4kyv\u00e4n p\u00e4\u00e4llysteen, jonka ansiosta se soveltuu heikkojen kohtien vahvistamiseen. Puun lis\u00e4ksi se soveltuu my\u00f6s metallin ja monien muovimateriaalien liimaamiseen. Erinomainen malliliima. 7 g liimaa per pakkaus, paljas putki ilman kartonkipakkausta &nbsp; Mallilentokoneet &nbsp;<\/p>\n","protected":false},"featured_media":31164,"template":"","meta":{"_acf_changed":false},"product_brand":[],"product_cat":[2219,2217,2218,2215,2216,2221],"product_tag":[],"class_list":{"0":"post-53311","1":"product","2":"type-product","3":"status-publish","4":"has-post-thumbnail","6":"product_cat-kumimoottorikayttoiset-pienoislentokoneet","7":"product_cat-lentokonemalli-mini","8":"product_cat-malli-ilma-alus-midi","9":"product_cat-mallilentokoneet","10":"product_cat-mallilentokoneet-maxi","11":"product_cat-mallilentokoneiden-liimat","12":"product_shipping_class-toimitus-1-3-tyopaivan-kuluessa","13":"pa_variatsioon-sakset-1110-suora-tera","15":"first","16":"instock","17":"sale","18":"taxable","19":"shipping-taxable","20":"purchasable","21":"product-type-simple"},"acf":[],"yoast_head":"<!-- This site is optimized with the Yoast SEO Premium plugin v27.5 (Yoast SEO v27.5) - https:\/\/yoast.com\/product\/yoast-seo-premium-wordpress\/ -->\n<title>Mallinnusliima UHU Hart Special 7g -% Puutarhan oksasakset sauvalla<\/title>\n<meta name=\"description\" content=\"Saksalaiset mallilentokoneet hauskanpitoon lasten kanssa. Siistit balsapuusta heitett\u00e4v\u00e4t mallilentokoneet kaikenik\u00e4isille.\" \/>\n<meta name=\"robots\" content=\"index, follow, max-snippet:-1, max-image-preview:large, max-video-preview:-1\" \/>\n<link rel=\"canonical\" href=\"https:\/\/rodoaed.ee\/fi\/toode\/mallinnusliima-uhu-hart-special-7g\/\" \/>\n<meta property=\"og:locale\" content=\"fi_FI\" \/>\n<meta property=\"og:type\" content=\"article\" \/>\n<meta property=\"og:title\" content=\"Mallinnusliima UHU Hart Special 7g\" \/>\n<meta property=\"og:description\" content=\"Paras balsa- ja puumallilentokoneiden liima &nbsp; T\u00e4rkeimm\u00e4t ominaisuudet: T\u00e4ysin kirkas ja l\u00e4pin\u00e4kyv\u00e4 liima Erinomainen pienten osien liimaamiseen\" \/>\n<meta property=\"og:url\" content=\"https:\/\/rodoaed.ee\/fi\/toode\/mallinnusliima-uhu-hart-special-7g\/\" \/>\n<meta property=\"og:site_name\" content=\"Rodoaed\" \/>\n<meta property=\"article:publisher\" content=\"https:\/\/www.facebook.com\/kasvuhooned\/\" \/>\n<meta property=\"article:modified_time\" content=\"2026-04-13T08:03:49+00:00\" \/>\n<meta property=\"og:image\" content=\"https:\/\/rodoaed.ee\/wp-content\/uploads\/2020\/03\/mudellennuki-liim_UHU-Hart-special_35g_03.png\" \/>\n\t<meta property=\"og:image:width\" content=\"980\" \/>\n\t<meta property=\"og:image:height\" content=\"738\" \/>\n\t<meta property=\"og:image:type\" content=\"image\/png\" \/>\n<meta name=\"twitter:card\" content=\"summary_large_image\" \/>\n<script type=\"application\/ld+json\" class=\"yoast-schema-graph\">{\"@context\":\"https:\\\/\\\/schema.org\",\"@graph\":[{\"@type\":\"WebPage\",\"@id\":\"https:\\\/\\\/rodoaed.ee\\\/fi\\\/toode\\\/mallinnusliima-uhu-hart-special-7g\\\/\",\"url\":\"https:\\\/\\\/rodoaed.ee\\\/fi\\\/toode\\\/mallinnusliima-uhu-hart-special-7g\\\/\",\"name\":\"Mallinnusliima UHU Hart Special 7g -% Puutarhan oksasakset sauvalla\",\"isPartOf\":{\"@id\":\"https:\\\/\\\/rodoaed.ee\\\/#website\"},\"primaryImageOfPage\":{\"@id\":\"https:\\\/\\\/rodoaed.ee\\\/fi\\\/toode\\\/mallinnusliima-uhu-hart-special-7g\\\/#primaryimage\"},\"image\":{\"@id\":\"https:\\\/\\\/rodoaed.ee\\\/fi\\\/toode\\\/mallinnusliima-uhu-hart-special-7g\\\/#primaryimage\"},\"thumbnailUrl\":\"https:\\\/\\\/rodoaed.ee\\\/wp-content\\\/uploads\\\/2020\\\/03\\\/mudellennuki-liim_UHU-Hart-special_35g_03.png\",\"datePublished\":\"2020-03-30T18:20:42+00:00\",\"dateModified\":\"2026-04-13T08:03:49+00:00\",\"description\":\"Saksalaiset mallilentokoneet hauskanpitoon lasten kanssa. Siistit balsapuusta heitett\u00e4v\u00e4t mallilentokoneet kaikenik\u00e4isille.\",\"breadcrumb\":{\"@id\":\"https:\\\/\\\/rodoaed.ee\\\/fi\\\/toode\\\/mallinnusliima-uhu-hart-special-7g\\\/#breadcrumb\"},\"inLanguage\":\"fi\",\"potentialAction\":[{\"@type\":\"ReadAction\",\"target\":[\"https:\\\/\\\/rodoaed.ee\\\/fi\\\/toode\\\/mallinnusliima-uhu-hart-special-7g\\\/\"]}]},{\"@type\":\"ImageObject\",\"inLanguage\":\"fi\",\"@id\":\"https:\\\/\\\/rodoaed.ee\\\/fi\\\/toode\\\/mallinnusliima-uhu-hart-special-7g\\\/#primaryimage\",\"url\":\"https:\\\/\\\/rodoaed.ee\\\/wp-content\\\/uploads\\\/2020\\\/03\\\/mudellennuki-liim_UHU-Hart-special_35g_03.png\",\"contentUrl\":\"https:\\\/\\\/rodoaed.ee\\\/wp-content\\\/uploads\\\/2020\\\/03\\\/mudellennuki-liim_UHU-Hart-special_35g_03.png\",\"width\":980,\"height\":738,\"caption\":\"Mudellennuki liima\"},{\"@type\":\"BreadcrumbList\",\"@id\":\"https:\\\/\\\/rodoaed.ee\\\/fi\\\/toode\\\/mallinnusliima-uhu-hart-special-7g\\\/#breadcrumb\",\"itemListElement\":[{\"@type\":\"ListItem\",\"position\":1,\"name\":\"Home\",\"item\":\"https:\\\/\\\/rodoaed.ee\\\/fi\\\/\"},{\"@type\":\"ListItem\",\"position\":2,\"name\":\"Osta osoitteessa\",\"item\":\"https:\\\/\\\/rodoaed.ee\\\/osta-osoitteessa\\\/\"},{\"@type\":\"ListItem\",\"position\":3,\"name\":\"Mallinnusliima UHU Hart Special 7g\"}]},{\"@type\":\"WebSite\",\"@id\":\"https:\\\/\\\/rodoaed.ee\\\/#website\",\"url\":\"https:\\\/\\\/rodoaed.ee\\\/\",\"name\":\"Rodoaed\",\"description\":\"\",\"publisher\":{\"@id\":\"https:\\\/\\\/rodoaed.ee\\\/#organization\"},\"potentialAction\":[{\"@type\":\"SearchAction\",\"target\":{\"@type\":\"EntryPoint\",\"urlTemplate\":\"https:\\\/\\\/rodoaed.ee\\\/?s={search_term_string}\"},\"query-input\":{\"@type\":\"PropertyValueSpecification\",\"valueRequired\":true,\"valueName\":\"search_term_string\"}}],\"inLanguage\":\"fi\"},{\"@type\":\"Organization\",\"@id\":\"https:\\\/\\\/rodoaed.ee\\\/#organization\",\"name\":\"Rodoaed\",\"url\":\"https:\\\/\\\/rodoaed.ee\\\/\",\"logo\":{\"@type\":\"ImageObject\",\"inLanguage\":\"fi\",\"@id\":\"https:\\\/\\\/rodoaed.ee\\\/#\\\/schema\\\/logo\\\/image\\\/\",\"url\":\"https:\\\/\\\/rodoaed.ee\\\/wp-content\\\/uploads\\\/2019\\\/11\\\/rodoaed-logo-ilma-taustata.jpg\",\"contentUrl\":\"https:\\\/\\\/rodoaed.ee\\\/wp-content\\\/uploads\\\/2019\\\/11\\\/rodoaed-logo-ilma-taustata.jpg\",\"width\":769,\"height\":268,\"caption\":\"Rodoaed\"},\"image\":{\"@id\":\"https:\\\/\\\/rodoaed.ee\\\/#\\\/schema\\\/logo\\\/image\\\/\"},\"sameAs\":[\"https:\\\/\\\/www.facebook.com\\\/kasvuhooned\\\/\",\"https:\\\/\\\/rodoaed.ee\"]}]}<\/script>\n<!-- \/ Yoast SEO Premium plugin. -->","yoast_head_json":{"title":"Mallinnusliima UHU Hart Special 7g -% Puutarhan oksasakset sauvalla","description":"Saksalaiset mallilentokoneet hauskanpitoon lasten kanssa. Siistit balsapuusta heitett\u00e4v\u00e4t mallilentokoneet kaikenik\u00e4isille.","robots":{"index":"index","follow":"follow","max-snippet":"max-snippet:-1","max-image-preview":"max-image-preview:large","max-video-preview":"max-video-preview:-1"},"canonical":"https:\/\/rodoaed.ee\/fi\/toode\/mallinnusliima-uhu-hart-special-7g\/","og_locale":"fi_FI","og_type":"article","og_title":"Mallinnusliima UHU Hart Special 7g","og_description":"Paras balsa- ja puumallilentokoneiden liima &nbsp; T\u00e4rkeimm\u00e4t ominaisuudet: T\u00e4ysin kirkas ja l\u00e4pin\u00e4kyv\u00e4 liima Erinomainen pienten osien liimaamiseen","og_url":"https:\/\/rodoaed.ee\/fi\/toode\/mallinnusliima-uhu-hart-special-7g\/","og_site_name":"Rodoaed","article_publisher":"https:\/\/www.facebook.com\/kasvuhooned\/","article_modified_time":"2026-04-13T08:03:49+00:00","og_image":[{"width":980,"height":738,"url":"https:\/\/rodoaed.ee\/wp-content\/uploads\/2020\/03\/mudellennuki-liim_UHU-Hart-special_35g_03.png","type":"image\/png"}],"twitter_card":"summary_large_image","schema":{"@context":"https:\/\/schema.org","@graph":[{"@type":"WebPage","@id":"https:\/\/rodoaed.ee\/fi\/toode\/mallinnusliima-uhu-hart-special-7g\/","url":"https:\/\/rodoaed.ee\/fi\/toode\/mallinnusliima-uhu-hart-special-7g\/","name":"Mallinnusliima UHU Hart Special 7g -% Puutarhan oksasakset sauvalla","isPartOf":{"@id":"https:\/\/rodoaed.ee\/#website"},"primaryImageOfPage":{"@id":"https:\/\/rodoaed.ee\/fi\/toode\/mallinnusliima-uhu-hart-special-7g\/#primaryimage"},"image":{"@id":"https:\/\/rodoaed.ee\/fi\/toode\/mallinnusliima-uhu-hart-special-7g\/#primaryimage"},"thumbnailUrl":"https:\/\/rodoaed.ee\/wp-content\/uploads\/2020\/03\/mudellennuki-liim_UHU-Hart-special_35g_03.png","datePublished":"2020-03-30T18:20:42+00:00","dateModified":"2026-04-13T08:03:49+00:00","description":"Saksalaiset mallilentokoneet hauskanpitoon lasten kanssa. Siistit balsapuusta heitett\u00e4v\u00e4t mallilentokoneet kaikenik\u00e4isille.","breadcrumb":{"@id":"https:\/\/rodoaed.ee\/fi\/toode\/mallinnusliima-uhu-hart-special-7g\/#breadcrumb"},"inLanguage":"fi","potentialAction":[{"@type":"ReadAction","target":["https:\/\/rodoaed.ee\/fi\/toode\/mallinnusliima-uhu-hart-special-7g\/"]}]},{"@type":"ImageObject","inLanguage":"fi","@id":"https:\/\/rodoaed.ee\/fi\/toode\/mallinnusliima-uhu-hart-special-7g\/#primaryimage","url":"https:\/\/rodoaed.ee\/wp-content\/uploads\/2020\/03\/mudellennuki-liim_UHU-Hart-special_35g_03.png","contentUrl":"https:\/\/rodoaed.ee\/wp-content\/uploads\/2020\/03\/mudellennuki-liim_UHU-Hart-special_35g_03.png","width":980,"height":738,"caption":"Mudellennuki liima"},{"@type":"BreadcrumbList","@id":"https:\/\/rodoaed.ee\/fi\/toode\/mallinnusliima-uhu-hart-special-7g\/#breadcrumb","itemListElement":[{"@type":"ListItem","position":1,"name":"Home","item":"https:\/\/rodoaed.ee\/fi\/"},{"@type":"ListItem","position":2,"name":"Osta osoitteessa","item":"https:\/\/rodoaed.ee\/osta-osoitteessa\/"},{"@type":"ListItem","position":3,"name":"Mallinnusliima UHU Hart Special 7g"}]},{"@type":"WebSite","@id":"https:\/\/rodoaed.ee\/#website","url":"https:\/\/rodoaed.ee\/","name":"Rodoaed","description":"","publisher":{"@id":"https:\/\/rodoaed.ee\/#organization"},"potentialAction":[{"@type":"SearchAction","target":{"@type":"EntryPoint","urlTemplate":"https:\/\/rodoaed.ee\/?s={search_term_string}"},"query-input":{"@type":"PropertyValueSpecification","valueRequired":true,"valueName":"search_term_string"}}],"inLanguage":"fi"},{"@type":"Organization","@id":"https:\/\/rodoaed.ee\/#organization","name":"Rodoaed","url":"https:\/\/rodoaed.ee\/","logo":{"@type":"ImageObject","inLanguage":"fi","@id":"https:\/\/rodoaed.ee\/#\/schema\/logo\/image\/","url":"https:\/\/rodoaed.ee\/wp-content\/uploads\/2019\/11\/rodoaed-logo-ilma-taustata.jpg","contentUrl":"https:\/\/rodoaed.ee\/wp-content\/uploads\/2019\/11\/rodoaed-logo-ilma-taustata.jpg","width":769,"height":268,"caption":"Rodoaed"},"image":{"@id":"https:\/\/rodoaed.ee\/#\/schema\/logo\/image\/"},"sameAs":["https:\/\/www.facebook.com\/kasvuhooned\/","https:\/\/rodoaed.ee"]}]}},"_links":{"self":[{"href":"https:\/\/rodoaed.ee\/fi\/wp-json\/wp\/v2\/product\/53311","targetHints":{"allow":["GET"]}}],"collection":[{"href":"https:\/\/rodoaed.ee\/fi\/wp-json\/wp\/v2\/product"}],"about":[{"href":"https:\/\/rodoaed.ee\/fi\/wp-json\/wp\/v2\/types\/product"}],"wp:featuredmedia":[{"embeddable":true,"href":"https:\/\/rodoaed.ee\/fi\/wp-json\/wp\/v2\/media\/31164"}],"wp:attachment":[{"href":"https:\/\/rodoaed.ee\/fi\/wp-json\/wp\/v2\/media?parent=53311"}],"wp:term":[{"taxonomy":"product_brand","embeddable":true,"href":"https:\/\/rodoaed.ee\/fi\/wp-json\/wp\/v2\/product_brand?post=53311"},{"taxonomy":"product_cat","embeddable":true,"href":"https:\/\/rodoaed.ee\/fi\/wp-json\/wp\/v2\/product_cat?post=53311"},{"taxonomy":"product_tag","embeddable":true,"href":"https:\/\/rodoaed.ee\/fi\/wp-json\/wp\/v2\/product_tag?post=53311"}],"curies":[{"name":"wp","href":"https:\/\/api.w.org\/{rel}","templated":true}]}}