{"id":53312,"date":"2020-03-30T12:05:23","date_gmt":"2020-03-30T09:05:23","guid":{"rendered":"https:\/\/rodoaed.ee\/toode\/firefly-yoaikainen-jaatymisen-estava-lampolamppu\/"},"modified":"2026-04-13T11:03:50","modified_gmt":"2026-04-13T08:03:50","slug":"firefly-yoaikainen-jaatymisen-estava-lampolamppu","status":"publish","type":"product","link":"https:\/\/rodoaed.ee\/fi\/tuote\/firefly-yoaikainen-jaatymisen-estava-lampolamppu\/","title":{"rendered":"FireFly y\u00f6aikainen j\u00e4\u00e4tymisen est\u00e4v\u00e4 l\u00e4mp\u00f6lamppu"},"content":{"rendered":"<p><strong>Kaunis ratkaisu y\u00f6pakkasten pit\u00e4miseksi poissa pienemm\u00e4st\u00e4 kasvihuoneesta tai kurkkupenkist\u00e4.<\/strong><\/p>\n<p><strong>Soveltuu parhaiten noin 2-3 m2:n kasvihuoneiden l\u00e4mmitykseen.<\/strong><\/p>\n<p><strong>HUOM<\/strong> Valaisinsarjaan ei sis\u00e4lly kynttil\u00f6it\u00e4. Mik\u00e4 tahansa kynttil\u00e4n koko riitt\u00e4\u00e4. <\/p>\n<p>(Lis\u00e4\u00e4 6 kynttil\u00e4n t\u00e4ydennyssarja &#8211; t\u00e4ll\u00e4 hetkell\u00e4 loppu).<\/p>\n<p>FireFly-kynttil\u00e4l\u00e4mmitin toimii kynttil\u00e4n liekill\u00e4, joka tuottaa sek\u00e4 l\u00e4mp\u00f6\u00e4 ett\u00e4 hiilidioksidia. Molemmat ovat v\u00e4ltt\u00e4m\u00e4tt\u00f6mi\u00e4 kasvien voimakkaalle kasvulle. FireFlyn runko on valmistettu keramiikasta. Kynttil\u00e4t on suunniteltu erityisesti pakkaselta suojaaviksi ja niiden koostumus on sopiva. S\u00e4\u00e4st\u00e4 energiaa ymp\u00e4rist\u00f6yst\u00e4v\u00e4llisell\u00e4 l\u00e4mmitysratkaisulla &#8211; sytyt\u00e4 kynttil\u00e4 yksinkertaisesti, kun kasvit tarvitsevat pakkassuojaa.    <\/p>\n<p>Voit k\u00e4ytt\u00e4\u00e4 sit\u00e4 my\u00f6s esimerkiksi ruukkukasvien suojaamiseen talvehtimiselta. Jos olet siirt\u00e4nyt pakkaselle alttiit ruukkukasvit kasvihuoneeseen talveksi, voit asettaa useita FireFly-sipuleita kasvin ymp\u00e4rille, jos y\u00f6 on erityisen kylm\u00e4 ja se pit\u00e4\u00e4 pakkasen poissa. <\/p>\n<p>Kannessa on kaksi toimintoa. Se varastoi kynttil\u00e4n l\u00e4mm\u00f6n ja se voidaan t\u00e4ytt\u00e4\u00e4 aromaattisilla \u00f6ljyill\u00e4. \u00d6ljylohko on erillist\u00e4 lasitettua keramiikkaa. FireFly-valaisinta voidaan k\u00e4ytt\u00e4\u00e4 my\u00f6s itsen\u00e4isen\u00e4 koristeena verannan tai terassin p\u00f6yd\u00e4ll\u00e4.   <\/p>\n<h2>Tekniset tiedot<\/h2>\n<ul>\n<li>Koristeellinen terrakotta kylm\u00e4suojaus<\/li>\n<li>Lasitettu pohjasyvennys kannessa olevaa tuoksu\u00f6ljy\u00e4 varten<\/li>\n<li>Kest\u00e4v\u00e4 ja CO2-neutraali tuote<\/li>\n<li>Yksi kynttil\u00e4 palaa noin 48 tuntia<\/li>\n<li>Sein\u00e4nmuotoinen rakenne takaa maksimaalisen l\u00e4mm\u00f6n jakautumisen<\/li>\n<\/ul>\n<ul>\n<li>Toimii candlewickin kanssa<\/li>\n<li>Mitat 24,5 cm x \u00d8 18.0 cm<\/li>\n<li>Paino 2,0 kg<\/li>\n<\/ul>\n<div><a href=\"https:\/\/rodoaed.ee\/fi\/\">kotisivu<\/a> <a href=\"https:\/\/rodoaed.ee\/tootekategooria\/kasvuhooned-ja-talveaiad\/\">k\u00e4ynnist\u00e4<\/a> <a href=\"https:\/\/rodoaed.ee\/fi\/tootekategooria\/kasvihuoneen-tarvikkeet\/\">tarvikkeet<\/a> <a href=\"https:\/\/rodoaed.ee\/fi\/tootekategooria\/kasvihuoneen-tarvikkeet\/kasvihuoneen-lammitys\/\">l\u00e4mmitys<\/a> <a href=\"https:\/\/rodoaed.ee\/?post_type=product&#038;p=23174\">kasvihuone tuuletin Palma<\/a> <a href=\"https:\/\/rodoaed.ee\/fi\/toode\/jumbo-minisauna-jossa-on-lampomatto-ja-termostaatti-130x60x50cm\/\">Mini kasvihuone Jumbo<\/a><\/div>\n<div><\/div>\n","protected":false},"excerpt":{"rendered":"<p>Kaunis ratkaisu y\u00f6pakkasten pit\u00e4miseksi poissa pienemm\u00e4st\u00e4 kasvihuoneesta tai kurkkupenkist\u00e4. Soveltuu parhaiten noin 2-3 m2:n kasvihuoneiden l\u00e4mmitykseen. HUOM Valaisinsarjaan ei sis\u00e4lly kynttil\u00f6it\u00e4. Mik\u00e4 tahansa kynttil\u00e4n koko riitt\u00e4\u00e4. (Lis\u00e4\u00e4 6 kynttil\u00e4n t\u00e4ydennyssarja &#8211; t\u00e4ll\u00e4 hetkell\u00e4 loppu). FireFly-kynttil\u00e4l\u00e4mmitin toimii kynttil\u00e4n liekill\u00e4, joka tuottaa sek\u00e4 l\u00e4mp\u00f6\u00e4 ett\u00e4 hiilidioksidia. Molemmat ovat v\u00e4ltt\u00e4m\u00e4tt\u00f6mi\u00e4 kasvien voimakkaalle kasvulle. FireFlyn runko on valmistettu keramiikasta. Kynttil\u00e4t on suunniteltu erityisesti pakkaselta suojaaviksi ja niiden koostumus on&#8230;<\/p>\n","protected":false},"featured_media":31109,"template":"","meta":{"_acf_changed":false},"product_brand":[],"product_cat":[1992,1869,1833,1772],"product_tag":[],"class_list":{"0":"post-53312","1":"product","2":"type-product","3":"status-publish","4":"has-post-thumbnail","6":"product_cat-kasvihuoneen-lammitys","7":"product_cat-kasvihuoneen-tarvikkeet","8":"product_cat-lahjat-naisille","9":"product_cat-lahjat-puutarhurille","10":"product_shipping_class-toimitus-1-3-tyopaivan-kuluessa","11":"pa_variatsioon-15-frostbuster-mini-340-kaasulammitin","13":"first","14":"outofstock","15":"sale","16":"taxable","17":"shipping-taxable","18":"purchasable","19":"product-type-simple"},"acf":[],"yoast_head":"<!-- This site is optimized with the Yoast SEO Premium plugin v27.3 (Yoast SEO v27.3) - https:\/\/yoast.com\/product\/yoast-seo-premium-wordpress\/ -->\n<title>FireFly y\u00f6aikainen j\u00e4\u00e4tymisen est\u00e4v\u00e4 l\u00e4mp\u00f6lamppu - Rodoaed<\/title>\n<meta name=\"description\" content=\"Kasvihuoneen kaasul\u00e4mmitin, joka suojaa kasvihuonetta y\u00f6pakkasilta. Toimii tavallisella grillikaasulla.\" \/>\n<meta name=\"robots\" content=\"index, follow, max-snippet:-1, max-image-preview:large, max-video-preview:-1\" \/>\n<link rel=\"canonical\" href=\"https:\/\/rodoaed.ee\/fi\/toode\/firefly-yoaikainen-jaatymisen-estava-lampolamppu\/\" \/>\n<meta property=\"og:locale\" content=\"fi_FI\" \/>\n<meta property=\"og:type\" content=\"article\" \/>\n<meta property=\"og:title\" content=\"FireFly y\u00f6aikainen j\u00e4\u00e4tymisen est\u00e4v\u00e4 l\u00e4mp\u00f6lamppu\" \/>\n<meta property=\"og:description\" content=\"Kaunis ratkaisu y\u00f6pakkasten pit\u00e4miseksi poissa pienemm\u00e4st\u00e4 kasvihuoneesta tai kurkkupenkist\u00e4. Soveltuu parhaiten noin 2-3 m2:n kasvihuoneiden\" \/>\n<meta property=\"og:url\" content=\"https:\/\/rodoaed.ee\/fi\/toode\/firefly-yoaikainen-jaatymisen-estava-lampolamppu\/\" \/>\n<meta property=\"og:site_name\" content=\"Rodoaed\" \/>\n<meta property=\"article:publisher\" content=\"https:\/\/www.facebook.com\/kasvuhooned\/\" \/>\n<meta property=\"article:modified_time\" content=\"2026-04-13T08:03:50+00:00\" \/>\n<meta property=\"og:image\" content=\"https:\/\/rodoaed.ee\/wp-content\/uploads\/2020\/03\/firefly_\u00f6\u00f6k\u00fclmakaitse_04.jpg\" \/>\n\t<meta property=\"og:image:width\" content=\"800\" \/>\n\t<meta property=\"og:image:height\" content=\"766\" \/>\n\t<meta property=\"og:image:type\" content=\"image\/jpeg\" \/>\n<meta name=\"twitter:card\" content=\"summary_large_image\" \/>\n<meta name=\"twitter:label1\" content=\"Arvioitu lukuaika\" \/>\n\t<meta name=\"twitter:data1\" content=\"1 minuutti\" \/>\n<script type=\"application\/ld+json\" class=\"yoast-schema-graph\">{\"@context\":\"https:\\\/\\\/schema.org\",\"@graph\":[{\"@type\":\"WebPage\",\"@id\":\"https:\\\/\\\/rodoaed.ee\\\/fi\\\/toode\\\/firefly-yoaikainen-jaatymisen-estava-lampolamppu\\\/\",\"url\":\"https:\\\/\\\/rodoaed.ee\\\/fi\\\/toode\\\/firefly-yoaikainen-jaatymisen-estava-lampolamppu\\\/\",\"name\":\"FireFly y\u00f6aikainen j\u00e4\u00e4tymisen est\u00e4v\u00e4 l\u00e4mp\u00f6lamppu - Rodoaed\",\"isPartOf\":{\"@id\":\"https:\\\/\\\/rodoaed.ee\\\/#website\"},\"primaryImageOfPage\":{\"@id\":\"https:\\\/\\\/rodoaed.ee\\\/fi\\\/toode\\\/firefly-yoaikainen-jaatymisen-estava-lampolamppu\\\/#primaryimage\"},\"image\":{\"@id\":\"https:\\\/\\\/rodoaed.ee\\\/fi\\\/toode\\\/firefly-yoaikainen-jaatymisen-estava-lampolamppu\\\/#primaryimage\"},\"thumbnailUrl\":\"https:\\\/\\\/rodoaed.ee\\\/wp-content\\\/uploads\\\/2020\\\/03\\\/firefly_\u00f6\u00f6k\u00fclmakaitse_04.jpg\",\"datePublished\":\"2020-03-30T09:05:23+00:00\",\"dateModified\":\"2026-04-13T08:03:50+00:00\",\"description\":\"Kasvihuoneen kaasul\u00e4mmitin, joka suojaa kasvihuonetta y\u00f6pakkasilta. Toimii tavallisella grillikaasulla.\",\"breadcrumb\":{\"@id\":\"https:\\\/\\\/rodoaed.ee\\\/fi\\\/toode\\\/firefly-yoaikainen-jaatymisen-estava-lampolamppu\\\/#breadcrumb\"},\"inLanguage\":\"fi\",\"potentialAction\":[{\"@type\":\"ReadAction\",\"target\":[\"https:\\\/\\\/rodoaed.ee\\\/fi\\\/toode\\\/firefly-yoaikainen-jaatymisen-estava-lampolamppu\\\/\"]}]},{\"@type\":\"ImageObject\",\"inLanguage\":\"fi\",\"@id\":\"https:\\\/\\\/rodoaed.ee\\\/fi\\\/toode\\\/firefly-yoaikainen-jaatymisen-estava-lampolamppu\\\/#primaryimage\",\"url\":\"https:\\\/\\\/rodoaed.ee\\\/wp-content\\\/uploads\\\/2020\\\/03\\\/firefly_\u00f6\u00f6k\u00fclmakaitse_04.jpg\",\"contentUrl\":\"https:\\\/\\\/rodoaed.ee\\\/wp-content\\\/uploads\\\/2020\\\/03\\\/firefly_\u00f6\u00f6k\u00fclmakaitse_04.jpg\",\"width\":800,\"height\":766},{\"@type\":\"BreadcrumbList\",\"@id\":\"https:\\\/\\\/rodoaed.ee\\\/fi\\\/toode\\\/firefly-yoaikainen-jaatymisen-estava-lampolamppu\\\/#breadcrumb\",\"itemListElement\":[{\"@type\":\"ListItem\",\"position\":1,\"name\":\"Home\",\"item\":\"https:\\\/\\\/rodoaed.ee\\\/fi\\\/\"},{\"@type\":\"ListItem\",\"position\":2,\"name\":\"Osta osoitteessa\",\"item\":\"https:\\\/\\\/rodoaed.ee\\\/osta-osoitteessa\\\/\"},{\"@type\":\"ListItem\",\"position\":3,\"name\":\"FireFly y\u00f6aikainen j\u00e4\u00e4tymisen est\u00e4v\u00e4 l\u00e4mp\u00f6lamppu\"}]},{\"@type\":\"WebSite\",\"@id\":\"https:\\\/\\\/rodoaed.ee\\\/#website\",\"url\":\"https:\\\/\\\/rodoaed.ee\\\/\",\"name\":\"Rodoaed\",\"description\":\"\",\"publisher\":{\"@id\":\"https:\\\/\\\/rodoaed.ee\\\/#organization\"},\"potentialAction\":[{\"@type\":\"SearchAction\",\"target\":{\"@type\":\"EntryPoint\",\"urlTemplate\":\"https:\\\/\\\/rodoaed.ee\\\/?s={search_term_string}\"},\"query-input\":{\"@type\":\"PropertyValueSpecification\",\"valueRequired\":true,\"valueName\":\"search_term_string\"}}],\"inLanguage\":\"fi\"},{\"@type\":\"Organization\",\"@id\":\"https:\\\/\\\/rodoaed.ee\\\/#organization\",\"name\":\"Rodoaed\",\"url\":\"https:\\\/\\\/rodoaed.ee\\\/\",\"logo\":{\"@type\":\"ImageObject\",\"inLanguage\":\"fi\",\"@id\":\"https:\\\/\\\/rodoaed.ee\\\/#\\\/schema\\\/logo\\\/image\\\/\",\"url\":\"https:\\\/\\\/rodoaed.ee\\\/wp-content\\\/uploads\\\/2019\\\/11\\\/rodoaed-logo-ilma-taustata.jpg\",\"contentUrl\":\"https:\\\/\\\/rodoaed.ee\\\/wp-content\\\/uploads\\\/2019\\\/11\\\/rodoaed-logo-ilma-taustata.jpg\",\"width\":769,\"height\":268,\"caption\":\"Rodoaed\"},\"image\":{\"@id\":\"https:\\\/\\\/rodoaed.ee\\\/#\\\/schema\\\/logo\\\/image\\\/\"},\"sameAs\":[\"https:\\\/\\\/www.facebook.com\\\/kasvuhooned\\\/\",\"https:\\\/\\\/rodoaed.ee\"]}]}<\/script>\n<!-- \/ Yoast SEO Premium plugin. -->","yoast_head_json":{"title":"FireFly y\u00f6aikainen j\u00e4\u00e4tymisen est\u00e4v\u00e4 l\u00e4mp\u00f6lamppu - Rodoaed","description":"Kasvihuoneen kaasul\u00e4mmitin, joka suojaa kasvihuonetta y\u00f6pakkasilta. Toimii tavallisella grillikaasulla.","robots":{"index":"index","follow":"follow","max-snippet":"max-snippet:-1","max-image-preview":"max-image-preview:large","max-video-preview":"max-video-preview:-1"},"canonical":"https:\/\/rodoaed.ee\/fi\/toode\/firefly-yoaikainen-jaatymisen-estava-lampolamppu\/","og_locale":"fi_FI","og_type":"article","og_title":"FireFly y\u00f6aikainen j\u00e4\u00e4tymisen est\u00e4v\u00e4 l\u00e4mp\u00f6lamppu","og_description":"Kaunis ratkaisu y\u00f6pakkasten pit\u00e4miseksi poissa pienemm\u00e4st\u00e4 kasvihuoneesta tai kurkkupenkist\u00e4. Soveltuu parhaiten noin 2-3 m2:n kasvihuoneiden","og_url":"https:\/\/rodoaed.ee\/fi\/toode\/firefly-yoaikainen-jaatymisen-estava-lampolamppu\/","og_site_name":"Rodoaed","article_publisher":"https:\/\/www.facebook.com\/kasvuhooned\/","article_modified_time":"2026-04-13T08:03:50+00:00","og_image":[{"width":800,"height":766,"url":"https:\/\/rodoaed.ee\/wp-content\/uploads\/2020\/03\/firefly_\u00f6\u00f6k\u00fclmakaitse_04.jpg","type":"image\/jpeg"}],"twitter_card":"summary_large_image","twitter_misc":{"Arvioitu lukuaika":"1 minuutti"},"schema":{"@context":"https:\/\/schema.org","@graph":[{"@type":"WebPage","@id":"https:\/\/rodoaed.ee\/fi\/toode\/firefly-yoaikainen-jaatymisen-estava-lampolamppu\/","url":"https:\/\/rodoaed.ee\/fi\/toode\/firefly-yoaikainen-jaatymisen-estava-lampolamppu\/","name":"FireFly y\u00f6aikainen j\u00e4\u00e4tymisen est\u00e4v\u00e4 l\u00e4mp\u00f6lamppu - Rodoaed","isPartOf":{"@id":"https:\/\/rodoaed.ee\/#website"},"primaryImageOfPage":{"@id":"https:\/\/rodoaed.ee\/fi\/toode\/firefly-yoaikainen-jaatymisen-estava-lampolamppu\/#primaryimage"},"image":{"@id":"https:\/\/rodoaed.ee\/fi\/toode\/firefly-yoaikainen-jaatymisen-estava-lampolamppu\/#primaryimage"},"thumbnailUrl":"https:\/\/rodoaed.ee\/wp-content\/uploads\/2020\/03\/firefly_\u00f6\u00f6k\u00fclmakaitse_04.jpg","datePublished":"2020-03-30T09:05:23+00:00","dateModified":"2026-04-13T08:03:50+00:00","description":"Kasvihuoneen kaasul\u00e4mmitin, joka suojaa kasvihuonetta y\u00f6pakkasilta. Toimii tavallisella grillikaasulla.","breadcrumb":{"@id":"https:\/\/rodoaed.ee\/fi\/toode\/firefly-yoaikainen-jaatymisen-estava-lampolamppu\/#breadcrumb"},"inLanguage":"fi","potentialAction":[{"@type":"ReadAction","target":["https:\/\/rodoaed.ee\/fi\/toode\/firefly-yoaikainen-jaatymisen-estava-lampolamppu\/"]}]},{"@type":"ImageObject","inLanguage":"fi","@id":"https:\/\/rodoaed.ee\/fi\/toode\/firefly-yoaikainen-jaatymisen-estava-lampolamppu\/#primaryimage","url":"https:\/\/rodoaed.ee\/wp-content\/uploads\/2020\/03\/firefly_\u00f6\u00f6k\u00fclmakaitse_04.jpg","contentUrl":"https:\/\/rodoaed.ee\/wp-content\/uploads\/2020\/03\/firefly_\u00f6\u00f6k\u00fclmakaitse_04.jpg","width":800,"height":766},{"@type":"BreadcrumbList","@id":"https:\/\/rodoaed.ee\/fi\/toode\/firefly-yoaikainen-jaatymisen-estava-lampolamppu\/#breadcrumb","itemListElement":[{"@type":"ListItem","position":1,"name":"Home","item":"https:\/\/rodoaed.ee\/fi\/"},{"@type":"ListItem","position":2,"name":"Osta osoitteessa","item":"https:\/\/rodoaed.ee\/osta-osoitteessa\/"},{"@type":"ListItem","position":3,"name":"FireFly y\u00f6aikainen j\u00e4\u00e4tymisen est\u00e4v\u00e4 l\u00e4mp\u00f6lamppu"}]},{"@type":"WebSite","@id":"https:\/\/rodoaed.ee\/#website","url":"https:\/\/rodoaed.ee\/","name":"Rodoaed","description":"","publisher":{"@id":"https:\/\/rodoaed.ee\/#organization"},"potentialAction":[{"@type":"SearchAction","target":{"@type":"EntryPoint","urlTemplate":"https:\/\/rodoaed.ee\/?s={search_term_string}"},"query-input":{"@type":"PropertyValueSpecification","valueRequired":true,"valueName":"search_term_string"}}],"inLanguage":"fi"},{"@type":"Organization","@id":"https:\/\/rodoaed.ee\/#organization","name":"Rodoaed","url":"https:\/\/rodoaed.ee\/","logo":{"@type":"ImageObject","inLanguage":"fi","@id":"https:\/\/rodoaed.ee\/#\/schema\/logo\/image\/","url":"https:\/\/rodoaed.ee\/wp-content\/uploads\/2019\/11\/rodoaed-logo-ilma-taustata.jpg","contentUrl":"https:\/\/rodoaed.ee\/wp-content\/uploads\/2019\/11\/rodoaed-logo-ilma-taustata.jpg","width":769,"height":268,"caption":"Rodoaed"},"image":{"@id":"https:\/\/rodoaed.ee\/#\/schema\/logo\/image\/"},"sameAs":["https:\/\/www.facebook.com\/kasvuhooned\/","https:\/\/rodoaed.ee"]}]}},"_links":{"self":[{"href":"https:\/\/rodoaed.ee\/fi\/wp-json\/wp\/v2\/product\/53312","targetHints":{"allow":["GET"]}}],"collection":[{"href":"https:\/\/rodoaed.ee\/fi\/wp-json\/wp\/v2\/product"}],"about":[{"href":"https:\/\/rodoaed.ee\/fi\/wp-json\/wp\/v2\/types\/product"}],"wp:featuredmedia":[{"embeddable":true,"href":"https:\/\/rodoaed.ee\/fi\/wp-json\/wp\/v2\/media\/31109"}],"wp:attachment":[{"href":"https:\/\/rodoaed.ee\/fi\/wp-json\/wp\/v2\/media?parent=53312"}],"wp:term":[{"taxonomy":"product_brand","embeddable":true,"href":"https:\/\/rodoaed.ee\/fi\/wp-json\/wp\/v2\/product_brand?post=53312"},{"taxonomy":"product_cat","embeddable":true,"href":"https:\/\/rodoaed.ee\/fi\/wp-json\/wp\/v2\/product_cat?post=53312"},{"taxonomy":"product_tag","embeddable":true,"href":"https:\/\/rodoaed.ee\/fi\/wp-json\/wp\/v2\/product_tag?post=53312"}],"curies":[{"name":"wp","href":"https:\/\/api.w.org\/{rel}","templated":true}]}}