{"id":53314,"date":"2020-04-02T21:12:29","date_gmt":"2020-04-02T18:12:29","guid":{"rendered":"https:\/\/rodoaed.ee\/toode\/naisten-oksasakset-1104-joissa-on-alaspain-viistetty-tera\/"},"modified":"2026-04-13T11:03:50","modified_gmt":"2026-04-13T08:03:50","slug":"naisten-oksasakset-1104-joissa-on-alaspain-viistetty-tera","status":"publish","type":"product","link":"https:\/\/rodoaed.ee\/fi\/tuote\/naisten-oksasakset-1104-joissa-on-alaspain-viistetty-tera\/","title":{"rendered":"Naisten oksasakset 1104-, joissa on alasp\u00e4in viistetty ter\u00e4."},"content":{"rendered":"<h2>Naisten oksasakset- 15 astetta alasp\u00e4in k\u00e4\u00e4ntyv\u00e4 ter\u00e4. Suunniteltu erityisesti naisille. <\/h2>\n<p>Naisten oksasakset sopivat sek\u00e4 amat\u00f6\u00f6ripuutarhurille ett\u00e4 ammattik\u00e4ytt\u00e4j\u00e4lle. Naisille, nuorille ja lapsille sek\u00e4 pienik\u00e4tisille miehille &#8211; k\u00e4den koolla on v\u00e4li\u00e4. Lue my\u00f6s artikkeli<a href=\"https:\/\/rodoaed.ee\/fi\/sakset-naisille\/\">&#8221;Naisten oksasakset<\/a>&#8221;.  <\/p>\n<p>Ter\u00e4 viist\u00e4\u00e4 alasp\u00e4in, jotta k\u00e4si pysyy ranteessa ty\u00f6skentelyn aikana. Sen sijaan, ett\u00e4 sinun pit\u00e4isi pit\u00e4\u00e4 ranteesi kallistuneena alasp\u00e4in jokaisen leikkauksen yhteydess\u00e4, voit nyt pit\u00e4\u00e4 k\u00e4tesi suorana ja viistot ter\u00e4t tekev\u00e4t ty\u00f6n puolestasi. Kun ty\u00f6skentelet pitki\u00e4 aikoja, on suuri ero siin\u00e4, kuinka paljon rasitat ranteesi.  <\/p>\n<p><em>Saksalainen Berger-tuotemerkki on tunnettu Euroopassa ja maailmalla vuodesta 1919 l\u00e4htien erityisen mukavien ja korkealaatuisten puutarhav\u00e4lineiden valmistajana. Puutarhaty\u00f6kalut valmistetaan edelleen Euroopassa, Saksan Wuppertalissa sijaitsevassa tehtaassa.  K\u00e4ytet\u00e4\u00e4n vain kest\u00e4vimpi\u00e4 materiaaleja, kuten ruostumatonta ter\u00e4st\u00e4, valettua alumiinia, puuta ja muita materiaaleja.<\/em><\/p>\n<p><em>Jokainen puutarhuri tiet\u00e4\u00e4, kuinka t\u00e4rke\u00e4\u00e4 on, ett\u00e4 h\u00e4nell\u00e4 on hyv\u00e4 ty\u00f6kalu. Ty\u00f6kaluja voi olla monenlaisia ja erikokoisia, mutta on aina muutama suosikki &#8211; oksasakset, oksasakset tai sahat &#8211; joita k\u00e4yt\u00e4mme mielell\u00e4mme. Ne ovat k\u00e4tevi\u00e4 ja niit\u00e4 on mukava k\u00e4ytt\u00e4\u00e4. Me vain suosimme niit\u00e4.   <\/em><\/p>\n<p><em>Itse asiassa kaikkien ty\u00f6kalujen pit\u00e4isi olla sellaisia, joita on aina hyv\u00e4 k\u00e4ytt\u00e4\u00e4 ja jotka eiv\u00e4t vaivaa k\u00e4si\u00e4. My\u00f6s ammattik\u00e4ytt\u00e4j\u00e4t tiet\u00e4v\u00e4t hyvin eron yksinkertaisen ty\u00f6kalun ja hyv\u00e4n ty\u00f6kalun v\u00e4lill\u00e4. Hyv\u00e4 ty\u00f6kalu ei v\u00e4syt\u00e4 yht\u00e4 paljon kuin yksinkertainen ty\u00f6kalu, edes pitk\u00e4n ty\u00f6p\u00e4iv\u00e4n aikana.  <\/em><\/p>\n<p>Hemmottele itse\u00e4si parhaalla!<\/p>\n<h2>T\u00e4rkeimm\u00e4t ominaisuudet:<\/h2>\n<ul>\n<li><strong>Suunniteltu pienempi kahva naisille ja nuorille<\/strong><\/li>\n<li>Taotusta ter\u00e4ksest\u00e4 valmistettu ter\u00e4<\/li>\n<li>Ruosteen kest\u00e4v\u00e4 ter\u00e4k\u00e4sittely<\/li>\n<li>Syv\u00e4 mehuura (mehu ei valu ter\u00e4lle leikattaessa).<\/li>\n<li>Malli, jossa on vaihdettavat ter\u00e4t (sek\u00e4 yl\u00e4- ett\u00e4 alater\u00e4t voidaan vaihtaa).<\/li>\n<li>Kevyt malli<\/li>\n<li>Terassa on k\u00e4tev\u00e4 \u00f6ljy\u00e4ukko<\/li>\n<li>Ergonomisesti muotoiltu kahva takaa miellytt\u00e4v\u00e4n k\u00e4yt\u00f6n<\/li>\n<li>Kahva ja leikkuukulma ovat eritt\u00e4in ranneyst\u00e4v\u00e4lliset (v\u00e4hemm\u00e4n ranteen rasitusta kuin perinteisill\u00e4 saksilla).<\/li>\n<li>Iskunvaimennin terien v\u00e4liss\u00e4<\/li>\n<li>Kiinnitin lukittuu v\u00e4liasentoon, jotta sakset eiv\u00e4t avaudu liian leveiksi hienojen oksien leikkaamista varten. Suojaa k\u00e4tt\u00e4 v\u00e4symykselt\u00e4. <\/li>\n<li><strong>PLUS<\/strong> lankaleikkuri ter\u00e4n alussa (ei tarvitse hakea erillist\u00e4 ty\u00f6kalua langan tai puutarhaverkon leikkaamiseen).<\/li>\n<\/ul>\n<h2>Tekniset tiedot:<\/h2>\n<ul>\n<li>Suurin sopiva haaran halkaisija: 25 mm<\/li>\n<li>Paino: 215 g<\/li>\n<li>Pituus: 185 mm<\/li>\n<\/ul>\n","protected":false},"excerpt":{"rendered":"<p>Naisten oksasakset- 15 astetta alasp\u00e4in k\u00e4\u00e4ntyv\u00e4 ter\u00e4. Suunniteltu erityisesti naisille. Naisten oksasakset sopivat sek\u00e4 amat\u00f6\u00f6ripuutarhurille ett\u00e4 ammattik\u00e4ytt\u00e4j\u00e4lle. Naisille, nuorille ja lapsille sek\u00e4 pienik\u00e4tisille miehille &#8211; k\u00e4den koolla on v\u00e4li\u00e4. Lue my\u00f6s artikkeli&#8221;Naisten oksasakset&#8221;. Ter\u00e4 viist\u00e4\u00e4 alasp\u00e4in, jotta k\u00e4si pysyy ranteessa ty\u00f6skentelyn aikana. Sen sijaan, ett\u00e4 sinun pit\u00e4isi pit\u00e4\u00e4 ranteesi kallistuneena alasp\u00e4in jokaisen leikkauksen yhteydess\u00e4, voit nyt pit\u00e4\u00e4 k\u00e4tesi suorana ja viistot ter\u00e4t tekev\u00e4t ty\u00f6n puolestasi&#8230;.<\/p>\n","protected":false},"featured_media":31221,"template":"","meta":{"_acf_changed":false},"product_brand":[],"product_cat":[1833,1743,1891,1889],"product_tag":[],"class_list":{"0":"post-53314","1":"product","2":"type-product","3":"status-publish","4":"has-post-thumbnail","6":"product_cat-lahjat-naisille","7":"product_cat-lisalahjat-lahjat","8":"product_cat-oksasakset","9":"product_cat-puutarhatyokalut","10":"product_shipping_class-toimitus-1-3-tyopaivan-kuluessa","11":"pa_variatsioon-pyoreat-sakset-1100-suora-tera-naisten-sakset","13":"first","14":"instock","15":"taxable","16":"shipping-taxable","17":"purchasable","18":"product-type-simple"},"acf":[],"yoast_head":"<!-- This site is optimized with the Yoast SEO Premium plugin v27.3 (Yoast SEO v27.3) - https:\/\/yoast.com\/product\/yoast-seo-premium-wordpress\/ -->\n<title>Naisten oksasakset 1104-, joissa on alasp\u00e4in viistetty ter\u00e4. -% Puutarhan oksasakset sauvalla<\/title>\n<meta name=\"description\" content=\"Saksalainen Berger naisten oksasakset pienik\u00e4tisille k\u00e4ytt\u00e4jille. Sopii harrastepuutarhureille ja ammattik\u00e4ytt\u00e4jille. Naisten oksasakset, joissa on vahva ter\u00e4st\u00e4 oleva ter\u00e4.\" \/>\n<meta name=\"robots\" content=\"index, follow, max-snippet:-1, max-image-preview:large, max-video-preview:-1\" \/>\n<link rel=\"canonical\" href=\"https:\/\/rodoaed.ee\/fi\/toode\/naisten-oksasakset-1104-joissa-on-alaspain-viistetty-tera\/\" \/>\n<meta property=\"og:locale\" content=\"fi_FI\" \/>\n<meta property=\"og:type\" content=\"article\" \/>\n<meta property=\"og:title\" content=\"Naisten oksasakset 1104-, joissa on alasp\u00e4in viistetty ter\u00e4.\" \/>\n<meta property=\"og:description\" content=\"Naisten oksasakset- 15 astetta alasp\u00e4in k\u00e4\u00e4ntyv\u00e4 ter\u00e4. Suunniteltu erityisesti naisille. Naisten oksasakset sopivat sek\u00e4 amat\u00f6\u00f6ripuutarhurille ett\u00e4\" \/>\n<meta property=\"og:url\" content=\"https:\/\/rodoaed.ee\/fi\/toode\/naisten-oksasakset-1104-joissa-on-alaspain-viistetty-tera\/\" \/>\n<meta property=\"og:site_name\" content=\"Rodoaed\" \/>\n<meta property=\"article:publisher\" content=\"https:\/\/www.facebook.com\/kasvuhooned\/\" \/>\n<meta property=\"article:modified_time\" content=\"2026-04-13T08:03:50+00:00\" \/>\n<meta property=\"og:image\" content=\"https:\/\/rodoaed.ee\/wp-content\/uploads\/2020\/04\/Berger-oksak\u00e4\u00e4rid_1104-8.jpg\" \/>\n\t<meta property=\"og:image:width\" content=\"2048\" \/>\n\t<meta property=\"og:image:height\" content=\"2048\" \/>\n\t<meta property=\"og:image:type\" content=\"image\/jpeg\" \/>\n<meta name=\"twitter:card\" content=\"summary_large_image\" \/>\n<meta name=\"twitter:label1\" content=\"Arvioitu lukuaika\" \/>\n\t<meta name=\"twitter:data1\" content=\"2 minuuttia\" \/>\n<script type=\"application\/ld+json\" class=\"yoast-schema-graph\">{\"@context\":\"https:\\\/\\\/schema.org\",\"@graph\":[{\"@type\":\"WebPage\",\"@id\":\"https:\\\/\\\/rodoaed.ee\\\/fi\\\/toode\\\/naisten-oksasakset-1104-joissa-on-alaspain-viistetty-tera\\\/\",\"url\":\"https:\\\/\\\/rodoaed.ee\\\/fi\\\/toode\\\/naisten-oksasakset-1104-joissa-on-alaspain-viistetty-tera\\\/\",\"name\":\"Naisten oksasakset 1104-, joissa on alasp\u00e4in viistetty ter\u00e4. -% Puutarhan oksasakset sauvalla\",\"isPartOf\":{\"@id\":\"https:\\\/\\\/rodoaed.ee\\\/#website\"},\"primaryImageOfPage\":{\"@id\":\"https:\\\/\\\/rodoaed.ee\\\/fi\\\/toode\\\/naisten-oksasakset-1104-joissa-on-alaspain-viistetty-tera\\\/#primaryimage\"},\"image\":{\"@id\":\"https:\\\/\\\/rodoaed.ee\\\/fi\\\/toode\\\/naisten-oksasakset-1104-joissa-on-alaspain-viistetty-tera\\\/#primaryimage\"},\"thumbnailUrl\":\"https:\\\/\\\/rodoaed.ee\\\/wp-content\\\/uploads\\\/2020\\\/04\\\/Berger-oksak\u00e4\u00e4rid_1104-8.jpg\",\"datePublished\":\"2020-04-02T18:12:29+00:00\",\"dateModified\":\"2026-04-13T08:03:50+00:00\",\"description\":\"Saksalainen Berger naisten oksasakset pienik\u00e4tisille k\u00e4ytt\u00e4jille. Sopii harrastepuutarhureille ja ammattik\u00e4ytt\u00e4jille. Naisten oksasakset, joissa on vahva ter\u00e4st\u00e4 oleva ter\u00e4.\",\"breadcrumb\":{\"@id\":\"https:\\\/\\\/rodoaed.ee\\\/fi\\\/toode\\\/naisten-oksasakset-1104-joissa-on-alaspain-viistetty-tera\\\/#breadcrumb\"},\"inLanguage\":\"fi\",\"potentialAction\":[{\"@type\":\"ReadAction\",\"target\":[\"https:\\\/\\\/rodoaed.ee\\\/fi\\\/toode\\\/naisten-oksasakset-1104-joissa-on-alaspain-viistetty-tera\\\/\"]}]},{\"@type\":\"ImageObject\",\"inLanguage\":\"fi\",\"@id\":\"https:\\\/\\\/rodoaed.ee\\\/fi\\\/toode\\\/naisten-oksasakset-1104-joissa-on-alaspain-viistetty-tera\\\/#primaryimage\",\"url\":\"https:\\\/\\\/rodoaed.ee\\\/wp-content\\\/uploads\\\/2020\\\/04\\\/Berger-oksak\u00e4\u00e4rid_1104-8.jpg\",\"contentUrl\":\"https:\\\/\\\/rodoaed.ee\\\/wp-content\\\/uploads\\\/2020\\\/04\\\/Berger-oksak\u00e4\u00e4rid_1104-8.jpg\",\"width\":2048,\"height\":2048,\"caption\":\"berger oksasakset\"},{\"@type\":\"BreadcrumbList\",\"@id\":\"https:\\\/\\\/rodoaed.ee\\\/fi\\\/toode\\\/naisten-oksasakset-1104-joissa-on-alaspain-viistetty-tera\\\/#breadcrumb\",\"itemListElement\":[{\"@type\":\"ListItem\",\"position\":1,\"name\":\"Home\",\"item\":\"https:\\\/\\\/rodoaed.ee\\\/fi\\\/\"},{\"@type\":\"ListItem\",\"position\":2,\"name\":\"Osta osoitteessa\",\"item\":\"https:\\\/\\\/rodoaed.ee\\\/osta-osoitteessa\\\/\"},{\"@type\":\"ListItem\",\"position\":3,\"name\":\"Naisten oksasakset 1104-, joissa on alasp\u00e4in viistetty ter\u00e4.\"}]},{\"@type\":\"WebSite\",\"@id\":\"https:\\\/\\\/rodoaed.ee\\\/#website\",\"url\":\"https:\\\/\\\/rodoaed.ee\\\/\",\"name\":\"Rodoaed\",\"description\":\"\",\"publisher\":{\"@id\":\"https:\\\/\\\/rodoaed.ee\\\/#organization\"},\"potentialAction\":[{\"@type\":\"SearchAction\",\"target\":{\"@type\":\"EntryPoint\",\"urlTemplate\":\"https:\\\/\\\/rodoaed.ee\\\/?s={search_term_string}\"},\"query-input\":{\"@type\":\"PropertyValueSpecification\",\"valueRequired\":true,\"valueName\":\"search_term_string\"}}],\"inLanguage\":\"fi\"},{\"@type\":\"Organization\",\"@id\":\"https:\\\/\\\/rodoaed.ee\\\/#organization\",\"name\":\"Rodoaed\",\"url\":\"https:\\\/\\\/rodoaed.ee\\\/\",\"logo\":{\"@type\":\"ImageObject\",\"inLanguage\":\"fi\",\"@id\":\"https:\\\/\\\/rodoaed.ee\\\/#\\\/schema\\\/logo\\\/image\\\/\",\"url\":\"https:\\\/\\\/rodoaed.ee\\\/wp-content\\\/uploads\\\/2019\\\/11\\\/rodoaed-logo-ilma-taustata.jpg\",\"contentUrl\":\"https:\\\/\\\/rodoaed.ee\\\/wp-content\\\/uploads\\\/2019\\\/11\\\/rodoaed-logo-ilma-taustata.jpg\",\"width\":769,\"height\":268,\"caption\":\"Rodoaed\"},\"image\":{\"@id\":\"https:\\\/\\\/rodoaed.ee\\\/#\\\/schema\\\/logo\\\/image\\\/\"},\"sameAs\":[\"https:\\\/\\\/www.facebook.com\\\/kasvuhooned\\\/\",\"https:\\\/\\\/rodoaed.ee\"]}]}<\/script>\n<!-- \/ Yoast SEO Premium plugin. -->","yoast_head_json":{"title":"Naisten oksasakset 1104-, joissa on alasp\u00e4in viistetty ter\u00e4. -% Puutarhan oksasakset sauvalla","description":"Saksalainen Berger naisten oksasakset pienik\u00e4tisille k\u00e4ytt\u00e4jille. Sopii harrastepuutarhureille ja ammattik\u00e4ytt\u00e4jille. Naisten oksasakset, joissa on vahva ter\u00e4st\u00e4 oleva ter\u00e4.","robots":{"index":"index","follow":"follow","max-snippet":"max-snippet:-1","max-image-preview":"max-image-preview:large","max-video-preview":"max-video-preview:-1"},"canonical":"https:\/\/rodoaed.ee\/fi\/toode\/naisten-oksasakset-1104-joissa-on-alaspain-viistetty-tera\/","og_locale":"fi_FI","og_type":"article","og_title":"Naisten oksasakset 1104-, joissa on alasp\u00e4in viistetty ter\u00e4.","og_description":"Naisten oksasakset- 15 astetta alasp\u00e4in k\u00e4\u00e4ntyv\u00e4 ter\u00e4. Suunniteltu erityisesti naisille. Naisten oksasakset sopivat sek\u00e4 amat\u00f6\u00f6ripuutarhurille ett\u00e4","og_url":"https:\/\/rodoaed.ee\/fi\/toode\/naisten-oksasakset-1104-joissa-on-alaspain-viistetty-tera\/","og_site_name":"Rodoaed","article_publisher":"https:\/\/www.facebook.com\/kasvuhooned\/","article_modified_time":"2026-04-13T08:03:50+00:00","og_image":[{"width":2048,"height":2048,"url":"https:\/\/rodoaed.ee\/wp-content\/uploads\/2020\/04\/Berger-oksak\u00e4\u00e4rid_1104-8.jpg","type":"image\/jpeg"}],"twitter_card":"summary_large_image","twitter_misc":{"Arvioitu lukuaika":"2 minuuttia"},"schema":{"@context":"https:\/\/schema.org","@graph":[{"@type":"WebPage","@id":"https:\/\/rodoaed.ee\/fi\/toode\/naisten-oksasakset-1104-joissa-on-alaspain-viistetty-tera\/","url":"https:\/\/rodoaed.ee\/fi\/toode\/naisten-oksasakset-1104-joissa-on-alaspain-viistetty-tera\/","name":"Naisten oksasakset 1104-, joissa on alasp\u00e4in viistetty ter\u00e4. -% Puutarhan oksasakset sauvalla","isPartOf":{"@id":"https:\/\/rodoaed.ee\/#website"},"primaryImageOfPage":{"@id":"https:\/\/rodoaed.ee\/fi\/toode\/naisten-oksasakset-1104-joissa-on-alaspain-viistetty-tera\/#primaryimage"},"image":{"@id":"https:\/\/rodoaed.ee\/fi\/toode\/naisten-oksasakset-1104-joissa-on-alaspain-viistetty-tera\/#primaryimage"},"thumbnailUrl":"https:\/\/rodoaed.ee\/wp-content\/uploads\/2020\/04\/Berger-oksak\u00e4\u00e4rid_1104-8.jpg","datePublished":"2020-04-02T18:12:29+00:00","dateModified":"2026-04-13T08:03:50+00:00","description":"Saksalainen Berger naisten oksasakset pienik\u00e4tisille k\u00e4ytt\u00e4jille. Sopii harrastepuutarhureille ja ammattik\u00e4ytt\u00e4jille. Naisten oksasakset, joissa on vahva ter\u00e4st\u00e4 oleva ter\u00e4.","breadcrumb":{"@id":"https:\/\/rodoaed.ee\/fi\/toode\/naisten-oksasakset-1104-joissa-on-alaspain-viistetty-tera\/#breadcrumb"},"inLanguage":"fi","potentialAction":[{"@type":"ReadAction","target":["https:\/\/rodoaed.ee\/fi\/toode\/naisten-oksasakset-1104-joissa-on-alaspain-viistetty-tera\/"]}]},{"@type":"ImageObject","inLanguage":"fi","@id":"https:\/\/rodoaed.ee\/fi\/toode\/naisten-oksasakset-1104-joissa-on-alaspain-viistetty-tera\/#primaryimage","url":"https:\/\/rodoaed.ee\/wp-content\/uploads\/2020\/04\/Berger-oksak\u00e4\u00e4rid_1104-8.jpg","contentUrl":"https:\/\/rodoaed.ee\/wp-content\/uploads\/2020\/04\/Berger-oksak\u00e4\u00e4rid_1104-8.jpg","width":2048,"height":2048,"caption":"berger oksasakset"},{"@type":"BreadcrumbList","@id":"https:\/\/rodoaed.ee\/fi\/toode\/naisten-oksasakset-1104-joissa-on-alaspain-viistetty-tera\/#breadcrumb","itemListElement":[{"@type":"ListItem","position":1,"name":"Home","item":"https:\/\/rodoaed.ee\/fi\/"},{"@type":"ListItem","position":2,"name":"Osta osoitteessa","item":"https:\/\/rodoaed.ee\/osta-osoitteessa\/"},{"@type":"ListItem","position":3,"name":"Naisten oksasakset 1104-, joissa on alasp\u00e4in viistetty ter\u00e4."}]},{"@type":"WebSite","@id":"https:\/\/rodoaed.ee\/#website","url":"https:\/\/rodoaed.ee\/","name":"Rodoaed","description":"","publisher":{"@id":"https:\/\/rodoaed.ee\/#organization"},"potentialAction":[{"@type":"SearchAction","target":{"@type":"EntryPoint","urlTemplate":"https:\/\/rodoaed.ee\/?s={search_term_string}"},"query-input":{"@type":"PropertyValueSpecification","valueRequired":true,"valueName":"search_term_string"}}],"inLanguage":"fi"},{"@type":"Organization","@id":"https:\/\/rodoaed.ee\/#organization","name":"Rodoaed","url":"https:\/\/rodoaed.ee\/","logo":{"@type":"ImageObject","inLanguage":"fi","@id":"https:\/\/rodoaed.ee\/#\/schema\/logo\/image\/","url":"https:\/\/rodoaed.ee\/wp-content\/uploads\/2019\/11\/rodoaed-logo-ilma-taustata.jpg","contentUrl":"https:\/\/rodoaed.ee\/wp-content\/uploads\/2019\/11\/rodoaed-logo-ilma-taustata.jpg","width":769,"height":268,"caption":"Rodoaed"},"image":{"@id":"https:\/\/rodoaed.ee\/#\/schema\/logo\/image\/"},"sameAs":["https:\/\/www.facebook.com\/kasvuhooned\/","https:\/\/rodoaed.ee"]}]}},"_links":{"self":[{"href":"https:\/\/rodoaed.ee\/fi\/wp-json\/wp\/v2\/product\/53314","targetHints":{"allow":["GET"]}}],"collection":[{"href":"https:\/\/rodoaed.ee\/fi\/wp-json\/wp\/v2\/product"}],"about":[{"href":"https:\/\/rodoaed.ee\/fi\/wp-json\/wp\/v2\/types\/product"}],"wp:featuredmedia":[{"embeddable":true,"href":"https:\/\/rodoaed.ee\/fi\/wp-json\/wp\/v2\/media\/31221"}],"wp:attachment":[{"href":"https:\/\/rodoaed.ee\/fi\/wp-json\/wp\/v2\/media?parent=53314"}],"wp:term":[{"taxonomy":"product_brand","embeddable":true,"href":"https:\/\/rodoaed.ee\/fi\/wp-json\/wp\/v2\/product_brand?post=53314"},{"taxonomy":"product_cat","embeddable":true,"href":"https:\/\/rodoaed.ee\/fi\/wp-json\/wp\/v2\/product_cat?post=53314"},{"taxonomy":"product_tag","embeddable":true,"href":"https:\/\/rodoaed.ee\/fi\/wp-json\/wp\/v2\/product_tag?post=53314"}],"curies":[{"name":"wp","href":"https:\/\/api.w.org\/{rel}","templated":true}]}}