{"id":53316,"date":"2020-04-11T11:02:26","date_gmt":"2020-04-11T08:02:26","guid":{"rendered":"https:\/\/rodoaed.ee\/toode\/varaosa-kattoluukun-automaattinen-avaaja-varaosasylinteri\/"},"modified":"2026-04-13T11:03:56","modified_gmt":"2026-04-13T08:03:56","slug":"varaosa-kattoluukun-automaattinen-avaaja-varaosasylinteri","status":"publish","type":"product","link":"https:\/\/rodoaed.ee\/fi\/tuote\/varaosa-kattoluukun-automaattinen-avaaja-varaosasylinteri\/","title":{"rendered":"Varaosa- Kattoluukun automaattinen avaaja varaosasylinteri"},"content":{"rendered":"<p>Jos kasvihuoneesi automaattisen kattoluukun avauslaitteen sylinteri on v\u00e4synyt tai vaurioitunut, ei tarvitse ostaa kokonaan uutta sarjaa. Vaihda vain k\u00e4ytt\u00f6sylinteri. <\/p>\n<p>Sopii Univent-avaajalle ja muille vastaaville malleille. Ei sovellu suuriin Storm-malleihin. On olemassa suurempi sylinteri.  <\/p>\n<p><strong>HUOM T\u00e4m\u00e4 on alkuper\u00e4inen tanskalainen tuote, jonka maahantuoja olemme me. Univent-malleja valmistetaan kuitenkin my\u00f6s Kiinassa ja Ven\u00e4j\u00e4ll\u00e4 ja niit\u00e4 myyd\u00e4\u00e4n Virossa samalla nimell\u00e4. <\/strong>Ole vain varovainen ostaessasi huonolaatuisia kopioita. Ne ovat halvempia, mutta niiden k\u00e4ytt\u00f6ik\u00e4 rajoittuu yleens\u00e4 takuuajan loppuun. Alkuper\u00e4isen tuotteen k\u00e4ytt\u00f6ik\u00e4 on yleens\u00e4 jopa 15 vuotta.  <\/p>\n<h2>Automaattisen kattoluukun avaajan tekniset tiedot:<\/h2>\n<ul>\n<li>Avautumisl\u00e4mp\u00f6tila-alue +17-25\u00ba C<\/li>\n<li>Nostokyky 12 kg<\/li>\n<li>Luukun sulkeutumisvoima 1,2 kg<\/li>\n<li>Suurin aukko noin 40cm<\/li>\n<li>Suurin avautuminen saavutetaan noin +30\u00ba C:ssa.<\/li>\n<li>Takuu 1 vuosi<\/li>\n<\/ul>\n<div><a href=\"https:\/\/rodoaed.ee\/fi\/\">kotisivu<\/a> <a href=\"https:\/\/rodoaed.ee\/tootekategooria\/kasvuhooned-ja-talveaiad\/\">k\u00e4ynnist\u00e4<\/a> <a href=\"https:\/\/rodoaed.ee\/fi\/tootekategooria\/kasvihuoneen-tarvikkeet\/\">tarvikkeet<\/a> <a href=\"https:\/\/rodoaed.ee\/fi\/tootekategooria\/kasvihuoneen-tarvikkeet\/kasvihuoneen-ilmanvaihto\/\">ilmanvaihto<\/a><\/div>\n<div>\n<div><\/div>\n<\/div>\n","protected":false},"excerpt":{"rendered":"<p>Jos kasvihuoneesi automaattisen kattoluukun avauslaitteen sylinteri on v\u00e4synyt tai vaurioitunut, ei tarvitse ostaa kokonaan uutta sarjaa. Vaihda vain k\u00e4ytt\u00f6sylinteri. Sopii Univent-avaajalle ja muille vastaaville malleille. Ei sovellu suuriin Storm-malleihin. On olemassa suurempi sylinteri. HUOM T\u00e4m\u00e4 on alkuper\u00e4inen tanskalainen tuote, jonka maahantuoja olemme me. Univent-malleja valmistetaan kuitenkin my\u00f6s Kiinassa ja Ven\u00e4j\u00e4ll\u00e4 ja niit\u00e4 myyd\u00e4\u00e4n Virossa samalla nimell\u00e4. Ole vain varovainen ostaessasi huonolaatuisia kopioita. Ne ovat halvempia,&#8230;<\/p>\n","protected":false},"featured_media":31472,"template":"","meta":{"_acf_changed":false},"product_brand":[],"product_cat":[1956,1869],"product_tag":[],"class_list":{"0":"post-53316","1":"product","2":"type-product","3":"status-publish","4":"has-post-thumbnail","6":"product_cat-kasvihuoneen-ilmanvaihto","7":"product_cat-kasvihuoneen-tarvikkeet","8":"product_shipping_class-toimitus-1-3-tyopaivan-kuluessa","9":"pa_variatsioon-20-univent-automaattinen-kattoluukun-avauslaite","11":"first","12":"instock","13":"sale","14":"taxable","15":"shipping-taxable","16":"purchasable","17":"product-type-simple"},"acf":[],"yoast_head":"<!-- This site is optimized with the Yoast SEO Premium plugin v27.3 (Yoast SEO v27.3) - https:\/\/yoast.com\/product\/yoast-seo-premium-wordpress\/ -->\n<title>Varaosa- Kattoluukun automaattinen avaaja varaosasylinteri% % -% Rodoaed%%automaattiset aikakatkaisut<\/title>\n<meta name=\"description\" content=\"Univent automaattinen kattoluukun avaaja kaikkiin kasvihuonemalleihin maailmanlaajuisesti. Automaattinen kattoluukun avaaja sopii sek\u00e4 alumiinirunkoisiin ett\u00e4 puisiin kasvihuoneisiin.\" \/>\n<meta name=\"robots\" content=\"index, follow, max-snippet:-1, max-image-preview:large, max-video-preview:-1\" \/>\n<link rel=\"canonical\" href=\"https:\/\/rodoaed.ee\/fi\/toode\/varaosa-kattoluukun-automaattinen-avaaja-varaosasylinteri\/\" \/>\n<meta property=\"og:locale\" content=\"fi_FI\" \/>\n<meta property=\"og:type\" content=\"article\" \/>\n<meta property=\"og:title\" content=\"Varaosa- Kattoluukun automaattinen avaaja varaosasylinteri\" \/>\n<meta property=\"og:description\" content=\"Jos kasvihuoneesi automaattisen kattoluukun avauslaitteen sylinteri on v\u00e4synyt tai vaurioitunut, ei tarvitse ostaa kokonaan uutta sarjaa. Vaihda vain\" \/>\n<meta property=\"og:url\" content=\"https:\/\/rodoaed.ee\/fi\/toode\/varaosa-kattoluukun-automaattinen-avaaja-varaosasylinteri\/\" \/>\n<meta property=\"og:site_name\" content=\"Rodoaed\" \/>\n<meta property=\"article:publisher\" content=\"https:\/\/www.facebook.com\/kasvuhooned\/\" \/>\n<meta property=\"article:modified_time\" content=\"2026-04-13T08:03:56+00:00\" \/>\n<meta property=\"og:image\" content=\"https:\/\/rodoaed.ee\/wp-content\/uploads\/2020\/04\/luugiavaja-automaatika-varusilinder_1.jpg\" \/>\n\t<meta property=\"og:image:width\" content=\"600\" \/>\n\t<meta property=\"og:image:height\" content=\"600\" \/>\n\t<meta property=\"og:image:type\" content=\"image\/jpeg\" \/>\n<meta name=\"twitter:card\" content=\"summary_large_image\" \/>\n<meta name=\"twitter:label1\" content=\"Arvioitu lukuaika\" \/>\n\t<meta name=\"twitter:data1\" content=\"1 minuutti\" \/>\n<script type=\"application\/ld+json\" class=\"yoast-schema-graph\">{\"@context\":\"https:\\\/\\\/schema.org\",\"@graph\":[{\"@type\":\"WebPage\",\"@id\":\"https:\\\/\\\/rodoaed.ee\\\/fi\\\/toode\\\/varaosa-kattoluukun-automaattinen-avaaja-varaosasylinteri\\\/\",\"url\":\"https:\\\/\\\/rodoaed.ee\\\/fi\\\/toode\\\/varaosa-kattoluukun-automaattinen-avaaja-varaosasylinteri\\\/\",\"name\":\"Varaosa- Kattoluukun automaattinen avaaja varaosasylinteri% % -% Rodoaed%%automaattiset aikakatkaisut\",\"isPartOf\":{\"@id\":\"https:\\\/\\\/rodoaed.ee\\\/#website\"},\"primaryImageOfPage\":{\"@id\":\"https:\\\/\\\/rodoaed.ee\\\/fi\\\/toode\\\/varaosa-kattoluukun-automaattinen-avaaja-varaosasylinteri\\\/#primaryimage\"},\"image\":{\"@id\":\"https:\\\/\\\/rodoaed.ee\\\/fi\\\/toode\\\/varaosa-kattoluukun-automaattinen-avaaja-varaosasylinteri\\\/#primaryimage\"},\"thumbnailUrl\":\"https:\\\/\\\/rodoaed.ee\\\/wp-content\\\/uploads\\\/2020\\\/04\\\/luugiavaja-automaatika-varusilinder_1.jpg\",\"datePublished\":\"2020-04-11T08:02:26+00:00\",\"dateModified\":\"2026-04-13T08:03:56+00:00\",\"description\":\"Univent automaattinen kattoluukun avaaja kaikkiin kasvihuonemalleihin maailmanlaajuisesti. Automaattinen kattoluukun avaaja sopii sek\u00e4 alumiinirunkoisiin ett\u00e4 puisiin kasvihuoneisiin.\",\"breadcrumb\":{\"@id\":\"https:\\\/\\\/rodoaed.ee\\\/fi\\\/toode\\\/varaosa-kattoluukun-automaattinen-avaaja-varaosasylinteri\\\/#breadcrumb\"},\"inLanguage\":\"fi\",\"potentialAction\":[{\"@type\":\"ReadAction\",\"target\":[\"https:\\\/\\\/rodoaed.ee\\\/fi\\\/toode\\\/varaosa-kattoluukun-automaattinen-avaaja-varaosasylinteri\\\/\"]}]},{\"@type\":\"ImageObject\",\"inLanguage\":\"fi\",\"@id\":\"https:\\\/\\\/rodoaed.ee\\\/fi\\\/toode\\\/varaosa-kattoluukun-automaattinen-avaaja-varaosasylinteri\\\/#primaryimage\",\"url\":\"https:\\\/\\\/rodoaed.ee\\\/wp-content\\\/uploads\\\/2020\\\/04\\\/luugiavaja-automaatika-varusilinder_1.jpg\",\"contentUrl\":\"https:\\\/\\\/rodoaed.ee\\\/wp-content\\\/uploads\\\/2020\\\/04\\\/luugiavaja-automaatika-varusilinder_1.jpg\",\"width\":600,\"height\":600,\"caption\":\"h\u00e4t\u00e4jarru automaattinen kattoluukun avaaja\"},{\"@type\":\"BreadcrumbList\",\"@id\":\"https:\\\/\\\/rodoaed.ee\\\/fi\\\/toode\\\/varaosa-kattoluukun-automaattinen-avaaja-varaosasylinteri\\\/#breadcrumb\",\"itemListElement\":[{\"@type\":\"ListItem\",\"position\":1,\"name\":\"Home\",\"item\":\"https:\\\/\\\/rodoaed.ee\\\/fi\\\/\"},{\"@type\":\"ListItem\",\"position\":2,\"name\":\"Osta osoitteessa\",\"item\":\"https:\\\/\\\/rodoaed.ee\\\/osta-osoitteessa\\\/\"},{\"@type\":\"ListItem\",\"position\":3,\"name\":\"Varaosa- Kattoluukun automaattinen avaaja varaosasylinteri\"}]},{\"@type\":\"WebSite\",\"@id\":\"https:\\\/\\\/rodoaed.ee\\\/#website\",\"url\":\"https:\\\/\\\/rodoaed.ee\\\/\",\"name\":\"Rodoaed\",\"description\":\"\",\"publisher\":{\"@id\":\"https:\\\/\\\/rodoaed.ee\\\/#organization\"},\"potentialAction\":[{\"@type\":\"SearchAction\",\"target\":{\"@type\":\"EntryPoint\",\"urlTemplate\":\"https:\\\/\\\/rodoaed.ee\\\/?s={search_term_string}\"},\"query-input\":{\"@type\":\"PropertyValueSpecification\",\"valueRequired\":true,\"valueName\":\"search_term_string\"}}],\"inLanguage\":\"fi\"},{\"@type\":\"Organization\",\"@id\":\"https:\\\/\\\/rodoaed.ee\\\/#organization\",\"name\":\"Rodoaed\",\"url\":\"https:\\\/\\\/rodoaed.ee\\\/\",\"logo\":{\"@type\":\"ImageObject\",\"inLanguage\":\"fi\",\"@id\":\"https:\\\/\\\/rodoaed.ee\\\/#\\\/schema\\\/logo\\\/image\\\/\",\"url\":\"https:\\\/\\\/rodoaed.ee\\\/wp-content\\\/uploads\\\/2019\\\/11\\\/rodoaed-logo-ilma-taustata.jpg\",\"contentUrl\":\"https:\\\/\\\/rodoaed.ee\\\/wp-content\\\/uploads\\\/2019\\\/11\\\/rodoaed-logo-ilma-taustata.jpg\",\"width\":769,\"height\":268,\"caption\":\"Rodoaed\"},\"image\":{\"@id\":\"https:\\\/\\\/rodoaed.ee\\\/#\\\/schema\\\/logo\\\/image\\\/\"},\"sameAs\":[\"https:\\\/\\\/www.facebook.com\\\/kasvuhooned\\\/\",\"https:\\\/\\\/rodoaed.ee\"]}]}<\/script>\n<!-- \/ Yoast SEO Premium plugin. -->","yoast_head_json":{"title":"Varaosa- Kattoluukun automaattinen avaaja varaosasylinteri% % -% Rodoaed%%automaattiset aikakatkaisut","description":"Univent automaattinen kattoluukun avaaja kaikkiin kasvihuonemalleihin maailmanlaajuisesti. Automaattinen kattoluukun avaaja sopii sek\u00e4 alumiinirunkoisiin ett\u00e4 puisiin kasvihuoneisiin.","robots":{"index":"index","follow":"follow","max-snippet":"max-snippet:-1","max-image-preview":"max-image-preview:large","max-video-preview":"max-video-preview:-1"},"canonical":"https:\/\/rodoaed.ee\/fi\/toode\/varaosa-kattoluukun-automaattinen-avaaja-varaosasylinteri\/","og_locale":"fi_FI","og_type":"article","og_title":"Varaosa- Kattoluukun automaattinen avaaja varaosasylinteri","og_description":"Jos kasvihuoneesi automaattisen kattoluukun avauslaitteen sylinteri on v\u00e4synyt tai vaurioitunut, ei tarvitse ostaa kokonaan uutta sarjaa. Vaihda vain","og_url":"https:\/\/rodoaed.ee\/fi\/toode\/varaosa-kattoluukun-automaattinen-avaaja-varaosasylinteri\/","og_site_name":"Rodoaed","article_publisher":"https:\/\/www.facebook.com\/kasvuhooned\/","article_modified_time":"2026-04-13T08:03:56+00:00","og_image":[{"width":600,"height":600,"url":"https:\/\/rodoaed.ee\/wp-content\/uploads\/2020\/04\/luugiavaja-automaatika-varusilinder_1.jpg","type":"image\/jpeg"}],"twitter_card":"summary_large_image","twitter_misc":{"Arvioitu lukuaika":"1 minuutti"},"schema":{"@context":"https:\/\/schema.org","@graph":[{"@type":"WebPage","@id":"https:\/\/rodoaed.ee\/fi\/toode\/varaosa-kattoluukun-automaattinen-avaaja-varaosasylinteri\/","url":"https:\/\/rodoaed.ee\/fi\/toode\/varaosa-kattoluukun-automaattinen-avaaja-varaosasylinteri\/","name":"Varaosa- Kattoluukun automaattinen avaaja varaosasylinteri% % -% Rodoaed%%automaattiset aikakatkaisut","isPartOf":{"@id":"https:\/\/rodoaed.ee\/#website"},"primaryImageOfPage":{"@id":"https:\/\/rodoaed.ee\/fi\/toode\/varaosa-kattoluukun-automaattinen-avaaja-varaosasylinteri\/#primaryimage"},"image":{"@id":"https:\/\/rodoaed.ee\/fi\/toode\/varaosa-kattoluukun-automaattinen-avaaja-varaosasylinteri\/#primaryimage"},"thumbnailUrl":"https:\/\/rodoaed.ee\/wp-content\/uploads\/2020\/04\/luugiavaja-automaatika-varusilinder_1.jpg","datePublished":"2020-04-11T08:02:26+00:00","dateModified":"2026-04-13T08:03:56+00:00","description":"Univent automaattinen kattoluukun avaaja kaikkiin kasvihuonemalleihin maailmanlaajuisesti. Automaattinen kattoluukun avaaja sopii sek\u00e4 alumiinirunkoisiin ett\u00e4 puisiin kasvihuoneisiin.","breadcrumb":{"@id":"https:\/\/rodoaed.ee\/fi\/toode\/varaosa-kattoluukun-automaattinen-avaaja-varaosasylinteri\/#breadcrumb"},"inLanguage":"fi","potentialAction":[{"@type":"ReadAction","target":["https:\/\/rodoaed.ee\/fi\/toode\/varaosa-kattoluukun-automaattinen-avaaja-varaosasylinteri\/"]}]},{"@type":"ImageObject","inLanguage":"fi","@id":"https:\/\/rodoaed.ee\/fi\/toode\/varaosa-kattoluukun-automaattinen-avaaja-varaosasylinteri\/#primaryimage","url":"https:\/\/rodoaed.ee\/wp-content\/uploads\/2020\/04\/luugiavaja-automaatika-varusilinder_1.jpg","contentUrl":"https:\/\/rodoaed.ee\/wp-content\/uploads\/2020\/04\/luugiavaja-automaatika-varusilinder_1.jpg","width":600,"height":600,"caption":"h\u00e4t\u00e4jarru automaattinen kattoluukun avaaja"},{"@type":"BreadcrumbList","@id":"https:\/\/rodoaed.ee\/fi\/toode\/varaosa-kattoluukun-automaattinen-avaaja-varaosasylinteri\/#breadcrumb","itemListElement":[{"@type":"ListItem","position":1,"name":"Home","item":"https:\/\/rodoaed.ee\/fi\/"},{"@type":"ListItem","position":2,"name":"Osta osoitteessa","item":"https:\/\/rodoaed.ee\/osta-osoitteessa\/"},{"@type":"ListItem","position":3,"name":"Varaosa- Kattoluukun automaattinen avaaja varaosasylinteri"}]},{"@type":"WebSite","@id":"https:\/\/rodoaed.ee\/#website","url":"https:\/\/rodoaed.ee\/","name":"Rodoaed","description":"","publisher":{"@id":"https:\/\/rodoaed.ee\/#organization"},"potentialAction":[{"@type":"SearchAction","target":{"@type":"EntryPoint","urlTemplate":"https:\/\/rodoaed.ee\/?s={search_term_string}"},"query-input":{"@type":"PropertyValueSpecification","valueRequired":true,"valueName":"search_term_string"}}],"inLanguage":"fi"},{"@type":"Organization","@id":"https:\/\/rodoaed.ee\/#organization","name":"Rodoaed","url":"https:\/\/rodoaed.ee\/","logo":{"@type":"ImageObject","inLanguage":"fi","@id":"https:\/\/rodoaed.ee\/#\/schema\/logo\/image\/","url":"https:\/\/rodoaed.ee\/wp-content\/uploads\/2019\/11\/rodoaed-logo-ilma-taustata.jpg","contentUrl":"https:\/\/rodoaed.ee\/wp-content\/uploads\/2019\/11\/rodoaed-logo-ilma-taustata.jpg","width":769,"height":268,"caption":"Rodoaed"},"image":{"@id":"https:\/\/rodoaed.ee\/#\/schema\/logo\/image\/"},"sameAs":["https:\/\/www.facebook.com\/kasvuhooned\/","https:\/\/rodoaed.ee"]}]}},"_links":{"self":[{"href":"https:\/\/rodoaed.ee\/fi\/wp-json\/wp\/v2\/product\/53316","targetHints":{"allow":["GET"]}}],"collection":[{"href":"https:\/\/rodoaed.ee\/fi\/wp-json\/wp\/v2\/product"}],"about":[{"href":"https:\/\/rodoaed.ee\/fi\/wp-json\/wp\/v2\/types\/product"}],"wp:featuredmedia":[{"embeddable":true,"href":"https:\/\/rodoaed.ee\/fi\/wp-json\/wp\/v2\/media\/31472"}],"wp:attachment":[{"href":"https:\/\/rodoaed.ee\/fi\/wp-json\/wp\/v2\/media?parent=53316"}],"wp:term":[{"taxonomy":"product_brand","embeddable":true,"href":"https:\/\/rodoaed.ee\/fi\/wp-json\/wp\/v2\/product_brand?post=53316"},{"taxonomy":"product_cat","embeddable":true,"href":"https:\/\/rodoaed.ee\/fi\/wp-json\/wp\/v2\/product_cat?post=53316"},{"taxonomy":"product_tag","embeddable":true,"href":"https:\/\/rodoaed.ee\/fi\/wp-json\/wp\/v2\/product_tag?post=53316"}],"curies":[{"name":"wp","href":"https:\/\/api.w.org\/{rel}","templated":true}]}}