{"id":53317,"date":"2020-04-02T21:57:45","date_gmt":"2020-04-02T18:57:45","guid":{"rendered":"https:\/\/rodoaed.ee\/toode\/kuivatun-ja-kovan-puun-oksasakset-joissa-on-alasin-1902\/"},"modified":"2026-04-13T11:03:56","modified_gmt":"2026-04-13T08:03:56","slug":"kuivatun-ja-kovan-puun-oksasakset-joissa-on-alasin-1902","status":"publish","type":"product","link":"https:\/\/rodoaed.ee\/fi\/tuote\/kuivatun-ja-kovan-puun-oksasakset-joissa-on-alasin-1902\/","title":{"rendered":"Kuivatun ja kovan puun oksasakset, joissa on alasin 1902"},"content":{"rendered":"<h2>Pohjalla varustetut oksasakset erityisen kovien ja kuivien oksien leikkaamiseen. Tarttumattoman pinnoitteensa ansiosta n\u00e4m\u00e4 sakset soveltuvat erinomaisesti pihkaisten havupuiden leikkaamiseen. <\/h2>\n<p>N\u00e4ill\u00e4 Bergerin ammattilaissarjan oksasaksilla, joissa on sipuli, on helppo ja k\u00e4tev\u00e4 leikata kuivia ja kuivia oksia. Voit leikata mukavasti jopa 15 mm paksuja t\u00e4ysin kuivia ja eritt\u00e4in kovia oksia. Ja rasittamatta k\u00e4si\u00e4si liikaa. N\u00e4ill\u00e4 oksasaksilla on my\u00f6s poikkeuksellisen mukava leikata pihkaista puuta, kuten kuusen ja m\u00e4nnyn oksia. T\u00e4m\u00e4n mahdollistaa ter\u00e4n tarttumaton pinnoite.    <\/p>\n<p><em>Saksalainen Berger-tuotemerkki on tunnettu Euroopassa ja maailmalla vuodesta 1919 l\u00e4htien erityisen mukavien ja korkealaatuisten puutarhav\u00e4lineiden valmistajana. Puutarhaty\u00f6kalut valmistetaan edelleen Euroopassa, Saksan Wuppertalissa sijaitsevassa tehtaassa. Valmistuksessa k\u00e4ytet\u00e4\u00e4n vain kest\u00e4vimpi\u00e4 materiaaleja, kuten ruostumatonta ter\u00e4st\u00e4, valettua alumiinia ja puuta.  <\/em><\/p>\n<p><em>Jokainen puutarhuri tiet\u00e4\u00e4, kuinka t\u00e4rke\u00e4\u00e4 on, ett\u00e4 h\u00e4nell\u00e4 on hyv\u00e4 ty\u00f6kalu. Ty\u00f6kaluja voi olla monenlaisia ja erikokoisia, mutta on aina muutama suosikki &#8211; oksasakset, oksasakset tai sahat &#8211; joita k\u00e4yt\u00e4mme mielell\u00e4mme. Ne ovat k\u00e4tevi\u00e4 ja niit\u00e4 on mukava k\u00e4ytt\u00e4\u00e4. Me vain suosimme niit\u00e4.   <\/em><\/p>\n<p><em>Itse asiassa kaikkien ty\u00f6kalujen pit\u00e4isi olla sellaisia, joita on aina hyv\u00e4 k\u00e4ytt\u00e4\u00e4 ja jotka eiv\u00e4t vaivaa k\u00e4si\u00e4. My\u00f6s ammattik\u00e4ytt\u00e4j\u00e4t tiet\u00e4v\u00e4t hyvin eron yksinkertaisen ty\u00f6kalun ja hyv\u00e4n ty\u00f6kalun v\u00e4lill\u00e4. Hyv\u00e4 ty\u00f6kalu ei v\u00e4syt\u00e4 yht\u00e4 paljon kuin yksinkertainen ty\u00f6kalu, edes pitk\u00e4n ty\u00f6p\u00e4iv\u00e4n aikana.  <\/em><\/p>\n<p>Hemmottele itse\u00e4si parhaalla!<\/p>\n<p>Saatavilla on my\u00f6s erilliset sakset naisille, joissa on pienempi kahva. Pid\u00e4 hauskaa! <\/p>\n<h2>T\u00e4rkeimm\u00e4t ominaisuudet:<\/h2>\n<ul>\n<li>Pohjalla varustetut oksasakset erityisen kovien oksien leikkaamiseen<\/li>\n<li>Ruosteen kest\u00e4v\u00e4 ter\u00e4k\u00e4sittely<\/li>\n<li>Tarttumattomat p\u00e4\u00e4llystetyt ter\u00e4t<\/li>\n<li>Malli, jossa on vaihdettavat ter\u00e4t (sek\u00e4 yl\u00e4- ett\u00e4 alater\u00e4t voidaan vaihtaa).<\/li>\n<li>Ergonomisesti muotoiltu kahva takaa miellytt\u00e4v\u00e4n k\u00e4yt\u00f6n<\/li>\n<li>Kiinnitin lukittuu v\u00e4liasentoon, jotta sakset eiv\u00e4t avaudu liian leveiksi hienojen oksien leikkaamista varten. Suojaa k\u00e4tt\u00e4 v\u00e4symykselt\u00e4. <\/li>\n<\/ul>\n<h2>Tekniset tiedot:<\/h2>\n<ul>\n<li>Suurin sopiva oksan halkaisija: 15 mm<\/li>\n<li>Paino: 270 g<\/li>\n<li>Pituus: 195 mm<\/li>\n<\/ul>\n","protected":false},"excerpt":{"rendered":"<p>Pohjalla varustetut oksasakset erityisen kovien ja kuivien oksien leikkaamiseen. Tarttumattoman pinnoitteensa ansiosta n\u00e4m\u00e4 sakset soveltuvat erinomaisesti pihkaisten havupuiden leikkaamiseen. N\u00e4ill\u00e4 Bergerin ammattilaissarjan oksasaksilla, joissa on sipuli, on helppo ja k\u00e4tev\u00e4 leikata kuivia ja kuivia oksia. Voit leikata mukavasti jopa 15 mm paksuja t\u00e4ysin kuivia ja eritt\u00e4in kovia oksia. Ja rasittamatta k\u00e4si\u00e4si liikaa. N\u00e4ill\u00e4 oksasaksilla on my\u00f6s poikkeuksellisen mukava leikata pihkaista puuta, kuten kuusen ja m\u00e4nnyn&#8230;<\/p>\n","protected":false},"featured_media":31286,"template":"","meta":{"_acf_changed":false},"product_brand":[],"product_cat":[1891,1889],"product_tag":[],"class_list":{"0":"post-53317","1":"product","2":"type-product","3":"status-publish","4":"has-post-thumbnail","6":"product_cat-oksasakset","7":"product_cat-puutarhatyokalut","8":"product_shipping_class-toimitus-1-3-tyopaivan-kuluessa","9":"pa_variatsioon-sakset-1110-suora-tera","11":"first","12":"instock","13":"taxable","14":"shipping-taxable","15":"purchasable","16":"product-type-simple"},"acf":[],"yoast_head":"<!-- This site is optimized with the Yoast SEO Premium plugin v27.3 (Yoast SEO v27.3) - https:\/\/yoast.com\/product\/yoast-seo-premium-wordpress\/ -->\n<title>Kuivatun ja kovan puun oksasakset, joissa on alasin 1902 -% Puutarhan oksasakset sauvalla<\/title>\n<meta name=\"description\" content=\"Suorater\u00e4iset sakset Bergerilt\u00e4. Sopii harrastepuutarhureille ja ammattilaisille. Sakset, joissa on suora ter\u00e4 ja vahva ter\u00e4ksen ter\u00e4.\" \/>\n<meta name=\"robots\" content=\"index, follow, max-snippet:-1, max-image-preview:large, max-video-preview:-1\" \/>\n<link rel=\"canonical\" href=\"https:\/\/rodoaed.ee\/fi\/toode\/kuivatun-ja-kovan-puun-oksasakset-joissa-on-alasin-1902\/\" \/>\n<meta property=\"og:locale\" content=\"fi_FI\" \/>\n<meta property=\"og:type\" content=\"article\" \/>\n<meta property=\"og:title\" content=\"Kuivatun ja kovan puun oksasakset, joissa on alasin 1902\" \/>\n<meta property=\"og:description\" content=\"Pohjalla varustetut oksasakset erityisen kovien ja kuivien oksien leikkaamiseen. Tarttumattoman pinnoitteensa ansiosta n\u00e4m\u00e4 sakset soveltuvat\" \/>\n<meta property=\"og:url\" content=\"https:\/\/rodoaed.ee\/fi\/toode\/kuivatun-ja-kovan-puun-oksasakset-joissa-on-alasin-1902\/\" \/>\n<meta property=\"og:site_name\" content=\"Rodoaed\" \/>\n<meta property=\"article:publisher\" content=\"https:\/\/www.facebook.com\/kasvuhooned\/\" \/>\n<meta property=\"article:modified_time\" content=\"2026-04-13T08:03:56+00:00\" \/>\n<meta property=\"og:image\" content=\"https:\/\/rodoaed.ee\/wp-content\/uploads\/2020\/04\/Berger-oksak\u00e4\u00e4rid_1902-1.jpg\" \/>\n\t<meta property=\"og:image:width\" content=\"2048\" \/>\n\t<meta property=\"og:image:height\" content=\"2048\" \/>\n\t<meta property=\"og:image:type\" content=\"image\/jpeg\" \/>\n<meta name=\"twitter:card\" content=\"summary_large_image\" \/>\n<meta name=\"twitter:label1\" content=\"Arvioitu lukuaika\" \/>\n\t<meta name=\"twitter:data1\" content=\"2 minuuttia\" \/>\n<script type=\"application\/ld+json\" class=\"yoast-schema-graph\">{\"@context\":\"https:\\\/\\\/schema.org\",\"@graph\":[{\"@type\":\"WebPage\",\"@id\":\"https:\\\/\\\/rodoaed.ee\\\/fi\\\/toode\\\/kuivatun-ja-kovan-puun-oksasakset-joissa-on-alasin-1902\\\/\",\"url\":\"https:\\\/\\\/rodoaed.ee\\\/fi\\\/toode\\\/kuivatun-ja-kovan-puun-oksasakset-joissa-on-alasin-1902\\\/\",\"name\":\"Kuivatun ja kovan puun oksasakset, joissa on alasin 1902 -% Puutarhan oksasakset sauvalla\",\"isPartOf\":{\"@id\":\"https:\\\/\\\/rodoaed.ee\\\/#website\"},\"primaryImageOfPage\":{\"@id\":\"https:\\\/\\\/rodoaed.ee\\\/fi\\\/toode\\\/kuivatun-ja-kovan-puun-oksasakset-joissa-on-alasin-1902\\\/#primaryimage\"},\"image\":{\"@id\":\"https:\\\/\\\/rodoaed.ee\\\/fi\\\/toode\\\/kuivatun-ja-kovan-puun-oksasakset-joissa-on-alasin-1902\\\/#primaryimage\"},\"thumbnailUrl\":\"https:\\\/\\\/rodoaed.ee\\\/wp-content\\\/uploads\\\/2020\\\/04\\\/Berger-oksak\u00e4\u00e4rid_1902-1.jpg\",\"datePublished\":\"2020-04-02T18:57:45+00:00\",\"dateModified\":\"2026-04-13T08:03:56+00:00\",\"description\":\"Suorater\u00e4iset sakset Bergerilt\u00e4. Sopii harrastepuutarhureille ja ammattilaisille. Sakset, joissa on suora ter\u00e4 ja vahva ter\u00e4ksen ter\u00e4.\",\"breadcrumb\":{\"@id\":\"https:\\\/\\\/rodoaed.ee\\\/fi\\\/toode\\\/kuivatun-ja-kovan-puun-oksasakset-joissa-on-alasin-1902\\\/#breadcrumb\"},\"inLanguage\":\"fi\",\"potentialAction\":[{\"@type\":\"ReadAction\",\"target\":[\"https:\\\/\\\/rodoaed.ee\\\/fi\\\/toode\\\/kuivatun-ja-kovan-puun-oksasakset-joissa-on-alasin-1902\\\/\"]}]},{\"@type\":\"ImageObject\",\"inLanguage\":\"fi\",\"@id\":\"https:\\\/\\\/rodoaed.ee\\\/fi\\\/toode\\\/kuivatun-ja-kovan-puun-oksasakset-joissa-on-alasin-1902\\\/#primaryimage\",\"url\":\"https:\\\/\\\/rodoaed.ee\\\/wp-content\\\/uploads\\\/2020\\\/04\\\/Berger-oksak\u00e4\u00e4rid_1902-1.jpg\",\"contentUrl\":\"https:\\\/\\\/rodoaed.ee\\\/wp-content\\\/uploads\\\/2020\\\/04\\\/Berger-oksak\u00e4\u00e4rid_1902-1.jpg\",\"width\":2048,\"height\":2048},{\"@type\":\"BreadcrumbList\",\"@id\":\"https:\\\/\\\/rodoaed.ee\\\/fi\\\/toode\\\/kuivatun-ja-kovan-puun-oksasakset-joissa-on-alasin-1902\\\/#breadcrumb\",\"itemListElement\":[{\"@type\":\"ListItem\",\"position\":1,\"name\":\"Home\",\"item\":\"https:\\\/\\\/rodoaed.ee\\\/fi\\\/\"},{\"@type\":\"ListItem\",\"position\":2,\"name\":\"Osta osoitteessa\",\"item\":\"https:\\\/\\\/rodoaed.ee\\\/osta-osoitteessa\\\/\"},{\"@type\":\"ListItem\",\"position\":3,\"name\":\"Kuivatun ja kovan puun oksasakset, joissa on alasin 1902\"}]},{\"@type\":\"WebSite\",\"@id\":\"https:\\\/\\\/rodoaed.ee\\\/#website\",\"url\":\"https:\\\/\\\/rodoaed.ee\\\/\",\"name\":\"Rodoaed\",\"description\":\"\",\"publisher\":{\"@id\":\"https:\\\/\\\/rodoaed.ee\\\/#organization\"},\"potentialAction\":[{\"@type\":\"SearchAction\",\"target\":{\"@type\":\"EntryPoint\",\"urlTemplate\":\"https:\\\/\\\/rodoaed.ee\\\/?s={search_term_string}\"},\"query-input\":{\"@type\":\"PropertyValueSpecification\",\"valueRequired\":true,\"valueName\":\"search_term_string\"}}],\"inLanguage\":\"fi\"},{\"@type\":\"Organization\",\"@id\":\"https:\\\/\\\/rodoaed.ee\\\/#organization\",\"name\":\"Rodoaed\",\"url\":\"https:\\\/\\\/rodoaed.ee\\\/\",\"logo\":{\"@type\":\"ImageObject\",\"inLanguage\":\"fi\",\"@id\":\"https:\\\/\\\/rodoaed.ee\\\/#\\\/schema\\\/logo\\\/image\\\/\",\"url\":\"https:\\\/\\\/rodoaed.ee\\\/wp-content\\\/uploads\\\/2019\\\/11\\\/rodoaed-logo-ilma-taustata.jpg\",\"contentUrl\":\"https:\\\/\\\/rodoaed.ee\\\/wp-content\\\/uploads\\\/2019\\\/11\\\/rodoaed-logo-ilma-taustata.jpg\",\"width\":769,\"height\":268,\"caption\":\"Rodoaed\"},\"image\":{\"@id\":\"https:\\\/\\\/rodoaed.ee\\\/#\\\/schema\\\/logo\\\/image\\\/\"},\"sameAs\":[\"https:\\\/\\\/www.facebook.com\\\/kasvuhooned\\\/\",\"https:\\\/\\\/rodoaed.ee\"]}]}<\/script>\n<!-- \/ Yoast SEO Premium plugin. -->","yoast_head_json":{"title":"Kuivatun ja kovan puun oksasakset, joissa on alasin 1902 -% Puutarhan oksasakset sauvalla","description":"Suorater\u00e4iset sakset Bergerilt\u00e4. Sopii harrastepuutarhureille ja ammattilaisille. Sakset, joissa on suora ter\u00e4 ja vahva ter\u00e4ksen ter\u00e4.","robots":{"index":"index","follow":"follow","max-snippet":"max-snippet:-1","max-image-preview":"max-image-preview:large","max-video-preview":"max-video-preview:-1"},"canonical":"https:\/\/rodoaed.ee\/fi\/toode\/kuivatun-ja-kovan-puun-oksasakset-joissa-on-alasin-1902\/","og_locale":"fi_FI","og_type":"article","og_title":"Kuivatun ja kovan puun oksasakset, joissa on alasin 1902","og_description":"Pohjalla varustetut oksasakset erityisen kovien ja kuivien oksien leikkaamiseen. Tarttumattoman pinnoitteensa ansiosta n\u00e4m\u00e4 sakset soveltuvat","og_url":"https:\/\/rodoaed.ee\/fi\/toode\/kuivatun-ja-kovan-puun-oksasakset-joissa-on-alasin-1902\/","og_site_name":"Rodoaed","article_publisher":"https:\/\/www.facebook.com\/kasvuhooned\/","article_modified_time":"2026-04-13T08:03:56+00:00","og_image":[{"width":2048,"height":2048,"url":"https:\/\/rodoaed.ee\/wp-content\/uploads\/2020\/04\/Berger-oksak\u00e4\u00e4rid_1902-1.jpg","type":"image\/jpeg"}],"twitter_card":"summary_large_image","twitter_misc":{"Arvioitu lukuaika":"2 minuuttia"},"schema":{"@context":"https:\/\/schema.org","@graph":[{"@type":"WebPage","@id":"https:\/\/rodoaed.ee\/fi\/toode\/kuivatun-ja-kovan-puun-oksasakset-joissa-on-alasin-1902\/","url":"https:\/\/rodoaed.ee\/fi\/toode\/kuivatun-ja-kovan-puun-oksasakset-joissa-on-alasin-1902\/","name":"Kuivatun ja kovan puun oksasakset, joissa on alasin 1902 -% Puutarhan oksasakset sauvalla","isPartOf":{"@id":"https:\/\/rodoaed.ee\/#website"},"primaryImageOfPage":{"@id":"https:\/\/rodoaed.ee\/fi\/toode\/kuivatun-ja-kovan-puun-oksasakset-joissa-on-alasin-1902\/#primaryimage"},"image":{"@id":"https:\/\/rodoaed.ee\/fi\/toode\/kuivatun-ja-kovan-puun-oksasakset-joissa-on-alasin-1902\/#primaryimage"},"thumbnailUrl":"https:\/\/rodoaed.ee\/wp-content\/uploads\/2020\/04\/Berger-oksak\u00e4\u00e4rid_1902-1.jpg","datePublished":"2020-04-02T18:57:45+00:00","dateModified":"2026-04-13T08:03:56+00:00","description":"Suorater\u00e4iset sakset Bergerilt\u00e4. Sopii harrastepuutarhureille ja ammattilaisille. Sakset, joissa on suora ter\u00e4 ja vahva ter\u00e4ksen ter\u00e4.","breadcrumb":{"@id":"https:\/\/rodoaed.ee\/fi\/toode\/kuivatun-ja-kovan-puun-oksasakset-joissa-on-alasin-1902\/#breadcrumb"},"inLanguage":"fi","potentialAction":[{"@type":"ReadAction","target":["https:\/\/rodoaed.ee\/fi\/toode\/kuivatun-ja-kovan-puun-oksasakset-joissa-on-alasin-1902\/"]}]},{"@type":"ImageObject","inLanguage":"fi","@id":"https:\/\/rodoaed.ee\/fi\/toode\/kuivatun-ja-kovan-puun-oksasakset-joissa-on-alasin-1902\/#primaryimage","url":"https:\/\/rodoaed.ee\/wp-content\/uploads\/2020\/04\/Berger-oksak\u00e4\u00e4rid_1902-1.jpg","contentUrl":"https:\/\/rodoaed.ee\/wp-content\/uploads\/2020\/04\/Berger-oksak\u00e4\u00e4rid_1902-1.jpg","width":2048,"height":2048},{"@type":"BreadcrumbList","@id":"https:\/\/rodoaed.ee\/fi\/toode\/kuivatun-ja-kovan-puun-oksasakset-joissa-on-alasin-1902\/#breadcrumb","itemListElement":[{"@type":"ListItem","position":1,"name":"Home","item":"https:\/\/rodoaed.ee\/fi\/"},{"@type":"ListItem","position":2,"name":"Osta osoitteessa","item":"https:\/\/rodoaed.ee\/osta-osoitteessa\/"},{"@type":"ListItem","position":3,"name":"Kuivatun ja kovan puun oksasakset, joissa on alasin 1902"}]},{"@type":"WebSite","@id":"https:\/\/rodoaed.ee\/#website","url":"https:\/\/rodoaed.ee\/","name":"Rodoaed","description":"","publisher":{"@id":"https:\/\/rodoaed.ee\/#organization"},"potentialAction":[{"@type":"SearchAction","target":{"@type":"EntryPoint","urlTemplate":"https:\/\/rodoaed.ee\/?s={search_term_string}"},"query-input":{"@type":"PropertyValueSpecification","valueRequired":true,"valueName":"search_term_string"}}],"inLanguage":"fi"},{"@type":"Organization","@id":"https:\/\/rodoaed.ee\/#organization","name":"Rodoaed","url":"https:\/\/rodoaed.ee\/","logo":{"@type":"ImageObject","inLanguage":"fi","@id":"https:\/\/rodoaed.ee\/#\/schema\/logo\/image\/","url":"https:\/\/rodoaed.ee\/wp-content\/uploads\/2019\/11\/rodoaed-logo-ilma-taustata.jpg","contentUrl":"https:\/\/rodoaed.ee\/wp-content\/uploads\/2019\/11\/rodoaed-logo-ilma-taustata.jpg","width":769,"height":268,"caption":"Rodoaed"},"image":{"@id":"https:\/\/rodoaed.ee\/#\/schema\/logo\/image\/"},"sameAs":["https:\/\/www.facebook.com\/kasvuhooned\/","https:\/\/rodoaed.ee"]}]}},"_links":{"self":[{"href":"https:\/\/rodoaed.ee\/fi\/wp-json\/wp\/v2\/product\/53317","targetHints":{"allow":["GET"]}}],"collection":[{"href":"https:\/\/rodoaed.ee\/fi\/wp-json\/wp\/v2\/product"}],"about":[{"href":"https:\/\/rodoaed.ee\/fi\/wp-json\/wp\/v2\/types\/product"}],"wp:featuredmedia":[{"embeddable":true,"href":"https:\/\/rodoaed.ee\/fi\/wp-json\/wp\/v2\/media\/31286"}],"wp:attachment":[{"href":"https:\/\/rodoaed.ee\/fi\/wp-json\/wp\/v2\/media?parent=53317"}],"wp:term":[{"taxonomy":"product_brand","embeddable":true,"href":"https:\/\/rodoaed.ee\/fi\/wp-json\/wp\/v2\/product_brand?post=53317"},{"taxonomy":"product_cat","embeddable":true,"href":"https:\/\/rodoaed.ee\/fi\/wp-json\/wp\/v2\/product_cat?post=53317"},{"taxonomy":"product_tag","embeddable":true,"href":"https:\/\/rodoaed.ee\/fi\/wp-json\/wp\/v2\/product_tag?post=53317"}],"curies":[{"name":"wp","href":"https:\/\/api.w.org\/{rel}","templated":true}]}}