{"id":53318,"date":"2020-04-11T11:42:45","date_gmt":"2020-04-11T08:42:45","guid":{"rendered":"https:\/\/rodoaed.ee\/toode\/voikukan-juuren-poisto\/"},"modified":"2026-04-13T11:03:57","modified_gmt":"2026-04-13T08:03:57","slug":"voikukan-juuren-poisto","status":"publish","type":"product","link":"https:\/\/rodoaed.ee\/fi\/tuote\/voikukan-juuren-poisto\/","title":{"rendered":"Voikukan juuren poisto"},"content":{"rendered":"<h2>Voikukat ja muut voimakkaat rikkaruohot voidaan helposti poistaa maasta voikukkaveitsell\u00e4.<\/h2>\n<p>Jos tarvitset hyv\u00e4n voikukan juurten poistoty\u00f6kalun, joka on helppok\u00e4ytt\u00f6inen mutta tarpeeksi vahva saadaksesi syvimm\u00e4t ja karkeimmat juuret. Sitten t\u00e4m\u00e4 on ratkaisu fiksuilta keksij\u00f6ilt\u00e4. Kun haluat poistaa juuren, ty\u00f6nn\u00e4 ty\u00f6kalun ter\u00e4 kyseisen itsep\u00e4isen juuren juurikauluksen alle ja paina, kunnes koko juuri on irrotettu ehj\u00e4n\u00e4 ja ehj\u00e4n\u00e4. Jos saat juuren irti siististi j\u00e4tt\u00e4m\u00e4tt\u00e4 juuren palasia maahan, ei tarvitse my\u00f6hemmin kitke\u00e4. Ongelma ratkaistu.    <\/p>\n<p>\u00c4lykk\u00e4\u00e4sti muotoillun ty\u00f6kalun ansiosta sit\u00e4 on fyysisesti eritt\u00e4in helppo painaa ja ty\u00f6nt\u00e4\u00e4. Mukava ja kest\u00e4v\u00e4 tuhkakahva. <\/p>\n<p><em style=\"font-family: inherit; font-size: inherit; font-variant-caps: inherit;\">Sneeboer &amp; Zn on perinteinen hollantilainen ty\u00f6kaluyritys, joka on valmistanut laadukkaita puutarhaty\u00f6kaluja vuodesta 1913. Sneeboer &amp; Zn valmistaa p\u00e4\u00e4asiassa k\u00e4sin taottuja ruostumattomasta ter\u00e4ksest\u00e4 valmistettuja puutarhaty\u00f6kaluja, joiden k\u00e4ytt\u00f6ik\u00e4 on v\u00e4hint\u00e4\u00e4n yksi sukupolvi. Mutta se, mik\u00e4 tekee heid\u00e4n tuotannostaan hyvin erikoista ja on tehnyt heist\u00e4 maailmankuuluja, on heid\u00e4n sovellusinnovaationsa. T\u00e4m\u00e4 tarkoittaa, ett\u00e4 keksij\u00e4t ymp\u00e4ri maailmaa ovat lis\u00e4nneet omia innovaatioitaan heid\u00e4n tuotevalikoimaansa.    Joskus hyvin innovatiivisia ratkaisuja, joskus melko pieni\u00e4 keksint\u00f6j\u00e4, mutta ne tekev\u00e4t puutarhanhoidosta ja ty\u00f6kalun k\u00e4yt\u00f6st\u00e4 paljon helpompaa.<\/em><\/p>\n<p>Hemmottele itse\u00e4si parhaalla<\/p>\n<h2>Tekniset tiedot:<\/h2>\n<ul>\n<li>Ty\u00f6kalun p\u00e4\u00e4n leveys: 2,5 cm<\/li>\n<li>Ty\u00f6kalun p\u00e4\u00e4n pituus: 15 cm<\/li>\n<li>Kahvan pituus: 14 cm<\/li>\n<li>Kokonaispituus: 30 cm<\/li>\n<li>Kahvan materiaali: saarni<\/li>\n<li>Paino: 200 g<\/li>\n<\/ul>\n<p>&nbsp;<\/p>\n","protected":false},"excerpt":{"rendered":"<p>Voikukat ja muut voimakkaat rikkaruohot voidaan helposti poistaa maasta voikukkaveitsell\u00e4. Jos tarvitset hyv\u00e4n voikukan juurten poistoty\u00f6kalun, joka on helppok\u00e4ytt\u00f6inen mutta tarpeeksi vahva saadaksesi syvimm\u00e4t ja karkeimmat juuret. Sitten t\u00e4m\u00e4 on ratkaisu fiksuilta keksij\u00f6ilt\u00e4. Kun haluat poistaa juuren, ty\u00f6nn\u00e4 ty\u00f6kalun ter\u00e4 kyseisen itsep\u00e4isen juuren juurikauluksen alle ja paina, kunnes koko juuri on irrotettu ehj\u00e4n\u00e4 ja ehj\u00e4n\u00e4. Jos saat juuren irti siististi j\u00e4tt\u00e4m\u00e4tt\u00e4 juuren palasia maahan, ei&#8230;<\/p>\n","protected":false},"featured_media":31483,"template":"","meta":{"_acf_changed":false},"product_brand":[],"product_cat":[2193,1889],"product_tag":[],"class_list":{"0":"post-53318","1":"product","2":"type-product","3":"status-publish","4":"has-post-thumbnail","6":"product_cat-nykyt-ja-kokkareet","7":"product_cat-puutarhatyokalut","8":"product_shipping_class-toimitus-1-3-tyopaivan-kuluessa","9":"pa_variatsioon-kahva-10cm-tuhkapuun-kahva","11":"first","12":"onbackorder","13":"taxable","14":"shipping-taxable","15":"purchasable","16":"product-type-simple"},"acf":[],"yoast_head":"<!-- This site is optimized with the Yoast SEO Premium plugin v27.3 (Yoast SEO v27.3) - https:\/\/yoast.com\/product\/yoast-seo-premium-wordpress\/ -->\n<title>Voikukan juuren poisto -% Voikukka- ja tuhkakahvainen kelkka<\/title>\n<meta name=\"description\" content=\"Voikukkaleikkuri on ruostumattomasta ter\u00e4ksest\u00e4 ja tuhkapuusta valmistettu ty\u00f6kalu, jolla voikukan juuret on helppo poistaa. Voikukkaveitsi on valmistettu ruostumattomasta ter\u00e4ksest\u00e4.\" \/>\n<meta name=\"robots\" content=\"index, follow, max-snippet:-1, max-image-preview:large, max-video-preview:-1\" \/>\n<link rel=\"canonical\" href=\"https:\/\/rodoaed.ee\/fi\/toode\/voikukan-juuren-poisto\/\" \/>\n<meta property=\"og:locale\" content=\"fi_FI\" \/>\n<meta property=\"og:type\" content=\"article\" \/>\n<meta property=\"og:title\" content=\"Voikukan juuren poisto\" \/>\n<meta property=\"og:description\" content=\"Voikukat ja muut voimakkaat rikkaruohot voidaan helposti poistaa maasta voikukkaveitsell\u00e4. Jos tarvitset hyv\u00e4n voikukan juurten poistoty\u00f6kalun, joka on\" \/>\n<meta property=\"og:url\" content=\"https:\/\/rodoaed.ee\/fi\/toode\/voikukan-juuren-poisto\/\" \/>\n<meta property=\"og:site_name\" content=\"Rodoaed\" \/>\n<meta property=\"article:publisher\" content=\"https:\/\/www.facebook.com\/kasvuhooned\/\" \/>\n<meta property=\"article:modified_time\" content=\"2026-04-13T08:03:57+00:00\" \/>\n<meta property=\"og:image\" content=\"https:\/\/rodoaed.ee\/wp-content\/uploads\/2020\/04\/v\u00f5ilillenuga_8016_140250_01.jpg\" \/>\n\t<meta property=\"og:image:width\" content=\"2376\" \/>\n\t<meta property=\"og:image:height\" content=\"2376\" \/>\n\t<meta property=\"og:image:type\" content=\"image\/jpeg\" \/>\n<meta name=\"twitter:card\" content=\"summary_large_image\" \/>\n<meta name=\"twitter:label1\" content=\"Arvioitu lukuaika\" \/>\n\t<meta name=\"twitter:data1\" content=\"1 minuutti\" \/>\n<script type=\"application\/ld+json\" class=\"yoast-schema-graph\">{\"@context\":\"https:\\\/\\\/schema.org\",\"@graph\":[{\"@type\":\"WebPage\",\"@id\":\"https:\\\/\\\/rodoaed.ee\\\/fi\\\/toode\\\/voikukan-juuren-poisto\\\/\",\"url\":\"https:\\\/\\\/rodoaed.ee\\\/fi\\\/toode\\\/voikukan-juuren-poisto\\\/\",\"name\":\"Voikukan juuren poisto -% Voikukka- ja tuhkakahvainen kelkka\",\"isPartOf\":{\"@id\":\"https:\\\/\\\/rodoaed.ee\\\/#website\"},\"primaryImageOfPage\":{\"@id\":\"https:\\\/\\\/rodoaed.ee\\\/fi\\\/toode\\\/voikukan-juuren-poisto\\\/#primaryimage\"},\"image\":{\"@id\":\"https:\\\/\\\/rodoaed.ee\\\/fi\\\/toode\\\/voikukan-juuren-poisto\\\/#primaryimage\"},\"thumbnailUrl\":\"https:\\\/\\\/rodoaed.ee\\\/wp-content\\\/uploads\\\/2020\\\/04\\\/v\u00f5ilillenuga_8016_140250_01.jpg\",\"datePublished\":\"2020-04-11T08:42:45+00:00\",\"dateModified\":\"2026-04-13T08:03:57+00:00\",\"description\":\"Voikukkaleikkuri on ruostumattomasta ter\u00e4ksest\u00e4 ja tuhkapuusta valmistettu ty\u00f6kalu, jolla voikukan juuret on helppo poistaa. Voikukkaveitsi on valmistettu ruostumattomasta ter\u00e4ksest\u00e4.\",\"breadcrumb\":{\"@id\":\"https:\\\/\\\/rodoaed.ee\\\/fi\\\/toode\\\/voikukan-juuren-poisto\\\/#breadcrumb\"},\"inLanguage\":\"fi\",\"potentialAction\":[{\"@type\":\"ReadAction\",\"target\":[\"https:\\\/\\\/rodoaed.ee\\\/fi\\\/toode\\\/voikukan-juuren-poisto\\\/\"]}]},{\"@type\":\"ImageObject\",\"inLanguage\":\"fi\",\"@id\":\"https:\\\/\\\/rodoaed.ee\\\/fi\\\/toode\\\/voikukan-juuren-poisto\\\/#primaryimage\",\"url\":\"https:\\\/\\\/rodoaed.ee\\\/wp-content\\\/uploads\\\/2020\\\/04\\\/v\u00f5ilillenuga_8016_140250_01.jpg\",\"contentUrl\":\"https:\\\/\\\/rodoaed.ee\\\/wp-content\\\/uploads\\\/2020\\\/04\\\/v\u00f5ilillenuga_8016_140250_01.jpg\",\"width\":2376,\"height\":2376,\"caption\":\"OLYMPUS DIGITAL CAMERA\"},{\"@type\":\"BreadcrumbList\",\"@id\":\"https:\\\/\\\/rodoaed.ee\\\/fi\\\/toode\\\/voikukan-juuren-poisto\\\/#breadcrumb\",\"itemListElement\":[{\"@type\":\"ListItem\",\"position\":1,\"name\":\"Home\",\"item\":\"https:\\\/\\\/rodoaed.ee\\\/fi\\\/\"},{\"@type\":\"ListItem\",\"position\":2,\"name\":\"Osta osoitteessa\",\"item\":\"https:\\\/\\\/rodoaed.ee\\\/osta-osoitteessa\\\/\"},{\"@type\":\"ListItem\",\"position\":3,\"name\":\"Voikukan juuren poisto\"}]},{\"@type\":\"WebSite\",\"@id\":\"https:\\\/\\\/rodoaed.ee\\\/#website\",\"url\":\"https:\\\/\\\/rodoaed.ee\\\/\",\"name\":\"Rodoaed\",\"description\":\"\",\"publisher\":{\"@id\":\"https:\\\/\\\/rodoaed.ee\\\/#organization\"},\"potentialAction\":[{\"@type\":\"SearchAction\",\"target\":{\"@type\":\"EntryPoint\",\"urlTemplate\":\"https:\\\/\\\/rodoaed.ee\\\/?s={search_term_string}\"},\"query-input\":{\"@type\":\"PropertyValueSpecification\",\"valueRequired\":true,\"valueName\":\"search_term_string\"}}],\"inLanguage\":\"fi\"},{\"@type\":\"Organization\",\"@id\":\"https:\\\/\\\/rodoaed.ee\\\/#organization\",\"name\":\"Rodoaed\",\"url\":\"https:\\\/\\\/rodoaed.ee\\\/\",\"logo\":{\"@type\":\"ImageObject\",\"inLanguage\":\"fi\",\"@id\":\"https:\\\/\\\/rodoaed.ee\\\/#\\\/schema\\\/logo\\\/image\\\/\",\"url\":\"https:\\\/\\\/rodoaed.ee\\\/wp-content\\\/uploads\\\/2019\\\/11\\\/rodoaed-logo-ilma-taustata.jpg\",\"contentUrl\":\"https:\\\/\\\/rodoaed.ee\\\/wp-content\\\/uploads\\\/2019\\\/11\\\/rodoaed-logo-ilma-taustata.jpg\",\"width\":769,\"height\":268,\"caption\":\"Rodoaed\"},\"image\":{\"@id\":\"https:\\\/\\\/rodoaed.ee\\\/#\\\/schema\\\/logo\\\/image\\\/\"},\"sameAs\":[\"https:\\\/\\\/www.facebook.com\\\/kasvuhooned\\\/\",\"https:\\\/\\\/rodoaed.ee\"]}]}<\/script>\n<!-- \/ Yoast SEO Premium plugin. -->","yoast_head_json":{"title":"Voikukan juuren poisto -% Voikukka- ja tuhkakahvainen kelkka","description":"Voikukkaleikkuri on ruostumattomasta ter\u00e4ksest\u00e4 ja tuhkapuusta valmistettu ty\u00f6kalu, jolla voikukan juuret on helppo poistaa. Voikukkaveitsi on valmistettu ruostumattomasta ter\u00e4ksest\u00e4.","robots":{"index":"index","follow":"follow","max-snippet":"max-snippet:-1","max-image-preview":"max-image-preview:large","max-video-preview":"max-video-preview:-1"},"canonical":"https:\/\/rodoaed.ee\/fi\/toode\/voikukan-juuren-poisto\/","og_locale":"fi_FI","og_type":"article","og_title":"Voikukan juuren poisto","og_description":"Voikukat ja muut voimakkaat rikkaruohot voidaan helposti poistaa maasta voikukkaveitsell\u00e4. Jos tarvitset hyv\u00e4n voikukan juurten poistoty\u00f6kalun, joka on","og_url":"https:\/\/rodoaed.ee\/fi\/toode\/voikukan-juuren-poisto\/","og_site_name":"Rodoaed","article_publisher":"https:\/\/www.facebook.com\/kasvuhooned\/","article_modified_time":"2026-04-13T08:03:57+00:00","og_image":[{"width":2376,"height":2376,"url":"https:\/\/rodoaed.ee\/wp-content\/uploads\/2020\/04\/v\u00f5ilillenuga_8016_140250_01.jpg","type":"image\/jpeg"}],"twitter_card":"summary_large_image","twitter_misc":{"Arvioitu lukuaika":"1 minuutti"},"schema":{"@context":"https:\/\/schema.org","@graph":[{"@type":"WebPage","@id":"https:\/\/rodoaed.ee\/fi\/toode\/voikukan-juuren-poisto\/","url":"https:\/\/rodoaed.ee\/fi\/toode\/voikukan-juuren-poisto\/","name":"Voikukan juuren poisto -% Voikukka- ja tuhkakahvainen kelkka","isPartOf":{"@id":"https:\/\/rodoaed.ee\/#website"},"primaryImageOfPage":{"@id":"https:\/\/rodoaed.ee\/fi\/toode\/voikukan-juuren-poisto\/#primaryimage"},"image":{"@id":"https:\/\/rodoaed.ee\/fi\/toode\/voikukan-juuren-poisto\/#primaryimage"},"thumbnailUrl":"https:\/\/rodoaed.ee\/wp-content\/uploads\/2020\/04\/v\u00f5ilillenuga_8016_140250_01.jpg","datePublished":"2020-04-11T08:42:45+00:00","dateModified":"2026-04-13T08:03:57+00:00","description":"Voikukkaleikkuri on ruostumattomasta ter\u00e4ksest\u00e4 ja tuhkapuusta valmistettu ty\u00f6kalu, jolla voikukan juuret on helppo poistaa. Voikukkaveitsi on valmistettu ruostumattomasta ter\u00e4ksest\u00e4.","breadcrumb":{"@id":"https:\/\/rodoaed.ee\/fi\/toode\/voikukan-juuren-poisto\/#breadcrumb"},"inLanguage":"fi","potentialAction":[{"@type":"ReadAction","target":["https:\/\/rodoaed.ee\/fi\/toode\/voikukan-juuren-poisto\/"]}]},{"@type":"ImageObject","inLanguage":"fi","@id":"https:\/\/rodoaed.ee\/fi\/toode\/voikukan-juuren-poisto\/#primaryimage","url":"https:\/\/rodoaed.ee\/wp-content\/uploads\/2020\/04\/v\u00f5ilillenuga_8016_140250_01.jpg","contentUrl":"https:\/\/rodoaed.ee\/wp-content\/uploads\/2020\/04\/v\u00f5ilillenuga_8016_140250_01.jpg","width":2376,"height":2376,"caption":"OLYMPUS DIGITAL CAMERA"},{"@type":"BreadcrumbList","@id":"https:\/\/rodoaed.ee\/fi\/toode\/voikukan-juuren-poisto\/#breadcrumb","itemListElement":[{"@type":"ListItem","position":1,"name":"Home","item":"https:\/\/rodoaed.ee\/fi\/"},{"@type":"ListItem","position":2,"name":"Osta osoitteessa","item":"https:\/\/rodoaed.ee\/osta-osoitteessa\/"},{"@type":"ListItem","position":3,"name":"Voikukan juuren poisto"}]},{"@type":"WebSite","@id":"https:\/\/rodoaed.ee\/#website","url":"https:\/\/rodoaed.ee\/","name":"Rodoaed","description":"","publisher":{"@id":"https:\/\/rodoaed.ee\/#organization"},"potentialAction":[{"@type":"SearchAction","target":{"@type":"EntryPoint","urlTemplate":"https:\/\/rodoaed.ee\/?s={search_term_string}"},"query-input":{"@type":"PropertyValueSpecification","valueRequired":true,"valueName":"search_term_string"}}],"inLanguage":"fi"},{"@type":"Organization","@id":"https:\/\/rodoaed.ee\/#organization","name":"Rodoaed","url":"https:\/\/rodoaed.ee\/","logo":{"@type":"ImageObject","inLanguage":"fi","@id":"https:\/\/rodoaed.ee\/#\/schema\/logo\/image\/","url":"https:\/\/rodoaed.ee\/wp-content\/uploads\/2019\/11\/rodoaed-logo-ilma-taustata.jpg","contentUrl":"https:\/\/rodoaed.ee\/wp-content\/uploads\/2019\/11\/rodoaed-logo-ilma-taustata.jpg","width":769,"height":268,"caption":"Rodoaed"},"image":{"@id":"https:\/\/rodoaed.ee\/#\/schema\/logo\/image\/"},"sameAs":["https:\/\/www.facebook.com\/kasvuhooned\/","https:\/\/rodoaed.ee"]}]}},"_links":{"self":[{"href":"https:\/\/rodoaed.ee\/fi\/wp-json\/wp\/v2\/product\/53318","targetHints":{"allow":["GET"]}}],"collection":[{"href":"https:\/\/rodoaed.ee\/fi\/wp-json\/wp\/v2\/product"}],"about":[{"href":"https:\/\/rodoaed.ee\/fi\/wp-json\/wp\/v2\/types\/product"}],"wp:featuredmedia":[{"embeddable":true,"href":"https:\/\/rodoaed.ee\/fi\/wp-json\/wp\/v2\/media\/31483"}],"wp:attachment":[{"href":"https:\/\/rodoaed.ee\/fi\/wp-json\/wp\/v2\/media?parent=53318"}],"wp:term":[{"taxonomy":"product_brand","embeddable":true,"href":"https:\/\/rodoaed.ee\/fi\/wp-json\/wp\/v2\/product_brand?post=53318"},{"taxonomy":"product_cat","embeddable":true,"href":"https:\/\/rodoaed.ee\/fi\/wp-json\/wp\/v2\/product_cat?post=53318"},{"taxonomy":"product_tag","embeddable":true,"href":"https:\/\/rodoaed.ee\/fi\/wp-json\/wp\/v2\/product_tag?post=53318"}],"curies":[{"name":"wp","href":"https:\/\/api.w.org\/{rel}","templated":true}]}}