{"id":53322,"date":"2020-04-13T13:52:19","date_gmt":"2020-04-13T10:52:19","guid":{"rendered":"https:\/\/rodoaed.ee\/toode\/ruostumattomasta-teraksesta-valmistettu-75-cmn-kuorman-runko-jossa-on-tuhkapuun-kahva\/"},"modified":"2026-04-13T11:04:00","modified_gmt":"2026-04-13T08:04:00","slug":"ruostumattomasta-teraksesta-valmistettu-75-cmn-kuorman-runko-jossa-on-tuhkapuun-kahva","status":"publish","type":"product","link":"https:\/\/rodoaed.ee\/fi\/tuote\/ruostumattomasta-teraksesta-valmistettu-75-cmn-kuorman-runko-jossa-on-tuhkapuun-kahva\/","title":{"rendered":"Ruostumattomasta ter\u00e4ksest\u00e4 valmistettu 75 cm:n kuorman runko, jossa on tuhkapuun kahva"},"content":{"rendered":"<h2>Kevyt ja k\u00e4tev\u00e4 ruostumattomasta ter\u00e4ksest\u00e4 valmistettu ter\u00e4. Jokaisen lapsen unelma. <\/h2>\n<h2>Loistava lahja kenelle tahansa lapselle. Se muistetaan my\u00f6s aikuisena. <\/h2>\n<p>Lapset haluavat my\u00f6s ty\u00f6skennell\u00e4 puutarhassa kanssamme, mutta ty\u00f6kalumme ovat heille liian isoja ja hankalia. Lapsilla on oltava omat, oikean kokoiset ja painoiset puutarhaty\u00f6kalut, kuten lasten lapio ja lasten kaivuuhaka. <\/p>\n<p><em style=\"font-family: inherit; font-size: inherit; font-variant-caps: inherit;\">Sneeboer &amp; Zn on perinteinen hollantilainen ty\u00f6kaluyritys, joka on valmistanut laadukkaita puutarhaty\u00f6kaluja vuodesta 1913. Sneeboer &amp; Zn valmistaa p\u00e4\u00e4asiassa k\u00e4sin taottuja ruostumattomasta ter\u00e4ksest\u00e4 valmistettuja puutarhaty\u00f6kaluja, joiden k\u00e4ytt\u00f6ik\u00e4 on v\u00e4hint\u00e4\u00e4n yksi sukupolvi. Mutta se, mik\u00e4 tekee heid\u00e4n tuotannostaan hyvin erikoista ja on tehnyt heist\u00e4 maailmankuuluja, on heid\u00e4n sovellusinnovaationsa. T\u00e4m\u00e4 tarkoittaa, ett\u00e4 keksij\u00e4t ymp\u00e4ri maailmaa ovat lis\u00e4nneet omia innovaatioitaan heid\u00e4n tuotevalikoimaansa.    Joskus hyvin innovatiivisia ratkaisuja, joskus melko pieni\u00e4 keksint\u00f6j\u00e4, mutta ne tekev\u00e4t puutarhanhoidosta ja ty\u00f6kalun k\u00e4yt\u00f6st\u00e4 paljon helpompaa.<\/em><\/p>\n<h2>Tekniset tiedot:<\/h2>\n<ul>\n<li>Ty\u00f6kalun p\u00e4\u00e4n leveys: 13,5 cm<\/li>\n<li>Ty\u00f6kalun p\u00e4\u00e4n pituus: 7,5 cm<\/li>\n<li>Kahvan pituus: 75 cm<\/li>\n<li>Kokonaispituus: 80 cm<\/li>\n<li>Rengasrivien lukum\u00e4\u00e4r\u00e4: 5<\/li>\n<li>Kahvan materiaali: saarni<\/li>\n<li>Paino: 0,4 kg<\/li>\n<\/ul>\n","protected":false},"excerpt":{"rendered":"<p>Kevyt ja k\u00e4tev\u00e4 ruostumattomasta ter\u00e4ksest\u00e4 valmistettu ter\u00e4. Jokaisen lapsen unelma. Loistava lahja kenelle tahansa lapselle. Se muistetaan my\u00f6s aikuisena. Lapset haluavat my\u00f6s ty\u00f6skennell\u00e4 puutarhassa kanssamme, mutta ty\u00f6kalumme ovat heille liian isoja ja hankalia. Lapsilla on oltava omat, oikean kokoiset ja painoiset puutarhaty\u00f6kalut, kuten lasten lapio ja lasten kaivuuhaka. Sneeboer &amp; Zn on perinteinen hollantilainen ty\u00f6kaluyritys, joka on valmistanut laadukkaita puutarhaty\u00f6kaluja vuodesta 1913. Sneeboer &amp; Zn&#8230;<\/p>\n","protected":false},"featured_media":31572,"template":"","meta":{"_acf_changed":false},"product_brand":[],"product_cat":[1785,1779,1743,1889,1786,1745],"product_tag":[],"class_list":{"0":"post-53322","1":"product","2":"type-product","3":"status-publish","4":"has-post-thumbnail","6":"product_cat-lahjat-lapsille-6-12a","7":"product_cat-lelut-puutarhassa","8":"product_cat-lisalahjat-lahjat","9":"product_cat-puutarhatyokalut","10":"product_cat-puutarhatyokalut-lapsille","11":"product_cat-suuri-varaston-tyhjennysmyynti","12":"product_shipping_class-kuljetus-ainoastaan-kuriiripalvelun-valityksella","13":"pa_variatsioon-kuormarunko-ruostumaton-varsi-saarnipuuta","15":"first","16":"instock","17":"sale","18":"taxable","19":"shipping-taxable","20":"purchasable","21":"product-type-simple"},"acf":[],"yoast_head":"<!-- This site is optimized with the Yoast SEO Premium plugin v27.3 (Yoast SEO v27.3) - https:\/\/yoast.com\/product\/yoast-seo-premium-wordpress\/ -->\n<title>Ruostumattomasta ter\u00e4ksest\u00e4 valmistettu 75 cm:n kuorman runko, jossa on tuhkapuun kahva - Rodoaed<\/title>\n<meta name=\"description\" content=\"Kuorma-auton runko, jossa on ruostumattomasta ter\u00e4ksest\u00e4 valmistettu tuhkapuun kahva, on jokaisen lapsen unelma. Anna lapsellesi kunnollinen kuorma-auton runko, joka on mukava ja kest\u00e4\u00e4.\" \/>\n<meta name=\"robots\" content=\"index, follow, max-snippet:-1, max-image-preview:large, max-video-preview:-1\" \/>\n<link rel=\"canonical\" href=\"https:\/\/rodoaed.ee\/fi\/toode\/ruostumattomasta-teraksesta-valmistettu-75-cmn-kuorman-runko-jossa-on-tuhkapuun-kahva\/\" \/>\n<meta property=\"og:locale\" content=\"fi_FI\" \/>\n<meta property=\"og:type\" content=\"article\" \/>\n<meta property=\"og:title\" content=\"Ruostumattomasta ter\u00e4ksest\u00e4 valmistettu 75 cm:n kuorman runko, jossa on tuhkapuun kahva\" \/>\n<meta property=\"og:description\" content=\"Kevyt ja k\u00e4tev\u00e4 ruostumattomasta ter\u00e4ksest\u00e4 valmistettu ter\u00e4. Jokaisen lapsen unelma. Loistava lahja kenelle tahansa lapselle. Se muistetaan my\u00f6s\" \/>\n<meta property=\"og:url\" content=\"https:\/\/rodoaed.ee\/fi\/toode\/ruostumattomasta-teraksesta-valmistettu-75-cmn-kuorman-runko-jossa-on-tuhkapuun-kahva\/\" \/>\n<meta property=\"og:site_name\" content=\"Rodoaed\" \/>\n<meta property=\"article:publisher\" content=\"https:\/\/www.facebook.com\/kasvuhooned\/\" \/>\n<meta property=\"article:modified_time\" content=\"2026-04-13T08:04:00+00:00\" \/>\n<meta property=\"og:image\" content=\"https:\/\/rodoaed.ee\/wp-content\/uploads\/2020\/04\/lastereha_504-210504_3.jpg\" \/>\n\t<meta property=\"og:image:width\" content=\"2143\" \/>\n\t<meta property=\"og:image:height\" content=\"2143\" \/>\n\t<meta property=\"og:image:type\" content=\"image\/jpeg\" \/>\n<meta name=\"twitter:card\" content=\"summary_large_image\" \/>\n<meta name=\"twitter:label1\" content=\"Arvioitu lukuaika\" \/>\n\t<meta name=\"twitter:data1\" content=\"1 minuutti\" \/>\n<script type=\"application\/ld+json\" class=\"yoast-schema-graph\">{\"@context\":\"https:\\\/\\\/schema.org\",\"@graph\":[{\"@type\":\"WebPage\",\"@id\":\"https:\\\/\\\/rodoaed.ee\\\/fi\\\/toode\\\/ruostumattomasta-teraksesta-valmistettu-75-cmn-kuorman-runko-jossa-on-tuhkapuun-kahva\\\/\",\"url\":\"https:\\\/\\\/rodoaed.ee\\\/fi\\\/toode\\\/ruostumattomasta-teraksesta-valmistettu-75-cmn-kuorman-runko-jossa-on-tuhkapuun-kahva\\\/\",\"name\":\"Ruostumattomasta ter\u00e4ksest\u00e4 valmistettu 75 cm:n kuorman runko, jossa on tuhkapuun kahva - Rodoaed\",\"isPartOf\":{\"@id\":\"https:\\\/\\\/rodoaed.ee\\\/#website\"},\"primaryImageOfPage\":{\"@id\":\"https:\\\/\\\/rodoaed.ee\\\/fi\\\/toode\\\/ruostumattomasta-teraksesta-valmistettu-75-cmn-kuorman-runko-jossa-on-tuhkapuun-kahva\\\/#primaryimage\"},\"image\":{\"@id\":\"https:\\\/\\\/rodoaed.ee\\\/fi\\\/toode\\\/ruostumattomasta-teraksesta-valmistettu-75-cmn-kuorman-runko-jossa-on-tuhkapuun-kahva\\\/#primaryimage\"},\"thumbnailUrl\":\"https:\\\/\\\/rodoaed.ee\\\/wp-content\\\/uploads\\\/2020\\\/04\\\/lastereha_504-210504_3.jpg\",\"datePublished\":\"2020-04-13T10:52:19+00:00\",\"dateModified\":\"2026-04-13T08:04:00+00:00\",\"description\":\"Kuorma-auton runko, jossa on ruostumattomasta ter\u00e4ksest\u00e4 valmistettu tuhkapuun kahva, on jokaisen lapsen unelma. Anna lapsellesi kunnollinen kuorma-auton runko, joka on mukava ja kest\u00e4\u00e4.\",\"breadcrumb\":{\"@id\":\"https:\\\/\\\/rodoaed.ee\\\/fi\\\/toode\\\/ruostumattomasta-teraksesta-valmistettu-75-cmn-kuorman-runko-jossa-on-tuhkapuun-kahva\\\/#breadcrumb\"},\"inLanguage\":\"fi\",\"potentialAction\":[{\"@type\":\"ReadAction\",\"target\":[\"https:\\\/\\\/rodoaed.ee\\\/fi\\\/toode\\\/ruostumattomasta-teraksesta-valmistettu-75-cmn-kuorman-runko-jossa-on-tuhkapuun-kahva\\\/\"]}]},{\"@type\":\"ImageObject\",\"inLanguage\":\"fi\",\"@id\":\"https:\\\/\\\/rodoaed.ee\\\/fi\\\/toode\\\/ruostumattomasta-teraksesta-valmistettu-75-cmn-kuorman-runko-jossa-on-tuhkapuun-kahva\\\/#primaryimage\",\"url\":\"https:\\\/\\\/rodoaed.ee\\\/wp-content\\\/uploads\\\/2020\\\/04\\\/lastereha_504-210504_3.jpg\",\"contentUrl\":\"https:\\\/\\\/rodoaed.ee\\\/wp-content\\\/uploads\\\/2020\\\/04\\\/lastereha_504-210504_3.jpg\",\"width\":2143,\"height\":2143,\"caption\":\"OLYMPUS DIGITAL CAMERA\"},{\"@type\":\"BreadcrumbList\",\"@id\":\"https:\\\/\\\/rodoaed.ee\\\/fi\\\/toode\\\/ruostumattomasta-teraksesta-valmistettu-75-cmn-kuorman-runko-jossa-on-tuhkapuun-kahva\\\/#breadcrumb\",\"itemListElement\":[{\"@type\":\"ListItem\",\"position\":1,\"name\":\"Home\",\"item\":\"https:\\\/\\\/rodoaed.ee\\\/fi\\\/\"},{\"@type\":\"ListItem\",\"position\":2,\"name\":\"Osta osoitteessa\",\"item\":\"https:\\\/\\\/rodoaed.ee\\\/osta-osoitteessa\\\/\"},{\"@type\":\"ListItem\",\"position\":3,\"name\":\"Ruostumattomasta ter\u00e4ksest\u00e4 valmistettu 75 cm:n kuorman runko, jossa on tuhkapuun kahva\"}]},{\"@type\":\"WebSite\",\"@id\":\"https:\\\/\\\/rodoaed.ee\\\/#website\",\"url\":\"https:\\\/\\\/rodoaed.ee\\\/\",\"name\":\"Rodoaed\",\"description\":\"\",\"publisher\":{\"@id\":\"https:\\\/\\\/rodoaed.ee\\\/#organization\"},\"potentialAction\":[{\"@type\":\"SearchAction\",\"target\":{\"@type\":\"EntryPoint\",\"urlTemplate\":\"https:\\\/\\\/rodoaed.ee\\\/?s={search_term_string}\"},\"query-input\":{\"@type\":\"PropertyValueSpecification\",\"valueRequired\":true,\"valueName\":\"search_term_string\"}}],\"inLanguage\":\"fi\"},{\"@type\":\"Organization\",\"@id\":\"https:\\\/\\\/rodoaed.ee\\\/#organization\",\"name\":\"Rodoaed\",\"url\":\"https:\\\/\\\/rodoaed.ee\\\/\",\"logo\":{\"@type\":\"ImageObject\",\"inLanguage\":\"fi\",\"@id\":\"https:\\\/\\\/rodoaed.ee\\\/#\\\/schema\\\/logo\\\/image\\\/\",\"url\":\"https:\\\/\\\/rodoaed.ee\\\/wp-content\\\/uploads\\\/2019\\\/11\\\/rodoaed-logo-ilma-taustata.jpg\",\"contentUrl\":\"https:\\\/\\\/rodoaed.ee\\\/wp-content\\\/uploads\\\/2019\\\/11\\\/rodoaed-logo-ilma-taustata.jpg\",\"width\":769,\"height\":268,\"caption\":\"Rodoaed\"},\"image\":{\"@id\":\"https:\\\/\\\/rodoaed.ee\\\/#\\\/schema\\\/logo\\\/image\\\/\"},\"sameAs\":[\"https:\\\/\\\/www.facebook.com\\\/kasvuhooned\\\/\",\"https:\\\/\\\/rodoaed.ee\"]}]}<\/script>\n<!-- \/ Yoast SEO Premium plugin. -->","yoast_head_json":{"title":"Ruostumattomasta ter\u00e4ksest\u00e4 valmistettu 75 cm:n kuorman runko, jossa on tuhkapuun kahva - Rodoaed","description":"Kuorma-auton runko, jossa on ruostumattomasta ter\u00e4ksest\u00e4 valmistettu tuhkapuun kahva, on jokaisen lapsen unelma. Anna lapsellesi kunnollinen kuorma-auton runko, joka on mukava ja kest\u00e4\u00e4.","robots":{"index":"index","follow":"follow","max-snippet":"max-snippet:-1","max-image-preview":"max-image-preview:large","max-video-preview":"max-video-preview:-1"},"canonical":"https:\/\/rodoaed.ee\/fi\/toode\/ruostumattomasta-teraksesta-valmistettu-75-cmn-kuorman-runko-jossa-on-tuhkapuun-kahva\/","og_locale":"fi_FI","og_type":"article","og_title":"Ruostumattomasta ter\u00e4ksest\u00e4 valmistettu 75 cm:n kuorman runko, jossa on tuhkapuun kahva","og_description":"Kevyt ja k\u00e4tev\u00e4 ruostumattomasta ter\u00e4ksest\u00e4 valmistettu ter\u00e4. Jokaisen lapsen unelma. Loistava lahja kenelle tahansa lapselle. Se muistetaan my\u00f6s","og_url":"https:\/\/rodoaed.ee\/fi\/toode\/ruostumattomasta-teraksesta-valmistettu-75-cmn-kuorman-runko-jossa-on-tuhkapuun-kahva\/","og_site_name":"Rodoaed","article_publisher":"https:\/\/www.facebook.com\/kasvuhooned\/","article_modified_time":"2026-04-13T08:04:00+00:00","og_image":[{"width":2143,"height":2143,"url":"https:\/\/rodoaed.ee\/wp-content\/uploads\/2020\/04\/lastereha_504-210504_3.jpg","type":"image\/jpeg"}],"twitter_card":"summary_large_image","twitter_misc":{"Arvioitu lukuaika":"1 minuutti"},"schema":{"@context":"https:\/\/schema.org","@graph":[{"@type":"WebPage","@id":"https:\/\/rodoaed.ee\/fi\/toode\/ruostumattomasta-teraksesta-valmistettu-75-cmn-kuorman-runko-jossa-on-tuhkapuun-kahva\/","url":"https:\/\/rodoaed.ee\/fi\/toode\/ruostumattomasta-teraksesta-valmistettu-75-cmn-kuorman-runko-jossa-on-tuhkapuun-kahva\/","name":"Ruostumattomasta ter\u00e4ksest\u00e4 valmistettu 75 cm:n kuorman runko, jossa on tuhkapuun kahva - Rodoaed","isPartOf":{"@id":"https:\/\/rodoaed.ee\/#website"},"primaryImageOfPage":{"@id":"https:\/\/rodoaed.ee\/fi\/toode\/ruostumattomasta-teraksesta-valmistettu-75-cmn-kuorman-runko-jossa-on-tuhkapuun-kahva\/#primaryimage"},"image":{"@id":"https:\/\/rodoaed.ee\/fi\/toode\/ruostumattomasta-teraksesta-valmistettu-75-cmn-kuorman-runko-jossa-on-tuhkapuun-kahva\/#primaryimage"},"thumbnailUrl":"https:\/\/rodoaed.ee\/wp-content\/uploads\/2020\/04\/lastereha_504-210504_3.jpg","datePublished":"2020-04-13T10:52:19+00:00","dateModified":"2026-04-13T08:04:00+00:00","description":"Kuorma-auton runko, jossa on ruostumattomasta ter\u00e4ksest\u00e4 valmistettu tuhkapuun kahva, on jokaisen lapsen unelma. Anna lapsellesi kunnollinen kuorma-auton runko, joka on mukava ja kest\u00e4\u00e4.","breadcrumb":{"@id":"https:\/\/rodoaed.ee\/fi\/toode\/ruostumattomasta-teraksesta-valmistettu-75-cmn-kuorman-runko-jossa-on-tuhkapuun-kahva\/#breadcrumb"},"inLanguage":"fi","potentialAction":[{"@type":"ReadAction","target":["https:\/\/rodoaed.ee\/fi\/toode\/ruostumattomasta-teraksesta-valmistettu-75-cmn-kuorman-runko-jossa-on-tuhkapuun-kahva\/"]}]},{"@type":"ImageObject","inLanguage":"fi","@id":"https:\/\/rodoaed.ee\/fi\/toode\/ruostumattomasta-teraksesta-valmistettu-75-cmn-kuorman-runko-jossa-on-tuhkapuun-kahva\/#primaryimage","url":"https:\/\/rodoaed.ee\/wp-content\/uploads\/2020\/04\/lastereha_504-210504_3.jpg","contentUrl":"https:\/\/rodoaed.ee\/wp-content\/uploads\/2020\/04\/lastereha_504-210504_3.jpg","width":2143,"height":2143,"caption":"OLYMPUS DIGITAL CAMERA"},{"@type":"BreadcrumbList","@id":"https:\/\/rodoaed.ee\/fi\/toode\/ruostumattomasta-teraksesta-valmistettu-75-cmn-kuorman-runko-jossa-on-tuhkapuun-kahva\/#breadcrumb","itemListElement":[{"@type":"ListItem","position":1,"name":"Home","item":"https:\/\/rodoaed.ee\/fi\/"},{"@type":"ListItem","position":2,"name":"Osta osoitteessa","item":"https:\/\/rodoaed.ee\/osta-osoitteessa\/"},{"@type":"ListItem","position":3,"name":"Ruostumattomasta ter\u00e4ksest\u00e4 valmistettu 75 cm:n kuorman runko, jossa on tuhkapuun kahva"}]},{"@type":"WebSite","@id":"https:\/\/rodoaed.ee\/#website","url":"https:\/\/rodoaed.ee\/","name":"Rodoaed","description":"","publisher":{"@id":"https:\/\/rodoaed.ee\/#organization"},"potentialAction":[{"@type":"SearchAction","target":{"@type":"EntryPoint","urlTemplate":"https:\/\/rodoaed.ee\/?s={search_term_string}"},"query-input":{"@type":"PropertyValueSpecification","valueRequired":true,"valueName":"search_term_string"}}],"inLanguage":"fi"},{"@type":"Organization","@id":"https:\/\/rodoaed.ee\/#organization","name":"Rodoaed","url":"https:\/\/rodoaed.ee\/","logo":{"@type":"ImageObject","inLanguage":"fi","@id":"https:\/\/rodoaed.ee\/#\/schema\/logo\/image\/","url":"https:\/\/rodoaed.ee\/wp-content\/uploads\/2019\/11\/rodoaed-logo-ilma-taustata.jpg","contentUrl":"https:\/\/rodoaed.ee\/wp-content\/uploads\/2019\/11\/rodoaed-logo-ilma-taustata.jpg","width":769,"height":268,"caption":"Rodoaed"},"image":{"@id":"https:\/\/rodoaed.ee\/#\/schema\/logo\/image\/"},"sameAs":["https:\/\/www.facebook.com\/kasvuhooned\/","https:\/\/rodoaed.ee"]}]}},"_links":{"self":[{"href":"https:\/\/rodoaed.ee\/fi\/wp-json\/wp\/v2\/product\/53322","targetHints":{"allow":["GET"]}}],"collection":[{"href":"https:\/\/rodoaed.ee\/fi\/wp-json\/wp\/v2\/product"}],"about":[{"href":"https:\/\/rodoaed.ee\/fi\/wp-json\/wp\/v2\/types\/product"}],"wp:featuredmedia":[{"embeddable":true,"href":"https:\/\/rodoaed.ee\/fi\/wp-json\/wp\/v2\/media\/31572"}],"wp:attachment":[{"href":"https:\/\/rodoaed.ee\/fi\/wp-json\/wp\/v2\/media?parent=53322"}],"wp:term":[{"taxonomy":"product_brand","embeddable":true,"href":"https:\/\/rodoaed.ee\/fi\/wp-json\/wp\/v2\/product_brand?post=53322"},{"taxonomy":"product_cat","embeddable":true,"href":"https:\/\/rodoaed.ee\/fi\/wp-json\/wp\/v2\/product_cat?post=53322"},{"taxonomy":"product_tag","embeddable":true,"href":"https:\/\/rodoaed.ee\/fi\/wp-json\/wp\/v2\/product_tag?post=53322"}],"curies":[{"name":"wp","href":"https:\/\/api.w.org\/{rel}","templated":true}]}}