{"id":53323,"date":"2020-04-04T14:47:24","date_gmt":"2020-04-04T11:47:24","guid":{"rendered":"https:\/\/rodoaed.ee\/toode\/lisasarja-10x15-mmn-putkille-hieno-laatikko\/"},"modified":"2026-04-13T11:04:00","modified_gmt":"2026-04-13T08:04:00","slug":"lisasarja-10x15-mmn-putkille-hieno-laatikko","status":"publish","type":"product","link":"https:\/\/rodoaed.ee\/fi\/tuote\/lisasarja-10x15-mmn-putkille-hieno-laatikko\/","title":{"rendered":"Lis\u00e4sarja 10&#215;15 mm:n putkille hieno laatikko"},"content":{"rendered":"<h2>K\u00e4tev\u00e4 ratkaisu korkeaan kattoon, pieneen laatikkoon, parvekelaatikkoon jne.<\/h2>\n<p>Toimitetaan suorilla liittimill\u00e4 ja kastelusuuttimilla oikean ratkaisun luomiseksi s\u00e4nkykasveillesi. Samankaltainen ratkaisu voidaan tehd\u00e4 my\u00f6s lis\u00e4kastelusuuttimilla ja 3 mm:n letkulla, mutta t\u00e4ss\u00e4 tapauksessa letku levitet\u00e4\u00e4n vapaasti s\u00e4ngylle. Suorien liitosten avulla voit luoda siististi j\u00e4rjestetyn ratkaisun. Pakkaus sis\u00e4lt\u00e4\u00e4 suorien letkujen lis\u00e4ksi kaksi keraamista anturia sek\u00e4 kaikki tarvittavat liitososat ja letkut.   <\/p>\n<p>J\u00e4rjestelm\u00e4 on suunniteltu pieniin astioihin, mutta se soveltuu luonnollisesti my\u00f6s k\u00e4ytett\u00e4v\u00e4ksi kasvihuoneessa nurmikolla tai ulkona avoimella pellolla. <strong>HUOM<\/strong>. T\u00e4m\u00e4 on lis\u00e4varuste, eli vaatii 8 mm:n p\u00e4\u00e4letkun. Jos sinulla ei viel\u00e4 ole sellaista, tarvitset yhden rullan 8 mm:n vesiletkua ja esimerkiksi vesis\u00e4ili\u00f6liit\u00e4nn\u00e4n, jotta voit sy\u00f6tt\u00e4\u00e4 vett\u00e4 j\u00e4rjestelm\u00e4\u00e4n mist\u00e4 tahansa muovis\u00e4ili\u00f6st\u00e4. Jos sinulla on jo Blumat-kasteluj\u00e4rjestelm\u00e4 kasvihuoneessasi tai terassillasi, liit\u00e4 lis\u00e4letku olemassa olevaan j\u00e4rjestelm\u00e4\u00e4n.  <\/p>\n<ul>\n<li>Putkien pituus 14 cm = suuttimien v\u00e4linen et\u00e4isyys 15 cm.<\/li>\n<li>K\u00e4yt\u00e4 siemen- tai taimiriviv\u00e4li\u00e4 noin 10- 20 cm.<\/li>\n<\/ul>\n<p><strong>Ainutlaatuinen ominaisuus: <\/strong>mahdollistaa erilaisten suorakulmaisten kastelujen luomisen s\u00e4nkyyn.<\/p>\n<p><strong>Vaatii:<\/strong> liit\u00e4nt\u00e4 olemassa olevaan Blumat-kasteluletkuun.<\/p>\n<p><strong>Setti sis\u00e4lt\u00e4\u00e4:<\/strong><\/p>\n<ul>\n<li>12 tiputussuutinta<\/li>\n<li>10 suoraa putkea, halkaisija 8 mm, pituus 14 cm, joissa on liittimet molemmissa p\u00e4iss\u00e4.<\/li>\n<li>2 keraamista anturia<\/li>\n<li>2 T-liit\u00e4nt\u00e4\u00e4<\/li>\n<li>2 m anturiletku<\/li>\n<li>6 maa-ankkuria<\/li>\n<li>6 ylim\u00e4\u00e4r\u00e4ist\u00e4 liit\u00e4nt\u00e4\u00e4<\/li>\n<li>5 p\u00e4\u00e4tykappaletta anturiletkua varten<\/li>\n<li>1 miniliit\u00e4nt\u00e4 anturiletkulle<\/li>\n<\/ul>\n<h3>Sarjaa voidaan k\u00e4ytt\u00e4\u00e4 esimerkin luomiseen (ratkaisuja voi olla erilaisia):<\/h3>\n<ul>\n<li>1 kastelulinja 150 cm pitk\u00e4, jossa 10 putkiliit\u00e4nt\u00e4\u00e4 + 11 tippusuutinta + 1 keraaminen anturi ohjaimena ja vesimittarina<\/li>\n<li>Vaihtoehtoinen ratkaisu on tehd\u00e4 kaksi lyhyemp\u00e4\u00e4 kastelulinjaa, joissa kummassakin on yksi keraaminen anturi.<\/li>\n<\/ul>\n<p>&nbsp;<\/p>\n<p><a href=\"https:\/\/rodoaed.ee\/fi\/\">kotisivu<\/a> <a href=\"https:\/\/rodoaed.ee\/tootekategooria\/kasvuhooned-ja-talveaiad\/\">k\u00e4ynnist\u00e4<\/a> <a href=\"https:\/\/rodoaed.ee\/fi\/tootekategooria\/kasvihuoneen-tarvikkeet\/\">tarvikkeet<\/a> <a href=\"https:\/\/rodoaed.ee\/fi\/tootekategooria\/kasvihuoneen-tarvikkeet\/kasvihuoneen-kastelu\/\">kastelu<\/a><\/p>\n<p>&nbsp;<\/p>\n","protected":false},"excerpt":{"rendered":"<p>K\u00e4tev\u00e4 ratkaisu korkeaan kattoon, pieneen laatikkoon, parvekelaatikkoon jne. Toimitetaan suorilla liittimill\u00e4 ja kastelusuuttimilla oikean ratkaisun luomiseksi s\u00e4nkykasveillesi. Samankaltainen ratkaisu voidaan tehd\u00e4 my\u00f6s lis\u00e4kastelusuuttimilla ja 3 mm:n letkulla, mutta t\u00e4ss\u00e4 tapauksessa letku levitet\u00e4\u00e4n vapaasti s\u00e4ngylle. Suorien liitosten avulla voit luoda siististi j\u00e4rjestetyn ratkaisun. Pakkaus sis\u00e4lt\u00e4\u00e4 suorien letkujen lis\u00e4ksi kaksi keraamista anturia sek\u00e4 kaikki tarvittavat liitososat ja letkut. J\u00e4rjestelm\u00e4 on suunniteltu pieniin astioihin, mutta se soveltuu luonnollisesti&#8230;<\/p>\n","protected":false},"featured_media":31325,"template":"","meta":{"_acf_changed":false},"product_brand":[],"product_cat":[1989,2224,1984,1987,1869],"product_tag":[],"class_list":{"0":"post-53323","1":"product","2":"type-product","3":"status-publish","4":"has-post-thumbnail","6":"product_cat-automaattiset-kastelujarjestelmat-joissa-on-keraamiset-anturit","7":"product_cat-hienojen-kasvien-ja-pensaiden-kastelu","8":"product_cat-kastijarjestelmat","9":"product_cat-kasvihuoneen-kastelu","10":"product_cat-kasvihuoneen-tarvikkeet","11":"product_shipping_class-toimitus-1-3-tyopaivan-kuluessa","12":"pa_variatsioon-suuri-blumatin-automaattinen-kastelujarjestelma-jossa-on-40-anturia-ja-vesihanaliitanta","14":"first","15":"outofstock","16":"sale","17":"taxable","18":"shipping-taxable","19":"purchasable","20":"product-type-simple"},"acf":[],"yoast_head":"<!-- This site is optimized with the Yoast SEO Premium plugin v27.3 (Yoast SEO v27.3) - https:\/\/yoast.com\/product\/yoast-seo-premium-wordpress\/ -->\n<title>Lis\u00e4sarja 10x15 mm:n putkille hieno laatikko - Rodoaed<\/title>\n<meta name=\"description\" content=\"suuri Blumatin automaattinen kasteluj\u00e4rjestelm\u00e4, jossa on 40 keraamista anturia. Suuri Blumatin automaattinen kasteluj\u00e4rjestelm\u00e4 - sarja keskikokoisia ja suuria kasvihuoneita varten.\" \/>\n<meta name=\"robots\" content=\"index, follow, max-snippet:-1, max-image-preview:large, max-video-preview:-1\" \/>\n<link rel=\"canonical\" href=\"https:\/\/rodoaed.ee\/fi\/toode\/lisasarja-10x15-mmn-putkille-hieno-laatikko\/\" \/>\n<meta property=\"og:locale\" content=\"fi_FI\" \/>\n<meta property=\"og:type\" content=\"article\" \/>\n<meta property=\"og:title\" content=\"Lis\u00e4sarja 10x15 mm:n putkille hieno laatikko\" \/>\n<meta property=\"og:description\" content=\"K\u00e4tev\u00e4 ratkaisu korkeaan kattoon, pieneen laatikkoon, parvekelaatikkoon jne. Toimitetaan suorilla liittimill\u00e4 ja kastelusuuttimilla oikean ratkaisun\" \/>\n<meta property=\"og:url\" content=\"https:\/\/rodoaed.ee\/fi\/toode\/lisasarja-10x15-mmn-putkille-hieno-laatikko\/\" \/>\n<meta property=\"og:site_name\" content=\"Rodoaed\" \/>\n<meta property=\"article:publisher\" content=\"https:\/\/www.facebook.com\/kasvuhooned\/\" \/>\n<meta property=\"article:modified_time\" content=\"2026-04-13T08:04:00+00:00\" \/>\n<meta property=\"og:image\" content=\"https:\/\/rodoaed.ee\/wp-content\/uploads\/2020\/04\/kastmiss\u00fcsteem-peenrale_Hochbeet-19_01.jpg\" \/>\n\t<meta property=\"og:image:width\" content=\"2000\" \/>\n\t<meta property=\"og:image:height\" content=\"1333\" \/>\n\t<meta property=\"og:image:type\" content=\"image\/jpeg\" \/>\n<meta name=\"twitter:card\" content=\"summary_large_image\" \/>\n<meta name=\"twitter:label1\" content=\"Arvioitu lukuaika\" \/>\n\t<meta name=\"twitter:data1\" content=\"1 minuutti\" \/>\n<script type=\"application\/ld+json\" class=\"yoast-schema-graph\">{\"@context\":\"https:\\\/\\\/schema.org\",\"@graph\":[{\"@type\":\"WebPage\",\"@id\":\"https:\\\/\\\/rodoaed.ee\\\/fi\\\/toode\\\/lisasarja-10x15-mmn-putkille-hieno-laatikko\\\/\",\"url\":\"https:\\\/\\\/rodoaed.ee\\\/fi\\\/toode\\\/lisasarja-10x15-mmn-putkille-hieno-laatikko\\\/\",\"name\":\"Lis\u00e4sarja 10x15 mm:n putkille hieno laatikko - Rodoaed\",\"isPartOf\":{\"@id\":\"https:\\\/\\\/rodoaed.ee\\\/#website\"},\"primaryImageOfPage\":{\"@id\":\"https:\\\/\\\/rodoaed.ee\\\/fi\\\/toode\\\/lisasarja-10x15-mmn-putkille-hieno-laatikko\\\/#primaryimage\"},\"image\":{\"@id\":\"https:\\\/\\\/rodoaed.ee\\\/fi\\\/toode\\\/lisasarja-10x15-mmn-putkille-hieno-laatikko\\\/#primaryimage\"},\"thumbnailUrl\":\"https:\\\/\\\/rodoaed.ee\\\/wp-content\\\/uploads\\\/2020\\\/04\\\/kastmiss\u00fcsteem-peenrale_Hochbeet-19_01.jpg\",\"datePublished\":\"2020-04-04T11:47:24+00:00\",\"dateModified\":\"2026-04-13T08:04:00+00:00\",\"description\":\"suuri Blumatin automaattinen kasteluj\u00e4rjestelm\u00e4, jossa on 40 keraamista anturia. Suuri Blumatin automaattinen kasteluj\u00e4rjestelm\u00e4 - sarja keskikokoisia ja suuria kasvihuoneita varten.\",\"breadcrumb\":{\"@id\":\"https:\\\/\\\/rodoaed.ee\\\/fi\\\/toode\\\/lisasarja-10x15-mmn-putkille-hieno-laatikko\\\/#breadcrumb\"},\"inLanguage\":\"fi\",\"potentialAction\":[{\"@type\":\"ReadAction\",\"target\":[\"https:\\\/\\\/rodoaed.ee\\\/fi\\\/toode\\\/lisasarja-10x15-mmn-putkille-hieno-laatikko\\\/\"]}]},{\"@type\":\"ImageObject\",\"inLanguage\":\"fi\",\"@id\":\"https:\\\/\\\/rodoaed.ee\\\/fi\\\/toode\\\/lisasarja-10x15-mmn-putkille-hieno-laatikko\\\/#primaryimage\",\"url\":\"https:\\\/\\\/rodoaed.ee\\\/wp-content\\\/uploads\\\/2020\\\/04\\\/kastmiss\u00fcsteem-peenrale_Hochbeet-19_01.jpg\",\"contentUrl\":\"https:\\\/\\\/rodoaed.ee\\\/wp-content\\\/uploads\\\/2020\\\/04\\\/kastmiss\u00fcsteem-peenrale_Hochbeet-19_01.jpg\",\"width\":2000,\"height\":1333},{\"@type\":\"BreadcrumbList\",\"@id\":\"https:\\\/\\\/rodoaed.ee\\\/fi\\\/toode\\\/lisasarja-10x15-mmn-putkille-hieno-laatikko\\\/#breadcrumb\",\"itemListElement\":[{\"@type\":\"ListItem\",\"position\":1,\"name\":\"Home\",\"item\":\"https:\\\/\\\/rodoaed.ee\\\/fi\\\/\"},{\"@type\":\"ListItem\",\"position\":2,\"name\":\"Osta osoitteessa\",\"item\":\"https:\\\/\\\/rodoaed.ee\\\/osta-osoitteessa\\\/\"},{\"@type\":\"ListItem\",\"position\":3,\"name\":\"Lis\u00e4sarja 10&#215;15 mm:n putkille hieno laatikko\"}]},{\"@type\":\"WebSite\",\"@id\":\"https:\\\/\\\/rodoaed.ee\\\/#website\",\"url\":\"https:\\\/\\\/rodoaed.ee\\\/\",\"name\":\"Rodoaed\",\"description\":\"\",\"publisher\":{\"@id\":\"https:\\\/\\\/rodoaed.ee\\\/#organization\"},\"potentialAction\":[{\"@type\":\"SearchAction\",\"target\":{\"@type\":\"EntryPoint\",\"urlTemplate\":\"https:\\\/\\\/rodoaed.ee\\\/?s={search_term_string}\"},\"query-input\":{\"@type\":\"PropertyValueSpecification\",\"valueRequired\":true,\"valueName\":\"search_term_string\"}}],\"inLanguage\":\"fi\"},{\"@type\":\"Organization\",\"@id\":\"https:\\\/\\\/rodoaed.ee\\\/#organization\",\"name\":\"Rodoaed\",\"url\":\"https:\\\/\\\/rodoaed.ee\\\/\",\"logo\":{\"@type\":\"ImageObject\",\"inLanguage\":\"fi\",\"@id\":\"https:\\\/\\\/rodoaed.ee\\\/#\\\/schema\\\/logo\\\/image\\\/\",\"url\":\"https:\\\/\\\/rodoaed.ee\\\/wp-content\\\/uploads\\\/2019\\\/11\\\/rodoaed-logo-ilma-taustata.jpg\",\"contentUrl\":\"https:\\\/\\\/rodoaed.ee\\\/wp-content\\\/uploads\\\/2019\\\/11\\\/rodoaed-logo-ilma-taustata.jpg\",\"width\":769,\"height\":268,\"caption\":\"Rodoaed\"},\"image\":{\"@id\":\"https:\\\/\\\/rodoaed.ee\\\/#\\\/schema\\\/logo\\\/image\\\/\"},\"sameAs\":[\"https:\\\/\\\/www.facebook.com\\\/kasvuhooned\\\/\",\"https:\\\/\\\/rodoaed.ee\"]}]}<\/script>\n<!-- \/ Yoast SEO Premium plugin. -->","yoast_head_json":{"title":"Lis\u00e4sarja 10x15 mm:n putkille hieno laatikko - Rodoaed","description":"suuri Blumatin automaattinen kasteluj\u00e4rjestelm\u00e4, jossa on 40 keraamista anturia. Suuri Blumatin automaattinen kasteluj\u00e4rjestelm\u00e4 - sarja keskikokoisia ja suuria kasvihuoneita varten.","robots":{"index":"index","follow":"follow","max-snippet":"max-snippet:-1","max-image-preview":"max-image-preview:large","max-video-preview":"max-video-preview:-1"},"canonical":"https:\/\/rodoaed.ee\/fi\/toode\/lisasarja-10x15-mmn-putkille-hieno-laatikko\/","og_locale":"fi_FI","og_type":"article","og_title":"Lis\u00e4sarja 10x15 mm:n putkille hieno laatikko","og_description":"K\u00e4tev\u00e4 ratkaisu korkeaan kattoon, pieneen laatikkoon, parvekelaatikkoon jne. Toimitetaan suorilla liittimill\u00e4 ja kastelusuuttimilla oikean ratkaisun","og_url":"https:\/\/rodoaed.ee\/fi\/toode\/lisasarja-10x15-mmn-putkille-hieno-laatikko\/","og_site_name":"Rodoaed","article_publisher":"https:\/\/www.facebook.com\/kasvuhooned\/","article_modified_time":"2026-04-13T08:04:00+00:00","og_image":[{"width":2000,"height":1333,"url":"https:\/\/rodoaed.ee\/wp-content\/uploads\/2020\/04\/kastmiss\u00fcsteem-peenrale_Hochbeet-19_01.jpg","type":"image\/jpeg"}],"twitter_card":"summary_large_image","twitter_misc":{"Arvioitu lukuaika":"1 minuutti"},"schema":{"@context":"https:\/\/schema.org","@graph":[{"@type":"WebPage","@id":"https:\/\/rodoaed.ee\/fi\/toode\/lisasarja-10x15-mmn-putkille-hieno-laatikko\/","url":"https:\/\/rodoaed.ee\/fi\/toode\/lisasarja-10x15-mmn-putkille-hieno-laatikko\/","name":"Lis\u00e4sarja 10x15 mm:n putkille hieno laatikko - Rodoaed","isPartOf":{"@id":"https:\/\/rodoaed.ee\/#website"},"primaryImageOfPage":{"@id":"https:\/\/rodoaed.ee\/fi\/toode\/lisasarja-10x15-mmn-putkille-hieno-laatikko\/#primaryimage"},"image":{"@id":"https:\/\/rodoaed.ee\/fi\/toode\/lisasarja-10x15-mmn-putkille-hieno-laatikko\/#primaryimage"},"thumbnailUrl":"https:\/\/rodoaed.ee\/wp-content\/uploads\/2020\/04\/kastmiss\u00fcsteem-peenrale_Hochbeet-19_01.jpg","datePublished":"2020-04-04T11:47:24+00:00","dateModified":"2026-04-13T08:04:00+00:00","description":"suuri Blumatin automaattinen kasteluj\u00e4rjestelm\u00e4, jossa on 40 keraamista anturia. Suuri Blumatin automaattinen kasteluj\u00e4rjestelm\u00e4 - sarja keskikokoisia ja suuria kasvihuoneita varten.","breadcrumb":{"@id":"https:\/\/rodoaed.ee\/fi\/toode\/lisasarja-10x15-mmn-putkille-hieno-laatikko\/#breadcrumb"},"inLanguage":"fi","potentialAction":[{"@type":"ReadAction","target":["https:\/\/rodoaed.ee\/fi\/toode\/lisasarja-10x15-mmn-putkille-hieno-laatikko\/"]}]},{"@type":"ImageObject","inLanguage":"fi","@id":"https:\/\/rodoaed.ee\/fi\/toode\/lisasarja-10x15-mmn-putkille-hieno-laatikko\/#primaryimage","url":"https:\/\/rodoaed.ee\/wp-content\/uploads\/2020\/04\/kastmiss\u00fcsteem-peenrale_Hochbeet-19_01.jpg","contentUrl":"https:\/\/rodoaed.ee\/wp-content\/uploads\/2020\/04\/kastmiss\u00fcsteem-peenrale_Hochbeet-19_01.jpg","width":2000,"height":1333},{"@type":"BreadcrumbList","@id":"https:\/\/rodoaed.ee\/fi\/toode\/lisasarja-10x15-mmn-putkille-hieno-laatikko\/#breadcrumb","itemListElement":[{"@type":"ListItem","position":1,"name":"Home","item":"https:\/\/rodoaed.ee\/fi\/"},{"@type":"ListItem","position":2,"name":"Osta osoitteessa","item":"https:\/\/rodoaed.ee\/osta-osoitteessa\/"},{"@type":"ListItem","position":3,"name":"Lis\u00e4sarja 10&#215;15 mm:n putkille hieno laatikko"}]},{"@type":"WebSite","@id":"https:\/\/rodoaed.ee\/#website","url":"https:\/\/rodoaed.ee\/","name":"Rodoaed","description":"","publisher":{"@id":"https:\/\/rodoaed.ee\/#organization"},"potentialAction":[{"@type":"SearchAction","target":{"@type":"EntryPoint","urlTemplate":"https:\/\/rodoaed.ee\/?s={search_term_string}"},"query-input":{"@type":"PropertyValueSpecification","valueRequired":true,"valueName":"search_term_string"}}],"inLanguage":"fi"},{"@type":"Organization","@id":"https:\/\/rodoaed.ee\/#organization","name":"Rodoaed","url":"https:\/\/rodoaed.ee\/","logo":{"@type":"ImageObject","inLanguage":"fi","@id":"https:\/\/rodoaed.ee\/#\/schema\/logo\/image\/","url":"https:\/\/rodoaed.ee\/wp-content\/uploads\/2019\/11\/rodoaed-logo-ilma-taustata.jpg","contentUrl":"https:\/\/rodoaed.ee\/wp-content\/uploads\/2019\/11\/rodoaed-logo-ilma-taustata.jpg","width":769,"height":268,"caption":"Rodoaed"},"image":{"@id":"https:\/\/rodoaed.ee\/#\/schema\/logo\/image\/"},"sameAs":["https:\/\/www.facebook.com\/kasvuhooned\/","https:\/\/rodoaed.ee"]}]}},"_links":{"self":[{"href":"https:\/\/rodoaed.ee\/fi\/wp-json\/wp\/v2\/product\/53323","targetHints":{"allow":["GET"]}}],"collection":[{"href":"https:\/\/rodoaed.ee\/fi\/wp-json\/wp\/v2\/product"}],"about":[{"href":"https:\/\/rodoaed.ee\/fi\/wp-json\/wp\/v2\/types\/product"}],"wp:featuredmedia":[{"embeddable":true,"href":"https:\/\/rodoaed.ee\/fi\/wp-json\/wp\/v2\/media\/31325"}],"wp:attachment":[{"href":"https:\/\/rodoaed.ee\/fi\/wp-json\/wp\/v2\/media?parent=53323"}],"wp:term":[{"taxonomy":"product_brand","embeddable":true,"href":"https:\/\/rodoaed.ee\/fi\/wp-json\/wp\/v2\/product_brand?post=53323"},{"taxonomy":"product_cat","embeddable":true,"href":"https:\/\/rodoaed.ee\/fi\/wp-json\/wp\/v2\/product_cat?post=53323"},{"taxonomy":"product_tag","embeddable":true,"href":"https:\/\/rodoaed.ee\/fi\/wp-json\/wp\/v2\/product_tag?post=53323"}],"curies":[{"name":"wp","href":"https:\/\/api.w.org\/{rel}","templated":true}]}}