{"id":53324,"date":"2020-04-04T14:57:00","date_gmt":"2020-04-04T11:57:00","guid":{"rendered":"https:\/\/rodoaed.ee\/toode\/lisasarja-suurta-kasviruukkua-varten\/"},"modified":"2026-04-13T11:04:01","modified_gmt":"2026-04-13T08:04:01","slug":"lisasarja-suurta-kasviruukkua-varten","status":"publish","type":"product","link":"https:\/\/rodoaed.ee\/fi\/tuote\/lisasarja-suurta-kasviruukkua-varten\/","title":{"rendered":"Lis\u00e4sarja suurta kasviruukkua varten"},"content":{"rendered":"<h2>K\u00e4tev\u00e4 ratkaisu isompaan kukkaruukkuun, kasviastiaan, korkeaan riipukseen, istutusastiaan, parvekelaatikkoon jne.<\/h2>\n<p>Toimitetaan suorilla liittimill\u00e4 ja kastelusuuttimilla, joilla luodaan vakaa kasteluratkaisu suurempiin kukkaruukkuihin tai kasviastioihin sek\u00e4 parvekelaatikoihin, korkeisiin penkkeihin jne.<\/p>\n<p><strong>HUOMAUTUS<\/strong> T\u00e4m\u00e4 lis\u00e4sarja saattaa edellytt\u00e4\u00e4 8 mm:n p\u00e4\u00e4letkua ja v\u00e4hint\u00e4\u00e4n yht\u00e4 keraamista anturia. Jos sinulla ei ole mit\u00e4\u00e4n muuta, tarvitset yhden rullan 8 mm:n vesiletkua ja esimerkiksi vesis\u00e4ili\u00f6liit\u00e4nn\u00e4n, jonka avulla voit sy\u00f6tt\u00e4\u00e4 vett\u00e4 mist\u00e4 tahansa muovis\u00e4ili\u00f6st\u00e4 j\u00e4rjestelm\u00e4\u00e4n, sek\u00e4 keraamisen astian ruukkua varten. Jos sinulla on jo Blumat-kasteluj\u00e4rjestelm\u00e4 kasvihuoneessasi tai terassillasi, liit\u00e4 ylim\u00e4\u00e4r\u00e4inen letku olemassa olevaan j\u00e4rjestelm\u00e4\u00e4n ja lis\u00e4\u00e4 keraaminen anturi.  <\/p>\n<p><strong>Oletus: <\/strong>ruukussa tai kasviastiassa on enemm\u00e4n tai v\u00e4hemm\u00e4n tasainen maaper\u00e4.<\/p>\n<p><strong>Vaatii:<\/strong> liit\u00e4nn\u00e4n olemassa olevaan Blumat-kasteluletkuun ja vakio- tai Maxi-keraamisen anturin ruukussa.<\/p>\n<p><strong>Setti sis\u00e4lt\u00e4\u00e4:<\/strong><\/p>\n<ul>\n<li>12 tippusuutinta (kastelusuutin kummassakin p\u00e4\u00e4ss\u00e4).<\/li>\n<li>10 suoraa putkea, halkaisija 8 mm, pituus 9 cm, joissa on liittimet molemmissa p\u00e4iss\u00e4.<\/li>\n<li>3 maa-ankkuria<\/li>\n<li>6 p\u00e4\u00e4tykappaletta anturiletkua varten<\/li>\n<li>3 miniliit\u00e4nt\u00e4 anturiletkulle<\/li>\n<li>3 varasuutinta<\/li>\n<\/ul>\n<h3>Sarjaa voidaan k\u00e4ytt\u00e4\u00e4 esimerkin luomiseen (ratkaisuja voi olla erilaisia):<\/h3>\n<ul>\n<li><strong>T-muotoinen liuos:<\/strong> kasteluliuos 3 kukkaruukulle, joiden halkaisija on v\u00e4hint\u00e4\u00e4n 25 cm, 3 tippusuutinta kussakin ruukussa.<\/li>\n<li><strong>Kulmaliuos:<\/strong> kasteluliuos 3 kukkaruukulle, joiden halkaisija on v\u00e4hint\u00e4\u00e4n 20 cm, 2 tippusuutinta jokaiseen ruukkuun.<\/li>\n<li><strong>Suoraviivaisena ratkaisuna:<\/strong> kasteluratkaisu 3 parvekelaatikolle, joiden pituus on 40 cm, kussakin laatikossa 30 cm pitk\u00e4 kasteluputki (3 suoraa osaa + 4 tippupistett\u00e4); tai pidemm\u00e4t ratkaisut suuremmille laatikoille.<\/li>\n<\/ul>\n<p><a href=\"https:\/\/rodoaed.ee\/fi\/\">kotisivu<\/a> <a href=\"https:\/\/rodoaed.ee\/tootekategooria\/kasvuhooned-ja-talveaiad\/\">k\u00e4ynnist\u00e4<\/a> <a href=\"https:\/\/rodoaed.ee\/fi\/tootekategooria\/kasvihuoneen-tarvikkeet\/\">tarvikkeet<\/a> <a href=\"https:\/\/rodoaed.ee\/fi\/tootekategooria\/kasvihuoneen-tarvikkeet\/kasvihuoneen-kastelu\/\">kastelu<\/a><\/p>\n<p>&nbsp;<\/p>\n","protected":false},"excerpt":{"rendered":"<p>K\u00e4tev\u00e4 ratkaisu isompaan kukkaruukkuun, kasviastiaan, korkeaan riipukseen, istutusastiaan, parvekelaatikkoon jne. Toimitetaan suorilla liittimill\u00e4 ja kastelusuuttimilla, joilla luodaan vakaa kasteluratkaisu suurempiin kukkaruukkuihin tai kasviastioihin sek\u00e4 parvekelaatikoihin, korkeisiin penkkeihin jne. HUOMAUTUS T\u00e4m\u00e4 lis\u00e4sarja saattaa edellytt\u00e4\u00e4 8 mm:n p\u00e4\u00e4letkua ja v\u00e4hint\u00e4\u00e4n yht\u00e4 keraamista anturia. Jos sinulla ei ole mit\u00e4\u00e4n muuta, tarvitset yhden rullan 8 mm:n vesiletkua ja esimerkiksi vesis\u00e4ili\u00f6liit\u00e4nn\u00e4n, jonka avulla voit sy\u00f6tt\u00e4\u00e4 vett\u00e4 mist\u00e4 tahansa muovis\u00e4ili\u00f6st\u00e4 j\u00e4rjestelm\u00e4\u00e4n,&#8230;<\/p>\n","protected":false},"featured_media":31333,"template":"","meta":{"_acf_changed":false},"product_brand":[],"product_cat":[1989,2224,1984,1987,1869],"product_tag":[],"class_list":{"0":"post-53324","1":"product","2":"type-product","3":"status-publish","4":"has-post-thumbnail","6":"product_cat-automaattiset-kastelujarjestelmat-joissa-on-keraamiset-anturit","7":"product_cat-hienojen-kasvien-ja-pensaiden-kastelu","8":"product_cat-kastijarjestelmat","9":"product_cat-kasvihuoneen-kastelu","10":"product_cat-kasvihuoneen-tarvikkeet","11":"product_shipping_class-toimitus-1-3-tyopaivan-kuluessa","12":"pa_variatsioon-suuri-blumatin-automaattinen-kastelujarjestelma-jossa-on-40-anturia-ja-vesihanaliitanta","14":"first","15":"instock","16":"sale","17":"taxable","18":"shipping-taxable","19":"purchasable","20":"product-type-simple"},"acf":[],"yoast_head":"<!-- This site is optimized with the Yoast SEO Premium plugin v27.3 (Yoast SEO v27.3) - https:\/\/yoast.com\/product\/yoast-seo-premium-wordpress\/ -->\n<title>Lis\u00e4sarja suurta kasviruukkua varten - Rodoaed<\/title>\n<meta name=\"description\" content=\"suuri Blumatin automaattinen kasteluj\u00e4rjestelm\u00e4, jossa on 40 keraamista anturia. Suuri Blumatin automaattinen kasteluj\u00e4rjestelm\u00e4 - sarja keskikokoisia ja suuria kasvihuoneita varten.\" \/>\n<meta name=\"robots\" content=\"index, follow, max-snippet:-1, max-image-preview:large, max-video-preview:-1\" \/>\n<link rel=\"canonical\" href=\"https:\/\/rodoaed.ee\/fi\/toode\/lisasarja-suurta-kasviruukkua-varten\/\" \/>\n<meta property=\"og:locale\" content=\"fi_FI\" \/>\n<meta property=\"og:type\" content=\"article\" \/>\n<meta property=\"og:title\" content=\"Lis\u00e4sarja suurta kasviruukkua varten\" \/>\n<meta property=\"og:description\" content=\"K\u00e4tev\u00e4 ratkaisu isompaan kukkaruukkuun, kasviastiaan, korkeaan riipukseen, istutusastiaan, parvekelaatikkoon jne. Toimitetaan suorilla liittimill\u00e4 ja\" \/>\n<meta property=\"og:url\" content=\"https:\/\/rodoaed.ee\/fi\/toode\/lisasarja-suurta-kasviruukkua-varten\/\" \/>\n<meta property=\"og:site_name\" content=\"Rodoaed\" \/>\n<meta property=\"article:publisher\" content=\"https:\/\/www.facebook.com\/kasvuhooned\/\" \/>\n<meta property=\"article:modified_time\" content=\"2026-04-13T08:04:01+00:00\" \/>\n<meta property=\"og:image\" content=\"https:\/\/rodoaed.ee\/wp-content\/uploads\/2020\/04\/kastmiss\u00fcsteem-peenrale_T-Verteiler_03.jpg\" \/>\n\t<meta property=\"og:image:width\" content=\"945\" \/>\n\t<meta property=\"og:image:height\" content=\"630\" \/>\n\t<meta property=\"og:image:type\" content=\"image\/jpeg\" \/>\n<meta name=\"twitter:card\" content=\"summary_large_image\" \/>\n<meta name=\"twitter:label1\" content=\"Arvioitu lukuaika\" \/>\n\t<meta name=\"twitter:data1\" content=\"1 minuutti\" \/>\n<script type=\"application\/ld+json\" class=\"yoast-schema-graph\">{\"@context\":\"https:\\\/\\\/schema.org\",\"@graph\":[{\"@type\":\"WebPage\",\"@id\":\"https:\\\/\\\/rodoaed.ee\\\/fi\\\/toode\\\/lisasarja-suurta-kasviruukkua-varten\\\/\",\"url\":\"https:\\\/\\\/rodoaed.ee\\\/fi\\\/toode\\\/lisasarja-suurta-kasviruukkua-varten\\\/\",\"name\":\"Lis\u00e4sarja suurta kasviruukkua varten - Rodoaed\",\"isPartOf\":{\"@id\":\"https:\\\/\\\/rodoaed.ee\\\/#website\"},\"primaryImageOfPage\":{\"@id\":\"https:\\\/\\\/rodoaed.ee\\\/fi\\\/toode\\\/lisasarja-suurta-kasviruukkua-varten\\\/#primaryimage\"},\"image\":{\"@id\":\"https:\\\/\\\/rodoaed.ee\\\/fi\\\/toode\\\/lisasarja-suurta-kasviruukkua-varten\\\/#primaryimage\"},\"thumbnailUrl\":\"https:\\\/\\\/rodoaed.ee\\\/wp-content\\\/uploads\\\/2020\\\/04\\\/kastmiss\u00fcsteem-peenrale_T-Verteiler_03.jpg\",\"datePublished\":\"2020-04-04T11:57:00+00:00\",\"dateModified\":\"2026-04-13T08:04:01+00:00\",\"description\":\"suuri Blumatin automaattinen kasteluj\u00e4rjestelm\u00e4, jossa on 40 keraamista anturia. Suuri Blumatin automaattinen kasteluj\u00e4rjestelm\u00e4 - sarja keskikokoisia ja suuria kasvihuoneita varten.\",\"breadcrumb\":{\"@id\":\"https:\\\/\\\/rodoaed.ee\\\/fi\\\/toode\\\/lisasarja-suurta-kasviruukkua-varten\\\/#breadcrumb\"},\"inLanguage\":\"fi\",\"potentialAction\":[{\"@type\":\"ReadAction\",\"target\":[\"https:\\\/\\\/rodoaed.ee\\\/fi\\\/toode\\\/lisasarja-suurta-kasviruukkua-varten\\\/\"]}]},{\"@type\":\"ImageObject\",\"inLanguage\":\"fi\",\"@id\":\"https:\\\/\\\/rodoaed.ee\\\/fi\\\/toode\\\/lisasarja-suurta-kasviruukkua-varten\\\/#primaryimage\",\"url\":\"https:\\\/\\\/rodoaed.ee\\\/wp-content\\\/uploads\\\/2020\\\/04\\\/kastmiss\u00fcsteem-peenrale_T-Verteiler_03.jpg\",\"contentUrl\":\"https:\\\/\\\/rodoaed.ee\\\/wp-content\\\/uploads\\\/2020\\\/04\\\/kastmiss\u00fcsteem-peenrale_T-Verteiler_03.jpg\",\"width\":945,\"height\":630},{\"@type\":\"BreadcrumbList\",\"@id\":\"https:\\\/\\\/rodoaed.ee\\\/fi\\\/toode\\\/lisasarja-suurta-kasviruukkua-varten\\\/#breadcrumb\",\"itemListElement\":[{\"@type\":\"ListItem\",\"position\":1,\"name\":\"Home\",\"item\":\"https:\\\/\\\/rodoaed.ee\\\/fi\\\/\"},{\"@type\":\"ListItem\",\"position\":2,\"name\":\"Osta osoitteessa\",\"item\":\"https:\\\/\\\/rodoaed.ee\\\/osta-osoitteessa\\\/\"},{\"@type\":\"ListItem\",\"position\":3,\"name\":\"Lis\u00e4sarja suurta kasviruukkua varten\"}]},{\"@type\":\"WebSite\",\"@id\":\"https:\\\/\\\/rodoaed.ee\\\/#website\",\"url\":\"https:\\\/\\\/rodoaed.ee\\\/\",\"name\":\"Rodoaed\",\"description\":\"\",\"publisher\":{\"@id\":\"https:\\\/\\\/rodoaed.ee\\\/#organization\"},\"potentialAction\":[{\"@type\":\"SearchAction\",\"target\":{\"@type\":\"EntryPoint\",\"urlTemplate\":\"https:\\\/\\\/rodoaed.ee\\\/?s={search_term_string}\"},\"query-input\":{\"@type\":\"PropertyValueSpecification\",\"valueRequired\":true,\"valueName\":\"search_term_string\"}}],\"inLanguage\":\"fi\"},{\"@type\":\"Organization\",\"@id\":\"https:\\\/\\\/rodoaed.ee\\\/#organization\",\"name\":\"Rodoaed\",\"url\":\"https:\\\/\\\/rodoaed.ee\\\/\",\"logo\":{\"@type\":\"ImageObject\",\"inLanguage\":\"fi\",\"@id\":\"https:\\\/\\\/rodoaed.ee\\\/#\\\/schema\\\/logo\\\/image\\\/\",\"url\":\"https:\\\/\\\/rodoaed.ee\\\/wp-content\\\/uploads\\\/2019\\\/11\\\/rodoaed-logo-ilma-taustata.jpg\",\"contentUrl\":\"https:\\\/\\\/rodoaed.ee\\\/wp-content\\\/uploads\\\/2019\\\/11\\\/rodoaed-logo-ilma-taustata.jpg\",\"width\":769,\"height\":268,\"caption\":\"Rodoaed\"},\"image\":{\"@id\":\"https:\\\/\\\/rodoaed.ee\\\/#\\\/schema\\\/logo\\\/image\\\/\"},\"sameAs\":[\"https:\\\/\\\/www.facebook.com\\\/kasvuhooned\\\/\",\"https:\\\/\\\/rodoaed.ee\"]}]}<\/script>\n<!-- \/ Yoast SEO Premium plugin. -->","yoast_head_json":{"title":"Lis\u00e4sarja suurta kasviruukkua varten - Rodoaed","description":"suuri Blumatin automaattinen kasteluj\u00e4rjestelm\u00e4, jossa on 40 keraamista anturia. Suuri Blumatin automaattinen kasteluj\u00e4rjestelm\u00e4 - sarja keskikokoisia ja suuria kasvihuoneita varten.","robots":{"index":"index","follow":"follow","max-snippet":"max-snippet:-1","max-image-preview":"max-image-preview:large","max-video-preview":"max-video-preview:-1"},"canonical":"https:\/\/rodoaed.ee\/fi\/toode\/lisasarja-suurta-kasviruukkua-varten\/","og_locale":"fi_FI","og_type":"article","og_title":"Lis\u00e4sarja suurta kasviruukkua varten","og_description":"K\u00e4tev\u00e4 ratkaisu isompaan kukkaruukkuun, kasviastiaan, korkeaan riipukseen, istutusastiaan, parvekelaatikkoon jne. Toimitetaan suorilla liittimill\u00e4 ja","og_url":"https:\/\/rodoaed.ee\/fi\/toode\/lisasarja-suurta-kasviruukkua-varten\/","og_site_name":"Rodoaed","article_publisher":"https:\/\/www.facebook.com\/kasvuhooned\/","article_modified_time":"2026-04-13T08:04:01+00:00","og_image":[{"width":945,"height":630,"url":"https:\/\/rodoaed.ee\/wp-content\/uploads\/2020\/04\/kastmiss\u00fcsteem-peenrale_T-Verteiler_03.jpg","type":"image\/jpeg"}],"twitter_card":"summary_large_image","twitter_misc":{"Arvioitu lukuaika":"1 minuutti"},"schema":{"@context":"https:\/\/schema.org","@graph":[{"@type":"WebPage","@id":"https:\/\/rodoaed.ee\/fi\/toode\/lisasarja-suurta-kasviruukkua-varten\/","url":"https:\/\/rodoaed.ee\/fi\/toode\/lisasarja-suurta-kasviruukkua-varten\/","name":"Lis\u00e4sarja suurta kasviruukkua varten - Rodoaed","isPartOf":{"@id":"https:\/\/rodoaed.ee\/#website"},"primaryImageOfPage":{"@id":"https:\/\/rodoaed.ee\/fi\/toode\/lisasarja-suurta-kasviruukkua-varten\/#primaryimage"},"image":{"@id":"https:\/\/rodoaed.ee\/fi\/toode\/lisasarja-suurta-kasviruukkua-varten\/#primaryimage"},"thumbnailUrl":"https:\/\/rodoaed.ee\/wp-content\/uploads\/2020\/04\/kastmiss\u00fcsteem-peenrale_T-Verteiler_03.jpg","datePublished":"2020-04-04T11:57:00+00:00","dateModified":"2026-04-13T08:04:01+00:00","description":"suuri Blumatin automaattinen kasteluj\u00e4rjestelm\u00e4, jossa on 40 keraamista anturia. Suuri Blumatin automaattinen kasteluj\u00e4rjestelm\u00e4 - sarja keskikokoisia ja suuria kasvihuoneita varten.","breadcrumb":{"@id":"https:\/\/rodoaed.ee\/fi\/toode\/lisasarja-suurta-kasviruukkua-varten\/#breadcrumb"},"inLanguage":"fi","potentialAction":[{"@type":"ReadAction","target":["https:\/\/rodoaed.ee\/fi\/toode\/lisasarja-suurta-kasviruukkua-varten\/"]}]},{"@type":"ImageObject","inLanguage":"fi","@id":"https:\/\/rodoaed.ee\/fi\/toode\/lisasarja-suurta-kasviruukkua-varten\/#primaryimage","url":"https:\/\/rodoaed.ee\/wp-content\/uploads\/2020\/04\/kastmiss\u00fcsteem-peenrale_T-Verteiler_03.jpg","contentUrl":"https:\/\/rodoaed.ee\/wp-content\/uploads\/2020\/04\/kastmiss\u00fcsteem-peenrale_T-Verteiler_03.jpg","width":945,"height":630},{"@type":"BreadcrumbList","@id":"https:\/\/rodoaed.ee\/fi\/toode\/lisasarja-suurta-kasviruukkua-varten\/#breadcrumb","itemListElement":[{"@type":"ListItem","position":1,"name":"Home","item":"https:\/\/rodoaed.ee\/fi\/"},{"@type":"ListItem","position":2,"name":"Osta osoitteessa","item":"https:\/\/rodoaed.ee\/osta-osoitteessa\/"},{"@type":"ListItem","position":3,"name":"Lis\u00e4sarja suurta kasviruukkua varten"}]},{"@type":"WebSite","@id":"https:\/\/rodoaed.ee\/#website","url":"https:\/\/rodoaed.ee\/","name":"Rodoaed","description":"","publisher":{"@id":"https:\/\/rodoaed.ee\/#organization"},"potentialAction":[{"@type":"SearchAction","target":{"@type":"EntryPoint","urlTemplate":"https:\/\/rodoaed.ee\/?s={search_term_string}"},"query-input":{"@type":"PropertyValueSpecification","valueRequired":true,"valueName":"search_term_string"}}],"inLanguage":"fi"},{"@type":"Organization","@id":"https:\/\/rodoaed.ee\/#organization","name":"Rodoaed","url":"https:\/\/rodoaed.ee\/","logo":{"@type":"ImageObject","inLanguage":"fi","@id":"https:\/\/rodoaed.ee\/#\/schema\/logo\/image\/","url":"https:\/\/rodoaed.ee\/wp-content\/uploads\/2019\/11\/rodoaed-logo-ilma-taustata.jpg","contentUrl":"https:\/\/rodoaed.ee\/wp-content\/uploads\/2019\/11\/rodoaed-logo-ilma-taustata.jpg","width":769,"height":268,"caption":"Rodoaed"},"image":{"@id":"https:\/\/rodoaed.ee\/#\/schema\/logo\/image\/"},"sameAs":["https:\/\/www.facebook.com\/kasvuhooned\/","https:\/\/rodoaed.ee"]}]}},"_links":{"self":[{"href":"https:\/\/rodoaed.ee\/fi\/wp-json\/wp\/v2\/product\/53324","targetHints":{"allow":["GET"]}}],"collection":[{"href":"https:\/\/rodoaed.ee\/fi\/wp-json\/wp\/v2\/product"}],"about":[{"href":"https:\/\/rodoaed.ee\/fi\/wp-json\/wp\/v2\/types\/product"}],"wp:featuredmedia":[{"embeddable":true,"href":"https:\/\/rodoaed.ee\/fi\/wp-json\/wp\/v2\/media\/31333"}],"wp:attachment":[{"href":"https:\/\/rodoaed.ee\/fi\/wp-json\/wp\/v2\/media?parent=53324"}],"wp:term":[{"taxonomy":"product_brand","embeddable":true,"href":"https:\/\/rodoaed.ee\/fi\/wp-json\/wp\/v2\/product_brand?post=53324"},{"taxonomy":"product_cat","embeddable":true,"href":"https:\/\/rodoaed.ee\/fi\/wp-json\/wp\/v2\/product_cat?post=53324"},{"taxonomy":"product_tag","embeddable":true,"href":"https:\/\/rodoaed.ee\/fi\/wp-json\/wp\/v2\/product_tag?post=53324"}],"curies":[{"name":"wp","href":"https:\/\/api.w.org\/{rel}","templated":true}]}}