{"id":53325,"date":"2020-04-08T20:38:43","date_gmt":"2020-04-08T17:38:43","guid":{"rendered":"https:\/\/rodoaed.ee\/toode\/istutuslapio-oikealle\/"},"modified":"2026-04-13T11:04:02","modified_gmt":"2026-04-13T08:04:02","slug":"istutuslapio-oikealle","status":"publish","type":"product","link":"https:\/\/rodoaed.ee\/fi\/tuote\/istutuslapio-oikealle\/","title":{"rendered":"Istutuslapio oikealle"},"content":{"rendered":"<h2>Oikeanpuoleinen istutuskauha on ihanteellinen esimerkiksi kukkaruukkujen ja -astioiden t\u00e4ytt\u00e4miseen istutusta varten.<\/h2>\n<p>T\u00e4t\u00e4 istutuslapiota on ilo k\u00e4ytt\u00e4\u00e4, kun istutat ruukkukasveja. Sill\u00e4 on helppo t\u00e4ytt\u00e4\u00e4 kasvin juuripallon ja ruukun reunan v\u00e4linen rako mullalla. Kapean muotonsa ja oikein suunnitellun muotonsa ansiosta sit\u00e4 on helppo k\u00e4ytt\u00e4\u00e4 eik\u00e4 siit\u00e4 h\u00e4vi\u00e4 multaa. Kauha on oikeak\u00e4tinen, joten jos pid\u00e4t sit\u00e4 oikeassa k\u00e4dess\u00e4si, voit t\u00e4ytt\u00e4\u00e4 sen oikealta puolelta.   <\/p>\n<p>Istutuslapiossa on perinteisesti tuhkakahva.<\/p>\n<p><em style=\"font-family: inherit; font-size: inherit; font-variant-caps: inherit;\">Sneeboer &amp; Zn on perinteinen hollantilainen ty\u00f6kaluyritys, joka on valmistanut laadukkaita puutarhaty\u00f6kaluja vuodesta 1913. Sneeboer &amp; Zn valmistaa p\u00e4\u00e4asiassa k\u00e4sin taottuja ruostumattomasta ter\u00e4ksest\u00e4 valmistettuja puutarhaty\u00f6kaluja, joiden k\u00e4ytt\u00f6ik\u00e4 on v\u00e4hint\u00e4\u00e4n yksi sukupolvi. Mutta se, mik\u00e4 tekee heid\u00e4n tuotannostaan hyvin erikoista ja on tehnyt heist\u00e4 maailmankuuluja, on heid\u00e4n sovellusinnovaationsa. T\u00e4m\u00e4 tarkoittaa, ett\u00e4 keksij\u00e4t ymp\u00e4ri maailmaa ovat lis\u00e4nneet omia innovaatioitaan heid\u00e4n tuotevalikoimaansa.    Joskus hyvin innovatiivisia ratkaisuja, joskus melko pieni\u00e4 keksint\u00f6j\u00e4, mutta ne tekev\u00e4t puutarhanhoidosta ja ty\u00f6kalun k\u00e4yt\u00f6st\u00e4 paljon helpompaa.<\/em><\/p>\n<p><em>Voit n\u00e4hd\u00e4 sen itse, kun selaat valikoimaamme.<\/em><\/p>\n<p>Hemmottele itse\u00e4si parhaalla<\/p>\n<h2>Tekniset tiedot:<\/h2>\n<ul>\n<li>Ty\u00f6kalun p\u00e4\u00e4n leveys: 5,5 cm<\/li>\n<li>Ty\u00f6kalun p\u00e4\u00e4n pituus: 12 cm<\/li>\n<li>Kahvan pituus: 14 cm<\/li>\n<li>Kokonaispituus: 27 cm<\/li>\n<li>Kahvan materiaali: saarni<\/li>\n<li>Paino: 200 g<\/li>\n<\/ul>\n<p>&nbsp;<\/p>\n","protected":false},"excerpt":{"rendered":"<p>Oikeanpuoleinen istutuskauha on ihanteellinen esimerkiksi kukkaruukkujen ja -astioiden t\u00e4ytt\u00e4miseen istutusta varten. T\u00e4t\u00e4 istutuslapiota on ilo k\u00e4ytt\u00e4\u00e4, kun istutat ruukkukasveja. Sill\u00e4 on helppo t\u00e4ytt\u00e4\u00e4 kasvin juuripallon ja ruukun reunan v\u00e4linen rako mullalla. Kapean muotonsa ja oikein suunnitellun muotonsa ansiosta sit\u00e4 on helppo k\u00e4ytt\u00e4\u00e4 eik\u00e4 siit\u00e4 h\u00e4vi\u00e4 multaa. Kauha on oikeak\u00e4tinen, joten jos pid\u00e4t sit\u00e4 oikeassa k\u00e4dess\u00e4si, voit t\u00e4ytt\u00e4\u00e4 sen oikealta puolelta. Istutuslapiossa on perinteisesti tuhkakahva. Sneeboer&#8230;<\/p>\n","protected":false},"featured_media":31423,"template":"","meta":{"_acf_changed":false},"product_brand":[],"product_cat":[1859,1743,1889,1745],"product_tag":[],"class_list":{"0":"post-53325","1":"product","2":"type-product","3":"status-publish","4":"has-post-thumbnail","6":"product_cat-istutuskauhat","7":"product_cat-lisalahjat-lahjat","8":"product_cat-puutarhatyokalut","9":"product_cat-suuri-varaston-tyhjennysmyynti","10":"product_shipping_class-toimitus-1-3-tyopaivan-kuluessa","11":"pa_variatsioon-kahva-10cm-tuhkapuun-kahva","13":"first","14":"instock","15":"sale","16":"taxable","17":"shipping-taxable","18":"purchasable","19":"product-type-simple"},"acf":[],"yoast_head":"<!-- This site is optimized with the Yoast SEO Premium plugin v27.3 (Yoast SEO v27.3) - https:\/\/yoast.com\/product\/yoast-seo-premium-wordpress\/ -->\n<title>Istutuslapio oikealle - Puutarhaty\u00f6kalut Puutarhalapio Maubach<\/title>\n<meta name=\"description\" content=\"Maubachin istutuslapio on valmistettu ruostumattomasta ter\u00e4ksest\u00e4, ja siin\u00e4 on tuhkapuukahva. Maubachin istutuslapiossa on miellytt\u00e4v\u00e4n leve\u00e4 pinta ja se sopii erinomaisesti istutukseen.\" \/>\n<meta name=\"robots\" content=\"index, follow, max-snippet:-1, max-image-preview:large, max-video-preview:-1\" \/>\n<link rel=\"canonical\" href=\"https:\/\/rodoaed.ee\/fi\/toode\/istutuslapio-oikealle\/\" \/>\n<meta property=\"og:locale\" content=\"fi_FI\" \/>\n<meta property=\"og:type\" content=\"article\" \/>\n<meta property=\"og:title\" content=\"Istutuslapio oikealle\" \/>\n<meta property=\"og:description\" content=\"Oikeanpuoleinen istutuskauha on ihanteellinen esimerkiksi kukkaruukkujen ja -astioiden t\u00e4ytt\u00e4miseen istutusta varten. T\u00e4t\u00e4 istutuslapiota on ilo k\u00e4ytt\u00e4\u00e4,\" \/>\n<meta property=\"og:url\" content=\"https:\/\/rodoaed.ee\/fi\/toode\/istutuslapio-oikealle\/\" \/>\n<meta property=\"og:site_name\" content=\"Rodoaed\" \/>\n<meta property=\"article:publisher\" content=\"https:\/\/www.facebook.com\/kasvuhooned\/\" \/>\n<meta property=\"article:modified_time\" content=\"2026-04-13T08:04:02+00:00\" \/>\n<meta property=\"og:image\" content=\"https:\/\/rodoaed.ee\/wp-content\/uploads\/2020\/04\/k\u00fchvel_4025-140250_06-1-scaled.jpg\" \/>\n\t<meta property=\"og:image:width\" content=\"2560\" \/>\n\t<meta property=\"og:image:height\" content=\"2560\" \/>\n\t<meta property=\"og:image:type\" content=\"image\/jpeg\" \/>\n<meta name=\"twitter:card\" content=\"summary_large_image\" \/>\n<meta name=\"twitter:label1\" content=\"Arvioitu lukuaika\" \/>\n\t<meta name=\"twitter:data1\" content=\"1 minuutti\" \/>\n<script type=\"application\/ld+json\" class=\"yoast-schema-graph\">{\"@context\":\"https:\\\/\\\/schema.org\",\"@graph\":[{\"@type\":\"WebPage\",\"@id\":\"https:\\\/\\\/rodoaed.ee\\\/fi\\\/toode\\\/istutuslapio-oikealle\\\/\",\"url\":\"https:\\\/\\\/rodoaed.ee\\\/fi\\\/toode\\\/istutuslapio-oikealle\\\/\",\"name\":\"Istutuslapio oikealle - Puutarhaty\u00f6kalut Puutarhalapio Maubach\",\"isPartOf\":{\"@id\":\"https:\\\/\\\/rodoaed.ee\\\/#website\"},\"primaryImageOfPage\":{\"@id\":\"https:\\\/\\\/rodoaed.ee\\\/fi\\\/toode\\\/istutuslapio-oikealle\\\/#primaryimage\"},\"image\":{\"@id\":\"https:\\\/\\\/rodoaed.ee\\\/fi\\\/toode\\\/istutuslapio-oikealle\\\/#primaryimage\"},\"thumbnailUrl\":\"https:\\\/\\\/rodoaed.ee\\\/wp-content\\\/uploads\\\/2020\\\/04\\\/k\u00fchvel_4025-140250_06-1.jpg\",\"datePublished\":\"2020-04-08T17:38:43+00:00\",\"dateModified\":\"2026-04-13T08:04:02+00:00\",\"description\":\"Maubachin istutuslapio on valmistettu ruostumattomasta ter\u00e4ksest\u00e4, ja siin\u00e4 on tuhkapuukahva. Maubachin istutuslapiossa on miellytt\u00e4v\u00e4n leve\u00e4 pinta ja se sopii erinomaisesti istutukseen.\",\"breadcrumb\":{\"@id\":\"https:\\\/\\\/rodoaed.ee\\\/fi\\\/toode\\\/istutuslapio-oikealle\\\/#breadcrumb\"},\"inLanguage\":\"fi\",\"potentialAction\":[{\"@type\":\"ReadAction\",\"target\":[\"https:\\\/\\\/rodoaed.ee\\\/fi\\\/toode\\\/istutuslapio-oikealle\\\/\"]}]},{\"@type\":\"ImageObject\",\"inLanguage\":\"fi\",\"@id\":\"https:\\\/\\\/rodoaed.ee\\\/fi\\\/toode\\\/istutuslapio-oikealle\\\/#primaryimage\",\"url\":\"https:\\\/\\\/rodoaed.ee\\\/wp-content\\\/uploads\\\/2020\\\/04\\\/k\u00fchvel_4025-140250_06-1.jpg\",\"contentUrl\":\"https:\\\/\\\/rodoaed.ee\\\/wp-content\\\/uploads\\\/2020\\\/04\\\/k\u00fchvel_4025-140250_06-1.jpg\",\"width\":2560,\"height\":2560,\"caption\":\"OLYMPUS DIGIKAMERA\"},{\"@type\":\"BreadcrumbList\",\"@id\":\"https:\\\/\\\/rodoaed.ee\\\/fi\\\/toode\\\/istutuslapio-oikealle\\\/#breadcrumb\",\"itemListElement\":[{\"@type\":\"ListItem\",\"position\":1,\"name\":\"Home\",\"item\":\"https:\\\/\\\/rodoaed.ee\\\/fi\\\/\"},{\"@type\":\"ListItem\",\"position\":2,\"name\":\"Osta osoitteessa\",\"item\":\"https:\\\/\\\/rodoaed.ee\\\/osta-osoitteessa\\\/\"},{\"@type\":\"ListItem\",\"position\":3,\"name\":\"Istutuslapio oikealle\"}]},{\"@type\":\"WebSite\",\"@id\":\"https:\\\/\\\/rodoaed.ee\\\/#website\",\"url\":\"https:\\\/\\\/rodoaed.ee\\\/\",\"name\":\"Rodoaed\",\"description\":\"\",\"publisher\":{\"@id\":\"https:\\\/\\\/rodoaed.ee\\\/#organization\"},\"potentialAction\":[{\"@type\":\"SearchAction\",\"target\":{\"@type\":\"EntryPoint\",\"urlTemplate\":\"https:\\\/\\\/rodoaed.ee\\\/?s={search_term_string}\"},\"query-input\":{\"@type\":\"PropertyValueSpecification\",\"valueRequired\":true,\"valueName\":\"search_term_string\"}}],\"inLanguage\":\"fi\"},{\"@type\":\"Organization\",\"@id\":\"https:\\\/\\\/rodoaed.ee\\\/#organization\",\"name\":\"Rodoaed\",\"url\":\"https:\\\/\\\/rodoaed.ee\\\/\",\"logo\":{\"@type\":\"ImageObject\",\"inLanguage\":\"fi\",\"@id\":\"https:\\\/\\\/rodoaed.ee\\\/#\\\/schema\\\/logo\\\/image\\\/\",\"url\":\"https:\\\/\\\/rodoaed.ee\\\/wp-content\\\/uploads\\\/2019\\\/11\\\/rodoaed-logo-ilma-taustata.jpg\",\"contentUrl\":\"https:\\\/\\\/rodoaed.ee\\\/wp-content\\\/uploads\\\/2019\\\/11\\\/rodoaed-logo-ilma-taustata.jpg\",\"width\":769,\"height\":268,\"caption\":\"Rodoaed\"},\"image\":{\"@id\":\"https:\\\/\\\/rodoaed.ee\\\/#\\\/schema\\\/logo\\\/image\\\/\"},\"sameAs\":[\"https:\\\/\\\/www.facebook.com\\\/kasvuhooned\\\/\",\"https:\\\/\\\/rodoaed.ee\"]}]}<\/script>\n<!-- \/ Yoast SEO Premium plugin. -->","yoast_head_json":{"title":"Istutuslapio oikealle - Puutarhaty\u00f6kalut Puutarhalapio Maubach","description":"Maubachin istutuslapio on valmistettu ruostumattomasta ter\u00e4ksest\u00e4, ja siin\u00e4 on tuhkapuukahva. Maubachin istutuslapiossa on miellytt\u00e4v\u00e4n leve\u00e4 pinta ja se sopii erinomaisesti istutukseen.","robots":{"index":"index","follow":"follow","max-snippet":"max-snippet:-1","max-image-preview":"max-image-preview:large","max-video-preview":"max-video-preview:-1"},"canonical":"https:\/\/rodoaed.ee\/fi\/toode\/istutuslapio-oikealle\/","og_locale":"fi_FI","og_type":"article","og_title":"Istutuslapio oikealle","og_description":"Oikeanpuoleinen istutuskauha on ihanteellinen esimerkiksi kukkaruukkujen ja -astioiden t\u00e4ytt\u00e4miseen istutusta varten. T\u00e4t\u00e4 istutuslapiota on ilo k\u00e4ytt\u00e4\u00e4,","og_url":"https:\/\/rodoaed.ee\/fi\/toode\/istutuslapio-oikealle\/","og_site_name":"Rodoaed","article_publisher":"https:\/\/www.facebook.com\/kasvuhooned\/","article_modified_time":"2026-04-13T08:04:02+00:00","og_image":[{"width":2560,"height":2560,"url":"https:\/\/rodoaed.ee\/wp-content\/uploads\/2020\/04\/k\u00fchvel_4025-140250_06-1-scaled.jpg","type":"image\/jpeg"}],"twitter_card":"summary_large_image","twitter_misc":{"Arvioitu lukuaika":"1 minuutti"},"schema":{"@context":"https:\/\/schema.org","@graph":[{"@type":"WebPage","@id":"https:\/\/rodoaed.ee\/fi\/toode\/istutuslapio-oikealle\/","url":"https:\/\/rodoaed.ee\/fi\/toode\/istutuslapio-oikealle\/","name":"Istutuslapio oikealle - Puutarhaty\u00f6kalut Puutarhalapio Maubach","isPartOf":{"@id":"https:\/\/rodoaed.ee\/#website"},"primaryImageOfPage":{"@id":"https:\/\/rodoaed.ee\/fi\/toode\/istutuslapio-oikealle\/#primaryimage"},"image":{"@id":"https:\/\/rodoaed.ee\/fi\/toode\/istutuslapio-oikealle\/#primaryimage"},"thumbnailUrl":"https:\/\/rodoaed.ee\/wp-content\/uploads\/2020\/04\/k\u00fchvel_4025-140250_06-1.jpg","datePublished":"2020-04-08T17:38:43+00:00","dateModified":"2026-04-13T08:04:02+00:00","description":"Maubachin istutuslapio on valmistettu ruostumattomasta ter\u00e4ksest\u00e4, ja siin\u00e4 on tuhkapuukahva. Maubachin istutuslapiossa on miellytt\u00e4v\u00e4n leve\u00e4 pinta ja se sopii erinomaisesti istutukseen.","breadcrumb":{"@id":"https:\/\/rodoaed.ee\/fi\/toode\/istutuslapio-oikealle\/#breadcrumb"},"inLanguage":"fi","potentialAction":[{"@type":"ReadAction","target":["https:\/\/rodoaed.ee\/fi\/toode\/istutuslapio-oikealle\/"]}]},{"@type":"ImageObject","inLanguage":"fi","@id":"https:\/\/rodoaed.ee\/fi\/toode\/istutuslapio-oikealle\/#primaryimage","url":"https:\/\/rodoaed.ee\/wp-content\/uploads\/2020\/04\/k\u00fchvel_4025-140250_06-1.jpg","contentUrl":"https:\/\/rodoaed.ee\/wp-content\/uploads\/2020\/04\/k\u00fchvel_4025-140250_06-1.jpg","width":2560,"height":2560,"caption":"OLYMPUS DIGIKAMERA"},{"@type":"BreadcrumbList","@id":"https:\/\/rodoaed.ee\/fi\/toode\/istutuslapio-oikealle\/#breadcrumb","itemListElement":[{"@type":"ListItem","position":1,"name":"Home","item":"https:\/\/rodoaed.ee\/fi\/"},{"@type":"ListItem","position":2,"name":"Osta osoitteessa","item":"https:\/\/rodoaed.ee\/osta-osoitteessa\/"},{"@type":"ListItem","position":3,"name":"Istutuslapio oikealle"}]},{"@type":"WebSite","@id":"https:\/\/rodoaed.ee\/#website","url":"https:\/\/rodoaed.ee\/","name":"Rodoaed","description":"","publisher":{"@id":"https:\/\/rodoaed.ee\/#organization"},"potentialAction":[{"@type":"SearchAction","target":{"@type":"EntryPoint","urlTemplate":"https:\/\/rodoaed.ee\/?s={search_term_string}"},"query-input":{"@type":"PropertyValueSpecification","valueRequired":true,"valueName":"search_term_string"}}],"inLanguage":"fi"},{"@type":"Organization","@id":"https:\/\/rodoaed.ee\/#organization","name":"Rodoaed","url":"https:\/\/rodoaed.ee\/","logo":{"@type":"ImageObject","inLanguage":"fi","@id":"https:\/\/rodoaed.ee\/#\/schema\/logo\/image\/","url":"https:\/\/rodoaed.ee\/wp-content\/uploads\/2019\/11\/rodoaed-logo-ilma-taustata.jpg","contentUrl":"https:\/\/rodoaed.ee\/wp-content\/uploads\/2019\/11\/rodoaed-logo-ilma-taustata.jpg","width":769,"height":268,"caption":"Rodoaed"},"image":{"@id":"https:\/\/rodoaed.ee\/#\/schema\/logo\/image\/"},"sameAs":["https:\/\/www.facebook.com\/kasvuhooned\/","https:\/\/rodoaed.ee"]}]}},"_links":{"self":[{"href":"https:\/\/rodoaed.ee\/fi\/wp-json\/wp\/v2\/product\/53325","targetHints":{"allow":["GET"]}}],"collection":[{"href":"https:\/\/rodoaed.ee\/fi\/wp-json\/wp\/v2\/product"}],"about":[{"href":"https:\/\/rodoaed.ee\/fi\/wp-json\/wp\/v2\/types\/product"}],"wp:featuredmedia":[{"embeddable":true,"href":"https:\/\/rodoaed.ee\/fi\/wp-json\/wp\/v2\/media\/31423"}],"wp:attachment":[{"href":"https:\/\/rodoaed.ee\/fi\/wp-json\/wp\/v2\/media?parent=53325"}],"wp:term":[{"taxonomy":"product_brand","embeddable":true,"href":"https:\/\/rodoaed.ee\/fi\/wp-json\/wp\/v2\/product_brand?post=53325"},{"taxonomy":"product_cat","embeddable":true,"href":"https:\/\/rodoaed.ee\/fi\/wp-json\/wp\/v2\/product_cat?post=53325"},{"taxonomy":"product_tag","embeddable":true,"href":"https:\/\/rodoaed.ee\/fi\/wp-json\/wp\/v2\/product_tag?post=53325"}],"curies":[{"name":"wp","href":"https:\/\/api.w.org\/{rel}","templated":true}]}}