{"id":53330,"date":"2020-04-18T14:50:09","date_gmt":"2020-04-18T11:50:09","guid":{"rendered":"https:\/\/rodoaed.ee\/toode\/talveaed-tropic-veranda-308x509cm-157m2\/"},"modified":"2026-04-13T11:04:08","modified_gmt":"2026-04-13T08:04:08","slug":"talveaed-tropic-veranda-308x509cm-157m2","status":"publish","type":"product","link":"https:\/\/rodoaed.ee\/fi\/tuote\/talveaed-tropic-veranda-308x509cm-157m2\/","title":{"rendered":"Talveaed Tropic Veranda 308x509cm 15<sup>,7m2<\/sup>"},"content":{"rendered":"<h2>Talvipuutarhan mitat<\/h2>\n<p>Talvihuoneen leveys on 308 cm ja pituus 310 cm:st\u00e4 904 cm:iin. Kattokaltevuudeksi voidaan valita 11 tai 25 astetta. <strong>Vakiovaraus on 11 astetta.<\/strong> <strong>Katon harjan korkeus <\/strong>peruskehyksen kanssa<strong> on 271 cm (11 asteen kaltevuudessa) ja 350 cm (25 asteen kaltevuudessa).<\/strong> <strong>Sivusein\u00e4n korkeus<\/strong> 13 cm:n pohjakehyksell\u00e4 <strong>on 215 cm.<\/strong> Sivusein\u00e4n korkeutta voidaan lis\u00e4t\u00e4 pyynn\u00f6st\u00e4. Kunkin sein\u00e4n rako on noin 98cm leve\u00e4. Talvihuoneen mukana toimitetaan sadevesiputket.    <\/p>\n<h2>Joustava oviasettelu<\/h2>\n<p>95 cm leve\u00e4 liukuovi asennetaan oletusarvoisesti p\u00e4\u00e4tysein\u00e4\u00e4n, mutta se voidaan asentaa mihin tahansa sein\u00e4\u00e4n pyynn\u00f6st\u00e4. Vakiovet voidaan korvata tai p\u00e4ivitt\u00e4\u00e4 2x 97 cm:n pariovella tai 193 cm:n leve\u00e4ll\u00e4 pariovella. <\/p>\n<h2>Polykarbonaatti- ja lasipakkaus<\/h2>\n<p>Talvihuone on p\u00e4\u00e4llystetty 16 mm paksulla kirkkaalla polykarbonaatilla, joka on oletusarvoisesti vahvaa ja l\u00e4mp\u00f6\u00e4 pid\u00e4tt\u00e4v\u00e4\u00e4. Haluttaessa sein\u00e4t voidaan tilata 14mm paksulla lasipaketilla. Tropic Veranda -talvihuonemallien katto on turvallisuussyist\u00e4 aina p\u00e4\u00e4llystetty l\u00e4hes sirpaloitumattomalla polykarbonaatilla. Polykarbonaatin No-Drop-pinnoite est\u00e4\u00e4 kondenssiveden muodostumista ja takaa paremman l\u00e4pin\u00e4kyvyyden.    Polykarbonaatti katolla on my\u00f6s k\u00e4tev\u00e4mpi huollon kannalta.<\/p>\n<h2>Alusraam<\/h2>\n<p>Tukeva alumiininen runko antaa talvihuoneelle suuremman vakauden ja helpottaa kokoamista huomattavasti. Runko on valmistettu vahvasta karppiprofiilista ja se on noin 13 cm korkea. Peruskehyksess\u00e4 on ankkurointitapit, jotka voidaan kaivaa maahan tai valaa sekaan. N\u00e4in ollen sit\u00e4 voidaan k\u00e4ytt\u00e4\u00e4 erillisen perustuksen korvikkeena.   <\/p>\n<p>Peruskehys sis\u00e4ltyy hintaan.<\/p>\n<h2>RAL maalattu runko<\/h2>\n<p>Kasvihuoneen runko on tavallisesti matta-alumiinia, mutta se voidaan my\u00f6s tilata pulverimaalattuna RAL-v\u00e4reiss\u00e4 (9010, 6005, 6009, 7016, 1013, 3004, 3011, 9005, 6013 ja 1019).<\/p>\n<p><a href=\"https:\/\/rodoaed.ee\/fi\/\">kotisivu<\/a> <a href=\"https:\/\/rodoaed.ee\/tootekategooria\/kasvuhooned-ja-talveaiad\/\">k\u00e4ynnist\u00e4<\/a> <a href=\"https:\/\/rodoaed.ee\/fi\/tootekategooria\/euro-serren-talvipuutarhat\/\">konservatoriot<\/a><\/p>\n<p>&nbsp;<\/p>\n","protected":false},"excerpt":{"rendered":"<p>Talvipuutarhan mitat Talvihuoneen leveys on 308 cm ja pituus 310 cm:st\u00e4 904 cm:iin. Kattokaltevuudeksi voidaan valita 11 tai 25 astetta. Vakiovaraus on 11 astetta. Katon harjan korkeus peruskehyksen kanssa on 271 cm (11 asteen kaltevuudessa) ja 350 cm (25 asteen kaltevuudessa). Sivusein\u00e4n korkeus 13 cm:n pohjakehyksell\u00e4 on 215 cm. Sivusein\u00e4n korkeutta voidaan lis\u00e4t\u00e4 pyynn\u00f6st\u00e4. Kunkin sein\u00e4n rako on noin 98cm leve\u00e4. Talvihuoneen mukana toimitetaan sadevesiputket&#8230;.<\/p>\n","protected":false},"featured_media":25059,"template":"","meta":{"_acf_changed":false},"product_brand":[],"product_cat":[1828,2156],"product_tag":[],"class_list":{"0":"post-53330","1":"product","2":"type-product","3":"status-publish","4":"has-post-thumbnail","6":"product_cat-euro-serren-talvipuutarhat","7":"product_cat-talveaed-tropic-veranda","8":"pa_variatsioon-talveaed-tropic-veranda-233x310cm-72m2","9":"pa_variatsioon-talvipuutarha-tropic-veranda-233x310cm-72m2-kattokaltevuus-katto-kaltevuus-11","10":"pa_variatsioon-talvipuutarha-tropic-veranda-233x310cm-72m2-kattokaltevuus-kattokaltevuus-25","12":"first","13":"instock","14":"taxable","15":"shipping-taxable","16":"purchasable","17":"product-type-simple"},"acf":[],"yoast_head":"<!-- This site is optimized with the Yoast SEO Premium plugin v27.3 (Yoast SEO v27.3) - https:\/\/yoast.com\/product\/yoast-seo-premium-wordpress\/ -->\n<title>Talveaed Tropic Veranda 308x509cm 15,7m2 - Rodoaed<\/title>\n<meta name=\"robots\" content=\"index, follow, max-snippet:-1, max-image-preview:large, max-video-preview:-1\" \/>\n<link rel=\"canonical\" href=\"https:\/\/rodoaed.ee\/fi\/toode\/talveaed-tropic-veranda-308x509cm-157m2\/\" \/>\n<meta property=\"og:locale\" content=\"fi_FI\" \/>\n<meta property=\"og:type\" content=\"article\" \/>\n<meta property=\"og:title\" content=\"Talveaed Tropic Veranda 308x509cm 15,7m2\" \/>\n<meta property=\"og:description\" content=\"Talvipuutarhan mitat Talvihuoneen leveys on 308 cm ja pituus 310 cm:st\u00e4 904 cm:iin. Kattokaltevuudeksi voidaan valita 11 tai 25 astetta. Vakiovaraus on 11\" \/>\n<meta property=\"og:url\" content=\"https:\/\/rodoaed.ee\/fi\/toode\/talveaed-tropic-veranda-308x509cm-157m2\/\" \/>\n<meta property=\"og:site_name\" content=\"Rodoaed\" \/>\n<meta property=\"article:publisher\" content=\"https:\/\/www.facebook.com\/kasvuhooned\/\" \/>\n<meta property=\"article:modified_time\" content=\"2026-04-13T08:04:08+00:00\" \/>\n<meta property=\"og:image\" content=\"https:\/\/rodoaed.ee\/wp-content\/uploads\/2019\/08\/kasvuhoone-talveaed-tropic-veranda-2.jpg\" \/>\n\t<meta property=\"og:image:width\" content=\"800\" \/>\n\t<meta property=\"og:image:height\" content=\"533\" \/>\n\t<meta property=\"og:image:type\" content=\"image\/jpeg\" \/>\n<meta name=\"twitter:card\" content=\"summary_large_image\" \/>\n<meta name=\"twitter:label1\" content=\"Arvioitu lukuaika\" \/>\n\t<meta name=\"twitter:data1\" content=\"1 minuutti\" \/>\n<script type=\"application\/ld+json\" class=\"yoast-schema-graph\">{\"@context\":\"https:\\\/\\\/schema.org\",\"@graph\":[{\"@type\":\"WebPage\",\"@id\":\"https:\\\/\\\/rodoaed.ee\\\/fi\\\/toode\\\/talveaed-tropic-veranda-308x509cm-157m2\\\/\",\"url\":\"https:\\\/\\\/rodoaed.ee\\\/fi\\\/toode\\\/talveaed-tropic-veranda-308x509cm-157m2\\\/\",\"name\":\"Talveaed Tropic Veranda 308x509cm 15,7m2 - Rodoaed\",\"isPartOf\":{\"@id\":\"https:\\\/\\\/rodoaed.ee\\\/#website\"},\"primaryImageOfPage\":{\"@id\":\"https:\\\/\\\/rodoaed.ee\\\/fi\\\/toode\\\/talveaed-tropic-veranda-308x509cm-157m2\\\/#primaryimage\"},\"image\":{\"@id\":\"https:\\\/\\\/rodoaed.ee\\\/fi\\\/toode\\\/talveaed-tropic-veranda-308x509cm-157m2\\\/#primaryimage\"},\"thumbnailUrl\":\"https:\\\/\\\/rodoaed.ee\\\/wp-content\\\/uploads\\\/2019\\\/08\\\/kasvuhoone-talveaed-tropic-veranda-2.jpg\",\"datePublished\":\"2020-04-18T11:50:09+00:00\",\"dateModified\":\"2026-04-13T08:04:08+00:00\",\"breadcrumb\":{\"@id\":\"https:\\\/\\\/rodoaed.ee\\\/fi\\\/toode\\\/talveaed-tropic-veranda-308x509cm-157m2\\\/#breadcrumb\"},\"inLanguage\":\"fi\",\"potentialAction\":[{\"@type\":\"ReadAction\",\"target\":[\"https:\\\/\\\/rodoaed.ee\\\/fi\\\/toode\\\/talveaed-tropic-veranda-308x509cm-157m2\\\/\"]}]},{\"@type\":\"ImageObject\",\"inLanguage\":\"fi\",\"@id\":\"https:\\\/\\\/rodoaed.ee\\\/fi\\\/toode\\\/talveaed-tropic-veranda-308x509cm-157m2\\\/#primaryimage\",\"url\":\"https:\\\/\\\/rodoaed.ee\\\/wp-content\\\/uploads\\\/2019\\\/08\\\/kasvuhoone-talveaed-tropic-veranda-2.jpg\",\"contentUrl\":\"https:\\\/\\\/rodoaed.ee\\\/wp-content\\\/uploads\\\/2019\\\/08\\\/kasvuhoone-talveaed-tropic-veranda-2.jpg\",\"width\":800,\"height\":533},{\"@type\":\"BreadcrumbList\",\"@id\":\"https:\\\/\\\/rodoaed.ee\\\/fi\\\/toode\\\/talveaed-tropic-veranda-308x509cm-157m2\\\/#breadcrumb\",\"itemListElement\":[{\"@type\":\"ListItem\",\"position\":1,\"name\":\"Home\",\"item\":\"https:\\\/\\\/rodoaed.ee\\\/fi\\\/\"},{\"@type\":\"ListItem\",\"position\":2,\"name\":\"Osta osoitteessa\",\"item\":\"https:\\\/\\\/rodoaed.ee\\\/osta-osoitteessa\\\/\"},{\"@type\":\"ListItem\",\"position\":3,\"name\":\"Talveaed Tropic Veranda 308x509cm 15,7m2\"}]},{\"@type\":\"WebSite\",\"@id\":\"https:\\\/\\\/rodoaed.ee\\\/#website\",\"url\":\"https:\\\/\\\/rodoaed.ee\\\/\",\"name\":\"Rodoaed\",\"description\":\"\",\"publisher\":{\"@id\":\"https:\\\/\\\/rodoaed.ee\\\/#organization\"},\"potentialAction\":[{\"@type\":\"SearchAction\",\"target\":{\"@type\":\"EntryPoint\",\"urlTemplate\":\"https:\\\/\\\/rodoaed.ee\\\/?s={search_term_string}\"},\"query-input\":{\"@type\":\"PropertyValueSpecification\",\"valueRequired\":true,\"valueName\":\"search_term_string\"}}],\"inLanguage\":\"fi\"},{\"@type\":\"Organization\",\"@id\":\"https:\\\/\\\/rodoaed.ee\\\/#organization\",\"name\":\"Rodoaed\",\"url\":\"https:\\\/\\\/rodoaed.ee\\\/\",\"logo\":{\"@type\":\"ImageObject\",\"inLanguage\":\"fi\",\"@id\":\"https:\\\/\\\/rodoaed.ee\\\/#\\\/schema\\\/logo\\\/image\\\/\",\"url\":\"https:\\\/\\\/rodoaed.ee\\\/wp-content\\\/uploads\\\/2019\\\/11\\\/rodoaed-logo-ilma-taustata.jpg\",\"contentUrl\":\"https:\\\/\\\/rodoaed.ee\\\/wp-content\\\/uploads\\\/2019\\\/11\\\/rodoaed-logo-ilma-taustata.jpg\",\"width\":769,\"height\":268,\"caption\":\"Rodoaed\"},\"image\":{\"@id\":\"https:\\\/\\\/rodoaed.ee\\\/#\\\/schema\\\/logo\\\/image\\\/\"},\"sameAs\":[\"https:\\\/\\\/www.facebook.com\\\/kasvuhooned\\\/\",\"https:\\\/\\\/rodoaed.ee\"]}]}<\/script>\n<!-- \/ Yoast SEO Premium plugin. -->","yoast_head_json":{"title":"Talveaed Tropic Veranda 308x509cm 15,7m2 - Rodoaed","robots":{"index":"index","follow":"follow","max-snippet":"max-snippet:-1","max-image-preview":"max-image-preview:large","max-video-preview":"max-video-preview:-1"},"canonical":"https:\/\/rodoaed.ee\/fi\/toode\/talveaed-tropic-veranda-308x509cm-157m2\/","og_locale":"fi_FI","og_type":"article","og_title":"Talveaed Tropic Veranda 308x509cm 15,7m2","og_description":"Talvipuutarhan mitat Talvihuoneen leveys on 308 cm ja pituus 310 cm:st\u00e4 904 cm:iin. Kattokaltevuudeksi voidaan valita 11 tai 25 astetta. Vakiovaraus on 11","og_url":"https:\/\/rodoaed.ee\/fi\/toode\/talveaed-tropic-veranda-308x509cm-157m2\/","og_site_name":"Rodoaed","article_publisher":"https:\/\/www.facebook.com\/kasvuhooned\/","article_modified_time":"2026-04-13T08:04:08+00:00","og_image":[{"width":800,"height":533,"url":"https:\/\/rodoaed.ee\/wp-content\/uploads\/2019\/08\/kasvuhoone-talveaed-tropic-veranda-2.jpg","type":"image\/jpeg"}],"twitter_card":"summary_large_image","twitter_misc":{"Arvioitu lukuaika":"1 minuutti"},"schema":{"@context":"https:\/\/schema.org","@graph":[{"@type":"WebPage","@id":"https:\/\/rodoaed.ee\/fi\/toode\/talveaed-tropic-veranda-308x509cm-157m2\/","url":"https:\/\/rodoaed.ee\/fi\/toode\/talveaed-tropic-veranda-308x509cm-157m2\/","name":"Talveaed Tropic Veranda 308x509cm 15,7m2 - Rodoaed","isPartOf":{"@id":"https:\/\/rodoaed.ee\/#website"},"primaryImageOfPage":{"@id":"https:\/\/rodoaed.ee\/fi\/toode\/talveaed-tropic-veranda-308x509cm-157m2\/#primaryimage"},"image":{"@id":"https:\/\/rodoaed.ee\/fi\/toode\/talveaed-tropic-veranda-308x509cm-157m2\/#primaryimage"},"thumbnailUrl":"https:\/\/rodoaed.ee\/wp-content\/uploads\/2019\/08\/kasvuhoone-talveaed-tropic-veranda-2.jpg","datePublished":"2020-04-18T11:50:09+00:00","dateModified":"2026-04-13T08:04:08+00:00","breadcrumb":{"@id":"https:\/\/rodoaed.ee\/fi\/toode\/talveaed-tropic-veranda-308x509cm-157m2\/#breadcrumb"},"inLanguage":"fi","potentialAction":[{"@type":"ReadAction","target":["https:\/\/rodoaed.ee\/fi\/toode\/talveaed-tropic-veranda-308x509cm-157m2\/"]}]},{"@type":"ImageObject","inLanguage":"fi","@id":"https:\/\/rodoaed.ee\/fi\/toode\/talveaed-tropic-veranda-308x509cm-157m2\/#primaryimage","url":"https:\/\/rodoaed.ee\/wp-content\/uploads\/2019\/08\/kasvuhoone-talveaed-tropic-veranda-2.jpg","contentUrl":"https:\/\/rodoaed.ee\/wp-content\/uploads\/2019\/08\/kasvuhoone-talveaed-tropic-veranda-2.jpg","width":800,"height":533},{"@type":"BreadcrumbList","@id":"https:\/\/rodoaed.ee\/fi\/toode\/talveaed-tropic-veranda-308x509cm-157m2\/#breadcrumb","itemListElement":[{"@type":"ListItem","position":1,"name":"Home","item":"https:\/\/rodoaed.ee\/fi\/"},{"@type":"ListItem","position":2,"name":"Osta osoitteessa","item":"https:\/\/rodoaed.ee\/osta-osoitteessa\/"},{"@type":"ListItem","position":3,"name":"Talveaed Tropic Veranda 308x509cm 15,7m2"}]},{"@type":"WebSite","@id":"https:\/\/rodoaed.ee\/#website","url":"https:\/\/rodoaed.ee\/","name":"Rodoaed","description":"","publisher":{"@id":"https:\/\/rodoaed.ee\/#organization"},"potentialAction":[{"@type":"SearchAction","target":{"@type":"EntryPoint","urlTemplate":"https:\/\/rodoaed.ee\/?s={search_term_string}"},"query-input":{"@type":"PropertyValueSpecification","valueRequired":true,"valueName":"search_term_string"}}],"inLanguage":"fi"},{"@type":"Organization","@id":"https:\/\/rodoaed.ee\/#organization","name":"Rodoaed","url":"https:\/\/rodoaed.ee\/","logo":{"@type":"ImageObject","inLanguage":"fi","@id":"https:\/\/rodoaed.ee\/#\/schema\/logo\/image\/","url":"https:\/\/rodoaed.ee\/wp-content\/uploads\/2019\/11\/rodoaed-logo-ilma-taustata.jpg","contentUrl":"https:\/\/rodoaed.ee\/wp-content\/uploads\/2019\/11\/rodoaed-logo-ilma-taustata.jpg","width":769,"height":268,"caption":"Rodoaed"},"image":{"@id":"https:\/\/rodoaed.ee\/#\/schema\/logo\/image\/"},"sameAs":["https:\/\/www.facebook.com\/kasvuhooned\/","https:\/\/rodoaed.ee"]}]}},"_links":{"self":[{"href":"https:\/\/rodoaed.ee\/fi\/wp-json\/wp\/v2\/product\/53330","targetHints":{"allow":["GET"]}}],"collection":[{"href":"https:\/\/rodoaed.ee\/fi\/wp-json\/wp\/v2\/product"}],"about":[{"href":"https:\/\/rodoaed.ee\/fi\/wp-json\/wp\/v2\/types\/product"}],"wp:featuredmedia":[{"embeddable":true,"href":"https:\/\/rodoaed.ee\/fi\/wp-json\/wp\/v2\/media\/25059"}],"wp:attachment":[{"href":"https:\/\/rodoaed.ee\/fi\/wp-json\/wp\/v2\/media?parent=53330"}],"wp:term":[{"taxonomy":"product_brand","embeddable":true,"href":"https:\/\/rodoaed.ee\/fi\/wp-json\/wp\/v2\/product_brand?post=53330"},{"taxonomy":"product_cat","embeddable":true,"href":"https:\/\/rodoaed.ee\/fi\/wp-json\/wp\/v2\/product_cat?post=53330"},{"taxonomy":"product_tag","embeddable":true,"href":"https:\/\/rodoaed.ee\/fi\/wp-json\/wp\/v2\/product_tag?post=53330"}],"curies":[{"name":"wp","href":"https:\/\/api.w.org\/{rel}","templated":true}]}}