{"id":53331,"date":"2020-04-13T15:32:53","date_gmt":"2020-04-13T12:32:53","guid":{"rendered":"https:\/\/rodoaed.ee\/toode\/suuri-dixterin-istutuslasta-42cm-kahvalla-varustettuna\/"},"modified":"2026-04-13T11:04:08","modified_gmt":"2026-04-13T08:04:08","slug":"suuri-dixterin-istutuslasta-42cm-kahvalla-varustettuna","status":"publish","type":"product","link":"https:\/\/rodoaed.ee\/fi\/tuote\/suuri-dixterin-istutuslasta-42cm-kahvalla-varustettuna\/","title":{"rendered":"Suuri Dixterin istutuslasta 42cm kahvalla varustettuna"},"content":{"rendered":"<h2>Erityisen k\u00e4tev\u00e4 istutuspallossa, jossa on lyhyt varsi.<\/h2>\n<p>Koska suurin osa puutarhan istutust\u00f6ist\u00e4 tehd\u00e4\u00e4n k\u00e4sin ja polvillaan, t\u00e4m\u00e4 lyhytvartinen istutuslasta on eritt\u00e4in k\u00e4tev\u00e4 ja k\u00e4yt\u00e4nn\u00f6llinen. Istutuskuoppien kaivaminen kapealla lapiolla on paljon mukavampaa kuin tavallisella pitk\u00e4vartisella lapiolla. Erityisesti ranteisiin kohdistuva rasitus v\u00e4henee huomattavasti, kun ty\u00f6skentelet t\u00e4ll\u00e4 lapiolla. Kahvan ansiosta lapiota voidaan k\u00e4ytt\u00e4\u00e4 molemmilla k\u00e4sill\u00e4, ja lyhyempi kahva antaa paremman hallinnan ty\u00f6skentelyss\u00e4 verrattuna suureen lapioon. Kaltevan ter\u00e4n ansiosta maa-aines on helpompi poistaa kuopasta. Todella hy\u00f6dyllinen ty\u00f6kalu kaikenlaisiin istutust\u00f6ihin.     <\/p>\n<p>Se on my\u00f6s k\u00e4tev\u00e4 v\u00e4line monivuotisten ruusujen jakamiseen ja siirt\u00e4miseen. Sopii erinomaisesti ty\u00f6skentelyyn paikoissa, joissa t\u00e4ysikokoinen lapio olisi pitk\u00e4 ja k\u00f6mpel\u00f6 ja joissa pitk\u00e4 kahva vain juuttuisi oksiin. <\/p>\n<p><em>Sneeboer &amp; Zn on perinteinen hollantilainen ty\u00f6kaluyritys, joka on valmistanut laadukkaita puutarhaty\u00f6kaluja vuodesta 1913. Sneeboer &amp; Zn valmistaa p\u00e4\u00e4asiassa k\u00e4sin taottuja ruostumattomasta ter\u00e4ksest\u00e4 valmistettuja puutarhaty\u00f6kaluja, joiden k\u00e4ytt\u00f6ik\u00e4 on v\u00e4hint\u00e4\u00e4n yksi sukupolvi. Mutta se, mik\u00e4 tekee heid\u00e4n tuotannostaan hyvin erikoista ja on tehnyt heist\u00e4 maailmankuuluja, on heid\u00e4n sovellusinnovaationsa. T\u00e4m\u00e4 tarkoittaa, ett\u00e4 keksij\u00e4t ymp\u00e4ri maailmaa ovat lis\u00e4nneet omia innovaatioitaan heid\u00e4n tuotevalikoimaansa.    Joskus hyvin innovatiivisia ratkaisuja, joskus melko pieni\u00e4 keksint\u00f6j\u00e4, mutta ne tekev\u00e4t puutarhanhoidosta ja ty\u00f6kalun k\u00e4yt\u00f6st\u00e4 paljon helpompaa.<\/em><\/p>\n<h2>Tekniset tiedot:<\/h2>\n<ul>\n<li>Ty\u00f6kalun p\u00e4\u00e4n leveys: 12,5 cm<\/li>\n<li>Ty\u00f6kalun p\u00e4\u00e4n pituus: 14 cm<\/li>\n<li>Kahvan pituus: 42 cm<\/li>\n<li>Kokonaispituus: 56 cm<\/li>\n<li>Kahvan materiaali: saarni<\/li>\n<li>Paino: 0,6 kg<\/li>\n<\/ul>\n","protected":false},"excerpt":{"rendered":"<p>Erityisen k\u00e4tev\u00e4 istutuspallossa, jossa on lyhyt varsi. Koska suurin osa puutarhan istutust\u00f6ist\u00e4 tehd\u00e4\u00e4n k\u00e4sin ja polvillaan, t\u00e4m\u00e4 lyhytvartinen istutuslasta on eritt\u00e4in k\u00e4tev\u00e4 ja k\u00e4yt\u00e4nn\u00f6llinen. Istutuskuoppien kaivaminen kapealla lapiolla on paljon mukavampaa kuin tavallisella pitk\u00e4vartisella lapiolla. Erityisesti ranteisiin kohdistuva rasitus v\u00e4henee huomattavasti, kun ty\u00f6skentelet t\u00e4ll\u00e4 lapiolla. Kahvan ansiosta lapiota voidaan k\u00e4ytt\u00e4\u00e4 molemmilla k\u00e4sill\u00e4, ja lyhyempi kahva antaa paremman hallinnan ty\u00f6skentelyss\u00e4 verrattuna suureen lapioon. Kaltevan ter\u00e4n ansiosta&#8230;<\/p>\n","protected":false},"featured_media":31603,"template":"","meta":{"_acf_changed":false},"product_brand":[],"product_cat":[1772,1743,1889,1922],"product_tag":[],"class_list":{"0":"post-53331","1":"product","2":"type-product","3":"status-publish","4":"has-post-thumbnail","6":"product_cat-lahjat-puutarhurille","7":"product_cat-lisalahjat-lahjat","8":"product_cat-puutarhatyokalut","9":"product_cat-renkaat-ja-lapiot","10":"product_shipping_class-kuljetus-ainoastaan-kuriiripalvelun-valityksella","11":"pa_variatsioon-ruostumattomasta-teraksesta-valmistettu-lapio-jossa-on-kulutuspintainen-reuna","13":"first","14":"onbackorder","15":"taxable","16":"shipping-taxable","17":"purchasable","18":"product-type-simple"},"acf":[],"yoast_head":"<!-- This site is optimized with the Yoast SEO Premium plugin v27.5 (Yoast SEO v27.5) - https:\/\/yoast.com\/product\/yoast-seo-premium-wordpress\/ -->\n<title>Suuri Dixterin istutuslasta 42cm kahvalla varustettuna% % -% Kelkkailulapio astinlaudoilla.<\/title>\n<meta name=\"description\" content=\"Ruostumattomasta ter\u00e4ksest\u00e4 valmistettu tallainen lapio, joka soveltuu kaikkiin puutarhat\u00f6ihin. Sit\u00e4 on mukava painaa jalalla eik\u00e4 se riko jalkineita.\" \/>\n<meta name=\"robots\" content=\"index, follow, max-snippet:-1, max-image-preview:large, max-video-preview:-1\" \/>\n<link rel=\"canonical\" href=\"https:\/\/rodoaed.ee\/fi\/toode\/suuri-dixterin-istutuslasta-42cm-kahvalla-varustettuna\/\" \/>\n<meta property=\"og:locale\" content=\"fi_FI\" \/>\n<meta property=\"og:type\" content=\"article\" \/>\n<meta property=\"og:title\" content=\"Suuri Dixterin istutuslasta 42cm kahvalla varustettuna\" \/>\n<meta property=\"og:description\" content=\"Erityisen k\u00e4tev\u00e4 istutuspallossa, jossa on lyhyt varsi. Koska suurin osa puutarhan istutust\u00f6ist\u00e4 tehd\u00e4\u00e4n k\u00e4sin ja polvillaan, t\u00e4m\u00e4 lyhytvartinen\" \/>\n<meta property=\"og:url\" content=\"https:\/\/rodoaed.ee\/fi\/toode\/suuri-dixterin-istutuslasta-42cm-kahvalla-varustettuna\/\" \/>\n<meta property=\"og:site_name\" content=\"Rodoaed\" \/>\n<meta property=\"article:publisher\" content=\"https:\/\/www.facebook.com\/kasvuhooned\/\" \/>\n<meta property=\"article:modified_time\" content=\"2026-04-13T08:04:08+00:00\" \/>\n<meta property=\"og:image\" content=\"https:\/\/rodoaed.ee\/wp-content\/uploads\/2020\/04\/Great-Dixter-Planting-Spade_2s.jpg\" \/>\n\t<meta property=\"og:image:width\" content=\"2560\" \/>\n\t<meta property=\"og:image:height\" content=\"2560\" \/>\n\t<meta property=\"og:image:type\" content=\"image\/jpeg\" \/>\n<meta name=\"twitter:card\" content=\"summary_large_image\" \/>\n<meta name=\"twitter:label1\" content=\"Arvioitu lukuaika\" \/>\n\t<meta name=\"twitter:data1\" content=\"1 minuutti\" \/>\n<script type=\"application\/ld+json\" class=\"yoast-schema-graph\">{\"@context\":\"https:\\\/\\\/schema.org\",\"@graph\":[{\"@type\":\"WebPage\",\"@id\":\"https:\\\/\\\/rodoaed.ee\\\/fi\\\/toode\\\/suuri-dixterin-istutuslasta-42cm-kahvalla-varustettuna\\\/\",\"url\":\"https:\\\/\\\/rodoaed.ee\\\/fi\\\/toode\\\/suuri-dixterin-istutuslasta-42cm-kahvalla-varustettuna\\\/\",\"name\":\"Suuri Dixterin istutuslasta 42cm kahvalla varustettuna% % -% Kelkkailulapio astinlaudoilla.\",\"isPartOf\":{\"@id\":\"https:\\\/\\\/rodoaed.ee\\\/#website\"},\"primaryImageOfPage\":{\"@id\":\"https:\\\/\\\/rodoaed.ee\\\/fi\\\/toode\\\/suuri-dixterin-istutuslasta-42cm-kahvalla-varustettuna\\\/#primaryimage\"},\"image\":{\"@id\":\"https:\\\/\\\/rodoaed.ee\\\/fi\\\/toode\\\/suuri-dixterin-istutuslasta-42cm-kahvalla-varustettuna\\\/#primaryimage\"},\"thumbnailUrl\":\"https:\\\/\\\/rodoaed.ee\\\/wp-content\\\/uploads\\\/2020\\\/04\\\/Great-Dixter-Planting-Spade_2s.jpg\",\"datePublished\":\"2020-04-13T12:32:53+00:00\",\"dateModified\":\"2026-04-13T08:04:08+00:00\",\"description\":\"Ruostumattomasta ter\u00e4ksest\u00e4 valmistettu tallainen lapio, joka soveltuu kaikkiin puutarhat\u00f6ihin. Sit\u00e4 on mukava painaa jalalla eik\u00e4 se riko jalkineita.\",\"breadcrumb\":{\"@id\":\"https:\\\/\\\/rodoaed.ee\\\/fi\\\/toode\\\/suuri-dixterin-istutuslasta-42cm-kahvalla-varustettuna\\\/#breadcrumb\"},\"inLanguage\":\"fi\",\"potentialAction\":[{\"@type\":\"ReadAction\",\"target\":[\"https:\\\/\\\/rodoaed.ee\\\/fi\\\/toode\\\/suuri-dixterin-istutuslasta-42cm-kahvalla-varustettuna\\\/\"]}]},{\"@type\":\"ImageObject\",\"inLanguage\":\"fi\",\"@id\":\"https:\\\/\\\/rodoaed.ee\\\/fi\\\/toode\\\/suuri-dixterin-istutuslasta-42cm-kahvalla-varustettuna\\\/#primaryimage\",\"url\":\"https:\\\/\\\/rodoaed.ee\\\/wp-content\\\/uploads\\\/2020\\\/04\\\/Great-Dixter-Planting-Spade_2s.jpg\",\"contentUrl\":\"https:\\\/\\\/rodoaed.ee\\\/wp-content\\\/uploads\\\/2020\\\/04\\\/Great-Dixter-Planting-Spade_2s.jpg\",\"width\":2560,\"height\":2560,\"caption\":\"OLYMPUS DIGITAL CAMERA\"},{\"@type\":\"BreadcrumbList\",\"@id\":\"https:\\\/\\\/rodoaed.ee\\\/fi\\\/toode\\\/suuri-dixterin-istutuslasta-42cm-kahvalla-varustettuna\\\/#breadcrumb\",\"itemListElement\":[{\"@type\":\"ListItem\",\"position\":1,\"name\":\"Home\",\"item\":\"https:\\\/\\\/rodoaed.ee\\\/fi\\\/\"},{\"@type\":\"ListItem\",\"position\":2,\"name\":\"Osta osoitteessa\",\"item\":\"https:\\\/\\\/rodoaed.ee\\\/osta-osoitteessa\\\/\"},{\"@type\":\"ListItem\",\"position\":3,\"name\":\"Suuri Dixterin istutuslasta 42cm kahvalla varustettuna\"}]},{\"@type\":\"WebSite\",\"@id\":\"https:\\\/\\\/rodoaed.ee\\\/#website\",\"url\":\"https:\\\/\\\/rodoaed.ee\\\/\",\"name\":\"Rodoaed\",\"description\":\"\",\"publisher\":{\"@id\":\"https:\\\/\\\/rodoaed.ee\\\/#organization\"},\"potentialAction\":[{\"@type\":\"SearchAction\",\"target\":{\"@type\":\"EntryPoint\",\"urlTemplate\":\"https:\\\/\\\/rodoaed.ee\\\/?s={search_term_string}\"},\"query-input\":{\"@type\":\"PropertyValueSpecification\",\"valueRequired\":true,\"valueName\":\"search_term_string\"}}],\"inLanguage\":\"fi\"},{\"@type\":\"Organization\",\"@id\":\"https:\\\/\\\/rodoaed.ee\\\/#organization\",\"name\":\"Rodoaed\",\"url\":\"https:\\\/\\\/rodoaed.ee\\\/\",\"logo\":{\"@type\":\"ImageObject\",\"inLanguage\":\"fi\",\"@id\":\"https:\\\/\\\/rodoaed.ee\\\/#\\\/schema\\\/logo\\\/image\\\/\",\"url\":\"https:\\\/\\\/rodoaed.ee\\\/wp-content\\\/uploads\\\/2019\\\/11\\\/rodoaed-logo-ilma-taustata.jpg\",\"contentUrl\":\"https:\\\/\\\/rodoaed.ee\\\/wp-content\\\/uploads\\\/2019\\\/11\\\/rodoaed-logo-ilma-taustata.jpg\",\"width\":769,\"height\":268,\"caption\":\"Rodoaed\"},\"image\":{\"@id\":\"https:\\\/\\\/rodoaed.ee\\\/#\\\/schema\\\/logo\\\/image\\\/\"},\"sameAs\":[\"https:\\\/\\\/www.facebook.com\\\/kasvuhooned\\\/\",\"https:\\\/\\\/rodoaed.ee\"]}]}<\/script>\n<!-- \/ Yoast SEO Premium plugin. -->","yoast_head_json":{"title":"Suuri Dixterin istutuslasta 42cm kahvalla varustettuna% % -% Kelkkailulapio astinlaudoilla.","description":"Ruostumattomasta ter\u00e4ksest\u00e4 valmistettu tallainen lapio, joka soveltuu kaikkiin puutarhat\u00f6ihin. Sit\u00e4 on mukava painaa jalalla eik\u00e4 se riko jalkineita.","robots":{"index":"index","follow":"follow","max-snippet":"max-snippet:-1","max-image-preview":"max-image-preview:large","max-video-preview":"max-video-preview:-1"},"canonical":"https:\/\/rodoaed.ee\/fi\/toode\/suuri-dixterin-istutuslasta-42cm-kahvalla-varustettuna\/","og_locale":"fi_FI","og_type":"article","og_title":"Suuri Dixterin istutuslasta 42cm kahvalla varustettuna","og_description":"Erityisen k\u00e4tev\u00e4 istutuspallossa, jossa on lyhyt varsi. Koska suurin osa puutarhan istutust\u00f6ist\u00e4 tehd\u00e4\u00e4n k\u00e4sin ja polvillaan, t\u00e4m\u00e4 lyhytvartinen","og_url":"https:\/\/rodoaed.ee\/fi\/toode\/suuri-dixterin-istutuslasta-42cm-kahvalla-varustettuna\/","og_site_name":"Rodoaed","article_publisher":"https:\/\/www.facebook.com\/kasvuhooned\/","article_modified_time":"2026-04-13T08:04:08+00:00","og_image":[{"width":2560,"height":2560,"url":"https:\/\/rodoaed.ee\/wp-content\/uploads\/2020\/04\/Great-Dixter-Planting-Spade_2s.jpg","type":"image\/jpeg"}],"twitter_card":"summary_large_image","twitter_misc":{"Arvioitu lukuaika":"1 minuutti"},"schema":{"@context":"https:\/\/schema.org","@graph":[{"@type":"WebPage","@id":"https:\/\/rodoaed.ee\/fi\/toode\/suuri-dixterin-istutuslasta-42cm-kahvalla-varustettuna\/","url":"https:\/\/rodoaed.ee\/fi\/toode\/suuri-dixterin-istutuslasta-42cm-kahvalla-varustettuna\/","name":"Suuri Dixterin istutuslasta 42cm kahvalla varustettuna% % -% Kelkkailulapio astinlaudoilla.","isPartOf":{"@id":"https:\/\/rodoaed.ee\/#website"},"primaryImageOfPage":{"@id":"https:\/\/rodoaed.ee\/fi\/toode\/suuri-dixterin-istutuslasta-42cm-kahvalla-varustettuna\/#primaryimage"},"image":{"@id":"https:\/\/rodoaed.ee\/fi\/toode\/suuri-dixterin-istutuslasta-42cm-kahvalla-varustettuna\/#primaryimage"},"thumbnailUrl":"https:\/\/rodoaed.ee\/wp-content\/uploads\/2020\/04\/Great-Dixter-Planting-Spade_2s.jpg","datePublished":"2020-04-13T12:32:53+00:00","dateModified":"2026-04-13T08:04:08+00:00","description":"Ruostumattomasta ter\u00e4ksest\u00e4 valmistettu tallainen lapio, joka soveltuu kaikkiin puutarhat\u00f6ihin. Sit\u00e4 on mukava painaa jalalla eik\u00e4 se riko jalkineita.","breadcrumb":{"@id":"https:\/\/rodoaed.ee\/fi\/toode\/suuri-dixterin-istutuslasta-42cm-kahvalla-varustettuna\/#breadcrumb"},"inLanguage":"fi","potentialAction":[{"@type":"ReadAction","target":["https:\/\/rodoaed.ee\/fi\/toode\/suuri-dixterin-istutuslasta-42cm-kahvalla-varustettuna\/"]}]},{"@type":"ImageObject","inLanguage":"fi","@id":"https:\/\/rodoaed.ee\/fi\/toode\/suuri-dixterin-istutuslasta-42cm-kahvalla-varustettuna\/#primaryimage","url":"https:\/\/rodoaed.ee\/wp-content\/uploads\/2020\/04\/Great-Dixter-Planting-Spade_2s.jpg","contentUrl":"https:\/\/rodoaed.ee\/wp-content\/uploads\/2020\/04\/Great-Dixter-Planting-Spade_2s.jpg","width":2560,"height":2560,"caption":"OLYMPUS DIGITAL CAMERA"},{"@type":"BreadcrumbList","@id":"https:\/\/rodoaed.ee\/fi\/toode\/suuri-dixterin-istutuslasta-42cm-kahvalla-varustettuna\/#breadcrumb","itemListElement":[{"@type":"ListItem","position":1,"name":"Home","item":"https:\/\/rodoaed.ee\/fi\/"},{"@type":"ListItem","position":2,"name":"Osta osoitteessa","item":"https:\/\/rodoaed.ee\/osta-osoitteessa\/"},{"@type":"ListItem","position":3,"name":"Suuri Dixterin istutuslasta 42cm kahvalla varustettuna"}]},{"@type":"WebSite","@id":"https:\/\/rodoaed.ee\/#website","url":"https:\/\/rodoaed.ee\/","name":"Rodoaed","description":"","publisher":{"@id":"https:\/\/rodoaed.ee\/#organization"},"potentialAction":[{"@type":"SearchAction","target":{"@type":"EntryPoint","urlTemplate":"https:\/\/rodoaed.ee\/?s={search_term_string}"},"query-input":{"@type":"PropertyValueSpecification","valueRequired":true,"valueName":"search_term_string"}}],"inLanguage":"fi"},{"@type":"Organization","@id":"https:\/\/rodoaed.ee\/#organization","name":"Rodoaed","url":"https:\/\/rodoaed.ee\/","logo":{"@type":"ImageObject","inLanguage":"fi","@id":"https:\/\/rodoaed.ee\/#\/schema\/logo\/image\/","url":"https:\/\/rodoaed.ee\/wp-content\/uploads\/2019\/11\/rodoaed-logo-ilma-taustata.jpg","contentUrl":"https:\/\/rodoaed.ee\/wp-content\/uploads\/2019\/11\/rodoaed-logo-ilma-taustata.jpg","width":769,"height":268,"caption":"Rodoaed"},"image":{"@id":"https:\/\/rodoaed.ee\/#\/schema\/logo\/image\/"},"sameAs":["https:\/\/www.facebook.com\/kasvuhooned\/","https:\/\/rodoaed.ee"]}]}},"_links":{"self":[{"href":"https:\/\/rodoaed.ee\/fi\/wp-json\/wp\/v2\/product\/53331","targetHints":{"allow":["GET"]}}],"collection":[{"href":"https:\/\/rodoaed.ee\/fi\/wp-json\/wp\/v2\/product"}],"about":[{"href":"https:\/\/rodoaed.ee\/fi\/wp-json\/wp\/v2\/types\/product"}],"wp:featuredmedia":[{"embeddable":true,"href":"https:\/\/rodoaed.ee\/fi\/wp-json\/wp\/v2\/media\/31603"}],"wp:attachment":[{"href":"https:\/\/rodoaed.ee\/fi\/wp-json\/wp\/v2\/media?parent=53331"}],"wp:term":[{"taxonomy":"product_brand","embeddable":true,"href":"https:\/\/rodoaed.ee\/fi\/wp-json\/wp\/v2\/product_brand?post=53331"},{"taxonomy":"product_cat","embeddable":true,"href":"https:\/\/rodoaed.ee\/fi\/wp-json\/wp\/v2\/product_cat?post=53331"},{"taxonomy":"product_tag","embeddable":true,"href":"https:\/\/rodoaed.ee\/fi\/wp-json\/wp\/v2\/product_tag?post=53331"}],"curies":[{"name":"wp","href":"https:\/\/api.w.org\/{rel}","templated":true}]}}