{"id":53333,"date":"2020-04-13T15:51:09","date_gmt":"2020-04-13T12:51:09","guid":{"rendered":"https:\/\/rodoaed.ee\/toode\/suuri-dixter-kaivuuharava-42cm-kahvalla\/"},"modified":"2026-04-13T11:04:09","modified_gmt":"2026-04-13T08:04:09","slug":"suuri-dixter-kaivuuharava-42cm-kahvalla","status":"publish","type":"product","link":"https:\/\/rodoaed.ee\/fi\/tuote\/suuri-dixter-kaivuuharava-42cm-kahvalla\/","title":{"rendered":"Suuri Dixter kaivuuharava 42cm kahvalla"},"content":{"rendered":"<h2>Eritt\u00e4in k\u00e4tev\u00e4 lyhytvartinen kaivuharava<\/h2>\n<p>Koska suurin osa puutarhan istutust\u00f6ist\u00e4 tehd\u00e4\u00e4n k\u00e4sin ja polviin asti, t\u00e4m\u00e4 lyhytvartinen kaivuuharava on eritt\u00e4in k\u00e4tev\u00e4 ja k\u00e4yt\u00e4nn\u00f6llinen maaper\u00e4n valmistelussa. Polvillaan ollessasi voit painaa lyhytvartista haravaa paljon kevyemmin kuin pienivartista haravaa. N\u00e4in s\u00e4\u00e4st\u00e4t ranteesi liialliselta rasitukselta ja saat ty\u00f6n tehty\u00e4 helpommin. Haravan terien ansiosta voit my\u00f6s mukavasti kitke\u00e4 ja niitt\u00e4\u00e4 ahtaissa paikoissa, joihin et p\u00e4\u00e4se pystyasennossa olevalla isolla haravalla. Eritt\u00e4in k\u00e4tev\u00e4 ratkaisu.    <\/p>\n<p>Se on my\u00f6s eritt\u00e4in k\u00e4tev\u00e4 ty\u00f6kalu, kun ty\u00f6skennell\u00e4\u00e4n hienoissa laatikoissa ja korkeissa katoissa. Hienossa laatikossa maan pinta on muutenkin korkeammalla. Todella hy\u00f6dyllinen ty\u00f6kalu kaikenlaisiin istutust\u00f6ihin.  <\/p>\n<p><em>Sneeboer &amp; Zn on perinteinen hollantilainen ty\u00f6kaluyritys, joka on valmistanut laadukkaita puutarhaty\u00f6kaluja vuodesta 1913. Sneeboer &amp; Zn valmistaa p\u00e4\u00e4asiassa k\u00e4sin taottuja ruostumattomasta ter\u00e4ksest\u00e4 valmistettuja puutarhaty\u00f6kaluja, joiden k\u00e4ytt\u00f6ik\u00e4 on v\u00e4hint\u00e4\u00e4n yksi sukupolvi. Mutta se, mik\u00e4 tekee heid\u00e4n tuotannostaan hyvin erikoista ja on tehnyt heist\u00e4 maailmankuuluja, on heid\u00e4n sovellusinnovaationsa. T\u00e4m\u00e4 tarkoittaa, ett\u00e4 keksij\u00e4t ymp\u00e4ri maailmaa ovat lis\u00e4nneet omia innovaatioitaan heid\u00e4n tuotevalikoimaansa.    Joskus hyvin innovatiivisia ratkaisuja, joskus melko pieni\u00e4 keksint\u00f6j\u00e4, mutta ne tekev\u00e4t puutarhanhoidosta ja ty\u00f6kalun k\u00e4yt\u00f6st\u00e4 paljon helpompaa.<\/em><\/p>\n<h2>Tekniset tiedot:<\/h2>\n<ul>\n<li>Ty\u00f6kalun p\u00e4\u00e4n leveys: 12 cm<\/li>\n<li>Ty\u00f6kalun p\u00e4\u00e4n pituus: 14 cm<\/li>\n<li>Kahvan pituus: 42 cm<\/li>\n<li>Kokonaispituus: 62 cm<\/li>\n<li>Hargin huippujen lukum\u00e4\u00e4r\u00e4: 4<\/li>\n<li>Kahvan materiaali: saarni<\/li>\n<li>Paino: 0,62 kg<\/li>\n<\/ul>\n","protected":false},"excerpt":{"rendered":"<p>Eritt\u00e4in k\u00e4tev\u00e4 lyhytvartinen kaivuharava Koska suurin osa puutarhan istutust\u00f6ist\u00e4 tehd\u00e4\u00e4n k\u00e4sin ja polviin asti, t\u00e4m\u00e4 lyhytvartinen kaivuuharava on eritt\u00e4in k\u00e4tev\u00e4 ja k\u00e4yt\u00e4nn\u00f6llinen maaper\u00e4n valmistelussa. Polvillaan ollessasi voit painaa lyhytvartista haravaa paljon kevyemmin kuin pienivartista haravaa. N\u00e4in s\u00e4\u00e4st\u00e4t ranteesi liialliselta rasitukselta ja saat ty\u00f6n tehty\u00e4 helpommin. Haravan terien ansiosta voit my\u00f6s mukavasti kitke\u00e4 ja niitt\u00e4\u00e4 ahtaissa paikoissa, joihin et p\u00e4\u00e4se pystyasennossa olevalla isolla haravalla. Eritt\u00e4in k\u00e4tev\u00e4&#8230;<\/p>\n","protected":false},"featured_media":31622,"template":"","meta":{"_acf_changed":false},"product_brand":[],"product_cat":[1743,2193,1889,1922],"product_tag":[],"class_list":{"0":"post-53333","1":"product","2":"type-product","3":"status-publish","4":"has-post-thumbnail","6":"product_cat-lisalahjat-lahjat","7":"product_cat-nykyt-ja-kokkareet","8":"product_cat-puutarhatyokalut","9":"product_cat-renkaat-ja-lapiot","10":"product_shipping_class-kuljetus-ainoastaan-kuriiripalvelun-valityksella","11":"pa_variatsioon-ruostumattomasta-teraksesta-valmistettu-lapio-jossa-on-kulutuspintainen-reuna","13":"first","14":"onbackorder","15":"taxable","16":"shipping-taxable","17":"purchasable","18":"product-type-simple"},"acf":[],"yoast_head":"<!-- This site is optimized with the Yoast SEO Premium plugin v27.3 (Yoast SEO v27.3) - https:\/\/yoast.com\/product\/yoast-seo-premium-wordpress\/ -->\n<title>Suuri Dixter kaivuuharava 42cm kahvalla% % -% Kelkkailulapio astinlaudoilla.<\/title>\n<meta name=\"description\" content=\"Ruostumattomasta ter\u00e4ksest\u00e4 valmistettu tallainen lapio, joka soveltuu kaikkiin puutarhat\u00f6ihin. Sit\u00e4 on mukava painaa jalalla eik\u00e4 se riko jalkineita.\" \/>\n<meta name=\"robots\" content=\"index, follow, max-snippet:-1, max-image-preview:large, max-video-preview:-1\" \/>\n<link rel=\"canonical\" href=\"https:\/\/rodoaed.ee\/fi\/toode\/suuri-dixter-kaivuuharava-42cm-kahvalla\/\" \/>\n<meta property=\"og:locale\" content=\"fi_FI\" \/>\n<meta property=\"og:type\" content=\"article\" \/>\n<meta property=\"og:title\" content=\"Suuri Dixter kaivuuharava 42cm kahvalla\" \/>\n<meta property=\"og:description\" content=\"Eritt\u00e4in k\u00e4tev\u00e4 lyhytvartinen kaivuharava Koska suurin osa puutarhan istutust\u00f6ist\u00e4 tehd\u00e4\u00e4n k\u00e4sin ja polviin asti, t\u00e4m\u00e4 lyhytvartinen kaivuuharava on\" \/>\n<meta property=\"og:url\" content=\"https:\/\/rodoaed.ee\/fi\/toode\/suuri-dixter-kaivuuharava-42cm-kahvalla\/\" \/>\n<meta property=\"og:site_name\" content=\"Rodoaed\" \/>\n<meta property=\"article:publisher\" content=\"https:\/\/www.facebook.com\/kasvuhooned\/\" \/>\n<meta property=\"article:modified_time\" content=\"2026-04-13T08:04:09+00:00\" \/>\n<meta property=\"og:image\" content=\"https:\/\/rodoaed.ee\/wp-content\/uploads\/2020\/04\/Great-Dixter-kaevehark_5061_210775_1.jpg\" \/>\n\t<meta property=\"og:image:width\" content=\"2560\" \/>\n\t<meta property=\"og:image:height\" content=\"2560\" \/>\n\t<meta property=\"og:image:type\" content=\"image\/jpeg\" \/>\n<meta name=\"twitter:card\" content=\"summary_large_image\" \/>\n<meta name=\"twitter:label1\" content=\"Arvioitu lukuaika\" \/>\n\t<meta name=\"twitter:data1\" content=\"1 minuutti\" \/>\n<script type=\"application\/ld+json\" class=\"yoast-schema-graph\">{\"@context\":\"https:\\\/\\\/schema.org\",\"@graph\":[{\"@type\":\"WebPage\",\"@id\":\"https:\\\/\\\/rodoaed.ee\\\/fi\\\/toode\\\/suuri-dixter-kaivuuharava-42cm-kahvalla\\\/\",\"url\":\"https:\\\/\\\/rodoaed.ee\\\/fi\\\/toode\\\/suuri-dixter-kaivuuharava-42cm-kahvalla\\\/\",\"name\":\"Suuri Dixter kaivuuharava 42cm kahvalla% % -% Kelkkailulapio astinlaudoilla.\",\"isPartOf\":{\"@id\":\"https:\\\/\\\/rodoaed.ee\\\/#website\"},\"primaryImageOfPage\":{\"@id\":\"https:\\\/\\\/rodoaed.ee\\\/fi\\\/toode\\\/suuri-dixter-kaivuuharava-42cm-kahvalla\\\/#primaryimage\"},\"image\":{\"@id\":\"https:\\\/\\\/rodoaed.ee\\\/fi\\\/toode\\\/suuri-dixter-kaivuuharava-42cm-kahvalla\\\/#primaryimage\"},\"thumbnailUrl\":\"https:\\\/\\\/rodoaed.ee\\\/wp-content\\\/uploads\\\/2020\\\/04\\\/Great-Dixter-kaevehark_5061_210775_1.jpg\",\"datePublished\":\"2020-04-13T12:51:09+00:00\",\"dateModified\":\"2026-04-13T08:04:09+00:00\",\"description\":\"Ruostumattomasta ter\u00e4ksest\u00e4 valmistettu tallainen lapio, joka soveltuu kaikkiin puutarhat\u00f6ihin. Sit\u00e4 on mukava painaa jalalla eik\u00e4 se riko jalkineita.\",\"breadcrumb\":{\"@id\":\"https:\\\/\\\/rodoaed.ee\\\/fi\\\/toode\\\/suuri-dixter-kaivuuharava-42cm-kahvalla\\\/#breadcrumb\"},\"inLanguage\":\"fi\",\"potentialAction\":[{\"@type\":\"ReadAction\",\"target\":[\"https:\\\/\\\/rodoaed.ee\\\/fi\\\/toode\\\/suuri-dixter-kaivuuharava-42cm-kahvalla\\\/\"]}]},{\"@type\":\"ImageObject\",\"inLanguage\":\"fi\",\"@id\":\"https:\\\/\\\/rodoaed.ee\\\/fi\\\/toode\\\/suuri-dixter-kaivuuharava-42cm-kahvalla\\\/#primaryimage\",\"url\":\"https:\\\/\\\/rodoaed.ee\\\/wp-content\\\/uploads\\\/2020\\\/04\\\/Great-Dixter-kaevehark_5061_210775_1.jpg\",\"contentUrl\":\"https:\\\/\\\/rodoaed.ee\\\/wp-content\\\/uploads\\\/2020\\\/04\\\/Great-Dixter-kaevehark_5061_210775_1.jpg\",\"width\":2560,\"height\":2560,\"caption\":\"Great Dixterin kaivannaisraivuri\"},{\"@type\":\"BreadcrumbList\",\"@id\":\"https:\\\/\\\/rodoaed.ee\\\/fi\\\/toode\\\/suuri-dixter-kaivuuharava-42cm-kahvalla\\\/#breadcrumb\",\"itemListElement\":[{\"@type\":\"ListItem\",\"position\":1,\"name\":\"Home\",\"item\":\"https:\\\/\\\/rodoaed.ee\\\/fi\\\/\"},{\"@type\":\"ListItem\",\"position\":2,\"name\":\"Osta osoitteessa\",\"item\":\"https:\\\/\\\/rodoaed.ee\\\/osta-osoitteessa\\\/\"},{\"@type\":\"ListItem\",\"position\":3,\"name\":\"Suuri Dixter kaivuuharava 42cm kahvalla\"}]},{\"@type\":\"WebSite\",\"@id\":\"https:\\\/\\\/rodoaed.ee\\\/#website\",\"url\":\"https:\\\/\\\/rodoaed.ee\\\/\",\"name\":\"Rodoaed\",\"description\":\"\",\"publisher\":{\"@id\":\"https:\\\/\\\/rodoaed.ee\\\/#organization\"},\"potentialAction\":[{\"@type\":\"SearchAction\",\"target\":{\"@type\":\"EntryPoint\",\"urlTemplate\":\"https:\\\/\\\/rodoaed.ee\\\/?s={search_term_string}\"},\"query-input\":{\"@type\":\"PropertyValueSpecification\",\"valueRequired\":true,\"valueName\":\"search_term_string\"}}],\"inLanguage\":\"fi\"},{\"@type\":\"Organization\",\"@id\":\"https:\\\/\\\/rodoaed.ee\\\/#organization\",\"name\":\"Rodoaed\",\"url\":\"https:\\\/\\\/rodoaed.ee\\\/\",\"logo\":{\"@type\":\"ImageObject\",\"inLanguage\":\"fi\",\"@id\":\"https:\\\/\\\/rodoaed.ee\\\/#\\\/schema\\\/logo\\\/image\\\/\",\"url\":\"https:\\\/\\\/rodoaed.ee\\\/wp-content\\\/uploads\\\/2019\\\/11\\\/rodoaed-logo-ilma-taustata.jpg\",\"contentUrl\":\"https:\\\/\\\/rodoaed.ee\\\/wp-content\\\/uploads\\\/2019\\\/11\\\/rodoaed-logo-ilma-taustata.jpg\",\"width\":769,\"height\":268,\"caption\":\"Rodoaed\"},\"image\":{\"@id\":\"https:\\\/\\\/rodoaed.ee\\\/#\\\/schema\\\/logo\\\/image\\\/\"},\"sameAs\":[\"https:\\\/\\\/www.facebook.com\\\/kasvuhooned\\\/\",\"https:\\\/\\\/rodoaed.ee\"]}]}<\/script>\n<!-- \/ Yoast SEO Premium plugin. -->","yoast_head_json":{"title":"Suuri Dixter kaivuuharava 42cm kahvalla% % -% Kelkkailulapio astinlaudoilla.","description":"Ruostumattomasta ter\u00e4ksest\u00e4 valmistettu tallainen lapio, joka soveltuu kaikkiin puutarhat\u00f6ihin. Sit\u00e4 on mukava painaa jalalla eik\u00e4 se riko jalkineita.","robots":{"index":"index","follow":"follow","max-snippet":"max-snippet:-1","max-image-preview":"max-image-preview:large","max-video-preview":"max-video-preview:-1"},"canonical":"https:\/\/rodoaed.ee\/fi\/toode\/suuri-dixter-kaivuuharava-42cm-kahvalla\/","og_locale":"fi_FI","og_type":"article","og_title":"Suuri Dixter kaivuuharava 42cm kahvalla","og_description":"Eritt\u00e4in k\u00e4tev\u00e4 lyhytvartinen kaivuharava Koska suurin osa puutarhan istutust\u00f6ist\u00e4 tehd\u00e4\u00e4n k\u00e4sin ja polviin asti, t\u00e4m\u00e4 lyhytvartinen kaivuuharava on","og_url":"https:\/\/rodoaed.ee\/fi\/toode\/suuri-dixter-kaivuuharava-42cm-kahvalla\/","og_site_name":"Rodoaed","article_publisher":"https:\/\/www.facebook.com\/kasvuhooned\/","article_modified_time":"2026-04-13T08:04:09+00:00","og_image":[{"width":2560,"height":2560,"url":"https:\/\/rodoaed.ee\/wp-content\/uploads\/2020\/04\/Great-Dixter-kaevehark_5061_210775_1.jpg","type":"image\/jpeg"}],"twitter_card":"summary_large_image","twitter_misc":{"Arvioitu lukuaika":"1 minuutti"},"schema":{"@context":"https:\/\/schema.org","@graph":[{"@type":"WebPage","@id":"https:\/\/rodoaed.ee\/fi\/toode\/suuri-dixter-kaivuuharava-42cm-kahvalla\/","url":"https:\/\/rodoaed.ee\/fi\/toode\/suuri-dixter-kaivuuharava-42cm-kahvalla\/","name":"Suuri Dixter kaivuuharava 42cm kahvalla% % -% Kelkkailulapio astinlaudoilla.","isPartOf":{"@id":"https:\/\/rodoaed.ee\/#website"},"primaryImageOfPage":{"@id":"https:\/\/rodoaed.ee\/fi\/toode\/suuri-dixter-kaivuuharava-42cm-kahvalla\/#primaryimage"},"image":{"@id":"https:\/\/rodoaed.ee\/fi\/toode\/suuri-dixter-kaivuuharava-42cm-kahvalla\/#primaryimage"},"thumbnailUrl":"https:\/\/rodoaed.ee\/wp-content\/uploads\/2020\/04\/Great-Dixter-kaevehark_5061_210775_1.jpg","datePublished":"2020-04-13T12:51:09+00:00","dateModified":"2026-04-13T08:04:09+00:00","description":"Ruostumattomasta ter\u00e4ksest\u00e4 valmistettu tallainen lapio, joka soveltuu kaikkiin puutarhat\u00f6ihin. Sit\u00e4 on mukava painaa jalalla eik\u00e4 se riko jalkineita.","breadcrumb":{"@id":"https:\/\/rodoaed.ee\/fi\/toode\/suuri-dixter-kaivuuharava-42cm-kahvalla\/#breadcrumb"},"inLanguage":"fi","potentialAction":[{"@type":"ReadAction","target":["https:\/\/rodoaed.ee\/fi\/toode\/suuri-dixter-kaivuuharava-42cm-kahvalla\/"]}]},{"@type":"ImageObject","inLanguage":"fi","@id":"https:\/\/rodoaed.ee\/fi\/toode\/suuri-dixter-kaivuuharava-42cm-kahvalla\/#primaryimage","url":"https:\/\/rodoaed.ee\/wp-content\/uploads\/2020\/04\/Great-Dixter-kaevehark_5061_210775_1.jpg","contentUrl":"https:\/\/rodoaed.ee\/wp-content\/uploads\/2020\/04\/Great-Dixter-kaevehark_5061_210775_1.jpg","width":2560,"height":2560,"caption":"Great Dixterin kaivannaisraivuri"},{"@type":"BreadcrumbList","@id":"https:\/\/rodoaed.ee\/fi\/toode\/suuri-dixter-kaivuuharava-42cm-kahvalla\/#breadcrumb","itemListElement":[{"@type":"ListItem","position":1,"name":"Home","item":"https:\/\/rodoaed.ee\/fi\/"},{"@type":"ListItem","position":2,"name":"Osta osoitteessa","item":"https:\/\/rodoaed.ee\/osta-osoitteessa\/"},{"@type":"ListItem","position":3,"name":"Suuri Dixter kaivuuharava 42cm kahvalla"}]},{"@type":"WebSite","@id":"https:\/\/rodoaed.ee\/#website","url":"https:\/\/rodoaed.ee\/","name":"Rodoaed","description":"","publisher":{"@id":"https:\/\/rodoaed.ee\/#organization"},"potentialAction":[{"@type":"SearchAction","target":{"@type":"EntryPoint","urlTemplate":"https:\/\/rodoaed.ee\/?s={search_term_string}"},"query-input":{"@type":"PropertyValueSpecification","valueRequired":true,"valueName":"search_term_string"}}],"inLanguage":"fi"},{"@type":"Organization","@id":"https:\/\/rodoaed.ee\/#organization","name":"Rodoaed","url":"https:\/\/rodoaed.ee\/","logo":{"@type":"ImageObject","inLanguage":"fi","@id":"https:\/\/rodoaed.ee\/#\/schema\/logo\/image\/","url":"https:\/\/rodoaed.ee\/wp-content\/uploads\/2019\/11\/rodoaed-logo-ilma-taustata.jpg","contentUrl":"https:\/\/rodoaed.ee\/wp-content\/uploads\/2019\/11\/rodoaed-logo-ilma-taustata.jpg","width":769,"height":268,"caption":"Rodoaed"},"image":{"@id":"https:\/\/rodoaed.ee\/#\/schema\/logo\/image\/"},"sameAs":["https:\/\/www.facebook.com\/kasvuhooned\/","https:\/\/rodoaed.ee"]}]}},"_links":{"self":[{"href":"https:\/\/rodoaed.ee\/fi\/wp-json\/wp\/v2\/product\/53333","targetHints":{"allow":["GET"]}}],"collection":[{"href":"https:\/\/rodoaed.ee\/fi\/wp-json\/wp\/v2\/product"}],"about":[{"href":"https:\/\/rodoaed.ee\/fi\/wp-json\/wp\/v2\/types\/product"}],"wp:featuredmedia":[{"embeddable":true,"href":"https:\/\/rodoaed.ee\/fi\/wp-json\/wp\/v2\/media\/31622"}],"wp:attachment":[{"href":"https:\/\/rodoaed.ee\/fi\/wp-json\/wp\/v2\/media?parent=53333"}],"wp:term":[{"taxonomy":"product_brand","embeddable":true,"href":"https:\/\/rodoaed.ee\/fi\/wp-json\/wp\/v2\/product_brand?post=53333"},{"taxonomy":"product_cat","embeddable":true,"href":"https:\/\/rodoaed.ee\/fi\/wp-json\/wp\/v2\/product_cat?post=53333"},{"taxonomy":"product_tag","embeddable":true,"href":"https:\/\/rodoaed.ee\/fi\/wp-json\/wp\/v2\/product_tag?post=53333"}],"curies":[{"name":"wp","href":"https:\/\/api.w.org\/{rel}","templated":true}]}}