{"id":53335,"date":"2020-04-13T16:41:32","date_gmt":"2020-04-13T13:41:32","guid":{"rendered":"https:\/\/rodoaed.ee\/toode\/royal-dutch-juustohaarukka\/"},"modified":"2026-04-13T11:04:09","modified_gmt":"2026-04-13T08:04:09","slug":"royal-dutch-juustohaarukka","status":"publish","type":"product","link":"https:\/\/rodoaed.ee\/fi\/tuote\/royal-dutch-juustohaarukka\/","title":{"rendered":"Royal Dutch Juustohaarukka"},"content":{"rendered":"<h2>Yleisp\u00e4tev\u00e4 puutarhaty\u00f6kalu jokaiselle puutarhurille, kaikenlaisten s\u00e4nkyjen ja astioiden kitkemiseen ja kunnossapitoon.<\/h2>\n<p>K\u00e4sintehty Royal Dutch sopii yht\u00e4 hyvin kaupunkipuutarhurille kuin perinteiselle puutarhureillekin. Se on monik\u00e4ytt\u00f6inen ty\u00f6kalu. Se sopii hyvin neli\u00f6metripuutarhurille, parvekepuutarhurille, s\u00e4ngynpuutarhurille ja korotuspuutarhurille, ja se on ihanteellinen tihe\u00e4\u00e4n kasvaneiden, varttuneiden reunojen ja pysyvien kukkapenkkien yll\u00e4pitoon ja kitkemiseen. Se on joustavin ja monipuolisin puutarhaty\u00f6kalu jokaiselle puutarhurille. Eritt\u00e4in kevyt, vain 170 grammaa painava laite on valmistettu tukevasta ruostumattomasta ter\u00e4ksest\u00e4 ja siin\u00e4 on tuhkakahva.    <\/p>\n<p><em style=\"font-family: inherit; font-size: inherit; font-variant-caps: inherit;\">Sneeboer &amp; Zn on perinteinen hollantilainen ty\u00f6kaluyritys, joka on valmistanut laadukkaita puutarhaty\u00f6kaluja vuodesta 1913. Sneeboer &amp; Zn valmistaa p\u00e4\u00e4asiassa k\u00e4sin taottuja ruostumattomasta ter\u00e4ksest\u00e4 valmistettuja puutarhaty\u00f6kaluja, joiden k\u00e4ytt\u00f6ik\u00e4 on v\u00e4hint\u00e4\u00e4n yksi sukupolvi. Mutta se, mik\u00e4 tekee heid\u00e4n tuotannostaan hyvin erikoista ja on tehnyt heist\u00e4 maailmankuuluja, on heid\u00e4n sovellusinnovaationsa. T\u00e4m\u00e4 tarkoittaa, ett\u00e4 keksij\u00e4t ymp\u00e4ri maailmaa ovat lis\u00e4nneet omia innovaatioitaan heid\u00e4n tuotevalikoimaansa.    Joskus hyvin innovatiivisia ratkaisuja, joskus melko pieni\u00e4 keksint\u00f6j\u00e4, mutta ne tekev\u00e4t puutarhanhoidosta ja ty\u00f6kalun k\u00e4yt\u00f6st\u00e4 paljon helpompaa.<\/em><\/p>\n<h2>Tekniset tiedot:<\/h2>\n<ul>\n<li>Ty\u00f6kalun p\u00e4\u00e4n leveys: 6 cm<\/li>\n<li>Ty\u00f6kalun p\u00e4\u00e4n pituus: 17 cm<\/li>\n<li>Kahvan pituus: 14 cm<\/li>\n<li>Kokonaispituus: 32 cm<\/li>\n<li>Kahvan materiaali: saarni<\/li>\n<li>Paino: 170 g<\/li>\n<\/ul>\n<p>&nbsp;<\/p>\n","protected":false},"excerpt":{"rendered":"<p>Yleisp\u00e4tev\u00e4 puutarhaty\u00f6kalu jokaiselle puutarhurille, kaikenlaisten s\u00e4nkyjen ja astioiden kitkemiseen ja kunnossapitoon. K\u00e4sintehty Royal Dutch sopii yht\u00e4 hyvin kaupunkipuutarhurille kuin perinteiselle puutarhureillekin. Se on monik\u00e4ytt\u00f6inen ty\u00f6kalu. Se sopii hyvin neli\u00f6metripuutarhurille, parvekepuutarhurille, s\u00e4ngynpuutarhurille ja korotuspuutarhurille, ja se on ihanteellinen tihe\u00e4\u00e4n kasvaneiden, varttuneiden reunojen ja pysyvien kukkapenkkien yll\u00e4pitoon ja kitkemiseen. Se on joustavin ja monipuolisin puutarhaty\u00f6kalu jokaiselle puutarhurille. Eritt\u00e4in kevyt, vain 170 grammaa painava laite on valmistettu tukevasta&#8230;<\/p>\n","protected":false},"featured_media":31629,"template":"","meta":{"_acf_changed":false},"product_brand":[],"product_cat":[1743,2193,1889],"product_tag":[],"class_list":{"0":"post-53335","1":"product","2":"type-product","3":"status-publish","4":"has-post-thumbnail","6":"product_cat-lisalahjat-lahjat","7":"product_cat-nykyt-ja-kokkareet","8":"product_cat-puutarhatyokalut","9":"product_shipping_class-toimitus-1-3-tyopaivan-kuluessa","10":"pa_variatsioon-kahva-10cm-tuhkapuun-kahva","12":"first","13":"instock","14":"taxable","15":"shipping-taxable","16":"purchasable","17":"product-type-simple"},"acf":[],"yoast_head":"<!-- This site is optimized with the Yoast SEO Premium plugin v27.3 (Yoast SEO v27.3) - https:\/\/yoast.com\/product\/yoast-seo-premium-wordpress\/ -->\n<title>Royal Dutch Juustohaarukka -% Rod puutarha puutarhaty\u00f6kalut k\u00e4sity\u00f6kalut k\u00e4sity\u00f6kalu<\/title>\n<meta name=\"description\" content=\"Ammattilaisten keskuudessa 10 cm:n puolikuu tunnetaan my\u00f6s nimell\u00e4 &quot;sipulirapu&quot;. 10 cm:n puolipallo on k\u00e4tev\u00e4 ty\u00f6kalu miss\u00e4 tahansa puutarhassa. Vahva ter\u00e4 ja kevyt kahva.\" \/>\n<meta name=\"robots\" content=\"index, follow, max-snippet:-1, max-image-preview:large, max-video-preview:-1\" \/>\n<link rel=\"canonical\" href=\"https:\/\/rodoaed.ee\/fi\/toode\/royal-dutch-juustohaarukka\/\" \/>\n<meta property=\"og:locale\" content=\"fi_FI\" \/>\n<meta property=\"og:type\" content=\"article\" \/>\n<meta property=\"og:title\" content=\"Royal Dutch Juustohaarukka\" \/>\n<meta property=\"og:description\" content=\"Yleisp\u00e4tev\u00e4 puutarhaty\u00f6kalu jokaiselle puutarhurille, kaikenlaisten s\u00e4nkyjen ja astioiden kitkemiseen ja kunnossapitoon. K\u00e4sintehty Royal Dutch sopii yht\u00e4\" \/>\n<meta property=\"og:url\" content=\"https:\/\/rodoaed.ee\/fi\/toode\/royal-dutch-juustohaarukka\/\" \/>\n<meta property=\"og:site_name\" content=\"Rodoaed\" \/>\n<meta property=\"article:publisher\" content=\"https:\/\/www.facebook.com\/kasvuhooned\/\" \/>\n<meta property=\"article:modified_time\" content=\"2026-04-13T08:04:09+00:00\" \/>\n<meta property=\"og:image\" content=\"https:\/\/rodoaed.ee\/wp-content\/uploads\/2020\/04\/Royal-Dutch-k\u00e4sik\u00f5bla_8252-140250_1-scaled.jpg\" \/>\n\t<meta property=\"og:image:width\" content=\"2560\" \/>\n\t<meta property=\"og:image:height\" content=\"2431\" \/>\n\t<meta property=\"og:image:type\" content=\"image\/jpeg\" \/>\n<meta name=\"twitter:card\" content=\"summary_large_image\" \/>\n<meta name=\"twitter:label1\" content=\"Arvioitu lukuaika\" \/>\n\t<meta name=\"twitter:data1\" content=\"1 minuutti\" \/>\n<script type=\"application\/ld+json\" class=\"yoast-schema-graph\">{\"@context\":\"https:\\\/\\\/schema.org\",\"@graph\":[{\"@type\":\"WebPage\",\"@id\":\"https:\\\/\\\/rodoaed.ee\\\/fi\\\/toode\\\/royal-dutch-juustohaarukka\\\/\",\"url\":\"https:\\\/\\\/rodoaed.ee\\\/fi\\\/toode\\\/royal-dutch-juustohaarukka\\\/\",\"name\":\"Royal Dutch Juustohaarukka -% Rod puutarha puutarhaty\u00f6kalut k\u00e4sity\u00f6kalut k\u00e4sity\u00f6kalu\",\"isPartOf\":{\"@id\":\"https:\\\/\\\/rodoaed.ee\\\/#website\"},\"primaryImageOfPage\":{\"@id\":\"https:\\\/\\\/rodoaed.ee\\\/fi\\\/toode\\\/royal-dutch-juustohaarukka\\\/#primaryimage\"},\"image\":{\"@id\":\"https:\\\/\\\/rodoaed.ee\\\/fi\\\/toode\\\/royal-dutch-juustohaarukka\\\/#primaryimage\"},\"thumbnailUrl\":\"https:\\\/\\\/rodoaed.ee\\\/wp-content\\\/uploads\\\/2020\\\/04\\\/Royal-Dutch-k\u00e4sik\u00f5bla_8252-140250_1.jpg\",\"datePublished\":\"2020-04-13T13:41:32+00:00\",\"dateModified\":\"2026-04-13T08:04:09+00:00\",\"description\":\"Ammattilaisten keskuudessa 10 cm:n puolikuu tunnetaan my\u00f6s nimell\u00e4 \\\"sipulirapu\\\". 10 cm:n puolipallo on k\u00e4tev\u00e4 ty\u00f6kalu miss\u00e4 tahansa puutarhassa. Vahva ter\u00e4 ja kevyt kahva.\",\"breadcrumb\":{\"@id\":\"https:\\\/\\\/rodoaed.ee\\\/fi\\\/toode\\\/royal-dutch-juustohaarukka\\\/#breadcrumb\"},\"inLanguage\":\"fi\",\"potentialAction\":[{\"@type\":\"ReadAction\",\"target\":[\"https:\\\/\\\/rodoaed.ee\\\/fi\\\/toode\\\/royal-dutch-juustohaarukka\\\/\"]}]},{\"@type\":\"ImageObject\",\"inLanguage\":\"fi\",\"@id\":\"https:\\\/\\\/rodoaed.ee\\\/fi\\\/toode\\\/royal-dutch-juustohaarukka\\\/#primaryimage\",\"url\":\"https:\\\/\\\/rodoaed.ee\\\/wp-content\\\/uploads\\\/2020\\\/04\\\/Royal-Dutch-k\u00e4sik\u00f5bla_8252-140250_1.jpg\",\"contentUrl\":\"https:\\\/\\\/rodoaed.ee\\\/wp-content\\\/uploads\\\/2020\\\/04\\\/Royal-Dutch-k\u00e4sik\u00f5bla_8252-140250_1.jpg\",\"width\":2560,\"height\":2431,\"caption\":\"OLYMPUS DIGITAL CAMERA\"},{\"@type\":\"BreadcrumbList\",\"@id\":\"https:\\\/\\\/rodoaed.ee\\\/fi\\\/toode\\\/royal-dutch-juustohaarukka\\\/#breadcrumb\",\"itemListElement\":[{\"@type\":\"ListItem\",\"position\":1,\"name\":\"Home\",\"item\":\"https:\\\/\\\/rodoaed.ee\\\/fi\\\/\"},{\"@type\":\"ListItem\",\"position\":2,\"name\":\"Osta osoitteessa\",\"item\":\"https:\\\/\\\/rodoaed.ee\\\/osta-osoitteessa\\\/\"},{\"@type\":\"ListItem\",\"position\":3,\"name\":\"Royal Dutch Juustohaarukka\"}]},{\"@type\":\"WebSite\",\"@id\":\"https:\\\/\\\/rodoaed.ee\\\/#website\",\"url\":\"https:\\\/\\\/rodoaed.ee\\\/\",\"name\":\"Rodoaed\",\"description\":\"\",\"publisher\":{\"@id\":\"https:\\\/\\\/rodoaed.ee\\\/#organization\"},\"potentialAction\":[{\"@type\":\"SearchAction\",\"target\":{\"@type\":\"EntryPoint\",\"urlTemplate\":\"https:\\\/\\\/rodoaed.ee\\\/?s={search_term_string}\"},\"query-input\":{\"@type\":\"PropertyValueSpecification\",\"valueRequired\":true,\"valueName\":\"search_term_string\"}}],\"inLanguage\":\"fi\"},{\"@type\":\"Organization\",\"@id\":\"https:\\\/\\\/rodoaed.ee\\\/#organization\",\"name\":\"Rodoaed\",\"url\":\"https:\\\/\\\/rodoaed.ee\\\/\",\"logo\":{\"@type\":\"ImageObject\",\"inLanguage\":\"fi\",\"@id\":\"https:\\\/\\\/rodoaed.ee\\\/#\\\/schema\\\/logo\\\/image\\\/\",\"url\":\"https:\\\/\\\/rodoaed.ee\\\/wp-content\\\/uploads\\\/2019\\\/11\\\/rodoaed-logo-ilma-taustata.jpg\",\"contentUrl\":\"https:\\\/\\\/rodoaed.ee\\\/wp-content\\\/uploads\\\/2019\\\/11\\\/rodoaed-logo-ilma-taustata.jpg\",\"width\":769,\"height\":268,\"caption\":\"Rodoaed\"},\"image\":{\"@id\":\"https:\\\/\\\/rodoaed.ee\\\/#\\\/schema\\\/logo\\\/image\\\/\"},\"sameAs\":[\"https:\\\/\\\/www.facebook.com\\\/kasvuhooned\\\/\",\"https:\\\/\\\/rodoaed.ee\"]}]}<\/script>\n<!-- \/ Yoast SEO Premium plugin. -->","yoast_head_json":{"title":"Royal Dutch Juustohaarukka -% Rod puutarha puutarhaty\u00f6kalut k\u00e4sity\u00f6kalut k\u00e4sity\u00f6kalu","description":"Ammattilaisten keskuudessa 10 cm:n puolikuu tunnetaan my\u00f6s nimell\u00e4 \"sipulirapu\". 10 cm:n puolipallo on k\u00e4tev\u00e4 ty\u00f6kalu miss\u00e4 tahansa puutarhassa. Vahva ter\u00e4 ja kevyt kahva.","robots":{"index":"index","follow":"follow","max-snippet":"max-snippet:-1","max-image-preview":"max-image-preview:large","max-video-preview":"max-video-preview:-1"},"canonical":"https:\/\/rodoaed.ee\/fi\/toode\/royal-dutch-juustohaarukka\/","og_locale":"fi_FI","og_type":"article","og_title":"Royal Dutch Juustohaarukka","og_description":"Yleisp\u00e4tev\u00e4 puutarhaty\u00f6kalu jokaiselle puutarhurille, kaikenlaisten s\u00e4nkyjen ja astioiden kitkemiseen ja kunnossapitoon. K\u00e4sintehty Royal Dutch sopii yht\u00e4","og_url":"https:\/\/rodoaed.ee\/fi\/toode\/royal-dutch-juustohaarukka\/","og_site_name":"Rodoaed","article_publisher":"https:\/\/www.facebook.com\/kasvuhooned\/","article_modified_time":"2026-04-13T08:04:09+00:00","og_image":[{"width":2560,"height":2431,"url":"https:\/\/rodoaed.ee\/wp-content\/uploads\/2020\/04\/Royal-Dutch-k\u00e4sik\u00f5bla_8252-140250_1-scaled.jpg","type":"image\/jpeg"}],"twitter_card":"summary_large_image","twitter_misc":{"Arvioitu lukuaika":"1 minuutti"},"schema":{"@context":"https:\/\/schema.org","@graph":[{"@type":"WebPage","@id":"https:\/\/rodoaed.ee\/fi\/toode\/royal-dutch-juustohaarukka\/","url":"https:\/\/rodoaed.ee\/fi\/toode\/royal-dutch-juustohaarukka\/","name":"Royal Dutch Juustohaarukka -% Rod puutarha puutarhaty\u00f6kalut k\u00e4sity\u00f6kalut k\u00e4sity\u00f6kalu","isPartOf":{"@id":"https:\/\/rodoaed.ee\/#website"},"primaryImageOfPage":{"@id":"https:\/\/rodoaed.ee\/fi\/toode\/royal-dutch-juustohaarukka\/#primaryimage"},"image":{"@id":"https:\/\/rodoaed.ee\/fi\/toode\/royal-dutch-juustohaarukka\/#primaryimage"},"thumbnailUrl":"https:\/\/rodoaed.ee\/wp-content\/uploads\/2020\/04\/Royal-Dutch-k\u00e4sik\u00f5bla_8252-140250_1.jpg","datePublished":"2020-04-13T13:41:32+00:00","dateModified":"2026-04-13T08:04:09+00:00","description":"Ammattilaisten keskuudessa 10 cm:n puolikuu tunnetaan my\u00f6s nimell\u00e4 \"sipulirapu\". 10 cm:n puolipallo on k\u00e4tev\u00e4 ty\u00f6kalu miss\u00e4 tahansa puutarhassa. Vahva ter\u00e4 ja kevyt kahva.","breadcrumb":{"@id":"https:\/\/rodoaed.ee\/fi\/toode\/royal-dutch-juustohaarukka\/#breadcrumb"},"inLanguage":"fi","potentialAction":[{"@type":"ReadAction","target":["https:\/\/rodoaed.ee\/fi\/toode\/royal-dutch-juustohaarukka\/"]}]},{"@type":"ImageObject","inLanguage":"fi","@id":"https:\/\/rodoaed.ee\/fi\/toode\/royal-dutch-juustohaarukka\/#primaryimage","url":"https:\/\/rodoaed.ee\/wp-content\/uploads\/2020\/04\/Royal-Dutch-k\u00e4sik\u00f5bla_8252-140250_1.jpg","contentUrl":"https:\/\/rodoaed.ee\/wp-content\/uploads\/2020\/04\/Royal-Dutch-k\u00e4sik\u00f5bla_8252-140250_1.jpg","width":2560,"height":2431,"caption":"OLYMPUS DIGITAL CAMERA"},{"@type":"BreadcrumbList","@id":"https:\/\/rodoaed.ee\/fi\/toode\/royal-dutch-juustohaarukka\/#breadcrumb","itemListElement":[{"@type":"ListItem","position":1,"name":"Home","item":"https:\/\/rodoaed.ee\/fi\/"},{"@type":"ListItem","position":2,"name":"Osta osoitteessa","item":"https:\/\/rodoaed.ee\/osta-osoitteessa\/"},{"@type":"ListItem","position":3,"name":"Royal Dutch Juustohaarukka"}]},{"@type":"WebSite","@id":"https:\/\/rodoaed.ee\/#website","url":"https:\/\/rodoaed.ee\/","name":"Rodoaed","description":"","publisher":{"@id":"https:\/\/rodoaed.ee\/#organization"},"potentialAction":[{"@type":"SearchAction","target":{"@type":"EntryPoint","urlTemplate":"https:\/\/rodoaed.ee\/?s={search_term_string}"},"query-input":{"@type":"PropertyValueSpecification","valueRequired":true,"valueName":"search_term_string"}}],"inLanguage":"fi"},{"@type":"Organization","@id":"https:\/\/rodoaed.ee\/#organization","name":"Rodoaed","url":"https:\/\/rodoaed.ee\/","logo":{"@type":"ImageObject","inLanguage":"fi","@id":"https:\/\/rodoaed.ee\/#\/schema\/logo\/image\/","url":"https:\/\/rodoaed.ee\/wp-content\/uploads\/2019\/11\/rodoaed-logo-ilma-taustata.jpg","contentUrl":"https:\/\/rodoaed.ee\/wp-content\/uploads\/2019\/11\/rodoaed-logo-ilma-taustata.jpg","width":769,"height":268,"caption":"Rodoaed"},"image":{"@id":"https:\/\/rodoaed.ee\/#\/schema\/logo\/image\/"},"sameAs":["https:\/\/www.facebook.com\/kasvuhooned\/","https:\/\/rodoaed.ee"]}]}},"_links":{"self":[{"href":"https:\/\/rodoaed.ee\/fi\/wp-json\/wp\/v2\/product\/53335","targetHints":{"allow":["GET"]}}],"collection":[{"href":"https:\/\/rodoaed.ee\/fi\/wp-json\/wp\/v2\/product"}],"about":[{"href":"https:\/\/rodoaed.ee\/fi\/wp-json\/wp\/v2\/types\/product"}],"wp:featuredmedia":[{"embeddable":true,"href":"https:\/\/rodoaed.ee\/fi\/wp-json\/wp\/v2\/media\/31629"}],"wp:attachment":[{"href":"https:\/\/rodoaed.ee\/fi\/wp-json\/wp\/v2\/media?parent=53335"}],"wp:term":[{"taxonomy":"product_brand","embeddable":true,"href":"https:\/\/rodoaed.ee\/fi\/wp-json\/wp\/v2\/product_brand?post=53335"},{"taxonomy":"product_cat","embeddable":true,"href":"https:\/\/rodoaed.ee\/fi\/wp-json\/wp\/v2\/product_cat?post=53335"},{"taxonomy":"product_tag","embeddable":true,"href":"https:\/\/rodoaed.ee\/fi\/wp-json\/wp\/v2\/product_tag?post=53335"}],"curies":[{"name":"wp","href":"https:\/\/api.w.org\/{rel}","templated":true}]}}