{"id":53339,"date":"2020-04-30T14:06:35","date_gmt":"2020-04-30T11:06:35","guid":{"rendered":"https:\/\/rodoaed.ee\/toode\/oksasakset-1200-suora-tera-seka-kuiville-etta-tuoreille-oksille-testivoittaja\/"},"modified":"2026-04-13T11:04:16","modified_gmt":"2026-04-13T08:04:16","slug":"oksasakset-1200-suora-tera-seka-kuiville-etta-tuoreille-oksille-testivoittaja","status":"publish","type":"product","link":"https:\/\/rodoaed.ee\/fi\/tuote\/oksasakset-1200-suora-tera-seka-kuiville-etta-tuoreille-oksille-testivoittaja\/","title":{"rendered":"Oksasakset 1200- suora ter\u00e4, sek\u00e4 kuiville ett\u00e4 tuoreille oksille- Testivoittaja"},"content":{"rendered":"<h2>Oksasakset 1200, suoralla leikkuup\u00e4\u00e4ll\u00e4, sek\u00e4 kuivien ett\u00e4 tuoreiden oksien leikkaamiseen.<\/h2>\n<p><strong>Testivoittaja: &#8221;Signum-testi&#8221; ja &#8221;Standard KWF-testi&#8221;.<\/strong><\/p>\n<p>1200 oksasakset ovat kevyet ja mukavat sakset erityisesti tuoreiden ja pehmeiden oksien leikkaamiseen. Saksien ter\u00e4rakenne on muotoiltu siten, ett\u00e4 pehmeiden, mehukkaiden oksien leikkaaminen on helppoa. Itse asiassa on melko tavallista, ett\u00e4 kaikki kaupasta ostetut oksasakset eiv\u00e4t leikkaa pehmeit\u00e4 oksia, vaan halkaisevat ja repiv\u00e4t kuitua ja tukkeutuvat pehmeist\u00e4 paloista ja mehusta. N\u00e4m\u00e4 oksasakset ovat juuri oikeat ty\u00f6kalut t\u00e4h\u00e4n ty\u00f6h\u00f6n.   <\/p>\n<p>Ter\u00e4n muotoilu soveltuu kuitenkin my\u00f6s kuivien, jopa 25 mm:n paksuisten oksien leikkaamiseen. Kyseess\u00e4 on siis eritt\u00e4in onnistunut yleistuote. Kuten kaikissa ammattilaismalleissa, n\u00e4iss\u00e4 oksasaksissa on vaihdettavat ter\u00e4t.  <\/p>\n<p><em>Saksalainen Berger-tuotemerkki on tunnettu Euroopassa ja maailmalla vuodesta 1919 l\u00e4htien erityisen mukavien ja korkealaatuisten puutarhav\u00e4lineiden valmistajana. Puutarhaty\u00f6kalut valmistetaan edelleen Euroopassa, Saksan Wuppertalissa sijaitsevassa tehtaassa. Valmistuksessa k\u00e4ytet\u00e4\u00e4n vain kest\u00e4vimpi\u00e4 materiaaleja, kuten ruostumatonta ter\u00e4st\u00e4, valettua alumiinia ja puuta.  <\/em><\/p>\n<p><em>Jokainen puutarhuri tiet\u00e4\u00e4, kuinka t\u00e4rke\u00e4\u00e4 on, ett\u00e4 h\u00e4nell\u00e4 on hyv\u00e4 ty\u00f6kalu. Ty\u00f6kaluja voi olla monenlaisia ja erikokoisia, mutta on aina muutama suosikki &#8211; oksasakset, oksasakset tai sahat &#8211; joita k\u00e4yt\u00e4mme mielell\u00e4mme. Ne ovat k\u00e4tevi\u00e4 ja niit\u00e4 on mukava k\u00e4ytt\u00e4\u00e4. Me vain suosimme niit\u00e4.   <\/em><\/p>\n<p><em>Itse asiassa kaikkien ty\u00f6kalujen pit\u00e4isi olla sellaisia, joita on aina hyv\u00e4 k\u00e4ytt\u00e4\u00e4 ja jotka eiv\u00e4t vaivaa k\u00e4si\u00e4. My\u00f6s ammattik\u00e4ytt\u00e4j\u00e4t tiet\u00e4v\u00e4t hyvin eron yksinkertaisen ty\u00f6kalun ja hyv\u00e4n ty\u00f6kalun v\u00e4lill\u00e4. Hyv\u00e4 ty\u00f6kalu ei v\u00e4syt\u00e4 yht\u00e4 paljon kuin yksinkertainen ty\u00f6kalu, edes pitk\u00e4n ty\u00f6p\u00e4iv\u00e4n aikana.  <\/em><\/p>\n<h2>T\u00e4rkeimm\u00e4t ominaisuudet:<\/h2>\n<ul>\n<li>Taotusta ter\u00e4ksest\u00e4 valmistettu leikkuuter\u00e4 (kromattu ter\u00e4nkest\u00e4vyys).<\/li>\n<li>Vaihdettavat ter\u00e4t<\/li>\n<li>Syv\u00e4 mehuura (mehu ei valu ter\u00e4lle leikattaessa).<\/li>\n<li>Terassa on k\u00e4tev\u00e4 \u00f6ljy\u00e4ukko<\/li>\n<li>Ergonomisesti muotoiltu kahva takaa miellytt\u00e4v\u00e4n k\u00e4yt\u00f6n<\/li>\n<li>Iskunvaimennin terien v\u00e4liss\u00e4<\/li>\n<li>Langanleikkurin ter\u00e4<\/li>\n<\/ul>\n<h2>Tekniset tiedot:<\/h2>\n<ul>\n<li>Suurin sopiva haaran halkaisija: 25 mm<\/li>\n<li>Paino: 280 g<\/li>\n<li>Pituus: 225 mm<\/li>\n<\/ul>\n","protected":false},"excerpt":{"rendered":"<p>Oksasakset 1200, suoralla leikkuup\u00e4\u00e4ll\u00e4, sek\u00e4 kuivien ett\u00e4 tuoreiden oksien leikkaamiseen. Testivoittaja: &#8221;Signum-testi&#8221; ja &#8221;Standard KWF-testi&#8221;. 1200 oksasakset ovat kevyet ja mukavat sakset erityisesti tuoreiden ja pehmeiden oksien leikkaamiseen. Saksien ter\u00e4rakenne on muotoiltu siten, ett\u00e4 pehmeiden, mehukkaiden oksien leikkaaminen on helppoa. Itse asiassa on melko tavallista, ett\u00e4 kaikki kaupasta ostetut oksasakset eiv\u00e4t leikkaa pehmeit\u00e4 oksia, vaan halkaisevat ja repiv\u00e4t kuitua ja tukkeutuvat pehmeist\u00e4 paloista ja mehusta&#8230;.<\/p>\n","protected":false},"featured_media":31913,"template":"","meta":{"_acf_changed":false},"product_brand":[],"product_cat":[1891,1889],"product_tag":[],"class_list":{"0":"post-53339","1":"product","2":"type-product","3":"status-publish","4":"has-post-thumbnail","6":"product_cat-oksasakset","7":"product_cat-puutarhatyokalut","8":"product_shipping_class-toimitus-1-3-tyopaivan-kuluessa","9":"pa_variatsioon-puutarhasakset-1050-suora-tera-tuoreille-oksille","11":"first","12":"outofstock","13":"taxable","14":"shipping-taxable","15":"purchasable","16":"product-type-simple"},"acf":[],"yoast_head":"<!-- This site is optimized with the Yoast SEO Premium plugin v27.3 (Yoast SEO v27.3) - https:\/\/yoast.com\/product\/yoast-seo-premium-wordpress\/ -->\n<title>Oksasakset 1200- suora ter\u00e4, sek\u00e4 kuiville ett\u00e4 tuoreille oksille- Testivoittaja -% Puutarhan oksasakset sauvalla<\/title>\n<meta name=\"description\" content=\"Saksalaiset Bergerin oksasakset 1050, joissa on suora ter\u00e4 tuoretta karsintaa varten. Soveltuu harrastepuutarhureiden ja ammattilaisten k\u00e4ytt\u00f6\u00f6n. Oksasakset 1050 on valmistettu vahvasta ter\u00e4ksest\u00e4.\" \/>\n<meta name=\"robots\" content=\"index, follow, max-snippet:-1, max-image-preview:large, max-video-preview:-1\" \/>\n<link rel=\"canonical\" href=\"https:\/\/rodoaed.ee\/fi\/toode\/oksasakset-1200-suora-tera-seka-kuiville-etta-tuoreille-oksille-testivoittaja\/\" \/>\n<meta property=\"og:locale\" content=\"fi_FI\" \/>\n<meta property=\"og:type\" content=\"article\" \/>\n<meta property=\"og:title\" content=\"Oksasakset 1200- suora ter\u00e4, sek\u00e4 kuiville ett\u00e4 tuoreille oksille- Testivoittaja\" \/>\n<meta property=\"og:description\" content=\"Oksasakset 1200, suoralla leikkuup\u00e4\u00e4ll\u00e4, sek\u00e4 kuivien ett\u00e4 tuoreiden oksien leikkaamiseen. Testivoittaja: &quot;Signum-testi&quot; ja &quot;Standard KWF-testi&quot;. 1200\" \/>\n<meta property=\"og:url\" content=\"https:\/\/rodoaed.ee\/fi\/toode\/oksasakset-1200-suora-tera-seka-kuiville-etta-tuoreille-oksille-testivoittaja\/\" \/>\n<meta property=\"og:site_name\" content=\"Rodoaed\" \/>\n<meta property=\"article:publisher\" content=\"https:\/\/www.facebook.com\/kasvuhooned\/\" \/>\n<meta property=\"article:modified_time\" content=\"2026-04-13T08:04:16+00:00\" \/>\n<meta property=\"og:image\" content=\"https:\/\/rodoaed.ee\/wp-content\/uploads\/2020\/04\/Berger-oksak\u00e4\u00e4rid_1200_01.jpg\" \/>\n\t<meta property=\"og:image:width\" content=\"2048\" \/>\n\t<meta property=\"og:image:height\" content=\"2048\" \/>\n\t<meta property=\"og:image:type\" content=\"image\/jpeg\" \/>\n<meta name=\"twitter:card\" content=\"summary_large_image\" \/>\n<meta name=\"twitter:label1\" content=\"Arvioitu lukuaika\" \/>\n\t<meta name=\"twitter:data1\" content=\"2 minuuttia\" \/>\n<script type=\"application\/ld+json\" class=\"yoast-schema-graph\">{\"@context\":\"https:\\\/\\\/schema.org\",\"@graph\":[{\"@type\":\"WebPage\",\"@id\":\"https:\\\/\\\/rodoaed.ee\\\/fi\\\/toode\\\/oksasakset-1200-suora-tera-seka-kuiville-etta-tuoreille-oksille-testivoittaja\\\/\",\"url\":\"https:\\\/\\\/rodoaed.ee\\\/fi\\\/toode\\\/oksasakset-1200-suora-tera-seka-kuiville-etta-tuoreille-oksille-testivoittaja\\\/\",\"name\":\"Oksasakset 1200- suora ter\u00e4, sek\u00e4 kuiville ett\u00e4 tuoreille oksille- Testivoittaja -% Puutarhan oksasakset sauvalla\",\"isPartOf\":{\"@id\":\"https:\\\/\\\/rodoaed.ee\\\/#website\"},\"primaryImageOfPage\":{\"@id\":\"https:\\\/\\\/rodoaed.ee\\\/fi\\\/toode\\\/oksasakset-1200-suora-tera-seka-kuiville-etta-tuoreille-oksille-testivoittaja\\\/#primaryimage\"},\"image\":{\"@id\":\"https:\\\/\\\/rodoaed.ee\\\/fi\\\/toode\\\/oksasakset-1200-suora-tera-seka-kuiville-etta-tuoreille-oksille-testivoittaja\\\/#primaryimage\"},\"thumbnailUrl\":\"https:\\\/\\\/rodoaed.ee\\\/wp-content\\\/uploads\\\/2020\\\/04\\\/Berger-oksak\u00e4\u00e4rid_1200_01.jpg\",\"datePublished\":\"2020-04-30T11:06:35+00:00\",\"dateModified\":\"2026-04-13T08:04:16+00:00\",\"description\":\"Saksalaiset Bergerin oksasakset 1050, joissa on suora ter\u00e4 tuoretta karsintaa varten. Soveltuu harrastepuutarhureiden ja ammattilaisten k\u00e4ytt\u00f6\u00f6n. Oksasakset 1050 on valmistettu vahvasta ter\u00e4ksest\u00e4.\",\"breadcrumb\":{\"@id\":\"https:\\\/\\\/rodoaed.ee\\\/fi\\\/toode\\\/oksasakset-1200-suora-tera-seka-kuiville-etta-tuoreille-oksille-testivoittaja\\\/#breadcrumb\"},\"inLanguage\":\"fi\",\"potentialAction\":[{\"@type\":\"ReadAction\",\"target\":[\"https:\\\/\\\/rodoaed.ee\\\/fi\\\/toode\\\/oksasakset-1200-suora-tera-seka-kuiville-etta-tuoreille-oksille-testivoittaja\\\/\"]}]},{\"@type\":\"ImageObject\",\"inLanguage\":\"fi\",\"@id\":\"https:\\\/\\\/rodoaed.ee\\\/fi\\\/toode\\\/oksasakset-1200-suora-tera-seka-kuiville-etta-tuoreille-oksille-testivoittaja\\\/#primaryimage\",\"url\":\"https:\\\/\\\/rodoaed.ee\\\/wp-content\\\/uploads\\\/2020\\\/04\\\/Berger-oksak\u00e4\u00e4rid_1200_01.jpg\",\"contentUrl\":\"https:\\\/\\\/rodoaed.ee\\\/wp-content\\\/uploads\\\/2020\\\/04\\\/Berger-oksak\u00e4\u00e4rid_1200_01.jpg\",\"width\":2048,\"height\":2048,\"caption\":\"Bergerin oksasakset_Rodoaed\"},{\"@type\":\"BreadcrumbList\",\"@id\":\"https:\\\/\\\/rodoaed.ee\\\/fi\\\/toode\\\/oksasakset-1200-suora-tera-seka-kuiville-etta-tuoreille-oksille-testivoittaja\\\/#breadcrumb\",\"itemListElement\":[{\"@type\":\"ListItem\",\"position\":1,\"name\":\"Home\",\"item\":\"https:\\\/\\\/rodoaed.ee\\\/fi\\\/\"},{\"@type\":\"ListItem\",\"position\":2,\"name\":\"Osta osoitteessa\",\"item\":\"https:\\\/\\\/rodoaed.ee\\\/osta-osoitteessa\\\/\"},{\"@type\":\"ListItem\",\"position\":3,\"name\":\"Oksasakset 1200- suora ter\u00e4, sek\u00e4 kuiville ett\u00e4 tuoreille oksille- Testivoittaja\"}]},{\"@type\":\"WebSite\",\"@id\":\"https:\\\/\\\/rodoaed.ee\\\/#website\",\"url\":\"https:\\\/\\\/rodoaed.ee\\\/\",\"name\":\"Rodoaed\",\"description\":\"\",\"publisher\":{\"@id\":\"https:\\\/\\\/rodoaed.ee\\\/#organization\"},\"potentialAction\":[{\"@type\":\"SearchAction\",\"target\":{\"@type\":\"EntryPoint\",\"urlTemplate\":\"https:\\\/\\\/rodoaed.ee\\\/?s={search_term_string}\"},\"query-input\":{\"@type\":\"PropertyValueSpecification\",\"valueRequired\":true,\"valueName\":\"search_term_string\"}}],\"inLanguage\":\"fi\"},{\"@type\":\"Organization\",\"@id\":\"https:\\\/\\\/rodoaed.ee\\\/#organization\",\"name\":\"Rodoaed\",\"url\":\"https:\\\/\\\/rodoaed.ee\\\/\",\"logo\":{\"@type\":\"ImageObject\",\"inLanguage\":\"fi\",\"@id\":\"https:\\\/\\\/rodoaed.ee\\\/#\\\/schema\\\/logo\\\/image\\\/\",\"url\":\"https:\\\/\\\/rodoaed.ee\\\/wp-content\\\/uploads\\\/2019\\\/11\\\/rodoaed-logo-ilma-taustata.jpg\",\"contentUrl\":\"https:\\\/\\\/rodoaed.ee\\\/wp-content\\\/uploads\\\/2019\\\/11\\\/rodoaed-logo-ilma-taustata.jpg\",\"width\":769,\"height\":268,\"caption\":\"Rodoaed\"},\"image\":{\"@id\":\"https:\\\/\\\/rodoaed.ee\\\/#\\\/schema\\\/logo\\\/image\\\/\"},\"sameAs\":[\"https:\\\/\\\/www.facebook.com\\\/kasvuhooned\\\/\",\"https:\\\/\\\/rodoaed.ee\"]}]}<\/script>\n<!-- \/ Yoast SEO Premium plugin. -->","yoast_head_json":{"title":"Oksasakset 1200- suora ter\u00e4, sek\u00e4 kuiville ett\u00e4 tuoreille oksille- Testivoittaja -% Puutarhan oksasakset sauvalla","description":"Saksalaiset Bergerin oksasakset 1050, joissa on suora ter\u00e4 tuoretta karsintaa varten. Soveltuu harrastepuutarhureiden ja ammattilaisten k\u00e4ytt\u00f6\u00f6n. Oksasakset 1050 on valmistettu vahvasta ter\u00e4ksest\u00e4.","robots":{"index":"index","follow":"follow","max-snippet":"max-snippet:-1","max-image-preview":"max-image-preview:large","max-video-preview":"max-video-preview:-1"},"canonical":"https:\/\/rodoaed.ee\/fi\/toode\/oksasakset-1200-suora-tera-seka-kuiville-etta-tuoreille-oksille-testivoittaja\/","og_locale":"fi_FI","og_type":"article","og_title":"Oksasakset 1200- suora ter\u00e4, sek\u00e4 kuiville ett\u00e4 tuoreille oksille- Testivoittaja","og_description":"Oksasakset 1200, suoralla leikkuup\u00e4\u00e4ll\u00e4, sek\u00e4 kuivien ett\u00e4 tuoreiden oksien leikkaamiseen. Testivoittaja: \"Signum-testi\" ja \"Standard KWF-testi\". 1200","og_url":"https:\/\/rodoaed.ee\/fi\/toode\/oksasakset-1200-suora-tera-seka-kuiville-etta-tuoreille-oksille-testivoittaja\/","og_site_name":"Rodoaed","article_publisher":"https:\/\/www.facebook.com\/kasvuhooned\/","article_modified_time":"2026-04-13T08:04:16+00:00","og_image":[{"width":2048,"height":2048,"url":"https:\/\/rodoaed.ee\/wp-content\/uploads\/2020\/04\/Berger-oksak\u00e4\u00e4rid_1200_01.jpg","type":"image\/jpeg"}],"twitter_card":"summary_large_image","twitter_misc":{"Arvioitu lukuaika":"2 minuuttia"},"schema":{"@context":"https:\/\/schema.org","@graph":[{"@type":"WebPage","@id":"https:\/\/rodoaed.ee\/fi\/toode\/oksasakset-1200-suora-tera-seka-kuiville-etta-tuoreille-oksille-testivoittaja\/","url":"https:\/\/rodoaed.ee\/fi\/toode\/oksasakset-1200-suora-tera-seka-kuiville-etta-tuoreille-oksille-testivoittaja\/","name":"Oksasakset 1200- suora ter\u00e4, sek\u00e4 kuiville ett\u00e4 tuoreille oksille- Testivoittaja -% Puutarhan oksasakset sauvalla","isPartOf":{"@id":"https:\/\/rodoaed.ee\/#website"},"primaryImageOfPage":{"@id":"https:\/\/rodoaed.ee\/fi\/toode\/oksasakset-1200-suora-tera-seka-kuiville-etta-tuoreille-oksille-testivoittaja\/#primaryimage"},"image":{"@id":"https:\/\/rodoaed.ee\/fi\/toode\/oksasakset-1200-suora-tera-seka-kuiville-etta-tuoreille-oksille-testivoittaja\/#primaryimage"},"thumbnailUrl":"https:\/\/rodoaed.ee\/wp-content\/uploads\/2020\/04\/Berger-oksak\u00e4\u00e4rid_1200_01.jpg","datePublished":"2020-04-30T11:06:35+00:00","dateModified":"2026-04-13T08:04:16+00:00","description":"Saksalaiset Bergerin oksasakset 1050, joissa on suora ter\u00e4 tuoretta karsintaa varten. Soveltuu harrastepuutarhureiden ja ammattilaisten k\u00e4ytt\u00f6\u00f6n. Oksasakset 1050 on valmistettu vahvasta ter\u00e4ksest\u00e4.","breadcrumb":{"@id":"https:\/\/rodoaed.ee\/fi\/toode\/oksasakset-1200-suora-tera-seka-kuiville-etta-tuoreille-oksille-testivoittaja\/#breadcrumb"},"inLanguage":"fi","potentialAction":[{"@type":"ReadAction","target":["https:\/\/rodoaed.ee\/fi\/toode\/oksasakset-1200-suora-tera-seka-kuiville-etta-tuoreille-oksille-testivoittaja\/"]}]},{"@type":"ImageObject","inLanguage":"fi","@id":"https:\/\/rodoaed.ee\/fi\/toode\/oksasakset-1200-suora-tera-seka-kuiville-etta-tuoreille-oksille-testivoittaja\/#primaryimage","url":"https:\/\/rodoaed.ee\/wp-content\/uploads\/2020\/04\/Berger-oksak\u00e4\u00e4rid_1200_01.jpg","contentUrl":"https:\/\/rodoaed.ee\/wp-content\/uploads\/2020\/04\/Berger-oksak\u00e4\u00e4rid_1200_01.jpg","width":2048,"height":2048,"caption":"Bergerin oksasakset_Rodoaed"},{"@type":"BreadcrumbList","@id":"https:\/\/rodoaed.ee\/fi\/toode\/oksasakset-1200-suora-tera-seka-kuiville-etta-tuoreille-oksille-testivoittaja\/#breadcrumb","itemListElement":[{"@type":"ListItem","position":1,"name":"Home","item":"https:\/\/rodoaed.ee\/fi\/"},{"@type":"ListItem","position":2,"name":"Osta osoitteessa","item":"https:\/\/rodoaed.ee\/osta-osoitteessa\/"},{"@type":"ListItem","position":3,"name":"Oksasakset 1200- suora ter\u00e4, sek\u00e4 kuiville ett\u00e4 tuoreille oksille- Testivoittaja"}]},{"@type":"WebSite","@id":"https:\/\/rodoaed.ee\/#website","url":"https:\/\/rodoaed.ee\/","name":"Rodoaed","description":"","publisher":{"@id":"https:\/\/rodoaed.ee\/#organization"},"potentialAction":[{"@type":"SearchAction","target":{"@type":"EntryPoint","urlTemplate":"https:\/\/rodoaed.ee\/?s={search_term_string}"},"query-input":{"@type":"PropertyValueSpecification","valueRequired":true,"valueName":"search_term_string"}}],"inLanguage":"fi"},{"@type":"Organization","@id":"https:\/\/rodoaed.ee\/#organization","name":"Rodoaed","url":"https:\/\/rodoaed.ee\/","logo":{"@type":"ImageObject","inLanguage":"fi","@id":"https:\/\/rodoaed.ee\/#\/schema\/logo\/image\/","url":"https:\/\/rodoaed.ee\/wp-content\/uploads\/2019\/11\/rodoaed-logo-ilma-taustata.jpg","contentUrl":"https:\/\/rodoaed.ee\/wp-content\/uploads\/2019\/11\/rodoaed-logo-ilma-taustata.jpg","width":769,"height":268,"caption":"Rodoaed"},"image":{"@id":"https:\/\/rodoaed.ee\/#\/schema\/logo\/image\/"},"sameAs":["https:\/\/www.facebook.com\/kasvuhooned\/","https:\/\/rodoaed.ee"]}]}},"_links":{"self":[{"href":"https:\/\/rodoaed.ee\/fi\/wp-json\/wp\/v2\/product\/53339","targetHints":{"allow":["GET"]}}],"collection":[{"href":"https:\/\/rodoaed.ee\/fi\/wp-json\/wp\/v2\/product"}],"about":[{"href":"https:\/\/rodoaed.ee\/fi\/wp-json\/wp\/v2\/types\/product"}],"wp:featuredmedia":[{"embeddable":true,"href":"https:\/\/rodoaed.ee\/fi\/wp-json\/wp\/v2\/media\/31913"}],"wp:attachment":[{"href":"https:\/\/rodoaed.ee\/fi\/wp-json\/wp\/v2\/media?parent=53339"}],"wp:term":[{"taxonomy":"product_brand","embeddable":true,"href":"https:\/\/rodoaed.ee\/fi\/wp-json\/wp\/v2\/product_brand?post=53339"},{"taxonomy":"product_cat","embeddable":true,"href":"https:\/\/rodoaed.ee\/fi\/wp-json\/wp\/v2\/product_cat?post=53339"},{"taxonomy":"product_tag","embeddable":true,"href":"https:\/\/rodoaed.ee\/fi\/wp-json\/wp\/v2\/product_tag?post=53339"}],"curies":[{"name":"wp","href":"https:\/\/api.w.org\/{rel}","templated":true}]}}