{"id":53341,"date":"2020-04-30T20:03:53","date_gmt":"2020-04-30T17:03:53","guid":{"rendered":"https:\/\/rodoaed.ee\/toode\/yleiskayttoiset-hienohampaiset-puutarhasakset-1300\/"},"modified":"2026-04-13T11:04:17","modified_gmt":"2026-04-13T08:04:17","slug":"yleiskayttoiset-hienohampaiset-puutarhasakset-1300","status":"publish","type":"product","link":"https:\/\/rodoaed.ee\/fi\/tuote\/yleiskayttoiset-hienohampaiset-puutarhasakset-1300\/","title":{"rendered":"Yleisk\u00e4ytt\u00f6iset hienohampaiset puutarhasakset 1300"},"content":{"rendered":"<h2>Yleispihasakset 1300, joissa on suora leikkausp\u00e4\u00e4 ja hienohampainen hammastus &#8211; erinomaiset yleissakset muovin, langan ja metallilevyn leikkaamiseen.<\/h2>\n<p>Monik\u00e4ytt\u00f6iset puutarhasakset 1300 ovat kevyet ja mukavat sakset kaikkiin tarkoituksiin. Hienojen hampaidensa ansiosta ne leikkaavat eritt\u00e4in hyvin kaikenlaista liukasta muovia (hampaat eiv\u00e4t p\u00e4\u00e4st\u00e4 materiaalia liukumaan), pelti\u00e4 ja my\u00f6s lankaa. Samalla ne ovat erinomaiset yleissakset kukkavarsien, oksien ja oksien sek\u00e4 kaiken muun leikkaamiseen.  <\/p>\n<p><em>Saksalainen Berger-tuotemerkki on tunnettu Euroopassa ja maailmalla vuodesta 1919 l\u00e4htien erityisen mukavien ja korkealaatuisten puutarhav\u00e4lineiden valmistajana. Puutarhaty\u00f6kalut valmistetaan edelleen Euroopassa, Saksan Wuppertalissa sijaitsevassa tehtaassa. Valmistuksessa k\u00e4ytet\u00e4\u00e4n vain kest\u00e4vimpi\u00e4 materiaaleja, kuten ruostumatonta ter\u00e4st\u00e4, valettua alumiinia ja puuta.  <\/em><\/p>\n<p><em>Jokainen puutarhuri tiet\u00e4\u00e4, kuinka t\u00e4rke\u00e4\u00e4 on, ett\u00e4 h\u00e4nell\u00e4 on hyv\u00e4 ty\u00f6kalu. Ty\u00f6kaluja voi olla monenlaisia ja erikokoisia, mutta on aina muutama suosikki &#8211; oksasakset, oksasakset tai sahat &#8211; joita k\u00e4yt\u00e4mme mielell\u00e4mme. Ne ovat k\u00e4tevi\u00e4 ja niit\u00e4 on mukava k\u00e4ytt\u00e4\u00e4. Me vain suosimme niit\u00e4.   <\/em><\/p>\n<p><em>Itse asiassa kaikkien ty\u00f6kalujen pit\u00e4isi olla sellaisia, joita on aina hyv\u00e4 k\u00e4ytt\u00e4\u00e4 ja jotka eiv\u00e4t vaivaa k\u00e4si\u00e4. My\u00f6s ammattik\u00e4ytt\u00e4j\u00e4t tiet\u00e4v\u00e4t hyvin eron yksinkertaisen ty\u00f6kalun ja hyv\u00e4n ty\u00f6kalun v\u00e4lill\u00e4. Hyv\u00e4 ty\u00f6kalu ei v\u00e4syt\u00e4 yht\u00e4 paljon kuin yksinkertainen ty\u00f6kalu, edes pitk\u00e4n ty\u00f6p\u00e4iv\u00e4n aikana.  <\/em><\/p>\n<h2>T\u00e4rkeimm\u00e4t ominaisuudet:<\/h2>\n<ul>\n<li>Taotusta ter\u00e4ksest\u00e4 valmistettu ter\u00e4<\/li>\n<li>L\u00e4mpim\u00e4st\u00e4 materiaalista valmistetut k\u00e4densuojat (k\u00e4ytett\u00e4v\u00e4ksi kylm\u00e4ll\u00e4 s\u00e4\u00e4ll\u00e4).<\/li>\n<li>Ergonomisesti muotoiltu kahva takaa miellytt\u00e4v\u00e4n k\u00e4yt\u00f6n<\/li>\n<li>Iskunvaimennin terien v\u00e4liss\u00e4<\/li>\n<\/ul>\n<h2>Tekniset tiedot:<\/h2>\n<ul>\n<li>Suurin sopiva haaran halkaisija: 12 mm<\/li>\n<li>Paino: 130 g<\/li>\n<li>Pituus: 180 mm<\/li>\n<\/ul>\n<p>Pensassakset, pensasleikkurit ja suuremmat puutarhasakset kategoriassa: <a href=\"\/?product_cat=oksakaarid-aiakaarid-suured-oksakaarid\">puutarhasakset<\/a>.<\/p>\n","protected":false},"excerpt":{"rendered":"<p>Yleispihasakset 1300, joissa on suora leikkausp\u00e4\u00e4 ja hienohampainen hammastus &#8211; erinomaiset yleissakset muovin, langan ja metallilevyn leikkaamiseen. Monik\u00e4ytt\u00f6iset puutarhasakset 1300 ovat kevyet ja mukavat sakset kaikkiin tarkoituksiin. Hienojen hampaidensa ansiosta ne leikkaavat eritt\u00e4in hyvin kaikenlaista liukasta muovia (hampaat eiv\u00e4t p\u00e4\u00e4st\u00e4 materiaalia liukumaan), pelti\u00e4 ja my\u00f6s lankaa. Samalla ne ovat erinomaiset yleissakset kukkavarsien, oksien ja oksien sek\u00e4 kaiken muun leikkaamiseen. Saksalainen Berger-tuotemerkki on tunnettu Euroopassa ja&#8230;<\/p>\n","protected":false},"featured_media":31920,"template":"","meta":{"_acf_changed":false},"product_brand":[],"product_cat":[1772,1867,1889],"product_tag":[],"class_list":{"0":"post-53341","1":"product","2":"type-product","3":"status-publish","4":"has-post-thumbnail","6":"product_cat-lahjat-puutarhurille","7":"product_cat-leikkuulaitteet","8":"product_cat-puutarhatyokalut","9":"product_shipping_class-toimitus-1-3-tyopaivan-kuluessa","10":"pa_variatsioon-puutarhasakset-1050-suora-tera-tuoreille-oksille","12":"first","13":"instock","14":"sale","15":"taxable","16":"shipping-taxable","17":"purchasable","18":"product-type-simple"},"acf":[],"yoast_head":"<!-- This site is optimized with the Yoast SEO Premium plugin v27.3 (Yoast SEO v27.3) - https:\/\/yoast.com\/product\/yoast-seo-premium-wordpress\/ -->\n<title>Yleisk\u00e4ytt\u00f6iset hienohampaiset puutarhasakset 1300 -% Puutarhan oksasakset sauvalla<\/title>\n<meta name=\"description\" content=\"Saksalaiset Bergerin oksasakset 1050, joissa on suora ter\u00e4 tuoretta karsintaa varten. Soveltuu harrastepuutarhureiden ja ammattilaisten k\u00e4ytt\u00f6\u00f6n. Oksasakset 1050 on valmistettu vahvasta ter\u00e4ksest\u00e4.\" \/>\n<meta name=\"robots\" content=\"index, follow, max-snippet:-1, max-image-preview:large, max-video-preview:-1\" \/>\n<link rel=\"canonical\" href=\"https:\/\/rodoaed.ee\/fi\/toode\/yleiskayttoiset-hienohampaiset-puutarhasakset-1300\/\" \/>\n<meta property=\"og:locale\" content=\"fi_FI\" \/>\n<meta property=\"og:type\" content=\"article\" \/>\n<meta property=\"og:title\" content=\"Yleisk\u00e4ytt\u00f6iset hienohampaiset puutarhasakset 1300\" \/>\n<meta property=\"og:description\" content=\"Yleispihasakset 1300, joissa on suora leikkausp\u00e4\u00e4 ja hienohampainen hammastus - erinomaiset yleissakset muovin, langan ja metallilevyn leikkaamiseen.\" \/>\n<meta property=\"og:url\" content=\"https:\/\/rodoaed.ee\/fi\/toode\/yleiskayttoiset-hienohampaiset-puutarhasakset-1300\/\" \/>\n<meta property=\"og:site_name\" content=\"Rodoaed\" \/>\n<meta property=\"article:publisher\" content=\"https:\/\/www.facebook.com\/kasvuhooned\/\" \/>\n<meta property=\"article:modified_time\" content=\"2026-04-13T08:04:17+00:00\" \/>\n<meta property=\"og:image\" content=\"https:\/\/rodoaed.ee\/wp-content\/uploads\/2020\/04\/Berger-aiak\u00e4\u00e4rid_1300_01.jpg\" \/>\n\t<meta property=\"og:image:width\" content=\"1000\" \/>\n\t<meta property=\"og:image:height\" content=\"387\" \/>\n\t<meta property=\"og:image:type\" content=\"image\/jpeg\" \/>\n<meta name=\"twitter:card\" content=\"summary_large_image\" \/>\n<meta name=\"twitter:label1\" content=\"Arvioitu lukuaika\" \/>\n\t<meta name=\"twitter:data1\" content=\"1 minuutti\" \/>\n<script type=\"application\/ld+json\" class=\"yoast-schema-graph\">{\"@context\":\"https:\\\/\\\/schema.org\",\"@graph\":[{\"@type\":\"WebPage\",\"@id\":\"https:\\\/\\\/rodoaed.ee\\\/fi\\\/toode\\\/yleiskayttoiset-hienohampaiset-puutarhasakset-1300\\\/\",\"url\":\"https:\\\/\\\/rodoaed.ee\\\/fi\\\/toode\\\/yleiskayttoiset-hienohampaiset-puutarhasakset-1300\\\/\",\"name\":\"Yleisk\u00e4ytt\u00f6iset hienohampaiset puutarhasakset 1300 -% Puutarhan oksasakset sauvalla\",\"isPartOf\":{\"@id\":\"https:\\\/\\\/rodoaed.ee\\\/#website\"},\"primaryImageOfPage\":{\"@id\":\"https:\\\/\\\/rodoaed.ee\\\/fi\\\/toode\\\/yleiskayttoiset-hienohampaiset-puutarhasakset-1300\\\/#primaryimage\"},\"image\":{\"@id\":\"https:\\\/\\\/rodoaed.ee\\\/fi\\\/toode\\\/yleiskayttoiset-hienohampaiset-puutarhasakset-1300\\\/#primaryimage\"},\"thumbnailUrl\":\"https:\\\/\\\/rodoaed.ee\\\/wp-content\\\/uploads\\\/2020\\\/04\\\/Berger-aiak\u00e4\u00e4rid_1300_01.jpg\",\"datePublished\":\"2020-04-30T17:03:53+00:00\",\"dateModified\":\"2026-04-13T08:04:17+00:00\",\"description\":\"Saksalaiset Bergerin oksasakset 1050, joissa on suora ter\u00e4 tuoretta karsintaa varten. Soveltuu harrastepuutarhureiden ja ammattilaisten k\u00e4ytt\u00f6\u00f6n. Oksasakset 1050 on valmistettu vahvasta ter\u00e4ksest\u00e4.\",\"breadcrumb\":{\"@id\":\"https:\\\/\\\/rodoaed.ee\\\/fi\\\/toode\\\/yleiskayttoiset-hienohampaiset-puutarhasakset-1300\\\/#breadcrumb\"},\"inLanguage\":\"fi\",\"potentialAction\":[{\"@type\":\"ReadAction\",\"target\":[\"https:\\\/\\\/rodoaed.ee\\\/fi\\\/toode\\\/yleiskayttoiset-hienohampaiset-puutarhasakset-1300\\\/\"]}]},{\"@type\":\"ImageObject\",\"inLanguage\":\"fi\",\"@id\":\"https:\\\/\\\/rodoaed.ee\\\/fi\\\/toode\\\/yleiskayttoiset-hienohampaiset-puutarhasakset-1300\\\/#primaryimage\",\"url\":\"https:\\\/\\\/rodoaed.ee\\\/wp-content\\\/uploads\\\/2020\\\/04\\\/Berger-aiak\u00e4\u00e4rid_1300_01.jpg\",\"contentUrl\":\"https:\\\/\\\/rodoaed.ee\\\/wp-content\\\/uploads\\\/2020\\\/04\\\/Berger-aiak\u00e4\u00e4rid_1300_01.jpg\",\"width\":1000,\"height\":387,\"caption\":\"Berger puutarhasakset_rodoaed\"},{\"@type\":\"BreadcrumbList\",\"@id\":\"https:\\\/\\\/rodoaed.ee\\\/fi\\\/toode\\\/yleiskayttoiset-hienohampaiset-puutarhasakset-1300\\\/#breadcrumb\",\"itemListElement\":[{\"@type\":\"ListItem\",\"position\":1,\"name\":\"Home\",\"item\":\"https:\\\/\\\/rodoaed.ee\\\/fi\\\/\"},{\"@type\":\"ListItem\",\"position\":2,\"name\":\"Osta osoitteessa\",\"item\":\"https:\\\/\\\/rodoaed.ee\\\/osta-osoitteessa\\\/\"},{\"@type\":\"ListItem\",\"position\":3,\"name\":\"Yleisk\u00e4ytt\u00f6iset hienohampaiset puutarhasakset 1300\"}]},{\"@type\":\"WebSite\",\"@id\":\"https:\\\/\\\/rodoaed.ee\\\/#website\",\"url\":\"https:\\\/\\\/rodoaed.ee\\\/\",\"name\":\"Rodoaed\",\"description\":\"\",\"publisher\":{\"@id\":\"https:\\\/\\\/rodoaed.ee\\\/#organization\"},\"potentialAction\":[{\"@type\":\"SearchAction\",\"target\":{\"@type\":\"EntryPoint\",\"urlTemplate\":\"https:\\\/\\\/rodoaed.ee\\\/?s={search_term_string}\"},\"query-input\":{\"@type\":\"PropertyValueSpecification\",\"valueRequired\":true,\"valueName\":\"search_term_string\"}}],\"inLanguage\":\"fi\"},{\"@type\":\"Organization\",\"@id\":\"https:\\\/\\\/rodoaed.ee\\\/#organization\",\"name\":\"Rodoaed\",\"url\":\"https:\\\/\\\/rodoaed.ee\\\/\",\"logo\":{\"@type\":\"ImageObject\",\"inLanguage\":\"fi\",\"@id\":\"https:\\\/\\\/rodoaed.ee\\\/#\\\/schema\\\/logo\\\/image\\\/\",\"url\":\"https:\\\/\\\/rodoaed.ee\\\/wp-content\\\/uploads\\\/2019\\\/11\\\/rodoaed-logo-ilma-taustata.jpg\",\"contentUrl\":\"https:\\\/\\\/rodoaed.ee\\\/wp-content\\\/uploads\\\/2019\\\/11\\\/rodoaed-logo-ilma-taustata.jpg\",\"width\":769,\"height\":268,\"caption\":\"Rodoaed\"},\"image\":{\"@id\":\"https:\\\/\\\/rodoaed.ee\\\/#\\\/schema\\\/logo\\\/image\\\/\"},\"sameAs\":[\"https:\\\/\\\/www.facebook.com\\\/kasvuhooned\\\/\",\"https:\\\/\\\/rodoaed.ee\"]}]}<\/script>\n<!-- \/ Yoast SEO Premium plugin. -->","yoast_head_json":{"title":"Yleisk\u00e4ytt\u00f6iset hienohampaiset puutarhasakset 1300 -% Puutarhan oksasakset sauvalla","description":"Saksalaiset Bergerin oksasakset 1050, joissa on suora ter\u00e4 tuoretta karsintaa varten. Soveltuu harrastepuutarhureiden ja ammattilaisten k\u00e4ytt\u00f6\u00f6n. Oksasakset 1050 on valmistettu vahvasta ter\u00e4ksest\u00e4.","robots":{"index":"index","follow":"follow","max-snippet":"max-snippet:-1","max-image-preview":"max-image-preview:large","max-video-preview":"max-video-preview:-1"},"canonical":"https:\/\/rodoaed.ee\/fi\/toode\/yleiskayttoiset-hienohampaiset-puutarhasakset-1300\/","og_locale":"fi_FI","og_type":"article","og_title":"Yleisk\u00e4ytt\u00f6iset hienohampaiset puutarhasakset 1300","og_description":"Yleispihasakset 1300, joissa on suora leikkausp\u00e4\u00e4 ja hienohampainen hammastus - erinomaiset yleissakset muovin, langan ja metallilevyn leikkaamiseen.","og_url":"https:\/\/rodoaed.ee\/fi\/toode\/yleiskayttoiset-hienohampaiset-puutarhasakset-1300\/","og_site_name":"Rodoaed","article_publisher":"https:\/\/www.facebook.com\/kasvuhooned\/","article_modified_time":"2026-04-13T08:04:17+00:00","og_image":[{"width":1000,"height":387,"url":"https:\/\/rodoaed.ee\/wp-content\/uploads\/2020\/04\/Berger-aiak\u00e4\u00e4rid_1300_01.jpg","type":"image\/jpeg"}],"twitter_card":"summary_large_image","twitter_misc":{"Arvioitu lukuaika":"1 minuutti"},"schema":{"@context":"https:\/\/schema.org","@graph":[{"@type":"WebPage","@id":"https:\/\/rodoaed.ee\/fi\/toode\/yleiskayttoiset-hienohampaiset-puutarhasakset-1300\/","url":"https:\/\/rodoaed.ee\/fi\/toode\/yleiskayttoiset-hienohampaiset-puutarhasakset-1300\/","name":"Yleisk\u00e4ytt\u00f6iset hienohampaiset puutarhasakset 1300 -% Puutarhan oksasakset sauvalla","isPartOf":{"@id":"https:\/\/rodoaed.ee\/#website"},"primaryImageOfPage":{"@id":"https:\/\/rodoaed.ee\/fi\/toode\/yleiskayttoiset-hienohampaiset-puutarhasakset-1300\/#primaryimage"},"image":{"@id":"https:\/\/rodoaed.ee\/fi\/toode\/yleiskayttoiset-hienohampaiset-puutarhasakset-1300\/#primaryimage"},"thumbnailUrl":"https:\/\/rodoaed.ee\/wp-content\/uploads\/2020\/04\/Berger-aiak\u00e4\u00e4rid_1300_01.jpg","datePublished":"2020-04-30T17:03:53+00:00","dateModified":"2026-04-13T08:04:17+00:00","description":"Saksalaiset Bergerin oksasakset 1050, joissa on suora ter\u00e4 tuoretta karsintaa varten. Soveltuu harrastepuutarhureiden ja ammattilaisten k\u00e4ytt\u00f6\u00f6n. Oksasakset 1050 on valmistettu vahvasta ter\u00e4ksest\u00e4.","breadcrumb":{"@id":"https:\/\/rodoaed.ee\/fi\/toode\/yleiskayttoiset-hienohampaiset-puutarhasakset-1300\/#breadcrumb"},"inLanguage":"fi","potentialAction":[{"@type":"ReadAction","target":["https:\/\/rodoaed.ee\/fi\/toode\/yleiskayttoiset-hienohampaiset-puutarhasakset-1300\/"]}]},{"@type":"ImageObject","inLanguage":"fi","@id":"https:\/\/rodoaed.ee\/fi\/toode\/yleiskayttoiset-hienohampaiset-puutarhasakset-1300\/#primaryimage","url":"https:\/\/rodoaed.ee\/wp-content\/uploads\/2020\/04\/Berger-aiak\u00e4\u00e4rid_1300_01.jpg","contentUrl":"https:\/\/rodoaed.ee\/wp-content\/uploads\/2020\/04\/Berger-aiak\u00e4\u00e4rid_1300_01.jpg","width":1000,"height":387,"caption":"Berger puutarhasakset_rodoaed"},{"@type":"BreadcrumbList","@id":"https:\/\/rodoaed.ee\/fi\/toode\/yleiskayttoiset-hienohampaiset-puutarhasakset-1300\/#breadcrumb","itemListElement":[{"@type":"ListItem","position":1,"name":"Home","item":"https:\/\/rodoaed.ee\/fi\/"},{"@type":"ListItem","position":2,"name":"Osta osoitteessa","item":"https:\/\/rodoaed.ee\/osta-osoitteessa\/"},{"@type":"ListItem","position":3,"name":"Yleisk\u00e4ytt\u00f6iset hienohampaiset puutarhasakset 1300"}]},{"@type":"WebSite","@id":"https:\/\/rodoaed.ee\/#website","url":"https:\/\/rodoaed.ee\/","name":"Rodoaed","description":"","publisher":{"@id":"https:\/\/rodoaed.ee\/#organization"},"potentialAction":[{"@type":"SearchAction","target":{"@type":"EntryPoint","urlTemplate":"https:\/\/rodoaed.ee\/?s={search_term_string}"},"query-input":{"@type":"PropertyValueSpecification","valueRequired":true,"valueName":"search_term_string"}}],"inLanguage":"fi"},{"@type":"Organization","@id":"https:\/\/rodoaed.ee\/#organization","name":"Rodoaed","url":"https:\/\/rodoaed.ee\/","logo":{"@type":"ImageObject","inLanguage":"fi","@id":"https:\/\/rodoaed.ee\/#\/schema\/logo\/image\/","url":"https:\/\/rodoaed.ee\/wp-content\/uploads\/2019\/11\/rodoaed-logo-ilma-taustata.jpg","contentUrl":"https:\/\/rodoaed.ee\/wp-content\/uploads\/2019\/11\/rodoaed-logo-ilma-taustata.jpg","width":769,"height":268,"caption":"Rodoaed"},"image":{"@id":"https:\/\/rodoaed.ee\/#\/schema\/logo\/image\/"},"sameAs":["https:\/\/www.facebook.com\/kasvuhooned\/","https:\/\/rodoaed.ee"]}]}},"_links":{"self":[{"href":"https:\/\/rodoaed.ee\/fi\/wp-json\/wp\/v2\/product\/53341","targetHints":{"allow":["GET"]}}],"collection":[{"href":"https:\/\/rodoaed.ee\/fi\/wp-json\/wp\/v2\/product"}],"about":[{"href":"https:\/\/rodoaed.ee\/fi\/wp-json\/wp\/v2\/types\/product"}],"wp:featuredmedia":[{"embeddable":true,"href":"https:\/\/rodoaed.ee\/fi\/wp-json\/wp\/v2\/media\/31920"}],"wp:attachment":[{"href":"https:\/\/rodoaed.ee\/fi\/wp-json\/wp\/v2\/media?parent=53341"}],"wp:term":[{"taxonomy":"product_brand","embeddable":true,"href":"https:\/\/rodoaed.ee\/fi\/wp-json\/wp\/v2\/product_brand?post=53341"},{"taxonomy":"product_cat","embeddable":true,"href":"https:\/\/rodoaed.ee\/fi\/wp-json\/wp\/v2\/product_cat?post=53341"},{"taxonomy":"product_tag","embeddable":true,"href":"https:\/\/rodoaed.ee\/fi\/wp-json\/wp\/v2\/product_tag?post=53341"}],"curies":[{"name":"wp","href":"https:\/\/api.w.org\/{rel}","templated":true}]}}