{"id":53343,"date":"2020-04-20T01:40:05","date_gmt":"2020-04-19T22:40:05","guid":{"rendered":"https:\/\/rodoaed.ee\/toode\/suuri-blumat-automaattinen-kastelujarjestelma-jossa-40-anturia-ja-vesihanaliitanta-plus-tarvikkeet\/"},"modified":"2026-04-13T11:04:18","modified_gmt":"2026-04-13T08:04:18","slug":"suuri-blumat-automaattinen-kastelujarjestelma-jossa-40-anturia-ja-vesihanaliitanta-plus-tarvikkeet","status":"publish","type":"product","link":"https:\/\/rodoaed.ee\/fi\/tuote\/suuri-blumat-automaattinen-kastelujarjestelma-jossa-40-anturia-ja-vesihanaliitanta-plus-tarvikkeet\/","title":{"rendered":"Suuri Blumat automaattinen kasteluj\u00e4rjestelm\u00e4, jossa 40 anturia ja vesihanaliit\u00e4nt\u00e4 PLUS tarvikkeet"},"content":{"rendered":"<h2>Loistava ratkaisu kasvihuoneisiin, terasseille, parvekelaatikoihin ja kukkapenkkeihin &#8211; tuhansia sarjoja myyty ymp\u00e4ri Viroa.<\/h2>\n<p><span style=\"color: #008000;\"><strong>Suuren Blumat PLUS -osasarjan hinta on 404,50 euroa erikseen ostettuna, 370,30 euroa sarjana ostettuna ja t\u00e4ll\u00e4 hetkell\u00e4 kampanjan aikana vain 269,95 euroa.<\/strong><\/span><\/p>\n<p>Kasteluj\u00e4rjestelm\u00e4 8-15 m\u00b2:n kasvihuoneelle tai 15 m:n s\u00e4ngylle. J\u00e4rjestelm\u00e4\u00e4 voidaan laajentaa jopa 500 anturiin letkua kohden. <\/p>\n<p><strong>Pakkaus sis\u00e4lt\u00e4\u00e4: 15 metri\u00e4 letkua, 40 keraamista anturia, vesihanaliit\u00e4nn\u00e4n, jossa on paineens\u00e4\u00e4din ja letkuliit\u00e4nn\u00e4t.<\/strong><\/p>\n<p><strong>PLUS:<\/strong> kasteluletkun hana 1kpl, letkun maadoitusankkurit 10kpl, jotta letku pysyy tukevasti kiinni maassa ja keraaminen anturin turvaklipsi 5kpl anturin s\u00e4\u00e4t\u00f6nupin suojaamiseksi. N\u00e4m\u00e4 lis\u00e4varusteet tekev\u00e4t kasteluj\u00e4rjestelm\u00e4st\u00e4si mukavamman ja turvallisemman k\u00e4ytt\u00e4\u00e4. <\/p>\n<p><strong>Kaikki mit\u00e4 tarvitset v\u00e4lit\u00f6nt\u00e4 k\u00e4ytt\u00f6\u00e4 varten:<\/strong><\/p>\n<ul>\n<li>40 keraamista anturia, joissa on 20 cm:n anturiletku ja T-kolmio p\u00e4\u00e4letkuun liitt\u00e4mist\u00e4 varten.<\/li>\n<li>15 m kasteluletku 8 mm musta<\/li>\n<li>vesihanan liit\u00e4nt\u00e4 paineens\u00e4\u00e4timell\u00e4<\/li>\n<li><em>Varusteet:<\/em><\/li>\n<li>2x kulmakappaleet, kulmaliitos 8-8 mm<\/li>\n<li>2x p\u00e4\u00e4tykappale 8-3 mm<\/li>\n<li>2x kolminkertainen haara 8-8-8 mm<\/li>\n<li>2x suora kasteluletkuliit\u00e4nt\u00e4 8-8 mm<\/li>\n<li><strong>PLUS<\/strong>:<\/li>\n<li><strong>1 kasteluletkuhana<\/strong><\/li>\n<li><strong>kasteluletkun maa-ankkurit 10kpl<\/strong><\/li>\n<li><strong>keraaminen anturi turvakiinnikkeet 5kpl<\/strong><\/li>\n<\/ul>\n<h3><strong>Joitakin k\u00e4yt\u00e4nn\u00f6n syit\u00e4 k\u00e4ytt\u00e4\u00e4 Blumatin automaattista transponderij\u00e4rjestelm\u00e4\u00e4 keraamisilla antureilla:<\/strong><\/h3>\n<ol>\n<li>S\u00e4\u00e4st\u00e4t vett\u00e4 ja aikaa;<\/li>\n<li>Kasvit saavat aina oikean m\u00e4\u00e4r\u00e4n vett\u00e4, sill\u00e4 kukin anturi m\u00e4\u00e4ritt\u00e4\u00e4 kunkin kasvin kosteustason;<\/li>\n<li>Tippukastelu takaa tasaisen kosteuden;<\/li>\n<li>Helposti s\u00e4\u00e4dett\u00e4viss\u00e4;<\/li>\n<li>Pakkausta voidaan laajentaa jopa 500 tippapisteeseen letkua kohden;<\/li>\n<li>Toimii ilman s\u00e4hk\u00f6\u00e4;<\/li>\n<li>Vesi otetaan joko hanasta tai s\u00e4ili\u00f6st\u00e4;<\/li>\n<li>Eritt\u00e4in helppo asentaa;<\/li>\n<li>Keraaminen anturi reagoi maaper\u00e4n kosteuteen ja s\u00e4\u00e4t\u00e4\u00e4 kasteluveden m\u00e4\u00e4r\u00e4\u00e4 kasvin tarpeiden ja vallitsevien l\u00e4mp\u00f6tilaolosuhteiden mukaan;<\/li>\n<li>Huoltovapaa;<\/li>\n<\/ol>\n<h3><a href=\"https:\/\/rodoaed.ee\/wp-content\/uploads\/2019\/08\/Blumat-kastmiss%C3%BCsteem_est-t%C3%B5lge-karpi-kaasa_UUS.pdf\">Blumat kasteluj\u00e4rjestelm\u00e4n k\u00e4ytt\u00f6ohje<\/a><\/h3>\n<h3><strong>Suuri Blumat automaattinen kasteluj\u00e4rjestelm\u00e4 &#8211; Miksi kasteluantureita on eri kokoisia?<\/strong><\/h3>\n<p>Eri kasveille ja erikokoisille kasvualustoille on olemassa erilaisia keraamisia antureita. Esimerkiksi kasvihuoneessa, ruukussa tai \u00e4mp\u00e4riss\u00e4 mullassa kasvaville tomaateille, paprikoille ja kurkuille sopivat hyvin vakiokokoiset keraamiset anturit. T\u00e4m\u00e4 johtuu siit\u00e4, ett\u00e4 n\u00e4iden kasvien juuret ovat p\u00e4\u00e4asiassa pinnallisia eiv\u00e4tk\u00e4 tunkeudu kovin syv\u00e4lle, ja niiden ruukut ja astiat ovat yleens\u00e4 melko matalia.  <\/p>\n<p>Jos kuitenkin haluat asentaa Large Blumat -automaattisen kasteluj\u00e4rjestelm\u00e4n syv\u00e4juurisille kasveille maaper\u00e4ss\u00e4 tai suuremmille kasvualustassa oleville kasveille, sinun on k\u00e4ytett\u00e4v\u00e4 Maxi-keraamisia antureita, joissa on pidemm\u00e4t jalat. Syy on yksinkertainen. Kasvatusruukun tai kasviastian ylin maakerros kuivuu auringonpaisteessa melko nopeasti, mutta ruukun syvyydess\u00e4 on itse asiassa viel\u00e4 melko paljon vett\u00e4. Lyhyell\u00e4 anturilla keraaminen anturi tekee hieman ennenaikaisen johtop\u00e4\u00e4t\u00f6ksen, kun se mittaa kuivaa pintakerrosta ja aloittaa kastelun. Tuloksena voi helposti olla ylikastelu &#8211; ylin maakerros on kohtuullisen kostea, mutta alemmat maakerrokset eiv\u00e4t saa koskaan tarpeeksi ilmaa ja k\u00e4rsiv\u00e4t liiallisesta kosteudesta. K\u00e4yt\u00e4 oikeita keraamisia antureita oikeissa paikoissa, ja tulet h\u00e4mm\u00e4stym\u00e4\u00e4n tuloksista.     <\/p>\n<p><a href=\"https:\/\/rodoaed.ee\/fi\/\">kotisivu<\/a> <a href=\"https:\/\/rodoaed.ee\/tootekategooria\/kasvuhooned-ja-talveaiad\/\">k\u00e4ynnist\u00e4<\/a> <a href=\"https:\/\/rodoaed.ee\/fi\/tootekategooria\/kasvihuoneen-tarvikkeet\/\">tarvikkeet<\/a> <a href=\"https:\/\/rodoaed.ee\/fi\/tootekategooria\/kasvihuoneen-tarvikkeet\/kasvihuoneen-kastelu\/\">kastelu<\/a><\/p>\n<p>&nbsp;<\/p>\n","protected":false},"excerpt":{"rendered":"<p>Loistava ratkaisu kasvihuoneisiin, terasseille, parvekelaatikoihin ja kukkapenkkeihin &#8211; tuhansia sarjoja myyty ymp\u00e4ri Viroa. Suuren Blumat PLUS -osasarjan hinta on 404,50 euroa erikseen ostettuna, 370,30 euroa sarjana ostettuna ja t\u00e4ll\u00e4 hetkell\u00e4 kampanjan aikana vain 269,95 euroa. Kasteluj\u00e4rjestelm\u00e4 8-15 m\u00b2:n kasvihuoneelle tai 15 m:n s\u00e4ngylle. J\u00e4rjestelm\u00e4\u00e4 voidaan laajentaa jopa 500 anturiin letkua kohden. Pakkaus sis\u00e4lt\u00e4\u00e4: 15 metri\u00e4 letkua, 40 keraamista anturia, vesihanaliit\u00e4nn\u00e4n, jossa on paineens\u00e4\u00e4din ja letkuliit\u00e4nn\u00e4t&#8230;.<\/p>\n","protected":false},"featured_media":47989,"template":"","meta":{"_acf_changed":false},"product_brand":[],"product_cat":[1989,2224,1984,1987,1869,1743],"product_tag":[],"class_list":{"0":"post-53343","1":"product","2":"type-product","3":"status-publish","4":"has-post-thumbnail","6":"product_cat-automaattiset-kastelujarjestelmat-joissa-on-keraamiset-anturit","7":"product_cat-hienojen-kasvien-ja-pensaiden-kastelu","8":"product_cat-kastijarjestelmat","9":"product_cat-kasvihuoneen-kastelu","10":"product_cat-kasvihuoneen-tarvikkeet","11":"product_cat-lisalahjat-lahjat","12":"product_shipping_class-toimitus-1-3-tyopaivan-kuluessa","13":"pa_variatsioon-suuri-blumatin-automaattinen-kastelujarjestelma-jossa-on-40-anturia-ja-vesihanaliitanta","15":"first","16":"instock","17":"sale","18":"taxable","19":"shipping-taxable","20":"purchasable","21":"product-type-simple"},"acf":[],"yoast_head":"<!-- This site is optimized with the Yoast SEO Premium plugin v27.3 (Yoast SEO v27.3) - https:\/\/yoast.com\/product\/yoast-seo-premium-wordpress\/ -->\n<title>Suuri Blumat automaattinen kasteluj\u00e4rjestelm\u00e4, jossa 40 anturia ja vesihanaliit\u00e4nt\u00e4 PLUS tarvikkeet - Rodoaed<\/title>\n<meta name=\"description\" content=\"suuri Blumatin automaattinen kasteluj\u00e4rjestelm\u00e4, jossa on 40 keraamista anturia. Suuri Blumatin automaattinen kasteluj\u00e4rjestelm\u00e4 - sarja keskikokoisia ja suuria kasvihuoneita varten.\" \/>\n<meta name=\"robots\" content=\"index, follow, max-snippet:-1, max-image-preview:large, max-video-preview:-1\" \/>\n<link rel=\"canonical\" href=\"https:\/\/rodoaed.ee\/fi\/toode\/suuri-blumat-automaattinen-kastelujarjestelma-jossa-40-anturia-ja-vesihanaliitanta-plus-tarvikkeet\/\" \/>\n<meta property=\"og:locale\" content=\"fi_FI\" \/>\n<meta property=\"og:type\" content=\"article\" \/>\n<meta property=\"og:title\" content=\"Suuri Blumat automaattinen kasteluj\u00e4rjestelm\u00e4, jossa 40 anturia ja vesihanaliit\u00e4nt\u00e4 PLUS tarvikkeet\" \/>\n<meta property=\"og:description\" content=\"Loistava ratkaisu kasvihuoneisiin, terasseille, parvekelaatikoihin ja kukkapenkkeihin - tuhansia sarjoja myyty ymp\u00e4ri Viroa. Suuren Blumat PLUS -osasarjan\" \/>\n<meta property=\"og:url\" content=\"https:\/\/rodoaed.ee\/fi\/toode\/suuri-blumat-automaattinen-kastelujarjestelma-jossa-40-anturia-ja-vesihanaliitanta-plus-tarvikkeet\/\" \/>\n<meta property=\"og:site_name\" content=\"Rodoaed\" \/>\n<meta property=\"article:publisher\" content=\"https:\/\/www.facebook.com\/kasvuhooned\/\" \/>\n<meta property=\"article:modified_time\" content=\"2026-04-13T08:04:18+00:00\" \/>\n<meta property=\"og:image\" content=\"https:\/\/rodoaed.ee\/wp-content\/uploads\/2020\/04\/keraamiliste-anduritega-kastmissusteem-Blumat_7.jpg\" \/>\n\t<meta property=\"og:image:width\" content=\"1500\" \/>\n\t<meta property=\"og:image:height\" content=\"1024\" \/>\n\t<meta property=\"og:image:type\" content=\"image\/jpeg\" \/>\n<meta name=\"twitter:card\" content=\"summary_large_image\" \/>\n<meta name=\"twitter:label1\" content=\"Arvioitu lukuaika\" \/>\n\t<meta name=\"twitter:data1\" content=\"2 minuuttia\" \/>\n<script type=\"application\/ld+json\" class=\"yoast-schema-graph\">{\"@context\":\"https:\\\/\\\/schema.org\",\"@graph\":[{\"@type\":\"WebPage\",\"@id\":\"https:\\\/\\\/rodoaed.ee\\\/fi\\\/toode\\\/suuri-blumat-automaattinen-kastelujarjestelma-jossa-40-anturia-ja-vesihanaliitanta-plus-tarvikkeet\\\/\",\"url\":\"https:\\\/\\\/rodoaed.ee\\\/fi\\\/toode\\\/suuri-blumat-automaattinen-kastelujarjestelma-jossa-40-anturia-ja-vesihanaliitanta-plus-tarvikkeet\\\/\",\"name\":\"Suuri Blumat automaattinen kasteluj\u00e4rjestelm\u00e4, jossa 40 anturia ja vesihanaliit\u00e4nt\u00e4 PLUS tarvikkeet - Rodoaed\",\"isPartOf\":{\"@id\":\"https:\\\/\\\/rodoaed.ee\\\/#website\"},\"primaryImageOfPage\":{\"@id\":\"https:\\\/\\\/rodoaed.ee\\\/fi\\\/toode\\\/suuri-blumat-automaattinen-kastelujarjestelma-jossa-40-anturia-ja-vesihanaliitanta-plus-tarvikkeet\\\/#primaryimage\"},\"image\":{\"@id\":\"https:\\\/\\\/rodoaed.ee\\\/fi\\\/toode\\\/suuri-blumat-automaattinen-kastelujarjestelma-jossa-40-anturia-ja-vesihanaliitanta-plus-tarvikkeet\\\/#primaryimage\"},\"thumbnailUrl\":\"https:\\\/\\\/rodoaed.ee\\\/wp-content\\\/uploads\\\/2020\\\/04\\\/keraamiliste-anduritega-kastmissusteem-Blumat_7.jpg\",\"datePublished\":\"2020-04-19T22:40:05+00:00\",\"dateModified\":\"2026-04-13T08:04:18+00:00\",\"description\":\"suuri Blumatin automaattinen kasteluj\u00e4rjestelm\u00e4, jossa on 40 keraamista anturia. Suuri Blumatin automaattinen kasteluj\u00e4rjestelm\u00e4 - sarja keskikokoisia ja suuria kasvihuoneita varten.\",\"breadcrumb\":{\"@id\":\"https:\\\/\\\/rodoaed.ee\\\/fi\\\/toode\\\/suuri-blumat-automaattinen-kastelujarjestelma-jossa-40-anturia-ja-vesihanaliitanta-plus-tarvikkeet\\\/#breadcrumb\"},\"inLanguage\":\"fi\",\"potentialAction\":[{\"@type\":\"ReadAction\",\"target\":[\"https:\\\/\\\/rodoaed.ee\\\/fi\\\/toode\\\/suuri-blumat-automaattinen-kastelujarjestelma-jossa-40-anturia-ja-vesihanaliitanta-plus-tarvikkeet\\\/\"]}]},{\"@type\":\"ImageObject\",\"inLanguage\":\"fi\",\"@id\":\"https:\\\/\\\/rodoaed.ee\\\/fi\\\/toode\\\/suuri-blumat-automaattinen-kastelujarjestelma-jossa-40-anturia-ja-vesihanaliitanta-plus-tarvikkeet\\\/#primaryimage\",\"url\":\"https:\\\/\\\/rodoaed.ee\\\/wp-content\\\/uploads\\\/2020\\\/04\\\/keraamiliste-anduritega-kastmissusteem-Blumat_7.jpg\",\"contentUrl\":\"https:\\\/\\\/rodoaed.ee\\\/wp-content\\\/uploads\\\/2020\\\/04\\\/keraamiliste-anduritega-kastmissusteem-Blumat_7.jpg\",\"width\":1500,\"height\":1024},{\"@type\":\"BreadcrumbList\",\"@id\":\"https:\\\/\\\/rodoaed.ee\\\/fi\\\/toode\\\/suuri-blumat-automaattinen-kastelujarjestelma-jossa-40-anturia-ja-vesihanaliitanta-plus-tarvikkeet\\\/#breadcrumb\",\"itemListElement\":[{\"@type\":\"ListItem\",\"position\":1,\"name\":\"Home\",\"item\":\"https:\\\/\\\/rodoaed.ee\\\/fi\\\/\"},{\"@type\":\"ListItem\",\"position\":2,\"name\":\"Osta osoitteessa\",\"item\":\"https:\\\/\\\/rodoaed.ee\\\/osta-osoitteessa\\\/\"},{\"@type\":\"ListItem\",\"position\":3,\"name\":\"Suuri Blumat automaattinen kasteluj\u00e4rjestelm\u00e4, jossa 40 anturia ja vesihanaliit\u00e4nt\u00e4 PLUS tarvikkeet\"}]},{\"@type\":\"WebSite\",\"@id\":\"https:\\\/\\\/rodoaed.ee\\\/#website\",\"url\":\"https:\\\/\\\/rodoaed.ee\\\/\",\"name\":\"Rodoaed\",\"description\":\"\",\"publisher\":{\"@id\":\"https:\\\/\\\/rodoaed.ee\\\/#organization\"},\"potentialAction\":[{\"@type\":\"SearchAction\",\"target\":{\"@type\":\"EntryPoint\",\"urlTemplate\":\"https:\\\/\\\/rodoaed.ee\\\/?s={search_term_string}\"},\"query-input\":{\"@type\":\"PropertyValueSpecification\",\"valueRequired\":true,\"valueName\":\"search_term_string\"}}],\"inLanguage\":\"fi\"},{\"@type\":\"Organization\",\"@id\":\"https:\\\/\\\/rodoaed.ee\\\/#organization\",\"name\":\"Rodoaed\",\"url\":\"https:\\\/\\\/rodoaed.ee\\\/\",\"logo\":{\"@type\":\"ImageObject\",\"inLanguage\":\"fi\",\"@id\":\"https:\\\/\\\/rodoaed.ee\\\/#\\\/schema\\\/logo\\\/image\\\/\",\"url\":\"https:\\\/\\\/rodoaed.ee\\\/wp-content\\\/uploads\\\/2019\\\/11\\\/rodoaed-logo-ilma-taustata.jpg\",\"contentUrl\":\"https:\\\/\\\/rodoaed.ee\\\/wp-content\\\/uploads\\\/2019\\\/11\\\/rodoaed-logo-ilma-taustata.jpg\",\"width\":769,\"height\":268,\"caption\":\"Rodoaed\"},\"image\":{\"@id\":\"https:\\\/\\\/rodoaed.ee\\\/#\\\/schema\\\/logo\\\/image\\\/\"},\"sameAs\":[\"https:\\\/\\\/www.facebook.com\\\/kasvuhooned\\\/\",\"https:\\\/\\\/rodoaed.ee\"]}]}<\/script>\n<!-- \/ Yoast SEO Premium plugin. -->","yoast_head_json":{"title":"Suuri Blumat automaattinen kasteluj\u00e4rjestelm\u00e4, jossa 40 anturia ja vesihanaliit\u00e4nt\u00e4 PLUS tarvikkeet - Rodoaed","description":"suuri Blumatin automaattinen kasteluj\u00e4rjestelm\u00e4, jossa on 40 keraamista anturia. Suuri Blumatin automaattinen kasteluj\u00e4rjestelm\u00e4 - sarja keskikokoisia ja suuria kasvihuoneita varten.","robots":{"index":"index","follow":"follow","max-snippet":"max-snippet:-1","max-image-preview":"max-image-preview:large","max-video-preview":"max-video-preview:-1"},"canonical":"https:\/\/rodoaed.ee\/fi\/toode\/suuri-blumat-automaattinen-kastelujarjestelma-jossa-40-anturia-ja-vesihanaliitanta-plus-tarvikkeet\/","og_locale":"fi_FI","og_type":"article","og_title":"Suuri Blumat automaattinen kasteluj\u00e4rjestelm\u00e4, jossa 40 anturia ja vesihanaliit\u00e4nt\u00e4 PLUS tarvikkeet","og_description":"Loistava ratkaisu kasvihuoneisiin, terasseille, parvekelaatikoihin ja kukkapenkkeihin - tuhansia sarjoja myyty ymp\u00e4ri Viroa. Suuren Blumat PLUS -osasarjan","og_url":"https:\/\/rodoaed.ee\/fi\/toode\/suuri-blumat-automaattinen-kastelujarjestelma-jossa-40-anturia-ja-vesihanaliitanta-plus-tarvikkeet\/","og_site_name":"Rodoaed","article_publisher":"https:\/\/www.facebook.com\/kasvuhooned\/","article_modified_time":"2026-04-13T08:04:18+00:00","og_image":[{"width":1500,"height":1024,"url":"https:\/\/rodoaed.ee\/wp-content\/uploads\/2020\/04\/keraamiliste-anduritega-kastmissusteem-Blumat_7.jpg","type":"image\/jpeg"}],"twitter_card":"summary_large_image","twitter_misc":{"Arvioitu lukuaika":"2 minuuttia"},"schema":{"@context":"https:\/\/schema.org","@graph":[{"@type":"WebPage","@id":"https:\/\/rodoaed.ee\/fi\/toode\/suuri-blumat-automaattinen-kastelujarjestelma-jossa-40-anturia-ja-vesihanaliitanta-plus-tarvikkeet\/","url":"https:\/\/rodoaed.ee\/fi\/toode\/suuri-blumat-automaattinen-kastelujarjestelma-jossa-40-anturia-ja-vesihanaliitanta-plus-tarvikkeet\/","name":"Suuri Blumat automaattinen kasteluj\u00e4rjestelm\u00e4, jossa 40 anturia ja vesihanaliit\u00e4nt\u00e4 PLUS tarvikkeet - Rodoaed","isPartOf":{"@id":"https:\/\/rodoaed.ee\/#website"},"primaryImageOfPage":{"@id":"https:\/\/rodoaed.ee\/fi\/toode\/suuri-blumat-automaattinen-kastelujarjestelma-jossa-40-anturia-ja-vesihanaliitanta-plus-tarvikkeet\/#primaryimage"},"image":{"@id":"https:\/\/rodoaed.ee\/fi\/toode\/suuri-blumat-automaattinen-kastelujarjestelma-jossa-40-anturia-ja-vesihanaliitanta-plus-tarvikkeet\/#primaryimage"},"thumbnailUrl":"https:\/\/rodoaed.ee\/wp-content\/uploads\/2020\/04\/keraamiliste-anduritega-kastmissusteem-Blumat_7.jpg","datePublished":"2020-04-19T22:40:05+00:00","dateModified":"2026-04-13T08:04:18+00:00","description":"suuri Blumatin automaattinen kasteluj\u00e4rjestelm\u00e4, jossa on 40 keraamista anturia. Suuri Blumatin automaattinen kasteluj\u00e4rjestelm\u00e4 - sarja keskikokoisia ja suuria kasvihuoneita varten.","breadcrumb":{"@id":"https:\/\/rodoaed.ee\/fi\/toode\/suuri-blumat-automaattinen-kastelujarjestelma-jossa-40-anturia-ja-vesihanaliitanta-plus-tarvikkeet\/#breadcrumb"},"inLanguage":"fi","potentialAction":[{"@type":"ReadAction","target":["https:\/\/rodoaed.ee\/fi\/toode\/suuri-blumat-automaattinen-kastelujarjestelma-jossa-40-anturia-ja-vesihanaliitanta-plus-tarvikkeet\/"]}]},{"@type":"ImageObject","inLanguage":"fi","@id":"https:\/\/rodoaed.ee\/fi\/toode\/suuri-blumat-automaattinen-kastelujarjestelma-jossa-40-anturia-ja-vesihanaliitanta-plus-tarvikkeet\/#primaryimage","url":"https:\/\/rodoaed.ee\/wp-content\/uploads\/2020\/04\/keraamiliste-anduritega-kastmissusteem-Blumat_7.jpg","contentUrl":"https:\/\/rodoaed.ee\/wp-content\/uploads\/2020\/04\/keraamiliste-anduritega-kastmissusteem-Blumat_7.jpg","width":1500,"height":1024},{"@type":"BreadcrumbList","@id":"https:\/\/rodoaed.ee\/fi\/toode\/suuri-blumat-automaattinen-kastelujarjestelma-jossa-40-anturia-ja-vesihanaliitanta-plus-tarvikkeet\/#breadcrumb","itemListElement":[{"@type":"ListItem","position":1,"name":"Home","item":"https:\/\/rodoaed.ee\/fi\/"},{"@type":"ListItem","position":2,"name":"Osta osoitteessa","item":"https:\/\/rodoaed.ee\/osta-osoitteessa\/"},{"@type":"ListItem","position":3,"name":"Suuri Blumat automaattinen kasteluj\u00e4rjestelm\u00e4, jossa 40 anturia ja vesihanaliit\u00e4nt\u00e4 PLUS tarvikkeet"}]},{"@type":"WebSite","@id":"https:\/\/rodoaed.ee\/#website","url":"https:\/\/rodoaed.ee\/","name":"Rodoaed","description":"","publisher":{"@id":"https:\/\/rodoaed.ee\/#organization"},"potentialAction":[{"@type":"SearchAction","target":{"@type":"EntryPoint","urlTemplate":"https:\/\/rodoaed.ee\/?s={search_term_string}"},"query-input":{"@type":"PropertyValueSpecification","valueRequired":true,"valueName":"search_term_string"}}],"inLanguage":"fi"},{"@type":"Organization","@id":"https:\/\/rodoaed.ee\/#organization","name":"Rodoaed","url":"https:\/\/rodoaed.ee\/","logo":{"@type":"ImageObject","inLanguage":"fi","@id":"https:\/\/rodoaed.ee\/#\/schema\/logo\/image\/","url":"https:\/\/rodoaed.ee\/wp-content\/uploads\/2019\/11\/rodoaed-logo-ilma-taustata.jpg","contentUrl":"https:\/\/rodoaed.ee\/wp-content\/uploads\/2019\/11\/rodoaed-logo-ilma-taustata.jpg","width":769,"height":268,"caption":"Rodoaed"},"image":{"@id":"https:\/\/rodoaed.ee\/#\/schema\/logo\/image\/"},"sameAs":["https:\/\/www.facebook.com\/kasvuhooned\/","https:\/\/rodoaed.ee"]}]}},"_links":{"self":[{"href":"https:\/\/rodoaed.ee\/fi\/wp-json\/wp\/v2\/product\/53343","targetHints":{"allow":["GET"]}}],"collection":[{"href":"https:\/\/rodoaed.ee\/fi\/wp-json\/wp\/v2\/product"}],"about":[{"href":"https:\/\/rodoaed.ee\/fi\/wp-json\/wp\/v2\/types\/product"}],"wp:featuredmedia":[{"embeddable":true,"href":"https:\/\/rodoaed.ee\/fi\/wp-json\/wp\/v2\/media\/47989"}],"wp:attachment":[{"href":"https:\/\/rodoaed.ee\/fi\/wp-json\/wp\/v2\/media?parent=53343"}],"wp:term":[{"taxonomy":"product_brand","embeddable":true,"href":"https:\/\/rodoaed.ee\/fi\/wp-json\/wp\/v2\/product_brand?post=53343"},{"taxonomy":"product_cat","embeddable":true,"href":"https:\/\/rodoaed.ee\/fi\/wp-json\/wp\/v2\/product_cat?post=53343"},{"taxonomy":"product_tag","embeddable":true,"href":"https:\/\/rodoaed.ee\/fi\/wp-json\/wp\/v2\/product_tag?post=53343"}],"curies":[{"name":"wp","href":"https:\/\/api.w.org\/{rel}","templated":true}]}}