{"id":53344,"date":"2020-05-13T18:05:14","date_gmt":"2020-05-13T15:05:14","guid":{"rendered":"https:\/\/rodoaed.ee\/toode\/lintujen-hoyhenkolmikko-vaakasuora-pesakotelo\/"},"modified":"2026-04-13T11:04:19","modified_gmt":"2026-04-13T08:04:19","slug":"lintujen-hoyhenkolmikko-vaakasuora-pesakotelo","status":"publish","type":"product","link":"https:\/\/rodoaed.ee\/fi\/tuote\/lintujen-hoyhenkolmikko-vaakasuora-pesakotelo\/","title":{"rendered":"Lintujen h\u00f6yhenkolmikko vaakasuora pes\u00e4kotelo"},"content":{"rendered":"<h3>Upea vaakasuora pes\u00e4kotelo varpusille ja kaikille muille puutarhan linnuille.<\/h3>\n<p>Parvet rakastavat pesi\u00e4 yhdess\u00e4, ja siksi ne rakastavat t\u00e4t\u00e4 pes\u00e4\u00e4. Kolme pes\u00e4\u00e4 ovat kaikki yhdess\u00e4 kotelossa, ja pes\u00e4moduulin takaosassa on k\u00e4tev\u00e4 sivuluukku tarkastusta ja puhdistusta varten. <\/p>\n<p><strong>Materiaali:<\/strong><\/p>\n<p>M\u00e4nty, sinkitty peltipeltikatto<\/p>\n<p><strong>Lentoreitin koko:<\/strong><\/p>\n<p>&#8211; \u00d8 32 mm<\/p>\n<p><strong>Kuka t\u00e4ytt\u00e4\u00e4 pes\u00e4kotelon:<\/strong><\/p>\n<p><em>Valkoposkihanhi, sinihanhi, liplattihanhi, mustahanhi, tummahanhi, lepakkolintu, mets\u00e4peippo, mustakurkku- ja kaulushaikara, punarintainen puukiipij\u00e4, turturikyyhky ja talitiainen.<\/em><\/p>\n<p><strong>Pes\u00e4laatikon mitat: L 16,8 x L 46,8 x K 20,5 cm.<\/strong><\/p>\n<p><strong>Pes\u00e4kotelon paino:<\/strong> 2,5 kg<\/p>\n<p><em>         <\/em><\/p>\n<p>&nbsp;<\/p>\n<p>&nbsp;<\/p>\n","protected":false},"excerpt":{"rendered":"<p>Upea vaakasuora pes\u00e4kotelo varpusille ja kaikille muille puutarhan linnuille. Parvet rakastavat pesi\u00e4 yhdess\u00e4, ja siksi ne rakastavat t\u00e4t\u00e4 pes\u00e4\u00e4. Kolme pes\u00e4\u00e4 ovat kaikki yhdess\u00e4 kotelossa, ja pes\u00e4moduulin takaosassa on k\u00e4tev\u00e4 sivuluukku tarkastusta ja puhdistusta varten. Materiaali: M\u00e4nty, sinkitty peltipeltikatto Lentoreitin koko: &#8211; \u00d8 32 mm Kuka t\u00e4ytt\u00e4\u00e4 pes\u00e4kotelon: Valkoposkihanhi, sinihanhi, liplattihanhi, mustahanhi, tummahanhi, lepakkolintu, mets\u00e4peippo, mustakurkku- ja kaulushaikara, punarintainen puukiipij\u00e4, turturikyyhky ja talitiainen. Pes\u00e4laatikon mitat:&#8230;<\/p>\n","protected":false},"featured_media":32298,"template":"","meta":{"_acf_changed":false},"product_brand":[],"product_cat":[1885,1851,1861],"product_tag":[],"class_list":{"0":"post-53344","1":"product","2":"type-product","3":"status-publish","4":"has-post-thumbnail","6":"product_cat-merimetson-pesalaatikko","7":"product_cat-pesakotelot","8":"product_cat-puiset-pesakotelot","9":"product_shipping_class-toimitus-1-3-tyopaivan-kuluessa","10":"pa_variatsioon-pesalaatikko-1b-o-32mm-ruskea","12":"first","13":"outofstock","14":"sale","15":"taxable","16":"shipping-taxable","17":"purchasable","18":"product-type-simple"},"acf":[],"yoast_head":"<!-- This site is optimized with the Yoast SEO Premium plugin v27.3 (Yoast SEO v27.3) - https:\/\/yoast.com\/product\/yoast-seo-premium-wordpress\/ -->\n<title>Lintujen h\u00f6yhenkolmikko vaakasuora pes\u00e4kotelo - Rodoaed<\/title>\n<meta name=\"description\" content=\"Kiva m\u00e4ntyinen pes\u00e4kotelo varpusille ja muille puutarhan linnuille. Pystysuora kolminkertainen pes\u00e4. Viron laajin valikoima pes\u00e4kotelomalleja.\" \/>\n<meta name=\"robots\" content=\"index, follow, max-snippet:-1, max-image-preview:large, max-video-preview:-1\" \/>\n<link rel=\"canonical\" href=\"https:\/\/rodoaed.ee\/fi\/toode\/lintujen-hoyhenkolmikko-vaakasuora-pesakotelo\/\" \/>\n<meta property=\"og:locale\" content=\"fi_FI\" \/>\n<meta property=\"og:type\" content=\"article\" \/>\n<meta property=\"og:title\" content=\"Lintujen h\u00f6yhenkolmikko vaakasuora pes\u00e4kotelo\" \/>\n<meta property=\"og:description\" content=\"Upea vaakasuora pes\u00e4kotelo varpusille ja kaikille muille puutarhan linnuille. Parvet rakastavat pesi\u00e4 yhdess\u00e4, ja siksi ne rakastavat t\u00e4t\u00e4 pes\u00e4\u00e4. Kolme\" \/>\n<meta property=\"og:url\" content=\"https:\/\/rodoaed.ee\/fi\/toode\/lintujen-hoyhenkolmikko-vaakasuora-pesakotelo\/\" \/>\n<meta property=\"og:site_name\" content=\"Rodoaed\" \/>\n<meta property=\"article:publisher\" content=\"https:\/\/www.facebook.com\/kasvuhooned\/\" \/>\n<meta property=\"article:modified_time\" content=\"2026-04-13T08:04:19+00:00\" \/>\n<meta property=\"og:image\" content=\"https:\/\/rodoaed.ee\/wp-content\/uploads\/2020\/05\/Puidust-varblaste-pesakast_NK85_05.png\" \/>\n\t<meta property=\"og:image:width\" content=\"1240\" \/>\n\t<meta property=\"og:image:height\" content=\"1240\" \/>\n\t<meta property=\"og:image:type\" content=\"image\/png\" \/>\n<meta name=\"twitter:card\" content=\"summary_large_image\" \/>\n<script type=\"application\/ld+json\" class=\"yoast-schema-graph\">{\"@context\":\"https:\\\/\\\/schema.org\",\"@graph\":[{\"@type\":\"WebPage\",\"@id\":\"https:\\\/\\\/rodoaed.ee\\\/fi\\\/toode\\\/lintujen-hoyhenkolmikko-vaakasuora-pesakotelo\\\/\",\"url\":\"https:\\\/\\\/rodoaed.ee\\\/fi\\\/toode\\\/lintujen-hoyhenkolmikko-vaakasuora-pesakotelo\\\/\",\"name\":\"Lintujen h\u00f6yhenkolmikko vaakasuora pes\u00e4kotelo - Rodoaed\",\"isPartOf\":{\"@id\":\"https:\\\/\\\/rodoaed.ee\\\/#website\"},\"primaryImageOfPage\":{\"@id\":\"https:\\\/\\\/rodoaed.ee\\\/fi\\\/toode\\\/lintujen-hoyhenkolmikko-vaakasuora-pesakotelo\\\/#primaryimage\"},\"image\":{\"@id\":\"https:\\\/\\\/rodoaed.ee\\\/fi\\\/toode\\\/lintujen-hoyhenkolmikko-vaakasuora-pesakotelo\\\/#primaryimage\"},\"thumbnailUrl\":\"https:\\\/\\\/rodoaed.ee\\\/wp-content\\\/uploads\\\/2020\\\/05\\\/Puidust-varblaste-pesakast_NK85_05.png\",\"datePublished\":\"2020-05-13T15:05:14+00:00\",\"dateModified\":\"2026-04-13T08:04:19+00:00\",\"description\":\"Kiva m\u00e4ntyinen pes\u00e4kotelo varpusille ja muille puutarhan linnuille. Pystysuora kolminkertainen pes\u00e4. Viron laajin valikoima pes\u00e4kotelomalleja.\",\"breadcrumb\":{\"@id\":\"https:\\\/\\\/rodoaed.ee\\\/fi\\\/toode\\\/lintujen-hoyhenkolmikko-vaakasuora-pesakotelo\\\/#breadcrumb\"},\"inLanguage\":\"fi\",\"potentialAction\":[{\"@type\":\"ReadAction\",\"target\":[\"https:\\\/\\\/rodoaed.ee\\\/fi\\\/toode\\\/lintujen-hoyhenkolmikko-vaakasuora-pesakotelo\\\/\"]}]},{\"@type\":\"ImageObject\",\"inLanguage\":\"fi\",\"@id\":\"https:\\\/\\\/rodoaed.ee\\\/fi\\\/toode\\\/lintujen-hoyhenkolmikko-vaakasuora-pesakotelo\\\/#primaryimage\",\"url\":\"https:\\\/\\\/rodoaed.ee\\\/wp-content\\\/uploads\\\/2020\\\/05\\\/Puidust-varblaste-pesakast_NK85_05.png\",\"contentUrl\":\"https:\\\/\\\/rodoaed.ee\\\/wp-content\\\/uploads\\\/2020\\\/05\\\/Puidust-varblaste-pesakast_NK85_05.png\",\"width\":1240,\"height\":1240},{\"@type\":\"BreadcrumbList\",\"@id\":\"https:\\\/\\\/rodoaed.ee\\\/fi\\\/toode\\\/lintujen-hoyhenkolmikko-vaakasuora-pesakotelo\\\/#breadcrumb\",\"itemListElement\":[{\"@type\":\"ListItem\",\"position\":1,\"name\":\"Home\",\"item\":\"https:\\\/\\\/rodoaed.ee\\\/fi\\\/\"},{\"@type\":\"ListItem\",\"position\":2,\"name\":\"Osta osoitteessa\",\"item\":\"https:\\\/\\\/rodoaed.ee\\\/osta-osoitteessa\\\/\"},{\"@type\":\"ListItem\",\"position\":3,\"name\":\"Lintujen h\u00f6yhenkolmikko vaakasuora pes\u00e4kotelo\"}]},{\"@type\":\"WebSite\",\"@id\":\"https:\\\/\\\/rodoaed.ee\\\/#website\",\"url\":\"https:\\\/\\\/rodoaed.ee\\\/\",\"name\":\"Rodoaed\",\"description\":\"\",\"publisher\":{\"@id\":\"https:\\\/\\\/rodoaed.ee\\\/#organization\"},\"potentialAction\":[{\"@type\":\"SearchAction\",\"target\":{\"@type\":\"EntryPoint\",\"urlTemplate\":\"https:\\\/\\\/rodoaed.ee\\\/?s={search_term_string}\"},\"query-input\":{\"@type\":\"PropertyValueSpecification\",\"valueRequired\":true,\"valueName\":\"search_term_string\"}}],\"inLanguage\":\"fi\"},{\"@type\":\"Organization\",\"@id\":\"https:\\\/\\\/rodoaed.ee\\\/#organization\",\"name\":\"Rodoaed\",\"url\":\"https:\\\/\\\/rodoaed.ee\\\/\",\"logo\":{\"@type\":\"ImageObject\",\"inLanguage\":\"fi\",\"@id\":\"https:\\\/\\\/rodoaed.ee\\\/#\\\/schema\\\/logo\\\/image\\\/\",\"url\":\"https:\\\/\\\/rodoaed.ee\\\/wp-content\\\/uploads\\\/2019\\\/11\\\/rodoaed-logo-ilma-taustata.jpg\",\"contentUrl\":\"https:\\\/\\\/rodoaed.ee\\\/wp-content\\\/uploads\\\/2019\\\/11\\\/rodoaed-logo-ilma-taustata.jpg\",\"width\":769,\"height\":268,\"caption\":\"Rodoaed\"},\"image\":{\"@id\":\"https:\\\/\\\/rodoaed.ee\\\/#\\\/schema\\\/logo\\\/image\\\/\"},\"sameAs\":[\"https:\\\/\\\/www.facebook.com\\\/kasvuhooned\\\/\",\"https:\\\/\\\/rodoaed.ee\"]}]}<\/script>\n<!-- \/ Yoast SEO Premium plugin. -->","yoast_head_json":{"title":"Lintujen h\u00f6yhenkolmikko vaakasuora pes\u00e4kotelo - Rodoaed","description":"Kiva m\u00e4ntyinen pes\u00e4kotelo varpusille ja muille puutarhan linnuille. Pystysuora kolminkertainen pes\u00e4. Viron laajin valikoima pes\u00e4kotelomalleja.","robots":{"index":"index","follow":"follow","max-snippet":"max-snippet:-1","max-image-preview":"max-image-preview:large","max-video-preview":"max-video-preview:-1"},"canonical":"https:\/\/rodoaed.ee\/fi\/toode\/lintujen-hoyhenkolmikko-vaakasuora-pesakotelo\/","og_locale":"fi_FI","og_type":"article","og_title":"Lintujen h\u00f6yhenkolmikko vaakasuora pes\u00e4kotelo","og_description":"Upea vaakasuora pes\u00e4kotelo varpusille ja kaikille muille puutarhan linnuille. Parvet rakastavat pesi\u00e4 yhdess\u00e4, ja siksi ne rakastavat t\u00e4t\u00e4 pes\u00e4\u00e4. Kolme","og_url":"https:\/\/rodoaed.ee\/fi\/toode\/lintujen-hoyhenkolmikko-vaakasuora-pesakotelo\/","og_site_name":"Rodoaed","article_publisher":"https:\/\/www.facebook.com\/kasvuhooned\/","article_modified_time":"2026-04-13T08:04:19+00:00","og_image":[{"width":1240,"height":1240,"url":"https:\/\/rodoaed.ee\/wp-content\/uploads\/2020\/05\/Puidust-varblaste-pesakast_NK85_05.png","type":"image\/png"}],"twitter_card":"summary_large_image","schema":{"@context":"https:\/\/schema.org","@graph":[{"@type":"WebPage","@id":"https:\/\/rodoaed.ee\/fi\/toode\/lintujen-hoyhenkolmikko-vaakasuora-pesakotelo\/","url":"https:\/\/rodoaed.ee\/fi\/toode\/lintujen-hoyhenkolmikko-vaakasuora-pesakotelo\/","name":"Lintujen h\u00f6yhenkolmikko vaakasuora pes\u00e4kotelo - Rodoaed","isPartOf":{"@id":"https:\/\/rodoaed.ee\/#website"},"primaryImageOfPage":{"@id":"https:\/\/rodoaed.ee\/fi\/toode\/lintujen-hoyhenkolmikko-vaakasuora-pesakotelo\/#primaryimage"},"image":{"@id":"https:\/\/rodoaed.ee\/fi\/toode\/lintujen-hoyhenkolmikko-vaakasuora-pesakotelo\/#primaryimage"},"thumbnailUrl":"https:\/\/rodoaed.ee\/wp-content\/uploads\/2020\/05\/Puidust-varblaste-pesakast_NK85_05.png","datePublished":"2020-05-13T15:05:14+00:00","dateModified":"2026-04-13T08:04:19+00:00","description":"Kiva m\u00e4ntyinen pes\u00e4kotelo varpusille ja muille puutarhan linnuille. Pystysuora kolminkertainen pes\u00e4. Viron laajin valikoima pes\u00e4kotelomalleja.","breadcrumb":{"@id":"https:\/\/rodoaed.ee\/fi\/toode\/lintujen-hoyhenkolmikko-vaakasuora-pesakotelo\/#breadcrumb"},"inLanguage":"fi","potentialAction":[{"@type":"ReadAction","target":["https:\/\/rodoaed.ee\/fi\/toode\/lintujen-hoyhenkolmikko-vaakasuora-pesakotelo\/"]}]},{"@type":"ImageObject","inLanguage":"fi","@id":"https:\/\/rodoaed.ee\/fi\/toode\/lintujen-hoyhenkolmikko-vaakasuora-pesakotelo\/#primaryimage","url":"https:\/\/rodoaed.ee\/wp-content\/uploads\/2020\/05\/Puidust-varblaste-pesakast_NK85_05.png","contentUrl":"https:\/\/rodoaed.ee\/wp-content\/uploads\/2020\/05\/Puidust-varblaste-pesakast_NK85_05.png","width":1240,"height":1240},{"@type":"BreadcrumbList","@id":"https:\/\/rodoaed.ee\/fi\/toode\/lintujen-hoyhenkolmikko-vaakasuora-pesakotelo\/#breadcrumb","itemListElement":[{"@type":"ListItem","position":1,"name":"Home","item":"https:\/\/rodoaed.ee\/fi\/"},{"@type":"ListItem","position":2,"name":"Osta osoitteessa","item":"https:\/\/rodoaed.ee\/osta-osoitteessa\/"},{"@type":"ListItem","position":3,"name":"Lintujen h\u00f6yhenkolmikko vaakasuora pes\u00e4kotelo"}]},{"@type":"WebSite","@id":"https:\/\/rodoaed.ee\/#website","url":"https:\/\/rodoaed.ee\/","name":"Rodoaed","description":"","publisher":{"@id":"https:\/\/rodoaed.ee\/#organization"},"potentialAction":[{"@type":"SearchAction","target":{"@type":"EntryPoint","urlTemplate":"https:\/\/rodoaed.ee\/?s={search_term_string}"},"query-input":{"@type":"PropertyValueSpecification","valueRequired":true,"valueName":"search_term_string"}}],"inLanguage":"fi"},{"@type":"Organization","@id":"https:\/\/rodoaed.ee\/#organization","name":"Rodoaed","url":"https:\/\/rodoaed.ee\/","logo":{"@type":"ImageObject","inLanguage":"fi","@id":"https:\/\/rodoaed.ee\/#\/schema\/logo\/image\/","url":"https:\/\/rodoaed.ee\/wp-content\/uploads\/2019\/11\/rodoaed-logo-ilma-taustata.jpg","contentUrl":"https:\/\/rodoaed.ee\/wp-content\/uploads\/2019\/11\/rodoaed-logo-ilma-taustata.jpg","width":769,"height":268,"caption":"Rodoaed"},"image":{"@id":"https:\/\/rodoaed.ee\/#\/schema\/logo\/image\/"},"sameAs":["https:\/\/www.facebook.com\/kasvuhooned\/","https:\/\/rodoaed.ee"]}]}},"_links":{"self":[{"href":"https:\/\/rodoaed.ee\/fi\/wp-json\/wp\/v2\/product\/53344","targetHints":{"allow":["GET"]}}],"collection":[{"href":"https:\/\/rodoaed.ee\/fi\/wp-json\/wp\/v2\/product"}],"about":[{"href":"https:\/\/rodoaed.ee\/fi\/wp-json\/wp\/v2\/types\/product"}],"wp:featuredmedia":[{"embeddable":true,"href":"https:\/\/rodoaed.ee\/fi\/wp-json\/wp\/v2\/media\/32298"}],"wp:attachment":[{"href":"https:\/\/rodoaed.ee\/fi\/wp-json\/wp\/v2\/media?parent=53344"}],"wp:term":[{"taxonomy":"product_brand","embeddable":true,"href":"https:\/\/rodoaed.ee\/fi\/wp-json\/wp\/v2\/product_brand?post=53344"},{"taxonomy":"product_cat","embeddable":true,"href":"https:\/\/rodoaed.ee\/fi\/wp-json\/wp\/v2\/product_cat?post=53344"},{"taxonomy":"product_tag","embeddable":true,"href":"https:\/\/rodoaed.ee\/fi\/wp-json\/wp\/v2\/product_tag?post=53344"}],"curies":[{"name":"wp","href":"https:\/\/api.w.org\/{rel}","templated":true}]}}