{"id":53345,"date":"2020-04-30T13:33:46","date_gmt":"2020-04-30T10:33:46","guid":{"rendered":"https:\/\/rodoaed.ee\/toode\/suuret-oksasakset-lyhyella-kahvalla-46cm-4195-testwinner-35mm-oksille\/"},"modified":"2026-04-13T11:04:19","modified_gmt":"2026-04-13T08:04:19","slug":"suuret-oksasakset-lyhyella-kahvalla-46cm-4195-testwinner-35mm-oksille","status":"publish","type":"product","link":"https:\/\/rodoaed.ee\/fi\/tuote\/suuret-oksasakset-lyhyella-kahvalla-46cm-4195-testwinner-35mm-oksille\/","title":{"rendered":"Suuret oksasakset lyhyell\u00e4 kahvalla 46cm- 4195- Testwinner- 35mm oksille."},"content":{"rendered":"<h3>Suuret oksasakset, joissa on lyhyet kahvat &#8211; eritt\u00e4in k\u00e4tev\u00e4 ratkaisu oksille, jotka voitaisiin leikata pienill\u00e4 saksilla, mutta jotka olisivat liian rasittavia ranteelle.<\/h3>\n<h3>Testin voittajat &#8211; &#8221;Signum Test&#8221;, &#8221;Profi KWF Test&#8221;.<\/h3>\n<p>N\u00e4m\u00e4 lyhytvartiset ja kevyet kahden k\u00e4den oksasakset ovat t\u00e4ysin uusi ratkaisu. Jokainen, joka on kokeillut niit\u00e4, ihastuu niihin v\u00e4litt\u00f6m\u00e4sti. Voit leikata karkeat oksat jopa 35 mm:n paksuisiksi, mutta lyhyiden kahvojen ansiosta ne ovat eritt\u00e4in k\u00e4tevi\u00e4 my\u00f6s paljon ohuempien oksien leikkaamiseen, jotka muuten voitaisiin leikata pienill\u00e4 saksilla. Mutta&#8230; pienill\u00e4 saksilla joudut joskus painamaan sormillasi melko kovaa, mutta n\u00e4ill\u00e4 se on helppoa. Ja toiseksi, n\u00e4ill\u00e4 saksilla ei tarvitse kiivet\u00e4 niin syv\u00e4lle pensaaseen. Voit ty\u00f6skennell\u00e4 niin sanotusti hieman kauempaa. Suosittelemme l\u00e4mpim\u00e4sti kokeilemaan.<\/p>\n<p>Mukava pit\u00e4\u00e4 k\u00e4dess\u00e4, liukumattomat kahvat, ter\u00e4v\u00e4 ter\u00e4, joka s\u00e4ilytt\u00e4\u00e4 ter\u00e4vyyden hyvin, ja helposti liikuteltava liit\u00e4nt\u00e4. Lis\u00e4\u00e4 siihen helppo huolto ja korkea rungon lujuus. <\/p>\n<p><em>Saksalainen Berger-tuotemerkki on tunnettu Euroopassa ja maailmalla vuodesta 1919 l\u00e4htien erityisen mukavien ja korkealaatuisten puutarhav\u00e4lineiden valmistajana. Puutarhaty\u00f6kalut valmistetaan edelleen Euroopassa, Saksan Wuppertalissa sijaitsevassa tehtaassa. Valmistuksessa k\u00e4ytet\u00e4\u00e4n vain kest\u00e4vimpi\u00e4 materiaaleja, kuten ruostumatonta ter\u00e4st\u00e4, valettua alumiinia ja puuta.  <\/em><\/p>\n<p><em>Jokainen puutarhuri tiet\u00e4\u00e4, kuinka t\u00e4rke\u00e4\u00e4 on, ett\u00e4 h\u00e4nell\u00e4 on hyv\u00e4 ty\u00f6kalu. Ty\u00f6kaluja voi olla monenlaisia ja erikokoisia, mutta on aina muutama suosikki &#8211; oksasakset, oksasakset tai sahat &#8211; joita k\u00e4yt\u00e4mme mielell\u00e4mme. Ne ovat k\u00e4tevi\u00e4 ja niit\u00e4 on mukava k\u00e4ytt\u00e4\u00e4. Me vain suosimme niit\u00e4.   <\/em><\/p>\n<p><em>Itse asiassa kaikkien ty\u00f6kalujen pit\u00e4isi olla sellaisia, joita on aina hyv\u00e4 k\u00e4ytt\u00e4\u00e4 ja jotka eiv\u00e4t vaivaa k\u00e4si\u00e4. My\u00f6s ammattik\u00e4ytt\u00e4j\u00e4t tiet\u00e4v\u00e4t hyvin eron yksinkertaisen ty\u00f6kalun ja hyv\u00e4n ty\u00f6kalun v\u00e4lill\u00e4. Hyv\u00e4 ty\u00f6kalu ei v\u00e4syt\u00e4 yht\u00e4 paljon kuin yksinkertainen ty\u00f6kalu, edes pitk\u00e4n ty\u00f6p\u00e4iv\u00e4n aikana.  <\/em><\/p>\n<p>Hemmottele itse\u00e4si parhaalla!<\/p>\n<h2>T\u00e4rkeimm\u00e4t ominaisuudet:<\/h2>\n<ul>\n<li>Taottu eritt\u00e4in kova ter\u00e4ter\u00e4<\/li>\n<li>Ruosteen kest\u00e4v\u00e4 ter\u00e4k\u00e4sittely kromipinnoituksella.<\/li>\n<li>Tarttumaton ter\u00e4tekniikka<\/li>\n<li>Leikkuuter\u00e4n juuressa on hampaat, jotka pit\u00e4v\u00e4t oksan tiukasti paikallaan.<\/li>\n<li>Vahvat alumiiniseoksesta valmistetut kahvaputket ja liukumattomat mukavat kahvat.<\/li>\n<li>Terassa on k\u00e4tev\u00e4 \u00f6ljynvaihtoreik\u00e4 (mutteria ei tarvitse avata \u00f6ljy\u00e4 varten eik\u00e4 \u00f6ljy\u00e4 tipu ulos).<\/li>\n<li>Iskunvaimennin terien v\u00e4liss\u00e4<\/li>\n<\/ul>\n<h2>Tekniset tiedot:<\/h2>\n<ul>\n<li>Suurin sopiva haaran halkaisija: 35 mm<\/li>\n<li>Paino: 740 g<\/li>\n<li>Pituus: 460 mm<\/li>\n<\/ul>\n","protected":false},"excerpt":{"rendered":"<p>Suuret oksasakset, joissa on lyhyet kahvat &#8211; eritt\u00e4in k\u00e4tev\u00e4 ratkaisu oksille, jotka voitaisiin leikata pienill\u00e4 saksilla, mutta jotka olisivat liian rasittavia ranteelle. Testin voittajat &#8211; &#8221;Signum Test&#8221;, &#8221;Profi KWF Test&#8221;. N\u00e4m\u00e4 lyhytvartiset ja kevyet kahden k\u00e4den oksasakset ovat t\u00e4ysin uusi ratkaisu. Jokainen, joka on kokeillut niit\u00e4, ihastuu niihin v\u00e4litt\u00f6m\u00e4sti. Voit leikata karkeat oksat jopa 35 mm:n paksuisiksi, mutta lyhyiden kahvojen ansiosta ne ovat eritt\u00e4in k\u00e4tevi\u00e4&#8230;<\/p>\n","protected":false},"featured_media":31871,"template":"","meta":{"_acf_changed":false},"product_brand":[],"product_cat":[1889,1890],"product_tag":[],"class_list":{"0":"post-53345","1":"product","2":"type-product","3":"status-publish","4":"has-post-thumbnail","6":"product_cat-puutarhatyokalut","7":"product_cat-suuret-oksasakset","8":"product_shipping_class-kuljetus-ainoastaan-kuriiripalvelun-valityksella","9":"pa_variatsioon-suuret-oksasakset-4200-testivoittaja","11":"first","12":"instock","13":"sale","14":"taxable","15":"shipping-taxable","16":"purchasable","17":"product-type-simple"},"acf":[],"yoast_head":"<!-- This site is optimized with the Yoast SEO Premium plugin v27.3 (Yoast SEO v27.3) - https:\/\/yoast.com\/product\/yoast-seo-premium-wordpress\/ -->\n<title>Suuret oksasakset lyhyell\u00e4 kahvalla 46cm- 4195- Testwinner- 35mm oksille. -% Puutarhan oksasakset sauvalla<\/title>\n<meta name=\"description\" content=\"Suuret saksalaiset Berger-sakset karkeille oksille. Sopii harrastepuutarhureille ja ammattilaisille. Suuret oksasakset, joissa on vahva ter\u00e4st\u00e4 oleva ter\u00e4.\" \/>\n<meta name=\"robots\" content=\"index, follow, max-snippet:-1, max-image-preview:large, max-video-preview:-1\" \/>\n<link rel=\"canonical\" href=\"https:\/\/rodoaed.ee\/fi\/toode\/suuret-oksasakset-lyhyella-kahvalla-46cm-4195-testwinner-35mm-oksille\/\" \/>\n<meta property=\"og:locale\" content=\"fi_FI\" \/>\n<meta property=\"og:type\" content=\"article\" \/>\n<meta property=\"og:title\" content=\"Suuret oksasakset lyhyell\u00e4 kahvalla 46cm- 4195- Testwinner- 35mm oksille.\" \/>\n<meta property=\"og:description\" content=\"Suuret oksasakset, joissa on lyhyet kahvat - eritt\u00e4in k\u00e4tev\u00e4 ratkaisu oksille, jotka voitaisiin leikata pienill\u00e4 saksilla, mutta jotka olisivat liian\" \/>\n<meta property=\"og:url\" content=\"https:\/\/rodoaed.ee\/fi\/toode\/suuret-oksasakset-lyhyella-kahvalla-46cm-4195-testwinner-35mm-oksille\/\" \/>\n<meta property=\"og:site_name\" content=\"Rodoaed\" \/>\n<meta property=\"article:publisher\" content=\"https:\/\/www.facebook.com\/kasvuhooned\/\" \/>\n<meta property=\"article:modified_time\" content=\"2026-04-13T08:04:19+00:00\" \/>\n<meta property=\"og:image\" content=\"https:\/\/rodoaed.ee\/wp-content\/uploads\/2020\/04\/Berger-oksak\u00e4\u00e4rid_4195_01.jpg\" \/>\n\t<meta property=\"og:image:width\" content=\"936\" \/>\n\t<meta property=\"og:image:height\" content=\"404\" \/>\n\t<meta property=\"og:image:type\" content=\"image\/jpeg\" \/>\n<meta name=\"twitter:card\" content=\"summary_large_image\" \/>\n<meta name=\"twitter:label1\" content=\"Arvioitu lukuaika\" \/>\n\t<meta name=\"twitter:data1\" content=\"2 minuuttia\" \/>\n<script type=\"application\/ld+json\" class=\"yoast-schema-graph\">{\"@context\":\"https:\\\/\\\/schema.org\",\"@graph\":[{\"@type\":\"WebPage\",\"@id\":\"https:\\\/\\\/rodoaed.ee\\\/fi\\\/toode\\\/suuret-oksasakset-lyhyella-kahvalla-46cm-4195-testwinner-35mm-oksille\\\/\",\"url\":\"https:\\\/\\\/rodoaed.ee\\\/fi\\\/toode\\\/suuret-oksasakset-lyhyella-kahvalla-46cm-4195-testwinner-35mm-oksille\\\/\",\"name\":\"Suuret oksasakset lyhyell\u00e4 kahvalla 46cm- 4195- Testwinner- 35mm oksille. -% Puutarhan oksasakset sauvalla\",\"isPartOf\":{\"@id\":\"https:\\\/\\\/rodoaed.ee\\\/#website\"},\"primaryImageOfPage\":{\"@id\":\"https:\\\/\\\/rodoaed.ee\\\/fi\\\/toode\\\/suuret-oksasakset-lyhyella-kahvalla-46cm-4195-testwinner-35mm-oksille\\\/#primaryimage\"},\"image\":{\"@id\":\"https:\\\/\\\/rodoaed.ee\\\/fi\\\/toode\\\/suuret-oksasakset-lyhyella-kahvalla-46cm-4195-testwinner-35mm-oksille\\\/#primaryimage\"},\"thumbnailUrl\":\"https:\\\/\\\/rodoaed.ee\\\/wp-content\\\/uploads\\\/2020\\\/04\\\/Berger-oksak\u00e4\u00e4rid_4195_01.jpg\",\"datePublished\":\"2020-04-30T10:33:46+00:00\",\"dateModified\":\"2026-04-13T08:04:19+00:00\",\"description\":\"Suuret saksalaiset Berger-sakset karkeille oksille. Sopii harrastepuutarhureille ja ammattilaisille. Suuret oksasakset, joissa on vahva ter\u00e4st\u00e4 oleva ter\u00e4.\",\"breadcrumb\":{\"@id\":\"https:\\\/\\\/rodoaed.ee\\\/fi\\\/toode\\\/suuret-oksasakset-lyhyella-kahvalla-46cm-4195-testwinner-35mm-oksille\\\/#breadcrumb\"},\"inLanguage\":\"fi\",\"potentialAction\":[{\"@type\":\"ReadAction\",\"target\":[\"https:\\\/\\\/rodoaed.ee\\\/fi\\\/toode\\\/suuret-oksasakset-lyhyella-kahvalla-46cm-4195-testwinner-35mm-oksille\\\/\"]}]},{\"@type\":\"ImageObject\",\"inLanguage\":\"fi\",\"@id\":\"https:\\\/\\\/rodoaed.ee\\\/fi\\\/toode\\\/suuret-oksasakset-lyhyella-kahvalla-46cm-4195-testwinner-35mm-oksille\\\/#primaryimage\",\"url\":\"https:\\\/\\\/rodoaed.ee\\\/wp-content\\\/uploads\\\/2020\\\/04\\\/Berger-oksak\u00e4\u00e4rid_4195_01.jpg\",\"contentUrl\":\"https:\\\/\\\/rodoaed.ee\\\/wp-content\\\/uploads\\\/2020\\\/04\\\/Berger-oksak\u00e4\u00e4rid_4195_01.jpg\",\"width\":936,\"height\":404,\"caption\":\"Bergerin oksasakset_Rodoaed\"},{\"@type\":\"BreadcrumbList\",\"@id\":\"https:\\\/\\\/rodoaed.ee\\\/fi\\\/toode\\\/suuret-oksasakset-lyhyella-kahvalla-46cm-4195-testwinner-35mm-oksille\\\/#breadcrumb\",\"itemListElement\":[{\"@type\":\"ListItem\",\"position\":1,\"name\":\"Home\",\"item\":\"https:\\\/\\\/rodoaed.ee\\\/fi\\\/\"},{\"@type\":\"ListItem\",\"position\":2,\"name\":\"Osta osoitteessa\",\"item\":\"https:\\\/\\\/rodoaed.ee\\\/osta-osoitteessa\\\/\"},{\"@type\":\"ListItem\",\"position\":3,\"name\":\"Suuret oksasakset lyhyell\u00e4 kahvalla 46cm- 4195- Testwinner- 35mm oksille.\"}]},{\"@type\":\"WebSite\",\"@id\":\"https:\\\/\\\/rodoaed.ee\\\/#website\",\"url\":\"https:\\\/\\\/rodoaed.ee\\\/\",\"name\":\"Rodoaed\",\"description\":\"\",\"publisher\":{\"@id\":\"https:\\\/\\\/rodoaed.ee\\\/#organization\"},\"potentialAction\":[{\"@type\":\"SearchAction\",\"target\":{\"@type\":\"EntryPoint\",\"urlTemplate\":\"https:\\\/\\\/rodoaed.ee\\\/?s={search_term_string}\"},\"query-input\":{\"@type\":\"PropertyValueSpecification\",\"valueRequired\":true,\"valueName\":\"search_term_string\"}}],\"inLanguage\":\"fi\"},{\"@type\":\"Organization\",\"@id\":\"https:\\\/\\\/rodoaed.ee\\\/#organization\",\"name\":\"Rodoaed\",\"url\":\"https:\\\/\\\/rodoaed.ee\\\/\",\"logo\":{\"@type\":\"ImageObject\",\"inLanguage\":\"fi\",\"@id\":\"https:\\\/\\\/rodoaed.ee\\\/#\\\/schema\\\/logo\\\/image\\\/\",\"url\":\"https:\\\/\\\/rodoaed.ee\\\/wp-content\\\/uploads\\\/2019\\\/11\\\/rodoaed-logo-ilma-taustata.jpg\",\"contentUrl\":\"https:\\\/\\\/rodoaed.ee\\\/wp-content\\\/uploads\\\/2019\\\/11\\\/rodoaed-logo-ilma-taustata.jpg\",\"width\":769,\"height\":268,\"caption\":\"Rodoaed\"},\"image\":{\"@id\":\"https:\\\/\\\/rodoaed.ee\\\/#\\\/schema\\\/logo\\\/image\\\/\"},\"sameAs\":[\"https:\\\/\\\/www.facebook.com\\\/kasvuhooned\\\/\",\"https:\\\/\\\/rodoaed.ee\"]}]}<\/script>\n<!-- \/ Yoast SEO Premium plugin. -->","yoast_head_json":{"title":"Suuret oksasakset lyhyell\u00e4 kahvalla 46cm- 4195- Testwinner- 35mm oksille. -% Puutarhan oksasakset sauvalla","description":"Suuret saksalaiset Berger-sakset karkeille oksille. Sopii harrastepuutarhureille ja ammattilaisille. Suuret oksasakset, joissa on vahva ter\u00e4st\u00e4 oleva ter\u00e4.","robots":{"index":"index","follow":"follow","max-snippet":"max-snippet:-1","max-image-preview":"max-image-preview:large","max-video-preview":"max-video-preview:-1"},"canonical":"https:\/\/rodoaed.ee\/fi\/toode\/suuret-oksasakset-lyhyella-kahvalla-46cm-4195-testwinner-35mm-oksille\/","og_locale":"fi_FI","og_type":"article","og_title":"Suuret oksasakset lyhyell\u00e4 kahvalla 46cm- 4195- Testwinner- 35mm oksille.","og_description":"Suuret oksasakset, joissa on lyhyet kahvat - eritt\u00e4in k\u00e4tev\u00e4 ratkaisu oksille, jotka voitaisiin leikata pienill\u00e4 saksilla, mutta jotka olisivat liian","og_url":"https:\/\/rodoaed.ee\/fi\/toode\/suuret-oksasakset-lyhyella-kahvalla-46cm-4195-testwinner-35mm-oksille\/","og_site_name":"Rodoaed","article_publisher":"https:\/\/www.facebook.com\/kasvuhooned\/","article_modified_time":"2026-04-13T08:04:19+00:00","og_image":[{"width":936,"height":404,"url":"https:\/\/rodoaed.ee\/wp-content\/uploads\/2020\/04\/Berger-oksak\u00e4\u00e4rid_4195_01.jpg","type":"image\/jpeg"}],"twitter_card":"summary_large_image","twitter_misc":{"Arvioitu lukuaika":"2 minuuttia"},"schema":{"@context":"https:\/\/schema.org","@graph":[{"@type":"WebPage","@id":"https:\/\/rodoaed.ee\/fi\/toode\/suuret-oksasakset-lyhyella-kahvalla-46cm-4195-testwinner-35mm-oksille\/","url":"https:\/\/rodoaed.ee\/fi\/toode\/suuret-oksasakset-lyhyella-kahvalla-46cm-4195-testwinner-35mm-oksille\/","name":"Suuret oksasakset lyhyell\u00e4 kahvalla 46cm- 4195- Testwinner- 35mm oksille. -% Puutarhan oksasakset sauvalla","isPartOf":{"@id":"https:\/\/rodoaed.ee\/#website"},"primaryImageOfPage":{"@id":"https:\/\/rodoaed.ee\/fi\/toode\/suuret-oksasakset-lyhyella-kahvalla-46cm-4195-testwinner-35mm-oksille\/#primaryimage"},"image":{"@id":"https:\/\/rodoaed.ee\/fi\/toode\/suuret-oksasakset-lyhyella-kahvalla-46cm-4195-testwinner-35mm-oksille\/#primaryimage"},"thumbnailUrl":"https:\/\/rodoaed.ee\/wp-content\/uploads\/2020\/04\/Berger-oksak\u00e4\u00e4rid_4195_01.jpg","datePublished":"2020-04-30T10:33:46+00:00","dateModified":"2026-04-13T08:04:19+00:00","description":"Suuret saksalaiset Berger-sakset karkeille oksille. Sopii harrastepuutarhureille ja ammattilaisille. Suuret oksasakset, joissa on vahva ter\u00e4st\u00e4 oleva ter\u00e4.","breadcrumb":{"@id":"https:\/\/rodoaed.ee\/fi\/toode\/suuret-oksasakset-lyhyella-kahvalla-46cm-4195-testwinner-35mm-oksille\/#breadcrumb"},"inLanguage":"fi","potentialAction":[{"@type":"ReadAction","target":["https:\/\/rodoaed.ee\/fi\/toode\/suuret-oksasakset-lyhyella-kahvalla-46cm-4195-testwinner-35mm-oksille\/"]}]},{"@type":"ImageObject","inLanguage":"fi","@id":"https:\/\/rodoaed.ee\/fi\/toode\/suuret-oksasakset-lyhyella-kahvalla-46cm-4195-testwinner-35mm-oksille\/#primaryimage","url":"https:\/\/rodoaed.ee\/wp-content\/uploads\/2020\/04\/Berger-oksak\u00e4\u00e4rid_4195_01.jpg","contentUrl":"https:\/\/rodoaed.ee\/wp-content\/uploads\/2020\/04\/Berger-oksak\u00e4\u00e4rid_4195_01.jpg","width":936,"height":404,"caption":"Bergerin oksasakset_Rodoaed"},{"@type":"BreadcrumbList","@id":"https:\/\/rodoaed.ee\/fi\/toode\/suuret-oksasakset-lyhyella-kahvalla-46cm-4195-testwinner-35mm-oksille\/#breadcrumb","itemListElement":[{"@type":"ListItem","position":1,"name":"Home","item":"https:\/\/rodoaed.ee\/fi\/"},{"@type":"ListItem","position":2,"name":"Osta osoitteessa","item":"https:\/\/rodoaed.ee\/osta-osoitteessa\/"},{"@type":"ListItem","position":3,"name":"Suuret oksasakset lyhyell\u00e4 kahvalla 46cm- 4195- Testwinner- 35mm oksille."}]},{"@type":"WebSite","@id":"https:\/\/rodoaed.ee\/#website","url":"https:\/\/rodoaed.ee\/","name":"Rodoaed","description":"","publisher":{"@id":"https:\/\/rodoaed.ee\/#organization"},"potentialAction":[{"@type":"SearchAction","target":{"@type":"EntryPoint","urlTemplate":"https:\/\/rodoaed.ee\/?s={search_term_string}"},"query-input":{"@type":"PropertyValueSpecification","valueRequired":true,"valueName":"search_term_string"}}],"inLanguage":"fi"},{"@type":"Organization","@id":"https:\/\/rodoaed.ee\/#organization","name":"Rodoaed","url":"https:\/\/rodoaed.ee\/","logo":{"@type":"ImageObject","inLanguage":"fi","@id":"https:\/\/rodoaed.ee\/#\/schema\/logo\/image\/","url":"https:\/\/rodoaed.ee\/wp-content\/uploads\/2019\/11\/rodoaed-logo-ilma-taustata.jpg","contentUrl":"https:\/\/rodoaed.ee\/wp-content\/uploads\/2019\/11\/rodoaed-logo-ilma-taustata.jpg","width":769,"height":268,"caption":"Rodoaed"},"image":{"@id":"https:\/\/rodoaed.ee\/#\/schema\/logo\/image\/"},"sameAs":["https:\/\/www.facebook.com\/kasvuhooned\/","https:\/\/rodoaed.ee"]}]}},"_links":{"self":[{"href":"https:\/\/rodoaed.ee\/fi\/wp-json\/wp\/v2\/product\/53345","targetHints":{"allow":["GET"]}}],"collection":[{"href":"https:\/\/rodoaed.ee\/fi\/wp-json\/wp\/v2\/product"}],"about":[{"href":"https:\/\/rodoaed.ee\/fi\/wp-json\/wp\/v2\/types\/product"}],"wp:featuredmedia":[{"embeddable":true,"href":"https:\/\/rodoaed.ee\/fi\/wp-json\/wp\/v2\/media\/31871"}],"wp:attachment":[{"href":"https:\/\/rodoaed.ee\/fi\/wp-json\/wp\/v2\/media?parent=53345"}],"wp:term":[{"taxonomy":"product_brand","embeddable":true,"href":"https:\/\/rodoaed.ee\/fi\/wp-json\/wp\/v2\/product_brand?post=53345"},{"taxonomy":"product_cat","embeddable":true,"href":"https:\/\/rodoaed.ee\/fi\/wp-json\/wp\/v2\/product_cat?post=53345"},{"taxonomy":"product_tag","embeddable":true,"href":"https:\/\/rodoaed.ee\/fi\/wp-json\/wp\/v2\/product_tag?post=53345"}],"curies":[{"name":"wp","href":"https:\/\/api.w.org\/{rel}","templated":true}]}}