{"id":53346,"date":"2020-05-19T13:29:12","date_gmt":"2020-05-19T10:29:12","guid":{"rendered":"https:\/\/rodoaed.ee\/toode\/peittava-varillinen-garden-apple-lapsille-taskujen-kanssa\/"},"modified":"2026-04-13T11:04:23","modified_gmt":"2026-04-13T08:04:23","slug":"peittava-varillinen-garden-apple-lapsille-taskujen-kanssa","status":"publish","type":"product","link":"https:\/\/rodoaed.ee\/fi\/tuote\/peittava-varillinen-garden-apple-lapsille-taskujen-kanssa\/","title":{"rendered":"Peitt\u00e4v\u00e4 v\u00e4rillinen Garden Apple lapsille taskujen kanssa"},"content":{"rendered":"<h2>Viile\u00e4 naamiointipuutarhan leikkipaikka lapsille. Suurella taskulla. <\/h2>\n<p>T\u00e4m\u00e4 siisti naamiointiv\u00e4rinen puutarhalleikkikentt\u00e4 on jokaisen lapsiperheen ehdoton varuste. Lapset voivat tehd\u00e4 puutarhassa omia juttujaan ja laittaa tarvitsemansa tarvikkeet isoon esiliinataskuun. Siistin puutarhalapion avulla lasten puuhat puutarhassa ovat aivan uudella tasolla.  <\/p>\n<h2>T\u00e4rkeimm\u00e4t ominaisuudet :<\/h2>\n<ul>\n<li>Mitat: L 0,5 x L 36 x K 57 cm.<\/li>\n<li>Paino: 61 g<\/li>\n<li>Materiaali: puuvilla<\/li>\n<\/ul>\n<p>&nbsp;<\/p>\n<div id=\"article-specifications\" class=\"tab-links__content is-active col-md-6 mb-4\"><\/div>\n","protected":false},"excerpt":{"rendered":"<p>Viile\u00e4 naamiointipuutarhan leikkipaikka lapsille. Suurella taskulla. T\u00e4m\u00e4 siisti naamiointiv\u00e4rinen puutarhalleikkikentt\u00e4 on jokaisen lapsiperheen ehdoton varuste. Lapset voivat tehd\u00e4 puutarhassa omia juttujaan ja laittaa tarvitsemansa tarvikkeet isoon esiliinataskuun. Siistin puutarhalapion avulla lasten puuhat puutarhassa ovat aivan uudella tasolla. T\u00e4rkeimm\u00e4t ominaisuudet : Mitat: L 0,5 x L 36 x K 57 cm. Paino: 61 g Materiaali: puuvilla &nbsp;<\/p>\n","protected":false},"featured_media":32590,"template":"","meta":{"_acf_changed":false},"product_brand":[],"product_cat":[1783,1945],"product_tag":[],"class_list":{"0":"post-53346","1":"product","2":"type-product","3":"status-publish","4":"has-post-thumbnail","6":"product_cat-lahjat-lapsille-1-6-vuotta","7":"product_cat-tarvikkeet","8":"product_shipping_class-toimitus-1-3-tyopaivan-kuluessa","9":"pa_variatsioon-superseeder-kylvokone-21","11":"first","12":"instock","13":"sale","14":"taxable","15":"shipping-taxable","16":"purchasable","17":"product-type-simple"},"acf":[],"yoast_head":"<!-- This site is optimized with the Yoast SEO Premium plugin v27.3 (Yoast SEO v27.3) - https:\/\/yoast.com\/product\/yoast-seo-premium-wordpress\/ -->\n<title>Peitt\u00e4v\u00e4 v\u00e4rillinen Garden Apple lapsille taskujen kanssa - Rodoaed<\/title>\n<meta name=\"robots\" content=\"index, follow, max-snippet:-1, max-image-preview:large, max-video-preview:-1\" \/>\n<link rel=\"canonical\" href=\"https:\/\/rodoaed.ee\/fi\/toode\/peittava-varillinen-garden-apple-lapsille-taskujen-kanssa\/\" \/>\n<meta property=\"og:locale\" content=\"fi_FI\" \/>\n<meta property=\"og:type\" content=\"article\" \/>\n<meta property=\"og:title\" content=\"Peitt\u00e4v\u00e4 v\u00e4rillinen Garden Apple lapsille taskujen kanssa\" \/>\n<meta property=\"og:description\" content=\"Viile\u00e4 naamiointipuutarhan leikkipaikka lapsille. Suurella taskulla. T\u00e4m\u00e4 siisti naamiointiv\u00e4rinen puutarhalleikkikentt\u00e4 on jokaisen lapsiperheen ehdoton\" \/>\n<meta property=\"og:url\" content=\"https:\/\/rodoaed.ee\/fi\/toode\/peittava-varillinen-garden-apple-lapsille-taskujen-kanssa\/\" \/>\n<meta property=\"og:site_name\" content=\"Rodoaed\" \/>\n<meta property=\"article:publisher\" content=\"https:\/\/www.facebook.com\/kasvuhooned\/\" \/>\n<meta property=\"article:modified_time\" content=\"2026-04-13T08:04:23+00:00\" \/>\n<meta property=\"og:image\" content=\"https:\/\/rodoaed.ee\/wp-content\/uploads\/2020\/05\/laste-aiat\u00f6\u00f6p\u00f5ll_KG172_01.png\" \/>\n\t<meta property=\"og:image:width\" content=\"1240\" \/>\n\t<meta property=\"og:image:height\" content=\"1240\" \/>\n\t<meta property=\"og:image:type\" content=\"image\/png\" \/>\n<meta name=\"twitter:card\" content=\"summary_large_image\" \/>\n<script type=\"application\/ld+json\" class=\"yoast-schema-graph\">{\"@context\":\"https:\\\/\\\/schema.org\",\"@graph\":[{\"@type\":\"WebPage\",\"@id\":\"https:\\\/\\\/rodoaed.ee\\\/fi\\\/toode\\\/peittava-varillinen-garden-apple-lapsille-taskujen-kanssa\\\/\",\"url\":\"https:\\\/\\\/rodoaed.ee\\\/fi\\\/toode\\\/peittava-varillinen-garden-apple-lapsille-taskujen-kanssa\\\/\",\"name\":\"Peitt\u00e4v\u00e4 v\u00e4rillinen Garden Apple lapsille taskujen kanssa - Rodoaed\",\"isPartOf\":{\"@id\":\"https:\\\/\\\/rodoaed.ee\\\/#website\"},\"primaryImageOfPage\":{\"@id\":\"https:\\\/\\\/rodoaed.ee\\\/fi\\\/toode\\\/peittava-varillinen-garden-apple-lapsille-taskujen-kanssa\\\/#primaryimage\"},\"image\":{\"@id\":\"https:\\\/\\\/rodoaed.ee\\\/fi\\\/toode\\\/peittava-varillinen-garden-apple-lapsille-taskujen-kanssa\\\/#primaryimage\"},\"thumbnailUrl\":\"https:\\\/\\\/rodoaed.ee\\\/wp-content\\\/uploads\\\/2020\\\/05\\\/laste-aiat\u00f6\u00f6p\u00f5ll_KG172_01.png\",\"datePublished\":\"2020-05-19T10:29:12+00:00\",\"dateModified\":\"2026-04-13T08:04:23+00:00\",\"breadcrumb\":{\"@id\":\"https:\\\/\\\/rodoaed.ee\\\/fi\\\/toode\\\/peittava-varillinen-garden-apple-lapsille-taskujen-kanssa\\\/#breadcrumb\"},\"inLanguage\":\"fi\",\"potentialAction\":[{\"@type\":\"ReadAction\",\"target\":[\"https:\\\/\\\/rodoaed.ee\\\/fi\\\/toode\\\/peittava-varillinen-garden-apple-lapsille-taskujen-kanssa\\\/\"]}]},{\"@type\":\"ImageObject\",\"inLanguage\":\"fi\",\"@id\":\"https:\\\/\\\/rodoaed.ee\\\/fi\\\/toode\\\/peittava-varillinen-garden-apple-lapsille-taskujen-kanssa\\\/#primaryimage\",\"url\":\"https:\\\/\\\/rodoaed.ee\\\/wp-content\\\/uploads\\\/2020\\\/05\\\/laste-aiat\u00f6\u00f6p\u00f5ll_KG172_01.png\",\"contentUrl\":\"https:\\\/\\\/rodoaed.ee\\\/wp-content\\\/uploads\\\/2020\\\/05\\\/laste-aiat\u00f6\u00f6p\u00f5ll_KG172_01.png\",\"width\":1240,\"height\":1240},{\"@type\":\"BreadcrumbList\",\"@id\":\"https:\\\/\\\/rodoaed.ee\\\/fi\\\/toode\\\/peittava-varillinen-garden-apple-lapsille-taskujen-kanssa\\\/#breadcrumb\",\"itemListElement\":[{\"@type\":\"ListItem\",\"position\":1,\"name\":\"Home\",\"item\":\"https:\\\/\\\/rodoaed.ee\\\/fi\\\/\"},{\"@type\":\"ListItem\",\"position\":2,\"name\":\"Osta osoitteessa\",\"item\":\"https:\\\/\\\/rodoaed.ee\\\/osta-osoitteessa\\\/\"},{\"@type\":\"ListItem\",\"position\":3,\"name\":\"Peitt\u00e4v\u00e4 v\u00e4rillinen Garden Apple lapsille taskujen kanssa\"}]},{\"@type\":\"WebSite\",\"@id\":\"https:\\\/\\\/rodoaed.ee\\\/#website\",\"url\":\"https:\\\/\\\/rodoaed.ee\\\/\",\"name\":\"Rodoaed\",\"description\":\"\",\"publisher\":{\"@id\":\"https:\\\/\\\/rodoaed.ee\\\/#organization\"},\"potentialAction\":[{\"@type\":\"SearchAction\",\"target\":{\"@type\":\"EntryPoint\",\"urlTemplate\":\"https:\\\/\\\/rodoaed.ee\\\/?s={search_term_string}\"},\"query-input\":{\"@type\":\"PropertyValueSpecification\",\"valueRequired\":true,\"valueName\":\"search_term_string\"}}],\"inLanguage\":\"fi\"},{\"@type\":\"Organization\",\"@id\":\"https:\\\/\\\/rodoaed.ee\\\/#organization\",\"name\":\"Rodoaed\",\"url\":\"https:\\\/\\\/rodoaed.ee\\\/\",\"logo\":{\"@type\":\"ImageObject\",\"inLanguage\":\"fi\",\"@id\":\"https:\\\/\\\/rodoaed.ee\\\/#\\\/schema\\\/logo\\\/image\\\/\",\"url\":\"https:\\\/\\\/rodoaed.ee\\\/wp-content\\\/uploads\\\/2019\\\/11\\\/rodoaed-logo-ilma-taustata.jpg\",\"contentUrl\":\"https:\\\/\\\/rodoaed.ee\\\/wp-content\\\/uploads\\\/2019\\\/11\\\/rodoaed-logo-ilma-taustata.jpg\",\"width\":769,\"height\":268,\"caption\":\"Rodoaed\"},\"image\":{\"@id\":\"https:\\\/\\\/rodoaed.ee\\\/#\\\/schema\\\/logo\\\/image\\\/\"},\"sameAs\":[\"https:\\\/\\\/www.facebook.com\\\/kasvuhooned\\\/\",\"https:\\\/\\\/rodoaed.ee\"]}]}<\/script>\n<!-- \/ Yoast SEO Premium plugin. -->","yoast_head_json":{"title":"Peitt\u00e4v\u00e4 v\u00e4rillinen Garden Apple lapsille taskujen kanssa - Rodoaed","robots":{"index":"index","follow":"follow","max-snippet":"max-snippet:-1","max-image-preview":"max-image-preview:large","max-video-preview":"max-video-preview:-1"},"canonical":"https:\/\/rodoaed.ee\/fi\/toode\/peittava-varillinen-garden-apple-lapsille-taskujen-kanssa\/","og_locale":"fi_FI","og_type":"article","og_title":"Peitt\u00e4v\u00e4 v\u00e4rillinen Garden Apple lapsille taskujen kanssa","og_description":"Viile\u00e4 naamiointipuutarhan leikkipaikka lapsille. Suurella taskulla. T\u00e4m\u00e4 siisti naamiointiv\u00e4rinen puutarhalleikkikentt\u00e4 on jokaisen lapsiperheen ehdoton","og_url":"https:\/\/rodoaed.ee\/fi\/toode\/peittava-varillinen-garden-apple-lapsille-taskujen-kanssa\/","og_site_name":"Rodoaed","article_publisher":"https:\/\/www.facebook.com\/kasvuhooned\/","article_modified_time":"2026-04-13T08:04:23+00:00","og_image":[{"width":1240,"height":1240,"url":"https:\/\/rodoaed.ee\/wp-content\/uploads\/2020\/05\/laste-aiat\u00f6\u00f6p\u00f5ll_KG172_01.png","type":"image\/png"}],"twitter_card":"summary_large_image","schema":{"@context":"https:\/\/schema.org","@graph":[{"@type":"WebPage","@id":"https:\/\/rodoaed.ee\/fi\/toode\/peittava-varillinen-garden-apple-lapsille-taskujen-kanssa\/","url":"https:\/\/rodoaed.ee\/fi\/toode\/peittava-varillinen-garden-apple-lapsille-taskujen-kanssa\/","name":"Peitt\u00e4v\u00e4 v\u00e4rillinen Garden Apple lapsille taskujen kanssa - Rodoaed","isPartOf":{"@id":"https:\/\/rodoaed.ee\/#website"},"primaryImageOfPage":{"@id":"https:\/\/rodoaed.ee\/fi\/toode\/peittava-varillinen-garden-apple-lapsille-taskujen-kanssa\/#primaryimage"},"image":{"@id":"https:\/\/rodoaed.ee\/fi\/toode\/peittava-varillinen-garden-apple-lapsille-taskujen-kanssa\/#primaryimage"},"thumbnailUrl":"https:\/\/rodoaed.ee\/wp-content\/uploads\/2020\/05\/laste-aiat\u00f6\u00f6p\u00f5ll_KG172_01.png","datePublished":"2020-05-19T10:29:12+00:00","dateModified":"2026-04-13T08:04:23+00:00","breadcrumb":{"@id":"https:\/\/rodoaed.ee\/fi\/toode\/peittava-varillinen-garden-apple-lapsille-taskujen-kanssa\/#breadcrumb"},"inLanguage":"fi","potentialAction":[{"@type":"ReadAction","target":["https:\/\/rodoaed.ee\/fi\/toode\/peittava-varillinen-garden-apple-lapsille-taskujen-kanssa\/"]}]},{"@type":"ImageObject","inLanguage":"fi","@id":"https:\/\/rodoaed.ee\/fi\/toode\/peittava-varillinen-garden-apple-lapsille-taskujen-kanssa\/#primaryimage","url":"https:\/\/rodoaed.ee\/wp-content\/uploads\/2020\/05\/laste-aiat\u00f6\u00f6p\u00f5ll_KG172_01.png","contentUrl":"https:\/\/rodoaed.ee\/wp-content\/uploads\/2020\/05\/laste-aiat\u00f6\u00f6p\u00f5ll_KG172_01.png","width":1240,"height":1240},{"@type":"BreadcrumbList","@id":"https:\/\/rodoaed.ee\/fi\/toode\/peittava-varillinen-garden-apple-lapsille-taskujen-kanssa\/#breadcrumb","itemListElement":[{"@type":"ListItem","position":1,"name":"Home","item":"https:\/\/rodoaed.ee\/fi\/"},{"@type":"ListItem","position":2,"name":"Osta osoitteessa","item":"https:\/\/rodoaed.ee\/osta-osoitteessa\/"},{"@type":"ListItem","position":3,"name":"Peitt\u00e4v\u00e4 v\u00e4rillinen Garden Apple lapsille taskujen kanssa"}]},{"@type":"WebSite","@id":"https:\/\/rodoaed.ee\/#website","url":"https:\/\/rodoaed.ee\/","name":"Rodoaed","description":"","publisher":{"@id":"https:\/\/rodoaed.ee\/#organization"},"potentialAction":[{"@type":"SearchAction","target":{"@type":"EntryPoint","urlTemplate":"https:\/\/rodoaed.ee\/?s={search_term_string}"},"query-input":{"@type":"PropertyValueSpecification","valueRequired":true,"valueName":"search_term_string"}}],"inLanguage":"fi"},{"@type":"Organization","@id":"https:\/\/rodoaed.ee\/#organization","name":"Rodoaed","url":"https:\/\/rodoaed.ee\/","logo":{"@type":"ImageObject","inLanguage":"fi","@id":"https:\/\/rodoaed.ee\/#\/schema\/logo\/image\/","url":"https:\/\/rodoaed.ee\/wp-content\/uploads\/2019\/11\/rodoaed-logo-ilma-taustata.jpg","contentUrl":"https:\/\/rodoaed.ee\/wp-content\/uploads\/2019\/11\/rodoaed-logo-ilma-taustata.jpg","width":769,"height":268,"caption":"Rodoaed"},"image":{"@id":"https:\/\/rodoaed.ee\/#\/schema\/logo\/image\/"},"sameAs":["https:\/\/www.facebook.com\/kasvuhooned\/","https:\/\/rodoaed.ee"]}]}},"_links":{"self":[{"href":"https:\/\/rodoaed.ee\/fi\/wp-json\/wp\/v2\/product\/53346","targetHints":{"allow":["GET"]}}],"collection":[{"href":"https:\/\/rodoaed.ee\/fi\/wp-json\/wp\/v2\/product"}],"about":[{"href":"https:\/\/rodoaed.ee\/fi\/wp-json\/wp\/v2\/types\/product"}],"wp:featuredmedia":[{"embeddable":true,"href":"https:\/\/rodoaed.ee\/fi\/wp-json\/wp\/v2\/media\/32590"}],"wp:attachment":[{"href":"https:\/\/rodoaed.ee\/fi\/wp-json\/wp\/v2\/media?parent=53346"}],"wp:term":[{"taxonomy":"product_brand","embeddable":true,"href":"https:\/\/rodoaed.ee\/fi\/wp-json\/wp\/v2\/product_brand?post=53346"},{"taxonomy":"product_cat","embeddable":true,"href":"https:\/\/rodoaed.ee\/fi\/wp-json\/wp\/v2\/product_cat?post=53346"},{"taxonomy":"product_tag","embeddable":true,"href":"https:\/\/rodoaed.ee\/fi\/wp-json\/wp\/v2\/product_tag?post=53346"}],"curies":[{"name":"wp","href":"https:\/\/api.w.org\/{rel}","templated":true}]}}