{"id":53347,"date":"2020-05-15T13:27:51","date_gmt":"2020-05-15T10:27:51","guid":{"rendered":"https:\/\/rodoaed.ee\/toode\/denim-farkut-puutarhanhoitoon-ja-tyokaluvyo\/"},"modified":"2026-04-13T11:04:23","modified_gmt":"2026-04-13T08:04:23","slug":"denim-farkut-puutarhanhoitoon-ja-tyokaluvyo","status":"publish","type":"product","link":"https:\/\/rodoaed.ee\/fi\/tuote\/denim-farkut-puutarhanhoitoon-ja-tyokaluvyo\/","title":{"rendered":"Denim farkut puutarhanhoitoon ja ty\u00f6kaluvy\u00f6"},"content":{"rendered":"<h2>Mukava ja tukeva farkkuinen puutarhaesiliina ja ty\u00f6kaluvy\u00f6, jossa on runsaasti taskuja.<\/h2>\n<p>Denim Puutarhanhoito Esiliina mukavat taskut suojaa ty\u00f6skennelt\u00e4ess\u00e4 mustassa. Taskuihin mahtuvat tarvitsemasi ty\u00f6kalut, kuten oksasakset, varttamisvaha, kasvien sidontak\u00f6ysi tai siemenpakkaukset ja kasvileikkurit. <\/p>\n<p>T\u00e4ss\u00e4 mallissa on enemm\u00e4n taskuja kuin muissa ty\u00f6p\u00f6ydiss\u00e4, joten sit\u00e4 voidaan kutsua ty\u00f6kaluvy\u00f6ksi.<\/p>\n<p>&nbsp;<\/p>\n<h2>T\u00e4rkeimm\u00e4t ominaisuudet :<\/h2>\n<ul>\n<li>Mitat L 1 x L 98 x K 45,5 cm.<\/li>\n<li>Paino: 270 g<\/li>\n<li>Kangas: denim (80 % puuvillaa, 20 % polyesteri\u00e4), sianahka, metalli.<\/li>\n<\/ul>\n<p>&nbsp;<\/p>\n<div id=\"article-specifications\" class=\"tab-links__content is-active col-md-6 mb-4\"><\/div>\n","protected":false},"excerpt":{"rendered":"<p>Mukava ja tukeva farkkuinen puutarhaesiliina ja ty\u00f6kaluvy\u00f6, jossa on runsaasti taskuja. Denim Puutarhanhoito Esiliina mukavat taskut suojaa ty\u00f6skennelt\u00e4ess\u00e4 mustassa. Taskuihin mahtuvat tarvitsemasi ty\u00f6kalut, kuten oksasakset, varttamisvaha, kasvien sidontak\u00f6ysi tai siemenpakkaukset ja kasvileikkurit. T\u00e4ss\u00e4 mallissa on enemm\u00e4n taskuja kuin muissa ty\u00f6p\u00f6ydiss\u00e4, joten sit\u00e4 voidaan kutsua ty\u00f6kaluvy\u00f6ksi. &nbsp; T\u00e4rkeimm\u00e4t ominaisuudet : Mitat L 1 x L 98 x K 45,5 cm. Paino: 270 g Kangas: denim (80&#8230;<\/p>\n","protected":false},"featured_media":32422,"template":"","meta":{"_acf_changed":false},"product_brand":[],"product_cat":[1945],"product_tag":[],"class_list":{"0":"post-53347","1":"product","2":"type-product","3":"status-publish","4":"has-post-thumbnail","6":"product_cat-tarvikkeet","7":"product_shipping_class-toimitus-1-3-tyopaivan-kuluessa","8":"pa_variatsioon-superseeder-kylvokone-21","10":"first","11":"instock","12":"taxable","13":"shipping-taxable","14":"purchasable","15":"product-type-simple"},"acf":[],"yoast_head":"<!-- This site is optimized with the Yoast SEO Premium plugin v27.3 (Yoast SEO v27.3) - https:\/\/yoast.com\/product\/yoast-seo-premium-wordpress\/ -->\n<title>Denim farkut puutarhanhoitoon ja ty\u00f6kaluvy\u00f6 - Rodoaed<\/title>\n<meta name=\"robots\" content=\"index, follow, max-snippet:-1, max-image-preview:large, max-video-preview:-1\" \/>\n<link rel=\"canonical\" href=\"https:\/\/rodoaed.ee\/fi\/toode\/denim-farkut-puutarhanhoitoon-ja-tyokaluvyo\/\" \/>\n<meta property=\"og:locale\" content=\"fi_FI\" \/>\n<meta property=\"og:type\" content=\"article\" \/>\n<meta property=\"og:title\" content=\"Denim farkut puutarhanhoitoon ja ty\u00f6kaluvy\u00f6\" \/>\n<meta property=\"og:description\" content=\"Mukava ja tukeva farkkuinen puutarhaesiliina ja ty\u00f6kaluvy\u00f6, jossa on runsaasti taskuja. Denim Puutarhanhoito Esiliina mukavat taskut suojaa\" \/>\n<meta property=\"og:url\" content=\"https:\/\/rodoaed.ee\/fi\/toode\/denim-farkut-puutarhanhoitoon-ja-tyokaluvyo\/\" \/>\n<meta property=\"og:site_name\" content=\"Rodoaed\" \/>\n<meta property=\"article:publisher\" content=\"https:\/\/www.facebook.com\/kasvuhooned\/\" \/>\n<meta property=\"article:modified_time\" content=\"2026-04-13T08:04:23+00:00\" \/>\n<meta property=\"og:image\" content=\"https:\/\/rodoaed.ee\/wp-content\/uploads\/2020\/05\/t\u00f6\u00f6p\u00f5ll-t\u00f6\u00f6riistav\u00f6\u00f6-Denim_GT155_01.jpg\" \/>\n\t<meta property=\"og:image:width\" content=\"2560\" \/>\n\t<meta property=\"og:image:height\" content=\"2560\" \/>\n\t<meta property=\"og:image:type\" content=\"image\/jpeg\" \/>\n<meta name=\"twitter:card\" content=\"summary_large_image\" \/>\n<script type=\"application\/ld+json\" class=\"yoast-schema-graph\">{\"@context\":\"https:\\\/\\\/schema.org\",\"@graph\":[{\"@type\":\"WebPage\",\"@id\":\"https:\\\/\\\/rodoaed.ee\\\/fi\\\/toode\\\/denim-farkut-puutarhanhoitoon-ja-tyokaluvyo\\\/\",\"url\":\"https:\\\/\\\/rodoaed.ee\\\/fi\\\/toode\\\/denim-farkut-puutarhanhoitoon-ja-tyokaluvyo\\\/\",\"name\":\"Denim farkut puutarhanhoitoon ja ty\u00f6kaluvy\u00f6 - Rodoaed\",\"isPartOf\":{\"@id\":\"https:\\\/\\\/rodoaed.ee\\\/#website\"},\"primaryImageOfPage\":{\"@id\":\"https:\\\/\\\/rodoaed.ee\\\/fi\\\/toode\\\/denim-farkut-puutarhanhoitoon-ja-tyokaluvyo\\\/#primaryimage\"},\"image\":{\"@id\":\"https:\\\/\\\/rodoaed.ee\\\/fi\\\/toode\\\/denim-farkut-puutarhanhoitoon-ja-tyokaluvyo\\\/#primaryimage\"},\"thumbnailUrl\":\"https:\\\/\\\/rodoaed.ee\\\/wp-content\\\/uploads\\\/2020\\\/05\\\/t\u00f6\u00f6p\u00f5ll-t\u00f6\u00f6riistav\u00f6\u00f6-Denim_GT155_01.jpg\",\"datePublished\":\"2020-05-15T10:27:51+00:00\",\"dateModified\":\"2026-04-13T08:04:23+00:00\",\"breadcrumb\":{\"@id\":\"https:\\\/\\\/rodoaed.ee\\\/fi\\\/toode\\\/denim-farkut-puutarhanhoitoon-ja-tyokaluvyo\\\/#breadcrumb\"},\"inLanguage\":\"fi\",\"potentialAction\":[{\"@type\":\"ReadAction\",\"target\":[\"https:\\\/\\\/rodoaed.ee\\\/fi\\\/toode\\\/denim-farkut-puutarhanhoitoon-ja-tyokaluvyo\\\/\"]}]},{\"@type\":\"ImageObject\",\"inLanguage\":\"fi\",\"@id\":\"https:\\\/\\\/rodoaed.ee\\\/fi\\\/toode\\\/denim-farkut-puutarhanhoitoon-ja-tyokaluvyo\\\/#primaryimage\",\"url\":\"https:\\\/\\\/rodoaed.ee\\\/wp-content\\\/uploads\\\/2020\\\/05\\\/t\u00f6\u00f6p\u00f5ll-t\u00f6\u00f6riistav\u00f6\u00f6-Denim_GT155_01.jpg\",\"contentUrl\":\"https:\\\/\\\/rodoaed.ee\\\/wp-content\\\/uploads\\\/2020\\\/05\\\/t\u00f6\u00f6p\u00f5ll-t\u00f6\u00f6riistav\u00f6\u00f6-Denim_GT155_01.jpg\",\"width\":2560,\"height\":2560},{\"@type\":\"BreadcrumbList\",\"@id\":\"https:\\\/\\\/rodoaed.ee\\\/fi\\\/toode\\\/denim-farkut-puutarhanhoitoon-ja-tyokaluvyo\\\/#breadcrumb\",\"itemListElement\":[{\"@type\":\"ListItem\",\"position\":1,\"name\":\"Home\",\"item\":\"https:\\\/\\\/rodoaed.ee\\\/fi\\\/\"},{\"@type\":\"ListItem\",\"position\":2,\"name\":\"Osta osoitteessa\",\"item\":\"https:\\\/\\\/rodoaed.ee\\\/osta-osoitteessa\\\/\"},{\"@type\":\"ListItem\",\"position\":3,\"name\":\"Denim farkut puutarhanhoitoon ja ty\u00f6kaluvy\u00f6\"}]},{\"@type\":\"WebSite\",\"@id\":\"https:\\\/\\\/rodoaed.ee\\\/#website\",\"url\":\"https:\\\/\\\/rodoaed.ee\\\/\",\"name\":\"Rodoaed\",\"description\":\"\",\"publisher\":{\"@id\":\"https:\\\/\\\/rodoaed.ee\\\/#organization\"},\"potentialAction\":[{\"@type\":\"SearchAction\",\"target\":{\"@type\":\"EntryPoint\",\"urlTemplate\":\"https:\\\/\\\/rodoaed.ee\\\/?s={search_term_string}\"},\"query-input\":{\"@type\":\"PropertyValueSpecification\",\"valueRequired\":true,\"valueName\":\"search_term_string\"}}],\"inLanguage\":\"fi\"},{\"@type\":\"Organization\",\"@id\":\"https:\\\/\\\/rodoaed.ee\\\/#organization\",\"name\":\"Rodoaed\",\"url\":\"https:\\\/\\\/rodoaed.ee\\\/\",\"logo\":{\"@type\":\"ImageObject\",\"inLanguage\":\"fi\",\"@id\":\"https:\\\/\\\/rodoaed.ee\\\/#\\\/schema\\\/logo\\\/image\\\/\",\"url\":\"https:\\\/\\\/rodoaed.ee\\\/wp-content\\\/uploads\\\/2019\\\/11\\\/rodoaed-logo-ilma-taustata.jpg\",\"contentUrl\":\"https:\\\/\\\/rodoaed.ee\\\/wp-content\\\/uploads\\\/2019\\\/11\\\/rodoaed-logo-ilma-taustata.jpg\",\"width\":769,\"height\":268,\"caption\":\"Rodoaed\"},\"image\":{\"@id\":\"https:\\\/\\\/rodoaed.ee\\\/#\\\/schema\\\/logo\\\/image\\\/\"},\"sameAs\":[\"https:\\\/\\\/www.facebook.com\\\/kasvuhooned\\\/\",\"https:\\\/\\\/rodoaed.ee\"]}]}<\/script>\n<!-- \/ Yoast SEO Premium plugin. -->","yoast_head_json":{"title":"Denim farkut puutarhanhoitoon ja ty\u00f6kaluvy\u00f6 - Rodoaed","robots":{"index":"index","follow":"follow","max-snippet":"max-snippet:-1","max-image-preview":"max-image-preview:large","max-video-preview":"max-video-preview:-1"},"canonical":"https:\/\/rodoaed.ee\/fi\/toode\/denim-farkut-puutarhanhoitoon-ja-tyokaluvyo\/","og_locale":"fi_FI","og_type":"article","og_title":"Denim farkut puutarhanhoitoon ja ty\u00f6kaluvy\u00f6","og_description":"Mukava ja tukeva farkkuinen puutarhaesiliina ja ty\u00f6kaluvy\u00f6, jossa on runsaasti taskuja. Denim Puutarhanhoito Esiliina mukavat taskut suojaa","og_url":"https:\/\/rodoaed.ee\/fi\/toode\/denim-farkut-puutarhanhoitoon-ja-tyokaluvyo\/","og_site_name":"Rodoaed","article_publisher":"https:\/\/www.facebook.com\/kasvuhooned\/","article_modified_time":"2026-04-13T08:04:23+00:00","og_image":[{"width":2560,"height":2560,"url":"https:\/\/rodoaed.ee\/wp-content\/uploads\/2020\/05\/t\u00f6\u00f6p\u00f5ll-t\u00f6\u00f6riistav\u00f6\u00f6-Denim_GT155_01.jpg","type":"image\/jpeg"}],"twitter_card":"summary_large_image","schema":{"@context":"https:\/\/schema.org","@graph":[{"@type":"WebPage","@id":"https:\/\/rodoaed.ee\/fi\/toode\/denim-farkut-puutarhanhoitoon-ja-tyokaluvyo\/","url":"https:\/\/rodoaed.ee\/fi\/toode\/denim-farkut-puutarhanhoitoon-ja-tyokaluvyo\/","name":"Denim farkut puutarhanhoitoon ja ty\u00f6kaluvy\u00f6 - Rodoaed","isPartOf":{"@id":"https:\/\/rodoaed.ee\/#website"},"primaryImageOfPage":{"@id":"https:\/\/rodoaed.ee\/fi\/toode\/denim-farkut-puutarhanhoitoon-ja-tyokaluvyo\/#primaryimage"},"image":{"@id":"https:\/\/rodoaed.ee\/fi\/toode\/denim-farkut-puutarhanhoitoon-ja-tyokaluvyo\/#primaryimage"},"thumbnailUrl":"https:\/\/rodoaed.ee\/wp-content\/uploads\/2020\/05\/t\u00f6\u00f6p\u00f5ll-t\u00f6\u00f6riistav\u00f6\u00f6-Denim_GT155_01.jpg","datePublished":"2020-05-15T10:27:51+00:00","dateModified":"2026-04-13T08:04:23+00:00","breadcrumb":{"@id":"https:\/\/rodoaed.ee\/fi\/toode\/denim-farkut-puutarhanhoitoon-ja-tyokaluvyo\/#breadcrumb"},"inLanguage":"fi","potentialAction":[{"@type":"ReadAction","target":["https:\/\/rodoaed.ee\/fi\/toode\/denim-farkut-puutarhanhoitoon-ja-tyokaluvyo\/"]}]},{"@type":"ImageObject","inLanguage":"fi","@id":"https:\/\/rodoaed.ee\/fi\/toode\/denim-farkut-puutarhanhoitoon-ja-tyokaluvyo\/#primaryimage","url":"https:\/\/rodoaed.ee\/wp-content\/uploads\/2020\/05\/t\u00f6\u00f6p\u00f5ll-t\u00f6\u00f6riistav\u00f6\u00f6-Denim_GT155_01.jpg","contentUrl":"https:\/\/rodoaed.ee\/wp-content\/uploads\/2020\/05\/t\u00f6\u00f6p\u00f5ll-t\u00f6\u00f6riistav\u00f6\u00f6-Denim_GT155_01.jpg","width":2560,"height":2560},{"@type":"BreadcrumbList","@id":"https:\/\/rodoaed.ee\/fi\/toode\/denim-farkut-puutarhanhoitoon-ja-tyokaluvyo\/#breadcrumb","itemListElement":[{"@type":"ListItem","position":1,"name":"Home","item":"https:\/\/rodoaed.ee\/fi\/"},{"@type":"ListItem","position":2,"name":"Osta osoitteessa","item":"https:\/\/rodoaed.ee\/osta-osoitteessa\/"},{"@type":"ListItem","position":3,"name":"Denim farkut puutarhanhoitoon ja ty\u00f6kaluvy\u00f6"}]},{"@type":"WebSite","@id":"https:\/\/rodoaed.ee\/#website","url":"https:\/\/rodoaed.ee\/","name":"Rodoaed","description":"","publisher":{"@id":"https:\/\/rodoaed.ee\/#organization"},"potentialAction":[{"@type":"SearchAction","target":{"@type":"EntryPoint","urlTemplate":"https:\/\/rodoaed.ee\/?s={search_term_string}"},"query-input":{"@type":"PropertyValueSpecification","valueRequired":true,"valueName":"search_term_string"}}],"inLanguage":"fi"},{"@type":"Organization","@id":"https:\/\/rodoaed.ee\/#organization","name":"Rodoaed","url":"https:\/\/rodoaed.ee\/","logo":{"@type":"ImageObject","inLanguage":"fi","@id":"https:\/\/rodoaed.ee\/#\/schema\/logo\/image\/","url":"https:\/\/rodoaed.ee\/wp-content\/uploads\/2019\/11\/rodoaed-logo-ilma-taustata.jpg","contentUrl":"https:\/\/rodoaed.ee\/wp-content\/uploads\/2019\/11\/rodoaed-logo-ilma-taustata.jpg","width":769,"height":268,"caption":"Rodoaed"},"image":{"@id":"https:\/\/rodoaed.ee\/#\/schema\/logo\/image\/"},"sameAs":["https:\/\/www.facebook.com\/kasvuhooned\/","https:\/\/rodoaed.ee"]}]}},"_links":{"self":[{"href":"https:\/\/rodoaed.ee\/fi\/wp-json\/wp\/v2\/product\/53347","targetHints":{"allow":["GET"]}}],"collection":[{"href":"https:\/\/rodoaed.ee\/fi\/wp-json\/wp\/v2\/product"}],"about":[{"href":"https:\/\/rodoaed.ee\/fi\/wp-json\/wp\/v2\/types\/product"}],"wp:featuredmedia":[{"embeddable":true,"href":"https:\/\/rodoaed.ee\/fi\/wp-json\/wp\/v2\/media\/32422"}],"wp:attachment":[{"href":"https:\/\/rodoaed.ee\/fi\/wp-json\/wp\/v2\/media?parent=53347"}],"wp:term":[{"taxonomy":"product_brand","embeddable":true,"href":"https:\/\/rodoaed.ee\/fi\/wp-json\/wp\/v2\/product_brand?post=53347"},{"taxonomy":"product_cat","embeddable":true,"href":"https:\/\/rodoaed.ee\/fi\/wp-json\/wp\/v2\/product_cat?post=53347"},{"taxonomy":"product_tag","embeddable":true,"href":"https:\/\/rodoaed.ee\/fi\/wp-json\/wp\/v2\/product_tag?post=53347"}],"curies":[{"name":"wp","href":"https:\/\/api.w.org\/{rel}","templated":true}]}}