{"id":53349,"date":"2020-05-19T13:40:34","date_gmt":"2020-05-19T10:40:34","guid":{"rendered":"https:\/\/rodoaed.ee\/toode\/masking-puutarha-hattu-lapsille\/"},"modified":"2026-04-13T11:04:24","modified_gmt":"2026-04-13T08:04:24","slug":"masking-puutarha-hattu-lapsille","status":"publish","type":"product","link":"https:\/\/rodoaed.ee\/fi\/tuote\/masking-puutarha-hattu-lapsille\/","title":{"rendered":"Masking puutarha hattu lapsille"},"content":{"rendered":"<h2>Siisti naamiointi puutarhanhoito hattu lapsille<\/h2>\n<p>Lapsille pakollinen. Suojaa p\u00e4\u00e4t\u00e4 auringolta ja tuulelta &#8211; leve\u00e4 lieri\u00f6 suojaa my\u00f6s hartioita auringolta. Pit\u00e4\u00e4 punkit loitolla ty\u00f6skennelt\u00e4ess\u00e4 pensaiden alla. N\u00e4ytt\u00e4\u00e4 siistilt\u00e4 ja sopii hyvin yhteen samantyylisen lasten puutarhaesiliinan kanssa.   <\/p>\n<p>Sopii kooltaan 2-10-vuotiaille.<\/p>\n<h2>T\u00e4rkeimm\u00e4t ominaisuudet :<\/h2>\n<ul>\n<li>Mitat: L 24 x L 24 x K 12 cm.<\/li>\n<li>Paino: 32 g<\/li>\n<li>Materiaali: puuvilla, polyesteri<\/li>\n<\/ul>\n<p>&nbsp;<\/p>\n<div id=\"article-specifications\" class=\"tab-links__content is-active col-md-6 mb-4\"><\/div>\n","protected":false},"excerpt":{"rendered":"<p>Siisti naamiointi puutarhanhoito hattu lapsille Lapsille pakollinen. Suojaa p\u00e4\u00e4t\u00e4 auringolta ja tuulelta &#8211; leve\u00e4 lieri\u00f6 suojaa my\u00f6s hartioita auringolta. Pit\u00e4\u00e4 punkit loitolla ty\u00f6skennelt\u00e4ess\u00e4 pensaiden alla. N\u00e4ytt\u00e4\u00e4 siistilt\u00e4 ja sopii hyvin yhteen samantyylisen lasten puutarhaesiliinan kanssa. Sopii kooltaan 2-10-vuotiaille. T\u00e4rkeimm\u00e4t ominaisuudet : Mitat: L 24 x L 24 x K 12 cm. Paino: 32 g Materiaali: puuvilla, polyesteri &nbsp;<\/p>\n","protected":false},"featured_media":32600,"template":"","meta":{"_acf_changed":false},"product_brand":[],"product_cat":[1783,1945],"product_tag":[],"class_list":{"0":"post-53349","1":"product","2":"type-product","3":"status-publish","4":"has-post-thumbnail","6":"product_cat-lahjat-lapsille-1-6-vuotta","7":"product_cat-tarvikkeet","8":"product_shipping_class-toimitus-1-3-tyopaivan-kuluessa","9":"pa_variatsioon-superseeder-kylvokone-21","11":"first","12":"instock","13":"sale","14":"taxable","15":"shipping-taxable","16":"purchasable","17":"product-type-simple"},"acf":[],"yoast_head":"<!-- This site is optimized with the Yoast SEO Premium plugin v27.3 (Yoast SEO v27.3) - https:\/\/yoast.com\/product\/yoast-seo-premium-wordpress\/ -->\n<title>Masking puutarha hattu lapsille - Rodoaed<\/title>\n<meta name=\"robots\" content=\"index, follow, max-snippet:-1, max-image-preview:large, max-video-preview:-1\" \/>\n<link rel=\"canonical\" href=\"https:\/\/rodoaed.ee\/fi\/toode\/masking-puutarha-hattu-lapsille\/\" \/>\n<meta property=\"og:locale\" content=\"fi_FI\" \/>\n<meta property=\"og:type\" content=\"article\" \/>\n<meta property=\"og:title\" content=\"Masking puutarha hattu lapsille\" \/>\n<meta property=\"og:description\" content=\"Siisti naamiointi puutarhanhoito hattu lapsille Lapsille pakollinen. Suojaa p\u00e4\u00e4t\u00e4 auringolta ja tuulelta - leve\u00e4 lieri\u00f6 suojaa my\u00f6s hartioita auringolta.\" \/>\n<meta property=\"og:url\" content=\"https:\/\/rodoaed.ee\/fi\/toode\/masking-puutarha-hattu-lapsille\/\" \/>\n<meta property=\"og:site_name\" content=\"Rodoaed\" \/>\n<meta property=\"article:publisher\" content=\"https:\/\/www.facebook.com\/kasvuhooned\/\" \/>\n<meta property=\"article:modified_time\" content=\"2026-04-13T08:04:24+00:00\" \/>\n<meta property=\"og:image\" content=\"https:\/\/rodoaed.ee\/wp-content\/uploads\/2020\/05\/laste-m\u00fcts_KG173_01.png\" \/>\n\t<meta property=\"og:image:width\" content=\"1240\" \/>\n\t<meta property=\"og:image:height\" content=\"1240\" \/>\n\t<meta property=\"og:image:type\" content=\"image\/png\" \/>\n<meta name=\"twitter:card\" content=\"summary_large_image\" \/>\n<script type=\"application\/ld+json\" class=\"yoast-schema-graph\">{\"@context\":\"https:\\\/\\\/schema.org\",\"@graph\":[{\"@type\":\"WebPage\",\"@id\":\"https:\\\/\\\/rodoaed.ee\\\/fi\\\/toode\\\/masking-puutarha-hattu-lapsille\\\/\",\"url\":\"https:\\\/\\\/rodoaed.ee\\\/fi\\\/toode\\\/masking-puutarha-hattu-lapsille\\\/\",\"name\":\"Masking puutarha hattu lapsille - Rodoaed\",\"isPartOf\":{\"@id\":\"https:\\\/\\\/rodoaed.ee\\\/#website\"},\"primaryImageOfPage\":{\"@id\":\"https:\\\/\\\/rodoaed.ee\\\/fi\\\/toode\\\/masking-puutarha-hattu-lapsille\\\/#primaryimage\"},\"image\":{\"@id\":\"https:\\\/\\\/rodoaed.ee\\\/fi\\\/toode\\\/masking-puutarha-hattu-lapsille\\\/#primaryimage\"},\"thumbnailUrl\":\"https:\\\/\\\/rodoaed.ee\\\/wp-content\\\/uploads\\\/2020\\\/05\\\/laste-m\u00fcts_KG173_01.png\",\"datePublished\":\"2020-05-19T10:40:34+00:00\",\"dateModified\":\"2026-04-13T08:04:24+00:00\",\"breadcrumb\":{\"@id\":\"https:\\\/\\\/rodoaed.ee\\\/fi\\\/toode\\\/masking-puutarha-hattu-lapsille\\\/#breadcrumb\"},\"inLanguage\":\"fi\",\"potentialAction\":[{\"@type\":\"ReadAction\",\"target\":[\"https:\\\/\\\/rodoaed.ee\\\/fi\\\/toode\\\/masking-puutarha-hattu-lapsille\\\/\"]}]},{\"@type\":\"ImageObject\",\"inLanguage\":\"fi\",\"@id\":\"https:\\\/\\\/rodoaed.ee\\\/fi\\\/toode\\\/masking-puutarha-hattu-lapsille\\\/#primaryimage\",\"url\":\"https:\\\/\\\/rodoaed.ee\\\/wp-content\\\/uploads\\\/2020\\\/05\\\/laste-m\u00fcts_KG173_01.png\",\"contentUrl\":\"https:\\\/\\\/rodoaed.ee\\\/wp-content\\\/uploads\\\/2020\\\/05\\\/laste-m\u00fcts_KG173_01.png\",\"width\":1240,\"height\":1240},{\"@type\":\"BreadcrumbList\",\"@id\":\"https:\\\/\\\/rodoaed.ee\\\/fi\\\/toode\\\/masking-puutarha-hattu-lapsille\\\/#breadcrumb\",\"itemListElement\":[{\"@type\":\"ListItem\",\"position\":1,\"name\":\"Home\",\"item\":\"https:\\\/\\\/rodoaed.ee\\\/fi\\\/\"},{\"@type\":\"ListItem\",\"position\":2,\"name\":\"Osta osoitteessa\",\"item\":\"https:\\\/\\\/rodoaed.ee\\\/osta-osoitteessa\\\/\"},{\"@type\":\"ListItem\",\"position\":3,\"name\":\"Masking puutarha hattu lapsille\"}]},{\"@type\":\"WebSite\",\"@id\":\"https:\\\/\\\/rodoaed.ee\\\/#website\",\"url\":\"https:\\\/\\\/rodoaed.ee\\\/\",\"name\":\"Rodoaed\",\"description\":\"\",\"publisher\":{\"@id\":\"https:\\\/\\\/rodoaed.ee\\\/#organization\"},\"potentialAction\":[{\"@type\":\"SearchAction\",\"target\":{\"@type\":\"EntryPoint\",\"urlTemplate\":\"https:\\\/\\\/rodoaed.ee\\\/?s={search_term_string}\"},\"query-input\":{\"@type\":\"PropertyValueSpecification\",\"valueRequired\":true,\"valueName\":\"search_term_string\"}}],\"inLanguage\":\"fi\"},{\"@type\":\"Organization\",\"@id\":\"https:\\\/\\\/rodoaed.ee\\\/#organization\",\"name\":\"Rodoaed\",\"url\":\"https:\\\/\\\/rodoaed.ee\\\/\",\"logo\":{\"@type\":\"ImageObject\",\"inLanguage\":\"fi\",\"@id\":\"https:\\\/\\\/rodoaed.ee\\\/#\\\/schema\\\/logo\\\/image\\\/\",\"url\":\"https:\\\/\\\/rodoaed.ee\\\/wp-content\\\/uploads\\\/2019\\\/11\\\/rodoaed-logo-ilma-taustata.jpg\",\"contentUrl\":\"https:\\\/\\\/rodoaed.ee\\\/wp-content\\\/uploads\\\/2019\\\/11\\\/rodoaed-logo-ilma-taustata.jpg\",\"width\":769,\"height\":268,\"caption\":\"Rodoaed\"},\"image\":{\"@id\":\"https:\\\/\\\/rodoaed.ee\\\/#\\\/schema\\\/logo\\\/image\\\/\"},\"sameAs\":[\"https:\\\/\\\/www.facebook.com\\\/kasvuhooned\\\/\",\"https:\\\/\\\/rodoaed.ee\"]}]}<\/script>\n<!-- \/ Yoast SEO Premium plugin. -->","yoast_head_json":{"title":"Masking puutarha hattu lapsille - Rodoaed","robots":{"index":"index","follow":"follow","max-snippet":"max-snippet:-1","max-image-preview":"max-image-preview:large","max-video-preview":"max-video-preview:-1"},"canonical":"https:\/\/rodoaed.ee\/fi\/toode\/masking-puutarha-hattu-lapsille\/","og_locale":"fi_FI","og_type":"article","og_title":"Masking puutarha hattu lapsille","og_description":"Siisti naamiointi puutarhanhoito hattu lapsille Lapsille pakollinen. Suojaa p\u00e4\u00e4t\u00e4 auringolta ja tuulelta - leve\u00e4 lieri\u00f6 suojaa my\u00f6s hartioita auringolta.","og_url":"https:\/\/rodoaed.ee\/fi\/toode\/masking-puutarha-hattu-lapsille\/","og_site_name":"Rodoaed","article_publisher":"https:\/\/www.facebook.com\/kasvuhooned\/","article_modified_time":"2026-04-13T08:04:24+00:00","og_image":[{"width":1240,"height":1240,"url":"https:\/\/rodoaed.ee\/wp-content\/uploads\/2020\/05\/laste-m\u00fcts_KG173_01.png","type":"image\/png"}],"twitter_card":"summary_large_image","schema":{"@context":"https:\/\/schema.org","@graph":[{"@type":"WebPage","@id":"https:\/\/rodoaed.ee\/fi\/toode\/masking-puutarha-hattu-lapsille\/","url":"https:\/\/rodoaed.ee\/fi\/toode\/masking-puutarha-hattu-lapsille\/","name":"Masking puutarha hattu lapsille - Rodoaed","isPartOf":{"@id":"https:\/\/rodoaed.ee\/#website"},"primaryImageOfPage":{"@id":"https:\/\/rodoaed.ee\/fi\/toode\/masking-puutarha-hattu-lapsille\/#primaryimage"},"image":{"@id":"https:\/\/rodoaed.ee\/fi\/toode\/masking-puutarha-hattu-lapsille\/#primaryimage"},"thumbnailUrl":"https:\/\/rodoaed.ee\/wp-content\/uploads\/2020\/05\/laste-m\u00fcts_KG173_01.png","datePublished":"2020-05-19T10:40:34+00:00","dateModified":"2026-04-13T08:04:24+00:00","breadcrumb":{"@id":"https:\/\/rodoaed.ee\/fi\/toode\/masking-puutarha-hattu-lapsille\/#breadcrumb"},"inLanguage":"fi","potentialAction":[{"@type":"ReadAction","target":["https:\/\/rodoaed.ee\/fi\/toode\/masking-puutarha-hattu-lapsille\/"]}]},{"@type":"ImageObject","inLanguage":"fi","@id":"https:\/\/rodoaed.ee\/fi\/toode\/masking-puutarha-hattu-lapsille\/#primaryimage","url":"https:\/\/rodoaed.ee\/wp-content\/uploads\/2020\/05\/laste-m\u00fcts_KG173_01.png","contentUrl":"https:\/\/rodoaed.ee\/wp-content\/uploads\/2020\/05\/laste-m\u00fcts_KG173_01.png","width":1240,"height":1240},{"@type":"BreadcrumbList","@id":"https:\/\/rodoaed.ee\/fi\/toode\/masking-puutarha-hattu-lapsille\/#breadcrumb","itemListElement":[{"@type":"ListItem","position":1,"name":"Home","item":"https:\/\/rodoaed.ee\/fi\/"},{"@type":"ListItem","position":2,"name":"Osta osoitteessa","item":"https:\/\/rodoaed.ee\/osta-osoitteessa\/"},{"@type":"ListItem","position":3,"name":"Masking puutarha hattu lapsille"}]},{"@type":"WebSite","@id":"https:\/\/rodoaed.ee\/#website","url":"https:\/\/rodoaed.ee\/","name":"Rodoaed","description":"","publisher":{"@id":"https:\/\/rodoaed.ee\/#organization"},"potentialAction":[{"@type":"SearchAction","target":{"@type":"EntryPoint","urlTemplate":"https:\/\/rodoaed.ee\/?s={search_term_string}"},"query-input":{"@type":"PropertyValueSpecification","valueRequired":true,"valueName":"search_term_string"}}],"inLanguage":"fi"},{"@type":"Organization","@id":"https:\/\/rodoaed.ee\/#organization","name":"Rodoaed","url":"https:\/\/rodoaed.ee\/","logo":{"@type":"ImageObject","inLanguage":"fi","@id":"https:\/\/rodoaed.ee\/#\/schema\/logo\/image\/","url":"https:\/\/rodoaed.ee\/wp-content\/uploads\/2019\/11\/rodoaed-logo-ilma-taustata.jpg","contentUrl":"https:\/\/rodoaed.ee\/wp-content\/uploads\/2019\/11\/rodoaed-logo-ilma-taustata.jpg","width":769,"height":268,"caption":"Rodoaed"},"image":{"@id":"https:\/\/rodoaed.ee\/#\/schema\/logo\/image\/"},"sameAs":["https:\/\/www.facebook.com\/kasvuhooned\/","https:\/\/rodoaed.ee"]}]}},"_links":{"self":[{"href":"https:\/\/rodoaed.ee\/fi\/wp-json\/wp\/v2\/product\/53349","targetHints":{"allow":["GET"]}}],"collection":[{"href":"https:\/\/rodoaed.ee\/fi\/wp-json\/wp\/v2\/product"}],"about":[{"href":"https:\/\/rodoaed.ee\/fi\/wp-json\/wp\/v2\/types\/product"}],"wp:featuredmedia":[{"embeddable":true,"href":"https:\/\/rodoaed.ee\/fi\/wp-json\/wp\/v2\/media\/32600"}],"wp:attachment":[{"href":"https:\/\/rodoaed.ee\/fi\/wp-json\/wp\/v2\/media?parent=53349"}],"wp:term":[{"taxonomy":"product_brand","embeddable":true,"href":"https:\/\/rodoaed.ee\/fi\/wp-json\/wp\/v2\/product_brand?post=53349"},{"taxonomy":"product_cat","embeddable":true,"href":"https:\/\/rodoaed.ee\/fi\/wp-json\/wp\/v2\/product_cat?post=53349"},{"taxonomy":"product_tag","embeddable":true,"href":"https:\/\/rodoaed.ee\/fi\/wp-json\/wp\/v2\/product_tag?post=53349"}],"curies":[{"name":"wp","href":"https:\/\/api.w.org\/{rel}","templated":true}]}}