{"id":53350,"date":"2020-05-15T19:37:23","date_gmt":"2020-05-15T16:37:23","guid":{"rendered":"https:\/\/rodoaed.ee\/toode\/mukavat-polvisuojat-joissa-on-ruusukuvio\/"},"modified":"2026-04-13T11:04:25","modified_gmt":"2026-04-13T08:04:25","slug":"mukavat-polvisuojat-joissa-on-ruusukuvio","status":"publish","type":"product","link":"https:\/\/rodoaed.ee\/fi\/tuote\/mukavat-polvisuojat-joissa-on-ruusukuvio\/","title":{"rendered":"Mukavat polvisuojat, joissa on ruusukuvio"},"content":{"rendered":"<h2>Mukavat s\u00e4\u00e4dett\u00e4v\u00e4t polvisuojat<\/h2>\n<p>N\u00e4ill\u00e4 mukavilla polvisuojilla voit tehd\u00e4 kaikki puutarhaty\u00f6t, sill\u00e4 suojissa on pehme\u00e4t hihnat polven ymp\u00e4rill\u00e4. Kun polvistut, polvisuojat ovat oikeassa paikassa, ja voit tukea niit\u00e4 m\u00e4rk\u00e4\u00e4n maahan tai ter\u00e4viin kiviin. Polvet ovat aina suojassa. Vaaleanpunaisen kuviomallin ansiosta n\u00e4m\u00e4 polvisuojat ovat erityisen suosittuja naisten ja tytt\u00f6jen keskuudessa.   <\/p>\n<p>&nbsp;<\/p>\n<h2>T\u00e4rkeimm\u00e4t ominaisuudet :<\/h2>\n<ul>\n<li>Mitat: L 4,6 x L 15,8 x K 19,6 cm.<\/li>\n<li>Paino: 100 g<\/li>\n<li>Materiaali: polyesteri, pehmustevaahto<\/li>\n<\/ul>\n<p>&nbsp;<\/p>\n<div id=\"article-specifications\" class=\"tab-links__content is-active col-md-6 mb-4\"><\/div>\n","protected":false},"excerpt":{"rendered":"<p>Mukavat s\u00e4\u00e4dett\u00e4v\u00e4t polvisuojat N\u00e4ill\u00e4 mukavilla polvisuojilla voit tehd\u00e4 kaikki puutarhaty\u00f6t, sill\u00e4 suojissa on pehme\u00e4t hihnat polven ymp\u00e4rill\u00e4. Kun polvistut, polvisuojat ovat oikeassa paikassa, ja voit tukea niit\u00e4 m\u00e4rk\u00e4\u00e4n maahan tai ter\u00e4viin kiviin. Polvet ovat aina suojassa. Vaaleanpunaisen kuviomallin ansiosta n\u00e4m\u00e4 polvisuojat ovat erityisen suosittuja naisten ja tytt\u00f6jen keskuudessa. &nbsp; T\u00e4rkeimm\u00e4t ominaisuudet : Mitat: L 4,6 x L 15,8 x K 19,6 cm. Paino: 100 g&#8230;<\/p>\n","protected":false},"featured_media":32500,"template":"","meta":{"_acf_changed":false},"product_brand":[],"product_cat":[1776,1745,1945],"product_tag":[],"class_list":{"0":"post-53350","1":"product","2":"type-product","3":"status-publish","4":"has-post-thumbnail","6":"product_cat-hyodylliset-lisavarusteet","7":"product_cat-suuri-varaston-tyhjennysmyynti","8":"product_cat-tarvikkeet","9":"product_shipping_class-toimitus-1-3-tyopaivan-kuluessa","10":"pa_variatsioon-superseeder-kylvokone-21","12":"first","13":"instock","14":"sale","15":"taxable","16":"shipping-taxable","17":"purchasable","18":"product-type-simple"},"acf":[],"yoast_head":"<!-- This site is optimized with the Yoast SEO Premium plugin v27.3 (Yoast SEO v27.3) - https:\/\/yoast.com\/product\/yoast-seo-premium-wordpress\/ -->\n<title>Mukavat polvisuojat, joissa on ruusukuvio - Rodoaed<\/title>\n<meta name=\"robots\" content=\"index, follow, max-snippet:-1, max-image-preview:large, max-video-preview:-1\" \/>\n<link rel=\"canonical\" href=\"https:\/\/rodoaed.ee\/fi\/toode\/mukavat-polvisuojat-joissa-on-ruusukuvio\/\" \/>\n<meta property=\"og:locale\" content=\"fi_FI\" \/>\n<meta property=\"og:type\" content=\"article\" \/>\n<meta property=\"og:title\" content=\"Mukavat polvisuojat, joissa on ruusukuvio\" \/>\n<meta property=\"og:description\" content=\"Mukavat s\u00e4\u00e4dett\u00e4v\u00e4t polvisuojat N\u00e4ill\u00e4 mukavilla polvisuojilla voit tehd\u00e4 kaikki puutarhaty\u00f6t, sill\u00e4 suojissa on pehme\u00e4t hihnat polven ymp\u00e4rill\u00e4. Kun\" \/>\n<meta property=\"og:url\" content=\"https:\/\/rodoaed.ee\/fi\/toode\/mukavat-polvisuojat-joissa-on-ruusukuvio\/\" \/>\n<meta property=\"og:site_name\" content=\"Rodoaed\" \/>\n<meta property=\"article:publisher\" content=\"https:\/\/www.facebook.com\/kasvuhooned\/\" \/>\n<meta property=\"article:modified_time\" content=\"2026-04-13T08:04:25+00:00\" \/>\n<meta property=\"og:image\" content=\"https:\/\/rodoaed.ee\/wp-content\/uploads\/2020\/05\/p\u00f5lvekaitsed_RD42_01.png\" \/>\n\t<meta property=\"og:image:width\" content=\"1240\" \/>\n\t<meta property=\"og:image:height\" content=\"1240\" \/>\n\t<meta property=\"og:image:type\" content=\"image\/png\" \/>\n<meta name=\"twitter:card\" content=\"summary_large_image\" \/>\n<script type=\"application\/ld+json\" class=\"yoast-schema-graph\">{\"@context\":\"https:\\\/\\\/schema.org\",\"@graph\":[{\"@type\":\"WebPage\",\"@id\":\"https:\\\/\\\/rodoaed.ee\\\/fi\\\/toode\\\/mukavat-polvisuojat-joissa-on-ruusukuvio\\\/\",\"url\":\"https:\\\/\\\/rodoaed.ee\\\/fi\\\/toode\\\/mukavat-polvisuojat-joissa-on-ruusukuvio\\\/\",\"name\":\"Mukavat polvisuojat, joissa on ruusukuvio - Rodoaed\",\"isPartOf\":{\"@id\":\"https:\\\/\\\/rodoaed.ee\\\/#website\"},\"primaryImageOfPage\":{\"@id\":\"https:\\\/\\\/rodoaed.ee\\\/fi\\\/toode\\\/mukavat-polvisuojat-joissa-on-ruusukuvio\\\/#primaryimage\"},\"image\":{\"@id\":\"https:\\\/\\\/rodoaed.ee\\\/fi\\\/toode\\\/mukavat-polvisuojat-joissa-on-ruusukuvio\\\/#primaryimage\"},\"thumbnailUrl\":\"https:\\\/\\\/rodoaed.ee\\\/wp-content\\\/uploads\\\/2020\\\/05\\\/p\u00f5lvekaitsed_RD42_01.png\",\"datePublished\":\"2020-05-15T16:37:23+00:00\",\"dateModified\":\"2026-04-13T08:04:25+00:00\",\"breadcrumb\":{\"@id\":\"https:\\\/\\\/rodoaed.ee\\\/fi\\\/toode\\\/mukavat-polvisuojat-joissa-on-ruusukuvio\\\/#breadcrumb\"},\"inLanguage\":\"fi\",\"potentialAction\":[{\"@type\":\"ReadAction\",\"target\":[\"https:\\\/\\\/rodoaed.ee\\\/fi\\\/toode\\\/mukavat-polvisuojat-joissa-on-ruusukuvio\\\/\"]}]},{\"@type\":\"ImageObject\",\"inLanguage\":\"fi\",\"@id\":\"https:\\\/\\\/rodoaed.ee\\\/fi\\\/toode\\\/mukavat-polvisuojat-joissa-on-ruusukuvio\\\/#primaryimage\",\"url\":\"https:\\\/\\\/rodoaed.ee\\\/wp-content\\\/uploads\\\/2020\\\/05\\\/p\u00f5lvekaitsed_RD42_01.png\",\"contentUrl\":\"https:\\\/\\\/rodoaed.ee\\\/wp-content\\\/uploads\\\/2020\\\/05\\\/p\u00f5lvekaitsed_RD42_01.png\",\"width\":1240,\"height\":1240},{\"@type\":\"BreadcrumbList\",\"@id\":\"https:\\\/\\\/rodoaed.ee\\\/fi\\\/toode\\\/mukavat-polvisuojat-joissa-on-ruusukuvio\\\/#breadcrumb\",\"itemListElement\":[{\"@type\":\"ListItem\",\"position\":1,\"name\":\"Home\",\"item\":\"https:\\\/\\\/rodoaed.ee\\\/fi\\\/\"},{\"@type\":\"ListItem\",\"position\":2,\"name\":\"Osta osoitteessa\",\"item\":\"https:\\\/\\\/rodoaed.ee\\\/osta-osoitteessa\\\/\"},{\"@type\":\"ListItem\",\"position\":3,\"name\":\"Mukavat polvisuojat, joissa on ruusukuvio\"}]},{\"@type\":\"WebSite\",\"@id\":\"https:\\\/\\\/rodoaed.ee\\\/#website\",\"url\":\"https:\\\/\\\/rodoaed.ee\\\/\",\"name\":\"Rodoaed\",\"description\":\"\",\"publisher\":{\"@id\":\"https:\\\/\\\/rodoaed.ee\\\/#organization\"},\"potentialAction\":[{\"@type\":\"SearchAction\",\"target\":{\"@type\":\"EntryPoint\",\"urlTemplate\":\"https:\\\/\\\/rodoaed.ee\\\/?s={search_term_string}\"},\"query-input\":{\"@type\":\"PropertyValueSpecification\",\"valueRequired\":true,\"valueName\":\"search_term_string\"}}],\"inLanguage\":\"fi\"},{\"@type\":\"Organization\",\"@id\":\"https:\\\/\\\/rodoaed.ee\\\/#organization\",\"name\":\"Rodoaed\",\"url\":\"https:\\\/\\\/rodoaed.ee\\\/\",\"logo\":{\"@type\":\"ImageObject\",\"inLanguage\":\"fi\",\"@id\":\"https:\\\/\\\/rodoaed.ee\\\/#\\\/schema\\\/logo\\\/image\\\/\",\"url\":\"https:\\\/\\\/rodoaed.ee\\\/wp-content\\\/uploads\\\/2019\\\/11\\\/rodoaed-logo-ilma-taustata.jpg\",\"contentUrl\":\"https:\\\/\\\/rodoaed.ee\\\/wp-content\\\/uploads\\\/2019\\\/11\\\/rodoaed-logo-ilma-taustata.jpg\",\"width\":769,\"height\":268,\"caption\":\"Rodoaed\"},\"image\":{\"@id\":\"https:\\\/\\\/rodoaed.ee\\\/#\\\/schema\\\/logo\\\/image\\\/\"},\"sameAs\":[\"https:\\\/\\\/www.facebook.com\\\/kasvuhooned\\\/\",\"https:\\\/\\\/rodoaed.ee\"]}]}<\/script>\n<!-- \/ Yoast SEO Premium plugin. -->","yoast_head_json":{"title":"Mukavat polvisuojat, joissa on ruusukuvio - Rodoaed","robots":{"index":"index","follow":"follow","max-snippet":"max-snippet:-1","max-image-preview":"max-image-preview:large","max-video-preview":"max-video-preview:-1"},"canonical":"https:\/\/rodoaed.ee\/fi\/toode\/mukavat-polvisuojat-joissa-on-ruusukuvio\/","og_locale":"fi_FI","og_type":"article","og_title":"Mukavat polvisuojat, joissa on ruusukuvio","og_description":"Mukavat s\u00e4\u00e4dett\u00e4v\u00e4t polvisuojat N\u00e4ill\u00e4 mukavilla polvisuojilla voit tehd\u00e4 kaikki puutarhaty\u00f6t, sill\u00e4 suojissa on pehme\u00e4t hihnat polven ymp\u00e4rill\u00e4. Kun","og_url":"https:\/\/rodoaed.ee\/fi\/toode\/mukavat-polvisuojat-joissa-on-ruusukuvio\/","og_site_name":"Rodoaed","article_publisher":"https:\/\/www.facebook.com\/kasvuhooned\/","article_modified_time":"2026-04-13T08:04:25+00:00","og_image":[{"width":1240,"height":1240,"url":"https:\/\/rodoaed.ee\/wp-content\/uploads\/2020\/05\/p\u00f5lvekaitsed_RD42_01.png","type":"image\/png"}],"twitter_card":"summary_large_image","schema":{"@context":"https:\/\/schema.org","@graph":[{"@type":"WebPage","@id":"https:\/\/rodoaed.ee\/fi\/toode\/mukavat-polvisuojat-joissa-on-ruusukuvio\/","url":"https:\/\/rodoaed.ee\/fi\/toode\/mukavat-polvisuojat-joissa-on-ruusukuvio\/","name":"Mukavat polvisuojat, joissa on ruusukuvio - Rodoaed","isPartOf":{"@id":"https:\/\/rodoaed.ee\/#website"},"primaryImageOfPage":{"@id":"https:\/\/rodoaed.ee\/fi\/toode\/mukavat-polvisuojat-joissa-on-ruusukuvio\/#primaryimage"},"image":{"@id":"https:\/\/rodoaed.ee\/fi\/toode\/mukavat-polvisuojat-joissa-on-ruusukuvio\/#primaryimage"},"thumbnailUrl":"https:\/\/rodoaed.ee\/wp-content\/uploads\/2020\/05\/p\u00f5lvekaitsed_RD42_01.png","datePublished":"2020-05-15T16:37:23+00:00","dateModified":"2026-04-13T08:04:25+00:00","breadcrumb":{"@id":"https:\/\/rodoaed.ee\/fi\/toode\/mukavat-polvisuojat-joissa-on-ruusukuvio\/#breadcrumb"},"inLanguage":"fi","potentialAction":[{"@type":"ReadAction","target":["https:\/\/rodoaed.ee\/fi\/toode\/mukavat-polvisuojat-joissa-on-ruusukuvio\/"]}]},{"@type":"ImageObject","inLanguage":"fi","@id":"https:\/\/rodoaed.ee\/fi\/toode\/mukavat-polvisuojat-joissa-on-ruusukuvio\/#primaryimage","url":"https:\/\/rodoaed.ee\/wp-content\/uploads\/2020\/05\/p\u00f5lvekaitsed_RD42_01.png","contentUrl":"https:\/\/rodoaed.ee\/wp-content\/uploads\/2020\/05\/p\u00f5lvekaitsed_RD42_01.png","width":1240,"height":1240},{"@type":"BreadcrumbList","@id":"https:\/\/rodoaed.ee\/fi\/toode\/mukavat-polvisuojat-joissa-on-ruusukuvio\/#breadcrumb","itemListElement":[{"@type":"ListItem","position":1,"name":"Home","item":"https:\/\/rodoaed.ee\/fi\/"},{"@type":"ListItem","position":2,"name":"Osta osoitteessa","item":"https:\/\/rodoaed.ee\/osta-osoitteessa\/"},{"@type":"ListItem","position":3,"name":"Mukavat polvisuojat, joissa on ruusukuvio"}]},{"@type":"WebSite","@id":"https:\/\/rodoaed.ee\/#website","url":"https:\/\/rodoaed.ee\/","name":"Rodoaed","description":"","publisher":{"@id":"https:\/\/rodoaed.ee\/#organization"},"potentialAction":[{"@type":"SearchAction","target":{"@type":"EntryPoint","urlTemplate":"https:\/\/rodoaed.ee\/?s={search_term_string}"},"query-input":{"@type":"PropertyValueSpecification","valueRequired":true,"valueName":"search_term_string"}}],"inLanguage":"fi"},{"@type":"Organization","@id":"https:\/\/rodoaed.ee\/#organization","name":"Rodoaed","url":"https:\/\/rodoaed.ee\/","logo":{"@type":"ImageObject","inLanguage":"fi","@id":"https:\/\/rodoaed.ee\/#\/schema\/logo\/image\/","url":"https:\/\/rodoaed.ee\/wp-content\/uploads\/2019\/11\/rodoaed-logo-ilma-taustata.jpg","contentUrl":"https:\/\/rodoaed.ee\/wp-content\/uploads\/2019\/11\/rodoaed-logo-ilma-taustata.jpg","width":769,"height":268,"caption":"Rodoaed"},"image":{"@id":"https:\/\/rodoaed.ee\/#\/schema\/logo\/image\/"},"sameAs":["https:\/\/www.facebook.com\/kasvuhooned\/","https:\/\/rodoaed.ee"]}]}},"_links":{"self":[{"href":"https:\/\/rodoaed.ee\/fi\/wp-json\/wp\/v2\/product\/53350","targetHints":{"allow":["GET"]}}],"collection":[{"href":"https:\/\/rodoaed.ee\/fi\/wp-json\/wp\/v2\/product"}],"about":[{"href":"https:\/\/rodoaed.ee\/fi\/wp-json\/wp\/v2\/types\/product"}],"wp:featuredmedia":[{"embeddable":true,"href":"https:\/\/rodoaed.ee\/fi\/wp-json\/wp\/v2\/media\/32500"}],"wp:attachment":[{"href":"https:\/\/rodoaed.ee\/fi\/wp-json\/wp\/v2\/media?parent=53350"}],"wp:term":[{"taxonomy":"product_brand","embeddable":true,"href":"https:\/\/rodoaed.ee\/fi\/wp-json\/wp\/v2\/product_brand?post=53350"},{"taxonomy":"product_cat","embeddable":true,"href":"https:\/\/rodoaed.ee\/fi\/wp-json\/wp\/v2\/product_cat?post=53350"},{"taxonomy":"product_tag","embeddable":true,"href":"https:\/\/rodoaed.ee\/fi\/wp-json\/wp\/v2\/product_tag?post=53350"}],"curies":[{"name":"wp","href":"https:\/\/api.w.org\/{rel}","templated":true}]}}