{"id":53351,"date":"2020-05-20T20:56:17","date_gmt":"2020-05-20T17:56:17","guid":{"rendered":"https:\/\/rodoaed.ee\/toode\/naamiointityokasineet-lapsille\/"},"modified":"2026-04-13T11:04:25","modified_gmt":"2026-04-13T08:04:25","slug":"naamiointityokasineet-lapsille","status":"publish","type":"product","link":"https:\/\/rodoaed.ee\/fi\/tuote\/naamiointityokasineet-lapsille\/","title":{"rendered":"Naamiointity\u00f6k\u00e4sineet lapsille"},"content":{"rendered":"<h2>Siistit naamiointipuutarhak\u00e4sineet lapsille<\/h2>\n<p>Lapset tarvitsevat mukavat ty\u00f6k\u00e4sineet, kun he tekev\u00e4t puutarhat\u00f6it\u00e4. Sanotaan siis n\u00e4in: jos haluat n\u00e4ytt\u00e4\u00e4 lapsillesi esimerkki\u00e4 puutarhanhoidossa, anna heille hienoja ty\u00f6kaluja. T\u00e4m\u00e4 on t\u00e4rke\u00e4\u00e4.  <\/p>\n<p>N\u00e4m\u00e4 ty\u00f6k\u00e4sineet suojaavat lapsesi k\u00e4si\u00e4 kaikenlaisen ty\u00f6n aikana. K\u00e4sineen kaulus on valmistettu joustavasta materiaalista, joka tarttuu k\u00e4siin ja pit\u00e4\u00e4 mullan ja roskat k\u00e4sineen ulkopuolella. K\u00e4sineiden k\u00e4mmeniss\u00e4 on mukavat kumityynyt, jotta k\u00e4sineet eiv\u00e4t ole liukkaat ty\u00f6kaluja pidelt\u00e4ess\u00e4. K\u00e4sineet n\u00e4ytt\u00e4v\u00e4t siistilt\u00e4 ja sopivat hyvin yhteen samantyylisen lasten puutarhaesiliinan ja pipon kanssa.   <\/p>\n<h2>T\u00e4rkeimm\u00e4t ominaisuudet :<\/h2>\n<ul>\n<li>Mitat L 1 x L 10,5 x K 19 cm.<\/li>\n<li>Paino: 37 g<\/li>\n<li>Materiaali: puuvilla, polyesteri, viskoosi, PVC.<\/li>\n<\/ul>\n<p>&nbsp;<\/p>\n<div id=\"article-specifications\" class=\"tab-links__content is-active col-md-6 mb-4\"><\/div>\n","protected":false},"excerpt":{"rendered":"<p>Siistit naamiointipuutarhak\u00e4sineet lapsille Lapset tarvitsevat mukavat ty\u00f6k\u00e4sineet, kun he tekev\u00e4t puutarhat\u00f6it\u00e4. Sanotaan siis n\u00e4in: jos haluat n\u00e4ytt\u00e4\u00e4 lapsillesi esimerkki\u00e4 puutarhanhoidossa, anna heille hienoja ty\u00f6kaluja. T\u00e4m\u00e4 on t\u00e4rke\u00e4\u00e4. N\u00e4m\u00e4 ty\u00f6k\u00e4sineet suojaavat lapsesi k\u00e4si\u00e4 kaikenlaisen ty\u00f6n aikana. K\u00e4sineen kaulus on valmistettu joustavasta materiaalista, joka tarttuu k\u00e4siin ja pit\u00e4\u00e4 mullan ja roskat k\u00e4sineen ulkopuolella. K\u00e4sineiden k\u00e4mmeniss\u00e4 on mukavat kumityynyt, jotta k\u00e4sineet eiv\u00e4t ole liukkaat ty\u00f6kaluja pidelt\u00e4ess\u00e4. K\u00e4sineet n\u00e4ytt\u00e4v\u00e4t&#8230;<\/p>\n","protected":false},"featured_media":32640,"template":"","meta":{"_acf_changed":false},"product_brand":[],"product_cat":[1783,1945],"product_tag":[],"class_list":{"0":"post-53351","1":"product","2":"type-product","3":"status-publish","4":"has-post-thumbnail","6":"product_cat-lahjat-lapsille-1-6-vuotta","7":"product_cat-tarvikkeet","8":"product_shipping_class-toimitus-1-3-tyopaivan-kuluessa","9":"pa_variatsioon-superseeder-kylvokone-21","11":"first","12":"instock","13":"sale","14":"taxable","15":"shipping-taxable","16":"purchasable","17":"product-type-simple"},"acf":[],"yoast_head":"<!-- This site is optimized with the Yoast SEO Premium plugin v27.3 (Yoast SEO v27.3) - https:\/\/yoast.com\/product\/yoast-seo-premium-wordpress\/ -->\n<title>Naamiointity\u00f6k\u00e4sineet lapsille - Rodoaed<\/title>\n<meta name=\"robots\" content=\"index, follow, max-snippet:-1, max-image-preview:large, max-video-preview:-1\" \/>\n<link rel=\"canonical\" href=\"https:\/\/rodoaed.ee\/fi\/toode\/naamiointityokasineet-lapsille\/\" \/>\n<meta property=\"og:locale\" content=\"fi_FI\" \/>\n<meta property=\"og:type\" content=\"article\" \/>\n<meta property=\"og:title\" content=\"Naamiointity\u00f6k\u00e4sineet lapsille\" \/>\n<meta property=\"og:description\" content=\"Siistit naamiointipuutarhak\u00e4sineet lapsille Lapset tarvitsevat mukavat ty\u00f6k\u00e4sineet, kun he tekev\u00e4t puutarhat\u00f6it\u00e4. Sanotaan siis n\u00e4in: jos haluat n\u00e4ytt\u00e4\u00e4\" \/>\n<meta property=\"og:url\" content=\"https:\/\/rodoaed.ee\/fi\/toode\/naamiointityokasineet-lapsille\/\" \/>\n<meta property=\"og:site_name\" content=\"Rodoaed\" \/>\n<meta property=\"article:publisher\" content=\"https:\/\/www.facebook.com\/kasvuhooned\/\" \/>\n<meta property=\"article:modified_time\" content=\"2026-04-13T08:04:25+00:00\" \/>\n<meta property=\"og:image\" content=\"https:\/\/rodoaed.ee\/wp-content\/uploads\/2020\/05\/laste-t\u00f6\u00f6kindad_KG171_01.png\" \/>\n\t<meta property=\"og:image:width\" content=\"1240\" \/>\n\t<meta property=\"og:image:height\" content=\"1240\" \/>\n\t<meta property=\"og:image:type\" content=\"image\/png\" \/>\n<meta name=\"twitter:card\" content=\"summary_large_image\" \/>\n<meta name=\"twitter:label1\" content=\"Arvioitu lukuaika\" \/>\n\t<meta name=\"twitter:data1\" content=\"1 minuutti\" \/>\n<script type=\"application\/ld+json\" class=\"yoast-schema-graph\">{\"@context\":\"https:\\\/\\\/schema.org\",\"@graph\":[{\"@type\":\"WebPage\",\"@id\":\"https:\\\/\\\/rodoaed.ee\\\/fi\\\/toode\\\/naamiointityokasineet-lapsille\\\/\",\"url\":\"https:\\\/\\\/rodoaed.ee\\\/fi\\\/toode\\\/naamiointityokasineet-lapsille\\\/\",\"name\":\"Naamiointity\u00f6k\u00e4sineet lapsille - Rodoaed\",\"isPartOf\":{\"@id\":\"https:\\\/\\\/rodoaed.ee\\\/#website\"},\"primaryImageOfPage\":{\"@id\":\"https:\\\/\\\/rodoaed.ee\\\/fi\\\/toode\\\/naamiointityokasineet-lapsille\\\/#primaryimage\"},\"image\":{\"@id\":\"https:\\\/\\\/rodoaed.ee\\\/fi\\\/toode\\\/naamiointityokasineet-lapsille\\\/#primaryimage\"},\"thumbnailUrl\":\"https:\\\/\\\/rodoaed.ee\\\/wp-content\\\/uploads\\\/2020\\\/05\\\/laste-t\u00f6\u00f6kindad_KG171_01.png\",\"datePublished\":\"2020-05-20T17:56:17+00:00\",\"dateModified\":\"2026-04-13T08:04:25+00:00\",\"breadcrumb\":{\"@id\":\"https:\\\/\\\/rodoaed.ee\\\/fi\\\/toode\\\/naamiointityokasineet-lapsille\\\/#breadcrumb\"},\"inLanguage\":\"fi\",\"potentialAction\":[{\"@type\":\"ReadAction\",\"target\":[\"https:\\\/\\\/rodoaed.ee\\\/fi\\\/toode\\\/naamiointityokasineet-lapsille\\\/\"]}]},{\"@type\":\"ImageObject\",\"inLanguage\":\"fi\",\"@id\":\"https:\\\/\\\/rodoaed.ee\\\/fi\\\/toode\\\/naamiointityokasineet-lapsille\\\/#primaryimage\",\"url\":\"https:\\\/\\\/rodoaed.ee\\\/wp-content\\\/uploads\\\/2020\\\/05\\\/laste-t\u00f6\u00f6kindad_KG171_01.png\",\"contentUrl\":\"https:\\\/\\\/rodoaed.ee\\\/wp-content\\\/uploads\\\/2020\\\/05\\\/laste-t\u00f6\u00f6kindad_KG171_01.png\",\"width\":1240,\"height\":1240},{\"@type\":\"BreadcrumbList\",\"@id\":\"https:\\\/\\\/rodoaed.ee\\\/fi\\\/toode\\\/naamiointityokasineet-lapsille\\\/#breadcrumb\",\"itemListElement\":[{\"@type\":\"ListItem\",\"position\":1,\"name\":\"Home\",\"item\":\"https:\\\/\\\/rodoaed.ee\\\/fi\\\/\"},{\"@type\":\"ListItem\",\"position\":2,\"name\":\"Osta osoitteessa\",\"item\":\"https:\\\/\\\/rodoaed.ee\\\/osta-osoitteessa\\\/\"},{\"@type\":\"ListItem\",\"position\":3,\"name\":\"Naamiointity\u00f6k\u00e4sineet lapsille\"}]},{\"@type\":\"WebSite\",\"@id\":\"https:\\\/\\\/rodoaed.ee\\\/#website\",\"url\":\"https:\\\/\\\/rodoaed.ee\\\/\",\"name\":\"Rodoaed\",\"description\":\"\",\"publisher\":{\"@id\":\"https:\\\/\\\/rodoaed.ee\\\/#organization\"},\"potentialAction\":[{\"@type\":\"SearchAction\",\"target\":{\"@type\":\"EntryPoint\",\"urlTemplate\":\"https:\\\/\\\/rodoaed.ee\\\/?s={search_term_string}\"},\"query-input\":{\"@type\":\"PropertyValueSpecification\",\"valueRequired\":true,\"valueName\":\"search_term_string\"}}],\"inLanguage\":\"fi\"},{\"@type\":\"Organization\",\"@id\":\"https:\\\/\\\/rodoaed.ee\\\/#organization\",\"name\":\"Rodoaed\",\"url\":\"https:\\\/\\\/rodoaed.ee\\\/\",\"logo\":{\"@type\":\"ImageObject\",\"inLanguage\":\"fi\",\"@id\":\"https:\\\/\\\/rodoaed.ee\\\/#\\\/schema\\\/logo\\\/image\\\/\",\"url\":\"https:\\\/\\\/rodoaed.ee\\\/wp-content\\\/uploads\\\/2019\\\/11\\\/rodoaed-logo-ilma-taustata.jpg\",\"contentUrl\":\"https:\\\/\\\/rodoaed.ee\\\/wp-content\\\/uploads\\\/2019\\\/11\\\/rodoaed-logo-ilma-taustata.jpg\",\"width\":769,\"height\":268,\"caption\":\"Rodoaed\"},\"image\":{\"@id\":\"https:\\\/\\\/rodoaed.ee\\\/#\\\/schema\\\/logo\\\/image\\\/\"},\"sameAs\":[\"https:\\\/\\\/www.facebook.com\\\/kasvuhooned\\\/\",\"https:\\\/\\\/rodoaed.ee\"]}]}<\/script>\n<!-- \/ Yoast SEO Premium plugin. -->","yoast_head_json":{"title":"Naamiointity\u00f6k\u00e4sineet lapsille - Rodoaed","robots":{"index":"index","follow":"follow","max-snippet":"max-snippet:-1","max-image-preview":"max-image-preview:large","max-video-preview":"max-video-preview:-1"},"canonical":"https:\/\/rodoaed.ee\/fi\/toode\/naamiointityokasineet-lapsille\/","og_locale":"fi_FI","og_type":"article","og_title":"Naamiointity\u00f6k\u00e4sineet lapsille","og_description":"Siistit naamiointipuutarhak\u00e4sineet lapsille Lapset tarvitsevat mukavat ty\u00f6k\u00e4sineet, kun he tekev\u00e4t puutarhat\u00f6it\u00e4. Sanotaan siis n\u00e4in: jos haluat n\u00e4ytt\u00e4\u00e4","og_url":"https:\/\/rodoaed.ee\/fi\/toode\/naamiointityokasineet-lapsille\/","og_site_name":"Rodoaed","article_publisher":"https:\/\/www.facebook.com\/kasvuhooned\/","article_modified_time":"2026-04-13T08:04:25+00:00","og_image":[{"width":1240,"height":1240,"url":"https:\/\/rodoaed.ee\/wp-content\/uploads\/2020\/05\/laste-t\u00f6\u00f6kindad_KG171_01.png","type":"image\/png"}],"twitter_card":"summary_large_image","twitter_misc":{"Arvioitu lukuaika":"1 minuutti"},"schema":{"@context":"https:\/\/schema.org","@graph":[{"@type":"WebPage","@id":"https:\/\/rodoaed.ee\/fi\/toode\/naamiointityokasineet-lapsille\/","url":"https:\/\/rodoaed.ee\/fi\/toode\/naamiointityokasineet-lapsille\/","name":"Naamiointity\u00f6k\u00e4sineet lapsille - Rodoaed","isPartOf":{"@id":"https:\/\/rodoaed.ee\/#website"},"primaryImageOfPage":{"@id":"https:\/\/rodoaed.ee\/fi\/toode\/naamiointityokasineet-lapsille\/#primaryimage"},"image":{"@id":"https:\/\/rodoaed.ee\/fi\/toode\/naamiointityokasineet-lapsille\/#primaryimage"},"thumbnailUrl":"https:\/\/rodoaed.ee\/wp-content\/uploads\/2020\/05\/laste-t\u00f6\u00f6kindad_KG171_01.png","datePublished":"2020-05-20T17:56:17+00:00","dateModified":"2026-04-13T08:04:25+00:00","breadcrumb":{"@id":"https:\/\/rodoaed.ee\/fi\/toode\/naamiointityokasineet-lapsille\/#breadcrumb"},"inLanguage":"fi","potentialAction":[{"@type":"ReadAction","target":["https:\/\/rodoaed.ee\/fi\/toode\/naamiointityokasineet-lapsille\/"]}]},{"@type":"ImageObject","inLanguage":"fi","@id":"https:\/\/rodoaed.ee\/fi\/toode\/naamiointityokasineet-lapsille\/#primaryimage","url":"https:\/\/rodoaed.ee\/wp-content\/uploads\/2020\/05\/laste-t\u00f6\u00f6kindad_KG171_01.png","contentUrl":"https:\/\/rodoaed.ee\/wp-content\/uploads\/2020\/05\/laste-t\u00f6\u00f6kindad_KG171_01.png","width":1240,"height":1240},{"@type":"BreadcrumbList","@id":"https:\/\/rodoaed.ee\/fi\/toode\/naamiointityokasineet-lapsille\/#breadcrumb","itemListElement":[{"@type":"ListItem","position":1,"name":"Home","item":"https:\/\/rodoaed.ee\/fi\/"},{"@type":"ListItem","position":2,"name":"Osta osoitteessa","item":"https:\/\/rodoaed.ee\/osta-osoitteessa\/"},{"@type":"ListItem","position":3,"name":"Naamiointity\u00f6k\u00e4sineet lapsille"}]},{"@type":"WebSite","@id":"https:\/\/rodoaed.ee\/#website","url":"https:\/\/rodoaed.ee\/","name":"Rodoaed","description":"","publisher":{"@id":"https:\/\/rodoaed.ee\/#organization"},"potentialAction":[{"@type":"SearchAction","target":{"@type":"EntryPoint","urlTemplate":"https:\/\/rodoaed.ee\/?s={search_term_string}"},"query-input":{"@type":"PropertyValueSpecification","valueRequired":true,"valueName":"search_term_string"}}],"inLanguage":"fi"},{"@type":"Organization","@id":"https:\/\/rodoaed.ee\/#organization","name":"Rodoaed","url":"https:\/\/rodoaed.ee\/","logo":{"@type":"ImageObject","inLanguage":"fi","@id":"https:\/\/rodoaed.ee\/#\/schema\/logo\/image\/","url":"https:\/\/rodoaed.ee\/wp-content\/uploads\/2019\/11\/rodoaed-logo-ilma-taustata.jpg","contentUrl":"https:\/\/rodoaed.ee\/wp-content\/uploads\/2019\/11\/rodoaed-logo-ilma-taustata.jpg","width":769,"height":268,"caption":"Rodoaed"},"image":{"@id":"https:\/\/rodoaed.ee\/#\/schema\/logo\/image\/"},"sameAs":["https:\/\/www.facebook.com\/kasvuhooned\/","https:\/\/rodoaed.ee"]}]}},"_links":{"self":[{"href":"https:\/\/rodoaed.ee\/fi\/wp-json\/wp\/v2\/product\/53351","targetHints":{"allow":["GET"]}}],"collection":[{"href":"https:\/\/rodoaed.ee\/fi\/wp-json\/wp\/v2\/product"}],"about":[{"href":"https:\/\/rodoaed.ee\/fi\/wp-json\/wp\/v2\/types\/product"}],"wp:featuredmedia":[{"embeddable":true,"href":"https:\/\/rodoaed.ee\/fi\/wp-json\/wp\/v2\/media\/32640"}],"wp:attachment":[{"href":"https:\/\/rodoaed.ee\/fi\/wp-json\/wp\/v2\/media?parent=53351"}],"wp:term":[{"taxonomy":"product_brand","embeddable":true,"href":"https:\/\/rodoaed.ee\/fi\/wp-json\/wp\/v2\/product_brand?post=53351"},{"taxonomy":"product_cat","embeddable":true,"href":"https:\/\/rodoaed.ee\/fi\/wp-json\/wp\/v2\/product_cat?post=53351"},{"taxonomy":"product_tag","embeddable":true,"href":"https:\/\/rodoaed.ee\/fi\/wp-json\/wp\/v2\/product_tag?post=53351"}],"curies":[{"name":"wp","href":"https:\/\/api.w.org\/{rel}","templated":true}]}}