{"id":53353,"date":"2020-05-20T21:11:41","date_gmt":"2020-05-20T18:11:41","guid":{"rendered":"https:\/\/rodoaed.ee\/toode\/lehtien-nostotassut\/"},"modified":"2026-04-13T11:04:25","modified_gmt":"2026-04-13T08:04:25","slug":"lehtien-nostotassut","status":"publish","type":"product","link":"https:\/\/rodoaed.ee\/fi\/tuote\/lehtien-nostotassut\/","title":{"rendered":"Lehtien nostotassut"},"content":{"rendered":"<h2>Mukavat tassut tai k\u00e4densijat kuivien lehtien, ruohon tai muiden puutarhaj\u00e4tteiden nostamiseen vaunuun.<\/h2>\n<p>T\u00e4ll\u00e4 n\u00e4pp\u00e4r\u00e4ll\u00e4 ty\u00f6kalulla voit nostaa lehtikasan nopeasti sinne, miss\u00e4 niit\u00e4 tarvitset. Joko k\u00e4rryyn tai nuotiolle. Se saattaa vaikuttaa pienelt\u00e4, mutta lehti\u00e4 sill\u00e4 voi nostaa melko paljon.  <\/p>\n<p>&nbsp;<\/p>\n<h2>T\u00e4rkeimm\u00e4t ominaisuudet :<\/h2>\n<ul>\n<li>Mitat: L 10,3 x L 14,5 x K 28,3 cm.<\/li>\n<li>Paino: 140 g<\/li>\n<li>Materiaali: PP<\/li>\n<\/ul>\n<p>&nbsp;<\/p>\n<div id=\"article-specifications\" class=\"tab-links__content is-active col-md-6 mb-4\"><\/div>\n","protected":false},"excerpt":{"rendered":"<p>Mukavat tassut tai k\u00e4densijat kuivien lehtien, ruohon tai muiden puutarhaj\u00e4tteiden nostamiseen vaunuun. T\u00e4ll\u00e4 n\u00e4pp\u00e4r\u00e4ll\u00e4 ty\u00f6kalulla voit nostaa lehtikasan nopeasti sinne, miss\u00e4 niit\u00e4 tarvitset. Joko k\u00e4rryyn tai nuotiolle. Se saattaa vaikuttaa pienelt\u00e4, mutta lehti\u00e4 sill\u00e4 voi nostaa melko paljon. &nbsp; T\u00e4rkeimm\u00e4t ominaisuudet : Mitat: L 10,3 x L 14,5 x K 28,3 cm. Paino: 140 g Materiaali: PP &nbsp;<\/p>\n","protected":false},"featured_media":32648,"template":"","meta":{"_acf_changed":false},"product_brand":[],"product_cat":[1771,1776,1772,1743],"product_tag":[],"class_list":{"0":"post-53353","1":"product","2":"type-product","3":"status-publish","4":"has-post-thumbnail","6":"product_cat-fiksuja-auttajia","7":"product_cat-hyodylliset-lisavarusteet","8":"product_cat-lahjat-puutarhurille","9":"product_cat-lisalahjat-lahjat","10":"product_shipping_class-toimitus-1-3-tyopaivan-kuluessa","11":"pa_variatsioon-superseeder-kylvokone-21","13":"first","14":"outofstock","15":"sale","16":"taxable","17":"shipping-taxable","18":"purchasable","19":"product-type-simple"},"acf":[],"yoast_head":"<!-- This site is optimized with the Yoast SEO Premium plugin v27.3 (Yoast SEO v27.3) - https:\/\/yoast.com\/product\/yoast-seo-premium-wordpress\/ -->\n<title>Lehtien nostotassut - Rodoaed<\/title>\n<meta name=\"robots\" content=\"index, follow, max-snippet:-1, max-image-preview:large, max-video-preview:-1\" \/>\n<link rel=\"canonical\" href=\"https:\/\/rodoaed.ee\/fi\/toode\/lehtien-nostotassut\/\" \/>\n<meta property=\"og:locale\" content=\"fi_FI\" \/>\n<meta property=\"og:type\" content=\"article\" \/>\n<meta property=\"og:title\" content=\"Lehtien nostotassut\" \/>\n<meta property=\"og:description\" content=\"Mukavat tassut tai k\u00e4densijat kuivien lehtien, ruohon tai muiden puutarhaj\u00e4tteiden nostamiseen vaunuun. T\u00e4ll\u00e4 n\u00e4pp\u00e4r\u00e4ll\u00e4 ty\u00f6kalulla voit nostaa lehtikasan\" \/>\n<meta property=\"og:url\" content=\"https:\/\/rodoaed.ee\/fi\/toode\/lehtien-nostotassut\/\" \/>\n<meta property=\"og:site_name\" content=\"Rodoaed\" \/>\n<meta property=\"article:publisher\" content=\"https:\/\/www.facebook.com\/kasvuhooned\/\" \/>\n<meta property=\"article:modified_time\" content=\"2026-04-13T08:04:25+00:00\" \/>\n<meta property=\"og:image\" content=\"https:\/\/rodoaed.ee\/wp-content\/uploads\/2020\/05\/Lehtede-t\u00f5stmise-k\u00e4pad_AW003_01.png\" \/>\n\t<meta property=\"og:image:width\" content=\"1240\" \/>\n\t<meta property=\"og:image:height\" content=\"1240\" \/>\n\t<meta property=\"og:image:type\" content=\"image\/png\" \/>\n<meta name=\"twitter:card\" content=\"summary_large_image\" \/>\n<script type=\"application\/ld+json\" class=\"yoast-schema-graph\">{\"@context\":\"https:\\\/\\\/schema.org\",\"@graph\":[{\"@type\":\"WebPage\",\"@id\":\"https:\\\/\\\/rodoaed.ee\\\/fi\\\/toode\\\/lehtien-nostotassut\\\/\",\"url\":\"https:\\\/\\\/rodoaed.ee\\\/fi\\\/toode\\\/lehtien-nostotassut\\\/\",\"name\":\"Lehtien nostotassut - Rodoaed\",\"isPartOf\":{\"@id\":\"https:\\\/\\\/rodoaed.ee\\\/#website\"},\"primaryImageOfPage\":{\"@id\":\"https:\\\/\\\/rodoaed.ee\\\/fi\\\/toode\\\/lehtien-nostotassut\\\/#primaryimage\"},\"image\":{\"@id\":\"https:\\\/\\\/rodoaed.ee\\\/fi\\\/toode\\\/lehtien-nostotassut\\\/#primaryimage\"},\"thumbnailUrl\":\"https:\\\/\\\/rodoaed.ee\\\/wp-content\\\/uploads\\\/2020\\\/05\\\/Lehtede-t\u00f5stmise-k\u00e4pad_AW003_01.png\",\"datePublished\":\"2020-05-20T18:11:41+00:00\",\"dateModified\":\"2026-04-13T08:04:25+00:00\",\"breadcrumb\":{\"@id\":\"https:\\\/\\\/rodoaed.ee\\\/fi\\\/toode\\\/lehtien-nostotassut\\\/#breadcrumb\"},\"inLanguage\":\"fi\",\"potentialAction\":[{\"@type\":\"ReadAction\",\"target\":[\"https:\\\/\\\/rodoaed.ee\\\/fi\\\/toode\\\/lehtien-nostotassut\\\/\"]}]},{\"@type\":\"ImageObject\",\"inLanguage\":\"fi\",\"@id\":\"https:\\\/\\\/rodoaed.ee\\\/fi\\\/toode\\\/lehtien-nostotassut\\\/#primaryimage\",\"url\":\"https:\\\/\\\/rodoaed.ee\\\/wp-content\\\/uploads\\\/2020\\\/05\\\/Lehtede-t\u00f5stmise-k\u00e4pad_AW003_01.png\",\"contentUrl\":\"https:\\\/\\\/rodoaed.ee\\\/wp-content\\\/uploads\\\/2020\\\/05\\\/Lehtede-t\u00f5stmise-k\u00e4pad_AW003_01.png\",\"width\":1240,\"height\":1240},{\"@type\":\"BreadcrumbList\",\"@id\":\"https:\\\/\\\/rodoaed.ee\\\/fi\\\/toode\\\/lehtien-nostotassut\\\/#breadcrumb\",\"itemListElement\":[{\"@type\":\"ListItem\",\"position\":1,\"name\":\"Home\",\"item\":\"https:\\\/\\\/rodoaed.ee\\\/fi\\\/\"},{\"@type\":\"ListItem\",\"position\":2,\"name\":\"Osta osoitteessa\",\"item\":\"https:\\\/\\\/rodoaed.ee\\\/osta-osoitteessa\\\/\"},{\"@type\":\"ListItem\",\"position\":3,\"name\":\"Lehtien nostotassut\"}]},{\"@type\":\"WebSite\",\"@id\":\"https:\\\/\\\/rodoaed.ee\\\/#website\",\"url\":\"https:\\\/\\\/rodoaed.ee\\\/\",\"name\":\"Rodoaed\",\"description\":\"\",\"publisher\":{\"@id\":\"https:\\\/\\\/rodoaed.ee\\\/#organization\"},\"potentialAction\":[{\"@type\":\"SearchAction\",\"target\":{\"@type\":\"EntryPoint\",\"urlTemplate\":\"https:\\\/\\\/rodoaed.ee\\\/?s={search_term_string}\"},\"query-input\":{\"@type\":\"PropertyValueSpecification\",\"valueRequired\":true,\"valueName\":\"search_term_string\"}}],\"inLanguage\":\"fi\"},{\"@type\":\"Organization\",\"@id\":\"https:\\\/\\\/rodoaed.ee\\\/#organization\",\"name\":\"Rodoaed\",\"url\":\"https:\\\/\\\/rodoaed.ee\\\/\",\"logo\":{\"@type\":\"ImageObject\",\"inLanguage\":\"fi\",\"@id\":\"https:\\\/\\\/rodoaed.ee\\\/#\\\/schema\\\/logo\\\/image\\\/\",\"url\":\"https:\\\/\\\/rodoaed.ee\\\/wp-content\\\/uploads\\\/2019\\\/11\\\/rodoaed-logo-ilma-taustata.jpg\",\"contentUrl\":\"https:\\\/\\\/rodoaed.ee\\\/wp-content\\\/uploads\\\/2019\\\/11\\\/rodoaed-logo-ilma-taustata.jpg\",\"width\":769,\"height\":268,\"caption\":\"Rodoaed\"},\"image\":{\"@id\":\"https:\\\/\\\/rodoaed.ee\\\/#\\\/schema\\\/logo\\\/image\\\/\"},\"sameAs\":[\"https:\\\/\\\/www.facebook.com\\\/kasvuhooned\\\/\",\"https:\\\/\\\/rodoaed.ee\"]}]}<\/script>\n<!-- \/ Yoast SEO Premium plugin. -->","yoast_head_json":{"title":"Lehtien nostotassut - Rodoaed","robots":{"index":"index","follow":"follow","max-snippet":"max-snippet:-1","max-image-preview":"max-image-preview:large","max-video-preview":"max-video-preview:-1"},"canonical":"https:\/\/rodoaed.ee\/fi\/toode\/lehtien-nostotassut\/","og_locale":"fi_FI","og_type":"article","og_title":"Lehtien nostotassut","og_description":"Mukavat tassut tai k\u00e4densijat kuivien lehtien, ruohon tai muiden puutarhaj\u00e4tteiden nostamiseen vaunuun. T\u00e4ll\u00e4 n\u00e4pp\u00e4r\u00e4ll\u00e4 ty\u00f6kalulla voit nostaa lehtikasan","og_url":"https:\/\/rodoaed.ee\/fi\/toode\/lehtien-nostotassut\/","og_site_name":"Rodoaed","article_publisher":"https:\/\/www.facebook.com\/kasvuhooned\/","article_modified_time":"2026-04-13T08:04:25+00:00","og_image":[{"width":1240,"height":1240,"url":"https:\/\/rodoaed.ee\/wp-content\/uploads\/2020\/05\/Lehtede-t\u00f5stmise-k\u00e4pad_AW003_01.png","type":"image\/png"}],"twitter_card":"summary_large_image","schema":{"@context":"https:\/\/schema.org","@graph":[{"@type":"WebPage","@id":"https:\/\/rodoaed.ee\/fi\/toode\/lehtien-nostotassut\/","url":"https:\/\/rodoaed.ee\/fi\/toode\/lehtien-nostotassut\/","name":"Lehtien nostotassut - Rodoaed","isPartOf":{"@id":"https:\/\/rodoaed.ee\/#website"},"primaryImageOfPage":{"@id":"https:\/\/rodoaed.ee\/fi\/toode\/lehtien-nostotassut\/#primaryimage"},"image":{"@id":"https:\/\/rodoaed.ee\/fi\/toode\/lehtien-nostotassut\/#primaryimage"},"thumbnailUrl":"https:\/\/rodoaed.ee\/wp-content\/uploads\/2020\/05\/Lehtede-t\u00f5stmise-k\u00e4pad_AW003_01.png","datePublished":"2020-05-20T18:11:41+00:00","dateModified":"2026-04-13T08:04:25+00:00","breadcrumb":{"@id":"https:\/\/rodoaed.ee\/fi\/toode\/lehtien-nostotassut\/#breadcrumb"},"inLanguage":"fi","potentialAction":[{"@type":"ReadAction","target":["https:\/\/rodoaed.ee\/fi\/toode\/lehtien-nostotassut\/"]}]},{"@type":"ImageObject","inLanguage":"fi","@id":"https:\/\/rodoaed.ee\/fi\/toode\/lehtien-nostotassut\/#primaryimage","url":"https:\/\/rodoaed.ee\/wp-content\/uploads\/2020\/05\/Lehtede-t\u00f5stmise-k\u00e4pad_AW003_01.png","contentUrl":"https:\/\/rodoaed.ee\/wp-content\/uploads\/2020\/05\/Lehtede-t\u00f5stmise-k\u00e4pad_AW003_01.png","width":1240,"height":1240},{"@type":"BreadcrumbList","@id":"https:\/\/rodoaed.ee\/fi\/toode\/lehtien-nostotassut\/#breadcrumb","itemListElement":[{"@type":"ListItem","position":1,"name":"Home","item":"https:\/\/rodoaed.ee\/fi\/"},{"@type":"ListItem","position":2,"name":"Osta osoitteessa","item":"https:\/\/rodoaed.ee\/osta-osoitteessa\/"},{"@type":"ListItem","position":3,"name":"Lehtien nostotassut"}]},{"@type":"WebSite","@id":"https:\/\/rodoaed.ee\/#website","url":"https:\/\/rodoaed.ee\/","name":"Rodoaed","description":"","publisher":{"@id":"https:\/\/rodoaed.ee\/#organization"},"potentialAction":[{"@type":"SearchAction","target":{"@type":"EntryPoint","urlTemplate":"https:\/\/rodoaed.ee\/?s={search_term_string}"},"query-input":{"@type":"PropertyValueSpecification","valueRequired":true,"valueName":"search_term_string"}}],"inLanguage":"fi"},{"@type":"Organization","@id":"https:\/\/rodoaed.ee\/#organization","name":"Rodoaed","url":"https:\/\/rodoaed.ee\/","logo":{"@type":"ImageObject","inLanguage":"fi","@id":"https:\/\/rodoaed.ee\/#\/schema\/logo\/image\/","url":"https:\/\/rodoaed.ee\/wp-content\/uploads\/2019\/11\/rodoaed-logo-ilma-taustata.jpg","contentUrl":"https:\/\/rodoaed.ee\/wp-content\/uploads\/2019\/11\/rodoaed-logo-ilma-taustata.jpg","width":769,"height":268,"caption":"Rodoaed"},"image":{"@id":"https:\/\/rodoaed.ee\/#\/schema\/logo\/image\/"},"sameAs":["https:\/\/www.facebook.com\/kasvuhooned\/","https:\/\/rodoaed.ee"]}]}},"_links":{"self":[{"href":"https:\/\/rodoaed.ee\/fi\/wp-json\/wp\/v2\/product\/53353","targetHints":{"allow":["GET"]}}],"collection":[{"href":"https:\/\/rodoaed.ee\/fi\/wp-json\/wp\/v2\/product"}],"about":[{"href":"https:\/\/rodoaed.ee\/fi\/wp-json\/wp\/v2\/types\/product"}],"wp:featuredmedia":[{"embeddable":true,"href":"https:\/\/rodoaed.ee\/fi\/wp-json\/wp\/v2\/media\/32648"}],"wp:attachment":[{"href":"https:\/\/rodoaed.ee\/fi\/wp-json\/wp\/v2\/media?parent=53353"}],"wp:term":[{"taxonomy":"product_brand","embeddable":true,"href":"https:\/\/rodoaed.ee\/fi\/wp-json\/wp\/v2\/product_brand?post=53353"},{"taxonomy":"product_cat","embeddable":true,"href":"https:\/\/rodoaed.ee\/fi\/wp-json\/wp\/v2\/product_cat?post=53353"},{"taxonomy":"product_tag","embeddable":true,"href":"https:\/\/rodoaed.ee\/fi\/wp-json\/wp\/v2\/product_tag?post=53353"}],"curies":[{"name":"wp","href":"https:\/\/api.w.org\/{rel}","templated":true}]}}