{"id":53355,"date":"2020-05-20T21:18:29","date_gmt":"2020-05-20T18:18:29","guid":{"rendered":"https:\/\/rodoaed.ee\/toode\/kukkaruukun-puhdistusharja\/"},"modified":"2026-04-13T11:04:26","modified_gmt":"2026-04-13T08:04:26","slug":"kukkaruukun-puhdistusharja","status":"publish","type":"product","link":"https:\/\/rodoaed.ee\/fi\/tuote\/kukkaruukun-puhdistusharja\/","title":{"rendered":"Kukkaruukun puhdistusharja"},"content":{"rendered":"<h2>K\u00e4tev\u00e4 puhdistusharja keskikokoisille kukkaruukuille<\/h2>\n<p>Se on eritt\u00e4in k\u00e4tev\u00e4 ty\u00f6kalu. Voin kertoa henkil\u00f6kohtaisesta kokemuksesta, ett\u00e4 olen puhdistanut kukkaruukkuja kaikenlaisilla esineill\u00e4 vuosien ajan ja rikkonut k\u00e4teni ja sormenp\u00e4\u00e4ni. T\u00e4m\u00e4 harja, jossa on kunnollinen tuhkakahva, istuu mukavasti k\u00e4teen ja ylt\u00e4\u00e4 ruukun reunojen ja reunojen taakse. Harjaan on kiinnitetty nahkainen ripustushihna. Hyv\u00e4 laittaa pois k\u00e4yt\u00f6n j\u00e4lkeen.    <\/p>\n<p>Tarvitset t\u00e4t\u00e4 ty\u00f6kalua v\u00e4hint\u00e4\u00e4n kaksi kertaa vuodessa &#8211; kev\u00e4\u00e4ll\u00e4 ennen esi- ja istutusta sek\u00e4 syksyll\u00e4, kun laitat ruukut talven ajaksi pois ja puhdistat vanhan mullan.<\/p>\n<p>&nbsp;<\/p>\n<h2>T\u00e4rkeimm\u00e4t ominaisuudet :<\/h2>\n<ul>\n<li>Mitat: L 11,4 x L 11,4 x K 29,2 cm.<\/li>\n<li>Paino: 140 g<\/li>\n<li>Materiaali: saarni, kookosp\u00e4hkin\u00e4, nahka.<\/li>\n<\/ul>\n<p>&nbsp;<\/p>\n<div id=\"article-specifications\" class=\"tab-links__content is-active col-md-6 mb-4\"><\/div>\n","protected":false},"excerpt":{"rendered":"<p>K\u00e4tev\u00e4 puhdistusharja keskikokoisille kukkaruukuille Se on eritt\u00e4in k\u00e4tev\u00e4 ty\u00f6kalu. Voin kertoa henkil\u00f6kohtaisesta kokemuksesta, ett\u00e4 olen puhdistanut kukkaruukkuja kaikenlaisilla esineill\u00e4 vuosien ajan ja rikkonut k\u00e4teni ja sormenp\u00e4\u00e4ni. T\u00e4m\u00e4 harja, jossa on kunnollinen tuhkakahva, istuu mukavasti k\u00e4teen ja ylt\u00e4\u00e4 ruukun reunojen ja reunojen taakse. Harjaan on kiinnitetty nahkainen ripustushihna. Hyv\u00e4 laittaa pois k\u00e4yt\u00f6n j\u00e4lkeen. Tarvitset t\u00e4t\u00e4 ty\u00f6kalua v\u00e4hint\u00e4\u00e4n kaksi kertaa vuodessa &#8211; kev\u00e4\u00e4ll\u00e4 ennen esi- ja istutusta&#8230;<\/p>\n","protected":false},"featured_media":32658,"template":"","meta":{"_acf_changed":false},"product_brand":[],"product_cat":[1771,1776,1772,1743],"product_tag":[],"class_list":{"0":"post-53355","1":"product","2":"type-product","3":"status-publish","4":"has-post-thumbnail","6":"product_cat-fiksuja-auttajia","7":"product_cat-hyodylliset-lisavarusteet","8":"product_cat-lahjat-puutarhurille","9":"product_cat-lisalahjat-lahjat","10":"product_shipping_class-toimitus-1-3-tyopaivan-kuluessa","11":"pa_variatsioon-superseeder-kylvokone-21","13":"first","14":"instock","15":"taxable","16":"shipping-taxable","17":"purchasable","18":"product-type-simple"},"acf":[],"yoast_head":"<!-- This site is optimized with the Yoast SEO Premium plugin v27.3 (Yoast SEO v27.3) - https:\/\/yoast.com\/product\/yoast-seo-premium-wordpress\/ -->\n<title>Kukkaruukun puhdistusharja - Rodoaed<\/title>\n<meta name=\"robots\" content=\"index, follow, max-snippet:-1, max-image-preview:large, max-video-preview:-1\" \/>\n<link rel=\"canonical\" href=\"https:\/\/rodoaed.ee\/fi\/toode\/kukkaruukun-puhdistusharja\/\" \/>\n<meta property=\"og:locale\" content=\"fi_FI\" \/>\n<meta property=\"og:type\" content=\"article\" \/>\n<meta property=\"og:title\" content=\"Kukkaruukun puhdistusharja\" \/>\n<meta property=\"og:description\" content=\"K\u00e4tev\u00e4 puhdistusharja keskikokoisille kukkaruukuille Se on eritt\u00e4in k\u00e4tev\u00e4 ty\u00f6kalu. Voin kertoa henkil\u00f6kohtaisesta kokemuksesta, ett\u00e4 olen puhdistanut\" \/>\n<meta property=\"og:url\" content=\"https:\/\/rodoaed.ee\/fi\/toode\/kukkaruukun-puhdistusharja\/\" \/>\n<meta property=\"og:site_name\" content=\"Rodoaed\" \/>\n<meta property=\"article:publisher\" content=\"https:\/\/www.facebook.com\/kasvuhooned\/\" \/>\n<meta property=\"article:modified_time\" content=\"2026-04-13T08:04:26+00:00\" \/>\n<meta property=\"og:image\" content=\"https:\/\/rodoaed.ee\/wp-content\/uploads\/2020\/05\/Lillepoti-hari_TG114_01.png\" \/>\n\t<meta property=\"og:image:width\" content=\"1240\" \/>\n\t<meta property=\"og:image:height\" content=\"1240\" \/>\n\t<meta property=\"og:image:type\" content=\"image\/png\" \/>\n<meta name=\"twitter:card\" content=\"summary_large_image\" \/>\n<meta name=\"twitter:label1\" content=\"Arvioitu lukuaika\" \/>\n\t<meta name=\"twitter:data1\" content=\"1 minuutti\" \/>\n<script type=\"application\/ld+json\" class=\"yoast-schema-graph\">{\"@context\":\"https:\\\/\\\/schema.org\",\"@graph\":[{\"@type\":\"WebPage\",\"@id\":\"https:\\\/\\\/rodoaed.ee\\\/fi\\\/toode\\\/kukkaruukun-puhdistusharja\\\/\",\"url\":\"https:\\\/\\\/rodoaed.ee\\\/fi\\\/toode\\\/kukkaruukun-puhdistusharja\\\/\",\"name\":\"Kukkaruukun puhdistusharja - Rodoaed\",\"isPartOf\":{\"@id\":\"https:\\\/\\\/rodoaed.ee\\\/#website\"},\"primaryImageOfPage\":{\"@id\":\"https:\\\/\\\/rodoaed.ee\\\/fi\\\/toode\\\/kukkaruukun-puhdistusharja\\\/#primaryimage\"},\"image\":{\"@id\":\"https:\\\/\\\/rodoaed.ee\\\/fi\\\/toode\\\/kukkaruukun-puhdistusharja\\\/#primaryimage\"},\"thumbnailUrl\":\"https:\\\/\\\/rodoaed.ee\\\/wp-content\\\/uploads\\\/2020\\\/05\\\/Lillepoti-hari_TG114_01.png\",\"datePublished\":\"2020-05-20T18:18:29+00:00\",\"dateModified\":\"2026-04-13T08:04:26+00:00\",\"breadcrumb\":{\"@id\":\"https:\\\/\\\/rodoaed.ee\\\/fi\\\/toode\\\/kukkaruukun-puhdistusharja\\\/#breadcrumb\"},\"inLanguage\":\"fi\",\"potentialAction\":[{\"@type\":\"ReadAction\",\"target\":[\"https:\\\/\\\/rodoaed.ee\\\/fi\\\/toode\\\/kukkaruukun-puhdistusharja\\\/\"]}]},{\"@type\":\"ImageObject\",\"inLanguage\":\"fi\",\"@id\":\"https:\\\/\\\/rodoaed.ee\\\/fi\\\/toode\\\/kukkaruukun-puhdistusharja\\\/#primaryimage\",\"url\":\"https:\\\/\\\/rodoaed.ee\\\/wp-content\\\/uploads\\\/2020\\\/05\\\/Lillepoti-hari_TG114_01.png\",\"contentUrl\":\"https:\\\/\\\/rodoaed.ee\\\/wp-content\\\/uploads\\\/2020\\\/05\\\/Lillepoti-hari_TG114_01.png\",\"width\":1240,\"height\":1240},{\"@type\":\"BreadcrumbList\",\"@id\":\"https:\\\/\\\/rodoaed.ee\\\/fi\\\/toode\\\/kukkaruukun-puhdistusharja\\\/#breadcrumb\",\"itemListElement\":[{\"@type\":\"ListItem\",\"position\":1,\"name\":\"Home\",\"item\":\"https:\\\/\\\/rodoaed.ee\\\/fi\\\/\"},{\"@type\":\"ListItem\",\"position\":2,\"name\":\"Osta osoitteessa\",\"item\":\"https:\\\/\\\/rodoaed.ee\\\/osta-osoitteessa\\\/\"},{\"@type\":\"ListItem\",\"position\":3,\"name\":\"Kukkaruukun puhdistusharja\"}]},{\"@type\":\"WebSite\",\"@id\":\"https:\\\/\\\/rodoaed.ee\\\/#website\",\"url\":\"https:\\\/\\\/rodoaed.ee\\\/\",\"name\":\"Rodoaed\",\"description\":\"\",\"publisher\":{\"@id\":\"https:\\\/\\\/rodoaed.ee\\\/#organization\"},\"potentialAction\":[{\"@type\":\"SearchAction\",\"target\":{\"@type\":\"EntryPoint\",\"urlTemplate\":\"https:\\\/\\\/rodoaed.ee\\\/?s={search_term_string}\"},\"query-input\":{\"@type\":\"PropertyValueSpecification\",\"valueRequired\":true,\"valueName\":\"search_term_string\"}}],\"inLanguage\":\"fi\"},{\"@type\":\"Organization\",\"@id\":\"https:\\\/\\\/rodoaed.ee\\\/#organization\",\"name\":\"Rodoaed\",\"url\":\"https:\\\/\\\/rodoaed.ee\\\/\",\"logo\":{\"@type\":\"ImageObject\",\"inLanguage\":\"fi\",\"@id\":\"https:\\\/\\\/rodoaed.ee\\\/#\\\/schema\\\/logo\\\/image\\\/\",\"url\":\"https:\\\/\\\/rodoaed.ee\\\/wp-content\\\/uploads\\\/2019\\\/11\\\/rodoaed-logo-ilma-taustata.jpg\",\"contentUrl\":\"https:\\\/\\\/rodoaed.ee\\\/wp-content\\\/uploads\\\/2019\\\/11\\\/rodoaed-logo-ilma-taustata.jpg\",\"width\":769,\"height\":268,\"caption\":\"Rodoaed\"},\"image\":{\"@id\":\"https:\\\/\\\/rodoaed.ee\\\/#\\\/schema\\\/logo\\\/image\\\/\"},\"sameAs\":[\"https:\\\/\\\/www.facebook.com\\\/kasvuhooned\\\/\",\"https:\\\/\\\/rodoaed.ee\"]}]}<\/script>\n<!-- \/ Yoast SEO Premium plugin. -->","yoast_head_json":{"title":"Kukkaruukun puhdistusharja - Rodoaed","robots":{"index":"index","follow":"follow","max-snippet":"max-snippet:-1","max-image-preview":"max-image-preview:large","max-video-preview":"max-video-preview:-1"},"canonical":"https:\/\/rodoaed.ee\/fi\/toode\/kukkaruukun-puhdistusharja\/","og_locale":"fi_FI","og_type":"article","og_title":"Kukkaruukun puhdistusharja","og_description":"K\u00e4tev\u00e4 puhdistusharja keskikokoisille kukkaruukuille Se on eritt\u00e4in k\u00e4tev\u00e4 ty\u00f6kalu. Voin kertoa henkil\u00f6kohtaisesta kokemuksesta, ett\u00e4 olen puhdistanut","og_url":"https:\/\/rodoaed.ee\/fi\/toode\/kukkaruukun-puhdistusharja\/","og_site_name":"Rodoaed","article_publisher":"https:\/\/www.facebook.com\/kasvuhooned\/","article_modified_time":"2026-04-13T08:04:26+00:00","og_image":[{"width":1240,"height":1240,"url":"https:\/\/rodoaed.ee\/wp-content\/uploads\/2020\/05\/Lillepoti-hari_TG114_01.png","type":"image\/png"}],"twitter_card":"summary_large_image","twitter_misc":{"Arvioitu lukuaika":"1 minuutti"},"schema":{"@context":"https:\/\/schema.org","@graph":[{"@type":"WebPage","@id":"https:\/\/rodoaed.ee\/fi\/toode\/kukkaruukun-puhdistusharja\/","url":"https:\/\/rodoaed.ee\/fi\/toode\/kukkaruukun-puhdistusharja\/","name":"Kukkaruukun puhdistusharja - Rodoaed","isPartOf":{"@id":"https:\/\/rodoaed.ee\/#website"},"primaryImageOfPage":{"@id":"https:\/\/rodoaed.ee\/fi\/toode\/kukkaruukun-puhdistusharja\/#primaryimage"},"image":{"@id":"https:\/\/rodoaed.ee\/fi\/toode\/kukkaruukun-puhdistusharja\/#primaryimage"},"thumbnailUrl":"https:\/\/rodoaed.ee\/wp-content\/uploads\/2020\/05\/Lillepoti-hari_TG114_01.png","datePublished":"2020-05-20T18:18:29+00:00","dateModified":"2026-04-13T08:04:26+00:00","breadcrumb":{"@id":"https:\/\/rodoaed.ee\/fi\/toode\/kukkaruukun-puhdistusharja\/#breadcrumb"},"inLanguage":"fi","potentialAction":[{"@type":"ReadAction","target":["https:\/\/rodoaed.ee\/fi\/toode\/kukkaruukun-puhdistusharja\/"]}]},{"@type":"ImageObject","inLanguage":"fi","@id":"https:\/\/rodoaed.ee\/fi\/toode\/kukkaruukun-puhdistusharja\/#primaryimage","url":"https:\/\/rodoaed.ee\/wp-content\/uploads\/2020\/05\/Lillepoti-hari_TG114_01.png","contentUrl":"https:\/\/rodoaed.ee\/wp-content\/uploads\/2020\/05\/Lillepoti-hari_TG114_01.png","width":1240,"height":1240},{"@type":"BreadcrumbList","@id":"https:\/\/rodoaed.ee\/fi\/toode\/kukkaruukun-puhdistusharja\/#breadcrumb","itemListElement":[{"@type":"ListItem","position":1,"name":"Home","item":"https:\/\/rodoaed.ee\/fi\/"},{"@type":"ListItem","position":2,"name":"Osta osoitteessa","item":"https:\/\/rodoaed.ee\/osta-osoitteessa\/"},{"@type":"ListItem","position":3,"name":"Kukkaruukun puhdistusharja"}]},{"@type":"WebSite","@id":"https:\/\/rodoaed.ee\/#website","url":"https:\/\/rodoaed.ee\/","name":"Rodoaed","description":"","publisher":{"@id":"https:\/\/rodoaed.ee\/#organization"},"potentialAction":[{"@type":"SearchAction","target":{"@type":"EntryPoint","urlTemplate":"https:\/\/rodoaed.ee\/?s={search_term_string}"},"query-input":{"@type":"PropertyValueSpecification","valueRequired":true,"valueName":"search_term_string"}}],"inLanguage":"fi"},{"@type":"Organization","@id":"https:\/\/rodoaed.ee\/#organization","name":"Rodoaed","url":"https:\/\/rodoaed.ee\/","logo":{"@type":"ImageObject","inLanguage":"fi","@id":"https:\/\/rodoaed.ee\/#\/schema\/logo\/image\/","url":"https:\/\/rodoaed.ee\/wp-content\/uploads\/2019\/11\/rodoaed-logo-ilma-taustata.jpg","contentUrl":"https:\/\/rodoaed.ee\/wp-content\/uploads\/2019\/11\/rodoaed-logo-ilma-taustata.jpg","width":769,"height":268,"caption":"Rodoaed"},"image":{"@id":"https:\/\/rodoaed.ee\/#\/schema\/logo\/image\/"},"sameAs":["https:\/\/www.facebook.com\/kasvuhooned\/","https:\/\/rodoaed.ee"]}]}},"_links":{"self":[{"href":"https:\/\/rodoaed.ee\/fi\/wp-json\/wp\/v2\/product\/53355","targetHints":{"allow":["GET"]}}],"collection":[{"href":"https:\/\/rodoaed.ee\/fi\/wp-json\/wp\/v2\/product"}],"about":[{"href":"https:\/\/rodoaed.ee\/fi\/wp-json\/wp\/v2\/types\/product"}],"wp:featuredmedia":[{"embeddable":true,"href":"https:\/\/rodoaed.ee\/fi\/wp-json\/wp\/v2\/media\/32658"}],"wp:attachment":[{"href":"https:\/\/rodoaed.ee\/fi\/wp-json\/wp\/v2\/media?parent=53355"}],"wp:term":[{"taxonomy":"product_brand","embeddable":true,"href":"https:\/\/rodoaed.ee\/fi\/wp-json\/wp\/v2\/product_brand?post=53355"},{"taxonomy":"product_cat","embeddable":true,"href":"https:\/\/rodoaed.ee\/fi\/wp-json\/wp\/v2\/product_cat?post=53355"},{"taxonomy":"product_tag","embeddable":true,"href":"https:\/\/rodoaed.ee\/fi\/wp-json\/wp\/v2\/product_tag?post=53355"}],"curies":[{"name":"wp","href":"https:\/\/api.w.org\/{rel}","templated":true}]}}