{"id":53356,"date":"2020-05-28T15:46:57","date_gmt":"2020-05-28T12:46:57","guid":{"rendered":"https:\/\/rodoaed.ee\/toode\/hyttysloukku-hyttysmagneetti-pioneer\/"},"modified":"2026-04-13T11:04:30","modified_gmt":"2026-04-13T08:04:30","slug":"hyttysloukku-hyttysmagneetti-pioneer","status":"publish","type":"product","link":"https:\/\/rodoaed.ee\/fi\/tuote\/hyttysloukku-hyttysmagneetti-pioneer\/","title":{"rendered":"Hyttysloukku Hyttysmagneetti Pioneer"},"content":{"rendered":"<h2>Mosquito Pioneer tarvitsee s\u00e4hk\u00f6\u00e4 toimiakseen &#8211; johto sein\u00e4\u00e4n. Executive-malli sen sijaan tuottaa s\u00e4hk\u00f6n itse. T\u00e4m\u00e4 on t\u00e4rkein ero n\u00e4iden kahden mallin v\u00e4lill\u00e4.  <\/h2>\n<p><strong>Miten valita n\u00e4iden kahden mallin v\u00e4lill\u00e4.<\/strong><\/p>\n<p><strong>Jos k\u00e4yt\u00e4t hyttysloukkua m\u00f6kill\u00e4 tai maalaistalossa, jossa pistorasia on kaukana, tai jos et yksinkertaisesti halua j\u00e4tt\u00e4\u00e4 jatkojohtoa roikkumaan, k\u00e4yt\u00e4 Executive-mallia. Se on t\u00e4ysin itsen\u00e4inen. <\/strong><\/p>\n<p><strong>Jos jatkojohdon k\u00e4ytt\u00e4minen ei ole hankalaa ja on ok, k\u00e4yt\u00e4 halvempaa Pioneer-mallia. Toimintaperiaate on sama. <\/strong><\/p>\n<p>&nbsp;<\/p>\n<p>4000m\u00b2 aktiivinen alue<\/p>\n<p>Virtal\u00e4hde tarvitaan &#8211; 15m 12V kaapeli mukana<\/p>\n<p>Verkkoon mahtuu 13 000-20 000 hyttyst\u00e4.<\/p>\n<p>Soveltuu kohtalaisen hyttysalttiille alueille.<\/p>\n<p>Lis\u00e4kustannukset &#8211; propaani, oktanoli, huoltopullo<\/p>\n<p>&nbsp;<\/p>\n<p>NB<em>Ei sis\u00e4lly: kaasupullo, oktenoli, puhdistuskasetit.<\/em><\/p>\n<p>Alkaa tarttua hyttysiin v\u00e4litt\u00f6m\u00e4sti. Parhaiden tulosten saavuttamiseksi ansa on asetettava heti ensimm\u00e4isten hyttysten ilmaantuessa, jotta v\u00e4ltet\u00e4\u00e4n populaation liikakasvu. Jos alueella on jo paljon hyttysi\u00e4, ansa tarvitsee muutaman viikon, ennen kuin se tuottaa havaittavia tuloksia. 24 p\u00e4iv\u00e4n kuluttua propaanipullo ja oktenolilokero on vaihdettava ja kaasusuutin on puhdistettava puhdistusmelalla. Pyydysverkko on tyhjennett\u00e4v\u00e4 hyttysist\u00e4, kun se on puoliksi t\u00e4ynn\u00e4. Verkko on tyhjennett\u00e4v\u00e4 riitt\u00e4v\u00e4n usein tukosten v\u00e4ltt\u00e4miseksi. Siksi t\u00e4m\u00e4 malli ei sovellu parhaiten kes\u00e4m\u00f6kille tai muihin paikkoihin, joissa se on ilman valvontaa useita p\u00e4ivi\u00e4. Ymp\u00e4rist\u00f6yst\u00e4v\u00e4llinen, koska siin\u00e4 ei k\u00e4ytet\u00e4 torjunta-aineita tai vaarallisia kemikaaleja. Turvallinen mehil\u00e4isille, perhosille, linnuille ja lemmikeille.        <\/p>\n","protected":false},"excerpt":{"rendered":"<p>Mosquito Pioneer tarvitsee s\u00e4hk\u00f6\u00e4 toimiakseen &#8211; johto sein\u00e4\u00e4n. Executive-malli sen sijaan tuottaa s\u00e4hk\u00f6n itse. T\u00e4m\u00e4 on t\u00e4rkein ero n\u00e4iden kahden mallin v\u00e4lill\u00e4. Miten valita n\u00e4iden kahden mallin v\u00e4lill\u00e4. Jos k\u00e4yt\u00e4t hyttysloukkua m\u00f6kill\u00e4 tai maalaistalossa, jossa pistorasia on kaukana, tai jos et yksinkertaisesti halua j\u00e4tt\u00e4\u00e4 jatkojohtoa roikkumaan, k\u00e4yt\u00e4 Executive-mallia. Se on t\u00e4ysin itsen\u00e4inen. Jos jatkojohdon k\u00e4ytt\u00e4minen ei ole hankalaa ja on ok, k\u00e4yt\u00e4 halvempaa Pioneer-mallia. Toimintaperiaate&#8230;<\/p>\n","protected":false},"featured_media":32809,"template":"","meta":{"_acf_changed":false},"product_brand":[],"product_cat":[2233],"product_tag":[],"class_list":{"0":"post-53356","1":"product","2":"type-product","3":"status-publish","4":"has-post-thumbnail","6":"product_cat-hyttyssiepparit-ja-hyttyssiepparit","7":"product_shipping_class-kuljetus-ainoastaan-kuriiripalvelun-valityksella","8":"pa_variatsioon-mosquito-magnet-pioneer-2019-tana-vuonna-loppu","10":"first","11":"instock","12":"taxable","13":"shipping-taxable","14":"purchasable","15":"product-type-simple"},"acf":[],"yoast_head":"<!-- This site is optimized with the Yoast SEO Premium plugin v27.3 (Yoast SEO v27.3) - https:\/\/yoast.com\/product\/yoast-seo-premium-wordpress\/ -->\n<title>Hyttysloukku Hyttysmagneetti Pioneer - Rodoaed<\/title>\n<meta name=\"robots\" content=\"index, follow, max-snippet:-1, max-image-preview:large, max-video-preview:-1\" \/>\n<link rel=\"canonical\" href=\"https:\/\/rodoaed.ee\/toode\/hyttysloukku-hyttysmagneetti-pioneer\/\" \/>\n<meta property=\"og:locale\" content=\"fi_FI\" \/>\n<meta property=\"og:type\" content=\"article\" \/>\n<meta property=\"og:title\" content=\"Hyttysloukku Hyttysmagneetti Pioneer\" \/>\n<meta property=\"og:description\" content=\"Mosquito Pioneer tarvitsee s\u00e4hk\u00f6\u00e4 toimiakseen - johto sein\u00e4\u00e4n. Executive-malli sen sijaan tuottaa s\u00e4hk\u00f6n itse. T\u00e4m\u00e4 on t\u00e4rkein ero n\u00e4iden kahden mallin\" \/>\n<meta property=\"og:url\" content=\"https:\/\/rodoaed.ee\/toode\/hyttysloukku-hyttysmagneetti-pioneer\/\" \/>\n<meta property=\"og:site_name\" content=\"Rodoaed\" \/>\n<meta property=\"article:publisher\" content=\"https:\/\/www.facebook.com\/kasvuhooned\/\" \/>\n<meta property=\"article:modified_time\" content=\"2026-04-13T08:04:30+00:00\" \/>\n<meta name=\"twitter:card\" content=\"summary_large_image\" \/>\n<meta name=\"twitter:label1\" content=\"Arvioitu lukuaika\" \/>\n\t<meta name=\"twitter:data1\" content=\"1 minuutti\" \/>\n<script type=\"application\/ld+json\" class=\"yoast-schema-graph\">{\"@context\":\"https:\\\/\\\/schema.org\",\"@graph\":[{\"@type\":\"WebPage\",\"@id\":\"https:\\\/\\\/rodoaed.ee\\\/toode\\\/hyttysloukku-hyttysmagneetti-pioneer\\\/\",\"url\":\"https:\\\/\\\/rodoaed.ee\\\/toode\\\/hyttysloukku-hyttysmagneetti-pioneer\\\/\",\"name\":\"Hyttysloukku Hyttysmagneetti Pioneer - Rodoaed\",\"isPartOf\":{\"@id\":\"https:\\\/\\\/rodoaed.ee\\\/#website\"},\"primaryImageOfPage\":{\"@id\":\"https:\\\/\\\/rodoaed.ee\\\/toode\\\/hyttysloukku-hyttysmagneetti-pioneer\\\/#primaryimage\"},\"image\":{\"@id\":\"https:\\\/\\\/rodoaed.ee\\\/toode\\\/hyttysloukku-hyttysmagneetti-pioneer\\\/#primaryimage\"},\"thumbnailUrl\":\"https:\\\/\\\/rodoaed.ee\\\/wp-content\\\/uploads\\\/2020\\\/05\\\/S\u00e4\u00e4sep\u00fc\u00fcdja_Mosquito-Magnet-Pioneer_MM4200_2.jpg\",\"datePublished\":\"2020-05-28T12:46:57+00:00\",\"dateModified\":\"2026-04-13T08:04:30+00:00\",\"breadcrumb\":{\"@id\":\"https:\\\/\\\/rodoaed.ee\\\/toode\\\/hyttysloukku-hyttysmagneetti-pioneer\\\/#breadcrumb\"},\"inLanguage\":\"fi\",\"potentialAction\":[{\"@type\":\"ReadAction\",\"target\":[\"https:\\\/\\\/rodoaed.ee\\\/toode\\\/hyttysloukku-hyttysmagneetti-pioneer\\\/\"]}]},{\"@type\":\"ImageObject\",\"inLanguage\":\"fi\",\"@id\":\"https:\\\/\\\/rodoaed.ee\\\/toode\\\/hyttysloukku-hyttysmagneetti-pioneer\\\/#primaryimage\",\"url\":\"https:\\\/\\\/rodoaed.ee\\\/wp-content\\\/uploads\\\/2020\\\/05\\\/S\u00e4\u00e4sep\u00fc\u00fcdja_Mosquito-Magnet-Pioneer_MM4200_2.jpg\",\"contentUrl\":\"https:\\\/\\\/rodoaed.ee\\\/wp-content\\\/uploads\\\/2020\\\/05\\\/S\u00e4\u00e4sep\u00fc\u00fcdja_Mosquito-Magnet-Pioneer_MM4200_2.jpg\",\"width\":800,\"height\":800,\"caption\":\"gnatcatcher\"},{\"@type\":\"BreadcrumbList\",\"@id\":\"https:\\\/\\\/rodoaed.ee\\\/toode\\\/hyttysloukku-hyttysmagneetti-pioneer\\\/#breadcrumb\",\"itemListElement\":[{\"@type\":\"ListItem\",\"position\":1,\"name\":\"Home\",\"item\":\"https:\\\/\\\/rodoaed.ee\\\/fi\\\/\"},{\"@type\":\"ListItem\",\"position\":2,\"name\":\"Osta osoitteessa\",\"item\":\"https:\\\/\\\/rodoaed.ee\\\/osta-osoitteessa\\\/\"},{\"@type\":\"ListItem\",\"position\":3,\"name\":\"Hyttysloukku Hyttysmagneetti Pioneer\"}]},{\"@type\":\"WebSite\",\"@id\":\"https:\\\/\\\/rodoaed.ee\\\/#website\",\"url\":\"https:\\\/\\\/rodoaed.ee\\\/\",\"name\":\"Rodoaed\",\"description\":\"\",\"publisher\":{\"@id\":\"https:\\\/\\\/rodoaed.ee\\\/#organization\"},\"potentialAction\":[{\"@type\":\"SearchAction\",\"target\":{\"@type\":\"EntryPoint\",\"urlTemplate\":\"https:\\\/\\\/rodoaed.ee\\\/?s={search_term_string}\"},\"query-input\":{\"@type\":\"PropertyValueSpecification\",\"valueRequired\":true,\"valueName\":\"search_term_string\"}}],\"inLanguage\":\"fi\"},{\"@type\":\"Organization\",\"@id\":\"https:\\\/\\\/rodoaed.ee\\\/#organization\",\"name\":\"Rodoaed\",\"url\":\"https:\\\/\\\/rodoaed.ee\\\/\",\"logo\":{\"@type\":\"ImageObject\",\"inLanguage\":\"fi\",\"@id\":\"https:\\\/\\\/rodoaed.ee\\\/#\\\/schema\\\/logo\\\/image\\\/\",\"url\":\"https:\\\/\\\/rodoaed.ee\\\/wp-content\\\/uploads\\\/2019\\\/11\\\/rodoaed-logo-ilma-taustata.jpg\",\"contentUrl\":\"https:\\\/\\\/rodoaed.ee\\\/wp-content\\\/uploads\\\/2019\\\/11\\\/rodoaed-logo-ilma-taustata.jpg\",\"width\":769,\"height\":268,\"caption\":\"Rodoaed\"},\"image\":{\"@id\":\"https:\\\/\\\/rodoaed.ee\\\/#\\\/schema\\\/logo\\\/image\\\/\"},\"sameAs\":[\"https:\\\/\\\/www.facebook.com\\\/kasvuhooned\\\/\",\"https:\\\/\\\/rodoaed.ee\"]}]}<\/script>\n<!-- \/ Yoast SEO Premium plugin. -->","yoast_head_json":{"title":"Hyttysloukku Hyttysmagneetti Pioneer - Rodoaed","robots":{"index":"index","follow":"follow","max-snippet":"max-snippet:-1","max-image-preview":"max-image-preview:large","max-video-preview":"max-video-preview:-1"},"canonical":"https:\/\/rodoaed.ee\/toode\/hyttysloukku-hyttysmagneetti-pioneer\/","og_locale":"fi_FI","og_type":"article","og_title":"Hyttysloukku Hyttysmagneetti Pioneer","og_description":"Mosquito Pioneer tarvitsee s\u00e4hk\u00f6\u00e4 toimiakseen - johto sein\u00e4\u00e4n. Executive-malli sen sijaan tuottaa s\u00e4hk\u00f6n itse. T\u00e4m\u00e4 on t\u00e4rkein ero n\u00e4iden kahden mallin","og_url":"https:\/\/rodoaed.ee\/toode\/hyttysloukku-hyttysmagneetti-pioneer\/","og_site_name":"Rodoaed","article_publisher":"https:\/\/www.facebook.com\/kasvuhooned\/","article_modified_time":"2026-04-13T08:04:30+00:00","twitter_card":"summary_large_image","twitter_misc":{"Arvioitu lukuaika":"1 minuutti"},"schema":{"@context":"https:\/\/schema.org","@graph":[{"@type":"WebPage","@id":"https:\/\/rodoaed.ee\/toode\/hyttysloukku-hyttysmagneetti-pioneer\/","url":"https:\/\/rodoaed.ee\/toode\/hyttysloukku-hyttysmagneetti-pioneer\/","name":"Hyttysloukku Hyttysmagneetti Pioneer - Rodoaed","isPartOf":{"@id":"https:\/\/rodoaed.ee\/#website"},"primaryImageOfPage":{"@id":"https:\/\/rodoaed.ee\/toode\/hyttysloukku-hyttysmagneetti-pioneer\/#primaryimage"},"image":{"@id":"https:\/\/rodoaed.ee\/toode\/hyttysloukku-hyttysmagneetti-pioneer\/#primaryimage"},"thumbnailUrl":"https:\/\/rodoaed.ee\/wp-content\/uploads\/2020\/05\/S\u00e4\u00e4sep\u00fc\u00fcdja_Mosquito-Magnet-Pioneer_MM4200_2.jpg","datePublished":"2020-05-28T12:46:57+00:00","dateModified":"2026-04-13T08:04:30+00:00","breadcrumb":{"@id":"https:\/\/rodoaed.ee\/toode\/hyttysloukku-hyttysmagneetti-pioneer\/#breadcrumb"},"inLanguage":"fi","potentialAction":[{"@type":"ReadAction","target":["https:\/\/rodoaed.ee\/toode\/hyttysloukku-hyttysmagneetti-pioneer\/"]}]},{"@type":"ImageObject","inLanguage":"fi","@id":"https:\/\/rodoaed.ee\/toode\/hyttysloukku-hyttysmagneetti-pioneer\/#primaryimage","url":"https:\/\/rodoaed.ee\/wp-content\/uploads\/2020\/05\/S\u00e4\u00e4sep\u00fc\u00fcdja_Mosquito-Magnet-Pioneer_MM4200_2.jpg","contentUrl":"https:\/\/rodoaed.ee\/wp-content\/uploads\/2020\/05\/S\u00e4\u00e4sep\u00fc\u00fcdja_Mosquito-Magnet-Pioneer_MM4200_2.jpg","width":800,"height":800,"caption":"gnatcatcher"},{"@type":"BreadcrumbList","@id":"https:\/\/rodoaed.ee\/toode\/hyttysloukku-hyttysmagneetti-pioneer\/#breadcrumb","itemListElement":[{"@type":"ListItem","position":1,"name":"Home","item":"https:\/\/rodoaed.ee\/fi\/"},{"@type":"ListItem","position":2,"name":"Osta osoitteessa","item":"https:\/\/rodoaed.ee\/osta-osoitteessa\/"},{"@type":"ListItem","position":3,"name":"Hyttysloukku Hyttysmagneetti Pioneer"}]},{"@type":"WebSite","@id":"https:\/\/rodoaed.ee\/#website","url":"https:\/\/rodoaed.ee\/","name":"Rodoaed","description":"","publisher":{"@id":"https:\/\/rodoaed.ee\/#organization"},"potentialAction":[{"@type":"SearchAction","target":{"@type":"EntryPoint","urlTemplate":"https:\/\/rodoaed.ee\/?s={search_term_string}"},"query-input":{"@type":"PropertyValueSpecification","valueRequired":true,"valueName":"search_term_string"}}],"inLanguage":"fi"},{"@type":"Organization","@id":"https:\/\/rodoaed.ee\/#organization","name":"Rodoaed","url":"https:\/\/rodoaed.ee\/","logo":{"@type":"ImageObject","inLanguage":"fi","@id":"https:\/\/rodoaed.ee\/#\/schema\/logo\/image\/","url":"https:\/\/rodoaed.ee\/wp-content\/uploads\/2019\/11\/rodoaed-logo-ilma-taustata.jpg","contentUrl":"https:\/\/rodoaed.ee\/wp-content\/uploads\/2019\/11\/rodoaed-logo-ilma-taustata.jpg","width":769,"height":268,"caption":"Rodoaed"},"image":{"@id":"https:\/\/rodoaed.ee\/#\/schema\/logo\/image\/"},"sameAs":["https:\/\/www.facebook.com\/kasvuhooned\/","https:\/\/rodoaed.ee"]}]}},"_links":{"self":[{"href":"https:\/\/rodoaed.ee\/fi\/wp-json\/wp\/v2\/product\/53356","targetHints":{"allow":["GET"]}}],"collection":[{"href":"https:\/\/rodoaed.ee\/fi\/wp-json\/wp\/v2\/product"}],"about":[{"href":"https:\/\/rodoaed.ee\/fi\/wp-json\/wp\/v2\/types\/product"}],"wp:featuredmedia":[{"embeddable":true,"href":"https:\/\/rodoaed.ee\/fi\/wp-json\/wp\/v2\/media\/32809"}],"wp:attachment":[{"href":"https:\/\/rodoaed.ee\/fi\/wp-json\/wp\/v2\/media?parent=53356"}],"wp:term":[{"taxonomy":"product_brand","embeddable":true,"href":"https:\/\/rodoaed.ee\/fi\/wp-json\/wp\/v2\/product_brand?post=53356"},{"taxonomy":"product_cat","embeddable":true,"href":"https:\/\/rodoaed.ee\/fi\/wp-json\/wp\/v2\/product_cat?post=53356"},{"taxonomy":"product_tag","embeddable":true,"href":"https:\/\/rodoaed.ee\/fi\/wp-json\/wp\/v2\/product_tag?post=53356"}],"curies":[{"name":"wp","href":"https:\/\/api.w.org\/{rel}","templated":true}]}}