{"id":53357,"date":"2020-07-31T15:29:38","date_gmt":"2020-07-31T12:29:38","guid":{"rendered":"https:\/\/rodoaed.ee\/toode\/lasipullon-tyhjioventtiili-tyhjiopakkaajalle-takaje-red\/"},"modified":"2026-04-13T11:04:31","modified_gmt":"2026-04-13T08:04:31","slug":"lasipullon-tyhjioventtiili-tyhjiopakkaajalle-takaje-red","status":"publish","type":"product","link":"https:\/\/rodoaed.ee\/fi\/tuote\/lasipullon-tyhjioventtiili-tyhjiopakkaajalle-takaje-red\/","title":{"rendered":"Lasipullon tyhji\u00f6venttiili tyhji\u00f6pakkaajalle Takaje red"},"content":{"rendered":"<h2>Erityisesti lasipulloille suunnitellut tyhji\u00f6sulkimet. K\u00e4ytett\u00e4v\u00e4ksi Takaje-tyhji\u00f6pumpun tai Takaje-tyhji\u00f6k\u00e4sipumpun kanssa. <\/h2>\n<h2>1 tiiviste per pakkaus<\/h2>\n<p><strong>Sopii mihin tahansa vakiokauluksiseen lasipulloon. Voidaan tyhji\u00f6sulkea joko suurella tyhji\u00f6pumpulla tai pienell\u00e4 k\u00e4sipumpulla. <\/strong><\/p>\n<p>Takaje-tyhji\u00f6pumppu on maailmassa ainutlaatuinen ja patentoitu j\u00e4rjestelm\u00e4, jonka avulla voidaan luoda tyhji\u00f6 mihin tahansa lasiastiaan, olipa kyseess\u00e4 uusi tai k\u00e4ytetty, mik\u00e4 edist\u00e4\u00e4 elintarvikkeiden s\u00e4ilymist\u00e4. Sen ansiosta kaikkia lasipurkkeja ja metallikansilla varustettuja pulloja voidaan k\u00e4ytt\u00e4\u00e4 uudelleen maksutta. Laita vain haluttu neste, mehu tms. pulloon, sulje se tyhji\u00f6j\u00e4rjestelm\u00e4ll\u00e4 ja s\u00e4ilyt\u00e4 hyllyss\u00e4.  <\/p>\n<p>Tyhji\u00f6pakkaus pident\u00e4\u00e4 elintarvikkeiden s\u00e4ilyvyytt\u00e4 3-5 kertaa riippumatta siit\u00e4, ovatko ne muovi- vai lasiastioissa. Takaje-tyhji\u00f6pumpun mukana toimitetaan jo valmiiksi 2 purkin tiivistetiivistett\u00e4. Saatavana on my\u00f6s muita 5-pakkauksia.  <\/p>\n<p>HUOMAUTUS Voit k\u00e4ytt\u00e4\u00e4 pullon sinetti\u00e4 monta kertaa uudelleen. Kun olet tyhjent\u00e4nyt t\u00f6lkin etk\u00e4 en\u00e4\u00e4 tarvitse sinetti\u00e4, irrota sinetti ja k\u00e4yt\u00e4 sit\u00e4 uudelleen. <\/p>\n<h2>Tyhji\u00f6pakkaaminen Tre Spade Takaje -tyhji\u00f6pumpulla<\/h2>\n<p>Tyhji\u00f6pakkaaminen antaa sinulle mahdollisuuden pident\u00e4\u00e4 tuoreiden elintarvikkeiden s\u00e4ilyvyytt\u00e4 jopa kolme kertaa. S\u00e4\u00e4st\u00e4t my\u00f6s rahaa ruoassa, koska et tuhlaa en\u00e4\u00e4 yht\u00e4\u00e4n ruokaa. Pakastettujen elintarvikkeiden kanssa voit esimerkiksi s\u00e4ilytt\u00e4\u00e4 pakastettua lihaa jopa 3 vuotta kuluttamatta energiaa j\u00e4\u00e4kaapissa.  <\/p>\n<p>Takajen tyhji\u00f6pakkausj\u00e4rjestelm\u00e4 mahdollistaa monenlaisten elintarvikkeiden s\u00e4ilytt\u00e4misen tyhji\u00f6pusseissa sek\u00e4 uudelleenk\u00e4ytett\u00e4viss\u00e4 lasiastioissa, kuten pulloissa ja purkeissa. Teknologia, jossa lasitavaroita k\u00e4ytet\u00e4\u00e4n tyhji\u00f6pakkauksina, on ainutlaatuinen Tre Spaden keksint\u00f6. <\/p>\n<p>Ihmiset ovat aikojen alusta l\u00e4htien etsineet tapoja s\u00e4ilytt\u00e4\u00e4 ruokaa selviyty\u00e4kseen. On k\u00e4ytetty suolaamista ja pakastamista ja nyt tyhji\u00f6pakkaamista. Tyhji\u00f6pakkaaminen tuo s\u00e4il\u00f6nt\u00e4\u00e4n uuden ulottuvuuden, sill\u00e4 se s\u00e4\u00e4st\u00e4\u00e4 valtavia rahasummia hy\u00f6dynt\u00e4m\u00e4ll\u00e4 elintarvikkeita paremmin. Ruokaa menee v\u00e4hemm\u00e4n hukkaan. Samalla voit s\u00e4ilytt\u00e4\u00e4 enemm\u00e4n ruokaa pienemmiss\u00e4 annoksissa ja sy\u00f6d\u00e4 sen aina tuoreena.    <\/p>\n<p><strong>Tre Spade -ruokakuivaimet ovat Euroopan suosituimpia ja luotettavimpia ruokakuivaimia. Tre Spade Takaje -tyhji\u00f6pakkauslaitteet puolestaan voittivat hiljattain Euroopan parhaan muotoilupalkinnon 2014. <\/strong><\/p>\n<p><a href=\"https:\/\/rodoaed.ee\/fi\/tootekategooria\/keittiolaitteet\/tyhjiopakkaajat\/\">Takaje-tyhji\u00f6pakkauslaitteet<\/a><\/p>\n","protected":false},"excerpt":{"rendered":"<p>Erityisesti lasipulloille suunnitellut tyhji\u00f6sulkimet. K\u00e4ytett\u00e4v\u00e4ksi Takaje-tyhji\u00f6pumpun tai Takaje-tyhji\u00f6k\u00e4sipumpun kanssa. 1 tiiviste per pakkaus Sopii mihin tahansa vakiokauluksiseen lasipulloon. Voidaan tyhji\u00f6sulkea joko suurella tyhji\u00f6pumpulla tai pienell\u00e4 k\u00e4sipumpulla. Takaje-tyhji\u00f6pumppu on maailmassa ainutlaatuinen ja patentoitu j\u00e4rjestelm\u00e4, jonka avulla voidaan luoda tyhji\u00f6 mihin tahansa lasiastiaan, olipa kyseess\u00e4 uusi tai k\u00e4ytetty, mik\u00e4 edist\u00e4\u00e4 elintarvikkeiden s\u00e4ilymist\u00e4. Sen ansiosta kaikkia lasipurkkeja ja metallikansilla varustettuja pulloja voidaan k\u00e4ytt\u00e4\u00e4 uudelleen maksutta. Laita vain haluttu&#8230;<\/p>\n","protected":false},"featured_media":18056,"template":"","meta":{"_acf_changed":false},"product_brand":[],"product_cat":[1743,1745,2232],"product_tag":[],"class_list":{"0":"post-53357","1":"product","2":"type-product","3":"status-publish","4":"has-post-thumbnail","6":"product_cat-lisalahjat-lahjat","7":"product_cat-suuri-varaston-tyhjennysmyynti","8":"product_cat-tyhjiopakkaajat","9":"product_shipping_class-toimitus-1-3-tyopaivan-kuluessa","10":"pa_variatsioon-20-tyhjioventtiilit-lasipulloon-5kpl","12":"first","13":"instock","14":"sale","15":"taxable","16":"shipping-taxable","17":"purchasable","18":"product-type-simple"},"acf":[],"yoast_head":"<!-- This site is optimized with the Yoast SEO Premium plugin v27.5 (Yoast SEO v27.5) - https:\/\/yoast.com\/product\/yoast-seo-premium-wordpress\/ -->\n<title>Lasipullon tyhji\u00f6venttiili tyhji\u00f6pakkaajalle Takaje red - Rodoaed<\/title>\n<meta name=\"robots\" content=\"index, follow, max-snippet:-1, max-image-preview:large, max-video-preview:-1\" \/>\n<link rel=\"canonical\" href=\"https:\/\/rodoaed.ee\/fi\/toode\/lasipullon-tyhjioventtiili-tyhjiopakkaajalle-takaje-red\/\" \/>\n<meta property=\"og:locale\" content=\"fi_FI\" \/>\n<meta property=\"og:type\" content=\"article\" \/>\n<meta property=\"og:title\" content=\"Lasipullon tyhji\u00f6venttiili tyhji\u00f6pakkaajalle Takaje red\" \/>\n<meta property=\"og:description\" content=\"Erityisesti lasipulloille suunnitellut tyhji\u00f6sulkimet. K\u00e4ytett\u00e4v\u00e4ksi Takaje-tyhji\u00f6pumpun tai Takaje-tyhji\u00f6k\u00e4sipumpun kanssa. 1 tiiviste per pakkaus Sopii\" \/>\n<meta property=\"og:url\" content=\"https:\/\/rodoaed.ee\/fi\/toode\/lasipullon-tyhjioventtiili-tyhjiopakkaajalle-takaje-red\/\" \/>\n<meta property=\"og:site_name\" content=\"Rodoaed\" \/>\n<meta property=\"article:publisher\" content=\"https:\/\/www.facebook.com\/kasvuhooned\/\" \/>\n<meta property=\"article:modified_time\" content=\"2026-04-13T08:04:31+00:00\" \/>\n<meta property=\"og:image\" content=\"https:\/\/rodoaed.ee\/wp-content\/uploads\/2019\/07\/Takaje-Bottlecap.jpg\" \/>\n\t<meta property=\"og:image:width\" content=\"2808\" \/>\n\t<meta property=\"og:image:height\" content=\"1872\" \/>\n\t<meta property=\"og:image:type\" content=\"image\/jpeg\" \/>\n<meta name=\"twitter:card\" content=\"summary_large_image\" \/>\n<meta name=\"twitter:label1\" content=\"Arvioitu lukuaika\" \/>\n\t<meta name=\"twitter:data1\" content=\"2 minuuttia\" \/>\n<script type=\"application\/ld+json\" class=\"yoast-schema-graph\">{\"@context\":\"https:\\\/\\\/schema.org\",\"@graph\":[{\"@type\":\"WebPage\",\"@id\":\"https:\\\/\\\/rodoaed.ee\\\/fi\\\/toode\\\/lasipullon-tyhjioventtiili-tyhjiopakkaajalle-takaje-red\\\/\",\"url\":\"https:\\\/\\\/rodoaed.ee\\\/fi\\\/toode\\\/lasipullon-tyhjioventtiili-tyhjiopakkaajalle-takaje-red\\\/\",\"name\":\"Lasipullon tyhji\u00f6venttiili tyhji\u00f6pakkaajalle Takaje red - Rodoaed\",\"isPartOf\":{\"@id\":\"https:\\\/\\\/rodoaed.ee\\\/#website\"},\"primaryImageOfPage\":{\"@id\":\"https:\\\/\\\/rodoaed.ee\\\/fi\\\/toode\\\/lasipullon-tyhjioventtiili-tyhjiopakkaajalle-takaje-red\\\/#primaryimage\"},\"image\":{\"@id\":\"https:\\\/\\\/rodoaed.ee\\\/fi\\\/toode\\\/lasipullon-tyhjioventtiili-tyhjiopakkaajalle-takaje-red\\\/#primaryimage\"},\"thumbnailUrl\":\"https:\\\/\\\/rodoaed.ee\\\/wp-content\\\/uploads\\\/2019\\\/07\\\/Takaje-Bottlecap.jpg\",\"datePublished\":\"2020-07-31T12:29:38+00:00\",\"dateModified\":\"2026-04-13T08:04:31+00:00\",\"breadcrumb\":{\"@id\":\"https:\\\/\\\/rodoaed.ee\\\/fi\\\/toode\\\/lasipullon-tyhjioventtiili-tyhjiopakkaajalle-takaje-red\\\/#breadcrumb\"},\"inLanguage\":\"fi\",\"potentialAction\":[{\"@type\":\"ReadAction\",\"target\":[\"https:\\\/\\\/rodoaed.ee\\\/fi\\\/toode\\\/lasipullon-tyhjioventtiili-tyhjiopakkaajalle-takaje-red\\\/\"]}]},{\"@type\":\"ImageObject\",\"inLanguage\":\"fi\",\"@id\":\"https:\\\/\\\/rodoaed.ee\\\/fi\\\/toode\\\/lasipullon-tyhjioventtiili-tyhjiopakkaajalle-takaje-red\\\/#primaryimage\",\"url\":\"https:\\\/\\\/rodoaed.ee\\\/wp-content\\\/uploads\\\/2019\\\/07\\\/Takaje-Bottlecap.jpg\",\"contentUrl\":\"https:\\\/\\\/rodoaed.ee\\\/wp-content\\\/uploads\\\/2019\\\/07\\\/Takaje-Bottlecap.jpg\",\"width\":2808,\"height\":1872},{\"@type\":\"BreadcrumbList\",\"@id\":\"https:\\\/\\\/rodoaed.ee\\\/fi\\\/toode\\\/lasipullon-tyhjioventtiili-tyhjiopakkaajalle-takaje-red\\\/#breadcrumb\",\"itemListElement\":[{\"@type\":\"ListItem\",\"position\":1,\"name\":\"Home\",\"item\":\"https:\\\/\\\/rodoaed.ee\\\/fi\\\/\"},{\"@type\":\"ListItem\",\"position\":2,\"name\":\"Osta osoitteessa\",\"item\":\"https:\\\/\\\/rodoaed.ee\\\/osta-osoitteessa\\\/\"},{\"@type\":\"ListItem\",\"position\":3,\"name\":\"Lasipullon tyhji\u00f6venttiili tyhji\u00f6pakkaajalle Takaje red\"}]},{\"@type\":\"WebSite\",\"@id\":\"https:\\\/\\\/rodoaed.ee\\\/#website\",\"url\":\"https:\\\/\\\/rodoaed.ee\\\/\",\"name\":\"Rodoaed\",\"description\":\"\",\"publisher\":{\"@id\":\"https:\\\/\\\/rodoaed.ee\\\/#organization\"},\"potentialAction\":[{\"@type\":\"SearchAction\",\"target\":{\"@type\":\"EntryPoint\",\"urlTemplate\":\"https:\\\/\\\/rodoaed.ee\\\/?s={search_term_string}\"},\"query-input\":{\"@type\":\"PropertyValueSpecification\",\"valueRequired\":true,\"valueName\":\"search_term_string\"}}],\"inLanguage\":\"fi\"},{\"@type\":\"Organization\",\"@id\":\"https:\\\/\\\/rodoaed.ee\\\/#organization\",\"name\":\"Rodoaed\",\"url\":\"https:\\\/\\\/rodoaed.ee\\\/\",\"logo\":{\"@type\":\"ImageObject\",\"inLanguage\":\"fi\",\"@id\":\"https:\\\/\\\/rodoaed.ee\\\/#\\\/schema\\\/logo\\\/image\\\/\",\"url\":\"https:\\\/\\\/rodoaed.ee\\\/wp-content\\\/uploads\\\/2019\\\/11\\\/rodoaed-logo-ilma-taustata.jpg\",\"contentUrl\":\"https:\\\/\\\/rodoaed.ee\\\/wp-content\\\/uploads\\\/2019\\\/11\\\/rodoaed-logo-ilma-taustata.jpg\",\"width\":769,\"height\":268,\"caption\":\"Rodoaed\"},\"image\":{\"@id\":\"https:\\\/\\\/rodoaed.ee\\\/#\\\/schema\\\/logo\\\/image\\\/\"},\"sameAs\":[\"https:\\\/\\\/www.facebook.com\\\/kasvuhooned\\\/\",\"https:\\\/\\\/rodoaed.ee\"]}]}<\/script>\n<!-- \/ Yoast SEO Premium plugin. -->","yoast_head_json":{"title":"Lasipullon tyhji\u00f6venttiili tyhji\u00f6pakkaajalle Takaje red - Rodoaed","robots":{"index":"index","follow":"follow","max-snippet":"max-snippet:-1","max-image-preview":"max-image-preview:large","max-video-preview":"max-video-preview:-1"},"canonical":"https:\/\/rodoaed.ee\/fi\/toode\/lasipullon-tyhjioventtiili-tyhjiopakkaajalle-takaje-red\/","og_locale":"fi_FI","og_type":"article","og_title":"Lasipullon tyhji\u00f6venttiili tyhji\u00f6pakkaajalle Takaje red","og_description":"Erityisesti lasipulloille suunnitellut tyhji\u00f6sulkimet. K\u00e4ytett\u00e4v\u00e4ksi Takaje-tyhji\u00f6pumpun tai Takaje-tyhji\u00f6k\u00e4sipumpun kanssa. 1 tiiviste per pakkaus Sopii","og_url":"https:\/\/rodoaed.ee\/fi\/toode\/lasipullon-tyhjioventtiili-tyhjiopakkaajalle-takaje-red\/","og_site_name":"Rodoaed","article_publisher":"https:\/\/www.facebook.com\/kasvuhooned\/","article_modified_time":"2026-04-13T08:04:31+00:00","og_image":[{"width":2808,"height":1872,"url":"https:\/\/rodoaed.ee\/wp-content\/uploads\/2019\/07\/Takaje-Bottlecap.jpg","type":"image\/jpeg"}],"twitter_card":"summary_large_image","twitter_misc":{"Arvioitu lukuaika":"2 minuuttia"},"schema":{"@context":"https:\/\/schema.org","@graph":[{"@type":"WebPage","@id":"https:\/\/rodoaed.ee\/fi\/toode\/lasipullon-tyhjioventtiili-tyhjiopakkaajalle-takaje-red\/","url":"https:\/\/rodoaed.ee\/fi\/toode\/lasipullon-tyhjioventtiili-tyhjiopakkaajalle-takaje-red\/","name":"Lasipullon tyhji\u00f6venttiili tyhji\u00f6pakkaajalle Takaje red - Rodoaed","isPartOf":{"@id":"https:\/\/rodoaed.ee\/#website"},"primaryImageOfPage":{"@id":"https:\/\/rodoaed.ee\/fi\/toode\/lasipullon-tyhjioventtiili-tyhjiopakkaajalle-takaje-red\/#primaryimage"},"image":{"@id":"https:\/\/rodoaed.ee\/fi\/toode\/lasipullon-tyhjioventtiili-tyhjiopakkaajalle-takaje-red\/#primaryimage"},"thumbnailUrl":"https:\/\/rodoaed.ee\/wp-content\/uploads\/2019\/07\/Takaje-Bottlecap.jpg","datePublished":"2020-07-31T12:29:38+00:00","dateModified":"2026-04-13T08:04:31+00:00","breadcrumb":{"@id":"https:\/\/rodoaed.ee\/fi\/toode\/lasipullon-tyhjioventtiili-tyhjiopakkaajalle-takaje-red\/#breadcrumb"},"inLanguage":"fi","potentialAction":[{"@type":"ReadAction","target":["https:\/\/rodoaed.ee\/fi\/toode\/lasipullon-tyhjioventtiili-tyhjiopakkaajalle-takaje-red\/"]}]},{"@type":"ImageObject","inLanguage":"fi","@id":"https:\/\/rodoaed.ee\/fi\/toode\/lasipullon-tyhjioventtiili-tyhjiopakkaajalle-takaje-red\/#primaryimage","url":"https:\/\/rodoaed.ee\/wp-content\/uploads\/2019\/07\/Takaje-Bottlecap.jpg","contentUrl":"https:\/\/rodoaed.ee\/wp-content\/uploads\/2019\/07\/Takaje-Bottlecap.jpg","width":2808,"height":1872},{"@type":"BreadcrumbList","@id":"https:\/\/rodoaed.ee\/fi\/toode\/lasipullon-tyhjioventtiili-tyhjiopakkaajalle-takaje-red\/#breadcrumb","itemListElement":[{"@type":"ListItem","position":1,"name":"Home","item":"https:\/\/rodoaed.ee\/fi\/"},{"@type":"ListItem","position":2,"name":"Osta osoitteessa","item":"https:\/\/rodoaed.ee\/osta-osoitteessa\/"},{"@type":"ListItem","position":3,"name":"Lasipullon tyhji\u00f6venttiili tyhji\u00f6pakkaajalle Takaje red"}]},{"@type":"WebSite","@id":"https:\/\/rodoaed.ee\/#website","url":"https:\/\/rodoaed.ee\/","name":"Rodoaed","description":"","publisher":{"@id":"https:\/\/rodoaed.ee\/#organization"},"potentialAction":[{"@type":"SearchAction","target":{"@type":"EntryPoint","urlTemplate":"https:\/\/rodoaed.ee\/?s={search_term_string}"},"query-input":{"@type":"PropertyValueSpecification","valueRequired":true,"valueName":"search_term_string"}}],"inLanguage":"fi"},{"@type":"Organization","@id":"https:\/\/rodoaed.ee\/#organization","name":"Rodoaed","url":"https:\/\/rodoaed.ee\/","logo":{"@type":"ImageObject","inLanguage":"fi","@id":"https:\/\/rodoaed.ee\/#\/schema\/logo\/image\/","url":"https:\/\/rodoaed.ee\/wp-content\/uploads\/2019\/11\/rodoaed-logo-ilma-taustata.jpg","contentUrl":"https:\/\/rodoaed.ee\/wp-content\/uploads\/2019\/11\/rodoaed-logo-ilma-taustata.jpg","width":769,"height":268,"caption":"Rodoaed"},"image":{"@id":"https:\/\/rodoaed.ee\/#\/schema\/logo\/image\/"},"sameAs":["https:\/\/www.facebook.com\/kasvuhooned\/","https:\/\/rodoaed.ee"]}]}},"_links":{"self":[{"href":"https:\/\/rodoaed.ee\/fi\/wp-json\/wp\/v2\/product\/53357","targetHints":{"allow":["GET"]}}],"collection":[{"href":"https:\/\/rodoaed.ee\/fi\/wp-json\/wp\/v2\/product"}],"about":[{"href":"https:\/\/rodoaed.ee\/fi\/wp-json\/wp\/v2\/types\/product"}],"wp:featuredmedia":[{"embeddable":true,"href":"https:\/\/rodoaed.ee\/fi\/wp-json\/wp\/v2\/media\/18056"}],"wp:attachment":[{"href":"https:\/\/rodoaed.ee\/fi\/wp-json\/wp\/v2\/media?parent=53357"}],"wp:term":[{"taxonomy":"product_brand","embeddable":true,"href":"https:\/\/rodoaed.ee\/fi\/wp-json\/wp\/v2\/product_brand?post=53357"},{"taxonomy":"product_cat","embeddable":true,"href":"https:\/\/rodoaed.ee\/fi\/wp-json\/wp\/v2\/product_cat?post=53357"},{"taxonomy":"product_tag","embeddable":true,"href":"https:\/\/rodoaed.ee\/fi\/wp-json\/wp\/v2\/product_tag?post=53357"}],"curies":[{"name":"wp","href":"https:\/\/api.w.org\/{rel}","templated":true}]}}