{"id":53359,"date":"2020-08-14T23:32:02","date_gmt":"2020-08-14T20:32:02","guid":{"rendered":"https:\/\/rodoaed.ee\/toode\/slow-grinder-easy-squeezy-4-totteroa-ennakkotilausalennus\/"},"modified":"2026-04-13T11:04:33","modified_gmt":"2026-04-13T08:04:33","slug":"slow-grinder-easy-squeezy-4-totteroa-ennakkotilausalennus","status":"publish","type":"product","link":"https:\/\/rodoaed.ee\/fi\/tuote\/slow-grinder-easy-squeezy-4-totteroa-ennakkotilausalennus\/","title":{"rendered":"Slow Grinder Easy Squeezy- 4 t\u00f6tter\u00f6\u00e4- ennakkotilausalennus!"},"content":{"rendered":"<h2>Suosituin mehustin. Nelj\u00e4ll\u00e4 eri kartiolla. <\/h2>\n<h3>TRE Spade -mehu- ja tomaattipuristimet on suunniteltu k\u00e4ytett\u00e4v\u00e4ksi kotikeitti\u00f6iss\u00e4, ravintoloissa ja kaupallisissa keitti\u00f6iss\u00e4.<\/h3>\n<p>Easy Squeezy -monitoimimehustimella voit valmistaa mehuja, mehuja ja soseet sek\u00e4 vihanneksista ett\u00e4 hedelmist\u00e4. Erityisell\u00e4 elintarvikeyst\u00e4v\u00e4llisell\u00e4 suojapinnoitteella p\u00e4\u00e4llystetyt puristuskartiot kest\u00e4v\u00e4t voimakkaimmatkin vihanneshapot. <\/p>\n<p>Sarja sis\u00e4lt\u00e4\u00e4 nelj\u00e4 eritiheyksist\u00e4 kartiota.<\/p>\n<p><strong>Kartio 1 (rei\u00e4t 0,5 mm) Sopii esim. seuraaviin tarkoituksiin:<\/strong><\/p>\n<p>Omena-, sitruuna-, appelsiini-, vadelma-, mansikka-, mustikka- ja porkkanamehu ja -sose. Mehun tulee olla kevytt\u00e4, mansikoiden mehun tulee olla paksua. Omena ja sitruuna voidaan mehustaa kuorineen ja siemenineen. My\u00f6s   <\/p>\n<p><strong>Kartio 2 (rei\u00e4t 0,8mm) Sopii esim. seuraaviin kohteisiin:<\/strong><\/p>\n<p>Kiivist\u00e4, ananaksesta, inkiv\u00e4\u00e4rist\u00e4 ja viiniryp\u00e4leist\u00e4 sek\u00e4 mustikoista, mustikoista, vadelmista ja mansikoista valmistetaan mehua ja soseet.<\/p>\n<p><strong>Kartio 3 (rei\u00e4t 1,5 mm) Sopii esim. seuraaviin kohteisiin:<\/strong><\/p>\n<p>Kurkut ja meloni mehuksi ja omenat, inkiv\u00e4\u00e4ri, sitruuna, pavut ja tomaatit soseeksi.<\/p>\n<p><strong>Kartio 4 (rei\u00e4t 2,0 mm) Sopii esim. seuraaviin kohteisiin:<\/strong><\/p>\n<p>Sopii erinomaisesti porkkanoiden, keitettyjen vihannesten, kuten perunoiden, kukkakaalin, kaalin ja parsakaalin soseuttamiseen.<\/p>\n<p>&nbsp;<\/p>\n<p>TRE Spade -mehunpuristimet irrottavat marjoista tuoremehua murskaamalla ja erottamalla kuoret ja siemenet siististi toisistaan. Koneet ovat tehokkaita, mutta toimivat keskim\u00e4\u00e4r\u00e4ist\u00e4 alhaisemmalla nopeudella, mik\u00e4 s\u00e4\u00e4st\u00e4\u00e4 ravintoaineita ja vitamiineja. Kaupallisesti saatavilla olevat massamehuautomaatit jauhavat ja piiskaavat yleens\u00e4 kaiken hedelm\u00e4lihan ja siemenet, mutta perinteinen kylm\u00e4puristus s\u00e4ilytt\u00e4\u00e4 mehun aromin, maun ja rakenteen.  <\/p>\n<p>Voit aina lis\u00e4t\u00e4 TRE Spade -murskaimen suuttimen olemassa olevaan mehustimen moottoriin, joten uutta moottorilohkoa ei tarvitse ostaa.<\/p>\n<p><strong>HUOM. Parhaan tuloksen saat kuutioimalla hedelm\u00e4t, poistamalla viiniryp\u00e4leist\u00e4 kovat varret jne. N\u00e4in hedelm\u00e4t on helpompi kaataa koneeseen, ty\u00f6 sujuu nopeammin ja lopputulos on mehukkaampi. Lue lis\u00e4\u00e4 oheisesta k\u00e4ytt\u00f6ohjeesta.  <\/strong><\/p>\n<h2>T\u00e4rkeimm\u00e4t ominaisuudet:<\/h2>\n<ul>\n<li>Runko valurautaa<\/li>\n<li><strong>Ruuvi<\/strong> on valmistettu uudesta, erityisen matalankest\u00e4v\u00e4st\u00e4 muoviseoksesta (liukas pinta helpottaa ty\u00f6skentely\u00e4 ja puhdistusta).<\/li>\n<li>Yl\u00e4alusta ja mehunker\u00e4yspohja ruostumatonta ter\u00e4st\u00e4<\/li>\n<li>Ruostumattomasta ter\u00e4ksest\u00e4 valmistettu moottorin kansi<\/li>\n<li>Asynkroninen yksivaiheinen induktiomoottori 220-240 V\/50Hz<\/li>\n<li>Nopea purkaminen k\u00e4tev\u00e4\u00e4 puhdistusta varten<\/li>\n<li>Lis\u00e4varusteena voidaan lis\u00e4t\u00e4 jauhinmoduuli.<\/li>\n<li><span style=\"line-height: 1;\">Helppo k\u00e4ytt\u00e4\u00e4<\/span><\/li>\n<\/ul>\n<ul>\n<li>Kompakti ja vakaa<\/li>\n<li>Liukumaton pohjalevy<\/li>\n<\/ul>\n<h2>Tekniset tiedot:<\/h2>\n<ul>\n<li>Moottorin teho: 300 W<\/li>\n<li>Ruuvin py\u00f6rimisnopeus: 160 rpm<\/li>\n<li>Paino: 9 kg<\/li>\n<li>Mitat: 33x 53x 23 cm<\/li>\n<\/ul>\n<h3><a href=\"https:\/\/rodoaed.ee\/wp-content\/uploads\/2020\/08\/Kasutusjuhend_TRE-Spade-mahlapress-Easysqueezy.pdf\">K\u00e4ytt\u00f6ohjeet_TRE Spade mehustin Easysqueezy<\/a><\/h3>\n<p>&nbsp;<\/p>\n<p>&nbsp;<\/p>\n<div data-fullscreen=\"disabled\" data-mode=\"normal\" data-oembed=\"1\" data-provider=\"youtube\" data-reset-after-played id=\"arve-youtube-_o5unlkz9wo\" class=\"arve\">\n<div class=\"arve-inner\">\n<div style=\"aspect-ratio:1140\/641\" class=\"arve-embed arve-embed--has-aspect-ratio\">\n<div class=\"arve-ar\" style=\"padding-top:56.228070%\"><\/div>\n<p>\t\t\t<iframe allow=\"accelerometer &apos;none&apos;;autoplay &apos;none&apos;;bluetooth &apos;none&apos;;browsing-topics &apos;none&apos;;camera &apos;none&apos;;clipboard-read &apos;none&apos;;clipboard-write;display-capture &apos;none&apos;;encrypted-media &apos;none&apos;;gamepad &apos;none&apos;;geolocation &apos;none&apos;;gyroscope &apos;none&apos;;hid &apos;none&apos;;identity-credentials-get &apos;none&apos;;idle-detection &apos;none&apos;;keyboard-map &apos;none&apos;;local-fonts;magnetometer &apos;none&apos;;microphone &apos;none&apos;;midi &apos;none&apos;;otp-credentials &apos;none&apos;;payment &apos;none&apos;;picture-in-picture;publickey-credentials-create &apos;none&apos;;publickey-credentials-get &apos;none&apos;;screen-wake-lock &apos;none&apos;;serial &apos;none&apos;;summarizer &apos;none&apos;;sync-xhr;usb &apos;none&apos;;web-share;window-management &apos;none&apos;;xr-spatial-tracking &apos;none&apos;;\" allowfullscreen=\"\" class=\"arve-iframe fitvidsignore\" credentialless data-arve=\"arve-youtube-_o5unlkz9wo\" data-lenis-prevent=\"\" data-src-no-ap=\"https:\/\/www.youtube-nocookie.com\/embed\/_o5unlkZ9wo?feature=oembed&amp;iv_load_policy=3&amp;modestbranding=1&amp;rel=0&amp;autohide=1&amp;playsinline=0&amp;autoplay=0&amp;enablejsapi=1\" frameborder=\"0\" height=\"0\" loading=\"lazy\" name=\"\" referrerpolicy=\"strict-origin-when-cross-origin\" sandbox=\"allow-scripts allow-same-origin allow-presentation allow-popups allow-popups-to-escape-sandbox\" scrolling=\"no\" src=\"https:\/\/www.youtube-nocookie.com\/embed\/_o5unlkZ9wo?feature=oembed&#038;iv_load_policy=3&#038;modestbranding=1&#038;rel=0&#038;autohide=1&#038;playsinline=0&#038;autoplay=0&#038;enablejsapi=1\" title=\"Toormahla tegemine TRE Spade mahlapressiga, 1 osa - How To Make Grape juice with a TRE Spade Juicer\" width=\"0\"><\/iframe><\/p><\/div>\n<\/p><\/div>\n<p>\t<script type=\"application\/ld+json\">{\"@context\":\"http:\\\/\\\/schema.org\\\/\",\"@id\":\"https:\\\/\\\/rodoaed.ee\\\/fi\\\/tuote\\\/slow-grinder-easy-squeezy-4-totteroa-ennakkotilausalennus\\\/#arve-youtube-_o5unlkz9wo\",\"type\":\"VideoObject\",\"embedURL\":\"https:\\\/\\\/www.youtube-nocookie.com\\\/embed\\\/_o5unlkZ9wo?feature=oembed&iv_load_policy=3&modestbranding=1&rel=0&autohide=1&playsinline=0&autoplay=0&enablejsapi=1\",\"name\":\"Toormahla tegemine TRE Spade mahlapressiga, 1 osa - How To Make Grape juice with a TRE Spade Juicer\",\"thumbnailUrl\":\"https:\\\/\\\/i.ytimg.com\\\/vi\\\/_o5unlkZ9wo\\\/hqdefault.jpg\",\"uploadDate\":\"2026-04-20T18:49:24+03:00\",\"author\":\"www.Rodoaed.ee\",\"description\":\"Suosituin mehustin. Nelj\\u00e4ll\\u00e4 eri kartiolla. TRE Spade -mehu- ja tomaattipuristimet on suunniteltu k\\u00e4ytett\\u00e4v\\u00e4ksi kotikeitti\\u00f6iss\\u00e4, ravintoloissa ja kaupallisissa keitti\\u00f6iss\\u00e4. Easy Squeezy -monitoimimehustimella voit valmistaa mehuja, mehuja ja soseet sek\\u00e4 vihanneksista ett\\u00e4 hedelmist\\u00e4. Erityisell\\u00e4 eli\"}<\/script><\/p>\n<\/div>\n","protected":false},"excerpt":{"rendered":"<p>Suosituin mehustin. Nelj\u00e4ll\u00e4 eri kartiolla. TRE Spade -mehu- ja tomaattipuristimet on suunniteltu k\u00e4ytett\u00e4v\u00e4ksi kotikeitti\u00f6iss\u00e4, ravintoloissa ja kaupallisissa keitti\u00f6iss\u00e4. Easy Squeezy -monitoimimehustimella voit valmistaa mehuja, mehuja ja soseet sek\u00e4 vihanneksista ett\u00e4 hedelmist\u00e4. Erityisell\u00e4 elintarvikeyst\u00e4v\u00e4llisell\u00e4 suojapinnoitteella p\u00e4\u00e4llystetyt puristuskartiot kest\u00e4v\u00e4t voimakkaimmatkin vihanneshapot. Sarja sis\u00e4lt\u00e4\u00e4 nelj\u00e4 eritiheyksist\u00e4 kartiota. Kartio 1 (rei\u00e4t 0,5 mm) Sopii esim. seuraaviin tarkoituksiin: Omena-, sitruuna-, appelsiini-, vadelma-, mansikka-, mustikka- ja porkkanamehu ja -sose. Mehun tulee&#8230;<\/p>\n","protected":false},"featured_media":33299,"template":"","meta":{"_acf_changed":false},"product_brand":[],"product_cat":[1898,1751],"product_tag":[],"class_list":{"0":"post-53359","1":"product","2":"type-product","3":"status-publish","4":"has-post-thumbnail","6":"product_cat-hiontapuristimet","7":"product_cat-keittiolaitteet","8":"pa_variatsioon-mahlapress-med-junior","10":"first","11":"instock","12":"sale","13":"taxable","14":"shipping-taxable","15":"purchasable","16":"product-type-simple"},"acf":[],"yoast_head":"<!-- This site is optimized with the Yoast SEO Premium plugin v27.3 (Yoast SEO v27.3) - https:\/\/yoast.com\/product\/yoast-seo-premium-wordpress\/ -->\n<title>Slow Grinder Easy Squeezy- 4 t\u00f6tter\u00f6\u00e4- ennakkotilausalennus! -% Rodoaed-juicerit<\/title>\n<meta name=\"description\" content=\"TRE Spade -mehunpuristimet irrottavat marjoista tuoremehua murskaamalla ja erottamalla kuoret ja siemenet siististi toisistaan. Mehustin on suuritehoinen.\" \/>\n<meta name=\"robots\" content=\"index, follow, max-snippet:-1, max-image-preview:large, max-video-preview:-1\" \/>\n<link rel=\"canonical\" href=\"https:\/\/rodoaed.ee\/fi\/toode\/slow-grinder-easy-squeezy-4-totteroa-ennakkotilausalennus\/\" \/>\n<meta property=\"og:locale\" content=\"fi_FI\" \/>\n<meta property=\"og:type\" content=\"article\" \/>\n<meta property=\"og:title\" content=\"Slow Grinder Easy Squeezy- 4 t\u00f6tter\u00f6\u00e4- ennakkotilausalennus!\" \/>\n<meta property=\"og:description\" content=\"Suosituin mehustin. Nelj\u00e4ll\u00e4 eri kartiolla. TRE Spade -mehu- ja tomaattipuristimet on suunniteltu k\u00e4ytett\u00e4v\u00e4ksi kotikeitti\u00f6iss\u00e4, ravintoloissa ja\" \/>\n<meta property=\"og:url\" content=\"https:\/\/rodoaed.ee\/fi\/toode\/slow-grinder-easy-squeezy-4-totteroa-ennakkotilausalennus\/\" \/>\n<meta property=\"og:site_name\" content=\"Rodoaed\" \/>\n<meta property=\"article:publisher\" content=\"https:\/\/www.facebook.com\/kasvuhooned\/\" \/>\n<meta property=\"article:modified_time\" content=\"2026-04-13T08:04:33+00:00\" \/>\n<meta property=\"og:image\" content=\"https:\/\/rodoaed.ee\/wp-content\/uploads\/2020\/08\/mahlapress_easysqeezy_01-scaled.jpg\" \/>\n\t<meta property=\"og:image:width\" content=\"2560\" \/>\n\t<meta property=\"og:image:height\" content=\"1792\" \/>\n\t<meta property=\"og:image:type\" content=\"image\/jpeg\" \/>\n<meta name=\"twitter:card\" content=\"summary_large_image\" \/>\n<meta name=\"twitter:label1\" content=\"Arvioitu lukuaika\" \/>\n\t<meta name=\"twitter:data1\" content=\"2 minuuttia\" \/>\n<script type=\"application\/ld+json\" class=\"yoast-schema-graph\">{\"@context\":\"https:\\\/\\\/schema.org\",\"@graph\":[{\"@type\":\"WebPage\",\"@id\":\"https:\\\/\\\/rodoaed.ee\\\/fi\\\/toode\\\/slow-grinder-easy-squeezy-4-totteroa-ennakkotilausalennus\\\/\",\"url\":\"https:\\\/\\\/rodoaed.ee\\\/fi\\\/toode\\\/slow-grinder-easy-squeezy-4-totteroa-ennakkotilausalennus\\\/\",\"name\":\"Slow Grinder Easy Squeezy- 4 t\u00f6tter\u00f6\u00e4- ennakkotilausalennus! -% Rodoaed-juicerit\",\"isPartOf\":{\"@id\":\"https:\\\/\\\/rodoaed.ee\\\/#website\"},\"primaryImageOfPage\":{\"@id\":\"https:\\\/\\\/rodoaed.ee\\\/fi\\\/toode\\\/slow-grinder-easy-squeezy-4-totteroa-ennakkotilausalennus\\\/#primaryimage\"},\"image\":{\"@id\":\"https:\\\/\\\/rodoaed.ee\\\/fi\\\/toode\\\/slow-grinder-easy-squeezy-4-totteroa-ennakkotilausalennus\\\/#primaryimage\"},\"thumbnailUrl\":\"https:\\\/\\\/rodoaed.ee\\\/wp-content\\\/uploads\\\/2020\\\/08\\\/mahlapress_easysqeezy_01-scaled.jpg\",\"datePublished\":\"2020-08-14T20:32:02+00:00\",\"dateModified\":\"2026-04-13T08:04:33+00:00\",\"description\":\"TRE Spade -mehunpuristimet irrottavat marjoista tuoremehua murskaamalla ja erottamalla kuoret ja siemenet siististi toisistaan. Mehustin on suuritehoinen.\",\"breadcrumb\":{\"@id\":\"https:\\\/\\\/rodoaed.ee\\\/fi\\\/toode\\\/slow-grinder-easy-squeezy-4-totteroa-ennakkotilausalennus\\\/#breadcrumb\"},\"inLanguage\":\"fi\",\"potentialAction\":[{\"@type\":\"ReadAction\",\"target\":[\"https:\\\/\\\/rodoaed.ee\\\/fi\\\/toode\\\/slow-grinder-easy-squeezy-4-totteroa-ennakkotilausalennus\\\/\"]}]},{\"@type\":\"ImageObject\",\"inLanguage\":\"fi\",\"@id\":\"https:\\\/\\\/rodoaed.ee\\\/fi\\\/toode\\\/slow-grinder-easy-squeezy-4-totteroa-ennakkotilausalennus\\\/#primaryimage\",\"url\":\"https:\\\/\\\/rodoaed.ee\\\/wp-content\\\/uploads\\\/2020\\\/08\\\/mahlapress_easysqeezy_01-scaled.jpg\",\"contentUrl\":\"https:\\\/\\\/rodoaed.ee\\\/wp-content\\\/uploads\\\/2020\\\/08\\\/mahlapress_easysqeezy_01-scaled.jpg\",\"width\":2560,\"height\":1792},{\"@type\":\"BreadcrumbList\",\"@id\":\"https:\\\/\\\/rodoaed.ee\\\/fi\\\/toode\\\/slow-grinder-easy-squeezy-4-totteroa-ennakkotilausalennus\\\/#breadcrumb\",\"itemListElement\":[{\"@type\":\"ListItem\",\"position\":1,\"name\":\"Home\",\"item\":\"https:\\\/\\\/rodoaed.ee\\\/fi\\\/\"},{\"@type\":\"ListItem\",\"position\":2,\"name\":\"Osta osoitteessa\",\"item\":\"https:\\\/\\\/rodoaed.ee\\\/osta-osoitteessa\\\/\"},{\"@type\":\"ListItem\",\"position\":3,\"name\":\"Slow Grinder Easy Squeezy- 4 t\u00f6tter\u00f6\u00e4- ennakkotilausalennus!\"}]},{\"@type\":\"WebSite\",\"@id\":\"https:\\\/\\\/rodoaed.ee\\\/#website\",\"url\":\"https:\\\/\\\/rodoaed.ee\\\/\",\"name\":\"Rodoaed\",\"description\":\"\",\"publisher\":{\"@id\":\"https:\\\/\\\/rodoaed.ee\\\/#organization\"},\"potentialAction\":[{\"@type\":\"SearchAction\",\"target\":{\"@type\":\"EntryPoint\",\"urlTemplate\":\"https:\\\/\\\/rodoaed.ee\\\/?s={search_term_string}\"},\"query-input\":{\"@type\":\"PropertyValueSpecification\",\"valueRequired\":true,\"valueName\":\"search_term_string\"}}],\"inLanguage\":\"fi\"},{\"@type\":\"Organization\",\"@id\":\"https:\\\/\\\/rodoaed.ee\\\/#organization\",\"name\":\"Rodoaed\",\"url\":\"https:\\\/\\\/rodoaed.ee\\\/\",\"logo\":{\"@type\":\"ImageObject\",\"inLanguage\":\"fi\",\"@id\":\"https:\\\/\\\/rodoaed.ee\\\/#\\\/schema\\\/logo\\\/image\\\/\",\"url\":\"https:\\\/\\\/rodoaed.ee\\\/wp-content\\\/uploads\\\/2019\\\/11\\\/rodoaed-logo-ilma-taustata.jpg\",\"contentUrl\":\"https:\\\/\\\/rodoaed.ee\\\/wp-content\\\/uploads\\\/2019\\\/11\\\/rodoaed-logo-ilma-taustata.jpg\",\"width\":769,\"height\":268,\"caption\":\"Rodoaed\"},\"image\":{\"@id\":\"https:\\\/\\\/rodoaed.ee\\\/#\\\/schema\\\/logo\\\/image\\\/\"},\"sameAs\":[\"https:\\\/\\\/www.facebook.com\\\/kasvuhooned\\\/\",\"https:\\\/\\\/rodoaed.ee\"]}]}<\/script>\n<!-- \/ Yoast SEO Premium plugin. -->","yoast_head_json":{"title":"Slow Grinder Easy Squeezy- 4 t\u00f6tter\u00f6\u00e4- ennakkotilausalennus! -% Rodoaed-juicerit","description":"TRE Spade -mehunpuristimet irrottavat marjoista tuoremehua murskaamalla ja erottamalla kuoret ja siemenet siististi toisistaan. Mehustin on suuritehoinen.","robots":{"index":"index","follow":"follow","max-snippet":"max-snippet:-1","max-image-preview":"max-image-preview:large","max-video-preview":"max-video-preview:-1"},"canonical":"https:\/\/rodoaed.ee\/fi\/toode\/slow-grinder-easy-squeezy-4-totteroa-ennakkotilausalennus\/","og_locale":"fi_FI","og_type":"article","og_title":"Slow Grinder Easy Squeezy- 4 t\u00f6tter\u00f6\u00e4- ennakkotilausalennus!","og_description":"Suosituin mehustin. Nelj\u00e4ll\u00e4 eri kartiolla. TRE Spade -mehu- ja tomaattipuristimet on suunniteltu k\u00e4ytett\u00e4v\u00e4ksi kotikeitti\u00f6iss\u00e4, ravintoloissa ja","og_url":"https:\/\/rodoaed.ee\/fi\/toode\/slow-grinder-easy-squeezy-4-totteroa-ennakkotilausalennus\/","og_site_name":"Rodoaed","article_publisher":"https:\/\/www.facebook.com\/kasvuhooned\/","article_modified_time":"2026-04-13T08:04:33+00:00","og_image":[{"width":2560,"height":1792,"url":"https:\/\/rodoaed.ee\/wp-content\/uploads\/2020\/08\/mahlapress_easysqeezy_01-scaled.jpg","type":"image\/jpeg"}],"twitter_card":"summary_large_image","twitter_misc":{"Arvioitu lukuaika":"2 minuuttia"},"schema":{"@context":"https:\/\/schema.org","@graph":[{"@type":"WebPage","@id":"https:\/\/rodoaed.ee\/fi\/toode\/slow-grinder-easy-squeezy-4-totteroa-ennakkotilausalennus\/","url":"https:\/\/rodoaed.ee\/fi\/toode\/slow-grinder-easy-squeezy-4-totteroa-ennakkotilausalennus\/","name":"Slow Grinder Easy Squeezy- 4 t\u00f6tter\u00f6\u00e4- ennakkotilausalennus! -% Rodoaed-juicerit","isPartOf":{"@id":"https:\/\/rodoaed.ee\/#website"},"primaryImageOfPage":{"@id":"https:\/\/rodoaed.ee\/fi\/toode\/slow-grinder-easy-squeezy-4-totteroa-ennakkotilausalennus\/#primaryimage"},"image":{"@id":"https:\/\/rodoaed.ee\/fi\/toode\/slow-grinder-easy-squeezy-4-totteroa-ennakkotilausalennus\/#primaryimage"},"thumbnailUrl":"https:\/\/rodoaed.ee\/wp-content\/uploads\/2020\/08\/mahlapress_easysqeezy_01-scaled.jpg","datePublished":"2020-08-14T20:32:02+00:00","dateModified":"2026-04-13T08:04:33+00:00","description":"TRE Spade -mehunpuristimet irrottavat marjoista tuoremehua murskaamalla ja erottamalla kuoret ja siemenet siististi toisistaan. Mehustin on suuritehoinen.","breadcrumb":{"@id":"https:\/\/rodoaed.ee\/fi\/toode\/slow-grinder-easy-squeezy-4-totteroa-ennakkotilausalennus\/#breadcrumb"},"inLanguage":"fi","potentialAction":[{"@type":"ReadAction","target":["https:\/\/rodoaed.ee\/fi\/toode\/slow-grinder-easy-squeezy-4-totteroa-ennakkotilausalennus\/"]}]},{"@type":"ImageObject","inLanguage":"fi","@id":"https:\/\/rodoaed.ee\/fi\/toode\/slow-grinder-easy-squeezy-4-totteroa-ennakkotilausalennus\/#primaryimage","url":"https:\/\/rodoaed.ee\/wp-content\/uploads\/2020\/08\/mahlapress_easysqeezy_01-scaled.jpg","contentUrl":"https:\/\/rodoaed.ee\/wp-content\/uploads\/2020\/08\/mahlapress_easysqeezy_01-scaled.jpg","width":2560,"height":1792},{"@type":"BreadcrumbList","@id":"https:\/\/rodoaed.ee\/fi\/toode\/slow-grinder-easy-squeezy-4-totteroa-ennakkotilausalennus\/#breadcrumb","itemListElement":[{"@type":"ListItem","position":1,"name":"Home","item":"https:\/\/rodoaed.ee\/fi\/"},{"@type":"ListItem","position":2,"name":"Osta osoitteessa","item":"https:\/\/rodoaed.ee\/osta-osoitteessa\/"},{"@type":"ListItem","position":3,"name":"Slow Grinder Easy Squeezy- 4 t\u00f6tter\u00f6\u00e4- ennakkotilausalennus!"}]},{"@type":"WebSite","@id":"https:\/\/rodoaed.ee\/#website","url":"https:\/\/rodoaed.ee\/","name":"Rodoaed","description":"","publisher":{"@id":"https:\/\/rodoaed.ee\/#organization"},"potentialAction":[{"@type":"SearchAction","target":{"@type":"EntryPoint","urlTemplate":"https:\/\/rodoaed.ee\/?s={search_term_string}"},"query-input":{"@type":"PropertyValueSpecification","valueRequired":true,"valueName":"search_term_string"}}],"inLanguage":"fi"},{"@type":"Organization","@id":"https:\/\/rodoaed.ee\/#organization","name":"Rodoaed","url":"https:\/\/rodoaed.ee\/","logo":{"@type":"ImageObject","inLanguage":"fi","@id":"https:\/\/rodoaed.ee\/#\/schema\/logo\/image\/","url":"https:\/\/rodoaed.ee\/wp-content\/uploads\/2019\/11\/rodoaed-logo-ilma-taustata.jpg","contentUrl":"https:\/\/rodoaed.ee\/wp-content\/uploads\/2019\/11\/rodoaed-logo-ilma-taustata.jpg","width":769,"height":268,"caption":"Rodoaed"},"image":{"@id":"https:\/\/rodoaed.ee\/#\/schema\/logo\/image\/"},"sameAs":["https:\/\/www.facebook.com\/kasvuhooned\/","https:\/\/rodoaed.ee"]}]}},"_links":{"self":[{"href":"https:\/\/rodoaed.ee\/fi\/wp-json\/wp\/v2\/product\/53359","targetHints":{"allow":["GET"]}}],"collection":[{"href":"https:\/\/rodoaed.ee\/fi\/wp-json\/wp\/v2\/product"}],"about":[{"href":"https:\/\/rodoaed.ee\/fi\/wp-json\/wp\/v2\/types\/product"}],"wp:featuredmedia":[{"embeddable":true,"href":"https:\/\/rodoaed.ee\/fi\/wp-json\/wp\/v2\/media\/33299"}],"wp:attachment":[{"href":"https:\/\/rodoaed.ee\/fi\/wp-json\/wp\/v2\/media?parent=53359"}],"wp:term":[{"taxonomy":"product_brand","embeddable":true,"href":"https:\/\/rodoaed.ee\/fi\/wp-json\/wp\/v2\/product_brand?post=53359"},{"taxonomy":"product_cat","embeddable":true,"href":"https:\/\/rodoaed.ee\/fi\/wp-json\/wp\/v2\/product_cat?post=53359"},{"taxonomy":"product_tag","embeddable":true,"href":"https:\/\/rodoaed.ee\/fi\/wp-json\/wp\/v2\/product_tag?post=53359"}],"curies":[{"name":"wp","href":"https:\/\/api.w.org\/{rel}","templated":true}]}}