{"id":53365,"date":"2020-09-21T13:42:40","date_gmt":"2020-09-21T10:42:40","guid":{"rendered":"https:\/\/rodoaed.ee\/toode\/kokanuga-medium-k4-luumupuukahva-130mm\/"},"modified":"2026-04-13T11:04:36","modified_gmt":"2026-04-13T08:04:36","slug":"kokanuga-medium-k4-luumupuukahva-130mm","status":"publish","type":"product","link":"https:\/\/rodoaed.ee\/fi\/tuote\/kokanuga-medium-k4-luumupuukahva-130mm\/","title":{"rendered":"Kokanuga Medium K4- luumupuukahva 130mm"},"content":{"rendered":"<h2>Keittoveitsi Medium K4- keskikokoinen fileointi- ja keittoveitsi. Luumukahva <\/h2>\n<h3>Lihan ja kalan fileointiin ja kaikkiin keitti\u00f6t\u00f6ihin.<\/h3>\n<p>Pienempien Coca-Colojen rinnalla K4 on melko suuri Coca-Cola. Keskik\u00e4rkinen ter\u00e4 on eritt\u00e4in k\u00e4tev\u00e4 muun muassa kalan fileointiin. <\/p>\n<p>Kokanuga K4:n kompakti muoto ja ohut ter\u00e4 tekev\u00e4t siit\u00e4 eritt\u00e4in k\u00e4tev\u00e4n lihan ja kalan fileointiin. Se sopii my\u00f6s erinomaisesti vihannesten ja kovien hedelmien leikkaamiseen. Ter\u00e4 on kauttaaltaan kiillotettu ja teroitettu. K\u00e4tev\u00e4 k\u00e4ytt\u00e4\u00e4 leikkuulaudalla ja voit k\u00e4sitell\u00e4 helposti eritt\u00e4in kovia hedelmi\u00e4, kuten kvitteni\u00e4. Suosittelemme t\u00e4lle veitselle h\u00f6yrytetty\u00e4 kirsikkapuun leikkuulautaa. Klassinen ruoanlaittoveitsi.     <\/p>\n<h2>Parhaat sovellukset:<\/h2>\n<div>\n<ul>\n<li>K\u00e4ytt\u00f6 leikkuulaudalla<\/li>\n<li>Luiden viilaaminen ja leikkaaminen<\/li>\n<li>Liha ja kala<\/li>\n<li>Hedelm\u00e4t ja vihannekset<\/li>\n<\/ul>\n<\/div>\n<h2>T\u00e4rkeimm\u00e4t ominaisuudet:<\/h2>\n<ul>\n<li>Runko: ruostumaton ter\u00e4s-kromi-vanadiini-molybdeeniseoskuituja <strong>+ 0,7 % hiilt\u00e4.<\/strong><\/li>\n<li>Kovuus 60 HRC (normaalit veitset ovat noin HRC 55-57).<\/li>\n<li>Laadut: <strong>sinilasitettu<\/strong> (Robert Herder valmistaa kahta laatua &#8211; hienolasitettu yksinkertaisempiin veitsiin ja sinilasitettu kalliimpiin veitsiin).<\/li>\n<li>Symmetrinen &#8211; sopii sek\u00e4 vasen- ett\u00e4 oikeak\u00e4tisille.<\/li>\n<li>Kahva: luumupuu<\/li>\n<\/ul>\n<h2>Tekniset tiedot:<\/h2>\n<ul>\n<li>Ter\u00e4n pituus 130 mm<\/li>\n<li>Ter\u00e4n korkeus 45 mm<\/li>\n<li>Paksuus 2,1 mm<\/li>\n<li>Teroituskulma 15 \u00b0<\/li>\n<li>Noahin kokonaispituus kahvan kanssa 255 mm<\/li>\n<li>Paino: 111 grammaa<\/li>\n<\/ul>\n<p><a href=\"https:\/\/rodoaed.ee\/fi\/\">kotisivu<\/a> <a href=\"https:\/\/rodoaed.ee\/fi\/tootekategooria\/keittiolaitteet\/\">k\u00e4ynnist\u00e4<\/a> <a href=\"https:\/\/rodoaed.ee\/fi\/tootekategooria\/keittiolaitteet\/keittion-pesuallas\/\">Keitti\u00f6n portaat<\/a> <a href=\"https:\/\/rodoaed.ee\/fi\/toode\/poyta-jossa-on-vanhan-saksalaisen-luumupuun-kahva\/\">p\u00f6yd\u00e4ll\u00e4<\/a> <a href=\"https:\/\/rodoaed.ee\/fi\/toode\/kokanuga-k5-luumupuukahva-182mm\/\">ruoanlaitto veitsi<\/a> <a href=\"https:\/\/rodoaed.ee\/fi\/toode\/leivanuga-k-b2-luumupuukahva-230mm\/\">leip\u00e4 veitsi<\/a><\/p>\n<p>&nbsp;<\/p>\n","protected":false},"excerpt":{"rendered":"<p>Keittoveitsi Medium K4- keskikokoinen fileointi- ja keittoveitsi. Luumukahva Lihan ja kalan fileointiin ja kaikkiin keitti\u00f6t\u00f6ihin. Pienempien Coca-Colojen rinnalla K4 on melko suuri Coca-Cola. Keskik\u00e4rkinen ter\u00e4 on eritt\u00e4in k\u00e4tev\u00e4 muun muassa kalan fileointiin. Kokanuga K4:n kompakti muoto ja ohut ter\u00e4 tekev\u00e4t siit\u00e4 eritt\u00e4in k\u00e4tev\u00e4n lihan ja kalan fileointiin. Se sopii my\u00f6s erinomaisesti vihannesten ja kovien hedelmien leikkaamiseen. Ter\u00e4 on kauttaaltaan kiillotettu ja teroitettu. K\u00e4tev\u00e4 k\u00e4ytt\u00e4\u00e4 leikkuulaudalla&#8230;<\/p>\n","protected":false},"featured_media":33446,"template":"","meta":{"_acf_changed":false},"product_brand":[],"product_cat":[1832,1751,1830,1892],"product_tag":[],"class_list":{"0":"post-53365","1":"product","2":"type-product","3":"status-publish","4":"has-post-thumbnail","6":"product_cat-juuripavut-ja-kuoripavut","7":"product_cat-keittiolaitteet","8":"product_cat-keittion-pesuallas","9":"product_cat-kookos","10":"product_shipping_class-toimitus-1-3-tyopaivan-kuluessa","11":"pa_variatsioon-keittioveitsi-k0-hiiliteras-kiillotettu-varsi-luumupuuta","13":"first","14":"instock","15":"sale","16":"taxable","17":"shipping-taxable","18":"purchasable","19":"product-type-simple"},"acf":[],"yoast_head":"<!-- This site is optimized with the Yoast SEO Premium plugin v27.3 (Yoast SEO v27.3) - https:\/\/yoast.com\/product\/yoast-seo-premium-wordpress\/ -->\n<title>Kokanuga Medium K4- luumupuukahva 130mm% % -% Rodoaed% keitti\u00f6n lavuaarit<\/title>\n<meta name=\"description\" content=\"Kokanuga K4 on monik\u00e4ytt\u00f6inen veitsi ruoanlaittoon. Kokanuga K4 on japanilaisen Gyouto-veitsen muotoinen suuri veitsi, jossa on K-sarjan veitsen kahva.\" \/>\n<meta name=\"robots\" content=\"index, follow, max-snippet:-1, max-image-preview:large, max-video-preview:-1\" \/>\n<link rel=\"canonical\" href=\"https:\/\/rodoaed.ee\/fi\/toode\/kokanuga-medium-k4-luumupuukahva-130mm\/\" \/>\n<meta property=\"og:locale\" content=\"fi_FI\" \/>\n<meta property=\"og:type\" content=\"article\" \/>\n<meta property=\"og:title\" content=\"Kokanuga Medium K4- luumupuukahva 130mm\" \/>\n<meta property=\"og:description\" content=\"Keittoveitsi Medium K4- keskikokoinen fileointi- ja keittoveitsi. Luumukahva Lihan ja kalan fileointiin ja kaikkiin keitti\u00f6t\u00f6ihin. Pienempien Coca-Colojen\" \/>\n<meta property=\"og:url\" content=\"https:\/\/rodoaed.ee\/fi\/toode\/kokanuga-medium-k4-luumupuukahva-130mm\/\" \/>\n<meta property=\"og:site_name\" content=\"Rodoaed\" \/>\n<meta property=\"article:publisher\" content=\"https:\/\/www.facebook.com\/kasvuhooned\/\" \/>\n<meta property=\"article:modified_time\" content=\"2026-04-13T08:04:36+00:00\" \/>\n<meta property=\"og:image\" content=\"https:\/\/rodoaed.ee\/wp-content\/uploads\/2020\/09\/kokanuga-K4_ploomipuu_9735195404_001-scaled.jpg\" \/>\n\t<meta property=\"og:image:width\" content=\"2560\" \/>\n\t<meta property=\"og:image:height\" content=\"566\" \/>\n\t<meta property=\"og:image:type\" content=\"image\/jpeg\" \/>\n<meta name=\"twitter:card\" content=\"summary_large_image\" \/>\n<meta name=\"twitter:label1\" content=\"Arvioitu lukuaika\" \/>\n\t<meta name=\"twitter:data1\" content=\"1 minuutti\" \/>\n<script type=\"application\/ld+json\" class=\"yoast-schema-graph\">{\"@context\":\"https:\\\/\\\/schema.org\",\"@graph\":[{\"@type\":\"WebPage\",\"@id\":\"https:\\\/\\\/rodoaed.ee\\\/fi\\\/toode\\\/kokanuga-medium-k4-luumupuukahva-130mm\\\/\",\"url\":\"https:\\\/\\\/rodoaed.ee\\\/fi\\\/toode\\\/kokanuga-medium-k4-luumupuukahva-130mm\\\/\",\"name\":\"Kokanuga Medium K4- luumupuukahva 130mm% % -% Rodoaed% keitti\u00f6n lavuaarit\",\"isPartOf\":{\"@id\":\"https:\\\/\\\/rodoaed.ee\\\/#website\"},\"primaryImageOfPage\":{\"@id\":\"https:\\\/\\\/rodoaed.ee\\\/fi\\\/toode\\\/kokanuga-medium-k4-luumupuukahva-130mm\\\/#primaryimage\"},\"image\":{\"@id\":\"https:\\\/\\\/rodoaed.ee\\\/fi\\\/toode\\\/kokanuga-medium-k4-luumupuukahva-130mm\\\/#primaryimage\"},\"thumbnailUrl\":\"https:\\\/\\\/rodoaed.ee\\\/wp-content\\\/uploads\\\/2020\\\/09\\\/kokanuga-K4_ploomipuu_9735195404_001-scaled.jpg\",\"datePublished\":\"2020-09-21T10:42:40+00:00\",\"dateModified\":\"2026-04-13T08:04:36+00:00\",\"description\":\"Kokanuga K4 on monik\u00e4ytt\u00f6inen veitsi ruoanlaittoon. Kokanuga K4 on japanilaisen Gyouto-veitsen muotoinen suuri veitsi, jossa on K-sarjan veitsen kahva.\",\"breadcrumb\":{\"@id\":\"https:\\\/\\\/rodoaed.ee\\\/fi\\\/toode\\\/kokanuga-medium-k4-luumupuukahva-130mm\\\/#breadcrumb\"},\"inLanguage\":\"fi\",\"potentialAction\":[{\"@type\":\"ReadAction\",\"target\":[\"https:\\\/\\\/rodoaed.ee\\\/fi\\\/toode\\\/kokanuga-medium-k4-luumupuukahva-130mm\\\/\"]}]},{\"@type\":\"ImageObject\",\"inLanguage\":\"fi\",\"@id\":\"https:\\\/\\\/rodoaed.ee\\\/fi\\\/toode\\\/kokanuga-medium-k4-luumupuukahva-130mm\\\/#primaryimage\",\"url\":\"https:\\\/\\\/rodoaed.ee\\\/wp-content\\\/uploads\\\/2020\\\/09\\\/kokanuga-K4_ploomipuu_9735195404_001-scaled.jpg\",\"contentUrl\":\"https:\\\/\\\/rodoaed.ee\\\/wp-content\\\/uploads\\\/2020\\\/09\\\/kokanuga-K4_ploomipuu_9735195404_001-scaled.jpg\",\"width\":2560,\"height\":566},{\"@type\":\"BreadcrumbList\",\"@id\":\"https:\\\/\\\/rodoaed.ee\\\/fi\\\/toode\\\/kokanuga-medium-k4-luumupuukahva-130mm\\\/#breadcrumb\",\"itemListElement\":[{\"@type\":\"ListItem\",\"position\":1,\"name\":\"Home\",\"item\":\"https:\\\/\\\/rodoaed.ee\\\/fi\\\/\"},{\"@type\":\"ListItem\",\"position\":2,\"name\":\"Osta osoitteessa\",\"item\":\"https:\\\/\\\/rodoaed.ee\\\/osta-osoitteessa\\\/\"},{\"@type\":\"ListItem\",\"position\":3,\"name\":\"Kokanuga Medium K4- luumupuukahva 130mm\"}]},{\"@type\":\"WebSite\",\"@id\":\"https:\\\/\\\/rodoaed.ee\\\/#website\",\"url\":\"https:\\\/\\\/rodoaed.ee\\\/\",\"name\":\"Rodoaed\",\"description\":\"\",\"publisher\":{\"@id\":\"https:\\\/\\\/rodoaed.ee\\\/#organization\"},\"potentialAction\":[{\"@type\":\"SearchAction\",\"target\":{\"@type\":\"EntryPoint\",\"urlTemplate\":\"https:\\\/\\\/rodoaed.ee\\\/?s={search_term_string}\"},\"query-input\":{\"@type\":\"PropertyValueSpecification\",\"valueRequired\":true,\"valueName\":\"search_term_string\"}}],\"inLanguage\":\"fi\"},{\"@type\":\"Organization\",\"@id\":\"https:\\\/\\\/rodoaed.ee\\\/#organization\",\"name\":\"Rodoaed\",\"url\":\"https:\\\/\\\/rodoaed.ee\\\/\",\"logo\":{\"@type\":\"ImageObject\",\"inLanguage\":\"fi\",\"@id\":\"https:\\\/\\\/rodoaed.ee\\\/#\\\/schema\\\/logo\\\/image\\\/\",\"url\":\"https:\\\/\\\/rodoaed.ee\\\/wp-content\\\/uploads\\\/2019\\\/11\\\/rodoaed-logo-ilma-taustata.jpg\",\"contentUrl\":\"https:\\\/\\\/rodoaed.ee\\\/wp-content\\\/uploads\\\/2019\\\/11\\\/rodoaed-logo-ilma-taustata.jpg\",\"width\":769,\"height\":268,\"caption\":\"Rodoaed\"},\"image\":{\"@id\":\"https:\\\/\\\/rodoaed.ee\\\/#\\\/schema\\\/logo\\\/image\\\/\"},\"sameAs\":[\"https:\\\/\\\/www.facebook.com\\\/kasvuhooned\\\/\",\"https:\\\/\\\/rodoaed.ee\"]}]}<\/script>\n<!-- \/ Yoast SEO Premium plugin. -->","yoast_head_json":{"title":"Kokanuga Medium K4- luumupuukahva 130mm% % -% Rodoaed% keitti\u00f6n lavuaarit","description":"Kokanuga K4 on monik\u00e4ytt\u00f6inen veitsi ruoanlaittoon. Kokanuga K4 on japanilaisen Gyouto-veitsen muotoinen suuri veitsi, jossa on K-sarjan veitsen kahva.","robots":{"index":"index","follow":"follow","max-snippet":"max-snippet:-1","max-image-preview":"max-image-preview:large","max-video-preview":"max-video-preview:-1"},"canonical":"https:\/\/rodoaed.ee\/fi\/toode\/kokanuga-medium-k4-luumupuukahva-130mm\/","og_locale":"fi_FI","og_type":"article","og_title":"Kokanuga Medium K4- luumupuukahva 130mm","og_description":"Keittoveitsi Medium K4- keskikokoinen fileointi- ja keittoveitsi. Luumukahva Lihan ja kalan fileointiin ja kaikkiin keitti\u00f6t\u00f6ihin. Pienempien Coca-Colojen","og_url":"https:\/\/rodoaed.ee\/fi\/toode\/kokanuga-medium-k4-luumupuukahva-130mm\/","og_site_name":"Rodoaed","article_publisher":"https:\/\/www.facebook.com\/kasvuhooned\/","article_modified_time":"2026-04-13T08:04:36+00:00","og_image":[{"width":2560,"height":566,"url":"https:\/\/rodoaed.ee\/wp-content\/uploads\/2020\/09\/kokanuga-K4_ploomipuu_9735195404_001-scaled.jpg","type":"image\/jpeg"}],"twitter_card":"summary_large_image","twitter_misc":{"Arvioitu lukuaika":"1 minuutti"},"schema":{"@context":"https:\/\/schema.org","@graph":[{"@type":"WebPage","@id":"https:\/\/rodoaed.ee\/fi\/toode\/kokanuga-medium-k4-luumupuukahva-130mm\/","url":"https:\/\/rodoaed.ee\/fi\/toode\/kokanuga-medium-k4-luumupuukahva-130mm\/","name":"Kokanuga Medium K4- luumupuukahva 130mm% % -% Rodoaed% keitti\u00f6n lavuaarit","isPartOf":{"@id":"https:\/\/rodoaed.ee\/#website"},"primaryImageOfPage":{"@id":"https:\/\/rodoaed.ee\/fi\/toode\/kokanuga-medium-k4-luumupuukahva-130mm\/#primaryimage"},"image":{"@id":"https:\/\/rodoaed.ee\/fi\/toode\/kokanuga-medium-k4-luumupuukahva-130mm\/#primaryimage"},"thumbnailUrl":"https:\/\/rodoaed.ee\/wp-content\/uploads\/2020\/09\/kokanuga-K4_ploomipuu_9735195404_001-scaled.jpg","datePublished":"2020-09-21T10:42:40+00:00","dateModified":"2026-04-13T08:04:36+00:00","description":"Kokanuga K4 on monik\u00e4ytt\u00f6inen veitsi ruoanlaittoon. Kokanuga K4 on japanilaisen Gyouto-veitsen muotoinen suuri veitsi, jossa on K-sarjan veitsen kahva.","breadcrumb":{"@id":"https:\/\/rodoaed.ee\/fi\/toode\/kokanuga-medium-k4-luumupuukahva-130mm\/#breadcrumb"},"inLanguage":"fi","potentialAction":[{"@type":"ReadAction","target":["https:\/\/rodoaed.ee\/fi\/toode\/kokanuga-medium-k4-luumupuukahva-130mm\/"]}]},{"@type":"ImageObject","inLanguage":"fi","@id":"https:\/\/rodoaed.ee\/fi\/toode\/kokanuga-medium-k4-luumupuukahva-130mm\/#primaryimage","url":"https:\/\/rodoaed.ee\/wp-content\/uploads\/2020\/09\/kokanuga-K4_ploomipuu_9735195404_001-scaled.jpg","contentUrl":"https:\/\/rodoaed.ee\/wp-content\/uploads\/2020\/09\/kokanuga-K4_ploomipuu_9735195404_001-scaled.jpg","width":2560,"height":566},{"@type":"BreadcrumbList","@id":"https:\/\/rodoaed.ee\/fi\/toode\/kokanuga-medium-k4-luumupuukahva-130mm\/#breadcrumb","itemListElement":[{"@type":"ListItem","position":1,"name":"Home","item":"https:\/\/rodoaed.ee\/fi\/"},{"@type":"ListItem","position":2,"name":"Osta osoitteessa","item":"https:\/\/rodoaed.ee\/osta-osoitteessa\/"},{"@type":"ListItem","position":3,"name":"Kokanuga Medium K4- luumupuukahva 130mm"}]},{"@type":"WebSite","@id":"https:\/\/rodoaed.ee\/#website","url":"https:\/\/rodoaed.ee\/","name":"Rodoaed","description":"","publisher":{"@id":"https:\/\/rodoaed.ee\/#organization"},"potentialAction":[{"@type":"SearchAction","target":{"@type":"EntryPoint","urlTemplate":"https:\/\/rodoaed.ee\/?s={search_term_string}"},"query-input":{"@type":"PropertyValueSpecification","valueRequired":true,"valueName":"search_term_string"}}],"inLanguage":"fi"},{"@type":"Organization","@id":"https:\/\/rodoaed.ee\/#organization","name":"Rodoaed","url":"https:\/\/rodoaed.ee\/","logo":{"@type":"ImageObject","inLanguage":"fi","@id":"https:\/\/rodoaed.ee\/#\/schema\/logo\/image\/","url":"https:\/\/rodoaed.ee\/wp-content\/uploads\/2019\/11\/rodoaed-logo-ilma-taustata.jpg","contentUrl":"https:\/\/rodoaed.ee\/wp-content\/uploads\/2019\/11\/rodoaed-logo-ilma-taustata.jpg","width":769,"height":268,"caption":"Rodoaed"},"image":{"@id":"https:\/\/rodoaed.ee\/#\/schema\/logo\/image\/"},"sameAs":["https:\/\/www.facebook.com\/kasvuhooned\/","https:\/\/rodoaed.ee"]}]}},"_links":{"self":[{"href":"https:\/\/rodoaed.ee\/fi\/wp-json\/wp\/v2\/product\/53365","targetHints":{"allow":["GET"]}}],"collection":[{"href":"https:\/\/rodoaed.ee\/fi\/wp-json\/wp\/v2\/product"}],"about":[{"href":"https:\/\/rodoaed.ee\/fi\/wp-json\/wp\/v2\/types\/product"}],"wp:featuredmedia":[{"embeddable":true,"href":"https:\/\/rodoaed.ee\/fi\/wp-json\/wp\/v2\/media\/33446"}],"wp:attachment":[{"href":"https:\/\/rodoaed.ee\/fi\/wp-json\/wp\/v2\/media?parent=53365"}],"wp:term":[{"taxonomy":"product_brand","embeddable":true,"href":"https:\/\/rodoaed.ee\/fi\/wp-json\/wp\/v2\/product_brand?post=53365"},{"taxonomy":"product_cat","embeddable":true,"href":"https:\/\/rodoaed.ee\/fi\/wp-json\/wp\/v2\/product_cat?post=53365"},{"taxonomy":"product_tag","embeddable":true,"href":"https:\/\/rodoaed.ee\/fi\/wp-json\/wp\/v2\/product_tag?post=53365"}],"curies":[{"name":"wp","href":"https:\/\/api.w.org\/{rel}","templated":true}]}}